{"id":9014,"date":"2019-06-03T22:47:02","date_gmt":"2019-06-03T22:47:02","guid":{"rendered":"https:\/\/webknjizara.hr\/?product=samoobrana-%e2%80%93-razumijevanje-sukoba-i-uzroka-nasilja-kristian-druzeta"},"modified":"2023-02-27T00:17:49","modified_gmt":"2023-02-26T23:17:49","slug":"samoobrana-razumijevanje-sukoba-i-uzroka-nasilja-kristian-druzeta","status":"publish","type":"product","link":"https:\/\/webknjizara.hr\/en\/proizvod\/samoobrana-razumijevanje-sukoba-i-uzroka-nasilja-kristian-druzeta\/","title":{"rendered":"SAMOOBRANA \u2013 Razumijevanje sukoba i uzroka nasilja, Kristian Dru\u017eeta"},"content":{"rendered":"<p style=\"text-align: justify;\"><strong>Sa\u017eetak:<\/strong> <\/p>\n<p>Knjiga \u201eSamoobrana \u2013 razumijevanje sukoba i uzroka nasilja\u201c, predstavlja jedinstven uvid u uzroke sukoba i nasilja kao i njihovo razumijevanje. Objedinjuje na jednom mjestu mnoge intuitivne spoznaje, ra\u0161\u010dlanjuje ih i obja\u0161njava uzro\u010dno-posljedi\u010dnu vezu izme\u0111u akcije i reakcije, doga\u0111aja i emocija, stvarnosti i stresa kojeg izazivaju sukobi i nasilje.<\/p>\n<p>Knjiga je namijenjena svima koje \u017eele znati vi\u0161e o namjeni samoobrane, njenoj svrsi, zadacima, principima i potrebnim sposobnostima, vje\u0161tinama i znanjima potrebnim za izvo\u0111enje samoobrane. Ujedno materijal predstavlja upoznavanje zainteresiranih \u010ditatelja velikim fondom informacija o fazama sukoba, okru\u017eenju te zakonskim i pravnim pojmovima bitnim za samoobranu.<\/p>\n<p>Knjiga \u201eSamoobrana \u2013 razumijevanje sukoba i nasilja\u201c, sastoji se od: 5 dijela organiziranih u 11 poglavlja koja sadr\u017ee 171 stranicu, a sastoji se od Uvoda, tekstualne gra\u0111e od 11 poglavlja koji sadr\u017eavaju: <\/p>\n<p><strong>I DIO:<\/strong><br \/>I poglavlje: Povijest samoobrane; <br \/>II poglavlje: Temeljni zadaci i svrha samoobrane; <br \/>III poglavlje: Principi, na\u010dela i preduvjeti za uspje\u0161nu samoobranu; <br \/><strong>II DIO:<\/strong><br \/>IV poglavlje: Razumijevanje nasilja i konflikta; <br \/>V poglavlje: Faze sukoba; <br \/>VI poglavlje: Svijest o okru\u017eenju;<br \/>VII poglavlje: Sukob u na\u0161em tijelu <br \/><strong>III DIO<\/strong><br \/>VIII poglavlje: Potrebne sposobnosti, vje\u0161tine i znanja za samoobranu;<br \/>IX poglavlje: Slaba mjesta tijela \u2013 vitalne i osjetljive to\u010dke tijela, <br \/><strong>IV DIO:<\/strong><br \/>X poglavlje: Osnovni zakonski i pravni pojmovi bitni za samoobranu <br \/><strong>V DIO:<\/strong><br \/>XI poglavlje: Zaklju\u010dak<\/p>\n<p style=\"text-align: justify;\"><strong>ZNANSTVENO I STRU\u010cNO MI\u0160LJENJE O KNJIZI<\/strong><\/p>\n<p style=\"text-align: justify;\"><strong>Prof. dr. sc. Hrvoje Serti\u0107<\/strong><br \/>Kineziolo\u0161ki fakultet Sveu\u010dili\u0161ta u Zagrebu<\/p>\n<p style=\"text-align: justify;\">Knjiga \u201eSAMOOBRANA \u2013 Razumijevanje sukoba i uzroka nasilja\u201c, namijenjena je svima koji \u017eele znati vi\u0161e o namjeni samoobrane, njenoj svrsi, zadacima, principima i potrebnim sposobnostima, vje\u0161tinama i znanjima za izvo\u0111enje samoobrane. Ujedno materijal predstavlja upoznavanje zainteresiranih \u010ditatelja velikim fondom informacija o fazama sukoba, okru\u017eenju te zakonskim i pravnim pojmovima bitnim za samoobranu.<\/p>\n<p>Autor je visokom stru\u010dno\u0161\u0107u i znanjem, precizno iznio problematiku sukoba, suprotstavljanja ali i izbjegavanja konflikta i konfliktnih situacija. Detaljno je obrazlo\u017eio faze sukoba, po\u0161tuju\u0107i pri tome hijerarhijski princip interakcijskih veza izme\u0111u napada\u010da i onoga koji se brani. Svi dijelovi ovog materijala logi\u010dki se nadovezuju jedan na drugi. Koncepcijski, ovaj materijal predstavlja aktualno djelo u kojem \u0107e \u010ditatelji i korisnici ove knjige mo\u0107i primiti nove informacije odnosno osvje\u017eiti svoja prethodno ste\u010dena znanja, ali i nau\u010diti neke nove informacije koje do sada u literaturi u Hrvatskoj u ovom podru\u010dju nisu bile iznesene ili barem ne na takav kvaliteta na\u010din kao kod autora Kristiana Dru\u017eete. <\/p>\n<p>Knjiga \u201eSAMOOBRANA \u2013 Razumijevanje sukoba i uzroka nasilja\u201c, kvalitetan je izvor informacija za sve \u010ditaoce koji u\u010de bit samoobrane te \u017eele razumjeti nastanak sukoba i nasilja te kako ih izbje\u0107i, anulirati ili se na kraju i obraniti.<\/p>\n<p style=\"text-align: justify;\"><strong>Doc.dr.sc. Robert Mikac<\/strong><br \/>Fakultet politi\u010dkih znanosti Sveu\u010dili\u0161ta u Zagrebu<\/p>\n<p style=\"text-align: justify;\">Knjiga \u201eSamoobrana \u2013 razumijevanje sukoba i uzroka nasilja\u201c, predstavlja jedinstven uvid u uzroke sukoba i nasilja kao i njihovo razumijevanje. Objedinjuje na jednom mjestu mnoge intuitivne spoznaje, ra\u0161\u010dlanjuje ih i obja\u0161njava uzro\u010dno-posljedi\u010dnu vezu izme\u0111u akcije i reakcije, doga\u0111aja i emocija, stvarnosti i stresa kojeg izazivaju sukobi i nasilje. Preporu\u010duje se svakome da pro\u010dita ovu knjigu, preispita samog sebe i uvidi svoje slabije strane u suo\u010davanju s bilo kojom vrstom od ova dva situacijska konteksta kojima mo\u017ee biti izlo\u017een u dana\u0161njem brzom, slo\u017eenom i interaktivnom svijetu.<\/p>\n<p style=\"text-align: justify;\"><strong>Dinko Jankovi\u0107, stru\u010d.spec.cin<\/strong> <br \/>Vi\u0161i policijski inspektor, Ministarstvo unutarnjih poslova RH<\/p>\n<p style=\"text-align: justify;\">Knjiga \u201eSAMOOBRANA \u2013 Razumijevanje sukoba i uzroka nasilja\u201c, predstavlja skup cjelo\u017eivotnog autorovog akademskog \u0161kolovanja, izu\u010davanja i prakticiranja razli\u010ditih borila\u010dkih kao i mentalnih vje\u0161tina, profesionalnog rada i bogatog prakti\u010dnog iskustva, a \u010diji je produkt specifi\u010dno psiho-fizi\u010dko stanje te sagledavanje, na\u010din i prakticiranje kao i preno\u0161enje svojih znanja samoobrane, koje se odra\u017eava i provla\u010di kroz cjelokupan sadr\u017eaj ove knjige. <\/p>\n<p>Autor je objedinio i sa svih strana okru\u017eio pojam samoobrane, od samih osnova kao bazi\u010dna priprema, funkcionalnih i fiziolo\u0161kih reakcija u na\u0161em tijelu koje stvaraju nasilje i obrana, mentalnog stanja svjesnosti o okru\u017eenju do pravnih i zakonskih aspekata krajnje nu\u017ede i nu\u017ene obrane sa konzekvencama koje nastupaju, a koji su bitni za integraciju samoobrane u dru\u0161tvo i njeno prihva\u0107anje u zakonski primjenjivom smislu. <\/p>\n<p>Knjigu bi preporu\u010dio svim osoba koje u svojem profesionalnom radu imaju potrebu prvotno pro\u0161iriti postoje\u0107e znanje, sagledati i primjenjivati samoobranu na jo\u0161 profesionalniji i zakonski prihvatljiv na\u010din, ali svima koji se prvi puta susre\u0107u sa pojmom samoobrana, jer kada se stekne stru\u010dna i kvalitetna prva spoznaja, nadogradnja i prakti\u010dna primjena \u0107e biti efikasnija i kvalitetnija.<\/p>\n<p style=\"text-align: justify;\"><strong>Jadranko Miklec, ing.<\/strong><br \/>Yogacharya<\/p>\n<p>Knjiga \u201eSamoobrana &#8211; razumijevanje sukoba i uzroka nasilja\u201c, Kristiana Dru\u017eete, dragocjeni je doprinos prakti\u010dnom ostvarenju nenasilnih i skladnih me\u0111uljudskih odnosa. Temeljem svog dugogodi\u0161njeg iskustva bavljenja borila\u010dkim vje\u0161tinama i yogom, Kristian je ostvario razinu drevnih majstora borila\u010dkih vje\u0161tina koja u prvi plan vje\u0161tine samoobrane stavlja naglasak na razumijevanju sebe i okoline te razvijanje eti\u010dkih na\u010dela \u017eivljenja. <\/p>\n<p>Drevni majstori su spoznali da pravu samoobranu treba ostvariti protiv svakodnevnih napada na\u0161ih unutarnjih neprijatelja u vidu egoizma, ljutnje, mr\u017enje, pohlepe, \u017eudnje, ljubomore, iluzije, itd. Tko uspije nadvladati svoje unutarnje neprijatelje najve\u0107i je i najhrabriji ratnik i vi\u0161e ne nalazi vanjske neprijatelje. Kristian u svojoj knjizi sustavno i s puno strpljenja obrazla\u017ee kako ste\u0107i samopouzdanje, unutarnji mir, sre\u0107u i slobodu.<\/p>\n<p><strong>Bilje\u0161ka o autoru:<\/strong> <\/p>\n<p>Kristian Dru\u017eeta, po zvanju stru\u010dni specijalist kineziologije a po znanju i iskustvu je instruktor samoobrane te kondicijski i mentalni trener. Vanjski je suradnik na Kineziolo\u0161kom fakultetu Sveu\u010dili\u0161ta u Zagrebu na predmetima Samoobrana i Borila\u010dki sportovi. Glavni je instruktor Krav Maga samoobrane i bliske borbe u Hrvatskoj te predstavnik Internacionalne Krav Maga Federacije \u2013 IKMF.<\/p>\n<p style=\"text-align: justify;\">Bio je 23 godine djelatna vojna osoba te je radio na poslovima za\u0161tite VIP osoba i kao instruktor u Specijalnoj vojnoj policiji za podru\u010dje vje\u0161tina borenja, fizi\u010dke pripreme i bliske za\u0161tite \u0161ti\u0107enih osoba. Za vrijeme vojne karijere prete\u017eito je radio poslove iz sigurnosnog, obavje\u0161tajnog i protokolarnog podru\u010dja. Sudjelovao je u tri me\u0111unarodne vojne misije u Afganistanu (2006\/2007; 2008\/2009; 2010\/2011) kao vojni policajac i mentor lokalnim snagama sigurnosti. Za svoj rad primio je niz pohvala i nagrada sa najvi\u0161ih razina zapovijedanja u oru\u017eanim snagama. Djelatnu vojnu slu\u017ebu je zavr\u0161io u \u010dinu narednika.<\/p>\n<p>Svoju drugu karijeru, nakon prestanka vojne slu\u017ebe, posvetio je preno\u0161enju znanja i iskustva koje je stekao u svom \u017eivotu i radu. To se prete\u017eito odnosi na podru\u010dje osobne za\u0161tite, samoobrane, bliske borbe, sigurnosti te kondicijske i mentalne pripreme. <\/p>\n<p>Autor je knjige \u201eTjelohranitelj \u2013 specijalist za\u0161tite \u0161ti\u0107enih osoba\u201c te niza stru\u010dnih \u010dlanka iz podru\u010dja sigurnosti, samoobrane, osobne za\u0161tite, kondicijske i mentalne pripreme.<\/p>\n<p style=\"text-align: justify;\"><strong>Klju\u010dne rije\u010di:<\/strong> Samoobrana; samoza\u0161tita; bliska borba; nasilje; sukob; konfronatacija; konfliktna komunikacija; borila\u010dke vje\u0161tine; borila\u010dki sportovi; za\u0161tita; sigurnost; nu\u017ena obrana; sigurnost;<br \/><strong><br \/>Link:<\/strong> <a href=\"http:\/\/www.kravmaga.com.hr\">www.kravmaga.com.hr <\/a><\/p>\n<p><strong>Naslov:<\/strong> SAMOOBRANA \u2013 Razumijevanje sukoba i uzroka nasilja<br \/><strong>Autor:<\/strong> Kristian Dru\u017eeta<br \/><strong>Broj stranica:<\/strong> 172<br \/><strong>Nakladnik:<\/strong> REDAK<br \/><strong>Godina izdanja:<\/strong> 2019.<br \/><strong>ISBN:<\/strong> 978-953-336-590-9<br \/><strong>Tisak:<\/strong> digitalni tisak knjiga &#8211; print na zahtjev\u00a0<\/p>\n<hr \/>\n<p style=\"font-weight: 400; text-align: justify;\"><strong>Kako naru\u010diti knjigu?\u00a0<\/strong>Proces online kupovine jednako funkcionira za sve kupce, s jedinom razlikom u tome \u0161to \u0161to kupci iz inozemstva za podru\u010dje dostave moraju odabrati &#8220;Europa&#8221; ili &#8220;Ostale zemlje svijeta&#8221;, a za vrstu pla\u0107anja WSPay (kreditna kartica) ili Virmanom (bankovni transfer).<\/p>\n<p style=\"font-weight: 400; text-align: justify;\">Molimo kliknite ovdje za\u00a0<a href=\"hr\/kako-kupovati\">detaljni vodi\u010d kroz proces narud\u017ebe<\/a>\u00a0ili nas\u00a0<a href=\"hr\/kontakt\">kontaktirajte<\/a>\u00a0za vi\u0161e informacija.<\/p>\n<p style=\"font-weight: 400; text-align: justify;\">\u00a0<\/p>\n","protected":false},"excerpt":{"rendered":"<p>Sa\u017eetak: Knjiga \u201eSamoobrana \u2013 razumijevanje sukoba i uzroka nasilja\u201c, predstavlja jedinstven uvid u uzroke sukoba i nasilja kao i njihovo razumijevanje. Objedinjuje na jednom mjestu mnoge intuitivne spoznaje, ra\u0161\u010dlanjuje ih i obja\u0161njava uzro\u010dno-posljedi\u010dnu vezu izme\u0111u akcije i reakcije, doga\u0111aja i emocija, stvarnosti i stresa kojeg izazivaju sukobi i nasilje. Knjiga je namijenjena svima koje \u017eele [&hellip;]<\/p>\n","protected":false},"featured_media":9015,"comment_status":"open","ping_status":"closed","template":"","meta":{"_acf_changed":false},"product_brand":[],"product_cat":[1517],"product_tag":[],"class_list":{"0":"post-9014","1":"product","2":"type-product","3":"status-publish","4":"has-post-thumbnail","6":"product_cat-strucna-literatura","7":"pa_autor-kristian-druzeta","8":"pa_nakladnik-redak","10":"first","11":"instock","12":"shipping-taxable","13":"purchasable","14":"product-type-simple"},"acf":[],"yoast_head":"<!-- This site is optimized with the Yoast SEO plugin v27.3 - https:\/\/yoast.com\/product\/yoast-seo-wordpress\/ -->\n<title>SAMOOBRANA \u2013 Razumijevanje sukoba i uzroka nasilja, Kristian Dru\u017eeta - Web-knji\u017eara<\/title>\n<meta name=\"robots\" content=\"index, follow, max-snippet:-1, max-image-preview:large, max-video-preview:-1\" \/>\n<link rel=\"canonical\" href=\"https:\/\/webknjizara.hr\/proizvod\/samoobrana-razumijevanje-sukoba-i-uzroka-nasilja-kristian-druzeta\/\" \/>\n<meta property=\"og:locale\" content=\"en_US\" \/>\n<meta property=\"og:type\" content=\"article\" \/>\n<meta property=\"og:title\" content=\"SAMOOBRANA \u2013 Razumijevanje sukoba i uzroka nasilja, Kristian Dru\u017eeta - Web-knji\u017eara\" \/>\n<meta property=\"og:description\" content=\"Sa\u017eetak: Knjiga \u201eSamoobrana \u2013 razumijevanje sukoba i uzroka nasilja\u201c, predstavlja jedinstven uvid u uzroke sukoba i nasilja kao i njihovo razumijevanje. Objedinjuje na jednom mjestu mnoge intuitivne spoznaje, ra\u0161\u010dlanjuje ih i obja\u0161njava uzro\u010dno-posljedi\u010dnu vezu izme\u0111u akcije i reakcije, doga\u0111aja i emocija, stvarnosti i stresa kojeg izazivaju sukobi i nasilje. Knjiga je namijenjena svima koje \u017eele [&hellip;]\" \/>\n<meta property=\"og:url\" content=\"https:\/\/webknjizara.hr\/proizvod\/samoobrana-razumijevanje-sukoba-i-uzroka-nasilja-kristian-druzeta\/\" \/>\n<meta property=\"og:site_name\" content=\"Web-knji\u017eara\" \/>\n<meta property=\"article:modified_time\" content=\"2023-02-26T23:17:49+00:00\" \/>\n<meta property=\"og:image\" content=\"https:\/\/webknjizara.hr\/wp-content\/uploads\/nc\/images\/virtuemart\/product\/druzeta_naslovnica_samoobrana_WK.jpg\" \/>\n\t<meta property=\"og:image:width\" content=\"300\" \/>\n\t<meta property=\"og:image:height\" content=\"419\" \/>\n\t<meta property=\"og:image:type\" content=\"image\/jpeg\" \/>\n<meta name=\"twitter:card\" content=\"summary_large_image\" \/>\n<meta name=\"twitter:label1\" content=\"Est. reading time\" \/>\n\t<meta name=\"twitter:data1\" content=\"6 minutes\" \/>\n<script type=\"application\/ld+json\" class=\"yoast-schema-graph\">{\"@context\":\"https:\\\/\\\/schema.org\",\"@graph\":[{\"@type\":\"WebPage\",\"@id\":\"https:\\\/\\\/webknjizara.hr\\\/proizvod\\\/samoobrana-razumijevanje-sukoba-i-uzroka-nasilja-kristian-druzeta\\\/\",\"url\":\"https:\\\/\\\/webknjizara.hr\\\/proizvod\\\/samoobrana-razumijevanje-sukoba-i-uzroka-nasilja-kristian-druzeta\\\/\",\"name\":\"SAMOOBRANA \u2013 Razumijevanje sukoba i uzroka nasilja, Kristian Dru\u017eeta - Web-knji\u017eara\",\"isPartOf\":{\"@id\":\"https:\\\/\\\/webknjizara.hr\\\/#website\"},\"primaryImageOfPage\":{\"@id\":\"https:\\\/\\\/webknjizara.hr\\\/proizvod\\\/samoobrana-razumijevanje-sukoba-i-uzroka-nasilja-kristian-druzeta\\\/#primaryimage\"},\"image\":{\"@id\":\"https:\\\/\\\/webknjizara.hr\\\/proizvod\\\/samoobrana-razumijevanje-sukoba-i-uzroka-nasilja-kristian-druzeta\\\/#primaryimage\"},\"thumbnailUrl\":\"https:\\\/\\\/webknjizara.hr\\\/wp-content\\\/uploads\\\/nc\\\/images\\\/virtuemart\\\/product\\\/druzeta_naslovnica_samoobrana_WK.jpg\",\"datePublished\":\"2019-06-03T22:47:02+00:00\",\"dateModified\":\"2023-02-26T23:17:49+00:00\",\"breadcrumb\":{\"@id\":\"https:\\\/\\\/webknjizara.hr\\\/proizvod\\\/samoobrana-razumijevanje-sukoba-i-uzroka-nasilja-kristian-druzeta\\\/#breadcrumb\"},\"inLanguage\":\"en-US\",\"potentialAction\":[{\"@type\":\"ReadAction\",\"target\":[\"https:\\\/\\\/webknjizara.hr\\\/proizvod\\\/samoobrana-razumijevanje-sukoba-i-uzroka-nasilja-kristian-druzeta\\\/\"]}]},{\"@type\":\"ImageObject\",\"inLanguage\":\"en-US\",\"@id\":\"https:\\\/\\\/webknjizara.hr\\\/proizvod\\\/samoobrana-razumijevanje-sukoba-i-uzroka-nasilja-kristian-druzeta\\\/#primaryimage\",\"url\":\"https:\\\/\\\/webknjizara.hr\\\/wp-content\\\/uploads\\\/nc\\\/images\\\/virtuemart\\\/product\\\/druzeta_naslovnica_samoobrana_WK.jpg\",\"contentUrl\":\"https:\\\/\\\/webknjizara.hr\\\/wp-content\\\/uploads\\\/nc\\\/images\\\/virtuemart\\\/product\\\/druzeta_naslovnica_samoobrana_WK.jpg\",\"width\":300,\"height\":419,\"caption\":\"SAMOOBRANA \u2013 Razumijevanje sukoba i uzroka nasilja, Kristian Dru\u017eeta\"},{\"@type\":\"BreadcrumbList\",\"@id\":\"https:\\\/\\\/webknjizara.hr\\\/proizvod\\\/samoobrana-razumijevanje-sukoba-i-uzroka-nasilja-kristian-druzeta\\\/#breadcrumb\",\"itemListElement\":[{\"@type\":\"ListItem\",\"position\":1,\"name\":\"Po\u010detna stranica\",\"item\":\"https:\\\/\\\/webknjizara.hr\\\/en\\\/\"},{\"@type\":\"ListItem\",\"position\":2,\"name\":\"Shop\",\"item\":\"https:\\\/\\\/webknjizara.hr\\\/shop\\\/\"},{\"@type\":\"ListItem\",\"position\":3,\"name\":\"SAMOOBRANA \u2013 Razumijevanje sukoba i uzroka nasilja, Kristian Dru\u017eeta\"}]},{\"@type\":\"WebSite\",\"@id\":\"https:\\\/\\\/webknjizara.hr\\\/#website\",\"url\":\"https:\\\/\\\/webknjizara.hr\\\/\",\"name\":\"Web Knji\u017eara\",\"description\":\"\",\"publisher\":{\"@id\":\"https:\\\/\\\/webknjizara.hr\\\/#organization\"},\"potentialAction\":[{\"@type\":\"SearchAction\",\"target\":{\"@type\":\"EntryPoint\",\"urlTemplate\":\"https:\\\/\\\/webknjizara.hr\\\/?s={search_term_string}\"},\"query-input\":{\"@type\":\"PropertyValueSpecification\",\"valueRequired\":true,\"valueName\":\"search_term_string\"}}],\"inLanguage\":\"en-US\"},{\"@type\":\"Organization\",\"@id\":\"https:\\\/\\\/webknjizara.hr\\\/#organization\",\"name\":\"REDAK D.O.O.\",\"url\":\"https:\\\/\\\/webknjizara.hr\\\/\",\"logo\":{\"@type\":\"ImageObject\",\"inLanguage\":\"en-US\",\"@id\":\"https:\\\/\\\/webknjizara.hr\\\/#\\\/schema\\\/logo\\\/image\\\/\",\"url\":\"https:\\\/\\\/webknjizara.hr\\\/wp-content\\\/uploads\\\/2023\\\/01\\\/web-knjizara-logo.webp\",\"contentUrl\":\"https:\\\/\\\/webknjizara.hr\\\/wp-content\\\/uploads\\\/2023\\\/01\\\/web-knjizara-logo.webp\",\"width\":324,\"height\":79,\"caption\":\"REDAK D.O.O.\"},\"image\":{\"@id\":\"https:\\\/\\\/webknjizara.hr\\\/#\\\/schema\\\/logo\\\/image\\\/\"}}]}<\/script>\n<!-- \/ Yoast SEO plugin. -->","yoast_head_json":{"title":"SAMOOBRANA \u2013 Razumijevanje sukoba i uzroka nasilja, Kristian Dru\u017eeta - Web-knji\u017eara","robots":{"index":"index","follow":"follow","max-snippet":"max-snippet:-1","max-image-preview":"max-image-preview:large","max-video-preview":"max-video-preview:-1"},"canonical":"https:\/\/webknjizara.hr\/proizvod\/samoobrana-razumijevanje-sukoba-i-uzroka-nasilja-kristian-druzeta\/","og_locale":"en_US","og_type":"article","og_title":"SAMOOBRANA \u2013 Razumijevanje sukoba i uzroka nasilja, Kristian Dru\u017eeta - Web-knji\u017eara","og_description":"Sa\u017eetak: Knjiga \u201eSamoobrana \u2013 razumijevanje sukoba i uzroka nasilja\u201c, predstavlja jedinstven uvid u uzroke sukoba i nasilja kao i njihovo razumijevanje. Objedinjuje na jednom mjestu mnoge intuitivne spoznaje, ra\u0161\u010dlanjuje ih i obja\u0161njava uzro\u010dno-posljedi\u010dnu vezu izme\u0111u akcije i reakcije, doga\u0111aja i emocija, stvarnosti i stresa kojeg izazivaju sukobi i nasilje. Knjiga je namijenjena svima koje \u017eele [&hellip;]","og_url":"https:\/\/webknjizara.hr\/proizvod\/samoobrana-razumijevanje-sukoba-i-uzroka-nasilja-kristian-druzeta\/","og_site_name":"Web-knji\u017eara","article_modified_time":"2023-02-26T23:17:49+00:00","og_image":[{"width":300,"height":419,"url":"https:\/\/webknjizara.hr\/wp-content\/uploads\/nc\/images\/virtuemart\/product\/druzeta_naslovnica_samoobrana_WK.jpg","type":"image\/jpeg"}],"twitter_card":"summary_large_image","twitter_misc":{"Est. reading time":"6 minutes"},"schema":{"@context":"https:\/\/schema.org","@graph":[{"@type":"WebPage","@id":"https:\/\/webknjizara.hr\/proizvod\/samoobrana-razumijevanje-sukoba-i-uzroka-nasilja-kristian-druzeta\/","url":"https:\/\/webknjizara.hr\/proizvod\/samoobrana-razumijevanje-sukoba-i-uzroka-nasilja-kristian-druzeta\/","name":"SAMOOBRANA \u2013 Razumijevanje sukoba i uzroka nasilja, Kristian Dru\u017eeta - Web-knji\u017eara","isPartOf":{"@id":"https:\/\/webknjizara.hr\/#website"},"primaryImageOfPage":{"@id":"https:\/\/webknjizara.hr\/proizvod\/samoobrana-razumijevanje-sukoba-i-uzroka-nasilja-kristian-druzeta\/#primaryimage"},"image":{"@id":"https:\/\/webknjizara.hr\/proizvod\/samoobrana-razumijevanje-sukoba-i-uzroka-nasilja-kristian-druzeta\/#primaryimage"},"thumbnailUrl":"https:\/\/webknjizara.hr\/wp-content\/uploads\/nc\/images\/virtuemart\/product\/druzeta_naslovnica_samoobrana_WK.jpg","datePublished":"2019-06-03T22:47:02+00:00","dateModified":"2023-02-26T23:17:49+00:00","breadcrumb":{"@id":"https:\/\/webknjizara.hr\/proizvod\/samoobrana-razumijevanje-sukoba-i-uzroka-nasilja-kristian-druzeta\/#breadcrumb"},"inLanguage":"en-US","potentialAction":[{"@type":"ReadAction","target":["https:\/\/webknjizara.hr\/proizvod\/samoobrana-razumijevanje-sukoba-i-uzroka-nasilja-kristian-druzeta\/"]}]},{"@type":"ImageObject","inLanguage":"en-US","@id":"https:\/\/webknjizara.hr\/proizvod\/samoobrana-razumijevanje-sukoba-i-uzroka-nasilja-kristian-druzeta\/#primaryimage","url":"https:\/\/webknjizara.hr\/wp-content\/uploads\/nc\/images\/virtuemart\/product\/druzeta_naslovnica_samoobrana_WK.jpg","contentUrl":"https:\/\/webknjizara.hr\/wp-content\/uploads\/nc\/images\/virtuemart\/product\/druzeta_naslovnica_samoobrana_WK.jpg","width":300,"height":419,"caption":"SAMOOBRANA \u2013 Razumijevanje sukoba i uzroka nasilja, Kristian Dru\u017eeta"},{"@type":"BreadcrumbList","@id":"https:\/\/webknjizara.hr\/proizvod\/samoobrana-razumijevanje-sukoba-i-uzroka-nasilja-kristian-druzeta\/#breadcrumb","itemListElement":[{"@type":"ListItem","position":1,"name":"Po\u010detna stranica","item":"https:\/\/webknjizara.hr\/en\/"},{"@type":"ListItem","position":2,"name":"Shop","item":"https:\/\/webknjizara.hr\/shop\/"},{"@type":"ListItem","position":3,"name":"SAMOOBRANA \u2013 Razumijevanje sukoba i uzroka nasilja, Kristian Dru\u017eeta"}]},{"@type":"WebSite","@id":"https:\/\/webknjizara.hr\/#website","url":"https:\/\/webknjizara.hr\/","name":"Web Knji\u017eara","description":"","publisher":{"@id":"https:\/\/webknjizara.hr\/#organization"},"potentialAction":[{"@type":"SearchAction","target":{"@type":"EntryPoint","urlTemplate":"https:\/\/webknjizara.hr\/?s={search_term_string}"},"query-input":{"@type":"PropertyValueSpecification","valueRequired":true,"valueName":"search_term_string"}}],"inLanguage":"en-US"},{"@type":"Organization","@id":"https:\/\/webknjizara.hr\/#organization","name":"REDAK D.O.O.","url":"https:\/\/webknjizara.hr\/","logo":{"@type":"ImageObject","inLanguage":"en-US","@id":"https:\/\/webknjizara.hr\/#\/schema\/logo\/image\/","url":"https:\/\/webknjizara.hr\/wp-content\/uploads\/2023\/01\/web-knjizara-logo.webp","contentUrl":"https:\/\/webknjizara.hr\/wp-content\/uploads\/2023\/01\/web-knjizara-logo.webp","width":324,"height":79,"caption":"REDAK D.O.O."},"image":{"@id":"https:\/\/webknjizara.hr\/#\/schema\/logo\/image\/"}}]}},"_links":{"self":[{"href":"https:\/\/webknjizara.hr\/en\/wp-json\/wp\/v2\/product\/9014","targetHints":{"allow":["GET"]}}],"collection":[{"href":"https:\/\/webknjizara.hr\/en\/wp-json\/wp\/v2\/product"}],"about":[{"href":"https:\/\/webknjizara.hr\/en\/wp-json\/wp\/v2\/types\/product"}],"replies":[{"embeddable":true,"href":"https:\/\/webknjizara.hr\/en\/wp-json\/wp\/v2\/comments?post=9014"}],"wp:featuredmedia":[{"embeddable":true,"href":"https:\/\/webknjizara.hr\/en\/wp-json\/wp\/v2\/media\/9015"}],"wp:attachment":[{"href":"https:\/\/webknjizara.hr\/en\/wp-json\/wp\/v2\/media?parent=9014"}],"wp:term":[{"taxonomy":"product_brand","embeddable":true,"href":"https:\/\/webknjizara.hr\/en\/wp-json\/wp\/v2\/product_brand?post=9014"},{"taxonomy":"product_cat","embeddable":true,"href":"https:\/\/webknjizara.hr\/en\/wp-json\/wp\/v2\/product_cat?post=9014"},{"taxonomy":"product_tag","embeddable":true,"href":"https:\/\/webknjizara.hr\/en\/wp-json\/wp\/v2\/product_tag?post=9014"}],"curies":[{"name":"wp","href":"https:\/\/api.w.org\/{rel}","templated":true}]}}