{"id":9002,"date":"2019-05-19T21:48:12","date_gmt":"2019-05-19T21:48:12","guid":{"rendered":"https:\/\/webknjizara.hr\/?product=morski-pas-i-leptir-marina-asturic-manari"},"modified":"2023-02-27T00:17:48","modified_gmt":"2023-02-26T23:17:48","slug":"morski-pas-i-leptir-marina-asturic-manari","status":"publish","type":"product","link":"https:\/\/webknjizara.hr\/en\/proizvod\/morski-pas-i-leptir-marina-asturic-manari\/","title":{"rendered":"MORSKI PAS I LEPTIR, Marina Asturi\u0107 Manari"},"content":{"rendered":"<p style=\"text-align: justify;\"><strong>Sa\u017eetak:<\/strong> <\/p>\n<p>La\u017ena bajka morskog psa i leptira govori o poeti\u010dnoj nemogu\u0107nosti ljubavi izme\u0111u dva suprotna bi\u0107a \u2013 mora i visine, doma i slobode, odlaska i povratka, dru\u0161tvenih obveza i vlastite sre\u0107e, sputanosti i umjetnosti, istine i la\u017ei, patetike i \u017eivota&#8230; Jedino mjesto gdje se mogu sastajati jest Kopno &#8211; pogre\u0161no mjesto za morskog psa u fizi\u010dkom, a za leptira u duhovnom smislu, ali unato\u010d tome \u0161to su na Kopnu najranjiviji, tamo su ujedno i najsretniji i posve ispunjeni. Unato\u010d svim preprekama sa svijetom i sa samima sobom, ono \u0161to ve\u017ee sumnje opasnog morskog psa i buntovnost nje\u017enog leptira mo\u017ee se sa\u017eeti u nepredvidljivoj rije\u010di kojom su pro\u017eete snovite sretne, ali i stvarne nesretne stranice ove knjige \u2013 ljubav.<\/p>\n<p style=\"text-align: justify;\"><strong>Bilje\u0161ka o autorici:<\/strong> <\/p>\n<p>Marina Asturi\u0107 (uz dodano ime Manari) ro\u0111ena je 11. velja\u010de 1993. godine u Dubrovniku, a \u017eivi u selu Broce pokraj Stona. Zavr\u0161ila je povijest umjetnosti i hrvatski jezik i knji\u017eevnosti na Filozofskom fakultetu u Splitu i tamo nastavlja svoje \u0161kolovanje na poslijediplomskom studiju knji\u017eevnosti. Trenuta\u010dno radi kao nastavnica Hrvatskog jezika na zamjeni u Gimnaziji \u201eDubrovnik\u201d u Dubrovniku<\/p>\n<p style=\"text-align: justify;\"><strong>Klju\u010dne rije\u010di:<\/strong> ljubav, \u017ertva, tama, morski pas, leptir, \u010dekanje, Kopno, sloboda, more, let, sre\u0107a, umjetnost<\/p>\n<p style=\"text-align: justify;\"><strong>Link:<\/strong> Na Facebooku pod imenom Marina Asturi\u0107 i instagram marinaasturic <br \/><strong>E-mail:<\/strong> <a href=\"mailto:marina.asturic@gmail.com\">Marina Asturi\u0107 Manari<br \/><\/a><br \/><strong>Naslov:<\/strong> Morski pas i leptir<br \/><strong>Autorica:<\/strong> Marina Asturi\u0107 Manari<br \/><strong>Broj stranica:<\/strong> 60<br \/><strong>Nakladnik:<\/strong> REDAK<br \/><strong>Godina izdanja:<\/strong> 2018.<br \/><strong>ISBN:<\/strong> 978-953-336-557-2<br \/><strong>Tisak:<\/strong> digitalni tisak knjiga &#8211; print na zahtjev\u00a0<\/p>\n<hr \/>\n<p style=\"text-align: justify;\"><strong>Kako naru\u010diti knjigu?\u00a0<\/strong>Proces online kupovine jednako funkcionira za sve kupce, s jedinom razlikom u tome \u0161to \u0161to kupci iz inozemstva za podru\u010dje dostave moraju odabrati &#8220;Europa&#8221; ili &#8220;Ostale zemlje svijeta&#8221;, a za vrstu pla\u0107anja WSPay (kreditna kartica) ili Virmanom (bankovni transfer).<\/p>\n<p style=\"text-align: justify;\">Molimo kliknite ovdje za\u00a0<a href=\"hr\/kako-kupovati\">detaljni vodi\u010d kroz proces narud\u017ebe<\/a>\u00a0ili nas\u00a0<a href=\"hr\/kontakt\">kontaktirajte<\/a>\u00a0za vi\u0161e informacija.<\/p>\n","protected":false},"excerpt":{"rendered":"<p>Sa\u017eetak: La\u017ena bajka morskog psa i leptira govori o poeti\u010dnoj nemogu\u0107nosti ljubavi izme\u0111u dva suprotna bi\u0107a \u2013 mora i visine, doma i slobode, odlaska i povratka, dru\u0161tvenih obveza i vlastite sre\u0107e, sputanosti i umjetnosti, istine i la\u017ei, patetike i \u017eivota&#8230; Jedino mjesto gdje se mogu sastajati jest Kopno &#8211; pogre\u0161no mjesto za morskog psa u [&hellip;]<\/p>\n","protected":false},"featured_media":9003,"comment_status":"open","ping_status":"closed","template":"","meta":{"_acf_changed":false},"product_brand":[],"product_cat":[1383,1385],"product_tag":[],"class_list":{"0":"post-9002","1":"product","2":"type-product","3":"status-publish","4":"has-post-thumbnail","6":"product_cat-knjige","7":"product_cat-knjizevnost","8":"pa_autor-marina-asturic-manari","9":"pa_nakladnik-redak","11":"first","12":"instock","13":"shipping-taxable","14":"purchasable","15":"product-type-simple"},"acf":[],"yoast_head":"<!-- This site is optimized with the Yoast SEO plugin v27.3 - https:\/\/yoast.com\/product\/yoast-seo-wordpress\/ -->\n<title>MORSKI PAS I LEPTIR, Marina Asturi\u0107 Manari - Web-knji\u017eara<\/title>\n<meta name=\"robots\" content=\"index, follow, max-snippet:-1, max-image-preview:large, max-video-preview:-1\" \/>\n<link rel=\"canonical\" href=\"https:\/\/webknjizara.hr\/proizvod\/morski-pas-i-leptir-marina-asturic-manari\/\" \/>\n<meta property=\"og:locale\" content=\"en_US\" \/>\n<meta property=\"og:type\" content=\"article\" \/>\n<meta property=\"og:title\" content=\"MORSKI PAS I LEPTIR, Marina Asturi\u0107 Manari - Web-knji\u017eara\" \/>\n<meta property=\"og:description\" content=\"Sa\u017eetak: La\u017ena bajka morskog psa i leptira govori o poeti\u010dnoj nemogu\u0107nosti ljubavi izme\u0111u dva suprotna bi\u0107a \u2013 mora i visine, doma i slobode, odlaska i povratka, dru\u0161tvenih obveza i vlastite sre\u0107e, sputanosti i umjetnosti, istine i la\u017ei, patetike i \u017eivota&#8230; Jedino mjesto gdje se mogu sastajati jest Kopno &#8211; pogre\u0161no mjesto za morskog psa u [&hellip;]\" \/>\n<meta property=\"og:url\" content=\"https:\/\/webknjizara.hr\/proizvod\/morski-pas-i-leptir-marina-asturic-manari\/\" \/>\n<meta property=\"og:site_name\" content=\"Web-knji\u017eara\" \/>\n<meta property=\"article:modified_time\" content=\"2023-02-26T23:17:48+00:00\" \/>\n<meta property=\"og:image\" content=\"https:\/\/webknjizara.hr\/wp-content\/uploads\/nc\/images\/virtuemart\/product\/morski_pas_leptir_naslovnica_WK.jpg\" \/>\n\t<meta property=\"og:image:width\" content=\"300\" \/>\n\t<meta property=\"og:image:height\" content=\"419\" \/>\n\t<meta property=\"og:image:type\" content=\"image\/jpeg\" \/>\n<meta name=\"twitter:card\" content=\"summary_large_image\" \/>\n<meta name=\"twitter:label1\" content=\"Est. reading time\" \/>\n\t<meta name=\"twitter:data1\" content=\"2 minutes\" \/>\n<script type=\"application\/ld+json\" class=\"yoast-schema-graph\">{\"@context\":\"https:\\\/\\\/schema.org\",\"@graph\":[{\"@type\":\"WebPage\",\"@id\":\"https:\\\/\\\/webknjizara.hr\\\/proizvod\\\/morski-pas-i-leptir-marina-asturic-manari\\\/\",\"url\":\"https:\\\/\\\/webknjizara.hr\\\/proizvod\\\/morski-pas-i-leptir-marina-asturic-manari\\\/\",\"name\":\"MORSKI PAS I LEPTIR, Marina Asturi\u0107 Manari - Web-knji\u017eara\",\"isPartOf\":{\"@id\":\"https:\\\/\\\/webknjizara.hr\\\/#website\"},\"primaryImageOfPage\":{\"@id\":\"https:\\\/\\\/webknjizara.hr\\\/proizvod\\\/morski-pas-i-leptir-marina-asturic-manari\\\/#primaryimage\"},\"image\":{\"@id\":\"https:\\\/\\\/webknjizara.hr\\\/proizvod\\\/morski-pas-i-leptir-marina-asturic-manari\\\/#primaryimage\"},\"thumbnailUrl\":\"https:\\\/\\\/webknjizara.hr\\\/wp-content\\\/uploads\\\/nc\\\/images\\\/virtuemart\\\/product\\\/morski_pas_leptir_naslovnica_WK.jpg\",\"datePublished\":\"2019-05-19T21:48:12+00:00\",\"dateModified\":\"2023-02-26T23:17:48+00:00\",\"breadcrumb\":{\"@id\":\"https:\\\/\\\/webknjizara.hr\\\/proizvod\\\/morski-pas-i-leptir-marina-asturic-manari\\\/#breadcrumb\"},\"inLanguage\":\"en-US\",\"potentialAction\":[{\"@type\":\"ReadAction\",\"target\":[\"https:\\\/\\\/webknjizara.hr\\\/proizvod\\\/morski-pas-i-leptir-marina-asturic-manari\\\/\"]}]},{\"@type\":\"ImageObject\",\"inLanguage\":\"en-US\",\"@id\":\"https:\\\/\\\/webknjizara.hr\\\/proizvod\\\/morski-pas-i-leptir-marina-asturic-manari\\\/#primaryimage\",\"url\":\"https:\\\/\\\/webknjizara.hr\\\/wp-content\\\/uploads\\\/nc\\\/images\\\/virtuemart\\\/product\\\/morski_pas_leptir_naslovnica_WK.jpg\",\"contentUrl\":\"https:\\\/\\\/webknjizara.hr\\\/wp-content\\\/uploads\\\/nc\\\/images\\\/virtuemart\\\/product\\\/morski_pas_leptir_naslovnica_WK.jpg\",\"width\":300,\"height\":419,\"caption\":\"MORSKI PAS I LEPTIR, Marina Asturi\u0107 Manari\"},{\"@type\":\"BreadcrumbList\",\"@id\":\"https:\\\/\\\/webknjizara.hr\\\/proizvod\\\/morski-pas-i-leptir-marina-asturic-manari\\\/#breadcrumb\",\"itemListElement\":[{\"@type\":\"ListItem\",\"position\":1,\"name\":\"Po\u010detna stranica\",\"item\":\"https:\\\/\\\/webknjizara.hr\\\/en\\\/\"},{\"@type\":\"ListItem\",\"position\":2,\"name\":\"Shop\",\"item\":\"https:\\\/\\\/webknjizara.hr\\\/shop\\\/\"},{\"@type\":\"ListItem\",\"position\":3,\"name\":\"MORSKI PAS I LEPTIR, Marina Asturi\u0107 Manari\"}]},{\"@type\":\"WebSite\",\"@id\":\"https:\\\/\\\/webknjizara.hr\\\/#website\",\"url\":\"https:\\\/\\\/webknjizara.hr\\\/\",\"name\":\"Web Knji\u017eara\",\"description\":\"\",\"publisher\":{\"@id\":\"https:\\\/\\\/webknjizara.hr\\\/#organization\"},\"potentialAction\":[{\"@type\":\"SearchAction\",\"target\":{\"@type\":\"EntryPoint\",\"urlTemplate\":\"https:\\\/\\\/webknjizara.hr\\\/?s={search_term_string}\"},\"query-input\":{\"@type\":\"PropertyValueSpecification\",\"valueRequired\":true,\"valueName\":\"search_term_string\"}}],\"inLanguage\":\"en-US\"},{\"@type\":\"Organization\",\"@id\":\"https:\\\/\\\/webknjizara.hr\\\/#organization\",\"name\":\"REDAK D.O.O.\",\"url\":\"https:\\\/\\\/webknjizara.hr\\\/\",\"logo\":{\"@type\":\"ImageObject\",\"inLanguage\":\"en-US\",\"@id\":\"https:\\\/\\\/webknjizara.hr\\\/#\\\/schema\\\/logo\\\/image\\\/\",\"url\":\"https:\\\/\\\/webknjizara.hr\\\/wp-content\\\/uploads\\\/2023\\\/01\\\/web-knjizara-logo.webp\",\"contentUrl\":\"https:\\\/\\\/webknjizara.hr\\\/wp-content\\\/uploads\\\/2023\\\/01\\\/web-knjizara-logo.webp\",\"width\":324,\"height\":79,\"caption\":\"REDAK D.O.O.\"},\"image\":{\"@id\":\"https:\\\/\\\/webknjizara.hr\\\/#\\\/schema\\\/logo\\\/image\\\/\"}}]}<\/script>\n<!-- \/ Yoast SEO plugin. -->","yoast_head_json":{"title":"MORSKI PAS I LEPTIR, Marina Asturi\u0107 Manari - Web-knji\u017eara","robots":{"index":"index","follow":"follow","max-snippet":"max-snippet:-1","max-image-preview":"max-image-preview:large","max-video-preview":"max-video-preview:-1"},"canonical":"https:\/\/webknjizara.hr\/proizvod\/morski-pas-i-leptir-marina-asturic-manari\/","og_locale":"en_US","og_type":"article","og_title":"MORSKI PAS I LEPTIR, Marina Asturi\u0107 Manari - Web-knji\u017eara","og_description":"Sa\u017eetak: La\u017ena bajka morskog psa i leptira govori o poeti\u010dnoj nemogu\u0107nosti ljubavi izme\u0111u dva suprotna bi\u0107a \u2013 mora i visine, doma i slobode, odlaska i povratka, dru\u0161tvenih obveza i vlastite sre\u0107e, sputanosti i umjetnosti, istine i la\u017ei, patetike i \u017eivota&#8230; Jedino mjesto gdje se mogu sastajati jest Kopno &#8211; pogre\u0161no mjesto za morskog psa u [&hellip;]","og_url":"https:\/\/webknjizara.hr\/proizvod\/morski-pas-i-leptir-marina-asturic-manari\/","og_site_name":"Web-knji\u017eara","article_modified_time":"2023-02-26T23:17:48+00:00","og_image":[{"width":300,"height":419,"url":"https:\/\/webknjizara.hr\/wp-content\/uploads\/nc\/images\/virtuemart\/product\/morski_pas_leptir_naslovnica_WK.jpg","type":"image\/jpeg"}],"twitter_card":"summary_large_image","twitter_misc":{"Est. reading time":"2 minutes"},"schema":{"@context":"https:\/\/schema.org","@graph":[{"@type":"WebPage","@id":"https:\/\/webknjizara.hr\/proizvod\/morski-pas-i-leptir-marina-asturic-manari\/","url":"https:\/\/webknjizara.hr\/proizvod\/morski-pas-i-leptir-marina-asturic-manari\/","name":"MORSKI PAS I LEPTIR, Marina Asturi\u0107 Manari - Web-knji\u017eara","isPartOf":{"@id":"https:\/\/webknjizara.hr\/#website"},"primaryImageOfPage":{"@id":"https:\/\/webknjizara.hr\/proizvod\/morski-pas-i-leptir-marina-asturic-manari\/#primaryimage"},"image":{"@id":"https:\/\/webknjizara.hr\/proizvod\/morski-pas-i-leptir-marina-asturic-manari\/#primaryimage"},"thumbnailUrl":"https:\/\/webknjizara.hr\/wp-content\/uploads\/nc\/images\/virtuemart\/product\/morski_pas_leptir_naslovnica_WK.jpg","datePublished":"2019-05-19T21:48:12+00:00","dateModified":"2023-02-26T23:17:48+00:00","breadcrumb":{"@id":"https:\/\/webknjizara.hr\/proizvod\/morski-pas-i-leptir-marina-asturic-manari\/#breadcrumb"},"inLanguage":"en-US","potentialAction":[{"@type":"ReadAction","target":["https:\/\/webknjizara.hr\/proizvod\/morski-pas-i-leptir-marina-asturic-manari\/"]}]},{"@type":"ImageObject","inLanguage":"en-US","@id":"https:\/\/webknjizara.hr\/proizvod\/morski-pas-i-leptir-marina-asturic-manari\/#primaryimage","url":"https:\/\/webknjizara.hr\/wp-content\/uploads\/nc\/images\/virtuemart\/product\/morski_pas_leptir_naslovnica_WK.jpg","contentUrl":"https:\/\/webknjizara.hr\/wp-content\/uploads\/nc\/images\/virtuemart\/product\/morski_pas_leptir_naslovnica_WK.jpg","width":300,"height":419,"caption":"MORSKI PAS I LEPTIR, Marina Asturi\u0107 Manari"},{"@type":"BreadcrumbList","@id":"https:\/\/webknjizara.hr\/proizvod\/morski-pas-i-leptir-marina-asturic-manari\/#breadcrumb","itemListElement":[{"@type":"ListItem","position":1,"name":"Po\u010detna stranica","item":"https:\/\/webknjizara.hr\/en\/"},{"@type":"ListItem","position":2,"name":"Shop","item":"https:\/\/webknjizara.hr\/shop\/"},{"@type":"ListItem","position":3,"name":"MORSKI PAS I LEPTIR, Marina Asturi\u0107 Manari"}]},{"@type":"WebSite","@id":"https:\/\/webknjizara.hr\/#website","url":"https:\/\/webknjizara.hr\/","name":"Web Knji\u017eara","description":"","publisher":{"@id":"https:\/\/webknjizara.hr\/#organization"},"potentialAction":[{"@type":"SearchAction","target":{"@type":"EntryPoint","urlTemplate":"https:\/\/webknjizara.hr\/?s={search_term_string}"},"query-input":{"@type":"PropertyValueSpecification","valueRequired":true,"valueName":"search_term_string"}}],"inLanguage":"en-US"},{"@type":"Organization","@id":"https:\/\/webknjizara.hr\/#organization","name":"REDAK D.O.O.","url":"https:\/\/webknjizara.hr\/","logo":{"@type":"ImageObject","inLanguage":"en-US","@id":"https:\/\/webknjizara.hr\/#\/schema\/logo\/image\/","url":"https:\/\/webknjizara.hr\/wp-content\/uploads\/2023\/01\/web-knjizara-logo.webp","contentUrl":"https:\/\/webknjizara.hr\/wp-content\/uploads\/2023\/01\/web-knjizara-logo.webp","width":324,"height":79,"caption":"REDAK D.O.O."},"image":{"@id":"https:\/\/webknjizara.hr\/#\/schema\/logo\/image\/"}}]}},"_links":{"self":[{"href":"https:\/\/webknjizara.hr\/en\/wp-json\/wp\/v2\/product\/9002","targetHints":{"allow":["GET"]}}],"collection":[{"href":"https:\/\/webknjizara.hr\/en\/wp-json\/wp\/v2\/product"}],"about":[{"href":"https:\/\/webknjizara.hr\/en\/wp-json\/wp\/v2\/types\/product"}],"replies":[{"embeddable":true,"href":"https:\/\/webknjizara.hr\/en\/wp-json\/wp\/v2\/comments?post=9002"}],"wp:featuredmedia":[{"embeddable":true,"href":"https:\/\/webknjizara.hr\/en\/wp-json\/wp\/v2\/media\/9003"}],"wp:attachment":[{"href":"https:\/\/webknjizara.hr\/en\/wp-json\/wp\/v2\/media?parent=9002"}],"wp:term":[{"taxonomy":"product_brand","embeddable":true,"href":"https:\/\/webknjizara.hr\/en\/wp-json\/wp\/v2\/product_brand?post=9002"},{"taxonomy":"product_cat","embeddable":true,"href":"https:\/\/webknjizara.hr\/en\/wp-json\/wp\/v2\/product_cat?post=9002"},{"taxonomy":"product_tag","embeddable":true,"href":"https:\/\/webknjizara.hr\/en\/wp-json\/wp\/v2\/product_tag?post=9002"}],"curies":[{"name":"wp","href":"https:\/\/api.w.org\/{rel}","templated":true}]}}