{"id":8990,"date":"2019-05-13T09:51:44","date_gmt":"2019-05-13T09:51:44","guid":{"rendered":"https:\/\/webknjizara.hr\/?product=kommunalka-drago-nakir"},"modified":"2023-02-27T00:17:46","modified_gmt":"2023-02-26T23:17:46","slug":"kommunalka-drago-nakir","status":"publish","type":"product","link":"https:\/\/webknjizara.hr\/en\/proizvod\/kommunalka-drago-nakir\/","title":{"rendered":"KOMMUNALKA, Drago Nakir"},"content":{"rendered":"<p style=\"text-align: justify;\"><strong>Sa\u017eetak:<\/strong><br \/>Roman KOMMUNALKA prati izmi\u0161ljene likove i doga\u0111aje u nekada\u0161njem Sovjetskom Savezu kroz glavni lik Sergeja Parolowa. Ideja industrijalizacije i elektrifikacije ratom opusto\u0161enog Sovjetskog Saveza bila je idejno monumentalna, ali u stvarnosti katastrofalna. \u0160esto more po veli\u010dini \u2013 Aralsko more, isu\u0161eno je kako bi zelene ameri\u010dke nov\u010danice bile zasijane u pustinji u obliku pamuka. Jer Domovina je trebala novac za podi\u0107i iz pepela sru\u0161ena sela i gradove nakon Drugog svjetskog rata. Do tada su djeca revolucije morali \u017eivjeti u kommunalkama, stanovima od desetak kvadratnih metara, nastali pregra\u0111ivanjem \u0161perplo\u010dom nekada\u0161njih bur\u017eujskih stanova.<br \/>Kommunalka nije bio samo komunalni stan namijenjen zbrinjavanju ljudi nakon <em>Drugog svjetskog rata<\/em>, ve\u0107 i cijela domovina Sovjeta iza \u017eeljezne zavjese. Zajedni\u010dki hodnik, zajedni\u010dka kupaonica, zajedni\u010dka kuhinja, zajedni\u010dki otira\u010d ispred ulaznih vrata kommunalke. I kolektivna du\u0161a \u0161to je silovala i ubijala u stanju potpune alkoholiziranosti. Ali ujedno i soborno familijarna u svijetu defamilijarnosti, ikonografije i retorike. <em>\u00abKommunalka je bila sociolo\u0161ko Aralsko more ljudskih sudbina nasukanih na bijedu, siroma\u0161tvo, glad. A komunalni stanovi u kommunalki dno ljudskog ponosa gdje su i snovi lopovi.\u00bb<\/em><\/p>\n<p style=\"text-align: justify;\"><strong>Bilje\u0161ka o autoru:<\/strong><br \/>Drago Nakir, ro\u0111en 1966. godine u Splitu. Diplomirao je filozofiju i sociologiju na Univerzitetu u Sarajevu. Jedan je od osniva\u010da Knji\u017eevne omladine Splita. Od osnutka je bio novinar lokalnog glasila \u00abTrogirski list\u00bb. U knji\u017eevnosti se pojavljuje knjigom poezije \u00abOkovan u sebi\u00bb, koja u svome pro\u0161irenom i izmijenjenom izdanju dobiva naslov \u00abUsta su ime i kri\u017e \u010dovjeka\u00bb. Tako\u0111er izdaje epsko djelo \u00abObrana Klisa\u00bb o juna\u010dkoj borbi kli\u0161kih uskoka protiv Turaka. Jedini roman \u00abDjeca jednoga Boga,\u00bb izmijenjen i dopunjen, postao je prvi dio trilogije \u00abBILO JEDNOM NA BALKANU.\u00bb Istovremeno izdaje i drugi roman \u00abKOMMUNALKA\u00bb o \u017eivotu s one strane \u017deljezne zavjese, u negda\u0161njem Sovjetskom Savezu.<\/p>\n<p style=\"text-align: justify;\"><strong>Klju\u010dne rije\u010di:<\/strong> Kommunalka, Sovjetski Savez, Moskva, Aralsko more, Aralsk, Ashgabad, Turkmenistan, socijalizam, pamuk, Aral, Drago Nakir<\/p>\n<p><strong>E-mail:<\/strong> <a href=\"mailto:dragannakir@gmail.com\">Drago Nakir<\/a><\/p>\n<p style=\"text-align: justify;\"><strong>Knjige autora dostupne u webknji\u017eari:\u00a0<a title=\"Drago Nakir\" href=\"https:\/\/webknjizara.hr\/list-all-products?keyword=drago+nakir&amp;limitstart=0&amp;option=com_virtuemart&amp;view=category&amp;virtuemart_category_id=0\">webknji\u017eara &#8211; Drago Nakir<\/a><\/strong><\/p>\n<p style=\"text-align: justify;\"><strong>Link:\u00a0<a href=\"http:\/\/www.inet.hr\/dragnaki\">http:\/\/www.inet.hr\/dragnaki<\/a><\/strong><\/p>\n<p><strong>Naslov:<\/strong> Kommunalka<br \/><strong>Autor:<\/strong> Drago Nakir<br \/><strong>Broj stranica:<\/strong> 152<br \/><strong>Nakladnik:<\/strong> REDAK<br \/><strong>Godina izdanja:<\/strong> 2019.<br \/><strong>ISBN:<\/strong> 978-953-336-577-0<br \/><strong>Tisak:<\/strong> digitalni tisak knjiga &#8211; print na zahtjev\u00a0<\/p>\n<hr \/>\n<p style=\"text-align: justify;\"><strong>Kako naru\u010diti knjigu?\u00a0<\/strong>Proces online kupovine jednako funkcionira za sve kupce, s jedinom razlikom u tome \u0161to \u0161to kupci iz inozemstva za podru\u010dje dostave moraju odabrati &#8220;Europa&#8221; ili &#8220;Ostale zemlje svijeta&#8221;, a za vrstu pla\u0107anja WSPay (kreditna kartica) ili Virmanom (bankovni transfer).<\/p>\n<p style=\"text-align: justify;\">Molimo kliknite ovdje za\u00a0<a href=\"hr\/kako-kupovati\">detaljni vodi\u010d kroz proces narud\u017ebe<\/a>\u00a0ili nas\u00a0<a href=\"hr\/kontakt\">kontaktirajte<\/a>\u00a0za vi\u0161e informacija.<\/p>\n<p style=\"text-align: justify;\">\u00a0<\/p>\n","protected":false},"excerpt":{"rendered":"<p>Sa\u017eetak:Roman KOMMUNALKA prati izmi\u0161ljene likove i doga\u0111aje u nekada\u0161njem Sovjetskom Savezu kroz glavni lik Sergeja Parolowa. Ideja industrijalizacije i elektrifikacije ratom opusto\u0161enog Sovjetskog Saveza bila je idejno monumentalna, ali u stvarnosti katastrofalna. \u0160esto more po veli\u010dini \u2013 Aralsko more, isu\u0161eno je kako bi zelene ameri\u010dke nov\u010danice bile zasijane u pustinji u obliku pamuka. Jer Domovina [&hellip;]<\/p>\n","protected":false},"featured_media":8991,"comment_status":"open","ping_status":"closed","template":"","meta":{"_acf_changed":false},"product_brand":[],"product_cat":[1383,1385],"product_tag":[],"class_list":{"0":"post-8990","1":"product","2":"type-product","3":"status-publish","4":"has-post-thumbnail","6":"product_cat-knjige","7":"product_cat-knjizevnost","8":"pa_autor-drago-nakir","9":"pa_nakladnik-redak","11":"first","12":"instock","13":"shipping-taxable","14":"purchasable","15":"product-type-simple"},"acf":[],"yoast_head":"<!-- This site is optimized with the Yoast SEO plugin v27.3 - https:\/\/yoast.com\/product\/yoast-seo-wordpress\/ -->\n<title>KOMMUNALKA, Drago Nakir - Web-knji\u017eara<\/title>\n<meta name=\"robots\" content=\"index, follow, max-snippet:-1, max-image-preview:large, max-video-preview:-1\" \/>\n<link rel=\"canonical\" href=\"https:\/\/webknjizara.hr\/proizvod\/kommunalka-drago-nakir\/\" \/>\n<meta property=\"og:locale\" content=\"en_US\" \/>\n<meta property=\"og:type\" content=\"article\" \/>\n<meta property=\"og:title\" content=\"KOMMUNALKA, Drago Nakir - Web-knji\u017eara\" \/>\n<meta property=\"og:description\" content=\"Sa\u017eetak:Roman KOMMUNALKA prati izmi\u0161ljene likove i doga\u0111aje u nekada\u0161njem Sovjetskom Savezu kroz glavni lik Sergeja Parolowa. Ideja industrijalizacije i elektrifikacije ratom opusto\u0161enog Sovjetskog Saveza bila je idejno monumentalna, ali u stvarnosti katastrofalna. \u0160esto more po veli\u010dini \u2013 Aralsko more, isu\u0161eno je kako bi zelene ameri\u010dke nov\u010danice bile zasijane u pustinji u obliku pamuka. Jer Domovina [&hellip;]\" \/>\n<meta property=\"og:url\" content=\"https:\/\/webknjizara.hr\/proizvod\/kommunalka-drago-nakir\/\" \/>\n<meta property=\"og:site_name\" content=\"Web-knji\u017eara\" \/>\n<meta property=\"article:modified_time\" content=\"2023-02-26T23:17:46+00:00\" \/>\n<meta property=\"og:image\" content=\"https:\/\/webknjizara.hr\/wp-content\/uploads\/nc\/images\/virtuemart\/product\/kommunalka_WK_-NASLOVNICA.jpg\" \/>\n\t<meta property=\"og:image:width\" content=\"573\" \/>\n\t<meta property=\"og:image:height\" content=\"800\" \/>\n\t<meta property=\"og:image:type\" content=\"image\/jpeg\" \/>\n<meta name=\"twitter:card\" content=\"summary_large_image\" \/>\n<meta name=\"twitter:label1\" content=\"Est. reading time\" \/>\n\t<meta name=\"twitter:data1\" content=\"2 minutes\" \/>\n<script type=\"application\/ld+json\" class=\"yoast-schema-graph\">{\"@context\":\"https:\\\/\\\/schema.org\",\"@graph\":[{\"@type\":\"WebPage\",\"@id\":\"https:\\\/\\\/webknjizara.hr\\\/proizvod\\\/kommunalka-drago-nakir\\\/\",\"url\":\"https:\\\/\\\/webknjizara.hr\\\/proizvod\\\/kommunalka-drago-nakir\\\/\",\"name\":\"KOMMUNALKA, Drago Nakir - Web-knji\u017eara\",\"isPartOf\":{\"@id\":\"https:\\\/\\\/webknjizara.hr\\\/#website\"},\"primaryImageOfPage\":{\"@id\":\"https:\\\/\\\/webknjizara.hr\\\/proizvod\\\/kommunalka-drago-nakir\\\/#primaryimage\"},\"image\":{\"@id\":\"https:\\\/\\\/webknjizara.hr\\\/proizvod\\\/kommunalka-drago-nakir\\\/#primaryimage\"},\"thumbnailUrl\":\"https:\\\/\\\/webknjizara.hr\\\/wp-content\\\/uploads\\\/nc\\\/images\\\/virtuemart\\\/product\\\/kommunalka_WK_-NASLOVNICA.jpg\",\"datePublished\":\"2019-05-13T09:51:44+00:00\",\"dateModified\":\"2023-02-26T23:17:46+00:00\",\"breadcrumb\":{\"@id\":\"https:\\\/\\\/webknjizara.hr\\\/proizvod\\\/kommunalka-drago-nakir\\\/#breadcrumb\"},\"inLanguage\":\"en-US\",\"potentialAction\":[{\"@type\":\"ReadAction\",\"target\":[\"https:\\\/\\\/webknjizara.hr\\\/proizvod\\\/kommunalka-drago-nakir\\\/\"]}]},{\"@type\":\"ImageObject\",\"inLanguage\":\"en-US\",\"@id\":\"https:\\\/\\\/webknjizara.hr\\\/proizvod\\\/kommunalka-drago-nakir\\\/#primaryimage\",\"url\":\"https:\\\/\\\/webknjizara.hr\\\/wp-content\\\/uploads\\\/nc\\\/images\\\/virtuemart\\\/product\\\/kommunalka_WK_-NASLOVNICA.jpg\",\"contentUrl\":\"https:\\\/\\\/webknjizara.hr\\\/wp-content\\\/uploads\\\/nc\\\/images\\\/virtuemart\\\/product\\\/kommunalka_WK_-NASLOVNICA.jpg\",\"width\":573,\"height\":800,\"caption\":\"KOMMUNALKA, Drago Nakir\"},{\"@type\":\"BreadcrumbList\",\"@id\":\"https:\\\/\\\/webknjizara.hr\\\/proizvod\\\/kommunalka-drago-nakir\\\/#breadcrumb\",\"itemListElement\":[{\"@type\":\"ListItem\",\"position\":1,\"name\":\"Po\u010detna stranica\",\"item\":\"https:\\\/\\\/webknjizara.hr\\\/en\\\/\"},{\"@type\":\"ListItem\",\"position\":2,\"name\":\"Shop\",\"item\":\"https:\\\/\\\/webknjizara.hr\\\/shop\\\/\"},{\"@type\":\"ListItem\",\"position\":3,\"name\":\"KOMMUNALKA, Drago Nakir\"}]},{\"@type\":\"WebSite\",\"@id\":\"https:\\\/\\\/webknjizara.hr\\\/#website\",\"url\":\"https:\\\/\\\/webknjizara.hr\\\/\",\"name\":\"Web Knji\u017eara\",\"description\":\"\",\"publisher\":{\"@id\":\"https:\\\/\\\/webknjizara.hr\\\/#organization\"},\"potentialAction\":[{\"@type\":\"SearchAction\",\"target\":{\"@type\":\"EntryPoint\",\"urlTemplate\":\"https:\\\/\\\/webknjizara.hr\\\/?s={search_term_string}\"},\"query-input\":{\"@type\":\"PropertyValueSpecification\",\"valueRequired\":true,\"valueName\":\"search_term_string\"}}],\"inLanguage\":\"en-US\"},{\"@type\":\"Organization\",\"@id\":\"https:\\\/\\\/webknjizara.hr\\\/#organization\",\"name\":\"REDAK D.O.O.\",\"url\":\"https:\\\/\\\/webknjizara.hr\\\/\",\"logo\":{\"@type\":\"ImageObject\",\"inLanguage\":\"en-US\",\"@id\":\"https:\\\/\\\/webknjizara.hr\\\/#\\\/schema\\\/logo\\\/image\\\/\",\"url\":\"https:\\\/\\\/webknjizara.hr\\\/wp-content\\\/uploads\\\/2023\\\/01\\\/web-knjizara-logo.webp\",\"contentUrl\":\"https:\\\/\\\/webknjizara.hr\\\/wp-content\\\/uploads\\\/2023\\\/01\\\/web-knjizara-logo.webp\",\"width\":324,\"height\":79,\"caption\":\"REDAK D.O.O.\"},\"image\":{\"@id\":\"https:\\\/\\\/webknjizara.hr\\\/#\\\/schema\\\/logo\\\/image\\\/\"}}]}<\/script>\n<!-- \/ Yoast SEO plugin. -->","yoast_head_json":{"title":"KOMMUNALKA, Drago Nakir - Web-knji\u017eara","robots":{"index":"index","follow":"follow","max-snippet":"max-snippet:-1","max-image-preview":"max-image-preview:large","max-video-preview":"max-video-preview:-1"},"canonical":"https:\/\/webknjizara.hr\/proizvod\/kommunalka-drago-nakir\/","og_locale":"en_US","og_type":"article","og_title":"KOMMUNALKA, Drago Nakir - Web-knji\u017eara","og_description":"Sa\u017eetak:Roman KOMMUNALKA prati izmi\u0161ljene likove i doga\u0111aje u nekada\u0161njem Sovjetskom Savezu kroz glavni lik Sergeja Parolowa. Ideja industrijalizacije i elektrifikacije ratom opusto\u0161enog Sovjetskog Saveza bila je idejno monumentalna, ali u stvarnosti katastrofalna. \u0160esto more po veli\u010dini \u2013 Aralsko more, isu\u0161eno je kako bi zelene ameri\u010dke nov\u010danice bile zasijane u pustinji u obliku pamuka. Jer Domovina [&hellip;]","og_url":"https:\/\/webknjizara.hr\/proizvod\/kommunalka-drago-nakir\/","og_site_name":"Web-knji\u017eara","article_modified_time":"2023-02-26T23:17:46+00:00","og_image":[{"width":573,"height":800,"url":"https:\/\/webknjizara.hr\/wp-content\/uploads\/nc\/images\/virtuemart\/product\/kommunalka_WK_-NASLOVNICA.jpg","type":"image\/jpeg"}],"twitter_card":"summary_large_image","twitter_misc":{"Est. reading time":"2 minutes"},"schema":{"@context":"https:\/\/schema.org","@graph":[{"@type":"WebPage","@id":"https:\/\/webknjizara.hr\/proizvod\/kommunalka-drago-nakir\/","url":"https:\/\/webknjizara.hr\/proizvod\/kommunalka-drago-nakir\/","name":"KOMMUNALKA, Drago Nakir - Web-knji\u017eara","isPartOf":{"@id":"https:\/\/webknjizara.hr\/#website"},"primaryImageOfPage":{"@id":"https:\/\/webknjizara.hr\/proizvod\/kommunalka-drago-nakir\/#primaryimage"},"image":{"@id":"https:\/\/webknjizara.hr\/proizvod\/kommunalka-drago-nakir\/#primaryimage"},"thumbnailUrl":"https:\/\/webknjizara.hr\/wp-content\/uploads\/nc\/images\/virtuemart\/product\/kommunalka_WK_-NASLOVNICA.jpg","datePublished":"2019-05-13T09:51:44+00:00","dateModified":"2023-02-26T23:17:46+00:00","breadcrumb":{"@id":"https:\/\/webknjizara.hr\/proizvod\/kommunalka-drago-nakir\/#breadcrumb"},"inLanguage":"en-US","potentialAction":[{"@type":"ReadAction","target":["https:\/\/webknjizara.hr\/proizvod\/kommunalka-drago-nakir\/"]}]},{"@type":"ImageObject","inLanguage":"en-US","@id":"https:\/\/webknjizara.hr\/proizvod\/kommunalka-drago-nakir\/#primaryimage","url":"https:\/\/webknjizara.hr\/wp-content\/uploads\/nc\/images\/virtuemart\/product\/kommunalka_WK_-NASLOVNICA.jpg","contentUrl":"https:\/\/webknjizara.hr\/wp-content\/uploads\/nc\/images\/virtuemart\/product\/kommunalka_WK_-NASLOVNICA.jpg","width":573,"height":800,"caption":"KOMMUNALKA, Drago Nakir"},{"@type":"BreadcrumbList","@id":"https:\/\/webknjizara.hr\/proizvod\/kommunalka-drago-nakir\/#breadcrumb","itemListElement":[{"@type":"ListItem","position":1,"name":"Po\u010detna stranica","item":"https:\/\/webknjizara.hr\/en\/"},{"@type":"ListItem","position":2,"name":"Shop","item":"https:\/\/webknjizara.hr\/shop\/"},{"@type":"ListItem","position":3,"name":"KOMMUNALKA, Drago Nakir"}]},{"@type":"WebSite","@id":"https:\/\/webknjizara.hr\/#website","url":"https:\/\/webknjizara.hr\/","name":"Web Knji\u017eara","description":"","publisher":{"@id":"https:\/\/webknjizara.hr\/#organization"},"potentialAction":[{"@type":"SearchAction","target":{"@type":"EntryPoint","urlTemplate":"https:\/\/webknjizara.hr\/?s={search_term_string}"},"query-input":{"@type":"PropertyValueSpecification","valueRequired":true,"valueName":"search_term_string"}}],"inLanguage":"en-US"},{"@type":"Organization","@id":"https:\/\/webknjizara.hr\/#organization","name":"REDAK D.O.O.","url":"https:\/\/webknjizara.hr\/","logo":{"@type":"ImageObject","inLanguage":"en-US","@id":"https:\/\/webknjizara.hr\/#\/schema\/logo\/image\/","url":"https:\/\/webknjizara.hr\/wp-content\/uploads\/2023\/01\/web-knjizara-logo.webp","contentUrl":"https:\/\/webknjizara.hr\/wp-content\/uploads\/2023\/01\/web-knjizara-logo.webp","width":324,"height":79,"caption":"REDAK D.O.O."},"image":{"@id":"https:\/\/webknjizara.hr\/#\/schema\/logo\/image\/"}}]}},"_links":{"self":[{"href":"https:\/\/webknjizara.hr\/en\/wp-json\/wp\/v2\/product\/8990","targetHints":{"allow":["GET"]}}],"collection":[{"href":"https:\/\/webknjizara.hr\/en\/wp-json\/wp\/v2\/product"}],"about":[{"href":"https:\/\/webknjizara.hr\/en\/wp-json\/wp\/v2\/types\/product"}],"replies":[{"embeddable":true,"href":"https:\/\/webknjizara.hr\/en\/wp-json\/wp\/v2\/comments?post=8990"}],"wp:featuredmedia":[{"embeddable":true,"href":"https:\/\/webknjizara.hr\/en\/wp-json\/wp\/v2\/media\/8991"}],"wp:attachment":[{"href":"https:\/\/webknjizara.hr\/en\/wp-json\/wp\/v2\/media?parent=8990"}],"wp:term":[{"taxonomy":"product_brand","embeddable":true,"href":"https:\/\/webknjizara.hr\/en\/wp-json\/wp\/v2\/product_brand?post=8990"},{"taxonomy":"product_cat","embeddable":true,"href":"https:\/\/webknjizara.hr\/en\/wp-json\/wp\/v2\/product_cat?post=8990"},{"taxonomy":"product_tag","embeddable":true,"href":"https:\/\/webknjizara.hr\/en\/wp-json\/wp\/v2\/product_tag?post=8990"}],"curies":[{"name":"wp","href":"https:\/\/api.w.org\/{rel}","templated":true}]}}