{"id":8984,"date":"2019-05-10T16:26:38","date_gmt":"2019-05-10T16:26:38","guid":{"rendered":"https:\/\/webknjizara.hr\/?product=skipper-pre-course-preparation-priprema-za-tecajeve-marina-matic"},"modified":"2023-02-27T00:17:46","modified_gmt":"2023-02-26T23:17:46","slug":"skipper-pre-course-preparation-priprema-za-tecajeve-marina-matic","status":"publish","type":"product","link":"https:\/\/webknjizara.hr\/en\/proizvod\/skipper-pre-course-preparation-priprema-za-tecajeve-marina-matic\/","title":{"rendered":"SKIPPER Pre-course preparation priprema za te\u010dajeve, Marina Mati\u0107"},"content":{"rendered":"<p style=\"text-align: justify;\"><strong>Sa\u017eetak:<\/strong> <\/p>\n<p>Priprema za te\u010dajeve je upravo kao \u0161to naziv ka\u017ee,\u00a0skup podsjetnika iz znanja osnovne i srednje \u0161kole koji su potrebni kao predznanje za te\u010dajeve za voditelja brodice i zapovjednika jahti.<\/p>\n<p>Pre-course preparation is meant to be a booklet to\u00a0remind you on the subjects you learned through\u00a0elementary and high school but are necessary as\u00a0pre-knowledge for boat leader and yacht master courses.<\/p>\n<p style=\"text-align: justify;\"><strong>Bilje\u0161ka o autorici:<\/strong> <\/p>\n<p>Marina Mati\u0107, magistrica in\u017eenjerka pomorskog prometa,\u00a0ro\u0111ena je 1981. godine u \u0160ibeniku.\u00a0Nakon zavr\u0161ene srednje Prometno-tehni\u010dke \u0161kole u \u0160ibeniku i Pomorskog fakulteta u Splitu, odra\u0111uje vje\u017ebeni\u010dki sta\u017e i zapo\u0161ljava se kao predava\u010d i\u00a0konzultant u edukaciji i razvoju edukacije pomoraca u\u00a0pomorskom u\u010dili\u0161tu ADRIALIBAR.<\/p>\n<p>Koriste\u0107i informacijske tehnologije, nastoji pribli\u017eiti i olak\u0161ati edukativni proces pomorskim nauti\u010darima u\u00a0Republici Hrvatskoj i \u0161iroj regiji.<\/p>\n<p style=\"text-align: justify;\"><strong>Klju\u010dne rije\u010di:<\/strong> Nautika, voditelj brodice, zapovjednik jahte<br \/><strong><br \/>Link:<\/strong> <a href=\"http:\/\/www.marinapomorac.com\" target=\"_blank\" rel=\"noopener noreferrer\">www.marinapomorac.com <\/a><br \/><strong>E-mail:<\/strong> <a href=\"mailto:marinapomorac@gmail.com\">Marina Mati\u0107<br \/><\/a><br \/><strong>Naslov:<\/strong> SKIPPER Pre-course preparation priprema za te\u010dajeve<br \/><strong>Autorica:<\/strong> Marina Mati\u0107<br \/><strong>Broj stranica:<\/strong> 120<br \/><strong>Nakladnik:<\/strong> REDAK<br \/><strong>Godina izdanja:<\/strong> 2019.<br \/><strong>ISBN:<\/strong> 978-953-336-583-1<br \/><strong>Tisak:<\/strong> digitalni tisak knjiga &#8211; print na zahtjev\u00a0<\/p>\n<hr \/>\n<p style=\"font-weight: 400; text-align: justify;\"><strong>Kako naru\u010diti knjigu?\u00a0<\/strong>Proces online kupovine jednako funkcionira za sve kupce, s jedinom razlikom u tome \u0161to \u0161to kupci iz inozemstva za podru\u010dje dostave moraju odabrati &#8220;Europa&#8221; ili &#8220;Ostale zemlje svijeta&#8221;, a za vrstu pla\u0107anja WSPay (kreditna kartica) ili Virmanom (bankovni transfer).<\/p>\n<p style=\"font-weight: 400; text-align: justify;\">Molimo kliknite ovdje za\u00a0<a href=\"hr\/kako-kupovati\">detaljni vodi\u010d kroz proces narud\u017ebe<\/a>\u00a0ili nas\u00a0<a href=\"hr\/kontakt\">kontaktirajte<\/a>\u00a0za vi\u0161e informacija.<\/p>\n<p style=\"font-weight: 400; text-align: justify;\">\u00a0<\/p>\n","protected":false},"excerpt":{"rendered":"<p>Sa\u017eetak: Priprema za te\u010dajeve je upravo kao \u0161to naziv ka\u017ee,\u00a0skup podsjetnika iz znanja osnovne i srednje \u0161kole koji su potrebni kao predznanje za te\u010dajeve za voditelja brodice i zapovjednika jahti. Pre-course preparation is meant to be a booklet to\u00a0remind you on the subjects you learned through\u00a0elementary and high school but are necessary as\u00a0pre-knowledge for boat [&hellip;]<\/p>\n","protected":false},"featured_media":8985,"comment_status":"open","ping_status":"closed","template":"","meta":{"_acf_changed":false},"product_brand":[],"product_cat":[1517],"product_tag":[],"class_list":{"0":"post-8984","1":"product","2":"type-product","3":"status-publish","4":"has-post-thumbnail","6":"product_cat-strucna-literatura","7":"pa_autor-marina-matic","8":"pa_nakladnik-redak","10":"first","11":"instock","12":"shipping-taxable","13":"purchasable","14":"product-type-simple"},"acf":[],"yoast_head":"<!-- This site is optimized with the Yoast SEO plugin v27.3 - https:\/\/yoast.com\/product\/yoast-seo-wordpress\/ -->\n<title>SKIPPER Pre-course preparation priprema za te\u010dajeve, Marina Mati\u0107 - Web-knji\u017eara<\/title>\n<meta name=\"robots\" content=\"index, follow, max-snippet:-1, max-image-preview:large, max-video-preview:-1\" \/>\n<link rel=\"canonical\" href=\"https:\/\/webknjizara.hr\/proizvod\/skipper-pre-course-preparation-priprema-za-tecajeve-marina-matic\/\" \/>\n<meta property=\"og:locale\" content=\"en_US\" \/>\n<meta property=\"og:type\" content=\"article\" \/>\n<meta property=\"og:title\" content=\"SKIPPER Pre-course preparation priprema za te\u010dajeve, Marina Mati\u0107 - Web-knji\u017eara\" \/>\n<meta property=\"og:description\" content=\"Sa\u017eetak: Priprema za te\u010dajeve je upravo kao \u0161to naziv ka\u017ee,\u00a0skup podsjetnika iz znanja osnovne i srednje \u0161kole koji su potrebni kao predznanje za te\u010dajeve za voditelja brodice i zapovjednika jahti. Pre-course preparation is meant to be a booklet to\u00a0remind you on the subjects you learned through\u00a0elementary and high school but are necessary as\u00a0pre-knowledge for boat [&hellip;]\" \/>\n<meta property=\"og:url\" content=\"https:\/\/webknjizara.hr\/proizvod\/skipper-pre-course-preparation-priprema-za-tecajeve-marina-matic\/\" \/>\n<meta property=\"og:site_name\" content=\"Web-knji\u017eara\" \/>\n<meta property=\"article:modified_time\" content=\"2023-02-26T23:17:46+00:00\" \/>\n<meta property=\"og:image\" content=\"https:\/\/webknjizara.hr\/wp-content\/uploads\/nc\/images\/virtuemart\/product\/0899_191428_korica-WK.jpg\" \/>\n\t<meta property=\"og:image:width\" content=\"283\" \/>\n\t<meta property=\"og:image:height\" content=\"415\" \/>\n\t<meta property=\"og:image:type\" content=\"image\/jpeg\" \/>\n<meta name=\"twitter:card\" content=\"summary_large_image\" \/>\n<meta name=\"twitter:label1\" content=\"Est. reading time\" \/>\n\t<meta name=\"twitter:data1\" content=\"1 minute\" \/>\n<script type=\"application\/ld+json\" class=\"yoast-schema-graph\">{\"@context\":\"https:\\\/\\\/schema.org\",\"@graph\":[{\"@type\":\"WebPage\",\"@id\":\"https:\\\/\\\/webknjizara.hr\\\/proizvod\\\/skipper-pre-course-preparation-priprema-za-tecajeve-marina-matic\\\/\",\"url\":\"https:\\\/\\\/webknjizara.hr\\\/proizvod\\\/skipper-pre-course-preparation-priprema-za-tecajeve-marina-matic\\\/\",\"name\":\"SKIPPER Pre-course preparation priprema za te\u010dajeve, Marina Mati\u0107 - Web-knji\u017eara\",\"isPartOf\":{\"@id\":\"https:\\\/\\\/webknjizara.hr\\\/#website\"},\"primaryImageOfPage\":{\"@id\":\"https:\\\/\\\/webknjizara.hr\\\/proizvod\\\/skipper-pre-course-preparation-priprema-za-tecajeve-marina-matic\\\/#primaryimage\"},\"image\":{\"@id\":\"https:\\\/\\\/webknjizara.hr\\\/proizvod\\\/skipper-pre-course-preparation-priprema-za-tecajeve-marina-matic\\\/#primaryimage\"},\"thumbnailUrl\":\"https:\\\/\\\/webknjizara.hr\\\/wp-content\\\/uploads\\\/nc\\\/images\\\/virtuemart\\\/product\\\/0899_191428_korica-WK.jpg\",\"datePublished\":\"2019-05-10T16:26:38+00:00\",\"dateModified\":\"2023-02-26T23:17:46+00:00\",\"breadcrumb\":{\"@id\":\"https:\\\/\\\/webknjizara.hr\\\/proizvod\\\/skipper-pre-course-preparation-priprema-za-tecajeve-marina-matic\\\/#breadcrumb\"},\"inLanguage\":\"en-US\",\"potentialAction\":[{\"@type\":\"ReadAction\",\"target\":[\"https:\\\/\\\/webknjizara.hr\\\/proizvod\\\/skipper-pre-course-preparation-priprema-za-tecajeve-marina-matic\\\/\"]}]},{\"@type\":\"ImageObject\",\"inLanguage\":\"en-US\",\"@id\":\"https:\\\/\\\/webknjizara.hr\\\/proizvod\\\/skipper-pre-course-preparation-priprema-za-tecajeve-marina-matic\\\/#primaryimage\",\"url\":\"https:\\\/\\\/webknjizara.hr\\\/wp-content\\\/uploads\\\/nc\\\/images\\\/virtuemart\\\/product\\\/0899_191428_korica-WK.jpg\",\"contentUrl\":\"https:\\\/\\\/webknjizara.hr\\\/wp-content\\\/uploads\\\/nc\\\/images\\\/virtuemart\\\/product\\\/0899_191428_korica-WK.jpg\",\"width\":283,\"height\":415,\"caption\":\"SKIPPER Pre-course preparation priprema za te\u010dajeve, Marina Mati\u0107\"},{\"@type\":\"BreadcrumbList\",\"@id\":\"https:\\\/\\\/webknjizara.hr\\\/proizvod\\\/skipper-pre-course-preparation-priprema-za-tecajeve-marina-matic\\\/#breadcrumb\",\"itemListElement\":[{\"@type\":\"ListItem\",\"position\":1,\"name\":\"Po\u010detna stranica\",\"item\":\"https:\\\/\\\/webknjizara.hr\\\/en\\\/\"},{\"@type\":\"ListItem\",\"position\":2,\"name\":\"Shop\",\"item\":\"https:\\\/\\\/webknjizara.hr\\\/shop\\\/\"},{\"@type\":\"ListItem\",\"position\":3,\"name\":\"SKIPPER Pre-course preparation priprema za te\u010dajeve, Marina Mati\u0107\"}]},{\"@type\":\"WebSite\",\"@id\":\"https:\\\/\\\/webknjizara.hr\\\/#website\",\"url\":\"https:\\\/\\\/webknjizara.hr\\\/\",\"name\":\"Web Knji\u017eara\",\"description\":\"\",\"publisher\":{\"@id\":\"https:\\\/\\\/webknjizara.hr\\\/#organization\"},\"potentialAction\":[{\"@type\":\"SearchAction\",\"target\":{\"@type\":\"EntryPoint\",\"urlTemplate\":\"https:\\\/\\\/webknjizara.hr\\\/?s={search_term_string}\"},\"query-input\":{\"@type\":\"PropertyValueSpecification\",\"valueRequired\":true,\"valueName\":\"search_term_string\"}}],\"inLanguage\":\"en-US\"},{\"@type\":\"Organization\",\"@id\":\"https:\\\/\\\/webknjizara.hr\\\/#organization\",\"name\":\"REDAK D.O.O.\",\"url\":\"https:\\\/\\\/webknjizara.hr\\\/\",\"logo\":{\"@type\":\"ImageObject\",\"inLanguage\":\"en-US\",\"@id\":\"https:\\\/\\\/webknjizara.hr\\\/#\\\/schema\\\/logo\\\/image\\\/\",\"url\":\"https:\\\/\\\/webknjizara.hr\\\/wp-content\\\/uploads\\\/2023\\\/01\\\/web-knjizara-logo.webp\",\"contentUrl\":\"https:\\\/\\\/webknjizara.hr\\\/wp-content\\\/uploads\\\/2023\\\/01\\\/web-knjizara-logo.webp\",\"width\":324,\"height\":79,\"caption\":\"REDAK D.O.O.\"},\"image\":{\"@id\":\"https:\\\/\\\/webknjizara.hr\\\/#\\\/schema\\\/logo\\\/image\\\/\"}}]}<\/script>\n<!-- \/ Yoast SEO plugin. -->","yoast_head_json":{"title":"SKIPPER Pre-course preparation priprema za te\u010dajeve, Marina Mati\u0107 - Web-knji\u017eara","robots":{"index":"index","follow":"follow","max-snippet":"max-snippet:-1","max-image-preview":"max-image-preview:large","max-video-preview":"max-video-preview:-1"},"canonical":"https:\/\/webknjizara.hr\/proizvod\/skipper-pre-course-preparation-priprema-za-tecajeve-marina-matic\/","og_locale":"en_US","og_type":"article","og_title":"SKIPPER Pre-course preparation priprema za te\u010dajeve, Marina Mati\u0107 - Web-knji\u017eara","og_description":"Sa\u017eetak: Priprema za te\u010dajeve je upravo kao \u0161to naziv ka\u017ee,\u00a0skup podsjetnika iz znanja osnovne i srednje \u0161kole koji su potrebni kao predznanje za te\u010dajeve za voditelja brodice i zapovjednika jahti. Pre-course preparation is meant to be a booklet to\u00a0remind you on the subjects you learned through\u00a0elementary and high school but are necessary as\u00a0pre-knowledge for boat [&hellip;]","og_url":"https:\/\/webknjizara.hr\/proizvod\/skipper-pre-course-preparation-priprema-za-tecajeve-marina-matic\/","og_site_name":"Web-knji\u017eara","article_modified_time":"2023-02-26T23:17:46+00:00","og_image":[{"width":283,"height":415,"url":"https:\/\/webknjizara.hr\/wp-content\/uploads\/nc\/images\/virtuemart\/product\/0899_191428_korica-WK.jpg","type":"image\/jpeg"}],"twitter_card":"summary_large_image","twitter_misc":{"Est. reading time":"1 minute"},"schema":{"@context":"https:\/\/schema.org","@graph":[{"@type":"WebPage","@id":"https:\/\/webknjizara.hr\/proizvod\/skipper-pre-course-preparation-priprema-za-tecajeve-marina-matic\/","url":"https:\/\/webknjizara.hr\/proizvod\/skipper-pre-course-preparation-priprema-za-tecajeve-marina-matic\/","name":"SKIPPER Pre-course preparation priprema za te\u010dajeve, Marina Mati\u0107 - Web-knji\u017eara","isPartOf":{"@id":"https:\/\/webknjizara.hr\/#website"},"primaryImageOfPage":{"@id":"https:\/\/webknjizara.hr\/proizvod\/skipper-pre-course-preparation-priprema-za-tecajeve-marina-matic\/#primaryimage"},"image":{"@id":"https:\/\/webknjizara.hr\/proizvod\/skipper-pre-course-preparation-priprema-za-tecajeve-marina-matic\/#primaryimage"},"thumbnailUrl":"https:\/\/webknjizara.hr\/wp-content\/uploads\/nc\/images\/virtuemart\/product\/0899_191428_korica-WK.jpg","datePublished":"2019-05-10T16:26:38+00:00","dateModified":"2023-02-26T23:17:46+00:00","breadcrumb":{"@id":"https:\/\/webknjizara.hr\/proizvod\/skipper-pre-course-preparation-priprema-za-tecajeve-marina-matic\/#breadcrumb"},"inLanguage":"en-US","potentialAction":[{"@type":"ReadAction","target":["https:\/\/webknjizara.hr\/proizvod\/skipper-pre-course-preparation-priprema-za-tecajeve-marina-matic\/"]}]},{"@type":"ImageObject","inLanguage":"en-US","@id":"https:\/\/webknjizara.hr\/proizvod\/skipper-pre-course-preparation-priprema-za-tecajeve-marina-matic\/#primaryimage","url":"https:\/\/webknjizara.hr\/wp-content\/uploads\/nc\/images\/virtuemart\/product\/0899_191428_korica-WK.jpg","contentUrl":"https:\/\/webknjizara.hr\/wp-content\/uploads\/nc\/images\/virtuemart\/product\/0899_191428_korica-WK.jpg","width":283,"height":415,"caption":"SKIPPER Pre-course preparation priprema za te\u010dajeve, Marina Mati\u0107"},{"@type":"BreadcrumbList","@id":"https:\/\/webknjizara.hr\/proizvod\/skipper-pre-course-preparation-priprema-za-tecajeve-marina-matic\/#breadcrumb","itemListElement":[{"@type":"ListItem","position":1,"name":"Po\u010detna stranica","item":"https:\/\/webknjizara.hr\/en\/"},{"@type":"ListItem","position":2,"name":"Shop","item":"https:\/\/webknjizara.hr\/shop\/"},{"@type":"ListItem","position":3,"name":"SKIPPER Pre-course preparation priprema za te\u010dajeve, Marina Mati\u0107"}]},{"@type":"WebSite","@id":"https:\/\/webknjizara.hr\/#website","url":"https:\/\/webknjizara.hr\/","name":"Web Knji\u017eara","description":"","publisher":{"@id":"https:\/\/webknjizara.hr\/#organization"},"potentialAction":[{"@type":"SearchAction","target":{"@type":"EntryPoint","urlTemplate":"https:\/\/webknjizara.hr\/?s={search_term_string}"},"query-input":{"@type":"PropertyValueSpecification","valueRequired":true,"valueName":"search_term_string"}}],"inLanguage":"en-US"},{"@type":"Organization","@id":"https:\/\/webknjizara.hr\/#organization","name":"REDAK D.O.O.","url":"https:\/\/webknjizara.hr\/","logo":{"@type":"ImageObject","inLanguage":"en-US","@id":"https:\/\/webknjizara.hr\/#\/schema\/logo\/image\/","url":"https:\/\/webknjizara.hr\/wp-content\/uploads\/2023\/01\/web-knjizara-logo.webp","contentUrl":"https:\/\/webknjizara.hr\/wp-content\/uploads\/2023\/01\/web-knjizara-logo.webp","width":324,"height":79,"caption":"REDAK D.O.O."},"image":{"@id":"https:\/\/webknjizara.hr\/#\/schema\/logo\/image\/"}}]}},"_links":{"self":[{"href":"https:\/\/webknjizara.hr\/en\/wp-json\/wp\/v2\/product\/8984","targetHints":{"allow":["GET"]}}],"collection":[{"href":"https:\/\/webknjizara.hr\/en\/wp-json\/wp\/v2\/product"}],"about":[{"href":"https:\/\/webknjizara.hr\/en\/wp-json\/wp\/v2\/types\/product"}],"replies":[{"embeddable":true,"href":"https:\/\/webknjizara.hr\/en\/wp-json\/wp\/v2\/comments?post=8984"}],"wp:featuredmedia":[{"embeddable":true,"href":"https:\/\/webknjizara.hr\/en\/wp-json\/wp\/v2\/media\/8985"}],"wp:attachment":[{"href":"https:\/\/webknjizara.hr\/en\/wp-json\/wp\/v2\/media?parent=8984"}],"wp:term":[{"taxonomy":"product_brand","embeddable":true,"href":"https:\/\/webknjizara.hr\/en\/wp-json\/wp\/v2\/product_brand?post=8984"},{"taxonomy":"product_cat","embeddable":true,"href":"https:\/\/webknjizara.hr\/en\/wp-json\/wp\/v2\/product_cat?post=8984"},{"taxonomy":"product_tag","embeddable":true,"href":"https:\/\/webknjizara.hr\/en\/wp-json\/wp\/v2\/product_tag?post=8984"}],"curies":[{"name":"wp","href":"https:\/\/api.w.org\/{rel}","templated":true}]}}