{"id":8976,"date":"2019-04-26T08:21:12","date_gmt":"2019-04-26T08:21:12","guid":{"rendered":"https:\/\/webknjizara.hr\/?product=huligan-pero-3-jure-karamarko"},"modified":"2023-02-27T00:17:45","modified_gmt":"2023-02-26T23:17:45","slug":"huligan-pero-3-jure-karamarko","status":"publish","type":"product","link":"https:\/\/webknjizara.hr\/en\/proizvod\/huligan-pero-3-jure-karamarko\/","title":{"rendered":"HULIGAN PERO 3, Jure Karamarko"},"content":{"rendered":"<p style=\"text-align: justify;\"><strong>Sa\u017eetak\u00a0<a href=\"knjige\/proza\/huligan-pero-jure-karamarko\" target=\"_blank\" rel=\"noopener noreferrer\">1. dijela<\/a>:\u00a0<\/p>\n<p><\/strong>Huligan Pero nastao je iz serijala kratkih pri\u010da koje je autor Jure Karamarko objavljivao na Facebooku pred 11.000 \u010ditatelja svakodnevno vi\u0161e od dvije godine. Pero je imaginarni lik iz Splita, veliki navija\u010d nogometnog kluba Hajduk, romanti\u010dar, emotivac i veliki borac. Za pravdu, za ideale i neku svijetliju budu\u0107nost u zemlji gdje su mnogi pognuli glavu.<br \/><strong><br \/>Sa\u017eetak<\/strong> <a href=\"knjige\/proza\/huligan-pero-2-jure-karamarko\" target=\"_blank\" rel=\"noopener noreferrer\">2. dijela<\/a><strong>:\u00a0<\/p>\n<p><\/strong>Kakva se drama dogodila? Tko visi obje\u0161en na stablu? Gdje je susjed Ante? Kako su je Pero, Ivana, Luca i ekipa? Je l&#8217; Frane i dalje nesta\u0161an? Gdje je Mara u toj pri\u010di? Kako se Pero sprema za glasanje? Bole li ga porazi? Provodi li one no\u0107i na balkonu uz duvan i dalje? Kako je u novom kvartu? Je l&#8217; trafika \u017eiva? Kako ide posao koji je pokrenuo? Kamatere li ga i dalje?\u00a0 Saznajte u nastavku&#8230;<strong><\/p>\n<p>Sa\u017eetak\u00a03. dijela:<\/p>\n<p><\/strong>Tre\u0107i dio serijala otkriva nam kako je pro\u0161la stabilizacija nakon velikih drama u drugom nastavku. Pero je jedno vrijeme \u017eivio i radio u Zagrebu. Dani bez Ivane, bez male, bez Splita i Hajduka su ga ubijali&#8230;<br \/><strong><br \/>Bilje\u0161ka o autoru:<br \/><\/strong> <br \/>Bilo bi glupo i uvredljivo napisati da je Jure Karamarko u ovom trenutku aktivni navija\u010d koji, eto, pi\u0161e navija\u010dke romane. Slijedom mnogih \u017eivotnih okolnosti posljednjih godina, Jure se u svojim temama, knjigama, blogovima i tekstovima postavlja samo kao onaj koji novinarski pristupa navija\u010dkoj tematici. Dr\u017ei tu stranu u svojim tekstovima i temi i analizira ih sa strane &#8211; navija\u010dkim o\u010dima. Ve\u0107 neko vrijeme kao navija\u010d nije aktivan, ali je intenzivno anga\u017eiran u javnom pisanju i javnoj obrani navija\u010dkog poretka u zemlji gdje isti taj svijet pljuje vi\u0161e od \u010detiri milijuna ljudi.<\/p>\n<p style=\"text-align: justify;\">Preko nekada\u0161njeg bloga Ispod tepiha prije puno godina, pa bloga Zadnji trzaj, koji je tada \u010dak otisnut u knjigu, sve do bloga Od subote do subote, razvijao se stil pisanja za specifi\u010dnu navija\u010dku publiku.<\/p>\n<p style=\"text-align: justify;\">Prvi navija\u010dki roman koji je Jure napisao, nosi ime Grafi\u010dar i pro\u010ditan je nekoliko tisu\u0107a puta. Nakon Grafi\u010dara Jure je napisao i nastavak i dao mu ime Genova. Iza toga je napisao zreliji roman Kradljivci snova te svakim sljede\u0107im uratkom popravlja i nadogra\u0111uje svoj stil pisanja u tom navija\u010dkom \u017eanru.<\/p>\n<p style=\"text-align: justify;\">Nakon Kradljivaca snova Jure je objavio roman Posljednja generacija istoka, a ni mjesec dana kasnije romane Zara i Padobran. Zara, koja u prvih nekoliko mjeseci osvaja publiku diljem zemlje, koja \u010dak i nije navija\u010dka, do\u017eivljava svoju veliku promociju u svibnju 2018-e godine pred krcatim Hrvatskim narodnim kazali\u0161tem u Zadru. To je bio jedan od vrhunaca Jurina spisateljstva. Samo nekoliko mjeseci nakon promocije romana Zara, Jure objavljuje roman Huligan Pero u tiskanom izdanju kojim nadma\u0161uje sve \u0161to je Zara prethodno postigla. U jednom trenutku roman Huligan Pero postao je tema na nacionalnim TV postajama, na portalima i u mnogim novinama. Pri\u010da koja je definitivno postigla uspjeh. Samo 90 dana nakon objave romana Huligan Pero, koji je nastajao tri godine, Jure objavljuje nastavak, roman Huligan Pero 2 koji je zavr\u0161io samo 64 dana nakon objave prvoga dijela.<\/p>\n<p>Ve\u0107 u sije\u010dnju 2019-e Jure objavljuje roman Grafi\u010dar u Genovi gdje spaja svoja dva romana u jedan. Grafi\u010dar i Genova tako \u010dine sada jedan zaseban roman. Par mjeseci iza Jure je napisao roman Huligan Pero 3 koji vi sada dr\u017eite u rukama i tako je poznati serijal dobio svoj nastavak.<\/p>\n<p><strong>Klju\u010dne rije\u010di:<\/strong> Jure, Karamarko, Huligan, Pero, Grafi\u010dar, Genova, Zara<\/p>\n<p><strong>Link:<\/strong>\u00a0<a href=\"http:\/\/www.jurekaramarko.com\" target=\"_blank\" rel=\"noopener noreferrer\">www.jurekaramarko.com<\/a> <br \/><strong>E-mail:<\/strong> <a href=\"mailto:Karamarko.team@gmail.com\">Jure Karamarko<br \/><\/a><br \/><strong>Naslov:<\/strong> Huligan Pero 3<br \/><strong>Autor:<\/strong> Jure Karamarko<br \/><strong>Broj stranica:<\/strong>\u00a098<br \/><strong>Nakladnik:<\/strong> REDAK<br \/><strong>Godina izdanja:<\/strong> 2019.<br \/><strong>ISBN:<\/strong> 978-953-336-585-5 (svezak 3), 978-953-336-539-8 (cjelina)<br \/><strong>Tisak:<\/strong> digitalni tisak knjiga &#8211; print na zahtjev\u00a0<\/p>\n<hr \/>\n<p style=\"font-weight: 400; text-align: justify;\"><strong>Kako naru\u010diti knjigu?\u00a0<\/strong>Proces online kupovine jednako funkcionira za sve kupce, s jedinom razlikom u tome \u0161to \u0161to kupci iz inozemstva za podru\u010dje dostave moraju odabrati &#8220;Europa&#8221; ili &#8220;Ostale zemlje svijeta&#8221;, a za vrstu pla\u0107anja WSPay (kreditna kartica) ili Virmanom (bankovni transfer).<\/p>\n<p style=\"font-weight: 400; text-align: justify;\">Molimo kliknite ovdje za\u00a0<a href=\"hr\/kako-kupovati\">detaljni vodi\u010d kroz proces narud\u017ebe<\/a>\u00a0ili nas\u00a0<a href=\"hr\/kontakt\">kontaktirajte<\/a>\u00a0za vi\u0161e informacija.<\/p>\n<p style=\"font-weight: 400; text-align: justify;\">\u00a0<\/p>\n","protected":false},"excerpt":{"rendered":"<p>Sa\u017eetak\u00a01. dijela:\u00a0 Huligan Pero nastao je iz serijala kratkih pri\u010da koje je autor Jure Karamarko objavljivao na Facebooku pred 11.000 \u010ditatelja svakodnevno vi\u0161e od dvije godine. Pero je imaginarni lik iz Splita, veliki navija\u010d nogometnog kluba Hajduk, romanti\u010dar, emotivac i veliki borac. Za pravdu, za ideale i neku svijetliju budu\u0107nost u zemlji gdje su mnogi [&hellip;]<\/p>\n","protected":false},"featured_media":8977,"comment_status":"open","ping_status":"closed","template":"","meta":{"_acf_changed":false},"product_brand":[],"product_cat":[1383,1385],"product_tag":[],"class_list":{"0":"post-8976","1":"product","2":"type-product","3":"status-publish","4":"has-post-thumbnail","6":"product_cat-knjige","7":"product_cat-knjizevnost","8":"pa_autor-jure-karamarko","9":"pa_nakladnik-redak","11":"first","12":"instock","13":"shipping-taxable","14":"purchasable","15":"product-type-simple"},"acf":[],"yoast_head":"<!-- This site is optimized with the Yoast SEO plugin v27.3 - https:\/\/yoast.com\/product\/yoast-seo-wordpress\/ -->\n<title>HULIGAN PERO 3, Jure Karamarko - Web-knji\u017eara<\/title>\n<meta name=\"robots\" content=\"index, follow, max-snippet:-1, max-image-preview:large, max-video-preview:-1\" \/>\n<link rel=\"canonical\" href=\"https:\/\/webknjizara.hr\/proizvod\/huligan-pero-3-jure-karamarko\/\" \/>\n<meta property=\"og:locale\" content=\"en_US\" \/>\n<meta property=\"og:type\" content=\"article\" \/>\n<meta property=\"og:title\" content=\"HULIGAN PERO 3, Jure Karamarko - Web-knji\u017eara\" \/>\n<meta property=\"og:description\" content=\"Sa\u017eetak\u00a01. dijela:\u00a0 Huligan Pero nastao je iz serijala kratkih pri\u010da koje je autor Jure Karamarko objavljivao na Facebooku pred 11.000 \u010ditatelja svakodnevno vi\u0161e od dvije godine. Pero je imaginarni lik iz Splita, veliki navija\u010d nogometnog kluba Hajduk, romanti\u010dar, emotivac i veliki borac. Za pravdu, za ideale i neku svijetliju budu\u0107nost u zemlji gdje su mnogi [&hellip;]\" \/>\n<meta property=\"og:url\" content=\"https:\/\/webknjizara.hr\/proizvod\/huligan-pero-3-jure-karamarko\/\" \/>\n<meta property=\"og:site_name\" content=\"Web-knji\u017eara\" \/>\n<meta property=\"article:modified_time\" content=\"2023-02-26T23:17:45+00:00\" \/>\n<meta property=\"og:image\" content=\"https:\/\/webknjizara.hr\/wp-content\/uploads\/nc\/images\/virtuemart\/product\/WK_hg3_NASLOVNICA_karamarko.jpg\" \/>\n\t<meta property=\"og:image:width\" content=\"573\" \/>\n\t<meta property=\"og:image:height\" content=\"800\" \/>\n\t<meta property=\"og:image:type\" content=\"image\/jpeg\" \/>\n<meta name=\"twitter:card\" content=\"summary_large_image\" \/>\n<meta name=\"twitter:label1\" content=\"Est. reading time\" \/>\n\t<meta name=\"twitter:data1\" content=\"3 minutes\" \/>\n<script type=\"application\/ld+json\" class=\"yoast-schema-graph\">{\"@context\":\"https:\\\/\\\/schema.org\",\"@graph\":[{\"@type\":\"WebPage\",\"@id\":\"https:\\\/\\\/webknjizara.hr\\\/proizvod\\\/huligan-pero-3-jure-karamarko\\\/\",\"url\":\"https:\\\/\\\/webknjizara.hr\\\/proizvod\\\/huligan-pero-3-jure-karamarko\\\/\",\"name\":\"HULIGAN PERO 3, Jure Karamarko - Web-knji\u017eara\",\"isPartOf\":{\"@id\":\"https:\\\/\\\/webknjizara.hr\\\/#website\"},\"primaryImageOfPage\":{\"@id\":\"https:\\\/\\\/webknjizara.hr\\\/proizvod\\\/huligan-pero-3-jure-karamarko\\\/#primaryimage\"},\"image\":{\"@id\":\"https:\\\/\\\/webknjizara.hr\\\/proizvod\\\/huligan-pero-3-jure-karamarko\\\/#primaryimage\"},\"thumbnailUrl\":\"https:\\\/\\\/webknjizara.hr\\\/wp-content\\\/uploads\\\/nc\\\/images\\\/virtuemart\\\/product\\\/WK_hg3_NASLOVNICA_karamarko.jpg\",\"datePublished\":\"2019-04-26T08:21:12+00:00\",\"dateModified\":\"2023-02-26T23:17:45+00:00\",\"breadcrumb\":{\"@id\":\"https:\\\/\\\/webknjizara.hr\\\/proizvod\\\/huligan-pero-3-jure-karamarko\\\/#breadcrumb\"},\"inLanguage\":\"en-US\",\"potentialAction\":[{\"@type\":\"ReadAction\",\"target\":[\"https:\\\/\\\/webknjizara.hr\\\/proizvod\\\/huligan-pero-3-jure-karamarko\\\/\"]}]},{\"@type\":\"ImageObject\",\"inLanguage\":\"en-US\",\"@id\":\"https:\\\/\\\/webknjizara.hr\\\/proizvod\\\/huligan-pero-3-jure-karamarko\\\/#primaryimage\",\"url\":\"https:\\\/\\\/webknjizara.hr\\\/wp-content\\\/uploads\\\/nc\\\/images\\\/virtuemart\\\/product\\\/WK_hg3_NASLOVNICA_karamarko.jpg\",\"contentUrl\":\"https:\\\/\\\/webknjizara.hr\\\/wp-content\\\/uploads\\\/nc\\\/images\\\/virtuemart\\\/product\\\/WK_hg3_NASLOVNICA_karamarko.jpg\",\"width\":573,\"height\":800,\"caption\":\"HULIGAN PERO 3, Jure Karamarko\"},{\"@type\":\"BreadcrumbList\",\"@id\":\"https:\\\/\\\/webknjizara.hr\\\/proizvod\\\/huligan-pero-3-jure-karamarko\\\/#breadcrumb\",\"itemListElement\":[{\"@type\":\"ListItem\",\"position\":1,\"name\":\"Po\u010detna stranica\",\"item\":\"https:\\\/\\\/webknjizara.hr\\\/en\\\/\"},{\"@type\":\"ListItem\",\"position\":2,\"name\":\"Shop\",\"item\":\"https:\\\/\\\/webknjizara.hr\\\/shop\\\/\"},{\"@type\":\"ListItem\",\"position\":3,\"name\":\"HULIGAN PERO 3, Jure Karamarko\"}]},{\"@type\":\"WebSite\",\"@id\":\"https:\\\/\\\/webknjizara.hr\\\/#website\",\"url\":\"https:\\\/\\\/webknjizara.hr\\\/\",\"name\":\"Web Knji\u017eara\",\"description\":\"\",\"publisher\":{\"@id\":\"https:\\\/\\\/webknjizara.hr\\\/#organization\"},\"potentialAction\":[{\"@type\":\"SearchAction\",\"target\":{\"@type\":\"EntryPoint\",\"urlTemplate\":\"https:\\\/\\\/webknjizara.hr\\\/?s={search_term_string}\"},\"query-input\":{\"@type\":\"PropertyValueSpecification\",\"valueRequired\":true,\"valueName\":\"search_term_string\"}}],\"inLanguage\":\"en-US\"},{\"@type\":\"Organization\",\"@id\":\"https:\\\/\\\/webknjizara.hr\\\/#organization\",\"name\":\"REDAK D.O.O.\",\"url\":\"https:\\\/\\\/webknjizara.hr\\\/\",\"logo\":{\"@type\":\"ImageObject\",\"inLanguage\":\"en-US\",\"@id\":\"https:\\\/\\\/webknjizara.hr\\\/#\\\/schema\\\/logo\\\/image\\\/\",\"url\":\"https:\\\/\\\/webknjizara.hr\\\/wp-content\\\/uploads\\\/2023\\\/01\\\/web-knjizara-logo.webp\",\"contentUrl\":\"https:\\\/\\\/webknjizara.hr\\\/wp-content\\\/uploads\\\/2023\\\/01\\\/web-knjizara-logo.webp\",\"width\":324,\"height\":79,\"caption\":\"REDAK D.O.O.\"},\"image\":{\"@id\":\"https:\\\/\\\/webknjizara.hr\\\/#\\\/schema\\\/logo\\\/image\\\/\"}}]}<\/script>\n<!-- \/ Yoast SEO plugin. -->","yoast_head_json":{"title":"HULIGAN PERO 3, Jure Karamarko - Web-knji\u017eara","robots":{"index":"index","follow":"follow","max-snippet":"max-snippet:-1","max-image-preview":"max-image-preview:large","max-video-preview":"max-video-preview:-1"},"canonical":"https:\/\/webknjizara.hr\/proizvod\/huligan-pero-3-jure-karamarko\/","og_locale":"en_US","og_type":"article","og_title":"HULIGAN PERO 3, Jure Karamarko - Web-knji\u017eara","og_description":"Sa\u017eetak\u00a01. dijela:\u00a0 Huligan Pero nastao je iz serijala kratkih pri\u010da koje je autor Jure Karamarko objavljivao na Facebooku pred 11.000 \u010ditatelja svakodnevno vi\u0161e od dvije godine. Pero je imaginarni lik iz Splita, veliki navija\u010d nogometnog kluba Hajduk, romanti\u010dar, emotivac i veliki borac. Za pravdu, za ideale i neku svijetliju budu\u0107nost u zemlji gdje su mnogi [&hellip;]","og_url":"https:\/\/webknjizara.hr\/proizvod\/huligan-pero-3-jure-karamarko\/","og_site_name":"Web-knji\u017eara","article_modified_time":"2023-02-26T23:17:45+00:00","og_image":[{"width":573,"height":800,"url":"https:\/\/webknjizara.hr\/wp-content\/uploads\/nc\/images\/virtuemart\/product\/WK_hg3_NASLOVNICA_karamarko.jpg","type":"image\/jpeg"}],"twitter_card":"summary_large_image","twitter_misc":{"Est. reading time":"3 minutes"},"schema":{"@context":"https:\/\/schema.org","@graph":[{"@type":"WebPage","@id":"https:\/\/webknjizara.hr\/proizvod\/huligan-pero-3-jure-karamarko\/","url":"https:\/\/webknjizara.hr\/proizvod\/huligan-pero-3-jure-karamarko\/","name":"HULIGAN PERO 3, Jure Karamarko - Web-knji\u017eara","isPartOf":{"@id":"https:\/\/webknjizara.hr\/#website"},"primaryImageOfPage":{"@id":"https:\/\/webknjizara.hr\/proizvod\/huligan-pero-3-jure-karamarko\/#primaryimage"},"image":{"@id":"https:\/\/webknjizara.hr\/proizvod\/huligan-pero-3-jure-karamarko\/#primaryimage"},"thumbnailUrl":"https:\/\/webknjizara.hr\/wp-content\/uploads\/nc\/images\/virtuemart\/product\/WK_hg3_NASLOVNICA_karamarko.jpg","datePublished":"2019-04-26T08:21:12+00:00","dateModified":"2023-02-26T23:17:45+00:00","breadcrumb":{"@id":"https:\/\/webknjizara.hr\/proizvod\/huligan-pero-3-jure-karamarko\/#breadcrumb"},"inLanguage":"en-US","potentialAction":[{"@type":"ReadAction","target":["https:\/\/webknjizara.hr\/proizvod\/huligan-pero-3-jure-karamarko\/"]}]},{"@type":"ImageObject","inLanguage":"en-US","@id":"https:\/\/webknjizara.hr\/proizvod\/huligan-pero-3-jure-karamarko\/#primaryimage","url":"https:\/\/webknjizara.hr\/wp-content\/uploads\/nc\/images\/virtuemart\/product\/WK_hg3_NASLOVNICA_karamarko.jpg","contentUrl":"https:\/\/webknjizara.hr\/wp-content\/uploads\/nc\/images\/virtuemart\/product\/WK_hg3_NASLOVNICA_karamarko.jpg","width":573,"height":800,"caption":"HULIGAN PERO 3, Jure Karamarko"},{"@type":"BreadcrumbList","@id":"https:\/\/webknjizara.hr\/proizvod\/huligan-pero-3-jure-karamarko\/#breadcrumb","itemListElement":[{"@type":"ListItem","position":1,"name":"Po\u010detna stranica","item":"https:\/\/webknjizara.hr\/en\/"},{"@type":"ListItem","position":2,"name":"Shop","item":"https:\/\/webknjizara.hr\/shop\/"},{"@type":"ListItem","position":3,"name":"HULIGAN PERO 3, Jure Karamarko"}]},{"@type":"WebSite","@id":"https:\/\/webknjizara.hr\/#website","url":"https:\/\/webknjizara.hr\/","name":"Web Knji\u017eara","description":"","publisher":{"@id":"https:\/\/webknjizara.hr\/#organization"},"potentialAction":[{"@type":"SearchAction","target":{"@type":"EntryPoint","urlTemplate":"https:\/\/webknjizara.hr\/?s={search_term_string}"},"query-input":{"@type":"PropertyValueSpecification","valueRequired":true,"valueName":"search_term_string"}}],"inLanguage":"en-US"},{"@type":"Organization","@id":"https:\/\/webknjizara.hr\/#organization","name":"REDAK D.O.O.","url":"https:\/\/webknjizara.hr\/","logo":{"@type":"ImageObject","inLanguage":"en-US","@id":"https:\/\/webknjizara.hr\/#\/schema\/logo\/image\/","url":"https:\/\/webknjizara.hr\/wp-content\/uploads\/2023\/01\/web-knjizara-logo.webp","contentUrl":"https:\/\/webknjizara.hr\/wp-content\/uploads\/2023\/01\/web-knjizara-logo.webp","width":324,"height":79,"caption":"REDAK D.O.O."},"image":{"@id":"https:\/\/webknjizara.hr\/#\/schema\/logo\/image\/"}}]}},"_links":{"self":[{"href":"https:\/\/webknjizara.hr\/en\/wp-json\/wp\/v2\/product\/8976","targetHints":{"allow":["GET"]}}],"collection":[{"href":"https:\/\/webknjizara.hr\/en\/wp-json\/wp\/v2\/product"}],"about":[{"href":"https:\/\/webknjizara.hr\/en\/wp-json\/wp\/v2\/types\/product"}],"replies":[{"embeddable":true,"href":"https:\/\/webknjizara.hr\/en\/wp-json\/wp\/v2\/comments?post=8976"}],"wp:featuredmedia":[{"embeddable":true,"href":"https:\/\/webknjizara.hr\/en\/wp-json\/wp\/v2\/media\/8977"}],"wp:attachment":[{"href":"https:\/\/webknjizara.hr\/en\/wp-json\/wp\/v2\/media?parent=8976"}],"wp:term":[{"taxonomy":"product_brand","embeddable":true,"href":"https:\/\/webknjizara.hr\/en\/wp-json\/wp\/v2\/product_brand?post=8976"},{"taxonomy":"product_cat","embeddable":true,"href":"https:\/\/webknjizara.hr\/en\/wp-json\/wp\/v2\/product_cat?post=8976"},{"taxonomy":"product_tag","embeddable":true,"href":"https:\/\/webknjizara.hr\/en\/wp-json\/wp\/v2\/product_tag?post=8976"}],"curies":[{"name":"wp","href":"https:\/\/api.w.org\/{rel}","templated":true}]}}