{"id":8970,"date":"2019-04-17T12:40:42","date_gmt":"2019-04-17T12:40:42","guid":{"rendered":"https:\/\/webknjizara.hr\/?product=prva-pomoc-udzbenik-za-studente-vojnog-pomorstva-i-pomorskog-fakulteta-crno-bijela"},"modified":"2023-02-27T00:17:45","modified_gmt":"2023-02-26T23:17:45","slug":"prva-pomoc-udzbenik-za-studente-vojnog-pomorstva-i-pomorskog-fakulteta-crno-bijela","status":"publish","type":"product","link":"https:\/\/webknjizara.hr\/en\/proizvod\/prva-pomoc-udzbenik-za-studente-vojnog-pomorstva-i-pomorskog-fakulteta-crno-bijela\/","title":{"rendered":"PRVA POMO\u0106 : UD\u017dBENIK ZA STUDENTE VOJNOG POMORSTVA I POMORSKOG FAKULTETA (CRNO-BIJELA)"},"content":{"rendered":"<p style=\"text-align: justify;\"><strong>Sa\u017eetak:<\/strong> <\/p>\n<p>Prema me\u0111unarodnim konvencijama u pomorstvu, svi \u010dlanovi posade moraju znati pru\u017eiti prvu pomo\u0107, a odre\u0111eni \u010dasnici na upravlja\u010dkoj razini i medicinsku skrb.<\/p>\n<p style=\"text-align: justify;\">Ovaj ud\u017ebenik sadr\u017ei poglavlja iz prve pomo\u0107i predvi\u0111ena STCW konvencijom. STCW konvencija je Me\u0111unarodna konvencija o standardima izobrazbe, izdavanju svjedod\u017ebi i dr\u017eanju stra\u017ee pomoraca (1978.) koja je s vremenom izmijenjena i dopunjena.<\/p>\n<p>Ud\u017ebenik je namijenjen laicima, napisan na jasan i razumljiv na\u010din.<\/p>\n<p style=\"text-align: justify;\">Svi navedeni postupci u ovom ud\u017ebeniku odnose se na odrasle osobe. Na brodovima trgova\u010dke mornarice i vojnim brodovima nema djece, stoga specifi\u010dnosti postupka u odnosu na djecu nisu navedene. Ako se djeca, ipak, na\u0111u na brodu (izbjeglice, slijepi putnici), potrebno je kontaktirati lije\u010dnika s pomo\u0107u telekomunikacija.<\/p>\n<p><strong>Bilje\u0161ka o autorici:<\/strong> <\/p>\n<p>Ro\u0111ena je i \u017eivi u Splitu. Redovita je profesorica u trajnom zvanju na Medicinskom i pomorskom fakultetu u Splitu.<\/p>\n<p>Medicinski fakultet zavr\u0161ila je u Sarajevu 1978. godine, specijalizaciju 1984., poslijediplomski studij u Zagrebu 1986., a usavr\u0161avala se kontinuirano tijekom cijelog radnog vijeka, u zemlji i inozemstvu.<\/p>\n<p>Objavila je vi\u0161e od stotinu stru\u010dnih i znanstvenih radova. Autorica je ili koautorica vi\u0161e ud\u017ebenika i knjiga.<\/p>\n<p>Predaje na Katedri za javno zdravstvo Medicinskog fakulteta u Splitu. Na Pomorskom fakultetu u Splitu predaje kolegije Prva pomo\u0107 i Medicina za pomorce. U nastavi sudjeluje od 1997. godine.<\/p>\n<p style=\"text-align: justify;\">Redovita je \u010dlanica Akademije medicinskih znanosti Hrvatske i vi\u0161e ostalih doma\u0107ih i me\u0111unarodnih udru\u017eenja. Dobitnica je nagrade Sveu\u010dili\u0161ta u Splitu za znanstveni doprinos i doprinos razvoju Sveu\u010dili\u0161ta (2015.). Odlikovana je Spomenicom domovinskog rata 1990.-1992., Spomenicom domovinske zahvalnosti (1999.) i Zahvalnicom Hrvatskog lije\u010dni\u010dkog zbora (1997.).<\/p>\n<p><strong>Napomena:<\/strong>\u00a0Ova knjiga tiskana je crno-bijelo. Verzija knjige u boji dostupna je <a href=\"knjige\/sveucilisni-udzbenici\/prva-pomoc-udzbenik-za-studente-vojnog-pomorstva-i-pomorskog-fakulteta-u-boji\" target=\"_blank\" rel=\"noopener noreferrer\">ovdje<\/a>.<\/p>\n<p><strong>Klju\u010dne rije\u010di:<\/strong> medicinska prva pomo\u0107, pomorci, vojnici<\/p>\n<p style=\"text-align: justify;\"><strong>Naslov:<\/strong> Prva pomo\u0107: ud\u017ebenik za studente vojnog pomorstva i Pomorskog fakulteta (crno-bijela)<br \/><strong>Autor:<\/strong> Rosanda Muli\u0107<br \/><strong>Broj stranica:<\/strong> 134<br \/><strong>Nakladnik:<\/strong> Pomorski fakultet u Splitu<br \/><strong>Godina izdanja:<\/strong> 2019.<br \/><strong>ISBN:<\/strong> 978-953-6655-69-4<br \/><strong>Tisak:<\/strong> digitalni tisak knjiga &#8211; print na zahtjev\u00a0<\/p>\n<hr \/>\n<p style=\"font-weight: 400; text-align: justify;\"><strong>Kako naru\u010diti knjigu?\u00a0<\/strong>Proces online kupovine jednako funkcionira za sve kupce, s jedinom razlikom u tome \u0161to \u0161to kupci iz inozemstva za podru\u010dje dostave moraju odabrati &#8220;Europa&#8221; ili &#8220;Ostale zemlje svijeta&#8221;, a za vrstu pla\u0107anja WSPay (kreditna kartica) ili Virmanom (bankovni transfer).<\/p>\n<p style=\"font-weight: 400; text-align: justify;\">Molimo kliknite ovdje za\u00a0<a href=\"hr\/kako-kupovati\">detaljni vodi\u010d kroz proces narud\u017ebe<\/a>\u00a0ili nas\u00a0<a href=\"hr\/kontakt\">kontaktirajte<\/a>\u00a0za vi\u0161e informacija.<\/p>\n<p style=\"font-weight: 400; text-align: justify;\">\u00a0<\/p>\n","protected":false},"excerpt":{"rendered":"<p>Sa\u017eetak: Prema me\u0111unarodnim konvencijama u pomorstvu, svi \u010dlanovi posade moraju znati pru\u017eiti prvu pomo\u0107, a odre\u0111eni \u010dasnici na upravlja\u010dkoj razini i medicinsku skrb. Ovaj ud\u017ebenik sadr\u017ei poglavlja iz prve pomo\u0107i predvi\u0111ena STCW konvencijom. STCW konvencija je Me\u0111unarodna konvencija o standardima izobrazbe, izdavanju svjedod\u017ebi i dr\u017eanju stra\u017ee pomoraca (1978.) koja je s vremenom izmijenjena i dopunjena. [&hellip;]<\/p>\n","protected":false},"featured_media":8971,"comment_status":"open","ping_status":"closed","template":"","meta":{"_acf_changed":false},"product_brand":[],"product_cat":[1539],"product_tag":[],"class_list":{"0":"post-8970","1":"product","2":"type-product","3":"status-publish","4":"has-post-thumbnail","6":"product_cat-sveucilisni-udzbenici-i-prirucnici","7":"pa_autor-rosanda-mulic","8":"pa_nakladnik-pomorski-fakultet-u-splitu","10":"first","11":"instock","12":"shipping-taxable","13":"purchasable","14":"product-type-simple"},"acf":[],"yoast_head":"<!-- This site is optimized with the Yoast SEO plugin v27.3 - https:\/\/yoast.com\/product\/yoast-seo-wordpress\/ -->\n<title>PRVA POMO\u0106 : UD\u017dBENIK ZA STUDENTE VOJNOG POMORSTVA I POMORSKOG FAKULTETA (CRNO-BIJELA) - Web-knji\u017eara<\/title>\n<meta name=\"robots\" content=\"index, follow, max-snippet:-1, max-image-preview:large, max-video-preview:-1\" \/>\n<link rel=\"canonical\" href=\"https:\/\/webknjizara.hr\/proizvod\/prva-pomoc-udzbenik-za-studente-vojnog-pomorstva-i-pomorskog-fakulteta-crno-bijela\/\" \/>\n<meta property=\"og:locale\" content=\"en_US\" \/>\n<meta property=\"og:type\" content=\"article\" \/>\n<meta property=\"og:title\" content=\"PRVA POMO\u0106 : UD\u017dBENIK ZA STUDENTE VOJNOG POMORSTVA I POMORSKOG FAKULTETA (CRNO-BIJELA) - Web-knji\u017eara\" \/>\n<meta property=\"og:description\" content=\"Sa\u017eetak: Prema me\u0111unarodnim konvencijama u pomorstvu, svi \u010dlanovi posade moraju znati pru\u017eiti prvu pomo\u0107, a odre\u0111eni \u010dasnici na upravlja\u010dkoj razini i medicinsku skrb. Ovaj ud\u017ebenik sadr\u017ei poglavlja iz prve pomo\u0107i predvi\u0111ena STCW konvencijom. STCW konvencija je Me\u0111unarodna konvencija o standardima izobrazbe, izdavanju svjedod\u017ebi i dr\u017eanju stra\u017ee pomoraca (1978.) koja je s vremenom izmijenjena i dopunjena. [&hellip;]\" \/>\n<meta property=\"og:url\" content=\"https:\/\/webknjizara.hr\/proizvod\/prva-pomoc-udzbenik-za-studente-vojnog-pomorstva-i-pomorskog-fakulteta-crno-bijela\/\" \/>\n<meta property=\"og:site_name\" content=\"Web-knji\u017eara\" \/>\n<meta property=\"article:modified_time\" content=\"2023-02-26T23:17:45+00:00\" \/>\n<meta property=\"og:image\" content=\"https:\/\/webknjizara.hr\/wp-content\/uploads\/nc\/images\/virtuemart\/product\/prva-pomoc-wk-cb.jpg\" \/>\n\t<meta property=\"og:image:width\" content=\"300\" \/>\n\t<meta property=\"og:image:height\" content=\"419\" \/>\n\t<meta property=\"og:image:type\" content=\"image\/jpeg\" \/>\n<meta name=\"twitter:card\" content=\"summary_large_image\" \/>\n<meta name=\"twitter:label1\" content=\"Est. reading time\" \/>\n\t<meta name=\"twitter:data1\" content=\"2 minutes\" \/>\n<script type=\"application\/ld+json\" class=\"yoast-schema-graph\">{\"@context\":\"https:\\\/\\\/schema.org\",\"@graph\":[{\"@type\":\"WebPage\",\"@id\":\"https:\\\/\\\/webknjizara.hr\\\/proizvod\\\/prva-pomoc-udzbenik-za-studente-vojnog-pomorstva-i-pomorskog-fakulteta-crno-bijela\\\/\",\"url\":\"https:\\\/\\\/webknjizara.hr\\\/proizvod\\\/prva-pomoc-udzbenik-za-studente-vojnog-pomorstva-i-pomorskog-fakulteta-crno-bijela\\\/\",\"name\":\"PRVA POMO\u0106 : UD\u017dBENIK ZA STUDENTE VOJNOG POMORSTVA I POMORSKOG FAKULTETA (CRNO-BIJELA) - Web-knji\u017eara\",\"isPartOf\":{\"@id\":\"https:\\\/\\\/webknjizara.hr\\\/#website\"},\"primaryImageOfPage\":{\"@id\":\"https:\\\/\\\/webknjizara.hr\\\/proizvod\\\/prva-pomoc-udzbenik-za-studente-vojnog-pomorstva-i-pomorskog-fakulteta-crno-bijela\\\/#primaryimage\"},\"image\":{\"@id\":\"https:\\\/\\\/webknjizara.hr\\\/proizvod\\\/prva-pomoc-udzbenik-za-studente-vojnog-pomorstva-i-pomorskog-fakulteta-crno-bijela\\\/#primaryimage\"},\"thumbnailUrl\":\"https:\\\/\\\/webknjizara.hr\\\/wp-content\\\/uploads\\\/nc\\\/images\\\/virtuemart\\\/product\\\/prva-pomoc-wk-cb.jpg\",\"datePublished\":\"2019-04-17T12:40:42+00:00\",\"dateModified\":\"2023-02-26T23:17:45+00:00\",\"breadcrumb\":{\"@id\":\"https:\\\/\\\/webknjizara.hr\\\/proizvod\\\/prva-pomoc-udzbenik-za-studente-vojnog-pomorstva-i-pomorskog-fakulteta-crno-bijela\\\/#breadcrumb\"},\"inLanguage\":\"en-US\",\"potentialAction\":[{\"@type\":\"ReadAction\",\"target\":[\"https:\\\/\\\/webknjizara.hr\\\/proizvod\\\/prva-pomoc-udzbenik-za-studente-vojnog-pomorstva-i-pomorskog-fakulteta-crno-bijela\\\/\"]}]},{\"@type\":\"ImageObject\",\"inLanguage\":\"en-US\",\"@id\":\"https:\\\/\\\/webknjizara.hr\\\/proizvod\\\/prva-pomoc-udzbenik-za-studente-vojnog-pomorstva-i-pomorskog-fakulteta-crno-bijela\\\/#primaryimage\",\"url\":\"https:\\\/\\\/webknjizara.hr\\\/wp-content\\\/uploads\\\/nc\\\/images\\\/virtuemart\\\/product\\\/prva-pomoc-wk-cb.jpg\",\"contentUrl\":\"https:\\\/\\\/webknjizara.hr\\\/wp-content\\\/uploads\\\/nc\\\/images\\\/virtuemart\\\/product\\\/prva-pomoc-wk-cb.jpg\",\"width\":300,\"height\":419,\"caption\":\"PRVA POMO\u0106 : UD\u017dBENIK ZA STUDENTE VOJNOG POMORSTVA I POMORSKOG FAKULTETA (CRNO-BIJELA)\"},{\"@type\":\"BreadcrumbList\",\"@id\":\"https:\\\/\\\/webknjizara.hr\\\/proizvod\\\/prva-pomoc-udzbenik-za-studente-vojnog-pomorstva-i-pomorskog-fakulteta-crno-bijela\\\/#breadcrumb\",\"itemListElement\":[{\"@type\":\"ListItem\",\"position\":1,\"name\":\"Po\u010detna stranica\",\"item\":\"https:\\\/\\\/webknjizara.hr\\\/en\\\/\"},{\"@type\":\"ListItem\",\"position\":2,\"name\":\"Shop\",\"item\":\"https:\\\/\\\/webknjizara.hr\\\/shop\\\/\"},{\"@type\":\"ListItem\",\"position\":3,\"name\":\"PRVA POMO\u0106 : UD\u017dBENIK ZA STUDENTE VOJNOG POMORSTVA I POMORSKOG FAKULTETA (CRNO-BIJELA)\"}]},{\"@type\":\"WebSite\",\"@id\":\"https:\\\/\\\/webknjizara.hr\\\/#website\",\"url\":\"https:\\\/\\\/webknjizara.hr\\\/\",\"name\":\"Web Knji\u017eara\",\"description\":\"\",\"publisher\":{\"@id\":\"https:\\\/\\\/webknjizara.hr\\\/#organization\"},\"potentialAction\":[{\"@type\":\"SearchAction\",\"target\":{\"@type\":\"EntryPoint\",\"urlTemplate\":\"https:\\\/\\\/webknjizara.hr\\\/?s={search_term_string}\"},\"query-input\":{\"@type\":\"PropertyValueSpecification\",\"valueRequired\":true,\"valueName\":\"search_term_string\"}}],\"inLanguage\":\"en-US\"},{\"@type\":\"Organization\",\"@id\":\"https:\\\/\\\/webknjizara.hr\\\/#organization\",\"name\":\"REDAK D.O.O.\",\"url\":\"https:\\\/\\\/webknjizara.hr\\\/\",\"logo\":{\"@type\":\"ImageObject\",\"inLanguage\":\"en-US\",\"@id\":\"https:\\\/\\\/webknjizara.hr\\\/#\\\/schema\\\/logo\\\/image\\\/\",\"url\":\"https:\\\/\\\/webknjizara.hr\\\/wp-content\\\/uploads\\\/2023\\\/01\\\/web-knjizara-logo.webp\",\"contentUrl\":\"https:\\\/\\\/webknjizara.hr\\\/wp-content\\\/uploads\\\/2023\\\/01\\\/web-knjizara-logo.webp\",\"width\":324,\"height\":79,\"caption\":\"REDAK D.O.O.\"},\"image\":{\"@id\":\"https:\\\/\\\/webknjizara.hr\\\/#\\\/schema\\\/logo\\\/image\\\/\"}}]}<\/script>\n<!-- \/ Yoast SEO plugin. -->","yoast_head_json":{"title":"PRVA POMO\u0106 : UD\u017dBENIK ZA STUDENTE VOJNOG POMORSTVA I POMORSKOG FAKULTETA (CRNO-BIJELA) - Web-knji\u017eara","robots":{"index":"index","follow":"follow","max-snippet":"max-snippet:-1","max-image-preview":"max-image-preview:large","max-video-preview":"max-video-preview:-1"},"canonical":"https:\/\/webknjizara.hr\/proizvod\/prva-pomoc-udzbenik-za-studente-vojnog-pomorstva-i-pomorskog-fakulteta-crno-bijela\/","og_locale":"en_US","og_type":"article","og_title":"PRVA POMO\u0106 : UD\u017dBENIK ZA STUDENTE VOJNOG POMORSTVA I POMORSKOG FAKULTETA (CRNO-BIJELA) - Web-knji\u017eara","og_description":"Sa\u017eetak: Prema me\u0111unarodnim konvencijama u pomorstvu, svi \u010dlanovi posade moraju znati pru\u017eiti prvu pomo\u0107, a odre\u0111eni \u010dasnici na upravlja\u010dkoj razini i medicinsku skrb. Ovaj ud\u017ebenik sadr\u017ei poglavlja iz prve pomo\u0107i predvi\u0111ena STCW konvencijom. STCW konvencija je Me\u0111unarodna konvencija o standardima izobrazbe, izdavanju svjedod\u017ebi i dr\u017eanju stra\u017ee pomoraca (1978.) koja je s vremenom izmijenjena i dopunjena. [&hellip;]","og_url":"https:\/\/webknjizara.hr\/proizvod\/prva-pomoc-udzbenik-za-studente-vojnog-pomorstva-i-pomorskog-fakulteta-crno-bijela\/","og_site_name":"Web-knji\u017eara","article_modified_time":"2023-02-26T23:17:45+00:00","og_image":[{"width":300,"height":419,"url":"https:\/\/webknjizara.hr\/wp-content\/uploads\/nc\/images\/virtuemart\/product\/prva-pomoc-wk-cb.jpg","type":"image\/jpeg"}],"twitter_card":"summary_large_image","twitter_misc":{"Est. reading time":"2 minutes"},"schema":{"@context":"https:\/\/schema.org","@graph":[{"@type":"WebPage","@id":"https:\/\/webknjizara.hr\/proizvod\/prva-pomoc-udzbenik-za-studente-vojnog-pomorstva-i-pomorskog-fakulteta-crno-bijela\/","url":"https:\/\/webknjizara.hr\/proizvod\/prva-pomoc-udzbenik-za-studente-vojnog-pomorstva-i-pomorskog-fakulteta-crno-bijela\/","name":"PRVA POMO\u0106 : UD\u017dBENIK ZA STUDENTE VOJNOG POMORSTVA I POMORSKOG FAKULTETA (CRNO-BIJELA) - Web-knji\u017eara","isPartOf":{"@id":"https:\/\/webknjizara.hr\/#website"},"primaryImageOfPage":{"@id":"https:\/\/webknjizara.hr\/proizvod\/prva-pomoc-udzbenik-za-studente-vojnog-pomorstva-i-pomorskog-fakulteta-crno-bijela\/#primaryimage"},"image":{"@id":"https:\/\/webknjizara.hr\/proizvod\/prva-pomoc-udzbenik-za-studente-vojnog-pomorstva-i-pomorskog-fakulteta-crno-bijela\/#primaryimage"},"thumbnailUrl":"https:\/\/webknjizara.hr\/wp-content\/uploads\/nc\/images\/virtuemart\/product\/prva-pomoc-wk-cb.jpg","datePublished":"2019-04-17T12:40:42+00:00","dateModified":"2023-02-26T23:17:45+00:00","breadcrumb":{"@id":"https:\/\/webknjizara.hr\/proizvod\/prva-pomoc-udzbenik-za-studente-vojnog-pomorstva-i-pomorskog-fakulteta-crno-bijela\/#breadcrumb"},"inLanguage":"en-US","potentialAction":[{"@type":"ReadAction","target":["https:\/\/webknjizara.hr\/proizvod\/prva-pomoc-udzbenik-za-studente-vojnog-pomorstva-i-pomorskog-fakulteta-crno-bijela\/"]}]},{"@type":"ImageObject","inLanguage":"en-US","@id":"https:\/\/webknjizara.hr\/proizvod\/prva-pomoc-udzbenik-za-studente-vojnog-pomorstva-i-pomorskog-fakulteta-crno-bijela\/#primaryimage","url":"https:\/\/webknjizara.hr\/wp-content\/uploads\/nc\/images\/virtuemart\/product\/prva-pomoc-wk-cb.jpg","contentUrl":"https:\/\/webknjizara.hr\/wp-content\/uploads\/nc\/images\/virtuemart\/product\/prva-pomoc-wk-cb.jpg","width":300,"height":419,"caption":"PRVA POMO\u0106 : UD\u017dBENIK ZA STUDENTE VOJNOG POMORSTVA I POMORSKOG FAKULTETA (CRNO-BIJELA)"},{"@type":"BreadcrumbList","@id":"https:\/\/webknjizara.hr\/proizvod\/prva-pomoc-udzbenik-za-studente-vojnog-pomorstva-i-pomorskog-fakulteta-crno-bijela\/#breadcrumb","itemListElement":[{"@type":"ListItem","position":1,"name":"Po\u010detna stranica","item":"https:\/\/webknjizara.hr\/en\/"},{"@type":"ListItem","position":2,"name":"Shop","item":"https:\/\/webknjizara.hr\/shop\/"},{"@type":"ListItem","position":3,"name":"PRVA POMO\u0106 : UD\u017dBENIK ZA STUDENTE VOJNOG POMORSTVA I POMORSKOG FAKULTETA (CRNO-BIJELA)"}]},{"@type":"WebSite","@id":"https:\/\/webknjizara.hr\/#website","url":"https:\/\/webknjizara.hr\/","name":"Web Knji\u017eara","description":"","publisher":{"@id":"https:\/\/webknjizara.hr\/#organization"},"potentialAction":[{"@type":"SearchAction","target":{"@type":"EntryPoint","urlTemplate":"https:\/\/webknjizara.hr\/?s={search_term_string}"},"query-input":{"@type":"PropertyValueSpecification","valueRequired":true,"valueName":"search_term_string"}}],"inLanguage":"en-US"},{"@type":"Organization","@id":"https:\/\/webknjizara.hr\/#organization","name":"REDAK D.O.O.","url":"https:\/\/webknjizara.hr\/","logo":{"@type":"ImageObject","inLanguage":"en-US","@id":"https:\/\/webknjizara.hr\/#\/schema\/logo\/image\/","url":"https:\/\/webknjizara.hr\/wp-content\/uploads\/2023\/01\/web-knjizara-logo.webp","contentUrl":"https:\/\/webknjizara.hr\/wp-content\/uploads\/2023\/01\/web-knjizara-logo.webp","width":324,"height":79,"caption":"REDAK D.O.O."},"image":{"@id":"https:\/\/webknjizara.hr\/#\/schema\/logo\/image\/"}}]}},"_links":{"self":[{"href":"https:\/\/webknjizara.hr\/en\/wp-json\/wp\/v2\/product\/8970","targetHints":{"allow":["GET"]}}],"collection":[{"href":"https:\/\/webknjizara.hr\/en\/wp-json\/wp\/v2\/product"}],"about":[{"href":"https:\/\/webknjizara.hr\/en\/wp-json\/wp\/v2\/types\/product"}],"replies":[{"embeddable":true,"href":"https:\/\/webknjizara.hr\/en\/wp-json\/wp\/v2\/comments?post=8970"}],"wp:featuredmedia":[{"embeddable":true,"href":"https:\/\/webknjizara.hr\/en\/wp-json\/wp\/v2\/media\/8971"}],"wp:attachment":[{"href":"https:\/\/webknjizara.hr\/en\/wp-json\/wp\/v2\/media?parent=8970"}],"wp:term":[{"taxonomy":"product_brand","embeddable":true,"href":"https:\/\/webknjizara.hr\/en\/wp-json\/wp\/v2\/product_brand?post=8970"},{"taxonomy":"product_cat","embeddable":true,"href":"https:\/\/webknjizara.hr\/en\/wp-json\/wp\/v2\/product_cat?post=8970"},{"taxonomy":"product_tag","embeddable":true,"href":"https:\/\/webknjizara.hr\/en\/wp-json\/wp\/v2\/product_tag?post=8970"}],"curies":[{"name":"wp","href":"https:\/\/api.w.org\/{rel}","templated":true}]}}