{"id":8960,"date":"2019-03-27T15:13:39","date_gmt":"2019-03-27T15:13:39","guid":{"rendered":"https:\/\/webknjizara.hr\/?product=selo-moje-malo-vera-skert"},"modified":"2023-02-27T00:17:44","modified_gmt":"2023-02-26T23:17:44","slug":"selo-moje-malo-vera-skert","status":"publish","type":"product","link":"https:\/\/webknjizara.hr\/en\/proizvod\/selo-moje-malo-vera-skert\/","title":{"rendered":"SELO MOJE MALO, Vera Skert"},"content":{"rendered":"<p style=\"text-align: justify;\"><strong>Sa\u017eetak:<\/strong> <\/p>\n<p>Vera Skert ro\u0111. Gavran je u ovoj knjizi dala, kroz opis obiteljske povijesti hercegova\u010dke obitelji Gavran u sokaku po imenu \u010cardak bosanskoposavskog sela Zbori\u0161te, krasan prikaz prohujalog vremena prve polovice dvadesetog stolje\u0107a.<\/p>\n<p>Ima tu i prikaza svega \u0161to se uzgajalo od \u017eivotinja i biljaka, kako se sve to prera\u0111ivalo i \u010duvalo, kako se kuhalo i spremalo zimnicu, kako su se spravljali lijekovi, sve s receptima, kakvi su bili odnosi u obitelji, podjela poslova, kako su rasla djeca i smjenjivale se generacije, kako su tekli vjerski \u017eivot i me\u0111unacionalni odnosi, i nevolje ratne i poratne.<\/p>\n<p>\u010citaju\u0107i ovu knjigu \u010ditateljstvo modernog doba mo\u017ee dobiti ne samo iznena\u0111uju\u0107i uvid u to kako se odvijao \u017eivot opisane generacije, prije industrijalizacije, nafte, struje i plastike, nego i kako se vjerojatno odvijao \u017eivot mnogih prethodnih generacija prohujalih stolje\u0107a, otimanjem marljivim radom svakodnevnih zalogaja od zemlje i neba.<\/p>\n<p style=\"text-align: justify;\"><strong>Bilje\u0161ka o autorici:<\/strong> <\/p>\n<p>Vera Skert je ro\u0111ena 1936. godine u selu Zbori\u0161te, na pola puta izme\u0111u Bosanskog Broda i Dervente, gdje je zavr\u0161ila osnovnu \u0161kolu. Srednju \u0161kolu je zavr\u0161ila redovito i uz rad, godinu ovdje, dvije ondje, kako je to ve\u0107 u poratnom razdoblju i\u0161lo. Osim sedam godina provedenih u Travniku, ostatak radnog vijeka je provela u Slavonskom Brodu, prvi dio u tvornici \u201c\u0110uro \u0110akovi\u0107\u201d, na administrativnim i &#8211; nakon stjecanja diplome pravnika &#8211; pravnim poslovima, a kasnije na mjestu sutkinje u brodskom uredu osje\u010dkog Osnovnog suda udru\u017eenog rada. Za vrijeme drugog dijela radnog vijeka bila aktivna u dru\u0161tvenom i politi\u010dkom \u017eivotu u Slavonskom Brodu.<\/p>\n<p style=\"text-align: justify;\"><strong>Klju\u010dne rije\u010di:<\/strong> memoari, Gavran, Zbori\u0161te, Bosanska Posavina, Hercegovina, hercegovci, seoski \u017eivot<\/p>\n<p><strong>E-mail:<\/strong> <a href=\"mailto:vera.skert@gmail.com\">Vera Skert<\/a><\/p>\n<p style=\"text-align: justify;\"><strong>Naslov:<\/strong> Selo moje malo<br \/><strong>Autorica:<\/strong> Vera Skert<br \/><strong>Broj stranica:<\/strong> 230<br \/><strong>Nakladnik:<\/strong> REDAK<br \/><strong>Godina izdanja:<\/strong> 2019.<br \/><strong>ISBN:<\/strong> 978-953-336-566-4<br \/><strong>Tisak:<\/strong> digitalni tisak knjiga &#8211; print na zahtjev\u00a0<\/p>\n<hr \/>\n<p style=\"text-align: justify;\"><strong>Kako naru\u010diti knjigu?\u00a0<\/strong>Proces online kupovine jednako funkcionira za sve kupce, s jedinom razlikom u tome \u0161to \u0161to kupci iz inozemstva za podru\u010dje dostave moraju odabrati &#8220;Europa&#8221; ili &#8220;Ostale zemlje svijeta&#8221;, a za vrstu pla\u0107anja WSPay (kreditna kartica) ili Virmanom (bankovni transfer).<\/p>\n<p style=\"text-align: justify;\">Molimo kliknite ovdje za\u00a0<a href=\"hr\/kako-kupovati\">detaljni vodi\u010d kroz proces narud\u017ebe<\/a>\u00a0ili nas\u00a0<a href=\"hr\/kontakt\">kontaktirajte<\/a>\u00a0za vi\u0161e informacija.<\/p>\n<p style=\"text-align: justify;\">\u00a0<\/p>\n","protected":false},"excerpt":{"rendered":"<p>Sa\u017eetak: Vera Skert ro\u0111. Gavran je u ovoj knjizi dala, kroz opis obiteljske povijesti hercegova\u010dke obitelji Gavran u sokaku po imenu \u010cardak bosanskoposavskog sela Zbori\u0161te, krasan prikaz prohujalog vremena prve polovice dvadesetog stolje\u0107a. Ima tu i prikaza svega \u0161to se uzgajalo od \u017eivotinja i biljaka, kako se sve to prera\u0111ivalo i \u010duvalo, kako se kuhalo [&hellip;]<\/p>\n","protected":false},"featured_media":8961,"comment_status":"open","ping_status":"closed","template":"","meta":{"_acf_changed":false},"product_brand":[],"product_cat":[1383,1385],"product_tag":[],"class_list":{"0":"post-8960","1":"product","2":"type-product","3":"status-publish","4":"has-post-thumbnail","6":"product_cat-knjige","7":"product_cat-knjizevnost","8":"pa_autor-vera-skert","9":"pa_nakladnik-redak","11":"first","12":"instock","13":"shipping-taxable","14":"purchasable","15":"product-type-simple"},"acf":[],"yoast_head":"<!-- This site is optimized with the Yoast SEO plugin v27.3 - https:\/\/yoast.com\/product\/yoast-seo-wordpress\/ -->\n<title>SELO MOJE MALO, Vera Skert - Web-knji\u017eara<\/title>\n<meta name=\"robots\" content=\"index, follow, max-snippet:-1, max-image-preview:large, max-video-preview:-1\" \/>\n<link rel=\"canonical\" href=\"https:\/\/webknjizara.hr\/proizvod\/selo-moje-malo-vera-skert\/\" \/>\n<meta property=\"og:locale\" content=\"en_US\" \/>\n<meta property=\"og:type\" content=\"article\" \/>\n<meta property=\"og:title\" content=\"SELO MOJE MALO, Vera Skert - Web-knji\u017eara\" \/>\n<meta property=\"og:description\" content=\"Sa\u017eetak: Vera Skert ro\u0111. Gavran je u ovoj knjizi dala, kroz opis obiteljske povijesti hercegova\u010dke obitelji Gavran u sokaku po imenu \u010cardak bosanskoposavskog sela Zbori\u0161te, krasan prikaz prohujalog vremena prve polovice dvadesetog stolje\u0107a. Ima tu i prikaza svega \u0161to se uzgajalo od \u017eivotinja i biljaka, kako se sve to prera\u0111ivalo i \u010duvalo, kako se kuhalo [&hellip;]\" \/>\n<meta property=\"og:url\" content=\"https:\/\/webknjizara.hr\/proizvod\/selo-moje-malo-vera-skert\/\" \/>\n<meta property=\"og:site_name\" content=\"Web-knji\u017eara\" \/>\n<meta property=\"article:modified_time\" content=\"2023-02-26T23:17:44+00:00\" \/>\n<meta property=\"og:image\" content=\"https:\/\/webknjizara.hr\/wp-content\/uploads\/nc\/images\/virtuemart\/product\/0878_190801_korica_WK.jpg\" \/>\n\t<meta property=\"og:image:width\" content=\"300\" \/>\n\t<meta property=\"og:image:height\" content=\"419\" \/>\n\t<meta property=\"og:image:type\" content=\"image\/jpeg\" \/>\n<meta name=\"twitter:card\" content=\"summary_large_image\" \/>\n<meta name=\"twitter:label1\" content=\"Est. reading time\" \/>\n\t<meta name=\"twitter:data1\" content=\"2 minutes\" \/>\n<script type=\"application\/ld+json\" class=\"yoast-schema-graph\">{\"@context\":\"https:\\\/\\\/schema.org\",\"@graph\":[{\"@type\":\"WebPage\",\"@id\":\"https:\\\/\\\/webknjizara.hr\\\/proizvod\\\/selo-moje-malo-vera-skert\\\/\",\"url\":\"https:\\\/\\\/webknjizara.hr\\\/proizvod\\\/selo-moje-malo-vera-skert\\\/\",\"name\":\"SELO MOJE MALO, Vera Skert - Web-knji\u017eara\",\"isPartOf\":{\"@id\":\"https:\\\/\\\/webknjizara.hr\\\/#website\"},\"primaryImageOfPage\":{\"@id\":\"https:\\\/\\\/webknjizara.hr\\\/proizvod\\\/selo-moje-malo-vera-skert\\\/#primaryimage\"},\"image\":{\"@id\":\"https:\\\/\\\/webknjizara.hr\\\/proizvod\\\/selo-moje-malo-vera-skert\\\/#primaryimage\"},\"thumbnailUrl\":\"https:\\\/\\\/webknjizara.hr\\\/wp-content\\\/uploads\\\/nc\\\/images\\\/virtuemart\\\/product\\\/0878_190801_korica_WK.jpg\",\"datePublished\":\"2019-03-27T15:13:39+00:00\",\"dateModified\":\"2023-02-26T23:17:44+00:00\",\"breadcrumb\":{\"@id\":\"https:\\\/\\\/webknjizara.hr\\\/proizvod\\\/selo-moje-malo-vera-skert\\\/#breadcrumb\"},\"inLanguage\":\"en-US\",\"potentialAction\":[{\"@type\":\"ReadAction\",\"target\":[\"https:\\\/\\\/webknjizara.hr\\\/proizvod\\\/selo-moje-malo-vera-skert\\\/\"]}]},{\"@type\":\"ImageObject\",\"inLanguage\":\"en-US\",\"@id\":\"https:\\\/\\\/webknjizara.hr\\\/proizvod\\\/selo-moje-malo-vera-skert\\\/#primaryimage\",\"url\":\"https:\\\/\\\/webknjizara.hr\\\/wp-content\\\/uploads\\\/nc\\\/images\\\/virtuemart\\\/product\\\/0878_190801_korica_WK.jpg\",\"contentUrl\":\"https:\\\/\\\/webknjizara.hr\\\/wp-content\\\/uploads\\\/nc\\\/images\\\/virtuemart\\\/product\\\/0878_190801_korica_WK.jpg\",\"width\":300,\"height\":419,\"caption\":\"SELO MOJE MALO, Vera Skert\"},{\"@type\":\"BreadcrumbList\",\"@id\":\"https:\\\/\\\/webknjizara.hr\\\/proizvod\\\/selo-moje-malo-vera-skert\\\/#breadcrumb\",\"itemListElement\":[{\"@type\":\"ListItem\",\"position\":1,\"name\":\"Po\u010detna stranica\",\"item\":\"https:\\\/\\\/webknjizara.hr\\\/en\\\/\"},{\"@type\":\"ListItem\",\"position\":2,\"name\":\"Shop\",\"item\":\"https:\\\/\\\/webknjizara.hr\\\/shop\\\/\"},{\"@type\":\"ListItem\",\"position\":3,\"name\":\"SELO MOJE MALO, Vera Skert\"}]},{\"@type\":\"WebSite\",\"@id\":\"https:\\\/\\\/webknjizara.hr\\\/#website\",\"url\":\"https:\\\/\\\/webknjizara.hr\\\/\",\"name\":\"Web Knji\u017eara\",\"description\":\"\",\"publisher\":{\"@id\":\"https:\\\/\\\/webknjizara.hr\\\/#organization\"},\"potentialAction\":[{\"@type\":\"SearchAction\",\"target\":{\"@type\":\"EntryPoint\",\"urlTemplate\":\"https:\\\/\\\/webknjizara.hr\\\/?s={search_term_string}\"},\"query-input\":{\"@type\":\"PropertyValueSpecification\",\"valueRequired\":true,\"valueName\":\"search_term_string\"}}],\"inLanguage\":\"en-US\"},{\"@type\":\"Organization\",\"@id\":\"https:\\\/\\\/webknjizara.hr\\\/#organization\",\"name\":\"REDAK D.O.O.\",\"url\":\"https:\\\/\\\/webknjizara.hr\\\/\",\"logo\":{\"@type\":\"ImageObject\",\"inLanguage\":\"en-US\",\"@id\":\"https:\\\/\\\/webknjizara.hr\\\/#\\\/schema\\\/logo\\\/image\\\/\",\"url\":\"https:\\\/\\\/webknjizara.hr\\\/wp-content\\\/uploads\\\/2023\\\/01\\\/web-knjizara-logo.webp\",\"contentUrl\":\"https:\\\/\\\/webknjizara.hr\\\/wp-content\\\/uploads\\\/2023\\\/01\\\/web-knjizara-logo.webp\",\"width\":324,\"height\":79,\"caption\":\"REDAK D.O.O.\"},\"image\":{\"@id\":\"https:\\\/\\\/webknjizara.hr\\\/#\\\/schema\\\/logo\\\/image\\\/\"}}]}<\/script>\n<!-- \/ Yoast SEO plugin. -->","yoast_head_json":{"title":"SELO MOJE MALO, Vera Skert - Web-knji\u017eara","robots":{"index":"index","follow":"follow","max-snippet":"max-snippet:-1","max-image-preview":"max-image-preview:large","max-video-preview":"max-video-preview:-1"},"canonical":"https:\/\/webknjizara.hr\/proizvod\/selo-moje-malo-vera-skert\/","og_locale":"en_US","og_type":"article","og_title":"SELO MOJE MALO, Vera Skert - Web-knji\u017eara","og_description":"Sa\u017eetak: Vera Skert ro\u0111. Gavran je u ovoj knjizi dala, kroz opis obiteljske povijesti hercegova\u010dke obitelji Gavran u sokaku po imenu \u010cardak bosanskoposavskog sela Zbori\u0161te, krasan prikaz prohujalog vremena prve polovice dvadesetog stolje\u0107a. Ima tu i prikaza svega \u0161to se uzgajalo od \u017eivotinja i biljaka, kako se sve to prera\u0111ivalo i \u010duvalo, kako se kuhalo [&hellip;]","og_url":"https:\/\/webknjizara.hr\/proizvod\/selo-moje-malo-vera-skert\/","og_site_name":"Web-knji\u017eara","article_modified_time":"2023-02-26T23:17:44+00:00","og_image":[{"width":300,"height":419,"url":"https:\/\/webknjizara.hr\/wp-content\/uploads\/nc\/images\/virtuemart\/product\/0878_190801_korica_WK.jpg","type":"image\/jpeg"}],"twitter_card":"summary_large_image","twitter_misc":{"Est. reading time":"2 minutes"},"schema":{"@context":"https:\/\/schema.org","@graph":[{"@type":"WebPage","@id":"https:\/\/webknjizara.hr\/proizvod\/selo-moje-malo-vera-skert\/","url":"https:\/\/webknjizara.hr\/proizvod\/selo-moje-malo-vera-skert\/","name":"SELO MOJE MALO, Vera Skert - Web-knji\u017eara","isPartOf":{"@id":"https:\/\/webknjizara.hr\/#website"},"primaryImageOfPage":{"@id":"https:\/\/webknjizara.hr\/proizvod\/selo-moje-malo-vera-skert\/#primaryimage"},"image":{"@id":"https:\/\/webknjizara.hr\/proizvod\/selo-moje-malo-vera-skert\/#primaryimage"},"thumbnailUrl":"https:\/\/webknjizara.hr\/wp-content\/uploads\/nc\/images\/virtuemart\/product\/0878_190801_korica_WK.jpg","datePublished":"2019-03-27T15:13:39+00:00","dateModified":"2023-02-26T23:17:44+00:00","breadcrumb":{"@id":"https:\/\/webknjizara.hr\/proizvod\/selo-moje-malo-vera-skert\/#breadcrumb"},"inLanguage":"en-US","potentialAction":[{"@type":"ReadAction","target":["https:\/\/webknjizara.hr\/proizvod\/selo-moje-malo-vera-skert\/"]}]},{"@type":"ImageObject","inLanguage":"en-US","@id":"https:\/\/webknjizara.hr\/proizvod\/selo-moje-malo-vera-skert\/#primaryimage","url":"https:\/\/webknjizara.hr\/wp-content\/uploads\/nc\/images\/virtuemart\/product\/0878_190801_korica_WK.jpg","contentUrl":"https:\/\/webknjizara.hr\/wp-content\/uploads\/nc\/images\/virtuemart\/product\/0878_190801_korica_WK.jpg","width":300,"height":419,"caption":"SELO MOJE MALO, Vera Skert"},{"@type":"BreadcrumbList","@id":"https:\/\/webknjizara.hr\/proizvod\/selo-moje-malo-vera-skert\/#breadcrumb","itemListElement":[{"@type":"ListItem","position":1,"name":"Po\u010detna stranica","item":"https:\/\/webknjizara.hr\/en\/"},{"@type":"ListItem","position":2,"name":"Shop","item":"https:\/\/webknjizara.hr\/shop\/"},{"@type":"ListItem","position":3,"name":"SELO MOJE MALO, Vera Skert"}]},{"@type":"WebSite","@id":"https:\/\/webknjizara.hr\/#website","url":"https:\/\/webknjizara.hr\/","name":"Web Knji\u017eara","description":"","publisher":{"@id":"https:\/\/webknjizara.hr\/#organization"},"potentialAction":[{"@type":"SearchAction","target":{"@type":"EntryPoint","urlTemplate":"https:\/\/webknjizara.hr\/?s={search_term_string}"},"query-input":{"@type":"PropertyValueSpecification","valueRequired":true,"valueName":"search_term_string"}}],"inLanguage":"en-US"},{"@type":"Organization","@id":"https:\/\/webknjizara.hr\/#organization","name":"REDAK D.O.O.","url":"https:\/\/webknjizara.hr\/","logo":{"@type":"ImageObject","inLanguage":"en-US","@id":"https:\/\/webknjizara.hr\/#\/schema\/logo\/image\/","url":"https:\/\/webknjizara.hr\/wp-content\/uploads\/2023\/01\/web-knjizara-logo.webp","contentUrl":"https:\/\/webknjizara.hr\/wp-content\/uploads\/2023\/01\/web-knjizara-logo.webp","width":324,"height":79,"caption":"REDAK D.O.O."},"image":{"@id":"https:\/\/webknjizara.hr\/#\/schema\/logo\/image\/"}}]}},"_links":{"self":[{"href":"https:\/\/webknjizara.hr\/en\/wp-json\/wp\/v2\/product\/8960","targetHints":{"allow":["GET"]}}],"collection":[{"href":"https:\/\/webknjizara.hr\/en\/wp-json\/wp\/v2\/product"}],"about":[{"href":"https:\/\/webknjizara.hr\/en\/wp-json\/wp\/v2\/types\/product"}],"replies":[{"embeddable":true,"href":"https:\/\/webknjizara.hr\/en\/wp-json\/wp\/v2\/comments?post=8960"}],"wp:featuredmedia":[{"embeddable":true,"href":"https:\/\/webknjizara.hr\/en\/wp-json\/wp\/v2\/media\/8961"}],"wp:attachment":[{"href":"https:\/\/webknjizara.hr\/en\/wp-json\/wp\/v2\/media?parent=8960"}],"wp:term":[{"taxonomy":"product_brand","embeddable":true,"href":"https:\/\/webknjizara.hr\/en\/wp-json\/wp\/v2\/product_brand?post=8960"},{"taxonomy":"product_cat","embeddable":true,"href":"https:\/\/webknjizara.hr\/en\/wp-json\/wp\/v2\/product_cat?post=8960"},{"taxonomy":"product_tag","embeddable":true,"href":"https:\/\/webknjizara.hr\/en\/wp-json\/wp\/v2\/product_tag?post=8960"}],"curies":[{"name":"wp","href":"https:\/\/api.w.org\/{rel}","templated":true}]}}