{"id":8958,"date":"2019-03-26T11:49:56","date_gmt":"2019-03-26T11:49:56","guid":{"rendered":"https:\/\/webknjizara.hr\/?product=vjecna-lovista-milan-maricic"},"modified":"2023-02-27T00:17:44","modified_gmt":"2023-02-26T23:17:44","slug":"vjecna-lovista-milan-maricic","status":"publish","type":"product","link":"https:\/\/webknjizara.hr\/en\/proizvod\/vjecna-lovista-milan-maricic\/","title":{"rendered":"VJE\u010cNA LOVI\u0160TA, Milan Mari\u010di\u0107"},"content":{"rendered":"<p style=\"text-align: justify;\"><strong>Sa\u017eetak:<\/strong> <\/p>\n<p>U razdobljima tuge i razo\u010daranja u \u017eivot, pisac se okre\u0107e izno\u0161enju svojih, \u010desto depresivnih, razmi\u0161ljanja i osje\u0107aja kroz poeziju. Poeziju koja opisuje pi\u0161\u010deve unutarnje borbe i strahove, bez la\u017enog preuveli\u010davanja. Za pisca, pisanje je poput oslobo\u0111enja du\u0161e iz te\u0161kih okova samo\u0107e, neshva\u0107anja i patnje u \u017eivotu. Glorificiranjem smrti, pisac kao da nastoji opravdati svrhu i smisao boli koju nosi \u017eivot. Poezija je njegovo uto\u010di\u0161te. \u010cesto tamo bje\u017ei kako bi prona\u0161ao svoj mir.<\/p>\n<p style=\"text-align: justify;\"><strong>Bilje\u0161ka o autoru:<\/strong> <\/p>\n<p>Milan Mari\u010di\u0107 ro\u0111en je 28. rujna 1987. g. u Osijeku. Do svoje \u0161este godine \u017eivi u Valpovu, a potom s obitelji, majkom Zrinkom, ocem Darkom i sestrom Martinom, seli u malo slavonsko selo Ladimirevce, nedaleko od Valpova.<\/p>\n<p>Ve\u0107 kroz osnovnu \u0161kolu Milan pokazuje interes za pisanje poezije. Objavljuje nekoliko svojih uradaka u \u0161kolskom listu \u201eIzvor\u201c. To su bile one prve, dje\u010dje rime. <\/p>\n<p>Nakon zavr\u0161etka osnovne \u0161kole u Ladimirevcima, Milan poha\u0111a srednju \u0161kolu u Valpovu, usmjerenje komercijalist. Zgodno je spomenuti kako Milan sva \u010detiri razreda polo\u017ee s odli\u010dnim uspjehom za \u0161to dobiva i pohvale, a biva i oslobo\u0111en polaganja mature na kraju srednjo\u0161kolskog obrazovanja.<\/p>\n<p>Milanova ambicija i \u017eelja za znanjem rezultira upisom na Ekonomski fakultet u Osijeku, 2007. g. Upisuje preddiplomski sveu\u010dili\u0161ni studij menad\u017ement koji zavr\u0161ava u roku nakon tri godine. Uzima jednogodi\u0161nju stanku, u kojoj, me\u0111uostalim, pola\u017ee B1 stupanj iz \u0161panjolskog jezika u jednoj jezi\u010dnoj \u0161koli u Osijeku. 2011. g. nastavlja obrazovanje na diplomskom studiju Ekonomskog fakulteta, ali ovaj puta odabire smjer marketing.<\/p>\n<p>Kako je \u017eivot nepredvidiv, tako 2014. g. Milana vodi u Rovinj, gdje i danas boravi i radi u domeni hotelijerstva. Boravi i radi i u Zagrebu od studenog 2017. do svibnja 2018. g., te u Pore\u010du od svibnja 2018. do listopada 2018. g.<\/p>\n<p>Kroz svo to vrijeme, Milan pi\u0161e. Kao \u0161to \u0107e biti i vidljivo, Milanova poezija \u010desto je mra\u010dna. Moglo bi se re\u0107i kako je njegova poezija odraz unutarnjih strahova i borbi, dubokih razmi\u0161ljanja o korelaciji \u017eivota i smrti, postojanja ne\u010dega i ni\u010dega.<\/p>\n<p style=\"text-align: justify;\"><strong>Klju\u010dne rije\u010di:<\/strong> vje\u010dnost, raj, \u017eivot, smrt<\/p>\n<p><strong>E-mail:<\/strong> <a href=\"mailto:milan.maricic2@gmail.com\">Milan Mari\u010di\u0107<\/a><\/p>\n<p><strong>Naslov:<\/strong> Vje\u010dna lovi\u0161ta<br \/><strong>Autor:<\/strong> Milan Mari\u010di\u0107<br \/><strong>Broj stranica:<\/strong> 98<br \/><strong>Nakladnik:<\/strong> Redak<br \/><strong>Godina izdanja:<\/strong> 2019.<br \/><strong>ISBN:<\/strong> 978-953-336-565-7<br \/><strong>Tisak:<\/strong> digitalni tisak knjiga &#8211; print na zahtjev<\/p>\n<hr \/>\n<p style=\"font-weight: 400; text-align: justify;\"><strong>Kako naru\u010diti knjigu?\u00a0<\/strong>Proces online kupovine jednako funkcionira za sve kupce, s jedinom razlikom u tome \u0161to \u0161to kupci iz inozemstva za podru\u010dje dostave moraju odabrati &#8220;Europa&#8221; ili &#8220;Ostale zemlje svijeta&#8221;, a za vrstu pla\u0107anja WSPay (kreditna kartica) ili Virmanom (bankovni transfer).<\/p>\n<p style=\"font-weight: 400; text-align: justify;\">Molimo kliknite ovdje za\u00a0<a href=\"hr\/kako-kupovati\">detaljni vodi\u010d kroz proces narud\u017ebe<\/a>\u00a0ili nas\u00a0<a href=\"hr\/kontakt\">kontaktirajte<\/a>\u00a0za vi\u0161e informacija.<\/p>\n<p style=\"font-weight: 400; text-align: justify;\">\u00a0<\/p>\n","protected":false},"excerpt":{"rendered":"<p>Sa\u017eetak: U razdobljima tuge i razo\u010daranja u \u017eivot, pisac se okre\u0107e izno\u0161enju svojih, \u010desto depresivnih, razmi\u0161ljanja i osje\u0107aja kroz poeziju. Poeziju koja opisuje pi\u0161\u010deve unutarnje borbe i strahove, bez la\u017enog preuveli\u010davanja. Za pisca, pisanje je poput oslobo\u0111enja du\u0161e iz te\u0161kih okova samo\u0107e, neshva\u0107anja i patnje u \u017eivotu. Glorificiranjem smrti, pisac kao da nastoji opravdati svrhu [&hellip;]<\/p>\n","protected":false},"featured_media":8959,"comment_status":"open","ping_status":"closed","template":"","meta":{"_acf_changed":false},"product_brand":[],"product_cat":[1383,1385,1388],"product_tag":[],"class_list":{"0":"post-8958","1":"product","2":"type-product","3":"status-publish","4":"has-post-thumbnail","6":"product_cat-knjige","7":"product_cat-knjizevnost","8":"product_cat-poezija","9":"pa_autor-milan-maricic","10":"pa_nakladnik-redak","12":"first","13":"instock","14":"shipping-taxable","15":"purchasable","16":"product-type-simple"},"acf":[],"yoast_head":"<!-- This site is optimized with the Yoast SEO plugin v27.3 - https:\/\/yoast.com\/product\/yoast-seo-wordpress\/ -->\n<title>VJE\u010cNA LOVI\u0160TA, Milan Mari\u010di\u0107 - Web-knji\u017eara<\/title>\n<meta name=\"robots\" content=\"index, follow, max-snippet:-1, max-image-preview:large, max-video-preview:-1\" \/>\n<link rel=\"canonical\" href=\"https:\/\/webknjizara.hr\/proizvod\/vjecna-lovista-milan-maricic\/\" \/>\n<meta property=\"og:locale\" content=\"en_US\" \/>\n<meta property=\"og:type\" content=\"article\" \/>\n<meta property=\"og:title\" content=\"VJE\u010cNA LOVI\u0160TA, Milan Mari\u010di\u0107 - Web-knji\u017eara\" \/>\n<meta property=\"og:description\" content=\"Sa\u017eetak: U razdobljima tuge i razo\u010daranja u \u017eivot, pisac se okre\u0107e izno\u0161enju svojih, \u010desto depresivnih, razmi\u0161ljanja i osje\u0107aja kroz poeziju. Poeziju koja opisuje pi\u0161\u010deve unutarnje borbe i strahove, bez la\u017enog preuveli\u010davanja. Za pisca, pisanje je poput oslobo\u0111enja du\u0161e iz te\u0161kih okova samo\u0107e, neshva\u0107anja i patnje u \u017eivotu. Glorificiranjem smrti, pisac kao da nastoji opravdati svrhu [&hellip;]\" \/>\n<meta property=\"og:url\" content=\"https:\/\/webknjizara.hr\/proizvod\/vjecna-lovista-milan-maricic\/\" \/>\n<meta property=\"og:site_name\" content=\"Web-knji\u017eara\" \/>\n<meta property=\"article:modified_time\" content=\"2023-02-26T23:17:44+00:00\" \/>\n<meta property=\"og:image\" content=\"https:\/\/webknjizara.hr\/wp-content\/uploads\/nc\/images\/virtuemart\/product\/Naslovnica_maricic_WK.jpg\" \/>\n\t<meta property=\"og:image:width\" content=\"284\" \/>\n\t<meta property=\"og:image:height\" content=\"397\" \/>\n\t<meta property=\"og:image:type\" content=\"image\/jpeg\" \/>\n<meta name=\"twitter:card\" content=\"summary_large_image\" \/>\n<meta name=\"twitter:label1\" content=\"Est. reading time\" \/>\n\t<meta name=\"twitter:data1\" content=\"2 minutes\" \/>\n<script type=\"application\/ld+json\" class=\"yoast-schema-graph\">{\"@context\":\"https:\\\/\\\/schema.org\",\"@graph\":[{\"@type\":\"WebPage\",\"@id\":\"https:\\\/\\\/webknjizara.hr\\\/proizvod\\\/vjecna-lovista-milan-maricic\\\/\",\"url\":\"https:\\\/\\\/webknjizara.hr\\\/proizvod\\\/vjecna-lovista-milan-maricic\\\/\",\"name\":\"VJE\u010cNA LOVI\u0160TA, Milan Mari\u010di\u0107 - Web-knji\u017eara\",\"isPartOf\":{\"@id\":\"https:\\\/\\\/webknjizara.hr\\\/#website\"},\"primaryImageOfPage\":{\"@id\":\"https:\\\/\\\/webknjizara.hr\\\/proizvod\\\/vjecna-lovista-milan-maricic\\\/#primaryimage\"},\"image\":{\"@id\":\"https:\\\/\\\/webknjizara.hr\\\/proizvod\\\/vjecna-lovista-milan-maricic\\\/#primaryimage\"},\"thumbnailUrl\":\"https:\\\/\\\/webknjizara.hr\\\/wp-content\\\/uploads\\\/nc\\\/images\\\/virtuemart\\\/product\\\/Naslovnica_maricic_WK.jpg\",\"datePublished\":\"2019-03-26T11:49:56+00:00\",\"dateModified\":\"2023-02-26T23:17:44+00:00\",\"breadcrumb\":{\"@id\":\"https:\\\/\\\/webknjizara.hr\\\/proizvod\\\/vjecna-lovista-milan-maricic\\\/#breadcrumb\"},\"inLanguage\":\"en-US\",\"potentialAction\":[{\"@type\":\"ReadAction\",\"target\":[\"https:\\\/\\\/webknjizara.hr\\\/proizvod\\\/vjecna-lovista-milan-maricic\\\/\"]}]},{\"@type\":\"ImageObject\",\"inLanguage\":\"en-US\",\"@id\":\"https:\\\/\\\/webknjizara.hr\\\/proizvod\\\/vjecna-lovista-milan-maricic\\\/#primaryimage\",\"url\":\"https:\\\/\\\/webknjizara.hr\\\/wp-content\\\/uploads\\\/nc\\\/images\\\/virtuemart\\\/product\\\/Naslovnica_maricic_WK.jpg\",\"contentUrl\":\"https:\\\/\\\/webknjizara.hr\\\/wp-content\\\/uploads\\\/nc\\\/images\\\/virtuemart\\\/product\\\/Naslovnica_maricic_WK.jpg\",\"width\":284,\"height\":397,\"caption\":\"VJE\u010cNA LOVI\u0160TA, Milan Mari\u010di\u0107\"},{\"@type\":\"BreadcrumbList\",\"@id\":\"https:\\\/\\\/webknjizara.hr\\\/proizvod\\\/vjecna-lovista-milan-maricic\\\/#breadcrumb\",\"itemListElement\":[{\"@type\":\"ListItem\",\"position\":1,\"name\":\"Po\u010detna stranica\",\"item\":\"https:\\\/\\\/webknjizara.hr\\\/en\\\/\"},{\"@type\":\"ListItem\",\"position\":2,\"name\":\"Shop\",\"item\":\"https:\\\/\\\/webknjizara.hr\\\/shop\\\/\"},{\"@type\":\"ListItem\",\"position\":3,\"name\":\"VJE\u010cNA LOVI\u0160TA, Milan Mari\u010di\u0107\"}]},{\"@type\":\"WebSite\",\"@id\":\"https:\\\/\\\/webknjizara.hr\\\/#website\",\"url\":\"https:\\\/\\\/webknjizara.hr\\\/\",\"name\":\"Web Knji\u017eara\",\"description\":\"\",\"publisher\":{\"@id\":\"https:\\\/\\\/webknjizara.hr\\\/#organization\"},\"potentialAction\":[{\"@type\":\"SearchAction\",\"target\":{\"@type\":\"EntryPoint\",\"urlTemplate\":\"https:\\\/\\\/webknjizara.hr\\\/?s={search_term_string}\"},\"query-input\":{\"@type\":\"PropertyValueSpecification\",\"valueRequired\":true,\"valueName\":\"search_term_string\"}}],\"inLanguage\":\"en-US\"},{\"@type\":\"Organization\",\"@id\":\"https:\\\/\\\/webknjizara.hr\\\/#organization\",\"name\":\"REDAK D.O.O.\",\"url\":\"https:\\\/\\\/webknjizara.hr\\\/\",\"logo\":{\"@type\":\"ImageObject\",\"inLanguage\":\"en-US\",\"@id\":\"https:\\\/\\\/webknjizara.hr\\\/#\\\/schema\\\/logo\\\/image\\\/\",\"url\":\"https:\\\/\\\/webknjizara.hr\\\/wp-content\\\/uploads\\\/2023\\\/01\\\/web-knjizara-logo.webp\",\"contentUrl\":\"https:\\\/\\\/webknjizara.hr\\\/wp-content\\\/uploads\\\/2023\\\/01\\\/web-knjizara-logo.webp\",\"width\":324,\"height\":79,\"caption\":\"REDAK D.O.O.\"},\"image\":{\"@id\":\"https:\\\/\\\/webknjizara.hr\\\/#\\\/schema\\\/logo\\\/image\\\/\"}}]}<\/script>\n<!-- \/ Yoast SEO plugin. -->","yoast_head_json":{"title":"VJE\u010cNA LOVI\u0160TA, Milan Mari\u010di\u0107 - Web-knji\u017eara","robots":{"index":"index","follow":"follow","max-snippet":"max-snippet:-1","max-image-preview":"max-image-preview:large","max-video-preview":"max-video-preview:-1"},"canonical":"https:\/\/webknjizara.hr\/proizvod\/vjecna-lovista-milan-maricic\/","og_locale":"en_US","og_type":"article","og_title":"VJE\u010cNA LOVI\u0160TA, Milan Mari\u010di\u0107 - Web-knji\u017eara","og_description":"Sa\u017eetak: U razdobljima tuge i razo\u010daranja u \u017eivot, pisac se okre\u0107e izno\u0161enju svojih, \u010desto depresivnih, razmi\u0161ljanja i osje\u0107aja kroz poeziju. Poeziju koja opisuje pi\u0161\u010deve unutarnje borbe i strahove, bez la\u017enog preuveli\u010davanja. Za pisca, pisanje je poput oslobo\u0111enja du\u0161e iz te\u0161kih okova samo\u0107e, neshva\u0107anja i patnje u \u017eivotu. Glorificiranjem smrti, pisac kao da nastoji opravdati svrhu [&hellip;]","og_url":"https:\/\/webknjizara.hr\/proizvod\/vjecna-lovista-milan-maricic\/","og_site_name":"Web-knji\u017eara","article_modified_time":"2023-02-26T23:17:44+00:00","og_image":[{"width":284,"height":397,"url":"https:\/\/webknjizara.hr\/wp-content\/uploads\/nc\/images\/virtuemart\/product\/Naslovnica_maricic_WK.jpg","type":"image\/jpeg"}],"twitter_card":"summary_large_image","twitter_misc":{"Est. reading time":"2 minutes"},"schema":{"@context":"https:\/\/schema.org","@graph":[{"@type":"WebPage","@id":"https:\/\/webknjizara.hr\/proizvod\/vjecna-lovista-milan-maricic\/","url":"https:\/\/webknjizara.hr\/proizvod\/vjecna-lovista-milan-maricic\/","name":"VJE\u010cNA LOVI\u0160TA, Milan Mari\u010di\u0107 - Web-knji\u017eara","isPartOf":{"@id":"https:\/\/webknjizara.hr\/#website"},"primaryImageOfPage":{"@id":"https:\/\/webknjizara.hr\/proizvod\/vjecna-lovista-milan-maricic\/#primaryimage"},"image":{"@id":"https:\/\/webknjizara.hr\/proizvod\/vjecna-lovista-milan-maricic\/#primaryimage"},"thumbnailUrl":"https:\/\/webknjizara.hr\/wp-content\/uploads\/nc\/images\/virtuemart\/product\/Naslovnica_maricic_WK.jpg","datePublished":"2019-03-26T11:49:56+00:00","dateModified":"2023-02-26T23:17:44+00:00","breadcrumb":{"@id":"https:\/\/webknjizara.hr\/proizvod\/vjecna-lovista-milan-maricic\/#breadcrumb"},"inLanguage":"en-US","potentialAction":[{"@type":"ReadAction","target":["https:\/\/webknjizara.hr\/proizvod\/vjecna-lovista-milan-maricic\/"]}]},{"@type":"ImageObject","inLanguage":"en-US","@id":"https:\/\/webknjizara.hr\/proizvod\/vjecna-lovista-milan-maricic\/#primaryimage","url":"https:\/\/webknjizara.hr\/wp-content\/uploads\/nc\/images\/virtuemart\/product\/Naslovnica_maricic_WK.jpg","contentUrl":"https:\/\/webknjizara.hr\/wp-content\/uploads\/nc\/images\/virtuemart\/product\/Naslovnica_maricic_WK.jpg","width":284,"height":397,"caption":"VJE\u010cNA LOVI\u0160TA, Milan Mari\u010di\u0107"},{"@type":"BreadcrumbList","@id":"https:\/\/webknjizara.hr\/proizvod\/vjecna-lovista-milan-maricic\/#breadcrumb","itemListElement":[{"@type":"ListItem","position":1,"name":"Po\u010detna stranica","item":"https:\/\/webknjizara.hr\/en\/"},{"@type":"ListItem","position":2,"name":"Shop","item":"https:\/\/webknjizara.hr\/shop\/"},{"@type":"ListItem","position":3,"name":"VJE\u010cNA LOVI\u0160TA, Milan Mari\u010di\u0107"}]},{"@type":"WebSite","@id":"https:\/\/webknjizara.hr\/#website","url":"https:\/\/webknjizara.hr\/","name":"Web Knji\u017eara","description":"","publisher":{"@id":"https:\/\/webknjizara.hr\/#organization"},"potentialAction":[{"@type":"SearchAction","target":{"@type":"EntryPoint","urlTemplate":"https:\/\/webknjizara.hr\/?s={search_term_string}"},"query-input":{"@type":"PropertyValueSpecification","valueRequired":true,"valueName":"search_term_string"}}],"inLanguage":"en-US"},{"@type":"Organization","@id":"https:\/\/webknjizara.hr\/#organization","name":"REDAK D.O.O.","url":"https:\/\/webknjizara.hr\/","logo":{"@type":"ImageObject","inLanguage":"en-US","@id":"https:\/\/webknjizara.hr\/#\/schema\/logo\/image\/","url":"https:\/\/webknjizara.hr\/wp-content\/uploads\/2023\/01\/web-knjizara-logo.webp","contentUrl":"https:\/\/webknjizara.hr\/wp-content\/uploads\/2023\/01\/web-knjizara-logo.webp","width":324,"height":79,"caption":"REDAK D.O.O."},"image":{"@id":"https:\/\/webknjizara.hr\/#\/schema\/logo\/image\/"}}]}},"_links":{"self":[{"href":"https:\/\/webknjizara.hr\/en\/wp-json\/wp\/v2\/product\/8958","targetHints":{"allow":["GET"]}}],"collection":[{"href":"https:\/\/webknjizara.hr\/en\/wp-json\/wp\/v2\/product"}],"about":[{"href":"https:\/\/webknjizara.hr\/en\/wp-json\/wp\/v2\/types\/product"}],"replies":[{"embeddable":true,"href":"https:\/\/webknjizara.hr\/en\/wp-json\/wp\/v2\/comments?post=8958"}],"wp:featuredmedia":[{"embeddable":true,"href":"https:\/\/webknjizara.hr\/en\/wp-json\/wp\/v2\/media\/8959"}],"wp:attachment":[{"href":"https:\/\/webknjizara.hr\/en\/wp-json\/wp\/v2\/media?parent=8958"}],"wp:term":[{"taxonomy":"product_brand","embeddable":true,"href":"https:\/\/webknjizara.hr\/en\/wp-json\/wp\/v2\/product_brand?post=8958"},{"taxonomy":"product_cat","embeddable":true,"href":"https:\/\/webknjizara.hr\/en\/wp-json\/wp\/v2\/product_cat?post=8958"},{"taxonomy":"product_tag","embeddable":true,"href":"https:\/\/webknjizara.hr\/en\/wp-json\/wp\/v2\/product_tag?post=8958"}],"curies":[{"name":"wp","href":"https:\/\/api.w.org\/{rel}","templated":true}]}}