{"id":8936,"date":"2019-02-05T14:20:56","date_gmt":"2019-02-05T14:20:56","guid":{"rendered":"https:\/\/webknjizara.hr\/?product=stihovi-duginih-boja-pisci-i-knjizevnost-grupa-autora"},"modified":"2023-02-27T00:17:42","modified_gmt":"2023-02-26T23:17:42","slug":"stihovi-duginih-boja-pisci-i-knjizevnost-grupa-autora","status":"publish","type":"product","link":"https:\/\/webknjizara.hr\/en\/proizvod\/stihovi-duginih-boja-pisci-i-knjizevnost-grupa-autora\/","title":{"rendered":"STIHOVI DUGINIH BOJA, Pisci i knji\u017eevnost &#8211; grupa autora"},"content":{"rendered":"<p style=\"text-align: justify;\"><strong>Sa\u017eetak:<\/strong> <\/p>\n<p><em>Stihovi ove zbirke su kao \u0161to i sam naslov govori: Stihovi duginih boja. Autori kroz \u0161aroliku paletu boja, na razli\u010dite na\u010dine su do\u010darali ono \u0161to osje\u0107aju. Poezija mo\u017ee rastjerati ki\u0161u i sive oblake. Stihovi ove knjige imaju tu mo\u0107 i paletu \u0161arolikih mogu\u0107nosti.<\/em><\/p>\n<p style=\"text-align: justify;\"><em>\u010covjek se svaki dan druga\u010dije osje\u0107a: u vrtlogu brzog \u017eivota, autori ove poezije pronalaze na\u010din da kroz stih zaborave na svakodnevnicu, da u\u017eivaju u svakom trenutku dana. Stihovi duginih boja su upravo to, vrtlog \u017eivota, svakodnevnica koja nas okru\u017euje, sre\u0107a i tuga.<\/em><\/p>\n<p style=\"text-align: justify;\"><em>Boje imaju svoju ljepotu, a stihovi u ovoj zbirci \u0161krinjicu s blagom, koja vrvi od energije i \u017eeli da je pro\u010ditate i u\u017eivate u lijepoj pisanoj rije\u010di.<\/em><\/p>\n<p style=\"text-align: justify;\">&#8211; Preporuka Kruno \u0160afrani\u0107 <br \/>urednik stranice Pisci i Knji\u017eevnost<\/p>\n<p style=\"text-align: justify;\"><strong>Bilje\u0161ka o autorima:<\/strong> <\/p>\n<p>Pjesme su nastale u razdoblju od 17.08.2018. do 31.10.2018. godine, a autori su \u010dlanovi Facebook grupe Pisci i Knji\u017eevnost i Facebook stranice Pisci i Knji\u017eevnost.<\/p>\n<p style=\"text-align: justify;\">Autori pjesama su iz Hrvatske i Crne Gore.<\/p>\n<p style=\"text-align: justify;\">Amalija Ljubica Sedla\u010dek, Bernarda \u0106uri\u0107, Gordana Bartol, Katarina Kos-Veli\u0107, Katarina Vrca, Lucija Sauli\u0107, Nermina Ad\u017eovi\u0107 Mustagrudi\u0107, Romana Duvnjak, Slavica Juhas, Vesna Grgi\u0107<\/p>\n<p style=\"text-align: justify;\"><strong>Ilustracija naslovnice:<\/strong> Ika Tomljenovi\u0107<\/p>\n<p><strong>Klju\u010dne rije\u010di:<\/strong> Pisci i Knji\u017eevnost, PiK, pjesme, Stihovi, Duginih, Boja, poezija<br \/><strong><br \/>Linkovi: <br \/>Facebook grupa:<\/strong> <a href=\"https:\/\/www.facebook.com\/groups\/245484055481932\/\" target=\"_blank\" rel=\"noopener noreferrer\">https:\/\/www.facebook.com\/groups\/245484055481932\/<br \/><\/a><strong>Facebook stranica: <\/strong><a href=\"https:\/\/www.facebook.com\/pisciknjizevnost.pik\/\" target=\"_blank\" rel=\"noopener noreferrer\">https:\/\/www.facebook.com\/pisciknjizevnost.pik\/<br \/><\/a><strong>E-mail: <\/strong><a href=\"mailto:knjigamojprijatelj@outlook.com\">Pisci i knji\u017eevnost<br \/><\/a><br \/><strong>Naslov:<\/strong> Stihovi duginih boja<br \/><strong>Autori:<\/strong> Pisci i knji\u017eevnost &#8211; grupa autora<br \/><strong>Broj stranica:<\/strong> 296<br \/><strong>Nakladnik:<\/strong> REDAK<br \/><strong>Godina izdanja:<\/strong> 2019.<br \/><strong>ISBN:<\/strong> 978-953-336-551-0 (meki uvez)<br \/><strong>Tisak:<\/strong> digitalni tisak knjiga &#8211; print na zahtjev\u00a0<\/p>\n<hr \/>\n<p style=\"text-align: justify;\"><strong>Kako naru\u010diti knjigu?\u00a0<\/strong>Proces online kupovine jednako funkcionira za sve kupce, s jedinom razlikom u tome \u0161to \u0161to kupci iz inozemstva za podru\u010dje dostave moraju odabrati &#8220;Europa&#8221; ili &#8220;Ostale zemlje svijeta&#8221;, a za vrstu pla\u0107anja WSPay (kreditna kartica) ili Virmanom (bankovni transfer).<\/p>\n<p style=\"text-align: justify;\">Molimo kliknite ovdje za\u00a0<a href=\"hr\/kako-kupovati\">detaljni vodi\u010d kroz proces narud\u017ebe<\/a>\u00a0ili nas\u00a0<a href=\"hr\/kontakt\">kontaktirajte<\/a>\u00a0za vi\u0161e informacija.<\/p>\n<p style=\"text-align: justify;\">\u00a0<\/p>\n","protected":false},"excerpt":{"rendered":"<p>Sa\u017eetak: Stihovi ove zbirke su kao \u0161to i sam naslov govori: Stihovi duginih boja. Autori kroz \u0161aroliku paletu boja, na razli\u010dite na\u010dine su do\u010darali ono \u0161to osje\u0107aju. Poezija mo\u017ee rastjerati ki\u0161u i sive oblake. Stihovi ove knjige imaju tu mo\u0107 i paletu \u0161arolikih mogu\u0107nosti. \u010covjek se svaki dan druga\u010dije osje\u0107a: u vrtlogu brzog \u017eivota, autori [&hellip;]<\/p>\n","protected":false},"featured_media":8937,"comment_status":"open","ping_status":"closed","template":"","meta":{"_acf_changed":false},"product_brand":[],"product_cat":[1383,1385,1388],"product_tag":[],"class_list":{"0":"post-8936","1":"product","2":"type-product","3":"status-publish","4":"has-post-thumbnail","6":"product_cat-knjige","7":"product_cat-knjizevnost","8":"product_cat-poezija","9":"pa_autor-pisci-i-knjizevnost-grupa-autora","10":"pa_nakladnik-redak","12":"first","13":"instock","14":"shipping-taxable","15":"purchasable","16":"product-type-simple"},"acf":[],"yoast_head":"<!-- This site is optimized with the Yoast SEO plugin v27.3 - https:\/\/yoast.com\/product\/yoast-seo-wordpress\/ -->\n<title>STIHOVI DUGINIH BOJA, Pisci i knji\u017eevnost - grupa autora - Web-knji\u017eara<\/title>\n<meta name=\"robots\" content=\"index, follow, max-snippet:-1, max-image-preview:large, max-video-preview:-1\" \/>\n<link rel=\"canonical\" href=\"https:\/\/webknjizara.hr\/proizvod\/stihovi-duginih-boja-pisci-i-knjizevnost-grupa-autora\/\" \/>\n<meta property=\"og:locale\" content=\"en_US\" \/>\n<meta property=\"og:type\" content=\"article\" \/>\n<meta property=\"og:title\" content=\"STIHOVI DUGINIH BOJA, Pisci i knji\u017eevnost - grupa autora - Web-knji\u017eara\" \/>\n<meta property=\"og:description\" content=\"Sa\u017eetak: Stihovi ove zbirke su kao \u0161to i sam naslov govori: Stihovi duginih boja. Autori kroz \u0161aroliku paletu boja, na razli\u010dite na\u010dine su do\u010darali ono \u0161to osje\u0107aju. Poezija mo\u017ee rastjerati ki\u0161u i sive oblake. Stihovi ove knjige imaju tu mo\u0107 i paletu \u0161arolikih mogu\u0107nosti. \u010covjek se svaki dan druga\u010dije osje\u0107a: u vrtlogu brzog \u017eivota, autori [&hellip;]\" \/>\n<meta property=\"og:url\" content=\"https:\/\/webknjizara.hr\/proizvod\/stihovi-duginih-boja-pisci-i-knjizevnost-grupa-autora\/\" \/>\n<meta property=\"og:site_name\" content=\"Web-knji\u017eara\" \/>\n<meta property=\"article:modified_time\" content=\"2023-02-26T23:17:42+00:00\" \/>\n<meta property=\"og:image\" content=\"https:\/\/webknjizara.hr\/wp-content\/uploads\/nc\/images\/virtuemart\/product\/pik_naslovnica-za-knjizaru.jpg\" \/>\n\t<meta property=\"og:image:width\" content=\"300\" \/>\n\t<meta property=\"og:image:height\" content=\"419\" \/>\n\t<meta property=\"og:image:type\" content=\"image\/jpeg\" \/>\n<meta name=\"twitter:card\" content=\"summary_large_image\" \/>\n<meta name=\"twitter:label1\" content=\"Est. reading time\" \/>\n\t<meta name=\"twitter:data1\" content=\"2 minutes\" \/>\n<script type=\"application\/ld+json\" class=\"yoast-schema-graph\">{\"@context\":\"https:\\\/\\\/schema.org\",\"@graph\":[{\"@type\":\"WebPage\",\"@id\":\"https:\\\/\\\/webknjizara.hr\\\/proizvod\\\/stihovi-duginih-boja-pisci-i-knjizevnost-grupa-autora\\\/\",\"url\":\"https:\\\/\\\/webknjizara.hr\\\/proizvod\\\/stihovi-duginih-boja-pisci-i-knjizevnost-grupa-autora\\\/\",\"name\":\"STIHOVI DUGINIH BOJA, Pisci i knji\u017eevnost - grupa autora - Web-knji\u017eara\",\"isPartOf\":{\"@id\":\"https:\\\/\\\/webknjizara.hr\\\/#website\"},\"primaryImageOfPage\":{\"@id\":\"https:\\\/\\\/webknjizara.hr\\\/proizvod\\\/stihovi-duginih-boja-pisci-i-knjizevnost-grupa-autora\\\/#primaryimage\"},\"image\":{\"@id\":\"https:\\\/\\\/webknjizara.hr\\\/proizvod\\\/stihovi-duginih-boja-pisci-i-knjizevnost-grupa-autora\\\/#primaryimage\"},\"thumbnailUrl\":\"https:\\\/\\\/webknjizara.hr\\\/wp-content\\\/uploads\\\/nc\\\/images\\\/virtuemart\\\/product\\\/pik_naslovnica-za-knjizaru.jpg\",\"datePublished\":\"2019-02-05T14:20:56+00:00\",\"dateModified\":\"2023-02-26T23:17:42+00:00\",\"breadcrumb\":{\"@id\":\"https:\\\/\\\/webknjizara.hr\\\/proizvod\\\/stihovi-duginih-boja-pisci-i-knjizevnost-grupa-autora\\\/#breadcrumb\"},\"inLanguage\":\"en-US\",\"potentialAction\":[{\"@type\":\"ReadAction\",\"target\":[\"https:\\\/\\\/webknjizara.hr\\\/proizvod\\\/stihovi-duginih-boja-pisci-i-knjizevnost-grupa-autora\\\/\"]}]},{\"@type\":\"ImageObject\",\"inLanguage\":\"en-US\",\"@id\":\"https:\\\/\\\/webknjizara.hr\\\/proizvod\\\/stihovi-duginih-boja-pisci-i-knjizevnost-grupa-autora\\\/#primaryimage\",\"url\":\"https:\\\/\\\/webknjizara.hr\\\/wp-content\\\/uploads\\\/nc\\\/images\\\/virtuemart\\\/product\\\/pik_naslovnica-za-knjizaru.jpg\",\"contentUrl\":\"https:\\\/\\\/webknjizara.hr\\\/wp-content\\\/uploads\\\/nc\\\/images\\\/virtuemart\\\/product\\\/pik_naslovnica-za-knjizaru.jpg\",\"width\":300,\"height\":419,\"caption\":\"STIHOVI DUGINIH BOJA, Pisci i knji\u017eevnost - grupa autora\"},{\"@type\":\"BreadcrumbList\",\"@id\":\"https:\\\/\\\/webknjizara.hr\\\/proizvod\\\/stihovi-duginih-boja-pisci-i-knjizevnost-grupa-autora\\\/#breadcrumb\",\"itemListElement\":[{\"@type\":\"ListItem\",\"position\":1,\"name\":\"Po\u010detna stranica\",\"item\":\"https:\\\/\\\/webknjizara.hr\\\/en\\\/\"},{\"@type\":\"ListItem\",\"position\":2,\"name\":\"Shop\",\"item\":\"https:\\\/\\\/webknjizara.hr\\\/shop\\\/\"},{\"@type\":\"ListItem\",\"position\":3,\"name\":\"STIHOVI DUGINIH BOJA, Pisci i knji\u017eevnost &#8211; grupa autora\"}]},{\"@type\":\"WebSite\",\"@id\":\"https:\\\/\\\/webknjizara.hr\\\/#website\",\"url\":\"https:\\\/\\\/webknjizara.hr\\\/\",\"name\":\"Web Knji\u017eara\",\"description\":\"\",\"publisher\":{\"@id\":\"https:\\\/\\\/webknjizara.hr\\\/#organization\"},\"potentialAction\":[{\"@type\":\"SearchAction\",\"target\":{\"@type\":\"EntryPoint\",\"urlTemplate\":\"https:\\\/\\\/webknjizara.hr\\\/?s={search_term_string}\"},\"query-input\":{\"@type\":\"PropertyValueSpecification\",\"valueRequired\":true,\"valueName\":\"search_term_string\"}}],\"inLanguage\":\"en-US\"},{\"@type\":\"Organization\",\"@id\":\"https:\\\/\\\/webknjizara.hr\\\/#organization\",\"name\":\"REDAK D.O.O.\",\"url\":\"https:\\\/\\\/webknjizara.hr\\\/\",\"logo\":{\"@type\":\"ImageObject\",\"inLanguage\":\"en-US\",\"@id\":\"https:\\\/\\\/webknjizara.hr\\\/#\\\/schema\\\/logo\\\/image\\\/\",\"url\":\"https:\\\/\\\/webknjizara.hr\\\/wp-content\\\/uploads\\\/2023\\\/01\\\/web-knjizara-logo.webp\",\"contentUrl\":\"https:\\\/\\\/webknjizara.hr\\\/wp-content\\\/uploads\\\/2023\\\/01\\\/web-knjizara-logo.webp\",\"width\":324,\"height\":79,\"caption\":\"REDAK D.O.O.\"},\"image\":{\"@id\":\"https:\\\/\\\/webknjizara.hr\\\/#\\\/schema\\\/logo\\\/image\\\/\"}}]}<\/script>\n<!-- \/ Yoast SEO plugin. -->","yoast_head_json":{"title":"STIHOVI DUGINIH BOJA, Pisci i knji\u017eevnost - grupa autora - Web-knji\u017eara","robots":{"index":"index","follow":"follow","max-snippet":"max-snippet:-1","max-image-preview":"max-image-preview:large","max-video-preview":"max-video-preview:-1"},"canonical":"https:\/\/webknjizara.hr\/proizvod\/stihovi-duginih-boja-pisci-i-knjizevnost-grupa-autora\/","og_locale":"en_US","og_type":"article","og_title":"STIHOVI DUGINIH BOJA, Pisci i knji\u017eevnost - grupa autora - Web-knji\u017eara","og_description":"Sa\u017eetak: Stihovi ove zbirke su kao \u0161to i sam naslov govori: Stihovi duginih boja. Autori kroz \u0161aroliku paletu boja, na razli\u010dite na\u010dine su do\u010darali ono \u0161to osje\u0107aju. Poezija mo\u017ee rastjerati ki\u0161u i sive oblake. Stihovi ove knjige imaju tu mo\u0107 i paletu \u0161arolikih mogu\u0107nosti. \u010covjek se svaki dan druga\u010dije osje\u0107a: u vrtlogu brzog \u017eivota, autori [&hellip;]","og_url":"https:\/\/webknjizara.hr\/proizvod\/stihovi-duginih-boja-pisci-i-knjizevnost-grupa-autora\/","og_site_name":"Web-knji\u017eara","article_modified_time":"2023-02-26T23:17:42+00:00","og_image":[{"width":300,"height":419,"url":"https:\/\/webknjizara.hr\/wp-content\/uploads\/nc\/images\/virtuemart\/product\/pik_naslovnica-za-knjizaru.jpg","type":"image\/jpeg"}],"twitter_card":"summary_large_image","twitter_misc":{"Est. reading time":"2 minutes"},"schema":{"@context":"https:\/\/schema.org","@graph":[{"@type":"WebPage","@id":"https:\/\/webknjizara.hr\/proizvod\/stihovi-duginih-boja-pisci-i-knjizevnost-grupa-autora\/","url":"https:\/\/webknjizara.hr\/proizvod\/stihovi-duginih-boja-pisci-i-knjizevnost-grupa-autora\/","name":"STIHOVI DUGINIH BOJA, Pisci i knji\u017eevnost - grupa autora - Web-knji\u017eara","isPartOf":{"@id":"https:\/\/webknjizara.hr\/#website"},"primaryImageOfPage":{"@id":"https:\/\/webknjizara.hr\/proizvod\/stihovi-duginih-boja-pisci-i-knjizevnost-grupa-autora\/#primaryimage"},"image":{"@id":"https:\/\/webknjizara.hr\/proizvod\/stihovi-duginih-boja-pisci-i-knjizevnost-grupa-autora\/#primaryimage"},"thumbnailUrl":"https:\/\/webknjizara.hr\/wp-content\/uploads\/nc\/images\/virtuemart\/product\/pik_naslovnica-za-knjizaru.jpg","datePublished":"2019-02-05T14:20:56+00:00","dateModified":"2023-02-26T23:17:42+00:00","breadcrumb":{"@id":"https:\/\/webknjizara.hr\/proizvod\/stihovi-duginih-boja-pisci-i-knjizevnost-grupa-autora\/#breadcrumb"},"inLanguage":"en-US","potentialAction":[{"@type":"ReadAction","target":["https:\/\/webknjizara.hr\/proizvod\/stihovi-duginih-boja-pisci-i-knjizevnost-grupa-autora\/"]}]},{"@type":"ImageObject","inLanguage":"en-US","@id":"https:\/\/webknjizara.hr\/proizvod\/stihovi-duginih-boja-pisci-i-knjizevnost-grupa-autora\/#primaryimage","url":"https:\/\/webknjizara.hr\/wp-content\/uploads\/nc\/images\/virtuemart\/product\/pik_naslovnica-za-knjizaru.jpg","contentUrl":"https:\/\/webknjizara.hr\/wp-content\/uploads\/nc\/images\/virtuemart\/product\/pik_naslovnica-za-knjizaru.jpg","width":300,"height":419,"caption":"STIHOVI DUGINIH BOJA, Pisci i knji\u017eevnost - grupa autora"},{"@type":"BreadcrumbList","@id":"https:\/\/webknjizara.hr\/proizvod\/stihovi-duginih-boja-pisci-i-knjizevnost-grupa-autora\/#breadcrumb","itemListElement":[{"@type":"ListItem","position":1,"name":"Po\u010detna stranica","item":"https:\/\/webknjizara.hr\/en\/"},{"@type":"ListItem","position":2,"name":"Shop","item":"https:\/\/webknjizara.hr\/shop\/"},{"@type":"ListItem","position":3,"name":"STIHOVI DUGINIH BOJA, Pisci i knji\u017eevnost &#8211; grupa autora"}]},{"@type":"WebSite","@id":"https:\/\/webknjizara.hr\/#website","url":"https:\/\/webknjizara.hr\/","name":"Web Knji\u017eara","description":"","publisher":{"@id":"https:\/\/webknjizara.hr\/#organization"},"potentialAction":[{"@type":"SearchAction","target":{"@type":"EntryPoint","urlTemplate":"https:\/\/webknjizara.hr\/?s={search_term_string}"},"query-input":{"@type":"PropertyValueSpecification","valueRequired":true,"valueName":"search_term_string"}}],"inLanguage":"en-US"},{"@type":"Organization","@id":"https:\/\/webknjizara.hr\/#organization","name":"REDAK D.O.O.","url":"https:\/\/webknjizara.hr\/","logo":{"@type":"ImageObject","inLanguage":"en-US","@id":"https:\/\/webknjizara.hr\/#\/schema\/logo\/image\/","url":"https:\/\/webknjizara.hr\/wp-content\/uploads\/2023\/01\/web-knjizara-logo.webp","contentUrl":"https:\/\/webknjizara.hr\/wp-content\/uploads\/2023\/01\/web-knjizara-logo.webp","width":324,"height":79,"caption":"REDAK D.O.O."},"image":{"@id":"https:\/\/webknjizara.hr\/#\/schema\/logo\/image\/"}}]}},"_links":{"self":[{"href":"https:\/\/webknjizara.hr\/en\/wp-json\/wp\/v2\/product\/8936","targetHints":{"allow":["GET"]}}],"collection":[{"href":"https:\/\/webknjizara.hr\/en\/wp-json\/wp\/v2\/product"}],"about":[{"href":"https:\/\/webknjizara.hr\/en\/wp-json\/wp\/v2\/types\/product"}],"replies":[{"embeddable":true,"href":"https:\/\/webknjizara.hr\/en\/wp-json\/wp\/v2\/comments?post=8936"}],"wp:featuredmedia":[{"embeddable":true,"href":"https:\/\/webknjizara.hr\/en\/wp-json\/wp\/v2\/media\/8937"}],"wp:attachment":[{"href":"https:\/\/webknjizara.hr\/en\/wp-json\/wp\/v2\/media?parent=8936"}],"wp:term":[{"taxonomy":"product_brand","embeddable":true,"href":"https:\/\/webknjizara.hr\/en\/wp-json\/wp\/v2\/product_brand?post=8936"},{"taxonomy":"product_cat","embeddable":true,"href":"https:\/\/webknjizara.hr\/en\/wp-json\/wp\/v2\/product_cat?post=8936"},{"taxonomy":"product_tag","embeddable":true,"href":"https:\/\/webknjizara.hr\/en\/wp-json\/wp\/v2\/product_tag?post=8936"}],"curies":[{"name":"wp","href":"https:\/\/api.w.org\/{rel}","templated":true}]}}