{"id":8928,"date":"2019-01-25T11:41:10","date_gmt":"2019-01-25T11:41:10","guid":{"rendered":"https:\/\/webknjizara.hr\/?product=selfie-generacija-socioloski-pogled-kroz-prednju-kameru-anci-leburic-krunoslav-malenica-i-dr"},"modified":"2023-02-27T00:17:41","modified_gmt":"2023-02-26T23:17:41","slug":"selfie-generacija-socioloski-pogled-kroz-prednju-kameru-anci-leburic-krunoslav-malenica-i-dr","status":"publish","type":"product","link":"https:\/\/webknjizara.hr\/en\/proizvod\/selfie-generacija-socioloski-pogled-kroz-prednju-kameru-anci-leburic-krunoslav-malenica-i-dr\/","title":{"rendered":"#SELFIE GENERACIJA: SOCIOLO\u0160KI POGLED KROZ PREDNJU KAMERU, AN\u010cI LEBURI\u0106, KRUNOSLAV MALENICA i dr."},"content":{"rendered":"<p style=\"text-align: justify;\"><strong>Sa\u017eetak:<\/strong> <\/p>\n<p>Empirijska studija pod naslovom #Selfiegeneracija: sociolo\u0161ki pogled kroz prednju kameru, objavljuje se kao dvadeseta knjiga u okviru biblioteke Istra\u017eiva\u010dke studije, utemeljene pod okriljem splitskog izdava\u010da i tiskara Redak. Sve analize i istra\u017eiva\u010dki zadaci \u010diji se rezultati prezentiraju u ovoj knjizi, realizirani su tijekom akademske godine 2017.\/2018. na metodolo\u0161kim predmetima nositeljice prof. dr. sc. An\u010di Leburi\u0107, na sociolo\u0161kom diplomskom studiju. Predmetno se projekt fokusirao na jedan od suvremenijih i relativno neistra\u017eivanih dru\u0161tvenih fenomena \u2013 na selfie, koji se intenzivnije u posljednjem desetlje\u0107u afirmira u svakodnevnim medijskim prostorima. Ocjenjuju\u0107i kako je rije\u010d o prili\u010dno fascinantnom intenzivnom razvitku i postignutoj popularizaciji u kratkom razdoblju, kao jedan od temeljnih op\u0107ih istra\u017eiva\u010dkih ciljeva postavili smo utvrditi i razumjeti implicitna i eksplicitna zna\u010denja koja se kriju \u201es one strane\u201c fotoobjektiva. Dakle, prilikom odabira teme bila je aktualnost prou\u010davanog fenomena, te njegova nedostatna empirijska spoznaja o relevantnim zna\u010denjima fenomena, njegovim u\u010dincima, postignu\u0107ima i sl. Kako je rije\u010d o vje\u010dno zanimljivim temama unutar medijskih, kulturolo\u0161kih ili sociolo\u0161kih vrsta istra\u017eivanja, konkretnije smo se orijentirali na profiliranje generacijskoga zna\u010denja vezanog uz selfieje.<\/p>\n<p style=\"text-align: justify;\"><strong>Bilje\u0161ka o autorici:<\/strong> <\/p>\n<p>AN\u010cI LEBURI\u0106, ro\u0111ena 1958. u Splitu, gdje je zavr\u0161ila osnovnu i srednju \u0161kolu, te glazbenu srednju \u0161kolu \u201eJosip Hatze\u201c, smjer violina. Nakon studija u Zagrebu, magistrira i doktorira na Filozofskom fakultetu u Zagrebu, u znanstvenom polju sociologije. Trenuta\u010dno radi kao redovita profesorica u trajnom zvanju, na Katedri socio\u00aclo\u0161ke metodologije Odsjeka za sociologiju na Filozofskom fakultetu Sveu\u010dili\u0161ta u Splitu. Istra\u017euje i objavljuje znanstvene radove iz metodologije dru\u0161tvenih i humanisti\u010dkih istra\u00ac\u017eivanja, sociologije medija, sociologije politike, sociologije mladih, sociologije zabave, sociologije slobodnog vremena, sociologije roda, sociologije \u017eena, sociologije grada, sociologije jezika, sociolingvistike, sociologije religije, sociologije poduzetni\u0161tva, socijalne ekologije, sociologije okoli\u0161a, sociologije obrazovanja, sociologije djece, sociologije dizajna, sociologije glazbe, sociologije umjetnosti i dr.<\/p>\n<p>Suautorica je dvadesetak knjiga objavljenih u biblioteci Istra\u017eiva\u010dke studije, \u010dija je i urednica (izdava\u010d Redak iz Splita). U biblioteci Suvremena istra\u017eivanja (izdava\u010d Filozofski fakultet Sveu\u010dili\u0161ta u Splitu) suautorica je knjige Disko generacija: sociolo\u0161ka istra\u017eivanja no\u0107ne zabave mladih (knjiga br. 2, 2007.) te dvojezi\u010dnog izdanja Socijalna prosudba elementarnih sustava \u017eivota: Sociolo\u0161ka studija dru\u0161tvenih pretpostavki uvo\u0111enja kanalizacijskog sustava Ka\u0161tela \u2013 Trogir \/\/ Social Assessment of Elementary Life Systems: Sociological Study of Social Assumptions of Carrying Out the Ka\u0161tela-Trogir Sewage System (2006.). Ostale knjige objavila je kod drugih izdava\u010da kao suautorica. <\/p>\n<p>Utemeljuje Metodolo\u0161ku biblioteku kod splitskoga izdava\u010da Redak, te kao urednica u ediciji Metodolo\u0161ke teme objavljuje 2011.u suautorstvu knjigu br.1: Diskurzivna analiza-kvalitativni pristup u istra\u017eivanju medija, te knjigu br. 2: Metodolo\u0161ki rje\u010dnik i knjigu br. 3: Kulturolo\u0161ke analize u diskursu kulturalnih studija (2014).<\/p>\n<p>Redovito objavljuje znanstvene tekstove u doma\u0107im i me\u0111unarodnim \u010dasopisima i zbornicima, a trenuta\u010dno vodi i\/ili sudjeluje u nekoliko me\u0111unarodnih projekata u kojima se istra\u017euju razvojne, kulturolo\u0161ke, medijske, medicinske, socijalno-ekolo\u0161ke i urbane teme. Odabrana je me\u0111u brojnim svjetskim znanstvenicima i uvr\u0161tena na IBC listu (International Biographical Centre, Cambridge, England) kao jedna od TOP 100 PROFESSIONALS 2010 na svijetu.<\/p>\n<p>\u010clanica je nekoliko stru\u010dnih asocijacija te predsjednica Splitske podru\u017enice Hrvatskoga sociolo\u0161kog dru\u0161tva, osnovane 2006. godine.<\/p>\n<p style=\"text-align: justify;\"><strong>Klju\u010dne rije\u010di:<\/strong> Self; selfie; novi mediji; pametni telefoni; sociolo\u0161ka istra\u017eivanja; mje\u0161oviti metodolo\u0161ki pristupi; sociolo\u0161ke analize<br \/><strong><br \/>Link:\u00a0<\/strong> <a href=\"http:\/\/www.ancileburic.com\" target=\"_blank\" rel=\"noopener noreferrer\">www.ancileburic.com<\/a><br \/><strong>E-mail:\u00a0<\/strong> <a href=\"mailto:anci.leburic@gmail.com\">An\u010di Leburi\u0107<br \/><\/a><br \/><strong>Naslov:<\/strong>\u00a0#Selfie generacija: sociolo\u0161ki pogled kroz prednju kameru<br \/><strong>Autori:<\/strong> AN\u010cI LEBURI\u0106, KRUNOSLAV MALENICA i dr.<br \/><strong>Broj stranica:<\/strong> 208<br \/><strong>Nakladnik:<\/strong> REDAK<br \/><strong>Godina izdanja:<\/strong> 2019.<br \/><strong>ISBN:<\/strong> 978-953-336-521-3<br \/><strong>Tisak:<\/strong> digitalni tisak knjiga &#8211; print na zahtjev\u00a0<\/p>\n<hr \/>\n<p style=\"text-align: justify;\"><strong>Kako naru\u010diti knjigu?\u00a0<\/strong>Proces online kupovine jednako funkcionira za sve kupce, s jedinom razlikom u tome \u0161to \u0161to kupci iz inozemstva za podru\u010dje dostave moraju odabrati &#8220;Europa&#8221; ili &#8220;Ostale zemlje svijeta&#8221;, a za vrstu pla\u0107anja WSPay (kreditna kartica) ili Virmanom (bankovni transfer).<\/p>\n<p style=\"text-align: justify;\">Molimo kliknite ovdje za\u00a0<a href=\"hr\/kako-kupovati\">detaljni vodi\u010d kroz proces narud\u017ebe<\/a>\u00a0ili nas\u00a0<a href=\"hr\/kontakt\">kontaktirajte<\/a>\u00a0za vi\u0161e informacija.<\/p>\n","protected":false},"excerpt":{"rendered":"<p>Sa\u017eetak: Empirijska studija pod naslovom #Selfiegeneracija: sociolo\u0161ki pogled kroz prednju kameru, objavljuje se kao dvadeseta knjiga u okviru biblioteke Istra\u017eiva\u010dke studije, utemeljene pod okriljem splitskog izdava\u010da i tiskara Redak. Sve analize i istra\u017eiva\u010dki zadaci \u010diji se rezultati prezentiraju u ovoj knjizi, realizirani su tijekom akademske godine 2017.\/2018. na metodolo\u0161kim predmetima nositeljice prof. dr. sc. An\u010di [&hellip;]<\/p>\n","protected":false},"featured_media":8929,"comment_status":"open","ping_status":"closed","template":"","meta":{"_acf_changed":false},"product_brand":[],"product_cat":[1517,1390],"product_tag":[],"class_list":{"0":"post-8928","1":"product","2":"type-product","3":"status-publish","4":"has-post-thumbnail","6":"product_cat-strucna-literatura","7":"product_cat-drustvene-znanosti","8":"pa_nakladnik-redak","10":"first","11":"instock","12":"shipping-taxable","13":"purchasable","14":"product-type-simple"},"acf":[],"yoast_head":"<!-- This site is optimized with the Yoast SEO plugin v27.3 - https:\/\/yoast.com\/product\/yoast-seo-wordpress\/ -->\n<title>#SELFIE GENERACIJA: SOCIOLO\u0160KI POGLED KROZ PREDNJU KAMERU, AN\u010cI LEBURI\u0106, KRUNOSLAV MALENICA i dr. - Web-knji\u017eara<\/title>\n<meta name=\"robots\" content=\"index, follow, max-snippet:-1, max-image-preview:large, max-video-preview:-1\" \/>\n<link rel=\"canonical\" href=\"https:\/\/webknjizara.hr\/proizvod\/selfie-generacija-socioloski-pogled-kroz-prednju-kameru-anci-leburic-krunoslav-malenica-i-dr\/\" \/>\n<meta property=\"og:locale\" content=\"en_US\" \/>\n<meta property=\"og:type\" content=\"article\" \/>\n<meta property=\"og:title\" content=\"#SELFIE GENERACIJA: SOCIOLO\u0160KI POGLED KROZ PREDNJU KAMERU, AN\u010cI LEBURI\u0106, KRUNOSLAV MALENICA i dr. - Web-knji\u017eara\" \/>\n<meta property=\"og:description\" content=\"Sa\u017eetak: Empirijska studija pod naslovom #Selfiegeneracija: sociolo\u0161ki pogled kroz prednju kameru, objavljuje se kao dvadeseta knjiga u okviru biblioteke Istra\u017eiva\u010dke studije, utemeljene pod okriljem splitskog izdava\u010da i tiskara Redak. Sve analize i istra\u017eiva\u010dki zadaci \u010diji se rezultati prezentiraju u ovoj knjizi, realizirani su tijekom akademske godine 2017.\/2018. na metodolo\u0161kim predmetima nositeljice prof. dr. sc. An\u010di [&hellip;]\" \/>\n<meta property=\"og:url\" content=\"https:\/\/webknjizara.hr\/proizvod\/selfie-generacija-socioloski-pogled-kroz-prednju-kameru-anci-leburic-krunoslav-malenica-i-dr\/\" \/>\n<meta property=\"og:site_name\" content=\"Web-knji\u017eara\" \/>\n<meta property=\"article:modified_time\" content=\"2023-02-26T23:17:41+00:00\" \/>\n<meta property=\"og:image\" content=\"https:\/\/webknjizara.hr\/wp-content\/uploads\/nc\/images\/virtuemart\/product\/naslovnica-web-knjzara.jpg\" \/>\n\t<meta property=\"og:image:width\" content=\"300\" \/>\n\t<meta property=\"og:image:height\" content=\"419\" \/>\n\t<meta property=\"og:image:type\" content=\"image\/jpeg\" \/>\n<meta name=\"twitter:card\" content=\"summary_large_image\" \/>\n<meta name=\"twitter:label1\" content=\"Est. reading time\" \/>\n\t<meta name=\"twitter:data1\" content=\"3 minutes\" \/>\n<script type=\"application\/ld+json\" class=\"yoast-schema-graph\">{\"@context\":\"https:\\\/\\\/schema.org\",\"@graph\":[{\"@type\":\"WebPage\",\"@id\":\"https:\\\/\\\/webknjizara.hr\\\/proizvod\\\/selfie-generacija-socioloski-pogled-kroz-prednju-kameru-anci-leburic-krunoslav-malenica-i-dr\\\/\",\"url\":\"https:\\\/\\\/webknjizara.hr\\\/proizvod\\\/selfie-generacija-socioloski-pogled-kroz-prednju-kameru-anci-leburic-krunoslav-malenica-i-dr\\\/\",\"name\":\"#SELFIE GENERACIJA: SOCIOLO\u0160KI POGLED KROZ PREDNJU KAMERU, AN\u010cI LEBURI\u0106, KRUNOSLAV MALENICA i dr. - Web-knji\u017eara\",\"isPartOf\":{\"@id\":\"https:\\\/\\\/webknjizara.hr\\\/#website\"},\"primaryImageOfPage\":{\"@id\":\"https:\\\/\\\/webknjizara.hr\\\/proizvod\\\/selfie-generacija-socioloski-pogled-kroz-prednju-kameru-anci-leburic-krunoslav-malenica-i-dr\\\/#primaryimage\"},\"image\":{\"@id\":\"https:\\\/\\\/webknjizara.hr\\\/proizvod\\\/selfie-generacija-socioloski-pogled-kroz-prednju-kameru-anci-leburic-krunoslav-malenica-i-dr\\\/#primaryimage\"},\"thumbnailUrl\":\"https:\\\/\\\/webknjizara.hr\\\/wp-content\\\/uploads\\\/nc\\\/images\\\/virtuemart\\\/product\\\/naslovnica-web-knjzara.jpg\",\"datePublished\":\"2019-01-25T11:41:10+00:00\",\"dateModified\":\"2023-02-26T23:17:41+00:00\",\"breadcrumb\":{\"@id\":\"https:\\\/\\\/webknjizara.hr\\\/proizvod\\\/selfie-generacija-socioloski-pogled-kroz-prednju-kameru-anci-leburic-krunoslav-malenica-i-dr\\\/#breadcrumb\"},\"inLanguage\":\"en-US\",\"potentialAction\":[{\"@type\":\"ReadAction\",\"target\":[\"https:\\\/\\\/webknjizara.hr\\\/proizvod\\\/selfie-generacija-socioloski-pogled-kroz-prednju-kameru-anci-leburic-krunoslav-malenica-i-dr\\\/\"]}]},{\"@type\":\"ImageObject\",\"inLanguage\":\"en-US\",\"@id\":\"https:\\\/\\\/webknjizara.hr\\\/proizvod\\\/selfie-generacija-socioloski-pogled-kroz-prednju-kameru-anci-leburic-krunoslav-malenica-i-dr\\\/#primaryimage\",\"url\":\"https:\\\/\\\/webknjizara.hr\\\/wp-content\\\/uploads\\\/nc\\\/images\\\/virtuemart\\\/product\\\/naslovnica-web-knjzara.jpg\",\"contentUrl\":\"https:\\\/\\\/webknjizara.hr\\\/wp-content\\\/uploads\\\/nc\\\/images\\\/virtuemart\\\/product\\\/naslovnica-web-knjzara.jpg\",\"width\":300,\"height\":419,\"caption\":\"#SELFIE GENERACIJA: SOCIOLO\u0160KI POGLED KROZ PREDNJU KAMERU, AN\u010cI LEBURI\u0106, KRUNOSLAV MALENICA i dr.\"},{\"@type\":\"BreadcrumbList\",\"@id\":\"https:\\\/\\\/webknjizara.hr\\\/proizvod\\\/selfie-generacija-socioloski-pogled-kroz-prednju-kameru-anci-leburic-krunoslav-malenica-i-dr\\\/#breadcrumb\",\"itemListElement\":[{\"@type\":\"ListItem\",\"position\":1,\"name\":\"Po\u010detna stranica\",\"item\":\"https:\\\/\\\/webknjizara.hr\\\/en\\\/\"},{\"@type\":\"ListItem\",\"position\":2,\"name\":\"Shop\",\"item\":\"https:\\\/\\\/webknjizara.hr\\\/shop\\\/\"},{\"@type\":\"ListItem\",\"position\":3,\"name\":\"#SELFIE GENERACIJA: SOCIOLO\u0160KI POGLED KROZ PREDNJU KAMERU, AN\u010cI LEBURI\u0106, KRUNOSLAV MALENICA i dr.\"}]},{\"@type\":\"WebSite\",\"@id\":\"https:\\\/\\\/webknjizara.hr\\\/#website\",\"url\":\"https:\\\/\\\/webknjizara.hr\\\/\",\"name\":\"Web Knji\u017eara\",\"description\":\"\",\"publisher\":{\"@id\":\"https:\\\/\\\/webknjizara.hr\\\/#organization\"},\"potentialAction\":[{\"@type\":\"SearchAction\",\"target\":{\"@type\":\"EntryPoint\",\"urlTemplate\":\"https:\\\/\\\/webknjizara.hr\\\/?s={search_term_string}\"},\"query-input\":{\"@type\":\"PropertyValueSpecification\",\"valueRequired\":true,\"valueName\":\"search_term_string\"}}],\"inLanguage\":\"en-US\"},{\"@type\":\"Organization\",\"@id\":\"https:\\\/\\\/webknjizara.hr\\\/#organization\",\"name\":\"REDAK D.O.O.\",\"url\":\"https:\\\/\\\/webknjizara.hr\\\/\",\"logo\":{\"@type\":\"ImageObject\",\"inLanguage\":\"en-US\",\"@id\":\"https:\\\/\\\/webknjizara.hr\\\/#\\\/schema\\\/logo\\\/image\\\/\",\"url\":\"https:\\\/\\\/webknjizara.hr\\\/wp-content\\\/uploads\\\/2023\\\/01\\\/web-knjizara-logo.webp\",\"contentUrl\":\"https:\\\/\\\/webknjizara.hr\\\/wp-content\\\/uploads\\\/2023\\\/01\\\/web-knjizara-logo.webp\",\"width\":324,\"height\":79,\"caption\":\"REDAK D.O.O.\"},\"image\":{\"@id\":\"https:\\\/\\\/webknjizara.hr\\\/#\\\/schema\\\/logo\\\/image\\\/\"}}]}<\/script>\n<!-- \/ Yoast SEO plugin. -->","yoast_head_json":{"title":"#SELFIE GENERACIJA: SOCIOLO\u0160KI POGLED KROZ PREDNJU KAMERU, AN\u010cI LEBURI\u0106, KRUNOSLAV MALENICA i dr. - Web-knji\u017eara","robots":{"index":"index","follow":"follow","max-snippet":"max-snippet:-1","max-image-preview":"max-image-preview:large","max-video-preview":"max-video-preview:-1"},"canonical":"https:\/\/webknjizara.hr\/proizvod\/selfie-generacija-socioloski-pogled-kroz-prednju-kameru-anci-leburic-krunoslav-malenica-i-dr\/","og_locale":"en_US","og_type":"article","og_title":"#SELFIE GENERACIJA: SOCIOLO\u0160KI POGLED KROZ PREDNJU KAMERU, AN\u010cI LEBURI\u0106, KRUNOSLAV MALENICA i dr. - Web-knji\u017eara","og_description":"Sa\u017eetak: Empirijska studija pod naslovom #Selfiegeneracija: sociolo\u0161ki pogled kroz prednju kameru, objavljuje se kao dvadeseta knjiga u okviru biblioteke Istra\u017eiva\u010dke studije, utemeljene pod okriljem splitskog izdava\u010da i tiskara Redak. Sve analize i istra\u017eiva\u010dki zadaci \u010diji se rezultati prezentiraju u ovoj knjizi, realizirani su tijekom akademske godine 2017.\/2018. na metodolo\u0161kim predmetima nositeljice prof. dr. sc. An\u010di [&hellip;]","og_url":"https:\/\/webknjizara.hr\/proizvod\/selfie-generacija-socioloski-pogled-kroz-prednju-kameru-anci-leburic-krunoslav-malenica-i-dr\/","og_site_name":"Web-knji\u017eara","article_modified_time":"2023-02-26T23:17:41+00:00","og_image":[{"width":300,"height":419,"url":"https:\/\/webknjizara.hr\/wp-content\/uploads\/nc\/images\/virtuemart\/product\/naslovnica-web-knjzara.jpg","type":"image\/jpeg"}],"twitter_card":"summary_large_image","twitter_misc":{"Est. reading time":"3 minutes"},"schema":{"@context":"https:\/\/schema.org","@graph":[{"@type":"WebPage","@id":"https:\/\/webknjizara.hr\/proizvod\/selfie-generacija-socioloski-pogled-kroz-prednju-kameru-anci-leburic-krunoslav-malenica-i-dr\/","url":"https:\/\/webknjizara.hr\/proizvod\/selfie-generacija-socioloski-pogled-kroz-prednju-kameru-anci-leburic-krunoslav-malenica-i-dr\/","name":"#SELFIE GENERACIJA: SOCIOLO\u0160KI POGLED KROZ PREDNJU KAMERU, AN\u010cI LEBURI\u0106, KRUNOSLAV MALENICA i dr. - Web-knji\u017eara","isPartOf":{"@id":"https:\/\/webknjizara.hr\/#website"},"primaryImageOfPage":{"@id":"https:\/\/webknjizara.hr\/proizvod\/selfie-generacija-socioloski-pogled-kroz-prednju-kameru-anci-leburic-krunoslav-malenica-i-dr\/#primaryimage"},"image":{"@id":"https:\/\/webknjizara.hr\/proizvod\/selfie-generacija-socioloski-pogled-kroz-prednju-kameru-anci-leburic-krunoslav-malenica-i-dr\/#primaryimage"},"thumbnailUrl":"https:\/\/webknjizara.hr\/wp-content\/uploads\/nc\/images\/virtuemart\/product\/naslovnica-web-knjzara.jpg","datePublished":"2019-01-25T11:41:10+00:00","dateModified":"2023-02-26T23:17:41+00:00","breadcrumb":{"@id":"https:\/\/webknjizara.hr\/proizvod\/selfie-generacija-socioloski-pogled-kroz-prednju-kameru-anci-leburic-krunoslav-malenica-i-dr\/#breadcrumb"},"inLanguage":"en-US","potentialAction":[{"@type":"ReadAction","target":["https:\/\/webknjizara.hr\/proizvod\/selfie-generacija-socioloski-pogled-kroz-prednju-kameru-anci-leburic-krunoslav-malenica-i-dr\/"]}]},{"@type":"ImageObject","inLanguage":"en-US","@id":"https:\/\/webknjizara.hr\/proizvod\/selfie-generacija-socioloski-pogled-kroz-prednju-kameru-anci-leburic-krunoslav-malenica-i-dr\/#primaryimage","url":"https:\/\/webknjizara.hr\/wp-content\/uploads\/nc\/images\/virtuemart\/product\/naslovnica-web-knjzara.jpg","contentUrl":"https:\/\/webknjizara.hr\/wp-content\/uploads\/nc\/images\/virtuemart\/product\/naslovnica-web-knjzara.jpg","width":300,"height":419,"caption":"#SELFIE GENERACIJA: SOCIOLO\u0160KI POGLED KROZ PREDNJU KAMERU, AN\u010cI LEBURI\u0106, KRUNOSLAV MALENICA i dr."},{"@type":"BreadcrumbList","@id":"https:\/\/webknjizara.hr\/proizvod\/selfie-generacija-socioloski-pogled-kroz-prednju-kameru-anci-leburic-krunoslav-malenica-i-dr\/#breadcrumb","itemListElement":[{"@type":"ListItem","position":1,"name":"Po\u010detna stranica","item":"https:\/\/webknjizara.hr\/en\/"},{"@type":"ListItem","position":2,"name":"Shop","item":"https:\/\/webknjizara.hr\/shop\/"},{"@type":"ListItem","position":3,"name":"#SELFIE GENERACIJA: SOCIOLO\u0160KI POGLED KROZ PREDNJU KAMERU, AN\u010cI LEBURI\u0106, KRUNOSLAV MALENICA i dr."}]},{"@type":"WebSite","@id":"https:\/\/webknjizara.hr\/#website","url":"https:\/\/webknjizara.hr\/","name":"Web Knji\u017eara","description":"","publisher":{"@id":"https:\/\/webknjizara.hr\/#organization"},"potentialAction":[{"@type":"SearchAction","target":{"@type":"EntryPoint","urlTemplate":"https:\/\/webknjizara.hr\/?s={search_term_string}"},"query-input":{"@type":"PropertyValueSpecification","valueRequired":true,"valueName":"search_term_string"}}],"inLanguage":"en-US"},{"@type":"Organization","@id":"https:\/\/webknjizara.hr\/#organization","name":"REDAK D.O.O.","url":"https:\/\/webknjizara.hr\/","logo":{"@type":"ImageObject","inLanguage":"en-US","@id":"https:\/\/webknjizara.hr\/#\/schema\/logo\/image\/","url":"https:\/\/webknjizara.hr\/wp-content\/uploads\/2023\/01\/web-knjizara-logo.webp","contentUrl":"https:\/\/webknjizara.hr\/wp-content\/uploads\/2023\/01\/web-knjizara-logo.webp","width":324,"height":79,"caption":"REDAK D.O.O."},"image":{"@id":"https:\/\/webknjizara.hr\/#\/schema\/logo\/image\/"}}]}},"_links":{"self":[{"href":"https:\/\/webknjizara.hr\/en\/wp-json\/wp\/v2\/product\/8928","targetHints":{"allow":["GET"]}}],"collection":[{"href":"https:\/\/webknjizara.hr\/en\/wp-json\/wp\/v2\/product"}],"about":[{"href":"https:\/\/webknjizara.hr\/en\/wp-json\/wp\/v2\/types\/product"}],"replies":[{"embeddable":true,"href":"https:\/\/webknjizara.hr\/en\/wp-json\/wp\/v2\/comments?post=8928"}],"wp:featuredmedia":[{"embeddable":true,"href":"https:\/\/webknjizara.hr\/en\/wp-json\/wp\/v2\/media\/8929"}],"wp:attachment":[{"href":"https:\/\/webknjizara.hr\/en\/wp-json\/wp\/v2\/media?parent=8928"}],"wp:term":[{"taxonomy":"product_brand","embeddable":true,"href":"https:\/\/webknjizara.hr\/en\/wp-json\/wp\/v2\/product_brand?post=8928"},{"taxonomy":"product_cat","embeddable":true,"href":"https:\/\/webknjizara.hr\/en\/wp-json\/wp\/v2\/product_cat?post=8928"},{"taxonomy":"product_tag","embeddable":true,"href":"https:\/\/webknjizara.hr\/en\/wp-json\/wp\/v2\/product_tag?post=8928"}],"curies":[{"name":"wp","href":"https:\/\/api.w.org\/{rel}","templated":true}]}}