{"id":8912,"date":"2019-01-05T08:51:14","date_gmt":"2019-01-05T08:51:14","guid":{"rendered":"https:\/\/webknjizara.hr\/?product=brodski-cjevovodi-predrag-kralj-ivica-segulja"},"modified":"2023-02-27T00:17:39","modified_gmt":"2023-02-26T23:17:39","slug":"brodski-cjevovodi-predrag-kralj-ivica-segulja","status":"publish","type":"product","link":"https:\/\/webknjizara.hr\/en\/proizvod\/brodski-cjevovodi-predrag-kralj-ivica-segulja\/","title":{"rendered":"BRODSKI CJEVOVODI, Predrag Kralj, Ivica \u0160egulja"},"content":{"rendered":"<p style=\"text-align: justify;\"><strong>Sa\u017eetak:<\/strong> <\/p>\n<p>U radu se obra\u0111uju brodski cjevovodi, odnosne njihove specifi\u010dnosti. Dane su bitne odrednice jednog klasifikacijskog dru\u0161tva \u2013 Hrvatskog registra brodova, u skladu s kojima se mora dimenzionirati i izgraditi elemente cjevovoda. Tehni\u010dka pravila dana su tekstualno i u obliku matemati\u010dkih izraza, a u nekoliko je slu\u010dajeva i primjer izra\u010duna glavnih elemenata cjevovoda. Obja\u0161njene su zajedni\u010dke karakteristike cjevovoda: na\u010dini ozna\u010davanja cjevovoda, konstruktivni materijali i za\u0161tita, elementi cjevovoda, kao \u0161to su zaporni elementi te regulacijski ili kontrolni elementi te pravila prema kojima se dimenzioniraju elementi. Sistematizacija cjevovoda izvr\u0161ena je prema funkciji koju obna\u0161aju te se obja\u0161njavaju pogonski cjevovodi, cjevovodi op\u0107e slu\u017ebe te cjevovodi specijalne namjene. Dana su i obja\u0161njenja o zadacima \u010dasnika stroja u odr\u017eavanju cjevovoda u naj\u0161irem smislu \u2013 od odr\u017eavanja ispravnosti svih elemenata i cjevovoda u cjelini do pra\u0107enja rada sustava i dijagnostike kvarova.<\/p>\n<p style=\"text-align: justify;\"><strong>Bilje\u0161ka o autoru:<\/strong> <\/p>\n<p>Predrag Kralj izvanredni je profesor na Pomorskom fakultetu Sveu\u010dili\u0161ta u Rijeci. Radio u brodogradili\u0161tu \u201e3. MAJ\u201c u Jedinici za klasifikacijske i sistemske nacrte. U znanstvenom radu uglavnom posve\u0107en modeliranju i simulacijama procesa u brodskim pomo\u0107nim sustavima i ure\u0111ajima.<\/p>\n<p>Ivica \u0160egulja redoviti je profesor u trajnom zvanju Pomorskog fakulteta Sveu\u010dili\u0161ta u Rijeci. Radio u brodogradili\u0161tu \u201e3.Maj\u201c u Tvornici motora i dizalica, te u Brodogradili\u0161tu Kraljevica. U znanstvenom radu se bavi modeliranjem procesa u MSUI, te modeliranjem procesa proizvodnje.<\/p>\n<p style=\"text-align: justify;\"><strong>Klju\u010dne rije\u010di:<\/strong> Brodski cjevovodi, elementi cjevovoda, materijali, ozna\u010davanje, pogonski cjevovodi, cjevovodi op\u0107e slu\u017ebe, cjevovodi specijalne namjene, odr\u017eavanje<\/p>\n<p><strong>E-mail: <a href=\"mailto:vvranic@pfri.hr\">PFRI<\/a><\/strong><\/p>\n<p><strong>Naslov:<\/strong> Brodski cjevovodi<br \/><strong>Autor:<\/strong> Predrag Kralj, Ivica \u0160egulja<br \/><strong>Broj stranica:<\/strong> 242<br \/><strong>Nakladnik:<\/strong> Pomorski fakultet u Rijeci<br \/><strong>Godina izdanja:<\/strong> 2018.<br \/><strong>ISBN:<\/strong> 978-953-165-125-7<br \/><strong>Tisak:<\/strong> digitalni tisak knjiga &#8211; print na zahtjev<\/p>\n<hr \/>\n<p style=\"text-align: justify;\"><strong>Kako naru\u010diti knjigu?\u00a0<\/strong>Proces online kupovine jednako funkcionira za sve kupce, s jedinom razlikom u tome \u0161to \u0161to kupci iz inozemstva za podru\u010dje dostave moraju odabrati &#8220;Europa&#8221; ili &#8220;Ostale zemlje svijeta&#8221;, a za vrstu pla\u0107anja WSPay (kreditna kartica) ili Virmanom (bankovni transfer).<\/p>\n<p style=\"text-align: justify;\">Molimo kliknite ovdje za\u00a0<a href=\"hr\/kako-kupovati\">detaljni vodi\u010d kroz proces narud\u017ebe<\/a>\u00a0ili nas\u00a0<a href=\"hr\/kontakt\">kontaktirajte<\/a>\u00a0za vi\u0161e informacija.<\/p>\n<p style=\"text-align: justify;\">\u00a0<\/p>\n","protected":false},"excerpt":{"rendered":"<p>Sa\u017eetak: U radu se obra\u0111uju brodski cjevovodi, odnosne njihove specifi\u010dnosti. Dane su bitne odrednice jednog klasifikacijskog dru\u0161tva \u2013 Hrvatskog registra brodova, u skladu s kojima se mora dimenzionirati i izgraditi elemente cjevovoda. Tehni\u010dka pravila dana su tekstualno i u obliku matemati\u010dkih izraza, a u nekoliko je slu\u010dajeva i primjer izra\u010duna glavnih elemenata cjevovoda. Obja\u0161njene su [&hellip;]<\/p>\n","protected":false},"featured_media":8913,"comment_status":"open","ping_status":"closed","template":"","meta":{"_acf_changed":false},"product_brand":[],"product_cat":[1539],"product_tag":[],"class_list":{"0":"post-8912","1":"product","2":"type-product","3":"status-publish","4":"has-post-thumbnail","6":"product_cat-sveucilisni-udzbenici-i-prirucnici","7":"pa_autor-ivica-segulja","8":"pa_autor-predrag-kralj","9":"pa_nakladnik-pomorski-fakultet-u-rijeci","11":"first","12":"instock","13":"shipping-taxable","14":"purchasable","15":"product-type-simple"},"acf":[],"yoast_head":"<!-- This site is optimized with the Yoast SEO plugin v27.3 - https:\/\/yoast.com\/product\/yoast-seo-wordpress\/ -->\n<title>BRODSKI CJEVOVODI, Predrag Kralj, Ivica \u0160egulja - Web-knji\u017eara<\/title>\n<meta name=\"robots\" content=\"index, follow, max-snippet:-1, max-image-preview:large, max-video-preview:-1\" \/>\n<link rel=\"canonical\" href=\"https:\/\/webknjizara.hr\/proizvod\/brodski-cjevovodi-predrag-kralj-ivica-segulja\/\" \/>\n<meta property=\"og:locale\" content=\"en_US\" \/>\n<meta property=\"og:type\" content=\"article\" \/>\n<meta property=\"og:title\" content=\"BRODSKI CJEVOVODI, Predrag Kralj, Ivica \u0160egulja - Web-knji\u017eara\" \/>\n<meta property=\"og:description\" content=\"Sa\u017eetak: U radu se obra\u0111uju brodski cjevovodi, odnosne njihove specifi\u010dnosti. Dane su bitne odrednice jednog klasifikacijskog dru\u0161tva \u2013 Hrvatskog registra brodova, u skladu s kojima se mora dimenzionirati i izgraditi elemente cjevovoda. Tehni\u010dka pravila dana su tekstualno i u obliku matemati\u010dkih izraza, a u nekoliko je slu\u010dajeva i primjer izra\u010duna glavnih elemenata cjevovoda. Obja\u0161njene su [&hellip;]\" \/>\n<meta property=\"og:url\" content=\"https:\/\/webknjizara.hr\/proizvod\/brodski-cjevovodi-predrag-kralj-ivica-segulja\/\" \/>\n<meta property=\"og:site_name\" content=\"Web-knji\u017eara\" \/>\n<meta property=\"article:modified_time\" content=\"2023-02-26T23:17:39+00:00\" \/>\n<meta property=\"og:image\" content=\"https:\/\/webknjizara.hr\/wp-content\/uploads\/nc\/images\/virtuemart\/product\/Brodski-cjevovodi_naslovnica-FB_knjizara.jpg\" \/>\n\t<meta property=\"og:image:width\" content=\"300\" \/>\n\t<meta property=\"og:image:height\" content=\"419\" \/>\n\t<meta property=\"og:image:type\" content=\"image\/jpeg\" \/>\n<meta name=\"twitter:card\" content=\"summary_large_image\" \/>\n<meta name=\"twitter:label1\" content=\"Est. reading time\" \/>\n\t<meta name=\"twitter:data1\" content=\"2 minutes\" \/>\n<script type=\"application\/ld+json\" class=\"yoast-schema-graph\">{\"@context\":\"https:\\\/\\\/schema.org\",\"@graph\":[{\"@type\":\"WebPage\",\"@id\":\"https:\\\/\\\/webknjizara.hr\\\/proizvod\\\/brodski-cjevovodi-predrag-kralj-ivica-segulja\\\/\",\"url\":\"https:\\\/\\\/webknjizara.hr\\\/proizvod\\\/brodski-cjevovodi-predrag-kralj-ivica-segulja\\\/\",\"name\":\"BRODSKI CJEVOVODI, Predrag Kralj, Ivica \u0160egulja - Web-knji\u017eara\",\"isPartOf\":{\"@id\":\"https:\\\/\\\/webknjizara.hr\\\/#website\"},\"primaryImageOfPage\":{\"@id\":\"https:\\\/\\\/webknjizara.hr\\\/proizvod\\\/brodski-cjevovodi-predrag-kralj-ivica-segulja\\\/#primaryimage\"},\"image\":{\"@id\":\"https:\\\/\\\/webknjizara.hr\\\/proizvod\\\/brodski-cjevovodi-predrag-kralj-ivica-segulja\\\/#primaryimage\"},\"thumbnailUrl\":\"https:\\\/\\\/webknjizara.hr\\\/wp-content\\\/uploads\\\/nc\\\/images\\\/virtuemart\\\/product\\\/Brodski-cjevovodi_naslovnica-FB_knjizara.jpg\",\"datePublished\":\"2019-01-05T08:51:14+00:00\",\"dateModified\":\"2023-02-26T23:17:39+00:00\",\"breadcrumb\":{\"@id\":\"https:\\\/\\\/webknjizara.hr\\\/proizvod\\\/brodski-cjevovodi-predrag-kralj-ivica-segulja\\\/#breadcrumb\"},\"inLanguage\":\"en-US\",\"potentialAction\":[{\"@type\":\"ReadAction\",\"target\":[\"https:\\\/\\\/webknjizara.hr\\\/proizvod\\\/brodski-cjevovodi-predrag-kralj-ivica-segulja\\\/\"]}]},{\"@type\":\"ImageObject\",\"inLanguage\":\"en-US\",\"@id\":\"https:\\\/\\\/webknjizara.hr\\\/proizvod\\\/brodski-cjevovodi-predrag-kralj-ivica-segulja\\\/#primaryimage\",\"url\":\"https:\\\/\\\/webknjizara.hr\\\/wp-content\\\/uploads\\\/nc\\\/images\\\/virtuemart\\\/product\\\/Brodski-cjevovodi_naslovnica-FB_knjizara.jpg\",\"contentUrl\":\"https:\\\/\\\/webknjizara.hr\\\/wp-content\\\/uploads\\\/nc\\\/images\\\/virtuemart\\\/product\\\/Brodski-cjevovodi_naslovnica-FB_knjizara.jpg\",\"width\":300,\"height\":419,\"caption\":\"BRODSKI CJEVOVODI, Predrag Kralj, Ivica \u0160egulja\"},{\"@type\":\"BreadcrumbList\",\"@id\":\"https:\\\/\\\/webknjizara.hr\\\/proizvod\\\/brodski-cjevovodi-predrag-kralj-ivica-segulja\\\/#breadcrumb\",\"itemListElement\":[{\"@type\":\"ListItem\",\"position\":1,\"name\":\"Po\u010detna stranica\",\"item\":\"https:\\\/\\\/webknjizara.hr\\\/en\\\/\"},{\"@type\":\"ListItem\",\"position\":2,\"name\":\"Shop\",\"item\":\"https:\\\/\\\/webknjizara.hr\\\/shop\\\/\"},{\"@type\":\"ListItem\",\"position\":3,\"name\":\"BRODSKI CJEVOVODI, Predrag Kralj, Ivica \u0160egulja\"}]},{\"@type\":\"WebSite\",\"@id\":\"https:\\\/\\\/webknjizara.hr\\\/#website\",\"url\":\"https:\\\/\\\/webknjizara.hr\\\/\",\"name\":\"Web Knji\u017eara\",\"description\":\"\",\"publisher\":{\"@id\":\"https:\\\/\\\/webknjizara.hr\\\/#organization\"},\"potentialAction\":[{\"@type\":\"SearchAction\",\"target\":{\"@type\":\"EntryPoint\",\"urlTemplate\":\"https:\\\/\\\/webknjizara.hr\\\/?s={search_term_string}\"},\"query-input\":{\"@type\":\"PropertyValueSpecification\",\"valueRequired\":true,\"valueName\":\"search_term_string\"}}],\"inLanguage\":\"en-US\"},{\"@type\":\"Organization\",\"@id\":\"https:\\\/\\\/webknjizara.hr\\\/#organization\",\"name\":\"REDAK D.O.O.\",\"url\":\"https:\\\/\\\/webknjizara.hr\\\/\",\"logo\":{\"@type\":\"ImageObject\",\"inLanguage\":\"en-US\",\"@id\":\"https:\\\/\\\/webknjizara.hr\\\/#\\\/schema\\\/logo\\\/image\\\/\",\"url\":\"https:\\\/\\\/webknjizara.hr\\\/wp-content\\\/uploads\\\/2023\\\/01\\\/web-knjizara-logo.webp\",\"contentUrl\":\"https:\\\/\\\/webknjizara.hr\\\/wp-content\\\/uploads\\\/2023\\\/01\\\/web-knjizara-logo.webp\",\"width\":324,\"height\":79,\"caption\":\"REDAK D.O.O.\"},\"image\":{\"@id\":\"https:\\\/\\\/webknjizara.hr\\\/#\\\/schema\\\/logo\\\/image\\\/\"}}]}<\/script>\n<!-- \/ Yoast SEO plugin. -->","yoast_head_json":{"title":"BRODSKI CJEVOVODI, Predrag Kralj, Ivica \u0160egulja - Web-knji\u017eara","robots":{"index":"index","follow":"follow","max-snippet":"max-snippet:-1","max-image-preview":"max-image-preview:large","max-video-preview":"max-video-preview:-1"},"canonical":"https:\/\/webknjizara.hr\/proizvod\/brodski-cjevovodi-predrag-kralj-ivica-segulja\/","og_locale":"en_US","og_type":"article","og_title":"BRODSKI CJEVOVODI, Predrag Kralj, Ivica \u0160egulja - Web-knji\u017eara","og_description":"Sa\u017eetak: U radu se obra\u0111uju brodski cjevovodi, odnosne njihove specifi\u010dnosti. Dane su bitne odrednice jednog klasifikacijskog dru\u0161tva \u2013 Hrvatskog registra brodova, u skladu s kojima se mora dimenzionirati i izgraditi elemente cjevovoda. Tehni\u010dka pravila dana su tekstualno i u obliku matemati\u010dkih izraza, a u nekoliko je slu\u010dajeva i primjer izra\u010duna glavnih elemenata cjevovoda. Obja\u0161njene su [&hellip;]","og_url":"https:\/\/webknjizara.hr\/proizvod\/brodski-cjevovodi-predrag-kralj-ivica-segulja\/","og_site_name":"Web-knji\u017eara","article_modified_time":"2023-02-26T23:17:39+00:00","og_image":[{"width":300,"height":419,"url":"https:\/\/webknjizara.hr\/wp-content\/uploads\/nc\/images\/virtuemart\/product\/Brodski-cjevovodi_naslovnica-FB_knjizara.jpg","type":"image\/jpeg"}],"twitter_card":"summary_large_image","twitter_misc":{"Est. reading time":"2 minutes"},"schema":{"@context":"https:\/\/schema.org","@graph":[{"@type":"WebPage","@id":"https:\/\/webknjizara.hr\/proizvod\/brodski-cjevovodi-predrag-kralj-ivica-segulja\/","url":"https:\/\/webknjizara.hr\/proizvod\/brodski-cjevovodi-predrag-kralj-ivica-segulja\/","name":"BRODSKI CJEVOVODI, Predrag Kralj, Ivica \u0160egulja - Web-knji\u017eara","isPartOf":{"@id":"https:\/\/webknjizara.hr\/#website"},"primaryImageOfPage":{"@id":"https:\/\/webknjizara.hr\/proizvod\/brodski-cjevovodi-predrag-kralj-ivica-segulja\/#primaryimage"},"image":{"@id":"https:\/\/webknjizara.hr\/proizvod\/brodski-cjevovodi-predrag-kralj-ivica-segulja\/#primaryimage"},"thumbnailUrl":"https:\/\/webknjizara.hr\/wp-content\/uploads\/nc\/images\/virtuemart\/product\/Brodski-cjevovodi_naslovnica-FB_knjizara.jpg","datePublished":"2019-01-05T08:51:14+00:00","dateModified":"2023-02-26T23:17:39+00:00","breadcrumb":{"@id":"https:\/\/webknjizara.hr\/proizvod\/brodski-cjevovodi-predrag-kralj-ivica-segulja\/#breadcrumb"},"inLanguage":"en-US","potentialAction":[{"@type":"ReadAction","target":["https:\/\/webknjizara.hr\/proizvod\/brodski-cjevovodi-predrag-kralj-ivica-segulja\/"]}]},{"@type":"ImageObject","inLanguage":"en-US","@id":"https:\/\/webknjizara.hr\/proizvod\/brodski-cjevovodi-predrag-kralj-ivica-segulja\/#primaryimage","url":"https:\/\/webknjizara.hr\/wp-content\/uploads\/nc\/images\/virtuemart\/product\/Brodski-cjevovodi_naslovnica-FB_knjizara.jpg","contentUrl":"https:\/\/webknjizara.hr\/wp-content\/uploads\/nc\/images\/virtuemart\/product\/Brodski-cjevovodi_naslovnica-FB_knjizara.jpg","width":300,"height":419,"caption":"BRODSKI CJEVOVODI, Predrag Kralj, Ivica \u0160egulja"},{"@type":"BreadcrumbList","@id":"https:\/\/webknjizara.hr\/proizvod\/brodski-cjevovodi-predrag-kralj-ivica-segulja\/#breadcrumb","itemListElement":[{"@type":"ListItem","position":1,"name":"Po\u010detna stranica","item":"https:\/\/webknjizara.hr\/en\/"},{"@type":"ListItem","position":2,"name":"Shop","item":"https:\/\/webknjizara.hr\/shop\/"},{"@type":"ListItem","position":3,"name":"BRODSKI CJEVOVODI, Predrag Kralj, Ivica \u0160egulja"}]},{"@type":"WebSite","@id":"https:\/\/webknjizara.hr\/#website","url":"https:\/\/webknjizara.hr\/","name":"Web Knji\u017eara","description":"","publisher":{"@id":"https:\/\/webknjizara.hr\/#organization"},"potentialAction":[{"@type":"SearchAction","target":{"@type":"EntryPoint","urlTemplate":"https:\/\/webknjizara.hr\/?s={search_term_string}"},"query-input":{"@type":"PropertyValueSpecification","valueRequired":true,"valueName":"search_term_string"}}],"inLanguage":"en-US"},{"@type":"Organization","@id":"https:\/\/webknjizara.hr\/#organization","name":"REDAK D.O.O.","url":"https:\/\/webknjizara.hr\/","logo":{"@type":"ImageObject","inLanguage":"en-US","@id":"https:\/\/webknjizara.hr\/#\/schema\/logo\/image\/","url":"https:\/\/webknjizara.hr\/wp-content\/uploads\/2023\/01\/web-knjizara-logo.webp","contentUrl":"https:\/\/webknjizara.hr\/wp-content\/uploads\/2023\/01\/web-knjizara-logo.webp","width":324,"height":79,"caption":"REDAK D.O.O."},"image":{"@id":"https:\/\/webknjizara.hr\/#\/schema\/logo\/image\/"}}]}},"_links":{"self":[{"href":"https:\/\/webknjizara.hr\/en\/wp-json\/wp\/v2\/product\/8912","targetHints":{"allow":["GET"]}}],"collection":[{"href":"https:\/\/webknjizara.hr\/en\/wp-json\/wp\/v2\/product"}],"about":[{"href":"https:\/\/webknjizara.hr\/en\/wp-json\/wp\/v2\/types\/product"}],"replies":[{"embeddable":true,"href":"https:\/\/webknjizara.hr\/en\/wp-json\/wp\/v2\/comments?post=8912"}],"wp:featuredmedia":[{"embeddable":true,"href":"https:\/\/webknjizara.hr\/en\/wp-json\/wp\/v2\/media\/8913"}],"wp:attachment":[{"href":"https:\/\/webknjizara.hr\/en\/wp-json\/wp\/v2\/media?parent=8912"}],"wp:term":[{"taxonomy":"product_brand","embeddable":true,"href":"https:\/\/webknjizara.hr\/en\/wp-json\/wp\/v2\/product_brand?post=8912"},{"taxonomy":"product_cat","embeddable":true,"href":"https:\/\/webknjizara.hr\/en\/wp-json\/wp\/v2\/product_cat?post=8912"},{"taxonomy":"product_tag","embeddable":true,"href":"https:\/\/webknjizara.hr\/en\/wp-json\/wp\/v2\/product_tag?post=8912"}],"curies":[{"name":"wp","href":"https:\/\/api.w.org\/{rel}","templated":true}]}}