{"id":8894,"date":"2018-12-13T08:21:31","date_gmt":"2018-12-13T08:21:31","guid":{"rendered":"https:\/\/webknjizara.hr\/?product=lahor-stihova-grupa-autora"},"modified":"2023-02-27T00:17:38","modified_gmt":"2023-02-26T23:17:38","slug":"lahor-stihova-grupa-autora","status":"publish","type":"product","link":"https:\/\/webknjizara.hr\/en\/proizvod\/lahor-stihova-grupa-autora\/","title":{"rendered":"LAHOR STIHOVA, Grupa autora"},"content":{"rendered":"<p style=\"text-align: justify;\"><strong>Sa\u017eetak:<\/strong> <\/p>\n<p>Uredni\u0161tvo facebook grupe Pisci i knji\u017eevnost i ovaj put se potrudilo da u novu zbirku poezije \u201eLahor stihova\u201c uvrste izvrsne autore \u010dije pjesme \u0107e u svakom \u010ditatelju izazvati buru osje\u0107anja. Dozvolite lahoru da vas lagano ponese i uvede u svijet poezije. <\/p>\n<p>Za lahor se ka\u017ee da je to miran vjetri\u0107 koji miluje sve \u0161to dotakne. Upravo tako \u0107e svaka pjesma da vam dotakne i srce i du\u0161u, miluju\u0107i vas svojim emocijama i porukama, bude\u0107i u vama buru osje\u0107anja. Prijatelji pera su kao i uvijek dali sve od sebe da vam pribli\u017ee svu ljepotu koju nudi poezija. U svaku pjesmu je utkano mnogo ljubavi i svaka ima posebno zna\u010denje. <\/p>\n<p>Moja preporuka je da ovim autorima pru\u017eite \u0161ansu i \u010ditaju\u0107i njihove pjesme shvatite kako jedan lagani vjetri\u0107 poput lahora mo\u017ee probuditi toliko emocija, sje\u0107anja na djetinjstvo, na domovinu, nostalgiju i ljubav prema \u010dovjeku.<\/p>\n<p>&#8211; Preporuka Nud\u017eejma Ibrahimspahi\u0107,\u00a0urednica stranice Knji\u0161ki prijatelj\u00a0<\/p>\n<p style=\"text-align: justify;\"><strong>Bilje\u0161ka o autorima:<\/strong> <\/p>\n<p>Pjesme su nastale u razdoblju od 17.08.2018. do 10.10.2018. godine, a autori su \u010dlanovi Facebook grupe Pisci i Knji\u017eevnost i Facebook stranice Pisci i Knji\u017eevnost.<\/p>\n<p style=\"text-align: justify;\">Autori pjesama su iz Hrvatske, Bosne i Hercegovine, Srbije, Crne Gore, Njema\u010dke, Italije, Austrije, \u010ce\u0161ke, \u0160vedske.<\/p>\n<p style=\"text-align: justify;\"><em>Advija Herenda, Alenka Tuli\u010di\u0107-Mihel\u010di\u0107, Anica Ivi\u0107, Arijana Miljkovi\u0107, Adela Haskovi\u0107, Azem Gvozden, Bernarda \u0106uri\u0107, Blanka Kraljevi\u0107, Blanka Will, Bojana Krsti\u0107, Dragana Latinovi\u0107, Du\u0161ica Ili\u0107, Edin \u0160ari\u0107, Elena Brajkovi\u0107, Evica Kralji\u0107, Gordana Bartol, Ifeta Mameled\u017eija, Ika Tomljenovi\u0107, Kristijan \u0110akovi\u0107, Kruno \u0160afrani\u0107, Margita Zmijanovi\u0107, Marica \u017daneti\u0107 Malenica, Marijana Kunjas, Marina Asturi\u0107, Milan Marjanovi\u0107, Nermina Ad\u017eovi\u0107 Mustagrudi\u0107, Ognjenka Kalajd\u017ei\u0107, Rada Sukara, Romana Duvnjak, Rosa Markovi\u0107, Selvera \u0160abanovi\u0107, Sla\u0111ana Benkus, Slavica Juhas, Sonja Kokotovi\u0107, Svetlana Pantovi\u0107 \u017dilo, Vera Spasi\u0107, Vesna Grgi\u0107, Vesna \u0160pani\u0107, Zada \u0160ahdanovi\u0107, \u017dana Coven<\/em><\/p>\n<p style=\"text-align: justify;\"><strong>Ilustracija naslovnice:<\/strong> Mirta Kustec<\/p>\n<p style=\"text-align: justify;\"><strong>Klju\u010dne rije\u010di:<\/strong> Pisci i Knji\u017eevnost, PiK, pjesme, zbirka, Lahor, stihova, poezija<br \/><strong><br \/>Link: Facebook grupa: <\/strong><a href=\"https:\/\/www.facebook.com\/groups\/245484055481932\/\" target=\"_blank\" rel=\"noopener noreferrer\">https:\/\/www.facebook.com\/groups\/245484055481932\/<br \/><\/a><strong>Facebook stranica: <\/strong><a href=\"https:\/\/www.facebook.com\/pisciknjizevnost.pik\/\" target=\"_blank\" rel=\"noopener noreferrer\">https:\/\/www.facebook.com\/pisciknjizevnost.pik\/<br \/><\/a><strong><br \/>Naslov:<\/strong> Lahor stihova<br \/><strong>Autor:<\/strong> Grupa autora<br \/><strong>Broj stranica:<\/strong> 310<br \/><strong>Nakladnik:<\/strong> REDAK<br \/><strong>Godina izdanja:<\/strong> 2018.<br \/><strong>ISBN:<\/strong> 978-953-336-544-2<br \/><strong>Tisak:<\/strong> digitalni tisak knjiga &#8211; print na zahtjev\u00a0<\/p>\n<hr \/>\n<p style=\"text-align: justify;\"><strong>Kako naru\u010diti knjigu?\u00a0<\/strong>Proces online kupovine jednako funkcionira za sve kupce, s jedinom razlikom u tome \u0161to \u0161to kupci iz inozemstva za podru\u010dje dostave moraju odabrati &#8220;Europa&#8221; ili &#8220;Ostale zemlje svijeta&#8221;, a za vrstu pla\u0107anja WSPay (kreditna kartica) ili Virmanom (bankovni transfer).<\/p>\n<p style=\"text-align: justify;\">Molimo kliknite ovdje za\u00a0<a href=\"hr\/kako-kupovati\">detaljni vodi\u010d kroz proces narud\u017ebe<\/a>\u00a0ili nas\u00a0<a href=\"hr\/kontakt\">kontaktirajte<\/a>\u00a0za vi\u0161e informacija.<\/p>\n<p style=\"text-align: justify;\">\u00a0<\/p>\n","protected":false},"excerpt":{"rendered":"<p>Sa\u017eetak: Uredni\u0161tvo facebook grupe Pisci i knji\u017eevnost i ovaj put se potrudilo da u novu zbirku poezije \u201eLahor stihova\u201c uvrste izvrsne autore \u010dije pjesme \u0107e u svakom \u010ditatelju izazvati buru osje\u0107anja. Dozvolite lahoru da vas lagano ponese i uvede u svijet poezije. Za lahor se ka\u017ee da je to miran vjetri\u0107 koji miluje sve \u0161to [&hellip;]<\/p>\n","protected":false},"featured_media":8895,"comment_status":"open","ping_status":"closed","template":"","meta":{"_acf_changed":false},"product_brand":[],"product_cat":[1383,1385,1388],"product_tag":[],"class_list":{"0":"post-8894","1":"product","2":"type-product","3":"status-publish","4":"has-post-thumbnail","6":"product_cat-knjige","7":"product_cat-knjizevnost","8":"product_cat-poezija","9":"pa_autor-grupa-autora","10":"pa_nakladnik-redak","12":"first","13":"instock","14":"shipping-taxable","15":"purchasable","16":"product-type-simple"},"acf":[],"yoast_head":"<!-- This site is optimized with the Yoast SEO plugin v27.3 - https:\/\/yoast.com\/product\/yoast-seo-wordpress\/ -->\n<title>LAHOR STIHOVA, Grupa autora - Web-knji\u017eara<\/title>\n<meta name=\"robots\" content=\"index, follow, max-snippet:-1, max-image-preview:large, max-video-preview:-1\" \/>\n<link rel=\"canonical\" href=\"https:\/\/webknjizara.hr\/proizvod\/lahor-stihova-grupa-autora\/\" \/>\n<meta property=\"og:locale\" content=\"en_US\" \/>\n<meta property=\"og:type\" content=\"article\" \/>\n<meta property=\"og:title\" content=\"LAHOR STIHOVA, Grupa autora - Web-knji\u017eara\" \/>\n<meta property=\"og:description\" content=\"Sa\u017eetak: Uredni\u0161tvo facebook grupe Pisci i knji\u017eevnost i ovaj put se potrudilo da u novu zbirku poezije \u201eLahor stihova\u201c uvrste izvrsne autore \u010dije pjesme \u0107e u svakom \u010ditatelju izazvati buru osje\u0107anja. Dozvolite lahoru da vas lagano ponese i uvede u svijet poezije. Za lahor se ka\u017ee da je to miran vjetri\u0107 koji miluje sve \u0161to [&hellip;]\" \/>\n<meta property=\"og:url\" content=\"https:\/\/webknjizara.hr\/proizvod\/lahor-stihova-grupa-autora\/\" \/>\n<meta property=\"og:site_name\" content=\"Web-knji\u017eara\" \/>\n<meta property=\"article:modified_time\" content=\"2023-02-26T23:17:38+00:00\" \/>\n<meta property=\"og:image\" content=\"https:\/\/webknjizara.hr\/wp-content\/uploads\/nc\/images\/virtuemart\/product\/web-naslovnica-knjizara.jpg\" \/>\n\t<meta property=\"og:image:width\" content=\"300\" \/>\n\t<meta property=\"og:image:height\" content=\"419\" \/>\n\t<meta property=\"og:image:type\" content=\"image\/jpeg\" \/>\n<meta name=\"twitter:card\" content=\"summary_large_image\" \/>\n<meta name=\"twitter:label1\" content=\"Est. reading time\" \/>\n\t<meta name=\"twitter:data1\" content=\"2 minutes\" \/>\n<script type=\"application\/ld+json\" class=\"yoast-schema-graph\">{\"@context\":\"https:\\\/\\\/schema.org\",\"@graph\":[{\"@type\":\"WebPage\",\"@id\":\"https:\\\/\\\/webknjizara.hr\\\/proizvod\\\/lahor-stihova-grupa-autora\\\/\",\"url\":\"https:\\\/\\\/webknjizara.hr\\\/proizvod\\\/lahor-stihova-grupa-autora\\\/\",\"name\":\"LAHOR STIHOVA, Grupa autora - Web-knji\u017eara\",\"isPartOf\":{\"@id\":\"https:\\\/\\\/webknjizara.hr\\\/#website\"},\"primaryImageOfPage\":{\"@id\":\"https:\\\/\\\/webknjizara.hr\\\/proizvod\\\/lahor-stihova-grupa-autora\\\/#primaryimage\"},\"image\":{\"@id\":\"https:\\\/\\\/webknjizara.hr\\\/proizvod\\\/lahor-stihova-grupa-autora\\\/#primaryimage\"},\"thumbnailUrl\":\"https:\\\/\\\/webknjizara.hr\\\/wp-content\\\/uploads\\\/nc\\\/images\\\/virtuemart\\\/product\\\/web-naslovnica-knjizara.jpg\",\"datePublished\":\"2018-12-13T08:21:31+00:00\",\"dateModified\":\"2023-02-26T23:17:38+00:00\",\"breadcrumb\":{\"@id\":\"https:\\\/\\\/webknjizara.hr\\\/proizvod\\\/lahor-stihova-grupa-autora\\\/#breadcrumb\"},\"inLanguage\":\"en-US\",\"potentialAction\":[{\"@type\":\"ReadAction\",\"target\":[\"https:\\\/\\\/webknjizara.hr\\\/proizvod\\\/lahor-stihova-grupa-autora\\\/\"]}]},{\"@type\":\"ImageObject\",\"inLanguage\":\"en-US\",\"@id\":\"https:\\\/\\\/webknjizara.hr\\\/proizvod\\\/lahor-stihova-grupa-autora\\\/#primaryimage\",\"url\":\"https:\\\/\\\/webknjizara.hr\\\/wp-content\\\/uploads\\\/nc\\\/images\\\/virtuemart\\\/product\\\/web-naslovnica-knjizara.jpg\",\"contentUrl\":\"https:\\\/\\\/webknjizara.hr\\\/wp-content\\\/uploads\\\/nc\\\/images\\\/virtuemart\\\/product\\\/web-naslovnica-knjizara.jpg\",\"width\":300,\"height\":419,\"caption\":\"LAHOR STIHOVA, Grupa autora\"},{\"@type\":\"BreadcrumbList\",\"@id\":\"https:\\\/\\\/webknjizara.hr\\\/proizvod\\\/lahor-stihova-grupa-autora\\\/#breadcrumb\",\"itemListElement\":[{\"@type\":\"ListItem\",\"position\":1,\"name\":\"Po\u010detna stranica\",\"item\":\"https:\\\/\\\/webknjizara.hr\\\/en\\\/\"},{\"@type\":\"ListItem\",\"position\":2,\"name\":\"Shop\",\"item\":\"https:\\\/\\\/webknjizara.hr\\\/shop\\\/\"},{\"@type\":\"ListItem\",\"position\":3,\"name\":\"LAHOR STIHOVA, Grupa autora\"}]},{\"@type\":\"WebSite\",\"@id\":\"https:\\\/\\\/webknjizara.hr\\\/#website\",\"url\":\"https:\\\/\\\/webknjizara.hr\\\/\",\"name\":\"Web Knji\u017eara\",\"description\":\"\",\"publisher\":{\"@id\":\"https:\\\/\\\/webknjizara.hr\\\/#organization\"},\"potentialAction\":[{\"@type\":\"SearchAction\",\"target\":{\"@type\":\"EntryPoint\",\"urlTemplate\":\"https:\\\/\\\/webknjizara.hr\\\/?s={search_term_string}\"},\"query-input\":{\"@type\":\"PropertyValueSpecification\",\"valueRequired\":true,\"valueName\":\"search_term_string\"}}],\"inLanguage\":\"en-US\"},{\"@type\":\"Organization\",\"@id\":\"https:\\\/\\\/webknjizara.hr\\\/#organization\",\"name\":\"REDAK D.O.O.\",\"url\":\"https:\\\/\\\/webknjizara.hr\\\/\",\"logo\":{\"@type\":\"ImageObject\",\"inLanguage\":\"en-US\",\"@id\":\"https:\\\/\\\/webknjizara.hr\\\/#\\\/schema\\\/logo\\\/image\\\/\",\"url\":\"https:\\\/\\\/webknjizara.hr\\\/wp-content\\\/uploads\\\/2023\\\/01\\\/web-knjizara-logo.webp\",\"contentUrl\":\"https:\\\/\\\/webknjizara.hr\\\/wp-content\\\/uploads\\\/2023\\\/01\\\/web-knjizara-logo.webp\",\"width\":324,\"height\":79,\"caption\":\"REDAK D.O.O.\"},\"image\":{\"@id\":\"https:\\\/\\\/webknjizara.hr\\\/#\\\/schema\\\/logo\\\/image\\\/\"}}]}<\/script>\n<!-- \/ Yoast SEO plugin. -->","yoast_head_json":{"title":"LAHOR STIHOVA, Grupa autora - Web-knji\u017eara","robots":{"index":"index","follow":"follow","max-snippet":"max-snippet:-1","max-image-preview":"max-image-preview:large","max-video-preview":"max-video-preview:-1"},"canonical":"https:\/\/webknjizara.hr\/proizvod\/lahor-stihova-grupa-autora\/","og_locale":"en_US","og_type":"article","og_title":"LAHOR STIHOVA, Grupa autora - Web-knji\u017eara","og_description":"Sa\u017eetak: Uredni\u0161tvo facebook grupe Pisci i knji\u017eevnost i ovaj put se potrudilo da u novu zbirku poezije \u201eLahor stihova\u201c uvrste izvrsne autore \u010dije pjesme \u0107e u svakom \u010ditatelju izazvati buru osje\u0107anja. Dozvolite lahoru da vas lagano ponese i uvede u svijet poezije. Za lahor se ka\u017ee da je to miran vjetri\u0107 koji miluje sve \u0161to [&hellip;]","og_url":"https:\/\/webknjizara.hr\/proizvod\/lahor-stihova-grupa-autora\/","og_site_name":"Web-knji\u017eara","article_modified_time":"2023-02-26T23:17:38+00:00","og_image":[{"width":300,"height":419,"url":"https:\/\/webknjizara.hr\/wp-content\/uploads\/nc\/images\/virtuemart\/product\/web-naslovnica-knjizara.jpg","type":"image\/jpeg"}],"twitter_card":"summary_large_image","twitter_misc":{"Est. reading time":"2 minutes"},"schema":{"@context":"https:\/\/schema.org","@graph":[{"@type":"WebPage","@id":"https:\/\/webknjizara.hr\/proizvod\/lahor-stihova-grupa-autora\/","url":"https:\/\/webknjizara.hr\/proizvod\/lahor-stihova-grupa-autora\/","name":"LAHOR STIHOVA, Grupa autora - Web-knji\u017eara","isPartOf":{"@id":"https:\/\/webknjizara.hr\/#website"},"primaryImageOfPage":{"@id":"https:\/\/webknjizara.hr\/proizvod\/lahor-stihova-grupa-autora\/#primaryimage"},"image":{"@id":"https:\/\/webknjizara.hr\/proizvod\/lahor-stihova-grupa-autora\/#primaryimage"},"thumbnailUrl":"https:\/\/webknjizara.hr\/wp-content\/uploads\/nc\/images\/virtuemart\/product\/web-naslovnica-knjizara.jpg","datePublished":"2018-12-13T08:21:31+00:00","dateModified":"2023-02-26T23:17:38+00:00","breadcrumb":{"@id":"https:\/\/webknjizara.hr\/proizvod\/lahor-stihova-grupa-autora\/#breadcrumb"},"inLanguage":"en-US","potentialAction":[{"@type":"ReadAction","target":["https:\/\/webknjizara.hr\/proizvod\/lahor-stihova-grupa-autora\/"]}]},{"@type":"ImageObject","inLanguage":"en-US","@id":"https:\/\/webknjizara.hr\/proizvod\/lahor-stihova-grupa-autora\/#primaryimage","url":"https:\/\/webknjizara.hr\/wp-content\/uploads\/nc\/images\/virtuemart\/product\/web-naslovnica-knjizara.jpg","contentUrl":"https:\/\/webknjizara.hr\/wp-content\/uploads\/nc\/images\/virtuemart\/product\/web-naslovnica-knjizara.jpg","width":300,"height":419,"caption":"LAHOR STIHOVA, Grupa autora"},{"@type":"BreadcrumbList","@id":"https:\/\/webknjizara.hr\/proizvod\/lahor-stihova-grupa-autora\/#breadcrumb","itemListElement":[{"@type":"ListItem","position":1,"name":"Po\u010detna stranica","item":"https:\/\/webknjizara.hr\/en\/"},{"@type":"ListItem","position":2,"name":"Shop","item":"https:\/\/webknjizara.hr\/shop\/"},{"@type":"ListItem","position":3,"name":"LAHOR STIHOVA, Grupa autora"}]},{"@type":"WebSite","@id":"https:\/\/webknjizara.hr\/#website","url":"https:\/\/webknjizara.hr\/","name":"Web Knji\u017eara","description":"","publisher":{"@id":"https:\/\/webknjizara.hr\/#organization"},"potentialAction":[{"@type":"SearchAction","target":{"@type":"EntryPoint","urlTemplate":"https:\/\/webknjizara.hr\/?s={search_term_string}"},"query-input":{"@type":"PropertyValueSpecification","valueRequired":true,"valueName":"search_term_string"}}],"inLanguage":"en-US"},{"@type":"Organization","@id":"https:\/\/webknjizara.hr\/#organization","name":"REDAK D.O.O.","url":"https:\/\/webknjizara.hr\/","logo":{"@type":"ImageObject","inLanguage":"en-US","@id":"https:\/\/webknjizara.hr\/#\/schema\/logo\/image\/","url":"https:\/\/webknjizara.hr\/wp-content\/uploads\/2023\/01\/web-knjizara-logo.webp","contentUrl":"https:\/\/webknjizara.hr\/wp-content\/uploads\/2023\/01\/web-knjizara-logo.webp","width":324,"height":79,"caption":"REDAK D.O.O."},"image":{"@id":"https:\/\/webknjizara.hr\/#\/schema\/logo\/image\/"}}]}},"_links":{"self":[{"href":"https:\/\/webknjizara.hr\/en\/wp-json\/wp\/v2\/product\/8894","targetHints":{"allow":["GET"]}}],"collection":[{"href":"https:\/\/webknjizara.hr\/en\/wp-json\/wp\/v2\/product"}],"about":[{"href":"https:\/\/webknjizara.hr\/en\/wp-json\/wp\/v2\/types\/product"}],"replies":[{"embeddable":true,"href":"https:\/\/webknjizara.hr\/en\/wp-json\/wp\/v2\/comments?post=8894"}],"wp:featuredmedia":[{"embeddable":true,"href":"https:\/\/webknjizara.hr\/en\/wp-json\/wp\/v2\/media\/8895"}],"wp:attachment":[{"href":"https:\/\/webknjizara.hr\/en\/wp-json\/wp\/v2\/media?parent=8894"}],"wp:term":[{"taxonomy":"product_brand","embeddable":true,"href":"https:\/\/webknjizara.hr\/en\/wp-json\/wp\/v2\/product_brand?post=8894"},{"taxonomy":"product_cat","embeddable":true,"href":"https:\/\/webknjizara.hr\/en\/wp-json\/wp\/v2\/product_cat?post=8894"},{"taxonomy":"product_tag","embeddable":true,"href":"https:\/\/webknjizara.hr\/en\/wp-json\/wp\/v2\/product_tag?post=8894"}],"curies":[{"name":"wp","href":"https:\/\/api.w.org\/{rel}","templated":true}]}}