{"id":8878,"date":"2018-11-24T12:08:17","date_gmt":"2018-11-24T12:08:17","guid":{"rendered":"https:\/\/webknjizara.hr\/?product=snjezna-flauta-diana-cerensek"},"modified":"2023-02-27T00:17:38","modified_gmt":"2023-02-26T23:17:38","slug":"snjezna-flauta-diana-cerensek","status":"publish","type":"product","link":"https:\/\/webknjizara.hr\/en\/proizvod\/snjezna-flauta-diana-cerensek\/","title":{"rendered":"SNJE\u017dNA FLAUTA, Diana \u010ceren\u0161ek"},"content":{"rendered":"<p style=\"text-align: justify;\"><strong>Sa\u017eetak:<\/strong> <\/p>\n<p>Priru\u010dnik pod nazivom \u201eSnje\u017ena flauta\u201c slu\u017ei kao motivacija i inspiracija mladom flautistu tijekom zimskih praznika u osnovnoj glazbenoj \u0161koli. Zimski praznici u obrazovanju klasi\u010dnih glazbenih \u0161kola, osim za odmor, prilika su i za utvr\u0111ivanje dosada\u0161njeg znanja, te mogu\u0107i iskorak u vje\u017ebanju i u\u010denju. Da bi mladi u\u010denik bio zainteresiran za vlastiti napredak, te da bi se prepustio samostalnom i kvalitetnom vje\u017ebanju, osim uputa profesora, dobro je primijeniti i dodatni motiviraju\u0107i sadr\u017eaj u obliku kreativnog priru\u010dnika. Tako \u0107e se u\u010denika spontano usmjeriti na sve va\u017ene elemente po\u010detnog obrazovanja s kojima se susre\u0107e za vrijeme sata u glazbenoj \u0161koli, te inspirirati da ustraje i tijekom zimskih praznika. Navedeni sadr\u017eaj razli\u010ditim pristupima glavnih segmenata po\u010detnog u\u010denja, mladog flautista ve\u017ee uz njegov instrument i stvara ugodu pri vje\u017ebanju, konstantno ga podsje\u0107aju\u0107i na spomenute va\u017ene smjernice. Pomo\u0107i \u0107e mu da kreativno i pametno usmjeri svoje slobodno vrijeme i energiju pri vje\u017ebanju, te da na tom putu izbjegne mogu\u0107e pogre\u0161ke. Neki od va\u017enih segmenata kojima se priru\u010dnik bavi, ispravno je dr\u017eanje instrumenta, kvalitetno disanje, kvalitetno vje\u017ebanje, muziciranje, priprema za ispravno vje\u017ebanje, va\u017enost improvizacije, savladavanje treme, razvoj ma\u0161te i sl.<\/p>\n<p style=\"text-align: justify;\">Iako se \u201eSnje\u017ena flauta\u201c obra\u0107a u\u010deniku, mo\u017ee olak\u0161ati i motivacijski nastavni proces samih profesora tako da se priru\u010dnik koristi kao pomo\u0107no sredstvo za vrijeme sata ili u pripremi u\u010denika za njegovo samostalno kori\u0161tenje tijekom zimskih praznika. Tako\u0111er, kod po\u010detnika prvih razreda radi br\u017eeg razumijevanja priru\u010dnika, va\u017eno je koristiti se nekim dijelovima sadr\u017eaja uz pomo\u0107 profesora ili roditelja.<\/p>\n<p style=\"text-align: justify;\">Priru\u010dnik se sastoji od devet manjih naslova koji motiviraju, te u sebi rje\u0161avaju univerzalnu problematiku kod mladih flautista. Sve to zadanim zadatkom i zabavnim tekstom. Tako su neki od tih naslova: <em>pripremi sebe i svoj prostor za vje\u017ebanje, planer vje\u017ebanja, flautisti\u010dki horoskop, va\u017enost improvizacije, moja mala skladba, priprema za javni nastup, glazba i boje, za\u0161to idem u glazbenu \u0161kolu <\/em>i<em> \u0161to je za mene glazba<\/em>.<\/p>\n<p style=\"text-align: justify;\">Osim teksta, priru\u010dnik sadr\u017ei i manji broj tradicionalnih bo\u017ei\u0107nih pjesmica iz razli\u010ditih krajeva svijeta preko kojih \u0107e se u\u010denik igrati, vje\u017ebati <em>prima vista<\/em> \u010ditanje i u\u010diti cijeniti kulturu drugih zemalja<\/p>\n<p style=\"text-align: justify;\"><strong>Bilje\u0161ka o autorici:<\/strong> <\/p>\n<p><strong>Diana \u010ceren\u0161ek<\/strong>, akademska je flautistica, glazbeni pedagog, profesor flaute te od 2018. glazbeni voditelj klasi\u010dnih i <em>jazz<\/em>-koncerata na Hrvatskoj radioteleviziji.<\/p>\n<p style=\"text-align: justify;\">Studij flaute zapo\u010dinje na Umjetni\u010dkoj akademiji Sveu\u010dili\u0161ta u Splitu, u klasi Tinke Muradori. Nakon prve godine odlazi na University of Minnesota (SAD) gdje se usavr\u0161ava godinu dana na podru\u010dju klasi\u010dne glazbe. Formalno glazbeno obrazovanje zaokru\u017euje i zavr\u0161ava 2013. na klasi\u010dnoj Muzi\u010dkoj akademiji Sveu\u010dili\u0161ta u Zagrebu kao magistar art. flaute.\u00a0\u00a0\u00a0\u00a0\u00a0\u00a0\u00a0\u00a0\u00a0\u00a0\u00a0\u00a0\u00a0\u00a0\u00a0\u00a0\u00a0\u00a0\u00a0\u00a0\u00a0\u00a0\u00a0\u00a0\u00a0\u00a0\u00a0\u00a0\u00a0\u00a0\u00a0\u00a0\u00a0\u00a0\u00a0\u00a0\u00a0\u00a0\u00a0\u00a0\u00a0\u00a0\u00a0\u00a0\u00a0\u00a0<\/p>\n<p style=\"text-align: justify;\">Za vrijeme klasi\u010dnog obrazovanja usavr\u0161avala se na stru\u010dnim seminarima kod vode\u0107ih doma\u0107ih i inozemnih flautista kao \u0161to su: <strong>Hansgeorg Schmeiser (AT), Carmen\u00a0Fuchs (HR), Cveto Kobal (SVN), Furugh Karimi (IRN), Michael Martin Kofler (AT), GuoLiang Han (JPN), Tinka Muradori (HR), Sakib La\u010devi\u0107 (BIH), Be\u0107ir Drnda (BIH), Yashiko Ohta (JPN), Gaspar Hoyos (FR) te mnogi drugi<\/strong>. Dobitnica je nekoliko nagrada, solisti\u010dki, orkestralno ili komorno, koje ostvaruje tijekom studija formalnog obrazovanja.<\/p>\n<p style=\"text-align: justify;\">Sredinom studija po\u010dinje se interesirati za jazz i improvizaciju te upisuje jazz-predmete na Muzi\u010dkoj akademiji u Zagrebu. Uz to se usavr\u0161ava i privatnim podukama te na glazbenim radionicama i seminarima kod: <strong>Sa\u0161a Nestorovi\u0107 (HR), Karlheinz Miklin (AT), Uglje\u0161a Novakovi\u0107 (SRB), Deborah J. Carter (USA), Miroslav Tadi\u0107 (HR), Vlatko Stefanovski (MK), Neven Frange\u0161 (HR), Michele Gori (IT), Kevin Mahogany (USA)<\/strong>.<\/p>\n<p style=\"text-align: justify;\">Sura\u0111ivala je s nekoliko afirmiranih jazz-glazbenika kao \u0161to su: <strong>Kim Nazarian (USA), Ratko Divjak (HR), Lauren Kinhan (USA), Dermon Meader (USA)<\/strong>\u2026Tako\u0111er, kao predizvo\u0111a\u010d na koncertu izraelske klarinetistice <strong>Anat Cohen<\/strong> na <strong>10. Vip Zagreb Jazz Festivalu <\/strong>2014.\u00a0<\/p>\n<p style=\"text-align: justify;\">2015. Nominirana je i u kategoriji jazz-glazbe za <strong>nagradu Status<\/strong>.\u00a0\u00a0\u00a0\u00a0\u00a0\u00a0\u00a0\u00a0\u00a0\u00a0\u00a0\u00a0\u00a0\u00a0\u00a0\u00a0\u00a0\u00a0\u00a0\u00a0\u00a0\u00a0\u00a0\u00a0\u00a0\u00a0\u00a0\u00a0\u00a0\u00a0\u00a0\u00a0\u00a0\u00a0\u00a0\u00a0\u00a0 \u00a0<\/p>\n<p style=\"text-align: justify;\">Odabrana je i kao jedan od kandidata s podru\u010dja Hrvatske, Slovenije, Ma\u0111arske, Srbije, Bosne i Hercegovine, te nazo\u010di i <strong>18. Jazz Festivalu u Sarajevu<\/strong>. Iste godine nastupila je kao instrumentalist na manifestaciji <strong>Nove Nade Jazza \u201eMarjan Marjanovi\u0107\u201c \u2013 Jazz.hr prolje\u0107e<\/strong>.<\/p>\n<p style=\"text-align: justify;\">2016. Ostvaruje nastup i na <strong>Arsana Jazz Festivalu Ptuj<\/strong> s <strong>New York Voices<\/strong>, Grammy nagra\u0111enom grupom iz SAD-a. Tako\u0111er, sura\u0111uje i na albumu srpskog jazz-pianista <strong>Milana Petrovi\u0107a \u2013 Ladys touch<\/strong> koji objavljuje Muzi\u010dka ku\u0107a Metropolis \u2013 Beograd.<\/p>\n<p style=\"text-align: justify;\">2017. Autorica je prve knjige za jazz-flautu u Hrvatskoj pod nazivom \u201e<strong>Jazz Flute Transcriptions\u201c<\/strong><\/p>\n<p style=\"text-align: justify;\"><strong>2018. Jazz-festival Bern, \u0160vicarska<\/strong><\/p>\n<p style=\"text-align: justify;\">Gost je predava\u010d na fakultetu Vern u Zagrebu.<\/p>\n<p style=\"text-align: justify;\">Nastupila je i na ostalim doga\u0111anjima kao:<strong> Jazz Promotions Rijeka, Jazz club ZOO Ljubljana, Salon uporabnih umetnosti Maribor, Vite\u0161ka Dvorana Bre\u017eice, K. D. V. Lisinski, Vip klub Zagreb, All Women Jazz Festival, Festival Na Dragom Kamenu \u2013 Rakalj, 4. Zg Jam, HGM Jazz orkestar Zagreb \u2013 Eric Truffaz, Kulturni dom Kr\u0161ko, Sax klub Zagreb, emisije: \u201eVrijeme je za jazz\u201c,\u201eMajstori svira\u010di\u201c, #Dobro jutro H<\/strong>\u2026<\/p>\n<p> Zavr\u0161iv\u0161i i predmete za pedago\u0161ki smjer na Muzi\u010dkoj akademiji u Zagrebu, stekla je mogu\u0107nost pedago\u0161kog rada gdje vrlo aktivno djeluje u osnovnim i srednjim \u0161kolama kao profesor flaute, predava\u010d glazbene kulture te dr\u017ei privatne poduke u\u010denicima i studentima svih uzrasta.\u00a0\u00a0 \u00a0\u00a0<\/p>\n<p style=\"text-align: justify;\"><strong>Klju\u010dne rije\u010di:<\/strong> flauta, priru\u010dnik, glazbene \u0161kole<\/p>\n<p style=\"text-align: justify;\"><strong>Link:\u00a0<\/strong> <a href=\"https:\/\/www.dianacerensek.com\/\" target=\"_blank\" rel=\"noopener noreferrer\">https:\/\/www.dianacerensek.com\/<\/a><\/p>\n<p style=\"text-align: justify;\"><strong>Naslov:<\/strong> Snje\u017ena flauta<br \/> <strong>Autor:<\/strong> Diana \u010ceren\u0161ek<br \/> <strong>Broj stranica:<\/strong> 58<br \/> <strong>Nakladnik:<\/strong> REDAK<br \/> <strong>Godina izdanja:<\/strong> 2018.<br \/> <strong>ISBN:<\/strong> 978-953-336-534-3<br \/> <strong>Tisak:<\/strong> digitalni tisak knjiga &#8211; print na zahtjev\u00a0<\/p>\n<p style=\"font-weight: 400; text-align: justify;\"><strong>Kako naru\u010diti knjigu?\u00a0<\/strong>Proces online kupovine jednako funkcionira za sve kupce, s jedinom razlikom u tome \u0161to \u0161to kupci iz inozemstva za podru\u010dje dostave moraju odabrati &#8220;Europa&#8221; ili &#8220;Ostale zemlje svijeta&#8221;, a za vrstu pla\u0107anja WSPay (kreditna kartica) ili Virmanom (bankovni transfer).<\/p>\n<p style=\"font-weight: 400; text-align: justify;\">Molimo kliknite ovdje za\u00a0<a href=\"hr\/kako-kupovati\">detaljni vodi\u010d kroz proces narud\u017ebe<\/a>\u00a0ili nas\u00a0<a href=\"hr\/kontakt\">kontaktirajte<\/a>\u00a0za vi\u0161e informacija.<\/p>\n","protected":false},"excerpt":{"rendered":"<p>Sa\u017eetak: Priru\u010dnik pod nazivom \u201eSnje\u017ena flauta\u201c slu\u017ei kao motivacija i inspiracija mladom flautistu tijekom zimskih praznika u osnovnoj glazbenoj \u0161koli. Zimski praznici u obrazovanju klasi\u010dnih glazbenih \u0161kola, osim za odmor, prilika su i za utvr\u0111ivanje dosada\u0161njeg znanja, te mogu\u0107i iskorak u vje\u017ebanju i u\u010denju. Da bi mladi u\u010denik bio zainteresiran za vlastiti napredak, te da [&hellip;]<\/p>\n","protected":false},"featured_media":8879,"comment_status":"open","ping_status":"closed","template":"","meta":{"_acf_changed":false},"product_brand":[],"product_cat":[1517],"product_tag":[],"class_list":{"0":"post-8878","1":"product","2":"type-product","3":"status-publish","4":"has-post-thumbnail","6":"product_cat-strucna-literatura","7":"pa_autor-diana-cerensek","8":"pa_nakladnik-redak","10":"first","11":"instock","12":"shipping-taxable","13":"purchasable","14":"product-type-simple"},"acf":[],"yoast_head":"<!-- This site is optimized with the Yoast SEO plugin v27.3 - https:\/\/yoast.com\/product\/yoast-seo-wordpress\/ -->\n<title>SNJE\u017dNA FLAUTA, Diana \u010ceren\u0161ek - Web-knji\u017eara<\/title>\n<meta name=\"robots\" content=\"index, follow, max-snippet:-1, max-image-preview:large, max-video-preview:-1\" \/>\n<link rel=\"canonical\" href=\"https:\/\/webknjizara.hr\/proizvod\/snjezna-flauta-diana-cerensek\/\" \/>\n<meta property=\"og:locale\" content=\"en_US\" \/>\n<meta property=\"og:type\" content=\"article\" \/>\n<meta property=\"og:title\" content=\"SNJE\u017dNA FLAUTA, Diana \u010ceren\u0161ek - Web-knji\u017eara\" \/>\n<meta property=\"og:description\" content=\"Sa\u017eetak: Priru\u010dnik pod nazivom \u201eSnje\u017ena flauta\u201c slu\u017ei kao motivacija i inspiracija mladom flautistu tijekom zimskih praznika u osnovnoj glazbenoj \u0161koli. Zimski praznici u obrazovanju klasi\u010dnih glazbenih \u0161kola, osim za odmor, prilika su i za utvr\u0111ivanje dosada\u0161njeg znanja, te mogu\u0107i iskorak u vje\u017ebanju i u\u010denju. Da bi mladi u\u010denik bio zainteresiran za vlastiti napredak, te da [&hellip;]\" \/>\n<meta property=\"og:url\" content=\"https:\/\/webknjizara.hr\/proizvod\/snjezna-flauta-diana-cerensek\/\" \/>\n<meta property=\"og:site_name\" content=\"Web-knji\u017eara\" \/>\n<meta property=\"article:modified_time\" content=\"2023-02-26T23:17:38+00:00\" \/>\n<meta property=\"og:image\" content=\"https:\/\/webknjizara.hr\/wp-content\/uploads\/nc\/images\/virtuemart\/product\/Cerensek-naslovnica-WK4.jpg\" \/>\n\t<meta property=\"og:image:width\" content=\"305\" \/>\n\t<meta property=\"og:image:height\" content=\"425\" \/>\n\t<meta property=\"og:image:type\" content=\"image\/jpeg\" \/>\n<meta name=\"twitter:card\" content=\"summary_large_image\" \/>\n<meta name=\"twitter:label1\" content=\"Est. reading time\" \/>\n\t<meta name=\"twitter:data1\" content=\"5 minutes\" \/>\n<script type=\"application\/ld+json\" class=\"yoast-schema-graph\">{\"@context\":\"https:\\\/\\\/schema.org\",\"@graph\":[{\"@type\":\"WebPage\",\"@id\":\"https:\\\/\\\/webknjizara.hr\\\/proizvod\\\/snjezna-flauta-diana-cerensek\\\/\",\"url\":\"https:\\\/\\\/webknjizara.hr\\\/proizvod\\\/snjezna-flauta-diana-cerensek\\\/\",\"name\":\"SNJE\u017dNA FLAUTA, Diana \u010ceren\u0161ek - Web-knji\u017eara\",\"isPartOf\":{\"@id\":\"https:\\\/\\\/webknjizara.hr\\\/#website\"},\"primaryImageOfPage\":{\"@id\":\"https:\\\/\\\/webknjizara.hr\\\/proizvod\\\/snjezna-flauta-diana-cerensek\\\/#primaryimage\"},\"image\":{\"@id\":\"https:\\\/\\\/webknjizara.hr\\\/proizvod\\\/snjezna-flauta-diana-cerensek\\\/#primaryimage\"},\"thumbnailUrl\":\"https:\\\/\\\/webknjizara.hr\\\/wp-content\\\/uploads\\\/nc\\\/images\\\/virtuemart\\\/product\\\/Cerensek-naslovnica-WK4.jpg\",\"datePublished\":\"2018-11-24T12:08:17+00:00\",\"dateModified\":\"2023-02-26T23:17:38+00:00\",\"breadcrumb\":{\"@id\":\"https:\\\/\\\/webknjizara.hr\\\/proizvod\\\/snjezna-flauta-diana-cerensek\\\/#breadcrumb\"},\"inLanguage\":\"en-US\",\"potentialAction\":[{\"@type\":\"ReadAction\",\"target\":[\"https:\\\/\\\/webknjizara.hr\\\/proizvod\\\/snjezna-flauta-diana-cerensek\\\/\"]}]},{\"@type\":\"ImageObject\",\"inLanguage\":\"en-US\",\"@id\":\"https:\\\/\\\/webknjizara.hr\\\/proizvod\\\/snjezna-flauta-diana-cerensek\\\/#primaryimage\",\"url\":\"https:\\\/\\\/webknjizara.hr\\\/wp-content\\\/uploads\\\/nc\\\/images\\\/virtuemart\\\/product\\\/Cerensek-naslovnica-WK4.jpg\",\"contentUrl\":\"https:\\\/\\\/webknjizara.hr\\\/wp-content\\\/uploads\\\/nc\\\/images\\\/virtuemart\\\/product\\\/Cerensek-naslovnica-WK4.jpg\",\"width\":305,\"height\":425,\"caption\":\"SNJE\u017dNA FLAUTA, Diana \u010ceren\u0161ek\"},{\"@type\":\"BreadcrumbList\",\"@id\":\"https:\\\/\\\/webknjizara.hr\\\/proizvod\\\/snjezna-flauta-diana-cerensek\\\/#breadcrumb\",\"itemListElement\":[{\"@type\":\"ListItem\",\"position\":1,\"name\":\"Po\u010detna stranica\",\"item\":\"https:\\\/\\\/webknjizara.hr\\\/en\\\/\"},{\"@type\":\"ListItem\",\"position\":2,\"name\":\"Shop\",\"item\":\"https:\\\/\\\/webknjizara.hr\\\/shop\\\/\"},{\"@type\":\"ListItem\",\"position\":3,\"name\":\"SNJE\u017dNA FLAUTA, Diana \u010ceren\u0161ek\"}]},{\"@type\":\"WebSite\",\"@id\":\"https:\\\/\\\/webknjizara.hr\\\/#website\",\"url\":\"https:\\\/\\\/webknjizara.hr\\\/\",\"name\":\"Web Knji\u017eara\",\"description\":\"\",\"publisher\":{\"@id\":\"https:\\\/\\\/webknjizara.hr\\\/#organization\"},\"potentialAction\":[{\"@type\":\"SearchAction\",\"target\":{\"@type\":\"EntryPoint\",\"urlTemplate\":\"https:\\\/\\\/webknjizara.hr\\\/?s={search_term_string}\"},\"query-input\":{\"@type\":\"PropertyValueSpecification\",\"valueRequired\":true,\"valueName\":\"search_term_string\"}}],\"inLanguage\":\"en-US\"},{\"@type\":\"Organization\",\"@id\":\"https:\\\/\\\/webknjizara.hr\\\/#organization\",\"name\":\"REDAK D.O.O.\",\"url\":\"https:\\\/\\\/webknjizara.hr\\\/\",\"logo\":{\"@type\":\"ImageObject\",\"inLanguage\":\"en-US\",\"@id\":\"https:\\\/\\\/webknjizara.hr\\\/#\\\/schema\\\/logo\\\/image\\\/\",\"url\":\"https:\\\/\\\/webknjizara.hr\\\/wp-content\\\/uploads\\\/2023\\\/01\\\/web-knjizara-logo.webp\",\"contentUrl\":\"https:\\\/\\\/webknjizara.hr\\\/wp-content\\\/uploads\\\/2023\\\/01\\\/web-knjizara-logo.webp\",\"width\":324,\"height\":79,\"caption\":\"REDAK D.O.O.\"},\"image\":{\"@id\":\"https:\\\/\\\/webknjizara.hr\\\/#\\\/schema\\\/logo\\\/image\\\/\"}}]}<\/script>\n<!-- \/ Yoast SEO plugin. -->","yoast_head_json":{"title":"SNJE\u017dNA FLAUTA, Diana \u010ceren\u0161ek - Web-knji\u017eara","robots":{"index":"index","follow":"follow","max-snippet":"max-snippet:-1","max-image-preview":"max-image-preview:large","max-video-preview":"max-video-preview:-1"},"canonical":"https:\/\/webknjizara.hr\/proizvod\/snjezna-flauta-diana-cerensek\/","og_locale":"en_US","og_type":"article","og_title":"SNJE\u017dNA FLAUTA, Diana \u010ceren\u0161ek - Web-knji\u017eara","og_description":"Sa\u017eetak: Priru\u010dnik pod nazivom \u201eSnje\u017ena flauta\u201c slu\u017ei kao motivacija i inspiracija mladom flautistu tijekom zimskih praznika u osnovnoj glazbenoj \u0161koli. Zimski praznici u obrazovanju klasi\u010dnih glazbenih \u0161kola, osim za odmor, prilika su i za utvr\u0111ivanje dosada\u0161njeg znanja, te mogu\u0107i iskorak u vje\u017ebanju i u\u010denju. Da bi mladi u\u010denik bio zainteresiran za vlastiti napredak, te da [&hellip;]","og_url":"https:\/\/webknjizara.hr\/proizvod\/snjezna-flauta-diana-cerensek\/","og_site_name":"Web-knji\u017eara","article_modified_time":"2023-02-26T23:17:38+00:00","og_image":[{"width":305,"height":425,"url":"https:\/\/webknjizara.hr\/wp-content\/uploads\/nc\/images\/virtuemart\/product\/Cerensek-naslovnica-WK4.jpg","type":"image\/jpeg"}],"twitter_card":"summary_large_image","twitter_misc":{"Est. reading time":"5 minutes"},"schema":{"@context":"https:\/\/schema.org","@graph":[{"@type":"WebPage","@id":"https:\/\/webknjizara.hr\/proizvod\/snjezna-flauta-diana-cerensek\/","url":"https:\/\/webknjizara.hr\/proizvod\/snjezna-flauta-diana-cerensek\/","name":"SNJE\u017dNA FLAUTA, Diana \u010ceren\u0161ek - Web-knji\u017eara","isPartOf":{"@id":"https:\/\/webknjizara.hr\/#website"},"primaryImageOfPage":{"@id":"https:\/\/webknjizara.hr\/proizvod\/snjezna-flauta-diana-cerensek\/#primaryimage"},"image":{"@id":"https:\/\/webknjizara.hr\/proizvod\/snjezna-flauta-diana-cerensek\/#primaryimage"},"thumbnailUrl":"https:\/\/webknjizara.hr\/wp-content\/uploads\/nc\/images\/virtuemart\/product\/Cerensek-naslovnica-WK4.jpg","datePublished":"2018-11-24T12:08:17+00:00","dateModified":"2023-02-26T23:17:38+00:00","breadcrumb":{"@id":"https:\/\/webknjizara.hr\/proizvod\/snjezna-flauta-diana-cerensek\/#breadcrumb"},"inLanguage":"en-US","potentialAction":[{"@type":"ReadAction","target":["https:\/\/webknjizara.hr\/proizvod\/snjezna-flauta-diana-cerensek\/"]}]},{"@type":"ImageObject","inLanguage":"en-US","@id":"https:\/\/webknjizara.hr\/proizvod\/snjezna-flauta-diana-cerensek\/#primaryimage","url":"https:\/\/webknjizara.hr\/wp-content\/uploads\/nc\/images\/virtuemart\/product\/Cerensek-naslovnica-WK4.jpg","contentUrl":"https:\/\/webknjizara.hr\/wp-content\/uploads\/nc\/images\/virtuemart\/product\/Cerensek-naslovnica-WK4.jpg","width":305,"height":425,"caption":"SNJE\u017dNA FLAUTA, Diana \u010ceren\u0161ek"},{"@type":"BreadcrumbList","@id":"https:\/\/webknjizara.hr\/proizvod\/snjezna-flauta-diana-cerensek\/#breadcrumb","itemListElement":[{"@type":"ListItem","position":1,"name":"Po\u010detna stranica","item":"https:\/\/webknjizara.hr\/en\/"},{"@type":"ListItem","position":2,"name":"Shop","item":"https:\/\/webknjizara.hr\/shop\/"},{"@type":"ListItem","position":3,"name":"SNJE\u017dNA FLAUTA, Diana \u010ceren\u0161ek"}]},{"@type":"WebSite","@id":"https:\/\/webknjizara.hr\/#website","url":"https:\/\/webknjizara.hr\/","name":"Web Knji\u017eara","description":"","publisher":{"@id":"https:\/\/webknjizara.hr\/#organization"},"potentialAction":[{"@type":"SearchAction","target":{"@type":"EntryPoint","urlTemplate":"https:\/\/webknjizara.hr\/?s={search_term_string}"},"query-input":{"@type":"PropertyValueSpecification","valueRequired":true,"valueName":"search_term_string"}}],"inLanguage":"en-US"},{"@type":"Organization","@id":"https:\/\/webknjizara.hr\/#organization","name":"REDAK D.O.O.","url":"https:\/\/webknjizara.hr\/","logo":{"@type":"ImageObject","inLanguage":"en-US","@id":"https:\/\/webknjizara.hr\/#\/schema\/logo\/image\/","url":"https:\/\/webknjizara.hr\/wp-content\/uploads\/2023\/01\/web-knjizara-logo.webp","contentUrl":"https:\/\/webknjizara.hr\/wp-content\/uploads\/2023\/01\/web-knjizara-logo.webp","width":324,"height":79,"caption":"REDAK D.O.O."},"image":{"@id":"https:\/\/webknjizara.hr\/#\/schema\/logo\/image\/"}}]}},"_links":{"self":[{"href":"https:\/\/webknjizara.hr\/en\/wp-json\/wp\/v2\/product\/8878","targetHints":{"allow":["GET"]}}],"collection":[{"href":"https:\/\/webknjizara.hr\/en\/wp-json\/wp\/v2\/product"}],"about":[{"href":"https:\/\/webknjizara.hr\/en\/wp-json\/wp\/v2\/types\/product"}],"replies":[{"embeddable":true,"href":"https:\/\/webknjizara.hr\/en\/wp-json\/wp\/v2\/comments?post=8878"}],"wp:featuredmedia":[{"embeddable":true,"href":"https:\/\/webknjizara.hr\/en\/wp-json\/wp\/v2\/media\/8879"}],"wp:attachment":[{"href":"https:\/\/webknjizara.hr\/en\/wp-json\/wp\/v2\/media?parent=8878"}],"wp:term":[{"taxonomy":"product_brand","embeddable":true,"href":"https:\/\/webknjizara.hr\/en\/wp-json\/wp\/v2\/product_brand?post=8878"},{"taxonomy":"product_cat","embeddable":true,"href":"https:\/\/webknjizara.hr\/en\/wp-json\/wp\/v2\/product_cat?post=8878"},{"taxonomy":"product_tag","embeddable":true,"href":"https:\/\/webknjizara.hr\/en\/wp-json\/wp\/v2\/product_tag?post=8878"}],"curies":[{"name":"wp","href":"https:\/\/api.w.org\/{rel}","templated":true}]}}