{"id":8856,"date":"2018-10-22T15:59:08","date_gmt":"2018-10-22T15:59:08","guid":{"rendered":"https:\/\/webknjizara.hr\/?product=snovi-sjecanja-2"},"modified":"2023-02-27T00:17:36","modified_gmt":"2023-02-26T23:17:36","slug":"snovi-sjecanja-2","status":"publish","type":"product","link":"https:\/\/webknjizara.hr\/en\/proizvod\/snovi-sjecanja-2\/","title":{"rendered":"SNOVI SJE\u0106ANJA 2"},"content":{"rendered":"<p style=\"text-align: justify;\"><strong>Sa\u017eetak:<\/strong> <\/p>\n<p><em>Zaplovite stihovima Snova sje\u0107anja 2 te se kroz refleksiju emocija autora jedanaeste PiK me\u0111unarodne zbirke pjesama prisjetite ulica svoje pro\u0161losti, ki\u0161a osje\u0107aja za koje ste mislili da nikada ne\u0107e prestati padati i osmijeha koji su naposljetku rastjerali te ki\u0161e.<\/em><\/p>\n<p style=\"text-align: justify;\"><em>Vjerujte da zaviriti u stranice ove zbirke zna\u010di, ne samo pru\u017eiti prijateljsku ruku svojim sje\u0107anjima, ve\u0107 i u\u010diniti uslugu svojoj du\u0161i koja, zarobljena u vrtlogu nemilosrdne rutine suvi\u0161e, suvi\u0161e rijetko pronalazi put ka povr\u0161ini.<\/em><\/p>\n<p style=\"text-align: justify;\"><em>Zaista, zaviriti u ove stihove zna\u010di zaroniti pa iz dubina na povr\u0161inu prizvati skriveno blago vlastite du\u0161e. Zaviriti u ove stihove ujedno zna\u010di prisjetiti se tko smo to jednom bili i s takvim se pra\u0161njavim cipelama potom podsjetiti ususret kakvoj budu\u0107nosti idemo \u2013 i za\u0161to.<\/em><\/p>\n<p style=\"text-align: justify;\">&#8211; Preporuka Nela Bari\u010devi\u0107<br \/>autorica stranice potpisuje N.B.<\/p>\n<p><strong>Bilje\u0161ka o autorima:<\/strong> <\/p>\n<p>Pjesme su nastale u razdoblju od 13.5.2018. do 1.7.2018. godine, a autori su \u010dlanovi Facebook grupe Pisci i Knji\u017eevnost i Facebook stranice Pisci i Knji\u017eevnost.<\/p>\n<p>Autori pjesama su iz Hrvatske, Bosne i Hercegovine, Srbije, Danske, \u0160vedske, Austrije, Italije, Njema\u010dke i \u010ce\u0161ke.<\/p>\n<p style=\"text-align: justify;\">Aida Zolota, Alenka Tuli\u010di\u0107-Mihel\u010di\u0107, Alma Buljuba\u0161i\u0107 Magli\u0107, Ana Ba\u0161i\u0107, Anica Ivi\u0107, Adela Haskovi\u0107, Bernarda \u0106uri\u0107, Blanka Kraljevi\u0107, Bla\u017eenka Le\u0161i\u0107, Bojana Bogdani\u0107, Darko Reb, Davorka Flego, Dijana Perkovi\u0107, Dra\u017eana Ivana Kelava, Du\u0161anka Vu\u010denovi\u0107 Raca, Du\u0161ica Ili\u0107, Evica Kralji\u0107, Gordana Bartol, Ika Tomljenovi\u0107, Katarina Kos-Veli\u0107, Kruno \u0160afrani\u0107, Ljiljana Babac, Maja Grgac, Margita Zmijanovi\u0107, Marija Aj\u0161a Peuc, Milica Hon\u0111o, Miroslav Ljubas, Nada Vuka\u0161inovi\u0107, Nicolina Mar\u010dinkovi\u0107, Ognjen Stankovi\u0107, Ognjenka Kalajd\u017ei\u0107, Rada Sukara, Robertina \u0160tajdohar, Romana Duvnjak, Slavko \u010cretni, Sonja Kokotovi\u0107, Svetlana Mati\u0107, Svetlana Pantovi\u0107 \u017dilo, \u0160tefica Vanjek, Vera Antoli\u0107, Vernesa Manov, Vesna \u0160pani\u0107, Vlasta \u0160afrani\u0107, \u017dana Coven, \u017deljko Bilankov<\/p>\n<p style=\"text-align: justify;\"><strong>Ilustracija naslovnice:<\/strong> Ika Tomljenovi\u0107<\/p>\n<p><strong>Klju\u010dne rije\u010di:<\/strong> Pisci i Knji\u017eevnost, PiK, pjesme, zbirka, snovi, sje\u0107anja, 2, stihovi<\/p>\n<p><strong>Linkovi:<\/strong> <br \/><strong>Facebook grupa: <a href=\"https:\/\/www.facebook.com\/groups\/245484055481932\/\" target=\"_blank\" rel=\"noopener noreferrer\">https:\/\/www.facebook.com\/groups\/245484055481932\/<br \/><\/a><\/strong><strong>Facebook stranica: <a href=\"https:\/\/www.facebook.com\/pisciknjizevnost.pik\/?view_public_for=741769035915471\" target=\"_blank\" rel=\"noopener noreferrer\">https:\/\/www.facebook.com\/pisciknjizevnost.pik\/?view_public_for=741769035915471<br \/><\/a>Web stranica: <a href=\"http:\/\/pisciiknjizevnost.wixsite.com\/pisci-i-knjizevnost\" target=\"_blank\" rel=\"noopener noreferrer\">http:\/\/pisciiknjizevnost.wixsite.com\/pisci-i-knjizevnost<br \/><\/a><\/strong><strong>E-mail:\u00a0<\/strong><a href=\"mailto:knjigamojprijatelj@outlook.com\">Knjiga moj prijatelj<\/a><\/p>\n<p style=\"text-align: justify;\"><strong>Naslov:<\/strong> Snovi sje\u0107anja 2<br \/><strong>Autor:<\/strong> Grupa autora<br \/><strong>Broj stranica:<\/strong> 312<br \/><strong>Nakladnik:<\/strong> REDAK<br \/><strong>Godina izdanja:<\/strong> 2018.<br \/><strong>ISBN:<\/strong> 978-953-336-526-8<br \/><strong>Tisak:<\/strong> digitalni tisak knjiga &#8211; print na zahtjev<\/p>\n<hr \/>\n<p style=\"text-align: justify;\"><strong>Kako naru\u010diti knjigu?\u00a0<\/strong>Proces online kupovine jednako funkcionira za sve kupce, s jedinom razlikom u tome \u0161to \u0161to kupci iz inozemstva za podru\u010dje dostave moraju odabrati &#8220;Europa&#8221; ili &#8220;Ostale zemlje svijeta&#8221;, a za vrstu pla\u0107anja WSPay (kreditna kartica) ili Virmanom (bankovni transfer).<\/p>\n<p style=\"text-align: justify;\">Molimo kliknite ovdje za\u00a0<a href=\"hr\/kako-kupovati\" target=\"_blank\" rel=\"noopener noreferrer\">detaljni vodi\u010d kroz proces narud\u017ebe<\/a>\u00a0ili nas\u00a0<a href=\"hr\/kontakt\" target=\"_blank\" rel=\"noopener noreferrer\">kontaktirajte<\/a>\u00a0za vi\u0161e informacija.<\/p>\n","protected":false},"excerpt":{"rendered":"<p>Sa\u017eetak: Zaplovite stihovima Snova sje\u0107anja 2 te se kroz refleksiju emocija autora jedanaeste PiK me\u0111unarodne zbirke pjesama prisjetite ulica svoje pro\u0161losti, ki\u0161a osje\u0107aja za koje ste mislili da nikada ne\u0107e prestati padati i osmijeha koji su naposljetku rastjerali te ki\u0161e. Vjerujte da zaviriti u stranice ove zbirke zna\u010di, ne samo pru\u017eiti prijateljsku ruku svojim sje\u0107anjima, [&hellip;]<\/p>\n","protected":false},"featured_media":8857,"comment_status":"open","ping_status":"closed","template":"","meta":{"_acf_changed":false},"product_brand":[],"product_cat":[1383,1385,1388],"product_tag":[],"class_list":{"0":"post-8856","1":"product","2":"type-product","3":"status-publish","4":"has-post-thumbnail","6":"product_cat-knjige","7":"product_cat-knjizevnost","8":"product_cat-poezija","9":"pa_autor-kruno-safranic","10":"pa_nakladnik-redak","12":"first","13":"instock","14":"shipping-taxable","15":"purchasable","16":"product-type-simple"},"acf":[],"yoast_head":"<!-- This site is optimized with the Yoast SEO plugin v27.3 - https:\/\/yoast.com\/product\/yoast-seo-wordpress\/ -->\n<title>SNOVI SJE\u0106ANJA 2 - Web-knji\u017eara<\/title>\n<meta name=\"robots\" content=\"index, follow, max-snippet:-1, max-image-preview:large, max-video-preview:-1\" \/>\n<link rel=\"canonical\" href=\"https:\/\/webknjizara.hr\/proizvod\/snovi-sjecanja-2\/\" \/>\n<meta property=\"og:locale\" content=\"en_US\" \/>\n<meta property=\"og:type\" content=\"article\" \/>\n<meta property=\"og:title\" content=\"SNOVI SJE\u0106ANJA 2 - Web-knji\u017eara\" \/>\n<meta property=\"og:description\" content=\"Sa\u017eetak: Zaplovite stihovima Snova sje\u0107anja 2 te se kroz refleksiju emocija autora jedanaeste PiK me\u0111unarodne zbirke pjesama prisjetite ulica svoje pro\u0161losti, ki\u0161a osje\u0107aja za koje ste mislili da nikada ne\u0107e prestati padati i osmijeha koji su naposljetku rastjerali te ki\u0161e. Vjerujte da zaviriti u stranice ove zbirke zna\u010di, ne samo pru\u017eiti prijateljsku ruku svojim sje\u0107anjima, [&hellip;]\" \/>\n<meta property=\"og:url\" content=\"https:\/\/webknjizara.hr\/proizvod\/snovi-sjecanja-2\/\" \/>\n<meta property=\"og:site_name\" content=\"Web-knji\u017eara\" \/>\n<meta property=\"article:modified_time\" content=\"2023-02-26T23:17:36+00:00\" \/>\n<meta property=\"og:image\" content=\"https:\/\/webknjizara.hr\/wp-content\/uploads\/nc\/images\/virtuemart\/product\/Snovi-sjecanja_2_naslovnica-300x419.jpg\" \/>\n\t<meta property=\"og:image:width\" content=\"300\" \/>\n\t<meta property=\"og:image:height\" content=\"419\" \/>\n\t<meta property=\"og:image:type\" content=\"image\/jpeg\" \/>\n<meta name=\"twitter:card\" content=\"summary_large_image\" \/>\n<meta name=\"twitter:label1\" content=\"Est. reading time\" \/>\n\t<meta name=\"twitter:data1\" content=\"2 minutes\" \/>\n<script type=\"application\/ld+json\" class=\"yoast-schema-graph\">{\"@context\":\"https:\\\/\\\/schema.org\",\"@graph\":[{\"@type\":\"WebPage\",\"@id\":\"https:\\\/\\\/webknjizara.hr\\\/proizvod\\\/snovi-sjecanja-2\\\/\",\"url\":\"https:\\\/\\\/webknjizara.hr\\\/proizvod\\\/snovi-sjecanja-2\\\/\",\"name\":\"SNOVI SJE\u0106ANJA 2 - Web-knji\u017eara\",\"isPartOf\":{\"@id\":\"https:\\\/\\\/webknjizara.hr\\\/#website\"},\"primaryImageOfPage\":{\"@id\":\"https:\\\/\\\/webknjizara.hr\\\/proizvod\\\/snovi-sjecanja-2\\\/#primaryimage\"},\"image\":{\"@id\":\"https:\\\/\\\/webknjizara.hr\\\/proizvod\\\/snovi-sjecanja-2\\\/#primaryimage\"},\"thumbnailUrl\":\"https:\\\/\\\/webknjizara.hr\\\/wp-content\\\/uploads\\\/nc\\\/images\\\/virtuemart\\\/product\\\/Snovi-sjecanja_2_naslovnica-300x419.jpg\",\"datePublished\":\"2018-10-22T15:59:08+00:00\",\"dateModified\":\"2023-02-26T23:17:36+00:00\",\"breadcrumb\":{\"@id\":\"https:\\\/\\\/webknjizara.hr\\\/proizvod\\\/snovi-sjecanja-2\\\/#breadcrumb\"},\"inLanguage\":\"en-US\",\"potentialAction\":[{\"@type\":\"ReadAction\",\"target\":[\"https:\\\/\\\/webknjizara.hr\\\/proizvod\\\/snovi-sjecanja-2\\\/\"]}]},{\"@type\":\"ImageObject\",\"inLanguage\":\"en-US\",\"@id\":\"https:\\\/\\\/webknjizara.hr\\\/proizvod\\\/snovi-sjecanja-2\\\/#primaryimage\",\"url\":\"https:\\\/\\\/webknjizara.hr\\\/wp-content\\\/uploads\\\/nc\\\/images\\\/virtuemart\\\/product\\\/Snovi-sjecanja_2_naslovnica-300x419.jpg\",\"contentUrl\":\"https:\\\/\\\/webknjizara.hr\\\/wp-content\\\/uploads\\\/nc\\\/images\\\/virtuemart\\\/product\\\/Snovi-sjecanja_2_naslovnica-300x419.jpg\",\"width\":300,\"height\":419,\"caption\":\"SNOVI SJE\u0106ANJA 2\"},{\"@type\":\"BreadcrumbList\",\"@id\":\"https:\\\/\\\/webknjizara.hr\\\/proizvod\\\/snovi-sjecanja-2\\\/#breadcrumb\",\"itemListElement\":[{\"@type\":\"ListItem\",\"position\":1,\"name\":\"Po\u010detna stranica\",\"item\":\"https:\\\/\\\/webknjizara.hr\\\/en\\\/\"},{\"@type\":\"ListItem\",\"position\":2,\"name\":\"Shop\",\"item\":\"https:\\\/\\\/webknjizara.hr\\\/shop\\\/\"},{\"@type\":\"ListItem\",\"position\":3,\"name\":\"SNOVI SJE\u0106ANJA 2\"}]},{\"@type\":\"WebSite\",\"@id\":\"https:\\\/\\\/webknjizara.hr\\\/#website\",\"url\":\"https:\\\/\\\/webknjizara.hr\\\/\",\"name\":\"Web Knji\u017eara\",\"description\":\"\",\"publisher\":{\"@id\":\"https:\\\/\\\/webknjizara.hr\\\/#organization\"},\"potentialAction\":[{\"@type\":\"SearchAction\",\"target\":{\"@type\":\"EntryPoint\",\"urlTemplate\":\"https:\\\/\\\/webknjizara.hr\\\/?s={search_term_string}\"},\"query-input\":{\"@type\":\"PropertyValueSpecification\",\"valueRequired\":true,\"valueName\":\"search_term_string\"}}],\"inLanguage\":\"en-US\"},{\"@type\":\"Organization\",\"@id\":\"https:\\\/\\\/webknjizara.hr\\\/#organization\",\"name\":\"REDAK D.O.O.\",\"url\":\"https:\\\/\\\/webknjizara.hr\\\/\",\"logo\":{\"@type\":\"ImageObject\",\"inLanguage\":\"en-US\",\"@id\":\"https:\\\/\\\/webknjizara.hr\\\/#\\\/schema\\\/logo\\\/image\\\/\",\"url\":\"https:\\\/\\\/webknjizara.hr\\\/wp-content\\\/uploads\\\/2023\\\/01\\\/web-knjizara-logo.webp\",\"contentUrl\":\"https:\\\/\\\/webknjizara.hr\\\/wp-content\\\/uploads\\\/2023\\\/01\\\/web-knjizara-logo.webp\",\"width\":324,\"height\":79,\"caption\":\"REDAK D.O.O.\"},\"image\":{\"@id\":\"https:\\\/\\\/webknjizara.hr\\\/#\\\/schema\\\/logo\\\/image\\\/\"}}]}<\/script>\n<!-- \/ Yoast SEO plugin. -->","yoast_head_json":{"title":"SNOVI SJE\u0106ANJA 2 - Web-knji\u017eara","robots":{"index":"index","follow":"follow","max-snippet":"max-snippet:-1","max-image-preview":"max-image-preview:large","max-video-preview":"max-video-preview:-1"},"canonical":"https:\/\/webknjizara.hr\/proizvod\/snovi-sjecanja-2\/","og_locale":"en_US","og_type":"article","og_title":"SNOVI SJE\u0106ANJA 2 - Web-knji\u017eara","og_description":"Sa\u017eetak: Zaplovite stihovima Snova sje\u0107anja 2 te se kroz refleksiju emocija autora jedanaeste PiK me\u0111unarodne zbirke pjesama prisjetite ulica svoje pro\u0161losti, ki\u0161a osje\u0107aja za koje ste mislili da nikada ne\u0107e prestati padati i osmijeha koji su naposljetku rastjerali te ki\u0161e. Vjerujte da zaviriti u stranice ove zbirke zna\u010di, ne samo pru\u017eiti prijateljsku ruku svojim sje\u0107anjima, [&hellip;]","og_url":"https:\/\/webknjizara.hr\/proizvod\/snovi-sjecanja-2\/","og_site_name":"Web-knji\u017eara","article_modified_time":"2023-02-26T23:17:36+00:00","og_image":[{"width":300,"height":419,"url":"https:\/\/webknjizara.hr\/wp-content\/uploads\/nc\/images\/virtuemart\/product\/Snovi-sjecanja_2_naslovnica-300x419.jpg","type":"image\/jpeg"}],"twitter_card":"summary_large_image","twitter_misc":{"Est. reading time":"2 minutes"},"schema":{"@context":"https:\/\/schema.org","@graph":[{"@type":"WebPage","@id":"https:\/\/webknjizara.hr\/proizvod\/snovi-sjecanja-2\/","url":"https:\/\/webknjizara.hr\/proizvod\/snovi-sjecanja-2\/","name":"SNOVI SJE\u0106ANJA 2 - Web-knji\u017eara","isPartOf":{"@id":"https:\/\/webknjizara.hr\/#website"},"primaryImageOfPage":{"@id":"https:\/\/webknjizara.hr\/proizvod\/snovi-sjecanja-2\/#primaryimage"},"image":{"@id":"https:\/\/webknjizara.hr\/proizvod\/snovi-sjecanja-2\/#primaryimage"},"thumbnailUrl":"https:\/\/webknjizara.hr\/wp-content\/uploads\/nc\/images\/virtuemart\/product\/Snovi-sjecanja_2_naslovnica-300x419.jpg","datePublished":"2018-10-22T15:59:08+00:00","dateModified":"2023-02-26T23:17:36+00:00","breadcrumb":{"@id":"https:\/\/webknjizara.hr\/proizvod\/snovi-sjecanja-2\/#breadcrumb"},"inLanguage":"en-US","potentialAction":[{"@type":"ReadAction","target":["https:\/\/webknjizara.hr\/proizvod\/snovi-sjecanja-2\/"]}]},{"@type":"ImageObject","inLanguage":"en-US","@id":"https:\/\/webknjizara.hr\/proizvod\/snovi-sjecanja-2\/#primaryimage","url":"https:\/\/webknjizara.hr\/wp-content\/uploads\/nc\/images\/virtuemart\/product\/Snovi-sjecanja_2_naslovnica-300x419.jpg","contentUrl":"https:\/\/webknjizara.hr\/wp-content\/uploads\/nc\/images\/virtuemart\/product\/Snovi-sjecanja_2_naslovnica-300x419.jpg","width":300,"height":419,"caption":"SNOVI SJE\u0106ANJA 2"},{"@type":"BreadcrumbList","@id":"https:\/\/webknjizara.hr\/proizvod\/snovi-sjecanja-2\/#breadcrumb","itemListElement":[{"@type":"ListItem","position":1,"name":"Po\u010detna stranica","item":"https:\/\/webknjizara.hr\/en\/"},{"@type":"ListItem","position":2,"name":"Shop","item":"https:\/\/webknjizara.hr\/shop\/"},{"@type":"ListItem","position":3,"name":"SNOVI SJE\u0106ANJA 2"}]},{"@type":"WebSite","@id":"https:\/\/webknjizara.hr\/#website","url":"https:\/\/webknjizara.hr\/","name":"Web Knji\u017eara","description":"","publisher":{"@id":"https:\/\/webknjizara.hr\/#organization"},"potentialAction":[{"@type":"SearchAction","target":{"@type":"EntryPoint","urlTemplate":"https:\/\/webknjizara.hr\/?s={search_term_string}"},"query-input":{"@type":"PropertyValueSpecification","valueRequired":true,"valueName":"search_term_string"}}],"inLanguage":"en-US"},{"@type":"Organization","@id":"https:\/\/webknjizara.hr\/#organization","name":"REDAK D.O.O.","url":"https:\/\/webknjizara.hr\/","logo":{"@type":"ImageObject","inLanguage":"en-US","@id":"https:\/\/webknjizara.hr\/#\/schema\/logo\/image\/","url":"https:\/\/webknjizara.hr\/wp-content\/uploads\/2023\/01\/web-knjizara-logo.webp","contentUrl":"https:\/\/webknjizara.hr\/wp-content\/uploads\/2023\/01\/web-knjizara-logo.webp","width":324,"height":79,"caption":"REDAK D.O.O."},"image":{"@id":"https:\/\/webknjizara.hr\/#\/schema\/logo\/image\/"}}]}},"_links":{"self":[{"href":"https:\/\/webknjizara.hr\/en\/wp-json\/wp\/v2\/product\/8856","targetHints":{"allow":["GET"]}}],"collection":[{"href":"https:\/\/webknjizara.hr\/en\/wp-json\/wp\/v2\/product"}],"about":[{"href":"https:\/\/webknjizara.hr\/en\/wp-json\/wp\/v2\/types\/product"}],"replies":[{"embeddable":true,"href":"https:\/\/webknjizara.hr\/en\/wp-json\/wp\/v2\/comments?post=8856"}],"wp:featuredmedia":[{"embeddable":true,"href":"https:\/\/webknjizara.hr\/en\/wp-json\/wp\/v2\/media\/8857"}],"wp:attachment":[{"href":"https:\/\/webknjizara.hr\/en\/wp-json\/wp\/v2\/media?parent=8856"}],"wp:term":[{"taxonomy":"product_brand","embeddable":true,"href":"https:\/\/webknjizara.hr\/en\/wp-json\/wp\/v2\/product_brand?post=8856"},{"taxonomy":"product_cat","embeddable":true,"href":"https:\/\/webknjizara.hr\/en\/wp-json\/wp\/v2\/product_cat?post=8856"},{"taxonomy":"product_tag","embeddable":true,"href":"https:\/\/webknjizara.hr\/en\/wp-json\/wp\/v2\/product_tag?post=8856"}],"curies":[{"name":"wp","href":"https:\/\/api.w.org\/{rel}","templated":true}]}}