{"id":8844,"date":"2018-10-05T21:49:39","date_gmt":"2018-10-05T21:49:39","guid":{"rendered":"https:\/\/webknjizara.hr\/?product=le-nouvel-etat-kritika-kritike-kriticke-kritike-uvod-u-postnihilizam-patrik-weiss"},"modified":"2023-02-27T00:17:35","modified_gmt":"2023-02-26T23:17:35","slug":"le-nouvel-etat-kritika-kritike-kriticke-kritike-uvod-u-postnihilizam-patrik-weiss","status":"publish","type":"product","link":"https:\/\/webknjizara.hr\/en\/proizvod\/le-nouvel-etat-kritika-kritike-kriticke-kritike-uvod-u-postnihilizam-patrik-weiss\/","title":{"rendered":"LE NOUVEL \u00c9TAT &#8211; kritika kritike kriti\u010dke kritike: uvod u postnihilizam, Patrik Weiss"},"content":{"rendered":"<p style=\"text-align: justify;\"><strong>Sa\u017eetak:<\/strong> <\/p>\n<p><em>&#8220;Ova zbirka pjesama, zavrje\u0111uje jedan poseban tretman. Anarhisti\u010dko brutalna iskrenost o predrasudama i strahovima koji globalno zamagljuju svijet i \u010dine ga pekmezasto odsutnim u uo\u010davanju istina. Rijetko tko mo\u017ee razumjeti tako jetke i suvisle misli poput ovih ispjevanih u duhu \u010detiri apokalipti\u010dne \u0161etnje kroz ono \u0161to je ostalo od gradova: urbanog i humanoidnog. Rije\u010di moderno stilizirane poezije koja asocijativno povezuje gole istine s apsurdom zapo\u010dinje jetkim naslovima ciklusa koji skrivaju ironiju kratkih epitafa op\u0107e mizoginije i urbane nesno\u0161ljivosti. Toliko toga bismo \u017eeljeli re\u0107i, ali \u0161utimo pred o\u010ditim. Tjera nas se da prihva\u0107amo ne\u0161to \u0161to mrzimo iz dna du\u0161e ili jednostavno ne mo\u017eemo prihvatiti jer nas se ne ti\u010de, ali smije\u0161ak koji naj\u010de\u0161\u0107e krije perfidnost ubila\u010dkog o\u010dnjaka \u017eeli na lijep i sladunjav na\u010din zamagliti istinu. O\u010dnjaci su uvijek isti; bili oni u znaku smije\u0161ka ili prijetnje.&#8221;<\/em><\/p>\n<p style=\"text-align: justify;\">&#8211; Iz pogovora Zorana Hercigonje<\/p>\n<p style=\"text-align: justify;\"><strong>Bilje\u0161ka o autoru:<\/strong> <\/p>\n<p>Patrik Weiss ro\u0111en je u Rijeci 1996. godine. Student je 3. godine Filozofskog fakulteta u Rijeci. Posljednje tri godine aktivno se bavi pisanjem. Prvenstveno pi\u0161e poeziju, ali tako\u0111er pi\u0161e i prozu te drame. Objavio je dvije zbirke pjesama, a tako\u0111er objavljuje na internet portalima, \u010dasopisima i stranicama posve\u0107enim pisanoj rije\u010di.<\/p>\n<p><strong>Klju\u010dne rije\u010di:<\/strong> Nihilizam, postnihilizam, kritika, po\u010detak, kraj, zlo, dobro, negacija, nouvel, etat, prevrednovanje, napad, poezija, bog, nevinost, grijeh, kri\u017eni put, jaha\u010di, apokalipsa, putokaz, dr\u017eava<\/p>\n<p><strong>E-mail:\u00a0<\/strong> <a href=\"mailto:patrikweiss10@gmail.com\">Patrik Weiss<\/p>\n<p><\/a><strong>Naslov<\/strong>: LE NOUVEL \u00c9TAT &#8211; kritika kritike kriti\u010dke kritike: uvod u postnihilizam<br \/><strong>Autor:<\/strong> Patrik Weiss<br \/><strong>Broj stranica:<\/strong> 76<br \/><strong>Nakladnik:<\/strong> REDAK<br \/><strong>Godina izdanja:<\/strong> 2018.<br \/><strong>ISBN:<\/strong> 978-953-336-509-1<br \/><strong>Tisak:<\/strong> digitalni tisak knjiga &#8211; print na zahtjev\u00a0<\/p>\n<hr \/>\n<p style=\"font-weight: 400; text-align: justify;\"><strong>Kako naru\u010diti knjigu?\u00a0<\/strong>Proces online kupovine jednako funkcionira za sve kupce, s jedinom razlikom u tome \u0161to \u0161to kupci iz inozemstva za podru\u010dje dostave moraju odabrati &#8220;Europa&#8221; ili &#8220;Ostale zemlje svijeta&#8221;, a za vrstu pla\u0107anja WSPay (kreditna kartica) ili Virmanom (bankovni transfer).<\/p>\n<p style=\"font-weight: 400; text-align: justify;\">Molimo kliknite ovdje za\u00a0<a href=\"hr\/kako-kupovati\">detaljni vodi\u010d kroz proces narud\u017ebe<\/a>\u00a0ili nas\u00a0<a href=\"hr\/kontakt\">kontaktirajte<\/a>\u00a0za vi\u0161e informacija.<\/p>\n<p style=\"font-weight: 400; text-align: justify;\">\u00a0<\/p>\n","protected":false},"excerpt":{"rendered":"<p>Sa\u017eetak: &#8220;Ova zbirka pjesama, zavrje\u0111uje jedan poseban tretman. Anarhisti\u010dko brutalna iskrenost o predrasudama i strahovima koji globalno zamagljuju svijet i \u010dine ga pekmezasto odsutnim u uo\u010davanju istina. Rijetko tko mo\u017ee razumjeti tako jetke i suvisle misli poput ovih ispjevanih u duhu \u010detiri apokalipti\u010dne \u0161etnje kroz ono \u0161to je ostalo od gradova: urbanog i humanoidnog. Rije\u010di [&hellip;]<\/p>\n","protected":false},"featured_media":8845,"comment_status":"open","ping_status":"closed","template":"","meta":{"_acf_changed":false},"product_brand":[],"product_cat":[1383,1385,1388],"product_tag":[],"class_list":{"0":"post-8844","1":"product","2":"type-product","3":"status-publish","4":"has-post-thumbnail","6":"product_cat-knjige","7":"product_cat-knjizevnost","8":"product_cat-poezija","9":"pa_autor-patrik-weiss","10":"pa_nakladnik-redak","12":"first","13":"instock","14":"shipping-taxable","15":"purchasable","16":"product-type-simple"},"acf":[],"yoast_head":"<!-- This site is optimized with the Yoast SEO plugin v27.3 - https:\/\/yoast.com\/product\/yoast-seo-wordpress\/ -->\n<title>LE NOUVEL \u00c9TAT - kritika kritike kriti\u010dke kritike: uvod u postnihilizam, Patrik Weiss - Web-knji\u017eara<\/title>\n<meta name=\"robots\" content=\"index, follow, max-snippet:-1, max-image-preview:large, max-video-preview:-1\" \/>\n<link rel=\"canonical\" href=\"https:\/\/webknjizara.hr\/proizvod\/le-nouvel-etat-kritika-kritike-kriticke-kritike-uvod-u-postnihilizam-patrik-weiss\/\" \/>\n<meta property=\"og:locale\" content=\"en_US\" \/>\n<meta property=\"og:type\" content=\"article\" \/>\n<meta property=\"og:title\" content=\"LE NOUVEL \u00c9TAT - kritika kritike kriti\u010dke kritike: uvod u postnihilizam, Patrik Weiss - Web-knji\u017eara\" \/>\n<meta property=\"og:description\" content=\"Sa\u017eetak: &#8220;Ova zbirka pjesama, zavrje\u0111uje jedan poseban tretman. Anarhisti\u010dko brutalna iskrenost o predrasudama i strahovima koji globalno zamagljuju svijet i \u010dine ga pekmezasto odsutnim u uo\u010davanju istina. Rijetko tko mo\u017ee razumjeti tako jetke i suvisle misli poput ovih ispjevanih u duhu \u010detiri apokalipti\u010dne \u0161etnje kroz ono \u0161to je ostalo od gradova: urbanog i humanoidnog. Rije\u010di [&hellip;]\" \/>\n<meta property=\"og:url\" content=\"https:\/\/webknjizara.hr\/proizvod\/le-nouvel-etat-kritika-kritike-kriticke-kritike-uvod-u-postnihilizam-patrik-weiss\/\" \/>\n<meta property=\"og:site_name\" content=\"Web-knji\u017eara\" \/>\n<meta property=\"article:modified_time\" content=\"2023-02-26T23:17:35+00:00\" \/>\n<meta property=\"og:image\" content=\"https:\/\/webknjizara.hr\/wp-content\/uploads\/nc\/images\/virtuemart\/product\/TEMPLATE-ZA-WEB-NASLOVNICE-300x4198.jpg\" \/>\n\t<meta property=\"og:image:width\" content=\"300\" \/>\n\t<meta property=\"og:image:height\" content=\"419\" \/>\n\t<meta property=\"og:image:type\" content=\"image\/jpeg\" \/>\n<meta name=\"twitter:card\" content=\"summary_large_image\" \/>\n<meta name=\"twitter:label1\" content=\"Est. reading time\" \/>\n\t<meta name=\"twitter:data1\" content=\"2 minutes\" \/>\n<script type=\"application\/ld+json\" class=\"yoast-schema-graph\">{\"@context\":\"https:\\\/\\\/schema.org\",\"@graph\":[{\"@type\":\"WebPage\",\"@id\":\"https:\\\/\\\/webknjizara.hr\\\/proizvod\\\/le-nouvel-etat-kritika-kritike-kriticke-kritike-uvod-u-postnihilizam-patrik-weiss\\\/\",\"url\":\"https:\\\/\\\/webknjizara.hr\\\/proizvod\\\/le-nouvel-etat-kritika-kritike-kriticke-kritike-uvod-u-postnihilizam-patrik-weiss\\\/\",\"name\":\"LE NOUVEL \u00c9TAT - kritika kritike kriti\u010dke kritike: uvod u postnihilizam, Patrik Weiss - Web-knji\u017eara\",\"isPartOf\":{\"@id\":\"https:\\\/\\\/webknjizara.hr\\\/#website\"},\"primaryImageOfPage\":{\"@id\":\"https:\\\/\\\/webknjizara.hr\\\/proizvod\\\/le-nouvel-etat-kritika-kritike-kriticke-kritike-uvod-u-postnihilizam-patrik-weiss\\\/#primaryimage\"},\"image\":{\"@id\":\"https:\\\/\\\/webknjizara.hr\\\/proizvod\\\/le-nouvel-etat-kritika-kritike-kriticke-kritike-uvod-u-postnihilizam-patrik-weiss\\\/#primaryimage\"},\"thumbnailUrl\":\"https:\\\/\\\/webknjizara.hr\\\/wp-content\\\/uploads\\\/nc\\\/images\\\/virtuemart\\\/product\\\/TEMPLATE-ZA-WEB-NASLOVNICE-300x4198.jpg\",\"datePublished\":\"2018-10-05T21:49:39+00:00\",\"dateModified\":\"2023-02-26T23:17:35+00:00\",\"breadcrumb\":{\"@id\":\"https:\\\/\\\/webknjizara.hr\\\/proizvod\\\/le-nouvel-etat-kritika-kritike-kriticke-kritike-uvod-u-postnihilizam-patrik-weiss\\\/#breadcrumb\"},\"inLanguage\":\"en-US\",\"potentialAction\":[{\"@type\":\"ReadAction\",\"target\":[\"https:\\\/\\\/webknjizara.hr\\\/proizvod\\\/le-nouvel-etat-kritika-kritike-kriticke-kritike-uvod-u-postnihilizam-patrik-weiss\\\/\"]}]},{\"@type\":\"ImageObject\",\"inLanguage\":\"en-US\",\"@id\":\"https:\\\/\\\/webknjizara.hr\\\/proizvod\\\/le-nouvel-etat-kritika-kritike-kriticke-kritike-uvod-u-postnihilizam-patrik-weiss\\\/#primaryimage\",\"url\":\"https:\\\/\\\/webknjizara.hr\\\/wp-content\\\/uploads\\\/nc\\\/images\\\/virtuemart\\\/product\\\/TEMPLATE-ZA-WEB-NASLOVNICE-300x4198.jpg\",\"contentUrl\":\"https:\\\/\\\/webknjizara.hr\\\/wp-content\\\/uploads\\\/nc\\\/images\\\/virtuemart\\\/product\\\/TEMPLATE-ZA-WEB-NASLOVNICE-300x4198.jpg\",\"width\":300,\"height\":419,\"caption\":\"LE NOUVEL \u00c9TAT - kritika kritike kriti\u010dke kritike: uvod u postnihilizam, Patrik Weiss\"},{\"@type\":\"BreadcrumbList\",\"@id\":\"https:\\\/\\\/webknjizara.hr\\\/proizvod\\\/le-nouvel-etat-kritika-kritike-kriticke-kritike-uvod-u-postnihilizam-patrik-weiss\\\/#breadcrumb\",\"itemListElement\":[{\"@type\":\"ListItem\",\"position\":1,\"name\":\"Po\u010detna stranica\",\"item\":\"https:\\\/\\\/webknjizara.hr\\\/en\\\/\"},{\"@type\":\"ListItem\",\"position\":2,\"name\":\"Shop\",\"item\":\"https:\\\/\\\/webknjizara.hr\\\/shop\\\/\"},{\"@type\":\"ListItem\",\"position\":3,\"name\":\"LE NOUVEL \u00c9TAT &#8211; kritika kritike kriti\u010dke kritike: uvod u postnihilizam, Patrik Weiss\"}]},{\"@type\":\"WebSite\",\"@id\":\"https:\\\/\\\/webknjizara.hr\\\/#website\",\"url\":\"https:\\\/\\\/webknjizara.hr\\\/\",\"name\":\"Web Knji\u017eara\",\"description\":\"\",\"publisher\":{\"@id\":\"https:\\\/\\\/webknjizara.hr\\\/#organization\"},\"potentialAction\":[{\"@type\":\"SearchAction\",\"target\":{\"@type\":\"EntryPoint\",\"urlTemplate\":\"https:\\\/\\\/webknjizara.hr\\\/?s={search_term_string}\"},\"query-input\":{\"@type\":\"PropertyValueSpecification\",\"valueRequired\":true,\"valueName\":\"search_term_string\"}}],\"inLanguage\":\"en-US\"},{\"@type\":\"Organization\",\"@id\":\"https:\\\/\\\/webknjizara.hr\\\/#organization\",\"name\":\"REDAK D.O.O.\",\"url\":\"https:\\\/\\\/webknjizara.hr\\\/\",\"logo\":{\"@type\":\"ImageObject\",\"inLanguage\":\"en-US\",\"@id\":\"https:\\\/\\\/webknjizara.hr\\\/#\\\/schema\\\/logo\\\/image\\\/\",\"url\":\"https:\\\/\\\/webknjizara.hr\\\/wp-content\\\/uploads\\\/2023\\\/01\\\/web-knjizara-logo.webp\",\"contentUrl\":\"https:\\\/\\\/webknjizara.hr\\\/wp-content\\\/uploads\\\/2023\\\/01\\\/web-knjizara-logo.webp\",\"width\":324,\"height\":79,\"caption\":\"REDAK D.O.O.\"},\"image\":{\"@id\":\"https:\\\/\\\/webknjizara.hr\\\/#\\\/schema\\\/logo\\\/image\\\/\"}}]}<\/script>\n<!-- \/ Yoast SEO plugin. -->","yoast_head_json":{"title":"LE NOUVEL \u00c9TAT - kritika kritike kriti\u010dke kritike: uvod u postnihilizam, Patrik Weiss - Web-knji\u017eara","robots":{"index":"index","follow":"follow","max-snippet":"max-snippet:-1","max-image-preview":"max-image-preview:large","max-video-preview":"max-video-preview:-1"},"canonical":"https:\/\/webknjizara.hr\/proizvod\/le-nouvel-etat-kritika-kritike-kriticke-kritike-uvod-u-postnihilizam-patrik-weiss\/","og_locale":"en_US","og_type":"article","og_title":"LE NOUVEL \u00c9TAT - kritika kritike kriti\u010dke kritike: uvod u postnihilizam, Patrik Weiss - Web-knji\u017eara","og_description":"Sa\u017eetak: &#8220;Ova zbirka pjesama, zavrje\u0111uje jedan poseban tretman. Anarhisti\u010dko brutalna iskrenost o predrasudama i strahovima koji globalno zamagljuju svijet i \u010dine ga pekmezasto odsutnim u uo\u010davanju istina. Rijetko tko mo\u017ee razumjeti tako jetke i suvisle misli poput ovih ispjevanih u duhu \u010detiri apokalipti\u010dne \u0161etnje kroz ono \u0161to je ostalo od gradova: urbanog i humanoidnog. Rije\u010di [&hellip;]","og_url":"https:\/\/webknjizara.hr\/proizvod\/le-nouvel-etat-kritika-kritike-kriticke-kritike-uvod-u-postnihilizam-patrik-weiss\/","og_site_name":"Web-knji\u017eara","article_modified_time":"2023-02-26T23:17:35+00:00","og_image":[{"width":300,"height":419,"url":"https:\/\/webknjizara.hr\/wp-content\/uploads\/nc\/images\/virtuemart\/product\/TEMPLATE-ZA-WEB-NASLOVNICE-300x4198.jpg","type":"image\/jpeg"}],"twitter_card":"summary_large_image","twitter_misc":{"Est. reading time":"2 minutes"},"schema":{"@context":"https:\/\/schema.org","@graph":[{"@type":"WebPage","@id":"https:\/\/webknjizara.hr\/proizvod\/le-nouvel-etat-kritika-kritike-kriticke-kritike-uvod-u-postnihilizam-patrik-weiss\/","url":"https:\/\/webknjizara.hr\/proizvod\/le-nouvel-etat-kritika-kritike-kriticke-kritike-uvod-u-postnihilizam-patrik-weiss\/","name":"LE NOUVEL \u00c9TAT - kritika kritike kriti\u010dke kritike: uvod u postnihilizam, Patrik Weiss - Web-knji\u017eara","isPartOf":{"@id":"https:\/\/webknjizara.hr\/#website"},"primaryImageOfPage":{"@id":"https:\/\/webknjizara.hr\/proizvod\/le-nouvel-etat-kritika-kritike-kriticke-kritike-uvod-u-postnihilizam-patrik-weiss\/#primaryimage"},"image":{"@id":"https:\/\/webknjizara.hr\/proizvod\/le-nouvel-etat-kritika-kritike-kriticke-kritike-uvod-u-postnihilizam-patrik-weiss\/#primaryimage"},"thumbnailUrl":"https:\/\/webknjizara.hr\/wp-content\/uploads\/nc\/images\/virtuemart\/product\/TEMPLATE-ZA-WEB-NASLOVNICE-300x4198.jpg","datePublished":"2018-10-05T21:49:39+00:00","dateModified":"2023-02-26T23:17:35+00:00","breadcrumb":{"@id":"https:\/\/webknjizara.hr\/proizvod\/le-nouvel-etat-kritika-kritike-kriticke-kritike-uvod-u-postnihilizam-patrik-weiss\/#breadcrumb"},"inLanguage":"en-US","potentialAction":[{"@type":"ReadAction","target":["https:\/\/webknjizara.hr\/proizvod\/le-nouvel-etat-kritika-kritike-kriticke-kritike-uvod-u-postnihilizam-patrik-weiss\/"]}]},{"@type":"ImageObject","inLanguage":"en-US","@id":"https:\/\/webknjizara.hr\/proizvod\/le-nouvel-etat-kritika-kritike-kriticke-kritike-uvod-u-postnihilizam-patrik-weiss\/#primaryimage","url":"https:\/\/webknjizara.hr\/wp-content\/uploads\/nc\/images\/virtuemart\/product\/TEMPLATE-ZA-WEB-NASLOVNICE-300x4198.jpg","contentUrl":"https:\/\/webknjizara.hr\/wp-content\/uploads\/nc\/images\/virtuemart\/product\/TEMPLATE-ZA-WEB-NASLOVNICE-300x4198.jpg","width":300,"height":419,"caption":"LE NOUVEL \u00c9TAT - kritika kritike kriti\u010dke kritike: uvod u postnihilizam, Patrik Weiss"},{"@type":"BreadcrumbList","@id":"https:\/\/webknjizara.hr\/proizvod\/le-nouvel-etat-kritika-kritike-kriticke-kritike-uvod-u-postnihilizam-patrik-weiss\/#breadcrumb","itemListElement":[{"@type":"ListItem","position":1,"name":"Po\u010detna stranica","item":"https:\/\/webknjizara.hr\/en\/"},{"@type":"ListItem","position":2,"name":"Shop","item":"https:\/\/webknjizara.hr\/shop\/"},{"@type":"ListItem","position":3,"name":"LE NOUVEL \u00c9TAT &#8211; kritika kritike kriti\u010dke kritike: uvod u postnihilizam, Patrik Weiss"}]},{"@type":"WebSite","@id":"https:\/\/webknjizara.hr\/#website","url":"https:\/\/webknjizara.hr\/","name":"Web Knji\u017eara","description":"","publisher":{"@id":"https:\/\/webknjizara.hr\/#organization"},"potentialAction":[{"@type":"SearchAction","target":{"@type":"EntryPoint","urlTemplate":"https:\/\/webknjizara.hr\/?s={search_term_string}"},"query-input":{"@type":"PropertyValueSpecification","valueRequired":true,"valueName":"search_term_string"}}],"inLanguage":"en-US"},{"@type":"Organization","@id":"https:\/\/webknjizara.hr\/#organization","name":"REDAK D.O.O.","url":"https:\/\/webknjizara.hr\/","logo":{"@type":"ImageObject","inLanguage":"en-US","@id":"https:\/\/webknjizara.hr\/#\/schema\/logo\/image\/","url":"https:\/\/webknjizara.hr\/wp-content\/uploads\/2023\/01\/web-knjizara-logo.webp","contentUrl":"https:\/\/webknjizara.hr\/wp-content\/uploads\/2023\/01\/web-knjizara-logo.webp","width":324,"height":79,"caption":"REDAK D.O.O."},"image":{"@id":"https:\/\/webknjizara.hr\/#\/schema\/logo\/image\/"}}]}},"_links":{"self":[{"href":"https:\/\/webknjizara.hr\/en\/wp-json\/wp\/v2\/product\/8844","targetHints":{"allow":["GET"]}}],"collection":[{"href":"https:\/\/webknjizara.hr\/en\/wp-json\/wp\/v2\/product"}],"about":[{"href":"https:\/\/webknjizara.hr\/en\/wp-json\/wp\/v2\/types\/product"}],"replies":[{"embeddable":true,"href":"https:\/\/webknjizara.hr\/en\/wp-json\/wp\/v2\/comments?post=8844"}],"wp:featuredmedia":[{"embeddable":true,"href":"https:\/\/webknjizara.hr\/en\/wp-json\/wp\/v2\/media\/8845"}],"wp:attachment":[{"href":"https:\/\/webknjizara.hr\/en\/wp-json\/wp\/v2\/media?parent=8844"}],"wp:term":[{"taxonomy":"product_brand","embeddable":true,"href":"https:\/\/webknjizara.hr\/en\/wp-json\/wp\/v2\/product_brand?post=8844"},{"taxonomy":"product_cat","embeddable":true,"href":"https:\/\/webknjizara.hr\/en\/wp-json\/wp\/v2\/product_cat?post=8844"},{"taxonomy":"product_tag","embeddable":true,"href":"https:\/\/webknjizara.hr\/en\/wp-json\/wp\/v2\/product_tag?post=8844"}],"curies":[{"name":"wp","href":"https:\/\/api.w.org\/{rel}","templated":true}]}}