{"id":8840,"date":"2018-09-29T23:03:41","date_gmt":"2018-09-29T23:03:41","guid":{"rendered":"https:\/\/webknjizara.hr\/?product=sunce-je-tvoja-sjena-zlatko-lukic"},"modified":"2023-02-27T00:17:35","modified_gmt":"2023-02-26T23:17:35","slug":"sunce-je-tvoja-sjena-zlatko-lukic","status":"publish","type":"product","link":"https:\/\/webknjizara.hr\/en\/proizvod\/sunce-je-tvoja-sjena-zlatko-lukic\/","title":{"rendered":"SUNCE JE TVOJA SJENA, Zlatko Luki\u0107"},"content":{"rendered":"<p style=\"text-align: justify;\"><strong>Sa\u017eetak:<\/strong> <\/p>\n<p>Zaustavljen na grani\u010dnom prijelazu izme\u0111u Dalmacije i Hercegovine bez dokumenata, mladi\u0107 ostaje nekoliko mjeseci radi u malom motelu na \u201eni\u010dijoj\u201c zemlji i postaje svjedokom raznih doga\u0111anja.<\/p>\n<p style=\"text-align: justify;\"><strong>Bilje\u0161ka o autoru:<\/strong> <\/p>\n<p>Ro\u0111en u Zagrebu, studirao pravo, radio kao novinar, nagra\u0111ivan za pisanje.<\/p>\n<p style=\"text-align: justify;\"><strong>Klju\u010dne rije\u010di:<\/strong> Granica, karma, sudbina, mali od ku\u017eine, fancy schmancy, pakao, Pascalova oklada, legenda, sumrak, no\u0107ni razgovori, sedam spava\u010da, Laodika, revolucija, smrtni grijeh, oksimoron, Eutifronova dilema, Gigov prsten, ekskurzija, vra\u017eja posla, sindrom visokih makova, tamni vilajet, zen, rahtluk, Frankenstein shema, \u0161arazan, budoar<\/p>\n<p><strong>Link:<\/strong> <a href=\"https:\/\/zlatkolukic.com\/\" target=\"_blank\" rel=\"noopener noreferrer\">https:\/\/zlatkolukic.com\/<\/a><br \/><strong>E-mail:\u00a0<\/strong> <a href=\"mailto:aurelius777@gmail.com\">Zlatko Luki\u0107<br \/><\/a><br \/><strong>Naslov:<\/strong> Sunce je tvoja sjena<br \/><strong>Autor:<\/strong> Zlatko Luki\u0107<br \/><strong>Broj stranica:<\/strong> 334<br \/><strong>Nakladnik:<\/strong> REDAK<br \/><strong>Godina izdanja:<\/strong> 2018.<br \/><strong>ISBN:<\/strong> 978-953-336-525-1<br \/><strong>Tisak:<\/strong> digitalni tisak knjiga &#8211; print na zahtjev\u00a0<\/p>\n<hr \/>\n<p style=\"text-align: justify;\"><strong>Kako naru\u010diti knjigu?\u00a0<\/strong>Proces online kupovine jednako funkcionira za sve kupce, s jedinom razlikom u tome \u0161to \u0161to kupci iz inozemstva za podru\u010dje dostave moraju odabrati &#8220;Europa&#8221; ili &#8220;Ostale zemlje svijeta&#8221;, a za vrstu pla\u0107anja WSPay (kreditna kartica) ili Virmanom (bankovni transfer).<\/p>\n<p style=\"text-align: justify;\">Molimo kliknite ovdje za\u00a0<a href=\"hr\/kako-kupovati\">detaljni vodi\u010d kroz proces narud\u017ebe<\/a>\u00a0ili nas\u00a0<a href=\"hr\/kontakt\">kontaktirajte<\/a>\u00a0za vi\u0161e informacija.<\/p>\n<p style=\"text-align: justify;\">\u00a0<\/p>\n","protected":false},"excerpt":{"rendered":"<p>Sa\u017eetak: Zaustavljen na grani\u010dnom prijelazu izme\u0111u Dalmacije i Hercegovine bez dokumenata, mladi\u0107 ostaje nekoliko mjeseci radi u malom motelu na \u201eni\u010dijoj\u201c zemlji i postaje svjedokom raznih doga\u0111anja. Bilje\u0161ka o autoru: Ro\u0111en u Zagrebu, studirao pravo, radio kao novinar, nagra\u0111ivan za pisanje. Klju\u010dne rije\u010di: Granica, karma, sudbina, mali od ku\u017eine, fancy schmancy, pakao, Pascalova oklada, legenda, [&hellip;]<\/p>\n","protected":false},"featured_media":8841,"comment_status":"open","ping_status":"closed","template":"","meta":{"_acf_changed":false},"product_brand":[],"product_cat":[1515,1383,1385],"product_tag":[],"class_list":{"0":"post-8840","1":"product","2":"type-product","3":"status-publish","4":"has-post-thumbnail","6":"product_cat-romani","7":"product_cat-knjige","8":"product_cat-knjizevnost","9":"pa_autor-zlatko-lukic","10":"pa_nakladnik-redak","12":"first","13":"instock","14":"shipping-taxable","15":"purchasable","16":"product-type-simple"},"acf":[],"yoast_head":"<!-- This site is optimized with the Yoast SEO plugin v27.3 - https:\/\/yoast.com\/product\/yoast-seo-wordpress\/ -->\n<title>SUNCE JE TVOJA SJENA, Zlatko Luki\u0107 - Web-knji\u017eara<\/title>\n<meta name=\"robots\" content=\"index, follow, max-snippet:-1, max-image-preview:large, max-video-preview:-1\" \/>\n<link rel=\"canonical\" href=\"https:\/\/webknjizara.hr\/proizvod\/sunce-je-tvoja-sjena-zlatko-lukic\/\" \/>\n<meta property=\"og:locale\" content=\"en_US\" \/>\n<meta property=\"og:type\" content=\"article\" \/>\n<meta property=\"og:title\" content=\"SUNCE JE TVOJA SJENA, Zlatko Luki\u0107 - Web-knji\u017eara\" \/>\n<meta property=\"og:description\" content=\"Sa\u017eetak: Zaustavljen na grani\u010dnom prijelazu izme\u0111u Dalmacije i Hercegovine bez dokumenata, mladi\u0107 ostaje nekoliko mjeseci radi u malom motelu na \u201eni\u010dijoj\u201c zemlji i postaje svjedokom raznih doga\u0111anja. Bilje\u0161ka o autoru: Ro\u0111en u Zagrebu, studirao pravo, radio kao novinar, nagra\u0111ivan za pisanje. Klju\u010dne rije\u010di: Granica, karma, sudbina, mali od ku\u017eine, fancy schmancy, pakao, Pascalova oklada, legenda, [&hellip;]\" \/>\n<meta property=\"og:url\" content=\"https:\/\/webknjizara.hr\/proizvod\/sunce-je-tvoja-sjena-zlatko-lukic\/\" \/>\n<meta property=\"og:site_name\" content=\"Web-knji\u017eara\" \/>\n<meta property=\"article:modified_time\" content=\"2023-02-26T23:17:35+00:00\" \/>\n<meta property=\"og:image\" content=\"https:\/\/webknjizara.hr\/wp-content\/uploads\/nc\/images\/virtuemart\/product\/LUKIC-ZA-WEB-NASLOVNICA-300x419.jpg\" \/>\n\t<meta property=\"og:image:width\" content=\"300\" \/>\n\t<meta property=\"og:image:height\" content=\"419\" \/>\n\t<meta property=\"og:image:type\" content=\"image\/jpeg\" \/>\n<meta name=\"twitter:card\" content=\"summary_large_image\" \/>\n<meta name=\"twitter:label1\" content=\"Est. reading time\" \/>\n\t<meta name=\"twitter:data1\" content=\"1 minute\" \/>\n<script type=\"application\/ld+json\" class=\"yoast-schema-graph\">{\"@context\":\"https:\\\/\\\/schema.org\",\"@graph\":[{\"@type\":\"WebPage\",\"@id\":\"https:\\\/\\\/webknjizara.hr\\\/proizvod\\\/sunce-je-tvoja-sjena-zlatko-lukic\\\/\",\"url\":\"https:\\\/\\\/webknjizara.hr\\\/proizvod\\\/sunce-je-tvoja-sjena-zlatko-lukic\\\/\",\"name\":\"SUNCE JE TVOJA SJENA, Zlatko Luki\u0107 - Web-knji\u017eara\",\"isPartOf\":{\"@id\":\"https:\\\/\\\/webknjizara.hr\\\/#website\"},\"primaryImageOfPage\":{\"@id\":\"https:\\\/\\\/webknjizara.hr\\\/proizvod\\\/sunce-je-tvoja-sjena-zlatko-lukic\\\/#primaryimage\"},\"image\":{\"@id\":\"https:\\\/\\\/webknjizara.hr\\\/proizvod\\\/sunce-je-tvoja-sjena-zlatko-lukic\\\/#primaryimage\"},\"thumbnailUrl\":\"https:\\\/\\\/webknjizara.hr\\\/wp-content\\\/uploads\\\/nc\\\/images\\\/virtuemart\\\/product\\\/LUKIC-ZA-WEB-NASLOVNICA-300x419.jpg\",\"datePublished\":\"2018-09-29T23:03:41+00:00\",\"dateModified\":\"2023-02-26T23:17:35+00:00\",\"breadcrumb\":{\"@id\":\"https:\\\/\\\/webknjizara.hr\\\/proizvod\\\/sunce-je-tvoja-sjena-zlatko-lukic\\\/#breadcrumb\"},\"inLanguage\":\"en-US\",\"potentialAction\":[{\"@type\":\"ReadAction\",\"target\":[\"https:\\\/\\\/webknjizara.hr\\\/proizvod\\\/sunce-je-tvoja-sjena-zlatko-lukic\\\/\"]}]},{\"@type\":\"ImageObject\",\"inLanguage\":\"en-US\",\"@id\":\"https:\\\/\\\/webknjizara.hr\\\/proizvod\\\/sunce-je-tvoja-sjena-zlatko-lukic\\\/#primaryimage\",\"url\":\"https:\\\/\\\/webknjizara.hr\\\/wp-content\\\/uploads\\\/nc\\\/images\\\/virtuemart\\\/product\\\/LUKIC-ZA-WEB-NASLOVNICA-300x419.jpg\",\"contentUrl\":\"https:\\\/\\\/webknjizara.hr\\\/wp-content\\\/uploads\\\/nc\\\/images\\\/virtuemart\\\/product\\\/LUKIC-ZA-WEB-NASLOVNICA-300x419.jpg\",\"width\":300,\"height\":419,\"caption\":\"SUNCE JE TVOJA SJENA, Zlatko Luki\u0107\"},{\"@type\":\"BreadcrumbList\",\"@id\":\"https:\\\/\\\/webknjizara.hr\\\/proizvod\\\/sunce-je-tvoja-sjena-zlatko-lukic\\\/#breadcrumb\",\"itemListElement\":[{\"@type\":\"ListItem\",\"position\":1,\"name\":\"Po\u010detna stranica\",\"item\":\"https:\\\/\\\/webknjizara.hr\\\/en\\\/\"},{\"@type\":\"ListItem\",\"position\":2,\"name\":\"Shop\",\"item\":\"https:\\\/\\\/webknjizara.hr\\\/shop\\\/\"},{\"@type\":\"ListItem\",\"position\":3,\"name\":\"SUNCE JE TVOJA SJENA, Zlatko Luki\u0107\"}]},{\"@type\":\"WebSite\",\"@id\":\"https:\\\/\\\/webknjizara.hr\\\/#website\",\"url\":\"https:\\\/\\\/webknjizara.hr\\\/\",\"name\":\"Web Knji\u017eara\",\"description\":\"\",\"publisher\":{\"@id\":\"https:\\\/\\\/webknjizara.hr\\\/#organization\"},\"potentialAction\":[{\"@type\":\"SearchAction\",\"target\":{\"@type\":\"EntryPoint\",\"urlTemplate\":\"https:\\\/\\\/webknjizara.hr\\\/?s={search_term_string}\"},\"query-input\":{\"@type\":\"PropertyValueSpecification\",\"valueRequired\":true,\"valueName\":\"search_term_string\"}}],\"inLanguage\":\"en-US\"},{\"@type\":\"Organization\",\"@id\":\"https:\\\/\\\/webknjizara.hr\\\/#organization\",\"name\":\"REDAK D.O.O.\",\"url\":\"https:\\\/\\\/webknjizara.hr\\\/\",\"logo\":{\"@type\":\"ImageObject\",\"inLanguage\":\"en-US\",\"@id\":\"https:\\\/\\\/webknjizara.hr\\\/#\\\/schema\\\/logo\\\/image\\\/\",\"url\":\"https:\\\/\\\/webknjizara.hr\\\/wp-content\\\/uploads\\\/2023\\\/01\\\/web-knjizara-logo.webp\",\"contentUrl\":\"https:\\\/\\\/webknjizara.hr\\\/wp-content\\\/uploads\\\/2023\\\/01\\\/web-knjizara-logo.webp\",\"width\":324,\"height\":79,\"caption\":\"REDAK D.O.O.\"},\"image\":{\"@id\":\"https:\\\/\\\/webknjizara.hr\\\/#\\\/schema\\\/logo\\\/image\\\/\"}}]}<\/script>\n<!-- \/ Yoast SEO plugin. -->","yoast_head_json":{"title":"SUNCE JE TVOJA SJENA, Zlatko Luki\u0107 - Web-knji\u017eara","robots":{"index":"index","follow":"follow","max-snippet":"max-snippet:-1","max-image-preview":"max-image-preview:large","max-video-preview":"max-video-preview:-1"},"canonical":"https:\/\/webknjizara.hr\/proizvod\/sunce-je-tvoja-sjena-zlatko-lukic\/","og_locale":"en_US","og_type":"article","og_title":"SUNCE JE TVOJA SJENA, Zlatko Luki\u0107 - Web-knji\u017eara","og_description":"Sa\u017eetak: Zaustavljen na grani\u010dnom prijelazu izme\u0111u Dalmacije i Hercegovine bez dokumenata, mladi\u0107 ostaje nekoliko mjeseci radi u malom motelu na \u201eni\u010dijoj\u201c zemlji i postaje svjedokom raznih doga\u0111anja. Bilje\u0161ka o autoru: Ro\u0111en u Zagrebu, studirao pravo, radio kao novinar, nagra\u0111ivan za pisanje. Klju\u010dne rije\u010di: Granica, karma, sudbina, mali od ku\u017eine, fancy schmancy, pakao, Pascalova oklada, legenda, [&hellip;]","og_url":"https:\/\/webknjizara.hr\/proizvod\/sunce-je-tvoja-sjena-zlatko-lukic\/","og_site_name":"Web-knji\u017eara","article_modified_time":"2023-02-26T23:17:35+00:00","og_image":[{"width":300,"height":419,"url":"https:\/\/webknjizara.hr\/wp-content\/uploads\/nc\/images\/virtuemart\/product\/LUKIC-ZA-WEB-NASLOVNICA-300x419.jpg","type":"image\/jpeg"}],"twitter_card":"summary_large_image","twitter_misc":{"Est. reading time":"1 minute"},"schema":{"@context":"https:\/\/schema.org","@graph":[{"@type":"WebPage","@id":"https:\/\/webknjizara.hr\/proizvod\/sunce-je-tvoja-sjena-zlatko-lukic\/","url":"https:\/\/webknjizara.hr\/proizvod\/sunce-je-tvoja-sjena-zlatko-lukic\/","name":"SUNCE JE TVOJA SJENA, Zlatko Luki\u0107 - Web-knji\u017eara","isPartOf":{"@id":"https:\/\/webknjizara.hr\/#website"},"primaryImageOfPage":{"@id":"https:\/\/webknjizara.hr\/proizvod\/sunce-je-tvoja-sjena-zlatko-lukic\/#primaryimage"},"image":{"@id":"https:\/\/webknjizara.hr\/proizvod\/sunce-je-tvoja-sjena-zlatko-lukic\/#primaryimage"},"thumbnailUrl":"https:\/\/webknjizara.hr\/wp-content\/uploads\/nc\/images\/virtuemart\/product\/LUKIC-ZA-WEB-NASLOVNICA-300x419.jpg","datePublished":"2018-09-29T23:03:41+00:00","dateModified":"2023-02-26T23:17:35+00:00","breadcrumb":{"@id":"https:\/\/webknjizara.hr\/proizvod\/sunce-je-tvoja-sjena-zlatko-lukic\/#breadcrumb"},"inLanguage":"en-US","potentialAction":[{"@type":"ReadAction","target":["https:\/\/webknjizara.hr\/proizvod\/sunce-je-tvoja-sjena-zlatko-lukic\/"]}]},{"@type":"ImageObject","inLanguage":"en-US","@id":"https:\/\/webknjizara.hr\/proizvod\/sunce-je-tvoja-sjena-zlatko-lukic\/#primaryimage","url":"https:\/\/webknjizara.hr\/wp-content\/uploads\/nc\/images\/virtuemart\/product\/LUKIC-ZA-WEB-NASLOVNICA-300x419.jpg","contentUrl":"https:\/\/webknjizara.hr\/wp-content\/uploads\/nc\/images\/virtuemart\/product\/LUKIC-ZA-WEB-NASLOVNICA-300x419.jpg","width":300,"height":419,"caption":"SUNCE JE TVOJA SJENA, Zlatko Luki\u0107"},{"@type":"BreadcrumbList","@id":"https:\/\/webknjizara.hr\/proizvod\/sunce-je-tvoja-sjena-zlatko-lukic\/#breadcrumb","itemListElement":[{"@type":"ListItem","position":1,"name":"Po\u010detna stranica","item":"https:\/\/webknjizara.hr\/en\/"},{"@type":"ListItem","position":2,"name":"Shop","item":"https:\/\/webknjizara.hr\/shop\/"},{"@type":"ListItem","position":3,"name":"SUNCE JE TVOJA SJENA, Zlatko Luki\u0107"}]},{"@type":"WebSite","@id":"https:\/\/webknjizara.hr\/#website","url":"https:\/\/webknjizara.hr\/","name":"Web Knji\u017eara","description":"","publisher":{"@id":"https:\/\/webknjizara.hr\/#organization"},"potentialAction":[{"@type":"SearchAction","target":{"@type":"EntryPoint","urlTemplate":"https:\/\/webknjizara.hr\/?s={search_term_string}"},"query-input":{"@type":"PropertyValueSpecification","valueRequired":true,"valueName":"search_term_string"}}],"inLanguage":"en-US"},{"@type":"Organization","@id":"https:\/\/webknjizara.hr\/#organization","name":"REDAK D.O.O.","url":"https:\/\/webknjizara.hr\/","logo":{"@type":"ImageObject","inLanguage":"en-US","@id":"https:\/\/webknjizara.hr\/#\/schema\/logo\/image\/","url":"https:\/\/webknjizara.hr\/wp-content\/uploads\/2023\/01\/web-knjizara-logo.webp","contentUrl":"https:\/\/webknjizara.hr\/wp-content\/uploads\/2023\/01\/web-knjizara-logo.webp","width":324,"height":79,"caption":"REDAK D.O.O."},"image":{"@id":"https:\/\/webknjizara.hr\/#\/schema\/logo\/image\/"}}]}},"_links":{"self":[{"href":"https:\/\/webknjizara.hr\/en\/wp-json\/wp\/v2\/product\/8840","targetHints":{"allow":["GET"]}}],"collection":[{"href":"https:\/\/webknjizara.hr\/en\/wp-json\/wp\/v2\/product"}],"about":[{"href":"https:\/\/webknjizara.hr\/en\/wp-json\/wp\/v2\/types\/product"}],"replies":[{"embeddable":true,"href":"https:\/\/webknjizara.hr\/en\/wp-json\/wp\/v2\/comments?post=8840"}],"wp:featuredmedia":[{"embeddable":true,"href":"https:\/\/webknjizara.hr\/en\/wp-json\/wp\/v2\/media\/8841"}],"wp:attachment":[{"href":"https:\/\/webknjizara.hr\/en\/wp-json\/wp\/v2\/media?parent=8840"}],"wp:term":[{"taxonomy":"product_brand","embeddable":true,"href":"https:\/\/webknjizara.hr\/en\/wp-json\/wp\/v2\/product_brand?post=8840"},{"taxonomy":"product_cat","embeddable":true,"href":"https:\/\/webknjizara.hr\/en\/wp-json\/wp\/v2\/product_cat?post=8840"},{"taxonomy":"product_tag","embeddable":true,"href":"https:\/\/webknjizara.hr\/en\/wp-json\/wp\/v2\/product_tag?post=8840"}],"curies":[{"name":"wp","href":"https:\/\/api.w.org\/{rel}","templated":true}]}}