{"id":8832,"date":"2018-09-13T05:40:35","date_gmt":"2018-09-13T05:40:35","guid":{"rendered":"https:\/\/webknjizara.hr\/?product=potraga-za-izgubljenim-rajem-%e2%80%93-razotkrivanje-iluzija-%e2%80%93-knjiga-i-ivan-zganec"},"modified":"2023-02-27T00:17:34","modified_gmt":"2023-02-26T23:17:34","slug":"potraga-za-izgubljenim-rajem-razotkrivanje-iluzija-knjiga-i-ivan-zganec","status":"publish","type":"product","link":"https:\/\/webknjizara.hr\/en\/proizvod\/potraga-za-izgubljenim-rajem-razotkrivanje-iluzija-knjiga-i-ivan-zganec\/","title":{"rendered":"POTRAGA ZA IZGUBLJENIM RAJEM \u2013 RAZOTKRIVANJE ILUZIJA \u2013 KNJIGA I, Ivan \u017dganec"},"content":{"rendered":"<p style=\"text-align: justify;\"><strong>Sa\u017eetak:<\/strong> <\/p>\n<p>Od samog po\u010detka svijeta, iluzije nas okru\u017euju i slu\u017ee kao opomena izgubljenom \u010dovjeku koji luta labirintom oceana tra\u017ee\u0107i sudbonosno spas: davno izgubljeni raj.<\/p>\n<p style=\"text-align: justify;\">Arhajsko prasje\u0107anje mitskom junaku ne da mira i tjera ga na vje\u010dnu potragu za legendom koja je ostala samo san, bajka ili mit. Da li vje\u010dna potraga ima smisla ili je ona samo jo\u0161 jedna iluzija?<\/p>\n<p style=\"text-align: justify;\">Iluzija je u\u010diteljica, ona je dar i blagoslov jer nas u\u010di \u0161to nismo i gdje smo pogrije\u0161ili, da bismo spoznali \u0161to jesmo. Od nje u\u010dimo samo ako vidimo njezine lekcije.<\/p>\n<p style=\"text-align: justify;\">Ovo djelo je promi\u0161ljanje o svakodnevnim iluzijama. Bavimo se temama kao \u0161to je tuma\u010denje snova i alergijama. Do najsitnijih detalja raspravljamo o dru\u0161tvenim i kolektivnim zabludama, propitkujemo i promi\u0161ljamo. \u010covjek je krenuo na ovaj put, da bi prona\u0161ao i spoznao tko je doista i da bi se vratio ku\u0107i, raju koji je ili mit ili stvarnost, a na to pitanje sam mora prona\u0107i odgovor.<\/p>\n<p style=\"text-align: justify;\"><strong>Bilje\u0161ka o autoru:<\/strong> <\/p>\n<p>Ivan \u017dganec ro\u0111en je u Koprivnici 17.03.1984. Autor je nekoliko knjiga o \u017eivotu i filozofiji.<\/p>\n<p style=\"text-align: justify;\"><strong>Klju\u010dne rije\u010di:<\/strong> Iluzije, sloboda, filozofija, tuma\u010denje snova, alergija, autoriteti, raj.<\/p>\n<p><strong>Naslov:<\/strong> Potraga za izgubljenim rajem \u2013 razotkrivanje iluzija \u2013 knjiga I<br \/><strong>Autor:<\/strong> Ivan \u017dganec<br \/><strong>Broj stranica:<\/strong> 248<br \/><strong>Nakladnik:<\/strong> REDAK<br \/><strong>Godina izdanja:<\/strong> 2018.<br \/><strong>ISBN:<\/strong> 978-953-336-510-7, 978-953-336-518-3 (cjelina)<br \/><strong>Tisak:<\/strong> digitalni tisak knjiga &#8211; print na zahtjev\u00a0<\/p>\n<hr \/>\n<p style=\"font-weight: 400; text-align: justify;\"><strong>Kako naru\u010diti knjigu?\u00a0<\/strong>Proces online kupovine jednako funkcionira za sve kupce, s jedinom razlikom u tome \u0161to \u0161to kupci iz inozemstva za podru\u010dje dostave moraju odabrati &#8220;Europa&#8221; ili &#8220;Ostale zemlje svijeta&#8221;, a za vrstu pla\u0107anja WSPay (kreditna kartica) ili Virmanom (bankovni transfer).<\/p>\n<p style=\"font-weight: 400; text-align: justify;\">Molimo kliknite ovdje za\u00a0<a href=\"hr\/kako-kupovati\">detaljni vodi\u010d kroz proces narud\u017ebe<\/a>\u00a0ili nas\u00a0<a href=\"hr\/kontakt\">kontaktirajte<\/a>\u00a0za vi\u0161e informacija.<\/p>\n<p style=\"font-weight: 400; text-align: justify;\">\u00a0<\/p>\n","protected":false},"excerpt":{"rendered":"<p>Sa\u017eetak: Od samog po\u010detka svijeta, iluzije nas okru\u017euju i slu\u017ee kao opomena izgubljenom \u010dovjeku koji luta labirintom oceana tra\u017ee\u0107i sudbonosno spas: davno izgubljeni raj. Arhajsko prasje\u0107anje mitskom junaku ne da mira i tjera ga na vje\u010dnu potragu za legendom koja je ostala samo san, bajka ili mit. Da li vje\u010dna potraga ima smisla ili je [&hellip;]<\/p>\n","protected":false},"featured_media":8833,"comment_status":"open","ping_status":"closed","template":"","meta":{"_acf_changed":false},"product_brand":[],"product_cat":[1517],"product_tag":[],"class_list":{"0":"post-8832","1":"product","2":"type-product","3":"status-publish","4":"has-post-thumbnail","6":"product_cat-strucna-literatura","7":"pa_autor-ivan-zganec","8":"pa_nakladnik-redak","10":"first","11":"instock","12":"shipping-taxable","13":"purchasable","14":"product-type-simple"},"acf":[],"yoast_head":"<!-- This site is optimized with the Yoast SEO plugin v27.3 - https:\/\/yoast.com\/product\/yoast-seo-wordpress\/ -->\n<title>POTRAGA ZA IZGUBLJENIM RAJEM \u2013 RAZOTKRIVANJE ILUZIJA \u2013 KNJIGA I, Ivan \u017dganec - Web-knji\u017eara<\/title>\n<meta name=\"robots\" content=\"index, follow, max-snippet:-1, max-image-preview:large, max-video-preview:-1\" \/>\n<link rel=\"canonical\" href=\"https:\/\/webknjizara.hr\/proizvod\/potraga-za-izgubljenim-rajem-razotkrivanje-iluzija-knjiga-i-ivan-zganec\/\" \/>\n<meta property=\"og:locale\" content=\"en_US\" \/>\n<meta property=\"og:type\" content=\"article\" \/>\n<meta property=\"og:title\" content=\"POTRAGA ZA IZGUBLJENIM RAJEM \u2013 RAZOTKRIVANJE ILUZIJA \u2013 KNJIGA I, Ivan \u017dganec - Web-knji\u017eara\" \/>\n<meta property=\"og:description\" content=\"Sa\u017eetak: Od samog po\u010detka svijeta, iluzije nas okru\u017euju i slu\u017ee kao opomena izgubljenom \u010dovjeku koji luta labirintom oceana tra\u017ee\u0107i sudbonosno spas: davno izgubljeni raj. Arhajsko prasje\u0107anje mitskom junaku ne da mira i tjera ga na vje\u010dnu potragu za legendom koja je ostala samo san, bajka ili mit. Da li vje\u010dna potraga ima smisla ili je [&hellip;]\" \/>\n<meta property=\"og:url\" content=\"https:\/\/webknjizara.hr\/proizvod\/potraga-za-izgubljenim-rajem-razotkrivanje-iluzija-knjiga-i-ivan-zganec\/\" \/>\n<meta property=\"og:site_name\" content=\"Web-knji\u017eara\" \/>\n<meta property=\"article:modified_time\" content=\"2023-02-26T23:17:34+00:00\" \/>\n<meta property=\"og:image\" content=\"https:\/\/webknjizara.hr\/wp-content\/uploads\/nc\/images\/virtuemart\/product\/NASLOVNICA-ZA-WEB-Zganec-300x419.jpg\" \/>\n\t<meta property=\"og:image:width\" content=\"300\" \/>\n\t<meta property=\"og:image:height\" content=\"419\" \/>\n\t<meta property=\"og:image:type\" content=\"image\/jpeg\" \/>\n<meta name=\"twitter:card\" content=\"summary_large_image\" \/>\n<meta name=\"twitter:label1\" content=\"Est. reading time\" \/>\n\t<meta name=\"twitter:data1\" content=\"2 minutes\" \/>\n<script type=\"application\/ld+json\" class=\"yoast-schema-graph\">{\"@context\":\"https:\\\/\\\/schema.org\",\"@graph\":[{\"@type\":\"WebPage\",\"@id\":\"https:\\\/\\\/webknjizara.hr\\\/proizvod\\\/potraga-za-izgubljenim-rajem-razotkrivanje-iluzija-knjiga-i-ivan-zganec\\\/\",\"url\":\"https:\\\/\\\/webknjizara.hr\\\/proizvod\\\/potraga-za-izgubljenim-rajem-razotkrivanje-iluzija-knjiga-i-ivan-zganec\\\/\",\"name\":\"POTRAGA ZA IZGUBLJENIM RAJEM \u2013 RAZOTKRIVANJE ILUZIJA \u2013 KNJIGA I, Ivan \u017dganec - Web-knji\u017eara\",\"isPartOf\":{\"@id\":\"https:\\\/\\\/webknjizara.hr\\\/#website\"},\"primaryImageOfPage\":{\"@id\":\"https:\\\/\\\/webknjizara.hr\\\/proizvod\\\/potraga-za-izgubljenim-rajem-razotkrivanje-iluzija-knjiga-i-ivan-zganec\\\/#primaryimage\"},\"image\":{\"@id\":\"https:\\\/\\\/webknjizara.hr\\\/proizvod\\\/potraga-za-izgubljenim-rajem-razotkrivanje-iluzija-knjiga-i-ivan-zganec\\\/#primaryimage\"},\"thumbnailUrl\":\"https:\\\/\\\/webknjizara.hr\\\/wp-content\\\/uploads\\\/nc\\\/images\\\/virtuemart\\\/product\\\/NASLOVNICA-ZA-WEB-Zganec-300x419.jpg\",\"datePublished\":\"2018-09-13T05:40:35+00:00\",\"dateModified\":\"2023-02-26T23:17:34+00:00\",\"breadcrumb\":{\"@id\":\"https:\\\/\\\/webknjizara.hr\\\/proizvod\\\/potraga-za-izgubljenim-rajem-razotkrivanje-iluzija-knjiga-i-ivan-zganec\\\/#breadcrumb\"},\"inLanguage\":\"en-US\",\"potentialAction\":[{\"@type\":\"ReadAction\",\"target\":[\"https:\\\/\\\/webknjizara.hr\\\/proizvod\\\/potraga-za-izgubljenim-rajem-razotkrivanje-iluzija-knjiga-i-ivan-zganec\\\/\"]}]},{\"@type\":\"ImageObject\",\"inLanguage\":\"en-US\",\"@id\":\"https:\\\/\\\/webknjizara.hr\\\/proizvod\\\/potraga-za-izgubljenim-rajem-razotkrivanje-iluzija-knjiga-i-ivan-zganec\\\/#primaryimage\",\"url\":\"https:\\\/\\\/webknjizara.hr\\\/wp-content\\\/uploads\\\/nc\\\/images\\\/virtuemart\\\/product\\\/NASLOVNICA-ZA-WEB-Zganec-300x419.jpg\",\"contentUrl\":\"https:\\\/\\\/webknjizara.hr\\\/wp-content\\\/uploads\\\/nc\\\/images\\\/virtuemart\\\/product\\\/NASLOVNICA-ZA-WEB-Zganec-300x419.jpg\",\"width\":300,\"height\":419,\"caption\":\"POTRAGA ZA IZGUBLJENIM RAJEM \u2013 RAZOTKRIVANJE ILUZIJA \u2013 KNJIGA I, Ivan \u017dganec\"},{\"@type\":\"BreadcrumbList\",\"@id\":\"https:\\\/\\\/webknjizara.hr\\\/proizvod\\\/potraga-za-izgubljenim-rajem-razotkrivanje-iluzija-knjiga-i-ivan-zganec\\\/#breadcrumb\",\"itemListElement\":[{\"@type\":\"ListItem\",\"position\":1,\"name\":\"Po\u010detna stranica\",\"item\":\"https:\\\/\\\/webknjizara.hr\\\/en\\\/\"},{\"@type\":\"ListItem\",\"position\":2,\"name\":\"Shop\",\"item\":\"https:\\\/\\\/webknjizara.hr\\\/shop\\\/\"},{\"@type\":\"ListItem\",\"position\":3,\"name\":\"POTRAGA ZA IZGUBLJENIM RAJEM \u2013 RAZOTKRIVANJE ILUZIJA \u2013 KNJIGA I, Ivan \u017dganec\"}]},{\"@type\":\"WebSite\",\"@id\":\"https:\\\/\\\/webknjizara.hr\\\/#website\",\"url\":\"https:\\\/\\\/webknjizara.hr\\\/\",\"name\":\"Web Knji\u017eara\",\"description\":\"\",\"publisher\":{\"@id\":\"https:\\\/\\\/webknjizara.hr\\\/#organization\"},\"potentialAction\":[{\"@type\":\"SearchAction\",\"target\":{\"@type\":\"EntryPoint\",\"urlTemplate\":\"https:\\\/\\\/webknjizara.hr\\\/?s={search_term_string}\"},\"query-input\":{\"@type\":\"PropertyValueSpecification\",\"valueRequired\":true,\"valueName\":\"search_term_string\"}}],\"inLanguage\":\"en-US\"},{\"@type\":\"Organization\",\"@id\":\"https:\\\/\\\/webknjizara.hr\\\/#organization\",\"name\":\"REDAK D.O.O.\",\"url\":\"https:\\\/\\\/webknjizara.hr\\\/\",\"logo\":{\"@type\":\"ImageObject\",\"inLanguage\":\"en-US\",\"@id\":\"https:\\\/\\\/webknjizara.hr\\\/#\\\/schema\\\/logo\\\/image\\\/\",\"url\":\"https:\\\/\\\/webknjizara.hr\\\/wp-content\\\/uploads\\\/2023\\\/01\\\/web-knjizara-logo.webp\",\"contentUrl\":\"https:\\\/\\\/webknjizara.hr\\\/wp-content\\\/uploads\\\/2023\\\/01\\\/web-knjizara-logo.webp\",\"width\":324,\"height\":79,\"caption\":\"REDAK D.O.O.\"},\"image\":{\"@id\":\"https:\\\/\\\/webknjizara.hr\\\/#\\\/schema\\\/logo\\\/image\\\/\"}}]}<\/script>\n<!-- \/ Yoast SEO plugin. -->","yoast_head_json":{"title":"POTRAGA ZA IZGUBLJENIM RAJEM \u2013 RAZOTKRIVANJE ILUZIJA \u2013 KNJIGA I, Ivan \u017dganec - Web-knji\u017eara","robots":{"index":"index","follow":"follow","max-snippet":"max-snippet:-1","max-image-preview":"max-image-preview:large","max-video-preview":"max-video-preview:-1"},"canonical":"https:\/\/webknjizara.hr\/proizvod\/potraga-za-izgubljenim-rajem-razotkrivanje-iluzija-knjiga-i-ivan-zganec\/","og_locale":"en_US","og_type":"article","og_title":"POTRAGA ZA IZGUBLJENIM RAJEM \u2013 RAZOTKRIVANJE ILUZIJA \u2013 KNJIGA I, Ivan \u017dganec - Web-knji\u017eara","og_description":"Sa\u017eetak: Od samog po\u010detka svijeta, iluzije nas okru\u017euju i slu\u017ee kao opomena izgubljenom \u010dovjeku koji luta labirintom oceana tra\u017ee\u0107i sudbonosno spas: davno izgubljeni raj. Arhajsko prasje\u0107anje mitskom junaku ne da mira i tjera ga na vje\u010dnu potragu za legendom koja je ostala samo san, bajka ili mit. Da li vje\u010dna potraga ima smisla ili je [&hellip;]","og_url":"https:\/\/webknjizara.hr\/proizvod\/potraga-za-izgubljenim-rajem-razotkrivanje-iluzija-knjiga-i-ivan-zganec\/","og_site_name":"Web-knji\u017eara","article_modified_time":"2023-02-26T23:17:34+00:00","og_image":[{"width":300,"height":419,"url":"https:\/\/webknjizara.hr\/wp-content\/uploads\/nc\/images\/virtuemart\/product\/NASLOVNICA-ZA-WEB-Zganec-300x419.jpg","type":"image\/jpeg"}],"twitter_card":"summary_large_image","twitter_misc":{"Est. reading time":"2 minutes"},"schema":{"@context":"https:\/\/schema.org","@graph":[{"@type":"WebPage","@id":"https:\/\/webknjizara.hr\/proizvod\/potraga-za-izgubljenim-rajem-razotkrivanje-iluzija-knjiga-i-ivan-zganec\/","url":"https:\/\/webknjizara.hr\/proizvod\/potraga-za-izgubljenim-rajem-razotkrivanje-iluzija-knjiga-i-ivan-zganec\/","name":"POTRAGA ZA IZGUBLJENIM RAJEM \u2013 RAZOTKRIVANJE ILUZIJA \u2013 KNJIGA I, Ivan \u017dganec - Web-knji\u017eara","isPartOf":{"@id":"https:\/\/webknjizara.hr\/#website"},"primaryImageOfPage":{"@id":"https:\/\/webknjizara.hr\/proizvod\/potraga-za-izgubljenim-rajem-razotkrivanje-iluzija-knjiga-i-ivan-zganec\/#primaryimage"},"image":{"@id":"https:\/\/webknjizara.hr\/proizvod\/potraga-za-izgubljenim-rajem-razotkrivanje-iluzija-knjiga-i-ivan-zganec\/#primaryimage"},"thumbnailUrl":"https:\/\/webknjizara.hr\/wp-content\/uploads\/nc\/images\/virtuemart\/product\/NASLOVNICA-ZA-WEB-Zganec-300x419.jpg","datePublished":"2018-09-13T05:40:35+00:00","dateModified":"2023-02-26T23:17:34+00:00","breadcrumb":{"@id":"https:\/\/webknjizara.hr\/proizvod\/potraga-za-izgubljenim-rajem-razotkrivanje-iluzija-knjiga-i-ivan-zganec\/#breadcrumb"},"inLanguage":"en-US","potentialAction":[{"@type":"ReadAction","target":["https:\/\/webknjizara.hr\/proizvod\/potraga-za-izgubljenim-rajem-razotkrivanje-iluzija-knjiga-i-ivan-zganec\/"]}]},{"@type":"ImageObject","inLanguage":"en-US","@id":"https:\/\/webknjizara.hr\/proizvod\/potraga-za-izgubljenim-rajem-razotkrivanje-iluzija-knjiga-i-ivan-zganec\/#primaryimage","url":"https:\/\/webknjizara.hr\/wp-content\/uploads\/nc\/images\/virtuemart\/product\/NASLOVNICA-ZA-WEB-Zganec-300x419.jpg","contentUrl":"https:\/\/webknjizara.hr\/wp-content\/uploads\/nc\/images\/virtuemart\/product\/NASLOVNICA-ZA-WEB-Zganec-300x419.jpg","width":300,"height":419,"caption":"POTRAGA ZA IZGUBLJENIM RAJEM \u2013 RAZOTKRIVANJE ILUZIJA \u2013 KNJIGA I, Ivan \u017dganec"},{"@type":"BreadcrumbList","@id":"https:\/\/webknjizara.hr\/proizvod\/potraga-za-izgubljenim-rajem-razotkrivanje-iluzija-knjiga-i-ivan-zganec\/#breadcrumb","itemListElement":[{"@type":"ListItem","position":1,"name":"Po\u010detna stranica","item":"https:\/\/webknjizara.hr\/en\/"},{"@type":"ListItem","position":2,"name":"Shop","item":"https:\/\/webknjizara.hr\/shop\/"},{"@type":"ListItem","position":3,"name":"POTRAGA ZA IZGUBLJENIM RAJEM \u2013 RAZOTKRIVANJE ILUZIJA \u2013 KNJIGA I, Ivan \u017dganec"}]},{"@type":"WebSite","@id":"https:\/\/webknjizara.hr\/#website","url":"https:\/\/webknjizara.hr\/","name":"Web Knji\u017eara","description":"","publisher":{"@id":"https:\/\/webknjizara.hr\/#organization"},"potentialAction":[{"@type":"SearchAction","target":{"@type":"EntryPoint","urlTemplate":"https:\/\/webknjizara.hr\/?s={search_term_string}"},"query-input":{"@type":"PropertyValueSpecification","valueRequired":true,"valueName":"search_term_string"}}],"inLanguage":"en-US"},{"@type":"Organization","@id":"https:\/\/webknjizara.hr\/#organization","name":"REDAK D.O.O.","url":"https:\/\/webknjizara.hr\/","logo":{"@type":"ImageObject","inLanguage":"en-US","@id":"https:\/\/webknjizara.hr\/#\/schema\/logo\/image\/","url":"https:\/\/webknjizara.hr\/wp-content\/uploads\/2023\/01\/web-knjizara-logo.webp","contentUrl":"https:\/\/webknjizara.hr\/wp-content\/uploads\/2023\/01\/web-knjizara-logo.webp","width":324,"height":79,"caption":"REDAK D.O.O."},"image":{"@id":"https:\/\/webknjizara.hr\/#\/schema\/logo\/image\/"}}]}},"_links":{"self":[{"href":"https:\/\/webknjizara.hr\/en\/wp-json\/wp\/v2\/product\/8832","targetHints":{"allow":["GET"]}}],"collection":[{"href":"https:\/\/webknjizara.hr\/en\/wp-json\/wp\/v2\/product"}],"about":[{"href":"https:\/\/webknjizara.hr\/en\/wp-json\/wp\/v2\/types\/product"}],"replies":[{"embeddable":true,"href":"https:\/\/webknjizara.hr\/en\/wp-json\/wp\/v2\/comments?post=8832"}],"wp:featuredmedia":[{"embeddable":true,"href":"https:\/\/webknjizara.hr\/en\/wp-json\/wp\/v2\/media\/8833"}],"wp:attachment":[{"href":"https:\/\/webknjizara.hr\/en\/wp-json\/wp\/v2\/media?parent=8832"}],"wp:term":[{"taxonomy":"product_brand","embeddable":true,"href":"https:\/\/webknjizara.hr\/en\/wp-json\/wp\/v2\/product_brand?post=8832"},{"taxonomy":"product_cat","embeddable":true,"href":"https:\/\/webknjizara.hr\/en\/wp-json\/wp\/v2\/product_cat?post=8832"},{"taxonomy":"product_tag","embeddable":true,"href":"https:\/\/webknjizara.hr\/en\/wp-json\/wp\/v2\/product_tag?post=8832"}],"curies":[{"name":"wp","href":"https:\/\/api.w.org\/{rel}","templated":true}]}}