{"id":8828,"date":"2018-09-06T22:32:50","date_gmt":"2018-09-06T22:32:50","guid":{"rendered":"https:\/\/webknjizara.hr\/?product=usprkos-svemu-smo-isti-ivanka-cvitan"},"modified":"2023-02-27T00:17:33","modified_gmt":"2023-02-26T23:17:33","slug":"usprkos-svemu-smo-isti-ivanka-cvitan","status":"publish","type":"product","link":"https:\/\/webknjizara.hr\/en\/proizvod\/usprkos-svemu-smo-isti-ivanka-cvitan\/","title":{"rendered":"USPRKOS SVEMU SMO ISTI, Ivanka Cvitan"},"content":{"rendered":"<p style=\"text-align: justify;\"><strong>Sa\u017eetak:<\/strong> <\/p>\n<p>Zbirka sadr\u017ei 57 pjesama i podijeljena je u tri cjeline isprepletene prazninama, prstima u nedodiru i zagrljajima. Tra\u017eenja sebe prelijevaju se naizvan kroz koncentri\u010dne krugove i svaka se spoznaja iz zadnjeg kruga reflektira na po\u010detni. Koliko ja\u010de zagrlimo svijet, toliko sebe lak\u0161e pronalazimo. Ostanemo li usprkos svemu isti, izgubimo se.<\/p>\n<p style=\"text-align: justify;\"><strong>Bilje\u0161ka o autorici:<\/strong> <\/p>\n<p>Ro\u0111ena 1961. u Splitu gdje \u017eivi i radi. Ukoliko je utisak izvana na njezin unutarnji svijet dovoljno poticajan, onda pi\u0161e. Nekad je, osim u zajedni\u010dkoj nagra\u0111enoj zbirci Ostaje mi poezija iz 1985., sve ostajalo u strogoj tajnosti. U zadnje vrijeme objavljuje na internetskim portalima, a osim poezije pomalo ulazi i u podru\u010dje kratkih pri\u010da.<\/p>\n<p style=\"text-align: justify;\">\u00a0<\/p>\n<p style=\"text-align: justify;\"><strong style=\"font-size: 12.16px;\"><strong>Osvrt Ilije Peji\u0107a:<\/strong>\u00a0<\/strong><\/p>\n<p style=\"text-align: justify;\">Pjesma o dru\u0161tvu nemogu\u0107ih sloboda<\/p>\n<p>U 57 pjesama, podijeljenih u tri ciklusa\u00a0 (<em>praznine<\/em>; <em>prsti u nedodiru<\/em>; <em>zagrljaji spa\u0161avaju \u017eivote<\/em>) u zbirci <em>Usprkos svemu smo isti<\/em> Ivanka Cvitan (Split, 1961.) po\u010dev\u0161i od uvodne pjesme <em>odumirem<\/em> u slobodnim i nerijetko poslovi\u010dno mudrim stihovima bez interpunkcije slika usude i mijene lirskog subjekta koji svjestan svih zamki i zabluda kro\u010di stazom praznine i bezna\u0111a oslu\u0161kuju\u0107i zvukove i \u0161umove u vje\u010dnoj igri jezika i u jeziku kao modusu vivendi s nadom kako se prsti mogu ispreplesti u zagrljaju. A taj put je dug, sve do kraja zbirke i susreta sa sli\u010dnim krhkim stvorenjem, pticom u krletki (<em>dr\u017eati pticu na otvorenom dlanu<\/em>) koju djevoj\u010dica pu\u0161ta da odleti u svijet sloboda\/nesloboda, leta i uzleta, padova i podizanja\u2026 Ptica\/djevoj\u010dica je ipak odletjela u svijet spoznav\u0161i i prazninu i strah pred \u017eivotom bez mirisa, uramljenom i strogo trasiranom bez \u201esitnih bedasto\u0107a\u201c koje se mogu nazvati i radostima zbog kojih smo tu gdje jesmo i jo\u0161 se uvijek nadamo kako lu\u010di\/rije\u010di\/stihovi mogu osvijetliti i za nas osvojiti malo sjajnog i prozra\u010dnog prostora u kojem \u0107emo na\u0107i na\u010dina\u00a0 kako \u201eurlaju\u0107e\u00a0 samo\u0107e\u201c pripitomiti i u\u010diniti podno\u0161ljivijim. Put je to tra\u017eenja vlastite biti, cjelovite, neokrnjene jer ovo \u0161to danas jesmo i \u0161to \u017eivimo dijele\u0107i s drugima samo su krhotine na\u0161ega preostalog jastva koje smo sa\u010duvali usprkos svima koji su ga razgra\u0111ivali otimaju\u0107i nam dio po dio, kamen\u010di\u0107i su to mozaika duboko sakrivenog u nama. Vidljivi dio nas sli\u010dan je prepunoj \u010da\u0161i rubovima koje se prelijeva obilje i to su ti krugovi koji se doti\u010du\/presijecaju i samo tu smo isti s drugima.<\/p>\n<p>Kako se pomiriti i kako prihvatiti stalna oduzimanja, uzimanja, otimanja i kako sa\u010duvati na\u0161u istost, identitet? \u2013 klju\u010dno je pitanje na koje pjesnikinja Ivanka Cvitan poku\u0161ava odgovoriti. Odustati\u00a0 jer \u201eprostor postaje veliko rati\u0161te strati\u0161te\u201c, starost\u00a0 \u201eurezuje opomene po licu\u201c, vrijeme je sve vi\u0161e \u201esterilno jasno\u201c (<em>odustati od ustati<\/em>), s jutrima ni\u0161ta \u201ene zapo\u010dinje da bi se preraslo \/ ona traju do drugih ra\u0111anja u maglenim zemljanim utrobama \/ njihova po\u010detna to\u010dka ista je i na kraju (<em>jutra<\/em>)\u00a0 ili se o\u010distiti \u201eu domu umu\u201c, izbaciti sme\u0107e, ra\u010dunalnim rje\u010dnikom resetirati se, ponovno zapo\u010deti, poletjeti u visine (<em>\u010di\u0161\u0107enje<\/em>)? Nemogu\u0107e je letjeti krilima ukaljanim u blato, dru\u0161tvo nemogu\u0107ih sloboda ne nudi izbor. Trajati nam je ovdje gdje jesmo usprkos svemu jer potpunim \u010di\u0161\u0107enjem \u201edoma uma\u201c nestao bi i onaj najplemenitiji, neponovljivi dio nas duboko sakriven u nama po kojemu jesmo to \u0161to jesmo, patnjama oja\u010dan, zlima otporan te tako zahvaljuju\u0107i i dobru i zlu svijetlimo kao iskre u tami. Iz tih svojih dubina crpimo i posljednje atome snage kako bismo opstali, trajali i dijelili radost koliko god je stalno manjkalo.<\/p>\n<p style=\"text-align: justify;\"><strong style=\"font-size: 12.16px;\">\u00a0<\/strong><\/p>\n<p style=\"text-align: justify;\"><strong style=\"font-size: 12.16px;\">Klju\u010dne rije\u010di:<\/strong><span style=\"font-size: 12.16px;\"> zagrljaji, vri\u0161tine, sanjala sam, ptica u rukama, nedodirno, recept, muza, gre\u0161ka, ko\u0161mari<\/span><\/p>\n<p style=\"text-align: justify;\"><strong>Naslov:<\/strong> Usprkos svemu smo isti<br \/><strong>Autor:<\/strong> Ivanka Cvitan<br \/><strong>Nakladnik:<\/strong> REDAK<br \/><strong>Godina izdanja:<\/strong> 2018.<br \/><strong>ISBN:<\/strong> 978-953-336-505-3<br \/><strong>Tisak:<\/strong> digitalni tisak knjiga &#8211; print na zahtjev\u00a0<\/p>\n<p style=\"font-weight: 400; text-align: justify;\"><strong>Kako naru\u010diti knjigu?\u00a0<\/strong>Proces online kupovine jednako funkcionira za sve kupce, s jedinom razlikom u tome \u0161to \u0161to kupci iz inozemstva za podru\u010dje dostave moraju odabrati &#8220;Europa&#8221; ili &#8220;Ostale zemlje svijeta&#8221;, a za vrstu pla\u0107anja WSPay (kreditna kartica) ili Virmanom (bankovni transfer).<\/p>\n<p style=\"font-weight: 400; text-align: justify;\">Molimo kliknite ovdje za\u00a0<a href=\"hr\/kako-kupovati\">detaljni vodi\u010d kroz proces narud\u017ebe<\/a>\u00a0ili nas\u00a0<a href=\"hr\/kontakt\">kontaktirajte<\/a>\u00a0za vi\u0161e informacija.<\/p>\n<p style=\"font-weight: 400; text-align: justify;\">\u00a0<\/p>\n","protected":false},"excerpt":{"rendered":"<p>Sa\u017eetak: Zbirka sadr\u017ei 57 pjesama i podijeljena je u tri cjeline isprepletene prazninama, prstima u nedodiru i zagrljajima. Tra\u017eenja sebe prelijevaju se naizvan kroz koncentri\u010dne krugove i svaka se spoznaja iz zadnjeg kruga reflektira na po\u010detni. Koliko ja\u010de zagrlimo svijet, toliko sebe lak\u0161e pronalazimo. Ostanemo li usprkos svemu isti, izgubimo se. Bilje\u0161ka o autorici: Ro\u0111ena [&hellip;]<\/p>\n","protected":false},"featured_media":8829,"comment_status":"open","ping_status":"closed","template":"","meta":{"_acf_changed":false},"product_brand":[],"product_cat":[1383,1385,1388],"product_tag":[],"class_list":{"0":"post-8828","1":"product","2":"type-product","3":"status-publish","4":"has-post-thumbnail","6":"product_cat-knjige","7":"product_cat-knjizevnost","8":"product_cat-poezija","9":"pa_autor-ivanka-cvitan","10":"pa_nakladnik-redak","12":"first","13":"instock","14":"shipping-taxable","15":"purchasable","16":"product-type-simple"},"acf":[],"yoast_head":"<!-- This site is optimized with the Yoast SEO plugin v27.3 - https:\/\/yoast.com\/product\/yoast-seo-wordpress\/ -->\n<title>USPRKOS SVEMU SMO ISTI, Ivanka Cvitan - Web-knji\u017eara<\/title>\n<meta name=\"robots\" content=\"index, follow, max-snippet:-1, max-image-preview:large, max-video-preview:-1\" \/>\n<link rel=\"canonical\" href=\"https:\/\/webknjizara.hr\/proizvod\/usprkos-svemu-smo-isti-ivanka-cvitan\/\" \/>\n<meta property=\"og:locale\" content=\"en_US\" \/>\n<meta property=\"og:type\" content=\"article\" \/>\n<meta property=\"og:title\" content=\"USPRKOS SVEMU SMO ISTI, Ivanka Cvitan - Web-knji\u017eara\" \/>\n<meta property=\"og:description\" content=\"Sa\u017eetak: Zbirka sadr\u017ei 57 pjesama i podijeljena je u tri cjeline isprepletene prazninama, prstima u nedodiru i zagrljajima. Tra\u017eenja sebe prelijevaju se naizvan kroz koncentri\u010dne krugove i svaka se spoznaja iz zadnjeg kruga reflektira na po\u010detni. Koliko ja\u010de zagrlimo svijet, toliko sebe lak\u0161e pronalazimo. Ostanemo li usprkos svemu isti, izgubimo se. Bilje\u0161ka o autorici: Ro\u0111ena [&hellip;]\" \/>\n<meta property=\"og:url\" content=\"https:\/\/webknjizara.hr\/proizvod\/usprkos-svemu-smo-isti-ivanka-cvitan\/\" \/>\n<meta property=\"og:site_name\" content=\"Web-knji\u017eara\" \/>\n<meta property=\"article:modified_time\" content=\"2023-02-26T23:17:33+00:00\" \/>\n<meta property=\"og:image\" content=\"https:\/\/webknjizara.hr\/wp-content\/uploads\/nc\/images\/virtuemart\/product\/web-naslovnica-300x41971.jpg\" \/>\n\t<meta property=\"og:image:width\" content=\"300\" \/>\n\t<meta property=\"og:image:height\" content=\"419\" \/>\n\t<meta property=\"og:image:type\" content=\"image\/jpeg\" \/>\n<meta name=\"twitter:card\" content=\"summary_large_image\" \/>\n<meta name=\"twitter:label1\" content=\"Est. reading time\" \/>\n\t<meta name=\"twitter:data1\" content=\"4 minutes\" \/>\n<script type=\"application\/ld+json\" class=\"yoast-schema-graph\">{\"@context\":\"https:\\\/\\\/schema.org\",\"@graph\":[{\"@type\":\"WebPage\",\"@id\":\"https:\\\/\\\/webknjizara.hr\\\/proizvod\\\/usprkos-svemu-smo-isti-ivanka-cvitan\\\/\",\"url\":\"https:\\\/\\\/webknjizara.hr\\\/proizvod\\\/usprkos-svemu-smo-isti-ivanka-cvitan\\\/\",\"name\":\"USPRKOS SVEMU SMO ISTI, Ivanka Cvitan - Web-knji\u017eara\",\"isPartOf\":{\"@id\":\"https:\\\/\\\/webknjizara.hr\\\/#website\"},\"primaryImageOfPage\":{\"@id\":\"https:\\\/\\\/webknjizara.hr\\\/proizvod\\\/usprkos-svemu-smo-isti-ivanka-cvitan\\\/#primaryimage\"},\"image\":{\"@id\":\"https:\\\/\\\/webknjizara.hr\\\/proizvod\\\/usprkos-svemu-smo-isti-ivanka-cvitan\\\/#primaryimage\"},\"thumbnailUrl\":\"https:\\\/\\\/webknjizara.hr\\\/wp-content\\\/uploads\\\/nc\\\/images\\\/virtuemart\\\/product\\\/web-naslovnica-300x41971.jpg\",\"datePublished\":\"2018-09-06T22:32:50+00:00\",\"dateModified\":\"2023-02-26T23:17:33+00:00\",\"breadcrumb\":{\"@id\":\"https:\\\/\\\/webknjizara.hr\\\/proizvod\\\/usprkos-svemu-smo-isti-ivanka-cvitan\\\/#breadcrumb\"},\"inLanguage\":\"en-US\",\"potentialAction\":[{\"@type\":\"ReadAction\",\"target\":[\"https:\\\/\\\/webknjizara.hr\\\/proizvod\\\/usprkos-svemu-smo-isti-ivanka-cvitan\\\/\"]}]},{\"@type\":\"ImageObject\",\"inLanguage\":\"en-US\",\"@id\":\"https:\\\/\\\/webknjizara.hr\\\/proizvod\\\/usprkos-svemu-smo-isti-ivanka-cvitan\\\/#primaryimage\",\"url\":\"https:\\\/\\\/webknjizara.hr\\\/wp-content\\\/uploads\\\/nc\\\/images\\\/virtuemart\\\/product\\\/web-naslovnica-300x41971.jpg\",\"contentUrl\":\"https:\\\/\\\/webknjizara.hr\\\/wp-content\\\/uploads\\\/nc\\\/images\\\/virtuemart\\\/product\\\/web-naslovnica-300x41971.jpg\",\"width\":300,\"height\":419,\"caption\":\"USPRKOS SVEMU SMO ISTI, Ivanka Cvitan\"},{\"@type\":\"BreadcrumbList\",\"@id\":\"https:\\\/\\\/webknjizara.hr\\\/proizvod\\\/usprkos-svemu-smo-isti-ivanka-cvitan\\\/#breadcrumb\",\"itemListElement\":[{\"@type\":\"ListItem\",\"position\":1,\"name\":\"Po\u010detna stranica\",\"item\":\"https:\\\/\\\/webknjizara.hr\\\/en\\\/\"},{\"@type\":\"ListItem\",\"position\":2,\"name\":\"Shop\",\"item\":\"https:\\\/\\\/webknjizara.hr\\\/shop\\\/\"},{\"@type\":\"ListItem\",\"position\":3,\"name\":\"USPRKOS SVEMU SMO ISTI, Ivanka Cvitan\"}]},{\"@type\":\"WebSite\",\"@id\":\"https:\\\/\\\/webknjizara.hr\\\/#website\",\"url\":\"https:\\\/\\\/webknjizara.hr\\\/\",\"name\":\"Web Knji\u017eara\",\"description\":\"\",\"publisher\":{\"@id\":\"https:\\\/\\\/webknjizara.hr\\\/#organization\"},\"potentialAction\":[{\"@type\":\"SearchAction\",\"target\":{\"@type\":\"EntryPoint\",\"urlTemplate\":\"https:\\\/\\\/webknjizara.hr\\\/?s={search_term_string}\"},\"query-input\":{\"@type\":\"PropertyValueSpecification\",\"valueRequired\":true,\"valueName\":\"search_term_string\"}}],\"inLanguage\":\"en-US\"},{\"@type\":\"Organization\",\"@id\":\"https:\\\/\\\/webknjizara.hr\\\/#organization\",\"name\":\"REDAK D.O.O.\",\"url\":\"https:\\\/\\\/webknjizara.hr\\\/\",\"logo\":{\"@type\":\"ImageObject\",\"inLanguage\":\"en-US\",\"@id\":\"https:\\\/\\\/webknjizara.hr\\\/#\\\/schema\\\/logo\\\/image\\\/\",\"url\":\"https:\\\/\\\/webknjizara.hr\\\/wp-content\\\/uploads\\\/2023\\\/01\\\/web-knjizara-logo.webp\",\"contentUrl\":\"https:\\\/\\\/webknjizara.hr\\\/wp-content\\\/uploads\\\/2023\\\/01\\\/web-knjizara-logo.webp\",\"width\":324,\"height\":79,\"caption\":\"REDAK D.O.O.\"},\"image\":{\"@id\":\"https:\\\/\\\/webknjizara.hr\\\/#\\\/schema\\\/logo\\\/image\\\/\"}}]}<\/script>\n<!-- \/ Yoast SEO plugin. -->","yoast_head_json":{"title":"USPRKOS SVEMU SMO ISTI, Ivanka Cvitan - Web-knji\u017eara","robots":{"index":"index","follow":"follow","max-snippet":"max-snippet:-1","max-image-preview":"max-image-preview:large","max-video-preview":"max-video-preview:-1"},"canonical":"https:\/\/webknjizara.hr\/proizvod\/usprkos-svemu-smo-isti-ivanka-cvitan\/","og_locale":"en_US","og_type":"article","og_title":"USPRKOS SVEMU SMO ISTI, Ivanka Cvitan - Web-knji\u017eara","og_description":"Sa\u017eetak: Zbirka sadr\u017ei 57 pjesama i podijeljena je u tri cjeline isprepletene prazninama, prstima u nedodiru i zagrljajima. Tra\u017eenja sebe prelijevaju se naizvan kroz koncentri\u010dne krugove i svaka se spoznaja iz zadnjeg kruga reflektira na po\u010detni. Koliko ja\u010de zagrlimo svijet, toliko sebe lak\u0161e pronalazimo. Ostanemo li usprkos svemu isti, izgubimo se. Bilje\u0161ka o autorici: Ro\u0111ena [&hellip;]","og_url":"https:\/\/webknjizara.hr\/proizvod\/usprkos-svemu-smo-isti-ivanka-cvitan\/","og_site_name":"Web-knji\u017eara","article_modified_time":"2023-02-26T23:17:33+00:00","og_image":[{"width":300,"height":419,"url":"https:\/\/webknjizara.hr\/wp-content\/uploads\/nc\/images\/virtuemart\/product\/web-naslovnica-300x41971.jpg","type":"image\/jpeg"}],"twitter_card":"summary_large_image","twitter_misc":{"Est. reading time":"4 minutes"},"schema":{"@context":"https:\/\/schema.org","@graph":[{"@type":"WebPage","@id":"https:\/\/webknjizara.hr\/proizvod\/usprkos-svemu-smo-isti-ivanka-cvitan\/","url":"https:\/\/webknjizara.hr\/proizvod\/usprkos-svemu-smo-isti-ivanka-cvitan\/","name":"USPRKOS SVEMU SMO ISTI, Ivanka Cvitan - Web-knji\u017eara","isPartOf":{"@id":"https:\/\/webknjizara.hr\/#website"},"primaryImageOfPage":{"@id":"https:\/\/webknjizara.hr\/proizvod\/usprkos-svemu-smo-isti-ivanka-cvitan\/#primaryimage"},"image":{"@id":"https:\/\/webknjizara.hr\/proizvod\/usprkos-svemu-smo-isti-ivanka-cvitan\/#primaryimage"},"thumbnailUrl":"https:\/\/webknjizara.hr\/wp-content\/uploads\/nc\/images\/virtuemart\/product\/web-naslovnica-300x41971.jpg","datePublished":"2018-09-06T22:32:50+00:00","dateModified":"2023-02-26T23:17:33+00:00","breadcrumb":{"@id":"https:\/\/webknjizara.hr\/proizvod\/usprkos-svemu-smo-isti-ivanka-cvitan\/#breadcrumb"},"inLanguage":"en-US","potentialAction":[{"@type":"ReadAction","target":["https:\/\/webknjizara.hr\/proizvod\/usprkos-svemu-smo-isti-ivanka-cvitan\/"]}]},{"@type":"ImageObject","inLanguage":"en-US","@id":"https:\/\/webknjizara.hr\/proizvod\/usprkos-svemu-smo-isti-ivanka-cvitan\/#primaryimage","url":"https:\/\/webknjizara.hr\/wp-content\/uploads\/nc\/images\/virtuemart\/product\/web-naslovnica-300x41971.jpg","contentUrl":"https:\/\/webknjizara.hr\/wp-content\/uploads\/nc\/images\/virtuemart\/product\/web-naslovnica-300x41971.jpg","width":300,"height":419,"caption":"USPRKOS SVEMU SMO ISTI, Ivanka Cvitan"},{"@type":"BreadcrumbList","@id":"https:\/\/webknjizara.hr\/proizvod\/usprkos-svemu-smo-isti-ivanka-cvitan\/#breadcrumb","itemListElement":[{"@type":"ListItem","position":1,"name":"Po\u010detna stranica","item":"https:\/\/webknjizara.hr\/en\/"},{"@type":"ListItem","position":2,"name":"Shop","item":"https:\/\/webknjizara.hr\/shop\/"},{"@type":"ListItem","position":3,"name":"USPRKOS SVEMU SMO ISTI, Ivanka Cvitan"}]},{"@type":"WebSite","@id":"https:\/\/webknjizara.hr\/#website","url":"https:\/\/webknjizara.hr\/","name":"Web Knji\u017eara","description":"","publisher":{"@id":"https:\/\/webknjizara.hr\/#organization"},"potentialAction":[{"@type":"SearchAction","target":{"@type":"EntryPoint","urlTemplate":"https:\/\/webknjizara.hr\/?s={search_term_string}"},"query-input":{"@type":"PropertyValueSpecification","valueRequired":true,"valueName":"search_term_string"}}],"inLanguage":"en-US"},{"@type":"Organization","@id":"https:\/\/webknjizara.hr\/#organization","name":"REDAK D.O.O.","url":"https:\/\/webknjizara.hr\/","logo":{"@type":"ImageObject","inLanguage":"en-US","@id":"https:\/\/webknjizara.hr\/#\/schema\/logo\/image\/","url":"https:\/\/webknjizara.hr\/wp-content\/uploads\/2023\/01\/web-knjizara-logo.webp","contentUrl":"https:\/\/webknjizara.hr\/wp-content\/uploads\/2023\/01\/web-knjizara-logo.webp","width":324,"height":79,"caption":"REDAK D.O.O."},"image":{"@id":"https:\/\/webknjizara.hr\/#\/schema\/logo\/image\/"}}]}},"_links":{"self":[{"href":"https:\/\/webknjizara.hr\/en\/wp-json\/wp\/v2\/product\/8828","targetHints":{"allow":["GET"]}}],"collection":[{"href":"https:\/\/webknjizara.hr\/en\/wp-json\/wp\/v2\/product"}],"about":[{"href":"https:\/\/webknjizara.hr\/en\/wp-json\/wp\/v2\/types\/product"}],"replies":[{"embeddable":true,"href":"https:\/\/webknjizara.hr\/en\/wp-json\/wp\/v2\/comments?post=8828"}],"wp:featuredmedia":[{"embeddable":true,"href":"https:\/\/webknjizara.hr\/en\/wp-json\/wp\/v2\/media\/8829"}],"wp:attachment":[{"href":"https:\/\/webknjizara.hr\/en\/wp-json\/wp\/v2\/media?parent=8828"}],"wp:term":[{"taxonomy":"product_brand","embeddable":true,"href":"https:\/\/webknjizara.hr\/en\/wp-json\/wp\/v2\/product_brand?post=8828"},{"taxonomy":"product_cat","embeddable":true,"href":"https:\/\/webknjizara.hr\/en\/wp-json\/wp\/v2\/product_cat?post=8828"},{"taxonomy":"product_tag","embeddable":true,"href":"https:\/\/webknjizara.hr\/en\/wp-json\/wp\/v2\/product_tag?post=8828"}],"curies":[{"name":"wp","href":"https:\/\/api.w.org\/{rel}","templated":true}]}}