{"id":8822,"date":"2018-08-24T12:39:50","date_gmt":"2018-08-24T12:39:50","guid":{"rendered":"https:\/\/webknjizara.hr\/?product=huligan-pero-jure-karamarko"},"modified":"2023-02-27T00:17:33","modified_gmt":"2023-02-26T23:17:33","slug":"huligan-pero-jure-karamarko","status":"publish","type":"product","link":"https:\/\/webknjizara.hr\/en\/proizvod\/huligan-pero-jure-karamarko\/","title":{"rendered":"HULIGAN PERO, Jure Karamarko"},"content":{"rendered":"<p><strong>Sa\u017eetak:<\/strong> <\/p>\n<p>Huligan Pero nastao je iz serijala kratkih pri\u010da koje je autor Jure Karamarko objavljivao na Facebooku pred 11.000 \u010ditatelja svakodnevno vi\u0161e od dvije godine. Pero je imaginarni lik iz Splita, veliki navija\u010d nogometnog kluba Hajduk, romanti\u010dar, emotivac i veliki borac. Za pravdu, za ideale i neku svijetliju budu\u0107nost u zemlji gdje su mnogi pognuli glavu.<\/p>\n<p>U prosincu 2018. objavljen je nastavak knjige &#8211; <a href=\"https:\/\/webknjizara.hr\/knjige\/proza\/huligan-pero-2-jure-karamarko\" target=\"_blank\" rel=\"noopener noreferrer\">Huligan Pero 2<\/a>.\u00a0<\/p>\n<p><strong>Bilje\u0161ka o autoru:<\/strong> <\/p>\n<p>Bilo bi glupo i uvredljivo napisati da je Jure Karamarko u ovom trenutku aktivni navija\u010d koji, eto, pi\u0161e navija\u010dke romane. Slijedom mnogih \u017eivotnih okolnosti posljednjih godina, Jure se u svojim temama, knjigama, blogovima i tekstovima postavlja samo kao onaj koji novinarski pristupa navija\u010dkoj tematici. Dr\u017ei tu stranu u svojim tekstovima i temi i analizira ih sa strane \u2013 navija\u010dkim o\u010dima. Ve\u0107 neko vrijeme kao navija\u010d nije aktivan, ali je intenzivno anga\u017eiran u javnom pisanju i javnoj obrani navija\u010dkog poretka u zemlji gdje isti taj svijet pljuje vi\u0161e od \u010detiri milijuna ljudi.<\/p>\n<p>Preko nekada\u0161njeg bloga Ispod tepiha prije puno godina, pa bloga Zadnji trzaj, koji je tada \u010dak otisnut u knjigu, sve do bloga Od subote do subote, razvijao se stil pisanja za specifi\u010dnu navija\u010dku publiku.<\/p>\n<p>Prvi navija\u010dki roman koji je Jure napisao naslovljen je Grafi\u010dar i pro\u010ditan je nekoliko tisu\u0107a puta. Nakon Grafi\u010dara Jure je napisao i nastavak i dao mu ime Genova. Iza toga je napisao zreliji roman Kradljivci snova te svakim sljede\u0107im uratkom popravlja i nadogra\u0111uje svoj stil pisanja u tom navija\u010dkom \u017eanru. Nakon Kradljivaca snova Jure je objavio roman Posljednja generacija istoka, a niti mjesec dana kasnije romane ZARA i PADOBRAN.<\/p>\n<p><strong>E-mail:\u00a0<\/strong> <a href=\"mailto:Karamarko.team@gmail.com\">Jure Karamarko<\/a><\/p>\n<p><strong>Naslov:<\/strong> Huligan Pero<br \/><strong>Autor:<\/strong> Jure Karamarko<br \/><strong>Nakladnik:<\/strong> REDAK<br \/><strong>Godina izdanja:<\/strong> 2018.<br \/><strong>ISBN:<\/strong> 978-953-336-516-9<br \/><strong>Tisak:<\/strong> digitalni tisak knjiga &#8211; print na zahtjev\u00a0<\/p>\n<hr \/>\n<p style=\"text-align: justify;\"><strong>Kako naru\u010diti knjigu?\u00a0<\/strong>Proces online kupovine jednako funkcionira za sve kupce, s jedinom razlikom u tome \u0161to \u0161to kupci iz inozemstva za podru\u010dje dostave moraju odabrati &#8220;Europa&#8221; ili &#8220;Ostale zemlje svijeta&#8221;, a za vrstu pla\u0107anja WSPay (kreditna kartica) ili Virmanom (bankovni transfer).<\/p>\n<p style=\"text-align: justify;\">Molimo kliknite ovdje za\u00a0<a href=\"hr\/kako-kupovati\">detaljni vodi\u010d kroz proces narud\u017ebe<\/a>\u00a0ili nas\u00a0<a href=\"hr\/kontakt\">kontaktirajte<\/a>\u00a0za vi\u0161e informacija.<\/p>\n<p style=\"text-align: justify;\">\u00a0<\/p>\n","protected":false},"excerpt":{"rendered":"<p>Sa\u017eetak: Huligan Pero nastao je iz serijala kratkih pri\u010da koje je autor Jure Karamarko objavljivao na Facebooku pred 11.000 \u010ditatelja svakodnevno vi\u0161e od dvije godine. Pero je imaginarni lik iz Splita, veliki navija\u010d nogometnog kluba Hajduk, romanti\u010dar, emotivac i veliki borac. Za pravdu, za ideale i neku svijetliju budu\u0107nost u zemlji gdje su mnogi pognuli [&hellip;]<\/p>\n","protected":false},"featured_media":8823,"comment_status":"open","ping_status":"closed","template":"","meta":{"_acf_changed":false},"product_brand":[],"product_cat":[1383,1385],"product_tag":[],"class_list":{"0":"post-8822","1":"product","2":"type-product","3":"status-publish","4":"has-post-thumbnail","6":"product_cat-knjige","7":"product_cat-knjizevnost","8":"pa_autor-jure-karamarko","9":"pa_nakladnik-redak","11":"first","12":"instock","13":"shipping-taxable","14":"purchasable","15":"product-type-simple"},"acf":[],"yoast_head":"<!-- This site is optimized with the Yoast SEO plugin v27.3 - https:\/\/yoast.com\/product\/yoast-seo-wordpress\/ -->\n<title>HULIGAN PERO, Jure Karamarko - Web-knji\u017eara<\/title>\n<meta name=\"robots\" content=\"index, follow, max-snippet:-1, max-image-preview:large, max-video-preview:-1\" \/>\n<link rel=\"canonical\" href=\"https:\/\/webknjizara.hr\/proizvod\/huligan-pero-jure-karamarko\/\" \/>\n<meta property=\"og:locale\" content=\"en_US\" \/>\n<meta property=\"og:type\" content=\"article\" \/>\n<meta property=\"og:title\" content=\"HULIGAN PERO, Jure Karamarko - Web-knji\u017eara\" \/>\n<meta property=\"og:description\" content=\"Sa\u017eetak: Huligan Pero nastao je iz serijala kratkih pri\u010da koje je autor Jure Karamarko objavljivao na Facebooku pred 11.000 \u010ditatelja svakodnevno vi\u0161e od dvije godine. Pero je imaginarni lik iz Splita, veliki navija\u010d nogometnog kluba Hajduk, romanti\u010dar, emotivac i veliki borac. Za pravdu, za ideale i neku svijetliju budu\u0107nost u zemlji gdje su mnogi pognuli [&hellip;]\" \/>\n<meta property=\"og:url\" content=\"https:\/\/webknjizara.hr\/proizvod\/huligan-pero-jure-karamarko\/\" \/>\n<meta property=\"og:site_name\" content=\"Web-knji\u017eara\" \/>\n<meta property=\"article:modified_time\" content=\"2023-02-26T23:17:33+00:00\" \/>\n<meta property=\"og:image\" content=\"https:\/\/webknjizara.hr\/wp-content\/uploads\/nc\/images\/virtuemart\/product\/KARAMARKO-ZA-WEB-NASLOVNICA-nova-od-01.09.-300x419.jpg\" \/>\n\t<meta property=\"og:image:width\" content=\"300\" \/>\n\t<meta property=\"og:image:height\" content=\"419\" \/>\n\t<meta property=\"og:image:type\" content=\"image\/jpeg\" \/>\n<meta name=\"twitter:card\" content=\"summary_large_image\" \/>\n<meta name=\"twitter:label1\" content=\"Est. reading time\" \/>\n\t<meta name=\"twitter:data1\" content=\"2 minutes\" \/>\n<script type=\"application\/ld+json\" class=\"yoast-schema-graph\">{\"@context\":\"https:\\\/\\\/schema.org\",\"@graph\":[{\"@type\":\"WebPage\",\"@id\":\"https:\\\/\\\/webknjizara.hr\\\/proizvod\\\/huligan-pero-jure-karamarko\\\/\",\"url\":\"https:\\\/\\\/webknjizara.hr\\\/proizvod\\\/huligan-pero-jure-karamarko\\\/\",\"name\":\"HULIGAN PERO, Jure Karamarko - Web-knji\u017eara\",\"isPartOf\":{\"@id\":\"https:\\\/\\\/webknjizara.hr\\\/#website\"},\"primaryImageOfPage\":{\"@id\":\"https:\\\/\\\/webknjizara.hr\\\/proizvod\\\/huligan-pero-jure-karamarko\\\/#primaryimage\"},\"image\":{\"@id\":\"https:\\\/\\\/webknjizara.hr\\\/proizvod\\\/huligan-pero-jure-karamarko\\\/#primaryimage\"},\"thumbnailUrl\":\"https:\\\/\\\/webknjizara.hr\\\/wp-content\\\/uploads\\\/nc\\\/images\\\/virtuemart\\\/product\\\/KARAMARKO-ZA-WEB-NASLOVNICA-nova-od-01.09.-300x419.jpg\",\"datePublished\":\"2018-08-24T12:39:50+00:00\",\"dateModified\":\"2023-02-26T23:17:33+00:00\",\"breadcrumb\":{\"@id\":\"https:\\\/\\\/webknjizara.hr\\\/proizvod\\\/huligan-pero-jure-karamarko\\\/#breadcrumb\"},\"inLanguage\":\"en-US\",\"potentialAction\":[{\"@type\":\"ReadAction\",\"target\":[\"https:\\\/\\\/webknjizara.hr\\\/proizvod\\\/huligan-pero-jure-karamarko\\\/\"]}]},{\"@type\":\"ImageObject\",\"inLanguage\":\"en-US\",\"@id\":\"https:\\\/\\\/webknjizara.hr\\\/proizvod\\\/huligan-pero-jure-karamarko\\\/#primaryimage\",\"url\":\"https:\\\/\\\/webknjizara.hr\\\/wp-content\\\/uploads\\\/nc\\\/images\\\/virtuemart\\\/product\\\/KARAMARKO-ZA-WEB-NASLOVNICA-nova-od-01.09.-300x419.jpg\",\"contentUrl\":\"https:\\\/\\\/webknjizara.hr\\\/wp-content\\\/uploads\\\/nc\\\/images\\\/virtuemart\\\/product\\\/KARAMARKO-ZA-WEB-NASLOVNICA-nova-od-01.09.-300x419.jpg\",\"width\":300,\"height\":419,\"caption\":\"HULIGAN PERO, Jure Karamarko\"},{\"@type\":\"BreadcrumbList\",\"@id\":\"https:\\\/\\\/webknjizara.hr\\\/proizvod\\\/huligan-pero-jure-karamarko\\\/#breadcrumb\",\"itemListElement\":[{\"@type\":\"ListItem\",\"position\":1,\"name\":\"Po\u010detna stranica\",\"item\":\"https:\\\/\\\/webknjizara.hr\\\/en\\\/\"},{\"@type\":\"ListItem\",\"position\":2,\"name\":\"Shop\",\"item\":\"https:\\\/\\\/webknjizara.hr\\\/shop\\\/\"},{\"@type\":\"ListItem\",\"position\":3,\"name\":\"HULIGAN PERO, Jure Karamarko\"}]},{\"@type\":\"WebSite\",\"@id\":\"https:\\\/\\\/webknjizara.hr\\\/#website\",\"url\":\"https:\\\/\\\/webknjizara.hr\\\/\",\"name\":\"Web Knji\u017eara\",\"description\":\"\",\"publisher\":{\"@id\":\"https:\\\/\\\/webknjizara.hr\\\/#organization\"},\"potentialAction\":[{\"@type\":\"SearchAction\",\"target\":{\"@type\":\"EntryPoint\",\"urlTemplate\":\"https:\\\/\\\/webknjizara.hr\\\/?s={search_term_string}\"},\"query-input\":{\"@type\":\"PropertyValueSpecification\",\"valueRequired\":true,\"valueName\":\"search_term_string\"}}],\"inLanguage\":\"en-US\"},{\"@type\":\"Organization\",\"@id\":\"https:\\\/\\\/webknjizara.hr\\\/#organization\",\"name\":\"REDAK D.O.O.\",\"url\":\"https:\\\/\\\/webknjizara.hr\\\/\",\"logo\":{\"@type\":\"ImageObject\",\"inLanguage\":\"en-US\",\"@id\":\"https:\\\/\\\/webknjizara.hr\\\/#\\\/schema\\\/logo\\\/image\\\/\",\"url\":\"https:\\\/\\\/webknjizara.hr\\\/wp-content\\\/uploads\\\/2023\\\/01\\\/web-knjizara-logo.webp\",\"contentUrl\":\"https:\\\/\\\/webknjizara.hr\\\/wp-content\\\/uploads\\\/2023\\\/01\\\/web-knjizara-logo.webp\",\"width\":324,\"height\":79,\"caption\":\"REDAK D.O.O.\"},\"image\":{\"@id\":\"https:\\\/\\\/webknjizara.hr\\\/#\\\/schema\\\/logo\\\/image\\\/\"}}]}<\/script>\n<!-- \/ Yoast SEO plugin. -->","yoast_head_json":{"title":"HULIGAN PERO, Jure Karamarko - Web-knji\u017eara","robots":{"index":"index","follow":"follow","max-snippet":"max-snippet:-1","max-image-preview":"max-image-preview:large","max-video-preview":"max-video-preview:-1"},"canonical":"https:\/\/webknjizara.hr\/proizvod\/huligan-pero-jure-karamarko\/","og_locale":"en_US","og_type":"article","og_title":"HULIGAN PERO, Jure Karamarko - Web-knji\u017eara","og_description":"Sa\u017eetak: Huligan Pero nastao je iz serijala kratkih pri\u010da koje je autor Jure Karamarko objavljivao na Facebooku pred 11.000 \u010ditatelja svakodnevno vi\u0161e od dvije godine. Pero je imaginarni lik iz Splita, veliki navija\u010d nogometnog kluba Hajduk, romanti\u010dar, emotivac i veliki borac. Za pravdu, za ideale i neku svijetliju budu\u0107nost u zemlji gdje su mnogi pognuli [&hellip;]","og_url":"https:\/\/webknjizara.hr\/proizvod\/huligan-pero-jure-karamarko\/","og_site_name":"Web-knji\u017eara","article_modified_time":"2023-02-26T23:17:33+00:00","og_image":[{"width":300,"height":419,"url":"https:\/\/webknjizara.hr\/wp-content\/uploads\/nc\/images\/virtuemart\/product\/KARAMARKO-ZA-WEB-NASLOVNICA-nova-od-01.09.-300x419.jpg","type":"image\/jpeg"}],"twitter_card":"summary_large_image","twitter_misc":{"Est. reading time":"2 minutes"},"schema":{"@context":"https:\/\/schema.org","@graph":[{"@type":"WebPage","@id":"https:\/\/webknjizara.hr\/proizvod\/huligan-pero-jure-karamarko\/","url":"https:\/\/webknjizara.hr\/proizvod\/huligan-pero-jure-karamarko\/","name":"HULIGAN PERO, Jure Karamarko - Web-knji\u017eara","isPartOf":{"@id":"https:\/\/webknjizara.hr\/#website"},"primaryImageOfPage":{"@id":"https:\/\/webknjizara.hr\/proizvod\/huligan-pero-jure-karamarko\/#primaryimage"},"image":{"@id":"https:\/\/webknjizara.hr\/proizvod\/huligan-pero-jure-karamarko\/#primaryimage"},"thumbnailUrl":"https:\/\/webknjizara.hr\/wp-content\/uploads\/nc\/images\/virtuemart\/product\/KARAMARKO-ZA-WEB-NASLOVNICA-nova-od-01.09.-300x419.jpg","datePublished":"2018-08-24T12:39:50+00:00","dateModified":"2023-02-26T23:17:33+00:00","breadcrumb":{"@id":"https:\/\/webknjizara.hr\/proizvod\/huligan-pero-jure-karamarko\/#breadcrumb"},"inLanguage":"en-US","potentialAction":[{"@type":"ReadAction","target":["https:\/\/webknjizara.hr\/proizvod\/huligan-pero-jure-karamarko\/"]}]},{"@type":"ImageObject","inLanguage":"en-US","@id":"https:\/\/webknjizara.hr\/proizvod\/huligan-pero-jure-karamarko\/#primaryimage","url":"https:\/\/webknjizara.hr\/wp-content\/uploads\/nc\/images\/virtuemart\/product\/KARAMARKO-ZA-WEB-NASLOVNICA-nova-od-01.09.-300x419.jpg","contentUrl":"https:\/\/webknjizara.hr\/wp-content\/uploads\/nc\/images\/virtuemart\/product\/KARAMARKO-ZA-WEB-NASLOVNICA-nova-od-01.09.-300x419.jpg","width":300,"height":419,"caption":"HULIGAN PERO, Jure Karamarko"},{"@type":"BreadcrumbList","@id":"https:\/\/webknjizara.hr\/proizvod\/huligan-pero-jure-karamarko\/#breadcrumb","itemListElement":[{"@type":"ListItem","position":1,"name":"Po\u010detna stranica","item":"https:\/\/webknjizara.hr\/en\/"},{"@type":"ListItem","position":2,"name":"Shop","item":"https:\/\/webknjizara.hr\/shop\/"},{"@type":"ListItem","position":3,"name":"HULIGAN PERO, Jure Karamarko"}]},{"@type":"WebSite","@id":"https:\/\/webknjizara.hr\/#website","url":"https:\/\/webknjizara.hr\/","name":"Web Knji\u017eara","description":"","publisher":{"@id":"https:\/\/webknjizara.hr\/#organization"},"potentialAction":[{"@type":"SearchAction","target":{"@type":"EntryPoint","urlTemplate":"https:\/\/webknjizara.hr\/?s={search_term_string}"},"query-input":{"@type":"PropertyValueSpecification","valueRequired":true,"valueName":"search_term_string"}}],"inLanguage":"en-US"},{"@type":"Organization","@id":"https:\/\/webknjizara.hr\/#organization","name":"REDAK D.O.O.","url":"https:\/\/webknjizara.hr\/","logo":{"@type":"ImageObject","inLanguage":"en-US","@id":"https:\/\/webknjizara.hr\/#\/schema\/logo\/image\/","url":"https:\/\/webknjizara.hr\/wp-content\/uploads\/2023\/01\/web-knjizara-logo.webp","contentUrl":"https:\/\/webknjizara.hr\/wp-content\/uploads\/2023\/01\/web-knjizara-logo.webp","width":324,"height":79,"caption":"REDAK D.O.O."},"image":{"@id":"https:\/\/webknjizara.hr\/#\/schema\/logo\/image\/"}}]}},"_links":{"self":[{"href":"https:\/\/webknjizara.hr\/en\/wp-json\/wp\/v2\/product\/8822","targetHints":{"allow":["GET"]}}],"collection":[{"href":"https:\/\/webknjizara.hr\/en\/wp-json\/wp\/v2\/product"}],"about":[{"href":"https:\/\/webknjizara.hr\/en\/wp-json\/wp\/v2\/types\/product"}],"replies":[{"embeddable":true,"href":"https:\/\/webknjizara.hr\/en\/wp-json\/wp\/v2\/comments?post=8822"}],"wp:featuredmedia":[{"embeddable":true,"href":"https:\/\/webknjizara.hr\/en\/wp-json\/wp\/v2\/media\/8823"}],"wp:attachment":[{"href":"https:\/\/webknjizara.hr\/en\/wp-json\/wp\/v2\/media?parent=8822"}],"wp:term":[{"taxonomy":"product_brand","embeddable":true,"href":"https:\/\/webknjizara.hr\/en\/wp-json\/wp\/v2\/product_brand?post=8822"},{"taxonomy":"product_cat","embeddable":true,"href":"https:\/\/webknjizara.hr\/en\/wp-json\/wp\/v2\/product_cat?post=8822"},{"taxonomy":"product_tag","embeddable":true,"href":"https:\/\/webknjizara.hr\/en\/wp-json\/wp\/v2\/product_tag?post=8822"}],"curies":[{"name":"wp","href":"https:\/\/api.w.org\/{rel}","templated":true}]}}