{"id":8812,"date":"2018-08-01T00:34:42","date_gmt":"2018-08-01T00:34:42","guid":{"rendered":"https:\/\/webknjizara.hr\/?product=znanstveni-casopis-%e2%80%9einterdisciplinary-description-of-complex-systems%e2%80%9c162"},"modified":"2023-02-27T00:17:33","modified_gmt":"2023-02-26T23:17:33","slug":"znanstveni-casopis-interdisciplinary-description-of-complex-systems-16-2","status":"publish","type":"product","link":"https:\/\/webknjizara.hr\/en\/proizvod\/znanstveni-casopis-interdisciplinary-description-of-complex-systems-16-2\/","title":{"rendered":"ZNANSTVENI \u010cASOPIS \u201eINTERDISCIPLINARY DESCRIPTION OF COMPLEX SYSTEMS\u201c16(2)"},"content":{"rendered":"<p style=\"text-align: justify;\"><strong>Sa\u017eetak:<\/strong> <\/p>\n<p>8 znanstvenih radova o radu i tehnici, te o ostalim interdisciplinarnim temama<\/p>\n<p style=\"text-align: justify;\"><strong>Bilje\u0161ka o autorima:<\/strong> <\/p>\n<p>Grupa autora<\/p>\n<p style=\"text-align: justify;\"><strong>Klju\u010dne rije\u010di:<\/strong> business process management, business process management software, critical success factors, case study,<br \/>Croatia, social network analysis, innovation, Internet of Things, IoT, joint application patent, sustainable development, teaching methodology, learning outcomes, ICT, co-creation, humour, tourism attractions, DMOs, leadership styles, Mann-Whitney test, leadership styles questionnaire, internet marketing, digital marketing, online marketing, online consumer, corporate social responsibility, stakeholder, stakeholder orientation, CSR reporting, spatial and municipality development, sustainability, strategic document, EU project<\/p>\n<p style=\"text-align: justify;\"><strong>Link:<\/strong>\u00a0<a href=\"http:\/\/indecs.eu\" target=\"_blank\" rel=\"noopener noreferrer\">http:\/\/indecs.eu<\/a> <\/p>\n<p><strong>Naslov:<\/strong> Znanstveni \u010dasopis \u201eInterdisciplinary description of complex systems\u201c16(2)<br \/><strong>Autori:<\/strong> Grupa autora <br \/><strong>Broj stranica:<\/strong> 128<br \/><strong>Nakladnik:<\/strong> Hrvatsko interdisciplinarno dru\u0161tvo<br \/><strong>Godina izdanja:<\/strong> 2018.<br \/><strong>ISBN:<\/strong> ISSN 1334-4684<br \/><strong>Tisak:<\/strong> digitalni tisak knjiga &#8211; print na zahtjev\u00a0<\/p>\n<hr \/>\n<p style=\"text-align: justify;\"><strong>Kako naru\u010diti knjigu?\u00a0<\/strong>Proces online kupovine jednako funkcionira za sve kupce, s jedinom razlikom u tome \u0161to \u0161to kupci iz inozemstva za podru\u010dje dostave moraju odabrati &#8220;Europa&#8221; ili &#8220;Ostale zemlje svijeta&#8221;, a za vrstu pla\u0107anja WSPay (kreditna kartica) ili Virmanom (bankovni transfer).<\/p>\n<p style=\"text-align: justify;\">Molimo kliknite ovdje za\u00a0<a href=\"hr\/kako-kupovati\">detaljni vodi\u010d kroz proces narud\u017ebe<\/a>\u00a0ili nas\u00a0<a href=\"hr\/kontakt\">kontaktirajte<\/a>\u00a0za vi\u0161e informacija.<\/p>\n<p style=\"text-align: justify;\">\u00a0<\/p>\n","protected":false},"excerpt":{"rendered":"<p>Sa\u017eetak: 8 znanstvenih radova o radu i tehnici, te o ostalim interdisciplinarnim temama Bilje\u0161ka o autorima: Grupa autora Klju\u010dne rije\u010di: business process management, business process management software, critical success factors, case study,Croatia, social network analysis, innovation, Internet of Things, IoT, joint application patent, sustainable development, teaching methodology, learning outcomes, ICT, co-creation, humour, tourism attractions, DMOs, [&hellip;]<\/p>\n","protected":false},"featured_media":8813,"comment_status":"open","ping_status":"closed","template":"","meta":{"_acf_changed":false},"product_brand":[],"product_cat":[1539],"product_tag":[],"class_list":{"0":"post-8812","1":"product","2":"type-product","3":"status-publish","4":"has-post-thumbnail","6":"product_cat-sveucilisni-udzbenici-i-prirucnici","7":"pa_autor-josip-stepanic","8":"pa_nakladnik-hrvatsko-interdisciplinarno-drustvo","10":"first","11":"instock","12":"shipping-taxable","13":"purchasable","14":"product-type-simple"},"acf":[],"yoast_head":"<!-- This site is optimized with the Yoast SEO plugin v27.3 - https:\/\/yoast.com\/product\/yoast-seo-wordpress\/ -->\n<title>ZNANSTVENI \u010cASOPIS \u201eINTERDISCIPLINARY DESCRIPTION OF COMPLEX SYSTEMS\u201c16(2) - Web-knji\u017eara<\/title>\n<meta name=\"robots\" content=\"index, follow, max-snippet:-1, max-image-preview:large, max-video-preview:-1\" \/>\n<link rel=\"canonical\" href=\"https:\/\/webknjizara.hr\/proizvod\/znanstveni-casopis-interdisciplinary-description-of-complex-systems-16-2\/\" \/>\n<meta property=\"og:locale\" content=\"en_US\" \/>\n<meta property=\"og:type\" content=\"article\" \/>\n<meta property=\"og:title\" content=\"ZNANSTVENI \u010cASOPIS \u201eINTERDISCIPLINARY DESCRIPTION OF COMPLEX SYSTEMS\u201c16(2) - Web-knji\u017eara\" \/>\n<meta property=\"og:description\" content=\"Sa\u017eetak: 8 znanstvenih radova o radu i tehnici, te o ostalim interdisciplinarnim temama Bilje\u0161ka o autorima: Grupa autora Klju\u010dne rije\u010di: business process management, business process management software, critical success factors, case study,Croatia, social network analysis, innovation, Internet of Things, IoT, joint application patent, sustainable development, teaching methodology, learning outcomes, ICT, co-creation, humour, tourism attractions, DMOs, [&hellip;]\" \/>\n<meta property=\"og:url\" content=\"https:\/\/webknjizara.hr\/proizvod\/znanstveni-casopis-interdisciplinary-description-of-complex-systems-16-2\/\" \/>\n<meta property=\"og:site_name\" content=\"Web-knji\u017eara\" \/>\n<meta property=\"article:modified_time\" content=\"2023-02-26T23:17:33+00:00\" \/>\n<meta property=\"og:image\" content=\"https:\/\/webknjizara.hr\/wp-content\/uploads\/nc\/images\/virtuemart\/product\/hrvatsko-interdisciplinarno_naslovnica-300x419.jpg\" \/>\n\t<meta property=\"og:image:width\" content=\"300\" \/>\n\t<meta property=\"og:image:height\" content=\"419\" \/>\n\t<meta property=\"og:image:type\" content=\"image\/jpeg\" \/>\n<meta name=\"twitter:card\" content=\"summary_large_image\" \/>\n<meta name=\"twitter:label1\" content=\"Est. reading time\" \/>\n\t<meta name=\"twitter:data1\" content=\"1 minute\" \/>\n<script type=\"application\/ld+json\" class=\"yoast-schema-graph\">{\"@context\":\"https:\\\/\\\/schema.org\",\"@graph\":[{\"@type\":\"WebPage\",\"@id\":\"https:\\\/\\\/webknjizara.hr\\\/proizvod\\\/znanstveni-casopis-interdisciplinary-description-of-complex-systems-16-2\\\/\",\"url\":\"https:\\\/\\\/webknjizara.hr\\\/proizvod\\\/znanstveni-casopis-interdisciplinary-description-of-complex-systems-16-2\\\/\",\"name\":\"ZNANSTVENI \u010cASOPIS \u201eINTERDISCIPLINARY DESCRIPTION OF COMPLEX SYSTEMS\u201c16(2) - Web-knji\u017eara\",\"isPartOf\":{\"@id\":\"https:\\\/\\\/webknjizara.hr\\\/#website\"},\"primaryImageOfPage\":{\"@id\":\"https:\\\/\\\/webknjizara.hr\\\/proizvod\\\/znanstveni-casopis-interdisciplinary-description-of-complex-systems-16-2\\\/#primaryimage\"},\"image\":{\"@id\":\"https:\\\/\\\/webknjizara.hr\\\/proizvod\\\/znanstveni-casopis-interdisciplinary-description-of-complex-systems-16-2\\\/#primaryimage\"},\"thumbnailUrl\":\"https:\\\/\\\/webknjizara.hr\\\/wp-content\\\/uploads\\\/nc\\\/images\\\/virtuemart\\\/product\\\/hrvatsko-interdisciplinarno_naslovnica-300x419.jpg\",\"datePublished\":\"2018-08-01T00:34:42+00:00\",\"dateModified\":\"2023-02-26T23:17:33+00:00\",\"breadcrumb\":{\"@id\":\"https:\\\/\\\/webknjizara.hr\\\/proizvod\\\/znanstveni-casopis-interdisciplinary-description-of-complex-systems-16-2\\\/#breadcrumb\"},\"inLanguage\":\"en-US\",\"potentialAction\":[{\"@type\":\"ReadAction\",\"target\":[\"https:\\\/\\\/webknjizara.hr\\\/proizvod\\\/znanstveni-casopis-interdisciplinary-description-of-complex-systems-16-2\\\/\"]}]},{\"@type\":\"ImageObject\",\"inLanguage\":\"en-US\",\"@id\":\"https:\\\/\\\/webknjizara.hr\\\/proizvod\\\/znanstveni-casopis-interdisciplinary-description-of-complex-systems-16-2\\\/#primaryimage\",\"url\":\"https:\\\/\\\/webknjizara.hr\\\/wp-content\\\/uploads\\\/nc\\\/images\\\/virtuemart\\\/product\\\/hrvatsko-interdisciplinarno_naslovnica-300x419.jpg\",\"contentUrl\":\"https:\\\/\\\/webknjizara.hr\\\/wp-content\\\/uploads\\\/nc\\\/images\\\/virtuemart\\\/product\\\/hrvatsko-interdisciplinarno_naslovnica-300x419.jpg\",\"width\":300,\"height\":419,\"caption\":\"ZNANSTVENI \u010cASOPIS \u201eINTERDISCIPLINARY DESCRIPTION OF COMPLEX SYSTEMS\u201c16(2)\"},{\"@type\":\"BreadcrumbList\",\"@id\":\"https:\\\/\\\/webknjizara.hr\\\/proizvod\\\/znanstveni-casopis-interdisciplinary-description-of-complex-systems-16-2\\\/#breadcrumb\",\"itemListElement\":[{\"@type\":\"ListItem\",\"position\":1,\"name\":\"Po\u010detna stranica\",\"item\":\"https:\\\/\\\/webknjizara.hr\\\/en\\\/\"},{\"@type\":\"ListItem\",\"position\":2,\"name\":\"Shop\",\"item\":\"https:\\\/\\\/webknjizara.hr\\\/shop\\\/\"},{\"@type\":\"ListItem\",\"position\":3,\"name\":\"ZNANSTVENI \u010cASOPIS \u201eINTERDISCIPLINARY DESCRIPTION OF COMPLEX SYSTEMS\u201c16(2)\"}]},{\"@type\":\"WebSite\",\"@id\":\"https:\\\/\\\/webknjizara.hr\\\/#website\",\"url\":\"https:\\\/\\\/webknjizara.hr\\\/\",\"name\":\"Web Knji\u017eara\",\"description\":\"\",\"publisher\":{\"@id\":\"https:\\\/\\\/webknjizara.hr\\\/#organization\"},\"potentialAction\":[{\"@type\":\"SearchAction\",\"target\":{\"@type\":\"EntryPoint\",\"urlTemplate\":\"https:\\\/\\\/webknjizara.hr\\\/?s={search_term_string}\"},\"query-input\":{\"@type\":\"PropertyValueSpecification\",\"valueRequired\":true,\"valueName\":\"search_term_string\"}}],\"inLanguage\":\"en-US\"},{\"@type\":\"Organization\",\"@id\":\"https:\\\/\\\/webknjizara.hr\\\/#organization\",\"name\":\"REDAK D.O.O.\",\"url\":\"https:\\\/\\\/webknjizara.hr\\\/\",\"logo\":{\"@type\":\"ImageObject\",\"inLanguage\":\"en-US\",\"@id\":\"https:\\\/\\\/webknjizara.hr\\\/#\\\/schema\\\/logo\\\/image\\\/\",\"url\":\"https:\\\/\\\/webknjizara.hr\\\/wp-content\\\/uploads\\\/2023\\\/01\\\/web-knjizara-logo.webp\",\"contentUrl\":\"https:\\\/\\\/webknjizara.hr\\\/wp-content\\\/uploads\\\/2023\\\/01\\\/web-knjizara-logo.webp\",\"width\":324,\"height\":79,\"caption\":\"REDAK D.O.O.\"},\"image\":{\"@id\":\"https:\\\/\\\/webknjizara.hr\\\/#\\\/schema\\\/logo\\\/image\\\/\"}}]}<\/script>\n<!-- \/ Yoast SEO plugin. -->","yoast_head_json":{"title":"ZNANSTVENI \u010cASOPIS \u201eINTERDISCIPLINARY DESCRIPTION OF COMPLEX SYSTEMS\u201c16(2) - Web-knji\u017eara","robots":{"index":"index","follow":"follow","max-snippet":"max-snippet:-1","max-image-preview":"max-image-preview:large","max-video-preview":"max-video-preview:-1"},"canonical":"https:\/\/webknjizara.hr\/proizvod\/znanstveni-casopis-interdisciplinary-description-of-complex-systems-16-2\/","og_locale":"en_US","og_type":"article","og_title":"ZNANSTVENI \u010cASOPIS \u201eINTERDISCIPLINARY DESCRIPTION OF COMPLEX SYSTEMS\u201c16(2) - Web-knji\u017eara","og_description":"Sa\u017eetak: 8 znanstvenih radova o radu i tehnici, te o ostalim interdisciplinarnim temama Bilje\u0161ka o autorima: Grupa autora Klju\u010dne rije\u010di: business process management, business process management software, critical success factors, case study,Croatia, social network analysis, innovation, Internet of Things, IoT, joint application patent, sustainable development, teaching methodology, learning outcomes, ICT, co-creation, humour, tourism attractions, DMOs, [&hellip;]","og_url":"https:\/\/webknjizara.hr\/proizvod\/znanstveni-casopis-interdisciplinary-description-of-complex-systems-16-2\/","og_site_name":"Web-knji\u017eara","article_modified_time":"2023-02-26T23:17:33+00:00","og_image":[{"width":300,"height":419,"url":"https:\/\/webknjizara.hr\/wp-content\/uploads\/nc\/images\/virtuemart\/product\/hrvatsko-interdisciplinarno_naslovnica-300x419.jpg","type":"image\/jpeg"}],"twitter_card":"summary_large_image","twitter_misc":{"Est. reading time":"1 minute"},"schema":{"@context":"https:\/\/schema.org","@graph":[{"@type":"WebPage","@id":"https:\/\/webknjizara.hr\/proizvod\/znanstveni-casopis-interdisciplinary-description-of-complex-systems-16-2\/","url":"https:\/\/webknjizara.hr\/proizvod\/znanstveni-casopis-interdisciplinary-description-of-complex-systems-16-2\/","name":"ZNANSTVENI \u010cASOPIS \u201eINTERDISCIPLINARY DESCRIPTION OF COMPLEX SYSTEMS\u201c16(2) - Web-knji\u017eara","isPartOf":{"@id":"https:\/\/webknjizara.hr\/#website"},"primaryImageOfPage":{"@id":"https:\/\/webknjizara.hr\/proizvod\/znanstveni-casopis-interdisciplinary-description-of-complex-systems-16-2\/#primaryimage"},"image":{"@id":"https:\/\/webknjizara.hr\/proizvod\/znanstveni-casopis-interdisciplinary-description-of-complex-systems-16-2\/#primaryimage"},"thumbnailUrl":"https:\/\/webknjizara.hr\/wp-content\/uploads\/nc\/images\/virtuemart\/product\/hrvatsko-interdisciplinarno_naslovnica-300x419.jpg","datePublished":"2018-08-01T00:34:42+00:00","dateModified":"2023-02-26T23:17:33+00:00","breadcrumb":{"@id":"https:\/\/webknjizara.hr\/proizvod\/znanstveni-casopis-interdisciplinary-description-of-complex-systems-16-2\/#breadcrumb"},"inLanguage":"en-US","potentialAction":[{"@type":"ReadAction","target":["https:\/\/webknjizara.hr\/proizvod\/znanstveni-casopis-interdisciplinary-description-of-complex-systems-16-2\/"]}]},{"@type":"ImageObject","inLanguage":"en-US","@id":"https:\/\/webknjizara.hr\/proizvod\/znanstveni-casopis-interdisciplinary-description-of-complex-systems-16-2\/#primaryimage","url":"https:\/\/webknjizara.hr\/wp-content\/uploads\/nc\/images\/virtuemart\/product\/hrvatsko-interdisciplinarno_naslovnica-300x419.jpg","contentUrl":"https:\/\/webknjizara.hr\/wp-content\/uploads\/nc\/images\/virtuemart\/product\/hrvatsko-interdisciplinarno_naslovnica-300x419.jpg","width":300,"height":419,"caption":"ZNANSTVENI \u010cASOPIS \u201eINTERDISCIPLINARY DESCRIPTION OF COMPLEX SYSTEMS\u201c16(2)"},{"@type":"BreadcrumbList","@id":"https:\/\/webknjizara.hr\/proizvod\/znanstveni-casopis-interdisciplinary-description-of-complex-systems-16-2\/#breadcrumb","itemListElement":[{"@type":"ListItem","position":1,"name":"Po\u010detna stranica","item":"https:\/\/webknjizara.hr\/en\/"},{"@type":"ListItem","position":2,"name":"Shop","item":"https:\/\/webknjizara.hr\/shop\/"},{"@type":"ListItem","position":3,"name":"ZNANSTVENI \u010cASOPIS \u201eINTERDISCIPLINARY DESCRIPTION OF COMPLEX SYSTEMS\u201c16(2)"}]},{"@type":"WebSite","@id":"https:\/\/webknjizara.hr\/#website","url":"https:\/\/webknjizara.hr\/","name":"Web Knji\u017eara","description":"","publisher":{"@id":"https:\/\/webknjizara.hr\/#organization"},"potentialAction":[{"@type":"SearchAction","target":{"@type":"EntryPoint","urlTemplate":"https:\/\/webknjizara.hr\/?s={search_term_string}"},"query-input":{"@type":"PropertyValueSpecification","valueRequired":true,"valueName":"search_term_string"}}],"inLanguage":"en-US"},{"@type":"Organization","@id":"https:\/\/webknjizara.hr\/#organization","name":"REDAK D.O.O.","url":"https:\/\/webknjizara.hr\/","logo":{"@type":"ImageObject","inLanguage":"en-US","@id":"https:\/\/webknjizara.hr\/#\/schema\/logo\/image\/","url":"https:\/\/webknjizara.hr\/wp-content\/uploads\/2023\/01\/web-knjizara-logo.webp","contentUrl":"https:\/\/webknjizara.hr\/wp-content\/uploads\/2023\/01\/web-knjizara-logo.webp","width":324,"height":79,"caption":"REDAK D.O.O."},"image":{"@id":"https:\/\/webknjizara.hr\/#\/schema\/logo\/image\/"}}]}},"_links":{"self":[{"href":"https:\/\/webknjizara.hr\/en\/wp-json\/wp\/v2\/product\/8812","targetHints":{"allow":["GET"]}}],"collection":[{"href":"https:\/\/webknjizara.hr\/en\/wp-json\/wp\/v2\/product"}],"about":[{"href":"https:\/\/webknjizara.hr\/en\/wp-json\/wp\/v2\/types\/product"}],"replies":[{"embeddable":true,"href":"https:\/\/webknjizara.hr\/en\/wp-json\/wp\/v2\/comments?post=8812"}],"wp:featuredmedia":[{"embeddable":true,"href":"https:\/\/webknjizara.hr\/en\/wp-json\/wp\/v2\/media\/8813"}],"wp:attachment":[{"href":"https:\/\/webknjizara.hr\/en\/wp-json\/wp\/v2\/media?parent=8812"}],"wp:term":[{"taxonomy":"product_brand","embeddable":true,"href":"https:\/\/webknjizara.hr\/en\/wp-json\/wp\/v2\/product_brand?post=8812"},{"taxonomy":"product_cat","embeddable":true,"href":"https:\/\/webknjizara.hr\/en\/wp-json\/wp\/v2\/product_cat?post=8812"},{"taxonomy":"product_tag","embeddable":true,"href":"https:\/\/webknjizara.hr\/en\/wp-json\/wp\/v2\/product_tag?post=8812"}],"curies":[{"name":"wp","href":"https:\/\/api.w.org\/{rel}","templated":true}]}}