{"id":8802,"date":"2018-07-20T01:56:47","date_gmt":"2018-07-20T01:56:47","guid":{"rendered":"https:\/\/webknjizara.hr\/?product=osvajaci-slanih-mocvara-ivo-mador"},"modified":"2023-02-27T00:17:32","modified_gmt":"2023-02-26T23:17:32","slug":"osvajaci-slanih-mocvara-ivo-mador","status":"publish","type":"product","link":"https:\/\/webknjizara.hr\/en\/proizvod\/osvajaci-slanih-mocvara-ivo-mador\/","title":{"rendered":"OSVAJA\u010cI SLANIH MO\u010cVARA, Ivo Ma\u0111or"},"content":{"rendered":"<p style=\"text-align: justify;\"><strong>Bilje\u0161ka o autoru:<\/strong> <\/p>\n<p>Ivo Ma\u0111or rodio se 17. o\u017eujka 1936. u selu Mihalj s deltine strane poluotoka Slivno. Od 1988. godine stanovnik je sela Blace na morskoj strani poluotoka. Od ranog djetinjstva, koje je onodobno bilo siroma\u0161no i te\u0161ko, trpe\u0107i mo\u010dvaru i prebolijevaju\u0107i malariji, bori se za goli \u017eivot. Stizao je Drugi svjetski rat, zatim poratne godine, na koje se nadovezalo jo\u0161 ve\u0107e zlo \u2013 kolhozi prema ruskom modelu selja\u0161tva. Ipak, pored svih tih neda\u0107a, u njemu tinja ljubav prema knjizi. Dok su se njegovi vr\u0161njaci igrali, on bi negdje na osami \u010ditao, bilo \u0161to, \u0161to bi na\u0161ao bratovo koji je poha\u0111ao visoke \u0161kole. Mada je \u017eelio \u0161kolu, nije ga zapalo jer je bio stariji i potreban podizati mla\u0111e. Veslanje, lancanje, kopanje, jende\u010denje, mu\u010dili su njegovo tijelo, ve\u0107 naviklo na to su\u0111eno. Sre\u0107om, nestalo je tih poslova i \u017eivot se pobolj\u0161ao, ali oti\u0161le su najbolje godine. U sedamdesetoj godini \u017eivota, neka ga je unutarnja snaga nagnala, privoljela, da po\u010dne pisati. Zahvaljuju\u0107i dru\u017eenju s knjigom od malena, imao je podosta op\u0107eg znanja i uvjerenja da to mo\u017ee. Kasnije je po\u010deo i slikati, a davno prije je fotografirao i izlagao. Sada u osamdesetima, kada mnogima \u017eivot blijedi, usre\u0107uje ga to \u0161to radi. \u010cesto pomi\u0161lja kako sva\u010dija patnja treba biti nagra\u0111ena do kraja \u017eivota, ako je pravde? Zna re\u0107i da nema ni\u0161ta ljep\u0161e kada \u010dovjek oslabi fizi\u010dki od toga da mo\u017ee svoje vrijeme uljep\u0161ati, kao \u0161to to on \u010dini, te tvrdi da nikada nije kasno znati \u017eivjeti!<\/p>\n<p style=\"text-align: justify;\"><strong>Klju\u010dne rije\u010di:<\/strong> dolina Neretve, Slivno, mo\u010dvare, melioracija, industrijalizacija, pobuna seljaka<\/p>\n<p><strong>Naslov:<\/strong>\u00a0Osvaja\u010di slanih mo\u010dvara<br \/><strong>Autor:<\/strong> Ivo Ma\u0111or<br \/><strong>Broj stranica:<\/strong> 128<br \/><strong>Nakladnik:<\/strong> REDAK<br \/><strong>Godina izdanja:<\/strong> 2018.<br \/><strong>ISBN:<\/strong> 978-953-336-501-5<br \/><strong>Tisak:<\/strong> digitalni tisak knjiga &#8211; print na zahtjev\u00a0<\/p>\n<hr \/>\n<p style=\"font-weight: 400; text-align: justify;\"><strong>Kako naru\u010diti knjigu?\u00a0<\/strong>Proces online kupovine jednako funkcionira za sve kupce, s jedinom razlikom u tome \u0161to \u0161to kupci iz inozemstva za podru\u010dje dostave moraju odabrati &#8220;Europa&#8221; ili &#8220;Ostale zemlje svijeta&#8221;, a za vrstu pla\u0107anja WSPay (kreditna kartica) ili Virmanom (bankovni transfer).<\/p>\n<p style=\"font-weight: 400; text-align: justify;\">Molimo kliknite ovdje za\u00a0<a href=\"hr\/kako-kupovati\">detaljni vodi\u010d kroz proces narud\u017ebe<\/a>\u00a0ili nas\u00a0<a href=\"hr\/kontakt\">kontaktirajte<\/a>\u00a0za vi\u0161e informacija.<\/p>\n<p style=\"font-weight: 400; text-align: justify;\">\u00a0<\/p>\n","protected":false},"excerpt":{"rendered":"<p>Bilje\u0161ka o autoru: Ivo Ma\u0111or rodio se 17. o\u017eujka 1936. u selu Mihalj s deltine strane poluotoka Slivno. Od 1988. godine stanovnik je sela Blace na morskoj strani poluotoka. Od ranog djetinjstva, koje je onodobno bilo siroma\u0161no i te\u0161ko, trpe\u0107i mo\u010dvaru i prebolijevaju\u0107i malariji, bori se za goli \u017eivot. Stizao je Drugi svjetski rat, zatim [&hellip;]<\/p>\n","protected":false},"featured_media":8803,"comment_status":"open","ping_status":"closed","template":"","meta":{"_acf_changed":false},"product_brand":[],"product_cat":[1383,1385],"product_tag":[],"class_list":{"0":"post-8802","1":"product","2":"type-product","3":"status-publish","4":"has-post-thumbnail","6":"product_cat-knjige","7":"product_cat-knjizevnost","8":"pa_autor-ivo-mador","9":"pa_nakladnik-redak","11":"first","12":"instock","13":"shipping-taxable","14":"purchasable","15":"product-type-simple"},"acf":[],"yoast_head":"<!-- This site is optimized with the Yoast SEO plugin v27.3 - https:\/\/yoast.com\/product\/yoast-seo-wordpress\/ -->\n<title>OSVAJA\u010cI SLANIH MO\u010cVARA, Ivo Ma\u0111or - Web-knji\u017eara<\/title>\n<meta name=\"robots\" content=\"index, follow, max-snippet:-1, max-image-preview:large, max-video-preview:-1\" \/>\n<link rel=\"canonical\" href=\"https:\/\/webknjizara.hr\/proizvod\/osvajaci-slanih-mocvara-ivo-mador\/\" \/>\n<meta property=\"og:locale\" content=\"en_US\" \/>\n<meta property=\"og:type\" content=\"article\" \/>\n<meta property=\"og:title\" content=\"OSVAJA\u010cI SLANIH MO\u010cVARA, Ivo Ma\u0111or - Web-knji\u017eara\" \/>\n<meta property=\"og:description\" content=\"Bilje\u0161ka o autoru: Ivo Ma\u0111or rodio se 17. o\u017eujka 1936. u selu Mihalj s deltine strane poluotoka Slivno. Od 1988. godine stanovnik je sela Blace na morskoj strani poluotoka. Od ranog djetinjstva, koje je onodobno bilo siroma\u0161no i te\u0161ko, trpe\u0107i mo\u010dvaru i prebolijevaju\u0107i malariji, bori se za goli \u017eivot. Stizao je Drugi svjetski rat, zatim [&hellip;]\" \/>\n<meta property=\"og:url\" content=\"https:\/\/webknjizara.hr\/proizvod\/osvajaci-slanih-mocvara-ivo-mador\/\" \/>\n<meta property=\"og:site_name\" content=\"Web-knji\u017eara\" \/>\n<meta property=\"article:modified_time\" content=\"2023-02-26T23:17:32+00:00\" \/>\n<meta property=\"og:image\" content=\"https:\/\/webknjizara.hr\/wp-content\/uploads\/nc\/images\/virtuemart\/product\/Naslovnica-Mador-300x419.jpg\" \/>\n\t<meta property=\"og:image:width\" content=\"300\" \/>\n\t<meta property=\"og:image:height\" content=\"419\" \/>\n\t<meta property=\"og:image:type\" content=\"image\/jpeg\" \/>\n<meta name=\"twitter:card\" content=\"summary_large_image\" \/>\n<meta name=\"twitter:label1\" content=\"Est. reading time\" \/>\n\t<meta name=\"twitter:data1\" content=\"2 minutes\" \/>\n<script type=\"application\/ld+json\" class=\"yoast-schema-graph\">{\"@context\":\"https:\\\/\\\/schema.org\",\"@graph\":[{\"@type\":\"WebPage\",\"@id\":\"https:\\\/\\\/webknjizara.hr\\\/proizvod\\\/osvajaci-slanih-mocvara-ivo-mador\\\/\",\"url\":\"https:\\\/\\\/webknjizara.hr\\\/proizvod\\\/osvajaci-slanih-mocvara-ivo-mador\\\/\",\"name\":\"OSVAJA\u010cI SLANIH MO\u010cVARA, Ivo Ma\u0111or - Web-knji\u017eara\",\"isPartOf\":{\"@id\":\"https:\\\/\\\/webknjizara.hr\\\/#website\"},\"primaryImageOfPage\":{\"@id\":\"https:\\\/\\\/webknjizara.hr\\\/proizvod\\\/osvajaci-slanih-mocvara-ivo-mador\\\/#primaryimage\"},\"image\":{\"@id\":\"https:\\\/\\\/webknjizara.hr\\\/proizvod\\\/osvajaci-slanih-mocvara-ivo-mador\\\/#primaryimage\"},\"thumbnailUrl\":\"https:\\\/\\\/webknjizara.hr\\\/wp-content\\\/uploads\\\/nc\\\/images\\\/virtuemart\\\/product\\\/Naslovnica-Mador-300x419.jpg\",\"datePublished\":\"2018-07-20T01:56:47+00:00\",\"dateModified\":\"2023-02-26T23:17:32+00:00\",\"breadcrumb\":{\"@id\":\"https:\\\/\\\/webknjizara.hr\\\/proizvod\\\/osvajaci-slanih-mocvara-ivo-mador\\\/#breadcrumb\"},\"inLanguage\":\"en-US\",\"potentialAction\":[{\"@type\":\"ReadAction\",\"target\":[\"https:\\\/\\\/webknjizara.hr\\\/proizvod\\\/osvajaci-slanih-mocvara-ivo-mador\\\/\"]}]},{\"@type\":\"ImageObject\",\"inLanguage\":\"en-US\",\"@id\":\"https:\\\/\\\/webknjizara.hr\\\/proizvod\\\/osvajaci-slanih-mocvara-ivo-mador\\\/#primaryimage\",\"url\":\"https:\\\/\\\/webknjizara.hr\\\/wp-content\\\/uploads\\\/nc\\\/images\\\/virtuemart\\\/product\\\/Naslovnica-Mador-300x419.jpg\",\"contentUrl\":\"https:\\\/\\\/webknjizara.hr\\\/wp-content\\\/uploads\\\/nc\\\/images\\\/virtuemart\\\/product\\\/Naslovnica-Mador-300x419.jpg\",\"width\":300,\"height\":419,\"caption\":\"OSVAJA\u010cI SLANIH MO\u010cVARA, Ivo Ma\u0111or\"},{\"@type\":\"BreadcrumbList\",\"@id\":\"https:\\\/\\\/webknjizara.hr\\\/proizvod\\\/osvajaci-slanih-mocvara-ivo-mador\\\/#breadcrumb\",\"itemListElement\":[{\"@type\":\"ListItem\",\"position\":1,\"name\":\"Po\u010detna stranica\",\"item\":\"https:\\\/\\\/webknjizara.hr\\\/en\\\/\"},{\"@type\":\"ListItem\",\"position\":2,\"name\":\"Shop\",\"item\":\"https:\\\/\\\/webknjizara.hr\\\/shop\\\/\"},{\"@type\":\"ListItem\",\"position\":3,\"name\":\"OSVAJA\u010cI SLANIH MO\u010cVARA, Ivo Ma\u0111or\"}]},{\"@type\":\"WebSite\",\"@id\":\"https:\\\/\\\/webknjizara.hr\\\/#website\",\"url\":\"https:\\\/\\\/webknjizara.hr\\\/\",\"name\":\"Web Knji\u017eara\",\"description\":\"\",\"publisher\":{\"@id\":\"https:\\\/\\\/webknjizara.hr\\\/#organization\"},\"potentialAction\":[{\"@type\":\"SearchAction\",\"target\":{\"@type\":\"EntryPoint\",\"urlTemplate\":\"https:\\\/\\\/webknjizara.hr\\\/?s={search_term_string}\"},\"query-input\":{\"@type\":\"PropertyValueSpecification\",\"valueRequired\":true,\"valueName\":\"search_term_string\"}}],\"inLanguage\":\"en-US\"},{\"@type\":\"Organization\",\"@id\":\"https:\\\/\\\/webknjizara.hr\\\/#organization\",\"name\":\"REDAK D.O.O.\",\"url\":\"https:\\\/\\\/webknjizara.hr\\\/\",\"logo\":{\"@type\":\"ImageObject\",\"inLanguage\":\"en-US\",\"@id\":\"https:\\\/\\\/webknjizara.hr\\\/#\\\/schema\\\/logo\\\/image\\\/\",\"url\":\"https:\\\/\\\/webknjizara.hr\\\/wp-content\\\/uploads\\\/2023\\\/01\\\/web-knjizara-logo.webp\",\"contentUrl\":\"https:\\\/\\\/webknjizara.hr\\\/wp-content\\\/uploads\\\/2023\\\/01\\\/web-knjizara-logo.webp\",\"width\":324,\"height\":79,\"caption\":\"REDAK D.O.O.\"},\"image\":{\"@id\":\"https:\\\/\\\/webknjizara.hr\\\/#\\\/schema\\\/logo\\\/image\\\/\"}}]}<\/script>\n<!-- \/ Yoast SEO plugin. -->","yoast_head_json":{"title":"OSVAJA\u010cI SLANIH MO\u010cVARA, Ivo Ma\u0111or - Web-knji\u017eara","robots":{"index":"index","follow":"follow","max-snippet":"max-snippet:-1","max-image-preview":"max-image-preview:large","max-video-preview":"max-video-preview:-1"},"canonical":"https:\/\/webknjizara.hr\/proizvod\/osvajaci-slanih-mocvara-ivo-mador\/","og_locale":"en_US","og_type":"article","og_title":"OSVAJA\u010cI SLANIH MO\u010cVARA, Ivo Ma\u0111or - Web-knji\u017eara","og_description":"Bilje\u0161ka o autoru: Ivo Ma\u0111or rodio se 17. o\u017eujka 1936. u selu Mihalj s deltine strane poluotoka Slivno. Od 1988. godine stanovnik je sela Blace na morskoj strani poluotoka. Od ranog djetinjstva, koje je onodobno bilo siroma\u0161no i te\u0161ko, trpe\u0107i mo\u010dvaru i prebolijevaju\u0107i malariji, bori se za goli \u017eivot. Stizao je Drugi svjetski rat, zatim [&hellip;]","og_url":"https:\/\/webknjizara.hr\/proizvod\/osvajaci-slanih-mocvara-ivo-mador\/","og_site_name":"Web-knji\u017eara","article_modified_time":"2023-02-26T23:17:32+00:00","og_image":[{"width":300,"height":419,"url":"https:\/\/webknjizara.hr\/wp-content\/uploads\/nc\/images\/virtuemart\/product\/Naslovnica-Mador-300x419.jpg","type":"image\/jpeg"}],"twitter_card":"summary_large_image","twitter_misc":{"Est. reading time":"2 minutes"},"schema":{"@context":"https:\/\/schema.org","@graph":[{"@type":"WebPage","@id":"https:\/\/webknjizara.hr\/proizvod\/osvajaci-slanih-mocvara-ivo-mador\/","url":"https:\/\/webknjizara.hr\/proizvod\/osvajaci-slanih-mocvara-ivo-mador\/","name":"OSVAJA\u010cI SLANIH MO\u010cVARA, Ivo Ma\u0111or - Web-knji\u017eara","isPartOf":{"@id":"https:\/\/webknjizara.hr\/#website"},"primaryImageOfPage":{"@id":"https:\/\/webknjizara.hr\/proizvod\/osvajaci-slanih-mocvara-ivo-mador\/#primaryimage"},"image":{"@id":"https:\/\/webknjizara.hr\/proizvod\/osvajaci-slanih-mocvara-ivo-mador\/#primaryimage"},"thumbnailUrl":"https:\/\/webknjizara.hr\/wp-content\/uploads\/nc\/images\/virtuemart\/product\/Naslovnica-Mador-300x419.jpg","datePublished":"2018-07-20T01:56:47+00:00","dateModified":"2023-02-26T23:17:32+00:00","breadcrumb":{"@id":"https:\/\/webknjizara.hr\/proizvod\/osvajaci-slanih-mocvara-ivo-mador\/#breadcrumb"},"inLanguage":"en-US","potentialAction":[{"@type":"ReadAction","target":["https:\/\/webknjizara.hr\/proizvod\/osvajaci-slanih-mocvara-ivo-mador\/"]}]},{"@type":"ImageObject","inLanguage":"en-US","@id":"https:\/\/webknjizara.hr\/proizvod\/osvajaci-slanih-mocvara-ivo-mador\/#primaryimage","url":"https:\/\/webknjizara.hr\/wp-content\/uploads\/nc\/images\/virtuemart\/product\/Naslovnica-Mador-300x419.jpg","contentUrl":"https:\/\/webknjizara.hr\/wp-content\/uploads\/nc\/images\/virtuemart\/product\/Naslovnica-Mador-300x419.jpg","width":300,"height":419,"caption":"OSVAJA\u010cI SLANIH MO\u010cVARA, Ivo Ma\u0111or"},{"@type":"BreadcrumbList","@id":"https:\/\/webknjizara.hr\/proizvod\/osvajaci-slanih-mocvara-ivo-mador\/#breadcrumb","itemListElement":[{"@type":"ListItem","position":1,"name":"Po\u010detna stranica","item":"https:\/\/webknjizara.hr\/en\/"},{"@type":"ListItem","position":2,"name":"Shop","item":"https:\/\/webknjizara.hr\/shop\/"},{"@type":"ListItem","position":3,"name":"OSVAJA\u010cI SLANIH MO\u010cVARA, Ivo Ma\u0111or"}]},{"@type":"WebSite","@id":"https:\/\/webknjizara.hr\/#website","url":"https:\/\/webknjizara.hr\/","name":"Web Knji\u017eara","description":"","publisher":{"@id":"https:\/\/webknjizara.hr\/#organization"},"potentialAction":[{"@type":"SearchAction","target":{"@type":"EntryPoint","urlTemplate":"https:\/\/webknjizara.hr\/?s={search_term_string}"},"query-input":{"@type":"PropertyValueSpecification","valueRequired":true,"valueName":"search_term_string"}}],"inLanguage":"en-US"},{"@type":"Organization","@id":"https:\/\/webknjizara.hr\/#organization","name":"REDAK D.O.O.","url":"https:\/\/webknjizara.hr\/","logo":{"@type":"ImageObject","inLanguage":"en-US","@id":"https:\/\/webknjizara.hr\/#\/schema\/logo\/image\/","url":"https:\/\/webknjizara.hr\/wp-content\/uploads\/2023\/01\/web-knjizara-logo.webp","contentUrl":"https:\/\/webknjizara.hr\/wp-content\/uploads\/2023\/01\/web-knjizara-logo.webp","width":324,"height":79,"caption":"REDAK D.O.O."},"image":{"@id":"https:\/\/webknjizara.hr\/#\/schema\/logo\/image\/"}}]}},"_links":{"self":[{"href":"https:\/\/webknjizara.hr\/en\/wp-json\/wp\/v2\/product\/8802","targetHints":{"allow":["GET"]}}],"collection":[{"href":"https:\/\/webknjizara.hr\/en\/wp-json\/wp\/v2\/product"}],"about":[{"href":"https:\/\/webknjizara.hr\/en\/wp-json\/wp\/v2\/types\/product"}],"replies":[{"embeddable":true,"href":"https:\/\/webknjizara.hr\/en\/wp-json\/wp\/v2\/comments?post=8802"}],"wp:featuredmedia":[{"embeddable":true,"href":"https:\/\/webknjizara.hr\/en\/wp-json\/wp\/v2\/media\/8803"}],"wp:attachment":[{"href":"https:\/\/webknjizara.hr\/en\/wp-json\/wp\/v2\/media?parent=8802"}],"wp:term":[{"taxonomy":"product_brand","embeddable":true,"href":"https:\/\/webknjizara.hr\/en\/wp-json\/wp\/v2\/product_brand?post=8802"},{"taxonomy":"product_cat","embeddable":true,"href":"https:\/\/webknjizara.hr\/en\/wp-json\/wp\/v2\/product_cat?post=8802"},{"taxonomy":"product_tag","embeddable":true,"href":"https:\/\/webknjizara.hr\/en\/wp-json\/wp\/v2\/product_tag?post=8802"}],"curies":[{"name":"wp","href":"https:\/\/api.w.org\/{rel}","templated":true}]}}