{"id":8796,"date":"2018-07-11T21:54:20","date_gmt":"2018-07-11T21:54:20","guid":{"rendered":"https:\/\/webknjizara.hr\/?product=napomene-pri-inspekcijskom-nadzoru-stranih-brodova-port-state-control-remarks-josip-luzer-sandra-tominac-coslovich"},"modified":"2023-02-27T00:17:31","modified_gmt":"2023-02-26T23:17:31","slug":"napomene-pri-nadzoru-brodova-port-state-control-remarks-josip-luzer-sandra-tominac-coslovich","status":"publish","type":"product","link":"https:\/\/webknjizara.hr\/en\/proizvod\/napomene-pri-nadzoru-brodova-port-state-control-remarks-josip-luzer-sandra-tominac-coslovich\/","title":{"rendered":"NAPOMENE PRI INSPEKCIJSKOM NADZORU STRANIH BRODOVA, Port State Control Remarks, Josip Luzer, Sandra Tominac Coslovich"},"content":{"rendered":"<p style=\"text-align: justify;\"><strong>Sa\u017eetak:<\/strong> <\/p>\n<p>Hrvatsko-engleski frazarij pod nazivom <strong>Napomene pri inspekcijskom nadzoru stranih brodova<\/strong><em> (Port State Control Remarks)<\/em> ima dva dijela. Prvi se sastoji od 9 poglavlja i sadr\u017ei gotove fraze koje u poseban obrazac na engleskom jeziku upisuje inspektor sigurnosti plovidbe stranih brodova (PSC-inspektor) prilikom pregleda broda. <\/p>\n<p>U drugom dijelu dan je naputak za sastavljanje novih napomena koje se mogu javiti u praksi, a nisu obuhva\u0107ene ovim priru\u010dnikom. <\/p>\n<p>Frazarij je napravljen na leksikografskim na\u010delima, \u0161to zna\u010di da mu je lijeva strana hrvatska, a desna engleska, te da su nosive rije\u010di unutar svakog poglavlja poredane abecednim redom.<\/p>\n<p>Priru\u010dnik je prvenstveno namijenjen inspektorima sigurnosti plovidbe stranih brodova (PSC-inspektorima), koji pregledavaju brodove temeljem na\u010dela iz Pari\u0161kog memoranduma o pregledima dr\u017eave luke, te zapovjednicima, upraviteljima stroja i \u010dasnicima zadu\u017eenima za sigurnost kao temeljnim nositeljima pouzdane i sigurne plovidbe.<\/p>\n<p style=\"text-align: justify;\"><strong>Bilje\u0161ka o autorima:<\/strong> <\/p>\n<p><strong>Josip Luzer<\/strong> ro\u0111en je u Bakru, 1947. O\u017eenjen je i otac dvoje odrasle djece. Osnovnu i Srednju pomorsku \u0161kolu (brodostrojarski smjer) zavr\u0161io je u Bakru. Diplomirao je na zadarskom Folozofskom fakultetu godine 1971., grupa engleski i talijanski jezik s knji\u017eevnosti. \u010cetiri godine radi u Pomorskoj \u0161koli u Bakru, nakon \u010dega prelazi u Vi\u0161u pomorsku \u0161kolu (kasnije Pomorski fakultet) u Rijeci, gdje ostaje sve do odlaska u mirovinu 2011. godine. Predavao je tehni\u010dki i pomorski engleski jezik brodostrojarima i elektroni\u010darima. Ostvario je bogatu me\u0111unarodnu karijeru kao gostuju\u0107i profesor na Svjetskom pomorskom sveu\u010dili\u0161tu (WMU) Malm\u00f6, \u0160vedska (1986.), konzultant i koordinator poslijediplomskih specijalisti\u010dkih te\u010dajeva na Me\u0111unarodnoj pomorskoj akademiji (IMO-IMA) u Trstu (1989.-2005.), predava\u010d na Narodnom sveu\u010dili\u0161tu (IAL) u Trstu (1991.-1993.), te predava\u010d i obrazovni savjetnik na Me\u0111unarodnoj pomorskoj akademiji za sigurnost i za\u0161titu okoli\u0161a (IMSSEA) u Genovi (2008.-2013.). Pored nastavne djelatnosti Luzer je u dvama mandatima (1982.-1986.) bio tajnikom Me\u0111unarodne organizacije nastavnika pomorskih u\u010dili\u010di\u0161ta (IMLA), suradnik Hidrografskog instituta ratne mornarice Italije (1991.-2001.), te stalni stru\u010dnjak za pomorski engleski Me\u0111unarodne pomorske organizacije (IMO) iz Londona (1998. &#8211; danas). Autor je i koautor jedanaest ud\u017ebenika, priru\u010dnika i rje\u010dnika za hrvatske pomorce, te brojnih znanstvenih i stru\u010dnih radova objavljenih u Hrvatskoj i inozemstvu. Sudjelovao je u nizu doma\u0107ih i stranih znanstvenih i stru\u010dnih projekata. Dugi niz godina Josip Luzer bio je \u010dlan uredni\u010dkog odbora Bakarskog zbornika u kojemu je samostalno ili u koautorstvu objavio niz \u010dlanaka o bakarskim kulturnim dru\u0161tvima i heraldici. Tako\u0111er se oku\u0161ao i u beletristici napisav\u0161i dvije knjige o zaboravljenim dje\u010djim igrama iz pedesetih i \u0161ezdesetih godina pro\u0161loga stolje\u0107a i to na \u010dakavskom govoru svoga zavi\u010daja. Od umirovljenja 2011. godine do danas odr\u017eao je vi\u0161e od 50 javnih predavanja iz podru\u010dja kulture, jezika i povijesti. Dobitnik je godi\u0161nje nagrade Primorsko-Goranske \u017eupanije (2000.) i nagrade za \u017eivotno djelo Grada Bakra (2014.).<\/p>\n<p><strong>Sandra Tominac Coslovich<\/strong> ro\u0111ena je u Rijeci 1977. godine, gdje je ujedno diplomirala na Filozofskom fakultetu i stekla zvanje profesora engleskoga i hrvatskog jezika i knji\u017eevnosti. Doktorirala je 2010. godine na Filozofskom fakultetu Sveu\u010dili\u0161ta u Zagrebu na temu analize medijskog govornog diskursa. Od 2002. godine radi na Pomorskom fakultetu Sveu\u010dili\u0161ta u Rijeci, gdje je zaposlena i danas u svojstvu docenta i predstojnika Katedre za strane jezike. Sudjelovala je na dvama projektima izrade terminolo\u0161ke baze strukovnog nazivlja (STRUNA) koordiniranim od strane Hrvatskog instituta za jezikoslovlje i financiranih od strane Hrvatske naklade za znanost. Suautor je elektroni\u010dkog izdanja terminolo\u0161kog rje\u010dnika Hrvatsko pomorsko nazivlje. Od 2009. godine konzultant je Me\u0111unarodne pomorske organizacije (IMO) za pomorski engleski jezik (Maritime English) te \u010dlan odbora za radove Me\u0111unarodne konferencije za pomorski engleski jezik (IMO IMLA International Maritime English Conference \u2013 IMEC). Tako\u0111er je \u010dlan Hrvatskog dru\u0161tva za primijenjenu lingvistiku (HDPL).<\/p>\n<p style=\"text-align: justify;\"><strong>Klju\u010dne rije\u010di:<\/strong> Hrvatsko-engleski frazarij, inspekcijski nadzor stranih brodova, inspektor sigurnosti plovidbe stranih brodova (PSC-inspektor), sigurnost plovidbe, Pari\u0161ki memorandum, Port State Control.<\/p>\n<p><strong>Naslov:<\/strong> NAPOMENE PRI NADZORU BRODOVA, Port State Control Remarks<br \/><strong>Autor:<\/strong> Josip Luzer, Sandra Tominac Coslovich<br \/><strong>Broj stranica:<\/strong> 96<br \/><strong>Nakladnik:<\/strong> Pomorski fakultet u Rijeci<br \/><strong>Godina izdanja:<\/strong> 2018.<br \/><strong>ISBN:<\/strong> 978-953-165-126-4<br \/><strong>Tisak:<\/strong> digitalni tisak knjiga &#8211; print na zahtjev\u00a0<\/p>\n<hr \/>\n<p style=\"font-weight: 400; text-align: justify;\"><strong>Kako naru\u010diti knjigu?\u00a0<\/strong>Proces online kupovine jednako funkcionira za sve kupce, s jedinom razlikom u tome \u0161to \u0161to kupci iz inozemstva za podru\u010dje dostave moraju odabrati &#8220;Europa&#8221; ili &#8220;Ostale zemlje svijeta&#8221;, a za vrstu pla\u0107anja WSPay (kreditna kartica) ili Virmanom (bankovni transfer).<\/p>\n<p style=\"font-weight: 400; text-align: justify;\">Molimo kliknite ovdje za\u00a0<a href=\"hr\/kako-kupovati\">detaljni vodi\u010d kroz proces narud\u017ebe<\/a>\u00a0ili nas\u00a0<a href=\"hr\/kontakt\">kontaktirajte<\/a>\u00a0za vi\u0161e informacija.<\/p>\n","protected":false},"excerpt":{"rendered":"<p>Sa\u017eetak: Hrvatsko-engleski frazarij pod nazivom Napomene pri inspekcijskom nadzoru stranih brodova (Port State Control Remarks) ima dva dijela. Prvi se sastoji od 9 poglavlja i sadr\u017ei gotove fraze koje u poseban obrazac na engleskom jeziku upisuje inspektor sigurnosti plovidbe stranih brodova (PSC-inspektor) prilikom pregleda broda. U drugom dijelu dan je naputak za sastavljanje novih napomena [&hellip;]<\/p>\n","protected":false},"featured_media":8797,"comment_status":"open","ping_status":"closed","template":"","meta":{"_acf_changed":false},"product_brand":[],"product_cat":[1539],"product_tag":[],"class_list":{"0":"post-8796","1":"product","2":"type-product","3":"status-publish","4":"has-post-thumbnail","6":"product_cat-sveucilisni-udzbenici-i-prirucnici","7":"pa_autor-josip-luzer","8":"pa_autor-sandra-tominac-coslovich","9":"pa_nakladnik-pomorski-fakultet-u-rijeci","11":"first","12":"instock","13":"shipping-taxable","14":"purchasable","15":"product-type-simple"},"acf":[],"yoast_head":"<!-- This site is optimized with the Yoast SEO plugin v27.3 - https:\/\/yoast.com\/product\/yoast-seo-wordpress\/ -->\n<title>NAPOMENE PRI INSPEKCIJSKOM NADZORU STRANIH BRODOVA, Port State Control Remarks, Josip Luzer, Sandra Tominac Coslovich - Web-knji\u017eara<\/title>\n<meta name=\"robots\" content=\"index, follow, max-snippet:-1, max-image-preview:large, max-video-preview:-1\" \/>\n<link rel=\"canonical\" href=\"https:\/\/webknjizara.hr\/proizvod\/napomene-pri-nadzoru-brodova-port-state-control-remarks-josip-luzer-sandra-tominac-coslovich\/\" \/>\n<meta property=\"og:locale\" content=\"en_US\" \/>\n<meta property=\"og:type\" content=\"article\" \/>\n<meta property=\"og:title\" content=\"NAPOMENE PRI INSPEKCIJSKOM NADZORU STRANIH BRODOVA, Port State Control Remarks, Josip Luzer, Sandra Tominac Coslovich - Web-knji\u017eara\" \/>\n<meta property=\"og:description\" content=\"Sa\u017eetak: Hrvatsko-engleski frazarij pod nazivom Napomene pri inspekcijskom nadzoru stranih brodova (Port State Control Remarks) ima dva dijela. Prvi se sastoji od 9 poglavlja i sadr\u017ei gotove fraze koje u poseban obrazac na engleskom jeziku upisuje inspektor sigurnosti plovidbe stranih brodova (PSC-inspektor) prilikom pregleda broda. U drugom dijelu dan je naputak za sastavljanje novih napomena [&hellip;]\" \/>\n<meta property=\"og:url\" content=\"https:\/\/webknjizara.hr\/proizvod\/napomene-pri-nadzoru-brodova-port-state-control-remarks-josip-luzer-sandra-tominac-coslovich\/\" \/>\n<meta property=\"og:site_name\" content=\"Web-knji\u017eara\" \/>\n<meta property=\"article:modified_time\" content=\"2023-02-26T23:17:31+00:00\" \/>\n<meta property=\"og:image\" content=\"https:\/\/webknjizara.hr\/wp-content\/uploads\/nc\/images\/virtuemart\/product\/Naslovnica-Napomene-pri-nadzoru-300x419.jpg\" \/>\n\t<meta property=\"og:image:width\" content=\"300\" \/>\n\t<meta property=\"og:image:height\" content=\"419\" \/>\n\t<meta property=\"og:image:type\" content=\"image\/jpeg\" \/>\n<meta name=\"twitter:card\" content=\"summary_large_image\" \/>\n<meta name=\"twitter:label1\" content=\"Est. reading time\" \/>\n\t<meta name=\"twitter:data1\" content=\"4 minutes\" \/>\n<script type=\"application\/ld+json\" class=\"yoast-schema-graph\">{\"@context\":\"https:\\\/\\\/schema.org\",\"@graph\":[{\"@type\":\"WebPage\",\"@id\":\"https:\\\/\\\/webknjizara.hr\\\/proizvod\\\/napomene-pri-nadzoru-brodova-port-state-control-remarks-josip-luzer-sandra-tominac-coslovich\\\/\",\"url\":\"https:\\\/\\\/webknjizara.hr\\\/proizvod\\\/napomene-pri-nadzoru-brodova-port-state-control-remarks-josip-luzer-sandra-tominac-coslovich\\\/\",\"name\":\"NAPOMENE PRI INSPEKCIJSKOM NADZORU STRANIH BRODOVA, Port State Control Remarks, Josip Luzer, Sandra Tominac Coslovich - Web-knji\u017eara\",\"isPartOf\":{\"@id\":\"https:\\\/\\\/webknjizara.hr\\\/#website\"},\"primaryImageOfPage\":{\"@id\":\"https:\\\/\\\/webknjizara.hr\\\/proizvod\\\/napomene-pri-nadzoru-brodova-port-state-control-remarks-josip-luzer-sandra-tominac-coslovich\\\/#primaryimage\"},\"image\":{\"@id\":\"https:\\\/\\\/webknjizara.hr\\\/proizvod\\\/napomene-pri-nadzoru-brodova-port-state-control-remarks-josip-luzer-sandra-tominac-coslovich\\\/#primaryimage\"},\"thumbnailUrl\":\"https:\\\/\\\/webknjizara.hr\\\/wp-content\\\/uploads\\\/nc\\\/images\\\/virtuemart\\\/product\\\/Naslovnica-Napomene-pri-nadzoru-300x419.jpg\",\"datePublished\":\"2018-07-11T21:54:20+00:00\",\"dateModified\":\"2023-02-26T23:17:31+00:00\",\"breadcrumb\":{\"@id\":\"https:\\\/\\\/webknjizara.hr\\\/proizvod\\\/napomene-pri-nadzoru-brodova-port-state-control-remarks-josip-luzer-sandra-tominac-coslovich\\\/#breadcrumb\"},\"inLanguage\":\"en-US\",\"potentialAction\":[{\"@type\":\"ReadAction\",\"target\":[\"https:\\\/\\\/webknjizara.hr\\\/proizvod\\\/napomene-pri-nadzoru-brodova-port-state-control-remarks-josip-luzer-sandra-tominac-coslovich\\\/\"]}]},{\"@type\":\"ImageObject\",\"inLanguage\":\"en-US\",\"@id\":\"https:\\\/\\\/webknjizara.hr\\\/proizvod\\\/napomene-pri-nadzoru-brodova-port-state-control-remarks-josip-luzer-sandra-tominac-coslovich\\\/#primaryimage\",\"url\":\"https:\\\/\\\/webknjizara.hr\\\/wp-content\\\/uploads\\\/nc\\\/images\\\/virtuemart\\\/product\\\/Naslovnica-Napomene-pri-nadzoru-300x419.jpg\",\"contentUrl\":\"https:\\\/\\\/webknjizara.hr\\\/wp-content\\\/uploads\\\/nc\\\/images\\\/virtuemart\\\/product\\\/Naslovnica-Napomene-pri-nadzoru-300x419.jpg\",\"width\":300,\"height\":419,\"caption\":\"NAPOMENE PRI INSPEKCIJSKOM NADZORU STRANIH BRODOVA, Port State Control Remarks, Josip Luzer, Sandra Tominac Coslovich\"},{\"@type\":\"BreadcrumbList\",\"@id\":\"https:\\\/\\\/webknjizara.hr\\\/proizvod\\\/napomene-pri-nadzoru-brodova-port-state-control-remarks-josip-luzer-sandra-tominac-coslovich\\\/#breadcrumb\",\"itemListElement\":[{\"@type\":\"ListItem\",\"position\":1,\"name\":\"Po\u010detna stranica\",\"item\":\"https:\\\/\\\/webknjizara.hr\\\/en\\\/\"},{\"@type\":\"ListItem\",\"position\":2,\"name\":\"Shop\",\"item\":\"https:\\\/\\\/webknjizara.hr\\\/shop\\\/\"},{\"@type\":\"ListItem\",\"position\":3,\"name\":\"NAPOMENE PRI INSPEKCIJSKOM NADZORU STRANIH BRODOVA, Port State Control Remarks, Josip Luzer, Sandra Tominac Coslovich\"}]},{\"@type\":\"WebSite\",\"@id\":\"https:\\\/\\\/webknjizara.hr\\\/#website\",\"url\":\"https:\\\/\\\/webknjizara.hr\\\/\",\"name\":\"Web Knji\u017eara\",\"description\":\"\",\"publisher\":{\"@id\":\"https:\\\/\\\/webknjizara.hr\\\/#organization\"},\"potentialAction\":[{\"@type\":\"SearchAction\",\"target\":{\"@type\":\"EntryPoint\",\"urlTemplate\":\"https:\\\/\\\/webknjizara.hr\\\/?s={search_term_string}\"},\"query-input\":{\"@type\":\"PropertyValueSpecification\",\"valueRequired\":true,\"valueName\":\"search_term_string\"}}],\"inLanguage\":\"en-US\"},{\"@type\":\"Organization\",\"@id\":\"https:\\\/\\\/webknjizara.hr\\\/#organization\",\"name\":\"REDAK D.O.O.\",\"url\":\"https:\\\/\\\/webknjizara.hr\\\/\",\"logo\":{\"@type\":\"ImageObject\",\"inLanguage\":\"en-US\",\"@id\":\"https:\\\/\\\/webknjizara.hr\\\/#\\\/schema\\\/logo\\\/image\\\/\",\"url\":\"https:\\\/\\\/webknjizara.hr\\\/wp-content\\\/uploads\\\/2023\\\/01\\\/web-knjizara-logo.webp\",\"contentUrl\":\"https:\\\/\\\/webknjizara.hr\\\/wp-content\\\/uploads\\\/2023\\\/01\\\/web-knjizara-logo.webp\",\"width\":324,\"height\":79,\"caption\":\"REDAK D.O.O.\"},\"image\":{\"@id\":\"https:\\\/\\\/webknjizara.hr\\\/#\\\/schema\\\/logo\\\/image\\\/\"}}]}<\/script>\n<!-- \/ Yoast SEO plugin. -->","yoast_head_json":{"title":"NAPOMENE PRI INSPEKCIJSKOM NADZORU STRANIH BRODOVA, Port State Control Remarks, Josip Luzer, Sandra Tominac Coslovich - Web-knji\u017eara","robots":{"index":"index","follow":"follow","max-snippet":"max-snippet:-1","max-image-preview":"max-image-preview:large","max-video-preview":"max-video-preview:-1"},"canonical":"https:\/\/webknjizara.hr\/proizvod\/napomene-pri-nadzoru-brodova-port-state-control-remarks-josip-luzer-sandra-tominac-coslovich\/","og_locale":"en_US","og_type":"article","og_title":"NAPOMENE PRI INSPEKCIJSKOM NADZORU STRANIH BRODOVA, Port State Control Remarks, Josip Luzer, Sandra Tominac Coslovich - Web-knji\u017eara","og_description":"Sa\u017eetak: Hrvatsko-engleski frazarij pod nazivom Napomene pri inspekcijskom nadzoru stranih brodova (Port State Control Remarks) ima dva dijela. Prvi se sastoji od 9 poglavlja i sadr\u017ei gotove fraze koje u poseban obrazac na engleskom jeziku upisuje inspektor sigurnosti plovidbe stranih brodova (PSC-inspektor) prilikom pregleda broda. U drugom dijelu dan je naputak za sastavljanje novih napomena [&hellip;]","og_url":"https:\/\/webknjizara.hr\/proizvod\/napomene-pri-nadzoru-brodova-port-state-control-remarks-josip-luzer-sandra-tominac-coslovich\/","og_site_name":"Web-knji\u017eara","article_modified_time":"2023-02-26T23:17:31+00:00","og_image":[{"width":300,"height":419,"url":"https:\/\/webknjizara.hr\/wp-content\/uploads\/nc\/images\/virtuemart\/product\/Naslovnica-Napomene-pri-nadzoru-300x419.jpg","type":"image\/jpeg"}],"twitter_card":"summary_large_image","twitter_misc":{"Est. reading time":"4 minutes"},"schema":{"@context":"https:\/\/schema.org","@graph":[{"@type":"WebPage","@id":"https:\/\/webknjizara.hr\/proizvod\/napomene-pri-nadzoru-brodova-port-state-control-remarks-josip-luzer-sandra-tominac-coslovich\/","url":"https:\/\/webknjizara.hr\/proizvod\/napomene-pri-nadzoru-brodova-port-state-control-remarks-josip-luzer-sandra-tominac-coslovich\/","name":"NAPOMENE PRI INSPEKCIJSKOM NADZORU STRANIH BRODOVA, Port State Control Remarks, Josip Luzer, Sandra Tominac Coslovich - Web-knji\u017eara","isPartOf":{"@id":"https:\/\/webknjizara.hr\/#website"},"primaryImageOfPage":{"@id":"https:\/\/webknjizara.hr\/proizvod\/napomene-pri-nadzoru-brodova-port-state-control-remarks-josip-luzer-sandra-tominac-coslovich\/#primaryimage"},"image":{"@id":"https:\/\/webknjizara.hr\/proizvod\/napomene-pri-nadzoru-brodova-port-state-control-remarks-josip-luzer-sandra-tominac-coslovich\/#primaryimage"},"thumbnailUrl":"https:\/\/webknjizara.hr\/wp-content\/uploads\/nc\/images\/virtuemart\/product\/Naslovnica-Napomene-pri-nadzoru-300x419.jpg","datePublished":"2018-07-11T21:54:20+00:00","dateModified":"2023-02-26T23:17:31+00:00","breadcrumb":{"@id":"https:\/\/webknjizara.hr\/proizvod\/napomene-pri-nadzoru-brodova-port-state-control-remarks-josip-luzer-sandra-tominac-coslovich\/#breadcrumb"},"inLanguage":"en-US","potentialAction":[{"@type":"ReadAction","target":["https:\/\/webknjizara.hr\/proizvod\/napomene-pri-nadzoru-brodova-port-state-control-remarks-josip-luzer-sandra-tominac-coslovich\/"]}]},{"@type":"ImageObject","inLanguage":"en-US","@id":"https:\/\/webknjizara.hr\/proizvod\/napomene-pri-nadzoru-brodova-port-state-control-remarks-josip-luzer-sandra-tominac-coslovich\/#primaryimage","url":"https:\/\/webknjizara.hr\/wp-content\/uploads\/nc\/images\/virtuemart\/product\/Naslovnica-Napomene-pri-nadzoru-300x419.jpg","contentUrl":"https:\/\/webknjizara.hr\/wp-content\/uploads\/nc\/images\/virtuemart\/product\/Naslovnica-Napomene-pri-nadzoru-300x419.jpg","width":300,"height":419,"caption":"NAPOMENE PRI INSPEKCIJSKOM NADZORU STRANIH BRODOVA, Port State Control Remarks, Josip Luzer, Sandra Tominac Coslovich"},{"@type":"BreadcrumbList","@id":"https:\/\/webknjizara.hr\/proizvod\/napomene-pri-nadzoru-brodova-port-state-control-remarks-josip-luzer-sandra-tominac-coslovich\/#breadcrumb","itemListElement":[{"@type":"ListItem","position":1,"name":"Po\u010detna stranica","item":"https:\/\/webknjizara.hr\/en\/"},{"@type":"ListItem","position":2,"name":"Shop","item":"https:\/\/webknjizara.hr\/shop\/"},{"@type":"ListItem","position":3,"name":"NAPOMENE PRI INSPEKCIJSKOM NADZORU STRANIH BRODOVA, Port State Control Remarks, Josip Luzer, Sandra Tominac Coslovich"}]},{"@type":"WebSite","@id":"https:\/\/webknjizara.hr\/#website","url":"https:\/\/webknjizara.hr\/","name":"Web Knji\u017eara","description":"","publisher":{"@id":"https:\/\/webknjizara.hr\/#organization"},"potentialAction":[{"@type":"SearchAction","target":{"@type":"EntryPoint","urlTemplate":"https:\/\/webknjizara.hr\/?s={search_term_string}"},"query-input":{"@type":"PropertyValueSpecification","valueRequired":true,"valueName":"search_term_string"}}],"inLanguage":"en-US"},{"@type":"Organization","@id":"https:\/\/webknjizara.hr\/#organization","name":"REDAK D.O.O.","url":"https:\/\/webknjizara.hr\/","logo":{"@type":"ImageObject","inLanguage":"en-US","@id":"https:\/\/webknjizara.hr\/#\/schema\/logo\/image\/","url":"https:\/\/webknjizara.hr\/wp-content\/uploads\/2023\/01\/web-knjizara-logo.webp","contentUrl":"https:\/\/webknjizara.hr\/wp-content\/uploads\/2023\/01\/web-knjizara-logo.webp","width":324,"height":79,"caption":"REDAK D.O.O."},"image":{"@id":"https:\/\/webknjizara.hr\/#\/schema\/logo\/image\/"}}]}},"_links":{"self":[{"href":"https:\/\/webknjizara.hr\/en\/wp-json\/wp\/v2\/product\/8796","targetHints":{"allow":["GET"]}}],"collection":[{"href":"https:\/\/webknjizara.hr\/en\/wp-json\/wp\/v2\/product"}],"about":[{"href":"https:\/\/webknjizara.hr\/en\/wp-json\/wp\/v2\/types\/product"}],"replies":[{"embeddable":true,"href":"https:\/\/webknjizara.hr\/en\/wp-json\/wp\/v2\/comments?post=8796"}],"wp:featuredmedia":[{"embeddable":true,"href":"https:\/\/webknjizara.hr\/en\/wp-json\/wp\/v2\/media\/8797"}],"wp:attachment":[{"href":"https:\/\/webknjizara.hr\/en\/wp-json\/wp\/v2\/media?parent=8796"}],"wp:term":[{"taxonomy":"product_brand","embeddable":true,"href":"https:\/\/webknjizara.hr\/en\/wp-json\/wp\/v2\/product_brand?post=8796"},{"taxonomy":"product_cat","embeddable":true,"href":"https:\/\/webknjizara.hr\/en\/wp-json\/wp\/v2\/product_cat?post=8796"},{"taxonomy":"product_tag","embeddable":true,"href":"https:\/\/webknjizara.hr\/en\/wp-json\/wp\/v2\/product_tag?post=8796"}],"curies":[{"name":"wp","href":"https:\/\/api.w.org\/{rel}","templated":true}]}}