{"id":8784,"date":"2018-06-26T14:45:37","date_gmt":"2018-06-26T14:45:37","guid":{"rendered":"https:\/\/webknjizara.hr\/?product=purpurni-oblaci-patrik-weiss"},"modified":"2023-02-27T00:17:30","modified_gmt":"2023-02-26T23:17:30","slug":"purpurni-oblaci-patrik-weiss","status":"publish","type":"product","link":"https:\/\/webknjizara.hr\/en\/proizvod\/purpurni-oblaci-patrik-weiss\/","title":{"rendered":"PURPURNI OBLACI, Patrik Weiss"},"content":{"rendered":"<p style=\"text-align: justify;\"><strong>Sa\u017eetak:<\/strong> <\/p>\n<p>Ova zbirka poezije propituje svakodnevicu kao jedan za\u010dudni fenomen. Bavi se pitanjima ljubavi, mo\u0107i, radosti i ostalih osje\u0107aja koji se sastavni dio svakoga pojedinca. Tako\u0111er, nastoji probiti zid izme\u0111u zdravo razumskog poimanja stvari i normi koje nas okru\u017euju, u \u010dijem smo vrtlogu svakoga dana. Stil pjesama je fragmentiran, u najmanju ruku sa\u017eetog i otvorenog karaktera; kratke i upadljive forme koja paralelno sa sadr\u017eajem pjesama tvori jedan totalitet. Sama forma i sadr\u017eaj pjesama \u017eele izraziti oblik nemo\u0107i spram samog pisanja, preno\u0161enja do\u017eivljaja i misli; spram vje\u010dne zaglavljenosti u krugu rastrganosti subjekta \u2013 zbunjenog prema nadolaze\u0107em, za koje nikada ne mo\u017eemo to\u010dno re\u0107i \u0161to je.<\/p>\n<p style=\"text-align: justify;\"><strong>Bilje\u0161ka o autoru:<\/strong> <\/p>\n<p>Patrik Weiss ro\u0111en je u Rijeci 1. svibnja 1996. godine. Student je tre\u0107e godine prediplomskog studija kulturologije na Sveu\u010dili\u0161tu u Rijeci. Pisanjem se intenzivno bavi posljednje dvije godine. U travnju 2017. godine izdaje svoju prvu knjigu; zbirku poezije pod nazivom <a href=\"https:\/\/webknjizara.hr\/knjige\/poezija\/sutnja-je-zlato-i-ostale-zivotne-lazi-patrik-weiss\" target=\"_blank\" rel=\"noopener noreferrer\">&#8220;\u0160utnja je zlato i ostale \u017eivotne la\u017ei&#8221;<\/a>. Redovno objavljuje u raznim \u010dasopisima i portalima za knji\u017eevnost i dru\u0161tvena pitanja ( Kvaka, Knji\u017eevnost u\u017eivo, Metafora, \u010citaj knjigu, Sapphoart ). Pjesme iz izdane zbirke uvr\u0161tene su u ovogodi\u0161nji dvobroj \u010dasopisa HDK-a &#8221; Knji\u017eevna Rijeka &#8220;, te je stalni suradnik Filozofskog magazina za koji pi\u0161e filozofske eseje, od kojih su neke objavili i na portalu Buka. Ubrzo priprema dva nova rukopisa. Prvenstveno pi\u0161e pjesme, no bavi se i pisanjem kratkih pri\u010da i drama.<\/p>\n<p><strong>Klju\u010dne rije\u010di:<\/strong> Oblaci, purpurno, poezija, kritika, refleksija, ljubav, za\u010dudnost, nemo\u0107, odnos, propitivanje, Weiss, post \u2013 moderno, umjetnost, inverzija, lirsko, kritika, razumijevanje, opu\u0161tanje, kratko, fragmentirano, \u017eivot, ljepota, u\u017eitak<\/p>\n<p><strong>E-mail: <\/strong><a href=\"mailto:patrikweiss10@gmail.com\">Patrik Weiss<\/a><\/p>\n<p><strong>Naslov:<\/strong> Purpurni oblaci<br \/><strong>Autor:<\/strong> Patrik Weiss<br \/><strong>Broj stranica:<\/strong> 100<br \/><strong>Nakladnik:<\/strong> REDAK<br \/><strong>Godina izdanja:<\/strong> 2018.<br \/><strong>ISBN:<\/strong> 978-953-336-476-6<br \/><strong>Tisak:<\/strong> digitalni tisak knjiga &#8211; print na zahtjev\u00a0<\/p>\n<hr \/>\n<p style=\"text-align: justify;\"><strong>Kako naru\u010diti knjigu?\u00a0<\/strong>Proces online kupovine jednako funkcionira za sve kupce, s jedinom razlikom u tome \u0161to \u0161to kupci iz inozemstva za podru\u010dje dostave moraju odabrati &#8220;Europa&#8221; ili &#8220;Ostale zemlje svijeta&#8221;, a za vrstu pla\u0107anja WSPay (kreditna kartica) ili Virmanom (bankovni transfer).<\/p>\n<p style=\"text-align: justify;\">Molimo kliknite ovdje za\u00a0<a href=\"hr\/kako-kupovati\" target=\"_blank\" rel=\"noopener noreferrer\">detaljni vodi\u010d kroz proces narud\u017ebe<\/a>\u00a0ili nas\u00a0<a href=\"hr\/kontakt\" target=\"_blank\" rel=\"noopener noreferrer\">kontaktirajte<\/a>\u00a0za vi\u0161e informacija.<\/p>\n","protected":false},"excerpt":{"rendered":"<p>Sa\u017eetak: Ova zbirka poezije propituje svakodnevicu kao jedan za\u010dudni fenomen. Bavi se pitanjima ljubavi, mo\u0107i, radosti i ostalih osje\u0107aja koji se sastavni dio svakoga pojedinca. Tako\u0111er, nastoji probiti zid izme\u0111u zdravo razumskog poimanja stvari i normi koje nas okru\u017euju, u \u010dijem smo vrtlogu svakoga dana. Stil pjesama je fragmentiran, u najmanju ruku sa\u017eetog i otvorenog [&hellip;]<\/p>\n","protected":false},"featured_media":8785,"comment_status":"open","ping_status":"closed","template":"","meta":{"_acf_changed":false},"product_brand":[],"product_cat":[1383,1385,1388],"product_tag":[],"class_list":{"0":"post-8784","1":"product","2":"type-product","3":"status-publish","4":"has-post-thumbnail","6":"product_cat-knjige","7":"product_cat-knjizevnost","8":"product_cat-poezija","9":"pa_autor-patrik-weiss","10":"pa_nakladnik-redak","12":"first","13":"instock","14":"shipping-taxable","15":"purchasable","16":"product-type-simple"},"acf":[],"yoast_head":"<!-- This site is optimized with the Yoast SEO plugin v27.3 - https:\/\/yoast.com\/product\/yoast-seo-wordpress\/ -->\n<title>PURPURNI OBLACI, Patrik Weiss - Web-knji\u017eara<\/title>\n<meta name=\"robots\" content=\"index, follow, max-snippet:-1, max-image-preview:large, max-video-preview:-1\" \/>\n<link rel=\"canonical\" href=\"https:\/\/webknjizara.hr\/proizvod\/purpurni-oblaci-patrik-weiss\/\" \/>\n<meta property=\"og:locale\" content=\"en_US\" \/>\n<meta property=\"og:type\" content=\"article\" \/>\n<meta property=\"og:title\" content=\"PURPURNI OBLACI, Patrik Weiss - Web-knji\u017eara\" \/>\n<meta property=\"og:description\" content=\"Sa\u017eetak: Ova zbirka poezije propituje svakodnevicu kao jedan za\u010dudni fenomen. Bavi se pitanjima ljubavi, mo\u0107i, radosti i ostalih osje\u0107aja koji se sastavni dio svakoga pojedinca. Tako\u0111er, nastoji probiti zid izme\u0111u zdravo razumskog poimanja stvari i normi koje nas okru\u017euju, u \u010dijem smo vrtlogu svakoga dana. Stil pjesama je fragmentiran, u najmanju ruku sa\u017eetog i otvorenog [&hellip;]\" \/>\n<meta property=\"og:url\" content=\"https:\/\/webknjizara.hr\/proizvod\/purpurni-oblaci-patrik-weiss\/\" \/>\n<meta property=\"og:site_name\" content=\"Web-knji\u017eara\" \/>\n<meta property=\"article:modified_time\" content=\"2023-02-26T23:17:30+00:00\" \/>\n<meta property=\"og:image\" content=\"https:\/\/webknjizara.hr\/wp-content\/uploads\/nc\/images\/virtuemart\/product\/WEIS_prpurni_oblaci-300x419.jpg\" \/>\n\t<meta property=\"og:image:width\" content=\"300\" \/>\n\t<meta property=\"og:image:height\" content=\"419\" \/>\n\t<meta property=\"og:image:type\" content=\"image\/jpeg\" \/>\n<meta name=\"twitter:card\" content=\"summary_large_image\" \/>\n<meta name=\"twitter:label1\" content=\"Est. reading time\" \/>\n\t<meta name=\"twitter:data1\" content=\"2 minutes\" \/>\n<script type=\"application\/ld+json\" class=\"yoast-schema-graph\">{\"@context\":\"https:\\\/\\\/schema.org\",\"@graph\":[{\"@type\":\"WebPage\",\"@id\":\"https:\\\/\\\/webknjizara.hr\\\/proizvod\\\/purpurni-oblaci-patrik-weiss\\\/\",\"url\":\"https:\\\/\\\/webknjizara.hr\\\/proizvod\\\/purpurni-oblaci-patrik-weiss\\\/\",\"name\":\"PURPURNI OBLACI, Patrik Weiss - Web-knji\u017eara\",\"isPartOf\":{\"@id\":\"https:\\\/\\\/webknjizara.hr\\\/#website\"},\"primaryImageOfPage\":{\"@id\":\"https:\\\/\\\/webknjizara.hr\\\/proizvod\\\/purpurni-oblaci-patrik-weiss\\\/#primaryimage\"},\"image\":{\"@id\":\"https:\\\/\\\/webknjizara.hr\\\/proizvod\\\/purpurni-oblaci-patrik-weiss\\\/#primaryimage\"},\"thumbnailUrl\":\"https:\\\/\\\/webknjizara.hr\\\/wp-content\\\/uploads\\\/nc\\\/images\\\/virtuemart\\\/product\\\/WEIS_prpurni_oblaci-300x419.jpg\",\"datePublished\":\"2018-06-26T14:45:37+00:00\",\"dateModified\":\"2023-02-26T23:17:30+00:00\",\"breadcrumb\":{\"@id\":\"https:\\\/\\\/webknjizara.hr\\\/proizvod\\\/purpurni-oblaci-patrik-weiss\\\/#breadcrumb\"},\"inLanguage\":\"en-US\",\"potentialAction\":[{\"@type\":\"ReadAction\",\"target\":[\"https:\\\/\\\/webknjizara.hr\\\/proizvod\\\/purpurni-oblaci-patrik-weiss\\\/\"]}]},{\"@type\":\"ImageObject\",\"inLanguage\":\"en-US\",\"@id\":\"https:\\\/\\\/webknjizara.hr\\\/proizvod\\\/purpurni-oblaci-patrik-weiss\\\/#primaryimage\",\"url\":\"https:\\\/\\\/webknjizara.hr\\\/wp-content\\\/uploads\\\/nc\\\/images\\\/virtuemart\\\/product\\\/WEIS_prpurni_oblaci-300x419.jpg\",\"contentUrl\":\"https:\\\/\\\/webknjizara.hr\\\/wp-content\\\/uploads\\\/nc\\\/images\\\/virtuemart\\\/product\\\/WEIS_prpurni_oblaci-300x419.jpg\",\"width\":300,\"height\":419,\"caption\":\"PURPURNI OBLACI, Patrik Weiss\"},{\"@type\":\"BreadcrumbList\",\"@id\":\"https:\\\/\\\/webknjizara.hr\\\/proizvod\\\/purpurni-oblaci-patrik-weiss\\\/#breadcrumb\",\"itemListElement\":[{\"@type\":\"ListItem\",\"position\":1,\"name\":\"Po\u010detna stranica\",\"item\":\"https:\\\/\\\/webknjizara.hr\\\/en\\\/\"},{\"@type\":\"ListItem\",\"position\":2,\"name\":\"Shop\",\"item\":\"https:\\\/\\\/webknjizara.hr\\\/shop\\\/\"},{\"@type\":\"ListItem\",\"position\":3,\"name\":\"PURPURNI OBLACI, Patrik Weiss\"}]},{\"@type\":\"WebSite\",\"@id\":\"https:\\\/\\\/webknjizara.hr\\\/#website\",\"url\":\"https:\\\/\\\/webknjizara.hr\\\/\",\"name\":\"Web Knji\u017eara\",\"description\":\"\",\"publisher\":{\"@id\":\"https:\\\/\\\/webknjizara.hr\\\/#organization\"},\"potentialAction\":[{\"@type\":\"SearchAction\",\"target\":{\"@type\":\"EntryPoint\",\"urlTemplate\":\"https:\\\/\\\/webknjizara.hr\\\/?s={search_term_string}\"},\"query-input\":{\"@type\":\"PropertyValueSpecification\",\"valueRequired\":true,\"valueName\":\"search_term_string\"}}],\"inLanguage\":\"en-US\"},{\"@type\":\"Organization\",\"@id\":\"https:\\\/\\\/webknjizara.hr\\\/#organization\",\"name\":\"REDAK D.O.O.\",\"url\":\"https:\\\/\\\/webknjizara.hr\\\/\",\"logo\":{\"@type\":\"ImageObject\",\"inLanguage\":\"en-US\",\"@id\":\"https:\\\/\\\/webknjizara.hr\\\/#\\\/schema\\\/logo\\\/image\\\/\",\"url\":\"https:\\\/\\\/webknjizara.hr\\\/wp-content\\\/uploads\\\/2023\\\/01\\\/web-knjizara-logo.webp\",\"contentUrl\":\"https:\\\/\\\/webknjizara.hr\\\/wp-content\\\/uploads\\\/2023\\\/01\\\/web-knjizara-logo.webp\",\"width\":324,\"height\":79,\"caption\":\"REDAK D.O.O.\"},\"image\":{\"@id\":\"https:\\\/\\\/webknjizara.hr\\\/#\\\/schema\\\/logo\\\/image\\\/\"}}]}<\/script>\n<!-- \/ Yoast SEO plugin. -->","yoast_head_json":{"title":"PURPURNI OBLACI, Patrik Weiss - Web-knji\u017eara","robots":{"index":"index","follow":"follow","max-snippet":"max-snippet:-1","max-image-preview":"max-image-preview:large","max-video-preview":"max-video-preview:-1"},"canonical":"https:\/\/webknjizara.hr\/proizvod\/purpurni-oblaci-patrik-weiss\/","og_locale":"en_US","og_type":"article","og_title":"PURPURNI OBLACI, Patrik Weiss - Web-knji\u017eara","og_description":"Sa\u017eetak: Ova zbirka poezije propituje svakodnevicu kao jedan za\u010dudni fenomen. Bavi se pitanjima ljubavi, mo\u0107i, radosti i ostalih osje\u0107aja koji se sastavni dio svakoga pojedinca. Tako\u0111er, nastoji probiti zid izme\u0111u zdravo razumskog poimanja stvari i normi koje nas okru\u017euju, u \u010dijem smo vrtlogu svakoga dana. Stil pjesama je fragmentiran, u najmanju ruku sa\u017eetog i otvorenog [&hellip;]","og_url":"https:\/\/webknjizara.hr\/proizvod\/purpurni-oblaci-patrik-weiss\/","og_site_name":"Web-knji\u017eara","article_modified_time":"2023-02-26T23:17:30+00:00","og_image":[{"width":300,"height":419,"url":"https:\/\/webknjizara.hr\/wp-content\/uploads\/nc\/images\/virtuemart\/product\/WEIS_prpurni_oblaci-300x419.jpg","type":"image\/jpeg"}],"twitter_card":"summary_large_image","twitter_misc":{"Est. reading time":"2 minutes"},"schema":{"@context":"https:\/\/schema.org","@graph":[{"@type":"WebPage","@id":"https:\/\/webknjizara.hr\/proizvod\/purpurni-oblaci-patrik-weiss\/","url":"https:\/\/webknjizara.hr\/proizvod\/purpurni-oblaci-patrik-weiss\/","name":"PURPURNI OBLACI, Patrik Weiss - Web-knji\u017eara","isPartOf":{"@id":"https:\/\/webknjizara.hr\/#website"},"primaryImageOfPage":{"@id":"https:\/\/webknjizara.hr\/proizvod\/purpurni-oblaci-patrik-weiss\/#primaryimage"},"image":{"@id":"https:\/\/webknjizara.hr\/proizvod\/purpurni-oblaci-patrik-weiss\/#primaryimage"},"thumbnailUrl":"https:\/\/webknjizara.hr\/wp-content\/uploads\/nc\/images\/virtuemart\/product\/WEIS_prpurni_oblaci-300x419.jpg","datePublished":"2018-06-26T14:45:37+00:00","dateModified":"2023-02-26T23:17:30+00:00","breadcrumb":{"@id":"https:\/\/webknjizara.hr\/proizvod\/purpurni-oblaci-patrik-weiss\/#breadcrumb"},"inLanguage":"en-US","potentialAction":[{"@type":"ReadAction","target":["https:\/\/webknjizara.hr\/proizvod\/purpurni-oblaci-patrik-weiss\/"]}]},{"@type":"ImageObject","inLanguage":"en-US","@id":"https:\/\/webknjizara.hr\/proizvod\/purpurni-oblaci-patrik-weiss\/#primaryimage","url":"https:\/\/webknjizara.hr\/wp-content\/uploads\/nc\/images\/virtuemart\/product\/WEIS_prpurni_oblaci-300x419.jpg","contentUrl":"https:\/\/webknjizara.hr\/wp-content\/uploads\/nc\/images\/virtuemart\/product\/WEIS_prpurni_oblaci-300x419.jpg","width":300,"height":419,"caption":"PURPURNI OBLACI, Patrik Weiss"},{"@type":"BreadcrumbList","@id":"https:\/\/webknjizara.hr\/proizvod\/purpurni-oblaci-patrik-weiss\/#breadcrumb","itemListElement":[{"@type":"ListItem","position":1,"name":"Po\u010detna stranica","item":"https:\/\/webknjizara.hr\/en\/"},{"@type":"ListItem","position":2,"name":"Shop","item":"https:\/\/webknjizara.hr\/shop\/"},{"@type":"ListItem","position":3,"name":"PURPURNI OBLACI, Patrik Weiss"}]},{"@type":"WebSite","@id":"https:\/\/webknjizara.hr\/#website","url":"https:\/\/webknjizara.hr\/","name":"Web Knji\u017eara","description":"","publisher":{"@id":"https:\/\/webknjizara.hr\/#organization"},"potentialAction":[{"@type":"SearchAction","target":{"@type":"EntryPoint","urlTemplate":"https:\/\/webknjizara.hr\/?s={search_term_string}"},"query-input":{"@type":"PropertyValueSpecification","valueRequired":true,"valueName":"search_term_string"}}],"inLanguage":"en-US"},{"@type":"Organization","@id":"https:\/\/webknjizara.hr\/#organization","name":"REDAK D.O.O.","url":"https:\/\/webknjizara.hr\/","logo":{"@type":"ImageObject","inLanguage":"en-US","@id":"https:\/\/webknjizara.hr\/#\/schema\/logo\/image\/","url":"https:\/\/webknjizara.hr\/wp-content\/uploads\/2023\/01\/web-knjizara-logo.webp","contentUrl":"https:\/\/webknjizara.hr\/wp-content\/uploads\/2023\/01\/web-knjizara-logo.webp","width":324,"height":79,"caption":"REDAK D.O.O."},"image":{"@id":"https:\/\/webknjizara.hr\/#\/schema\/logo\/image\/"}}]}},"_links":{"self":[{"href":"https:\/\/webknjizara.hr\/en\/wp-json\/wp\/v2\/product\/8784","targetHints":{"allow":["GET"]}}],"collection":[{"href":"https:\/\/webknjizara.hr\/en\/wp-json\/wp\/v2\/product"}],"about":[{"href":"https:\/\/webknjizara.hr\/en\/wp-json\/wp\/v2\/types\/product"}],"replies":[{"embeddable":true,"href":"https:\/\/webknjizara.hr\/en\/wp-json\/wp\/v2\/comments?post=8784"}],"wp:featuredmedia":[{"embeddable":true,"href":"https:\/\/webknjizara.hr\/en\/wp-json\/wp\/v2\/media\/8785"}],"wp:attachment":[{"href":"https:\/\/webknjizara.hr\/en\/wp-json\/wp\/v2\/media?parent=8784"}],"wp:term":[{"taxonomy":"product_brand","embeddable":true,"href":"https:\/\/webknjizara.hr\/en\/wp-json\/wp\/v2\/product_brand?post=8784"},{"taxonomy":"product_cat","embeddable":true,"href":"https:\/\/webknjizara.hr\/en\/wp-json\/wp\/v2\/product_cat?post=8784"},{"taxonomy":"product_tag","embeddable":true,"href":"https:\/\/webknjizara.hr\/en\/wp-json\/wp\/v2\/product_tag?post=8784"}],"curies":[{"name":"wp","href":"https:\/\/api.w.org\/{rel}","templated":true}]}}