{"id":8770,"date":"2018-06-13T05:38:01","date_gmt":"2018-06-13T05:38:01","guid":{"rendered":"https:\/\/webknjizara.hr\/?product=kratke-price-od-aprila-do-travnja-sasa-muminovic"},"modified":"2023-02-27T00:17:29","modified_gmt":"2023-02-26T23:17:29","slug":"kratke-price-od-aprila-do-travnja-sasa-muminovic","status":"publish","type":"product","link":"https:\/\/webknjizara.hr\/en\/proizvod\/kratke-price-od-aprila-do-travnja-sasa-muminovic\/","title":{"rendered":"KRATKE PRI\u010cE OD APRILA DO TRAVNJA, Sa\u0161a Muminovi\u0107"},"content":{"rendered":"<p><strong>Sa\u017eetak:<\/strong> <\/p>\n<p><em>Autobiografske kratke pri\u010de. Nekad te ne\u0161to pritisne pa mora\u0161 o tome razmi\u0161ljati. Ne mora biti veliko, odlu\u010duju\u0107e, mo\u017ee biti neka sitnica. Sitnica, ali te\u0161ka. Toliko te\u0161ka da ti ne da mira. Ne mora biti \u010dak niti aktualna. Ona se provu\u010de kroz sje\u0107anja i do\u0111e u sada\u0161njost te po\u010dne lagano kljuckati. Tako su i mene neke stvari po\u010dele kljuckati, a moja Mojca je rekla: \u201ePa napi\u0161i ih\u201c. I tako sam napisao. Nije to prava literatura, kako je to o knjizi napisao g. Branko \u0160\u00f6men. To je zabava koja je meni pomogla izboriti se s nekim te\u0161kim sitnicama. Neke pri\u010de su mo\u017eda i previ\u0161e osobne. U jednom trenutku sam ih \u010dak htio i izbaciti iz knjige. Ali, onda sam pomislio kako su upravo one bile razlog pisanja, te bi bilo nepravedno izostaviti ih. Ne o\u010dekujem da \u0107e se svima dopasti. Ne moraju i ne mogu. Suboti\u010danima \u0107e mo\u017eda biti zanimljiv samo dio koji govori o Subotici i vremenima koje smo tamo skupa pro\u017eivjeli. Oni koji su do\u0161li kao stranci u Sloveniju mo\u017eda \u0107e se prepoznati u nekim mojim do\u017eivljajima. Zagorcima \u0107e biti zanimljivo kako ih ja vidim. A obitelji \u0107e se pak podsjetiti na neke davne, pro\u0161le lijepe trenutke i na ljude koji vi\u0161e nisu s nama. Svakome ne\u0161to, ali ne nu\u017eno za svakoga. Ali, jedno bez drugoga ne bi moglo.<\/em><\/p>\n<p>&#8211; Sa\u0161a Muminovi\u0107<br \/>Ljubljana, 2018<\/p>\n<p><strong>Bilje\u0161ka o autoru:\u00a0<\/strong><\/p>\n<p>Sa\u0161a Muminovi\u0107, ro\u0111en u Hrvatskoj, odrastao u Srbiji, trenuta\u010dno na privremenom radu u Sloveniji, koji \u0107e postati trajan.<\/p>\n<p>Beskompromisan ljevi\u010dar s osje\u0107ajem za pravi\u010dnost, \u0161to ga \u010desto dovodi u neprilike. Ne mo\u017ee dr\u017eati jezik za zubima. Nikad nije bio la\u017eno skroman i za sebe ka\u017ee da je ambicija koja hoda. S rukama potpuno nespretan, a za bilo kakav sport nezainteresiran. Pre\u010desto je u pravu da bi se to moglo ignorirati. To mu daje satisfakciju da barem pomisli kada ne smije re\u0107i told you so jer je ipak ne\u0161to nau\u010dio tijekom svih ovih godina. <\/p>\n<p><em><strong>Iz predgovora:<br \/><\/strong><\/em><br \/><em>Sa\u0161a je Sa\u0161a, nije Aleksandar, nije Aco; Sa\u0161a nije doktor koji lije\u010di ljude, Sa\u0161a nije pisac (kolike su zasluge ku\u0107ne sociologinje, njegove Mojce, koja mu je objasnila vid egzistencijalne upitnosti od pisanja, nije bitno koliko je va\u017eno; a i Cija, simptomati\u010dni oblik jezi\u010dnog izri\u010daja trogodi\u0161nje k\u0107eri Lucije, vjerojatno bi ne\u0161to rekla da ju se pita); Sa\u0161a mnogo toga nije, ali jest sve ono \u0161to je ispisao u koherentnim crticama svoje autobiografske proze.<\/em><\/p>\n<p>&#8211; Srebrenka Hotko-Cerni\u0107,<br \/>Kamanje, 2018.<\/p>\n<p><strong>Klju\u010dne rije\u010di:<\/strong> Autobiografske kratke pri\u010de<br \/><strong>Link:<\/strong> <a href=\"https:\/\/www.linkedin.com\/in\/sa%C5%A1a-muminovi%C4%87-0503a47\/\" target=\"_blank\" rel=\"noopener noreferrer\">https:\/\/www.linkedin.com\/in\/sa%C5%A1a-muminovi%C4%87-0503a47\/<\/a><\/p>\n<p><strong>Naslov:<\/strong> Kratke pri\u010de od aprila do travnja<br \/><strong>Autor:<\/strong> Sa\u0161a Muminovi\u0107<br \/><strong>Broj stranica:<\/strong> 290<br \/><strong>Nakladnik:<\/strong> REDAK<br \/><strong>Godina izdanja:<\/strong> 2018.<br \/><strong>ISBN:<\/strong> 978-953-336-486-5<br \/><strong>Tisak:<\/strong> digitalni tisak knjiga &#8211; print na zahtjev\u00a0<\/p>\n<hr \/>\n<p style=\"text-align: justify;\"><strong>Kako naru\u010diti knjigu?\u00a0<\/strong>Proces online kupovine jednako funkcionira za sve kupce, s jedinom razlikom u tome \u0161to \u0161to kupci iz inozemstva za podru\u010dje dostave moraju odabrati &#8220;Europa&#8221; ili &#8220;Ostale zemlje svijeta&#8221;, a za vrstu pla\u0107anja WSPay (kreditna kartica) ili Virmanom (bankovni transfer).<\/p>\n<p style=\"text-align: justify;\">Molimo kliknite ovdje za\u00a0<a href=\"hr\/kako-kupovati\" target=\"_blank\" rel=\"noopener noreferrer\">detaljni vodi\u010d kroz proces narud\u017ebe<\/a>\u00a0ili nas\u00a0<a href=\"hr\/kontakt\" target=\"_blank\" rel=\"noopener noreferrer\">kontaktirajte<\/a>\u00a0za vi\u0161e informacija.<\/p>\n","protected":false},"excerpt":{"rendered":"<p>Sa\u017eetak: Autobiografske kratke pri\u010de. Nekad te ne\u0161to pritisne pa mora\u0161 o tome razmi\u0161ljati. Ne mora biti veliko, odlu\u010duju\u0107e, mo\u017ee biti neka sitnica. Sitnica, ali te\u0161ka. Toliko te\u0161ka da ti ne da mira. Ne mora biti \u010dak niti aktualna. Ona se provu\u010de kroz sje\u0107anja i do\u0111e u sada\u0161njost te po\u010dne lagano kljuckati. Tako su i mene [&hellip;]<\/p>\n","protected":false},"featured_media":8771,"comment_status":"open","ping_status":"closed","template":"","meta":{"_acf_changed":false},"product_brand":[],"product_cat":[1383,1385],"product_tag":[],"class_list":{"0":"post-8770","1":"product","2":"type-product","3":"status-publish","4":"has-post-thumbnail","6":"product_cat-knjige","7":"product_cat-knjizevnost","8":"pa_autor-sasa-muminovic","9":"pa_nakladnik-redak","11":"first","12":"instock","13":"shipping-taxable","14":"purchasable","15":"product-type-simple"},"acf":[],"yoast_head":"<!-- This site is optimized with the Yoast SEO plugin v27.3 - https:\/\/yoast.com\/product\/yoast-seo-wordpress\/ -->\n<title>KRATKE PRI\u010cE OD APRILA DO TRAVNJA, Sa\u0161a Muminovi\u0107 - Web-knji\u017eara<\/title>\n<meta name=\"robots\" content=\"index, follow, max-snippet:-1, max-image-preview:large, max-video-preview:-1\" \/>\n<link rel=\"canonical\" href=\"https:\/\/webknjizara.hr\/proizvod\/kratke-price-od-aprila-do-travnja-sasa-muminovic\/\" \/>\n<meta property=\"og:locale\" content=\"en_US\" \/>\n<meta property=\"og:type\" content=\"article\" \/>\n<meta property=\"og:title\" content=\"KRATKE PRI\u010cE OD APRILA DO TRAVNJA, Sa\u0161a Muminovi\u0107 - Web-knji\u017eara\" \/>\n<meta property=\"og:description\" content=\"Sa\u017eetak: Autobiografske kratke pri\u010de. Nekad te ne\u0161to pritisne pa mora\u0161 o tome razmi\u0161ljati. Ne mora biti veliko, odlu\u010duju\u0107e, mo\u017ee biti neka sitnica. Sitnica, ali te\u0161ka. Toliko te\u0161ka da ti ne da mira. Ne mora biti \u010dak niti aktualna. Ona se provu\u010de kroz sje\u0107anja i do\u0111e u sada\u0161njost te po\u010dne lagano kljuckati. Tako su i mene [&hellip;]\" \/>\n<meta property=\"og:url\" content=\"https:\/\/webknjizara.hr\/proizvod\/kratke-price-od-aprila-do-travnja-sasa-muminovic\/\" \/>\n<meta property=\"og:site_name\" content=\"Web-knji\u017eara\" \/>\n<meta property=\"article:modified_time\" content=\"2023-02-26T23:17:29+00:00\" \/>\n<meta property=\"og:image\" content=\"https:\/\/webknjizara.hr\/wp-content\/uploads\/nc\/images\/virtuemart\/product\/Muminovic_naslovnica_kratke_price-300x419.jpg\" \/>\n\t<meta property=\"og:image:width\" content=\"300\" \/>\n\t<meta property=\"og:image:height\" content=\"419\" \/>\n\t<meta property=\"og:image:type\" content=\"image\/jpeg\" \/>\n<meta name=\"twitter:card\" content=\"summary_large_image\" \/>\n<meta name=\"twitter:label1\" content=\"Est. reading time\" \/>\n\t<meta name=\"twitter:data1\" content=\"3 minutes\" \/>\n<script type=\"application\/ld+json\" class=\"yoast-schema-graph\">{\"@context\":\"https:\\\/\\\/schema.org\",\"@graph\":[{\"@type\":\"WebPage\",\"@id\":\"https:\\\/\\\/webknjizara.hr\\\/proizvod\\\/kratke-price-od-aprila-do-travnja-sasa-muminovic\\\/\",\"url\":\"https:\\\/\\\/webknjizara.hr\\\/proizvod\\\/kratke-price-od-aprila-do-travnja-sasa-muminovic\\\/\",\"name\":\"KRATKE PRI\u010cE OD APRILA DO TRAVNJA, Sa\u0161a Muminovi\u0107 - Web-knji\u017eara\",\"isPartOf\":{\"@id\":\"https:\\\/\\\/webknjizara.hr\\\/#website\"},\"primaryImageOfPage\":{\"@id\":\"https:\\\/\\\/webknjizara.hr\\\/proizvod\\\/kratke-price-od-aprila-do-travnja-sasa-muminovic\\\/#primaryimage\"},\"image\":{\"@id\":\"https:\\\/\\\/webknjizara.hr\\\/proizvod\\\/kratke-price-od-aprila-do-travnja-sasa-muminovic\\\/#primaryimage\"},\"thumbnailUrl\":\"https:\\\/\\\/webknjizara.hr\\\/wp-content\\\/uploads\\\/nc\\\/images\\\/virtuemart\\\/product\\\/Muminovic_naslovnica_kratke_price-300x419.jpg\",\"datePublished\":\"2018-06-13T05:38:01+00:00\",\"dateModified\":\"2023-02-26T23:17:29+00:00\",\"breadcrumb\":{\"@id\":\"https:\\\/\\\/webknjizara.hr\\\/proizvod\\\/kratke-price-od-aprila-do-travnja-sasa-muminovic\\\/#breadcrumb\"},\"inLanguage\":\"en-US\",\"potentialAction\":[{\"@type\":\"ReadAction\",\"target\":[\"https:\\\/\\\/webknjizara.hr\\\/proizvod\\\/kratke-price-od-aprila-do-travnja-sasa-muminovic\\\/\"]}]},{\"@type\":\"ImageObject\",\"inLanguage\":\"en-US\",\"@id\":\"https:\\\/\\\/webknjizara.hr\\\/proizvod\\\/kratke-price-od-aprila-do-travnja-sasa-muminovic\\\/#primaryimage\",\"url\":\"https:\\\/\\\/webknjizara.hr\\\/wp-content\\\/uploads\\\/nc\\\/images\\\/virtuemart\\\/product\\\/Muminovic_naslovnica_kratke_price-300x419.jpg\",\"contentUrl\":\"https:\\\/\\\/webknjizara.hr\\\/wp-content\\\/uploads\\\/nc\\\/images\\\/virtuemart\\\/product\\\/Muminovic_naslovnica_kratke_price-300x419.jpg\",\"width\":300,\"height\":419,\"caption\":\"KRATKE PRI\u010cE OD APRILA DO TRAVNJA, Sa\u0161a Muminovi\u0107\"},{\"@type\":\"BreadcrumbList\",\"@id\":\"https:\\\/\\\/webknjizara.hr\\\/proizvod\\\/kratke-price-od-aprila-do-travnja-sasa-muminovic\\\/#breadcrumb\",\"itemListElement\":[{\"@type\":\"ListItem\",\"position\":1,\"name\":\"Po\u010detna stranica\",\"item\":\"https:\\\/\\\/webknjizara.hr\\\/en\\\/\"},{\"@type\":\"ListItem\",\"position\":2,\"name\":\"Shop\",\"item\":\"https:\\\/\\\/webknjizara.hr\\\/shop\\\/\"},{\"@type\":\"ListItem\",\"position\":3,\"name\":\"KRATKE PRI\u010cE OD APRILA DO TRAVNJA, Sa\u0161a Muminovi\u0107\"}]},{\"@type\":\"WebSite\",\"@id\":\"https:\\\/\\\/webknjizara.hr\\\/#website\",\"url\":\"https:\\\/\\\/webknjizara.hr\\\/\",\"name\":\"Web Knji\u017eara\",\"description\":\"\",\"publisher\":{\"@id\":\"https:\\\/\\\/webknjizara.hr\\\/#organization\"},\"potentialAction\":[{\"@type\":\"SearchAction\",\"target\":{\"@type\":\"EntryPoint\",\"urlTemplate\":\"https:\\\/\\\/webknjizara.hr\\\/?s={search_term_string}\"},\"query-input\":{\"@type\":\"PropertyValueSpecification\",\"valueRequired\":true,\"valueName\":\"search_term_string\"}}],\"inLanguage\":\"en-US\"},{\"@type\":\"Organization\",\"@id\":\"https:\\\/\\\/webknjizara.hr\\\/#organization\",\"name\":\"REDAK D.O.O.\",\"url\":\"https:\\\/\\\/webknjizara.hr\\\/\",\"logo\":{\"@type\":\"ImageObject\",\"inLanguage\":\"en-US\",\"@id\":\"https:\\\/\\\/webknjizara.hr\\\/#\\\/schema\\\/logo\\\/image\\\/\",\"url\":\"https:\\\/\\\/webknjizara.hr\\\/wp-content\\\/uploads\\\/2023\\\/01\\\/web-knjizara-logo.webp\",\"contentUrl\":\"https:\\\/\\\/webknjizara.hr\\\/wp-content\\\/uploads\\\/2023\\\/01\\\/web-knjizara-logo.webp\",\"width\":324,\"height\":79,\"caption\":\"REDAK D.O.O.\"},\"image\":{\"@id\":\"https:\\\/\\\/webknjizara.hr\\\/#\\\/schema\\\/logo\\\/image\\\/\"}}]}<\/script>\n<!-- \/ Yoast SEO plugin. -->","yoast_head_json":{"title":"KRATKE PRI\u010cE OD APRILA DO TRAVNJA, Sa\u0161a Muminovi\u0107 - Web-knji\u017eara","robots":{"index":"index","follow":"follow","max-snippet":"max-snippet:-1","max-image-preview":"max-image-preview:large","max-video-preview":"max-video-preview:-1"},"canonical":"https:\/\/webknjizara.hr\/proizvod\/kratke-price-od-aprila-do-travnja-sasa-muminovic\/","og_locale":"en_US","og_type":"article","og_title":"KRATKE PRI\u010cE OD APRILA DO TRAVNJA, Sa\u0161a Muminovi\u0107 - Web-knji\u017eara","og_description":"Sa\u017eetak: Autobiografske kratke pri\u010de. Nekad te ne\u0161to pritisne pa mora\u0161 o tome razmi\u0161ljati. Ne mora biti veliko, odlu\u010duju\u0107e, mo\u017ee biti neka sitnica. Sitnica, ali te\u0161ka. Toliko te\u0161ka da ti ne da mira. Ne mora biti \u010dak niti aktualna. Ona se provu\u010de kroz sje\u0107anja i do\u0111e u sada\u0161njost te po\u010dne lagano kljuckati. Tako su i mene [&hellip;]","og_url":"https:\/\/webknjizara.hr\/proizvod\/kratke-price-od-aprila-do-travnja-sasa-muminovic\/","og_site_name":"Web-knji\u017eara","article_modified_time":"2023-02-26T23:17:29+00:00","og_image":[{"width":300,"height":419,"url":"https:\/\/webknjizara.hr\/wp-content\/uploads\/nc\/images\/virtuemart\/product\/Muminovic_naslovnica_kratke_price-300x419.jpg","type":"image\/jpeg"}],"twitter_card":"summary_large_image","twitter_misc":{"Est. reading time":"3 minutes"},"schema":{"@context":"https:\/\/schema.org","@graph":[{"@type":"WebPage","@id":"https:\/\/webknjizara.hr\/proizvod\/kratke-price-od-aprila-do-travnja-sasa-muminovic\/","url":"https:\/\/webknjizara.hr\/proizvod\/kratke-price-od-aprila-do-travnja-sasa-muminovic\/","name":"KRATKE PRI\u010cE OD APRILA DO TRAVNJA, Sa\u0161a Muminovi\u0107 - Web-knji\u017eara","isPartOf":{"@id":"https:\/\/webknjizara.hr\/#website"},"primaryImageOfPage":{"@id":"https:\/\/webknjizara.hr\/proizvod\/kratke-price-od-aprila-do-travnja-sasa-muminovic\/#primaryimage"},"image":{"@id":"https:\/\/webknjizara.hr\/proizvod\/kratke-price-od-aprila-do-travnja-sasa-muminovic\/#primaryimage"},"thumbnailUrl":"https:\/\/webknjizara.hr\/wp-content\/uploads\/nc\/images\/virtuemart\/product\/Muminovic_naslovnica_kratke_price-300x419.jpg","datePublished":"2018-06-13T05:38:01+00:00","dateModified":"2023-02-26T23:17:29+00:00","breadcrumb":{"@id":"https:\/\/webknjizara.hr\/proizvod\/kratke-price-od-aprila-do-travnja-sasa-muminovic\/#breadcrumb"},"inLanguage":"en-US","potentialAction":[{"@type":"ReadAction","target":["https:\/\/webknjizara.hr\/proizvod\/kratke-price-od-aprila-do-travnja-sasa-muminovic\/"]}]},{"@type":"ImageObject","inLanguage":"en-US","@id":"https:\/\/webknjizara.hr\/proizvod\/kratke-price-od-aprila-do-travnja-sasa-muminovic\/#primaryimage","url":"https:\/\/webknjizara.hr\/wp-content\/uploads\/nc\/images\/virtuemart\/product\/Muminovic_naslovnica_kratke_price-300x419.jpg","contentUrl":"https:\/\/webknjizara.hr\/wp-content\/uploads\/nc\/images\/virtuemart\/product\/Muminovic_naslovnica_kratke_price-300x419.jpg","width":300,"height":419,"caption":"KRATKE PRI\u010cE OD APRILA DO TRAVNJA, Sa\u0161a Muminovi\u0107"},{"@type":"BreadcrumbList","@id":"https:\/\/webknjizara.hr\/proizvod\/kratke-price-od-aprila-do-travnja-sasa-muminovic\/#breadcrumb","itemListElement":[{"@type":"ListItem","position":1,"name":"Po\u010detna stranica","item":"https:\/\/webknjizara.hr\/en\/"},{"@type":"ListItem","position":2,"name":"Shop","item":"https:\/\/webknjizara.hr\/shop\/"},{"@type":"ListItem","position":3,"name":"KRATKE PRI\u010cE OD APRILA DO TRAVNJA, Sa\u0161a Muminovi\u0107"}]},{"@type":"WebSite","@id":"https:\/\/webknjizara.hr\/#website","url":"https:\/\/webknjizara.hr\/","name":"Web Knji\u017eara","description":"","publisher":{"@id":"https:\/\/webknjizara.hr\/#organization"},"potentialAction":[{"@type":"SearchAction","target":{"@type":"EntryPoint","urlTemplate":"https:\/\/webknjizara.hr\/?s={search_term_string}"},"query-input":{"@type":"PropertyValueSpecification","valueRequired":true,"valueName":"search_term_string"}}],"inLanguage":"en-US"},{"@type":"Organization","@id":"https:\/\/webknjizara.hr\/#organization","name":"REDAK D.O.O.","url":"https:\/\/webknjizara.hr\/","logo":{"@type":"ImageObject","inLanguage":"en-US","@id":"https:\/\/webknjizara.hr\/#\/schema\/logo\/image\/","url":"https:\/\/webknjizara.hr\/wp-content\/uploads\/2023\/01\/web-knjizara-logo.webp","contentUrl":"https:\/\/webknjizara.hr\/wp-content\/uploads\/2023\/01\/web-knjizara-logo.webp","width":324,"height":79,"caption":"REDAK D.O.O."},"image":{"@id":"https:\/\/webknjizara.hr\/#\/schema\/logo\/image\/"}}]}},"_links":{"self":[{"href":"https:\/\/webknjizara.hr\/en\/wp-json\/wp\/v2\/product\/8770","targetHints":{"allow":["GET"]}}],"collection":[{"href":"https:\/\/webknjizara.hr\/en\/wp-json\/wp\/v2\/product"}],"about":[{"href":"https:\/\/webknjizara.hr\/en\/wp-json\/wp\/v2\/types\/product"}],"replies":[{"embeddable":true,"href":"https:\/\/webknjizara.hr\/en\/wp-json\/wp\/v2\/comments?post=8770"}],"wp:featuredmedia":[{"embeddable":true,"href":"https:\/\/webknjizara.hr\/en\/wp-json\/wp\/v2\/media\/8771"}],"wp:attachment":[{"href":"https:\/\/webknjizara.hr\/en\/wp-json\/wp\/v2\/media?parent=8770"}],"wp:term":[{"taxonomy":"product_brand","embeddable":true,"href":"https:\/\/webknjizara.hr\/en\/wp-json\/wp\/v2\/product_brand?post=8770"},{"taxonomy":"product_cat","embeddable":true,"href":"https:\/\/webknjizara.hr\/en\/wp-json\/wp\/v2\/product_cat?post=8770"},{"taxonomy":"product_tag","embeddable":true,"href":"https:\/\/webknjizara.hr\/en\/wp-json\/wp\/v2\/product_tag?post=8770"}],"curies":[{"name":"wp","href":"https:\/\/api.w.org\/{rel}","templated":true}]}}