{"id":8769,"date":"2018-06-10T20:56:06","date_gmt":"2018-06-10T18:56:06","guid":{"rendered":"https:\/\/webknjizara.hr\/?product=muskarac-iz-snova-%e2%80%93-od-nezainteresiranog-do-zaljubljenog-muskarca-sanela-kovacevic-nelly"},"modified":"2025-02-12T07:11:38","modified_gmt":"2025-02-12T06:11:38","slug":"muskarac-iz-snova-od-nezainteresiranog-do-zaljubljenog-muskarca-sanela-kovacevic-nelly-864","status":"publish","type":"product","link":"https:\/\/webknjizara.hr\/en\/proizvod\/muskarac-iz-snova-od-nezainteresiranog-do-zaljubljenog-muskarca-sanela-kovacevic-nelly-864\/","title":{"rendered":"MU\u0160KARAC IZ SNOVA \u2013 OD NEZAINTERESIRANOG DO ZALJUBLJENOG MU\u0160KARCA, Sanela Kova\u010devi\u0107 Nelly"},"content":{"rendered":"<p style=\"text-align: justify;\"><strong>Sa\u017eetak:<\/strong> <\/p>\n<p>Knjiga <strong>Mu\u0161karac iz snova \u2013 od nezainteresiranog do zaljubljenog mu\u0161karca<\/strong> nastavak je hit naslova <a href=\"https:\/\/webknjizara.hr\/knjige\/prirucnici\/muskarac-u-saci-ili-o-tajnama-osvajanja-s-k-nelly\" target=\"_blank\" rel=\"noopener noreferrer\">Mu\u0161karac u \u0161aci &#8211; ili o tajnama osvajanja<\/a>, knjige koja je promijenila ljubavni \u017eivot tisu\u0107ama \u017eena svih generacija. <strong>Mu\u0161karac iz snova<\/strong> ide korak dalje i pomi\u010de sve granice, bilo da je rije\u010d o povratku stare ljubavi, osvajanju nove ili ostvarivanju kvalitetne veze \u2013 jedno je sigurno, nakon \u0161to pro\u010ditate knjigu i usvojite nau\u010deno, o\u010dekuju vas zapanjuju\u0107i rezultati.<\/p>\n<p style=\"text-align: justify;\"><strong>Kako u njegovim o\u010dima postati Ona Prava?<\/strong><br \/><strong>Va\u0161 novi sjajan \u017eivot i kako ga ostvariti?<\/strong><br \/><strong>Za\u0161to mu\u0161karci odlaze onda kada to najmanje o\u010dekujete?<\/strong><br \/><strong>Kako vratiti interes mu\u0161karca \u2013 \u010dak i kada se to \u010dini nemogu\u0107e?<\/strong><br \/><strong>Za\u0161to neke veze nikada ne postanu ozbiljne, i kako izbje\u0107i zamku veze bez obaveza?<\/strong><br \/><strong>Kako vratiti njegov interes ako ste u vezi, braku ili odnosu bez obaveza?<\/strong><br \/><strong>Prekid veze kojeg je inicirao on \u2013 kako posti\u0107i da on inicira pomirenje?<\/strong><br \/><strong>\u0160to pretvara nezainteresiranog u zaljubljenog mu\u0161karca?<\/strong><br \/><strong>\u0160to \u0107e ga vratiti na va\u0161 prag?<\/strong><\/p>\n<p style=\"text-align: justify;\">Odgovore na ova i brojna druga pitanja, prona\u0107i \u0107ete u ovoj, dugo o\u010dekivanoj knjizi koja vas sasvim sigurno, ne\u0107e ostaviti ravnodu\u0161nima. <br \/>Bez obzira u kojoj se ljubavnoj situaciji trenutno nalazite, knjiga Mu\u0161karac iz snova jedno je od najkorisnijih \u0161tiva koje si mo\u017eete pokloniti.<\/p>\n<p style=\"text-align: justify;\"><strong>Bilje\u0161ka o autorici:<\/strong> <\/p>\n<p>Sanela Kova\u010devi\u0107 Nelly autorica je bestsellera <strong>Mu\u0161karac u \u0161aci \u2013 ili o tajnama osvajanja<\/strong>, i jedne od najtra\u017eenijih knjiga <em>chicklit<\/em> literature u Hrvatskoj i regiji. Ro\u0111ena je u Kutini, a svoj spisateljski talent pokazuje ve\u0107 u najmla\u0111im danima, pa tako svoju prvu zbirku pjesma pi\u0161e u \u0161estoj godini \u017eivota. Magistra je ekonomije, govori engleski, njema\u010dki, talijanski i \u0161panjolski jezik, a svoje prve ozbiljnije autorske korake zapo\u010dinje kao tekstopisac u glazbenoj industriji. Zbog velike popularnosti, njezina je prva knjiga Mu\u0161karac u \u0161aci prevedena i na engleski jezik, a zbog ostvarenog uspjeha u rje\u0161avanju ljubavnih problema svojih \u010ditateljica, autorica postaje i sve tra\u017eeniji osobni love coach<\/p>\n<p style=\"text-align: justify;\"><strong>Klju\u010dne rije\u010di:<\/strong> Mu\u0161karac iz snova, kako osvojiti mu\u0161karca, kako vratiti njegov interes, kako posti\u0107i da se mu\u0161karac zaljubi, ljubav, zaljubljen mu\u0161karac, zainteresiran mu\u0161karac, kako ga vratiti, kako vratiti biv\u0161eg<\/p>\n<p><strong>Link:\u00a0<\/strong> <a href=\"http:\/\/www.muskaracusaci.com\" target=\"_blank\" rel=\"noopener noreferrer\">www.muskaracusaci.com<\/a> , <a href=\"http:\/\/www.sanelakovacevicnelly.eu\" target=\"_blank\" rel=\"noopener noreferrer\">www.sanelakovacevicnelly.eu<\/a><br \/><strong>E-mail:<\/strong> <a href=\"mailto:info@muskaracusaci.com\">E-mail 1<\/a>, <a href=\"mailto:nelly@sanelakovacevicnelly.eu\">E-mail 2<\/a>, <a href=\"mailto:management@sanelakovacevicnelly.eu\">E-mail 3<br \/><\/a><br \/><strong>Naslov:<\/strong> Mu\u0161karac iz snova \u2013 od nezainteresiranog do zaljubljenog mu\u0161karca<br \/><strong>Autorica:<\/strong> Sanela Kova\u010devi\u0107 Nelly<br \/><strong>Broj stranica:<\/strong> 162<br \/><strong>Nakladnik:<\/strong> Vlastita naklada<br \/><strong>Godina izdanja:<\/strong> 2018.<br \/><strong>ISBN:<\/strong> 978-953-59447-1-3<br \/><strong>Tisak:<\/strong> digitalni tisak knjiga &#8211; print na zahtjev\u00a0<\/p>\n<hr \/>\n<p style=\"text-align: justify;\"><strong>Kako naru\u010diti knjigu?\u00a0<\/strong>Proces online kupovine jednako funkcionira za sve kupce, s jedinom razlikom u tome \u0161to \u0161to kupci iz inozemstva za podru\u010dje dostave moraju odabrati &#8220;Europa&#8221; ili &#8220;Ostale zemlje svijeta&#8221;, a za vrstu pla\u0107anja WSPay (kreditna kartica) ili Virmanom (bankovni transfer).<\/p>\n<p style=\"text-align: justify;\">Molimo kliknite ovdje za\u00a0<a href=\"hr\/kako-kupovati\" target=\"_blank\" rel=\"noopener noreferrer\">detaljni vodi\u010d kroz proces narud\u017ebe<\/a>\u00a0ili nas\u00a0<a href=\"hr\/kontakt\" target=\"_blank\" rel=\"noopener noreferrer\">kontaktirajte<\/a>\u00a0za vi\u0161e informacija.<\/p>\n","protected":false},"excerpt":{"rendered":"<p>Sa\u017eetak: Knjiga Mu\u0161karac iz snova \u2013 od nezainteresiranog do zaljubljenog mu\u0161karca nastavak je hit naslova Mu\u0161karac u \u0161aci &#8211; ili o tajnama osvajanja, knjige koja je promijenila ljubavni \u017eivot tisu\u0107ama \u017eena svih generacija. Mu\u0161karac iz snova ide korak dalje i pomi\u010de sve granice, bilo da je rije\u010d o povratku stare ljubavi, osvajanju nove ili ostvarivanju [&hellip;]<\/p>\n","protected":false},"featured_media":8768,"comment_status":"open","ping_status":"closed","template":"","meta":{"_acf_changed":false},"product_brand":[],"product_cat":[1405],"product_tag":[],"class_list":{"0":"post-8769","1":"product","2":"type-product","3":"status-publish","4":"has-post-thumbnail","6":"product_cat-samopomoc","8":"first","9":"instock","10":"shipping-taxable","11":"purchasable","12":"product-type-simple"},"acf":[],"yoast_head":"<!-- This site is optimized with the Yoast SEO plugin v27.3 - https:\/\/yoast.com\/product\/yoast-seo-wordpress\/ -->\n<title>MU\u0160KARAC IZ SNOVA \u2013 OD NEZAINTERESIRANOG DO ZALJUBLJENOG MU\u0160KARCA, Sanela Kova\u010devi\u0107 Nelly - Web-knji\u017eara<\/title>\n<meta name=\"robots\" content=\"index, follow, max-snippet:-1, max-image-preview:large, max-video-preview:-1\" \/>\n<link rel=\"canonical\" href=\"https:\/\/webknjizara.hr\/proizvod\/muskarac-iz-snova-od-nezainteresiranog-do-zaljubljenog-muskarca-sanela-kovacevic-nelly-864\/\" \/>\n<meta property=\"og:locale\" content=\"en_US\" \/>\n<meta property=\"og:type\" content=\"article\" \/>\n<meta property=\"og:title\" content=\"MU\u0160KARAC IZ SNOVA \u2013 OD NEZAINTERESIRANOG DO ZALJUBLJENOG MU\u0160KARCA, Sanela Kova\u010devi\u0107 Nelly - Web-knji\u017eara\" \/>\n<meta property=\"og:description\" content=\"Sa\u017eetak: Knjiga Mu\u0161karac iz snova \u2013 od nezainteresiranog do zaljubljenog mu\u0161karca nastavak je hit naslova Mu\u0161karac u \u0161aci &#8211; ili o tajnama osvajanja, knjige koja je promijenila ljubavni \u017eivot tisu\u0107ama \u017eena svih generacija. Mu\u0161karac iz snova ide korak dalje i pomi\u010de sve granice, bilo da je rije\u010d o povratku stare ljubavi, osvajanju nove ili ostvarivanju [&hellip;]\" \/>\n<meta property=\"og:url\" content=\"https:\/\/webknjizara.hr\/proizvod\/muskarac-iz-snova-od-nezainteresiranog-do-zaljubljenog-muskarca-sanela-kovacevic-nelly-864\/\" \/>\n<meta property=\"og:site_name\" content=\"Web-knji\u017eara\" \/>\n<meta property=\"article:modified_time\" content=\"2025-02-12T06:11:38+00:00\" \/>\n<meta property=\"og:image\" content=\"https:\/\/webknjizara.hr\/wp-content\/uploads\/nc\/images\/virtuemart\/product\/Kovacevic_muskaraci-_iz_snova-300x419.jpg\" \/>\n\t<meta property=\"og:image:width\" content=\"300\" \/>\n\t<meta property=\"og:image:height\" content=\"419\" \/>\n\t<meta property=\"og:image:type\" content=\"image\/jpeg\" \/>\n<meta name=\"twitter:card\" content=\"summary_large_image\" \/>\n<meta name=\"twitter:label1\" content=\"Est. reading time\" \/>\n\t<meta name=\"twitter:data1\" content=\"2 minutes\" \/>\n<script type=\"application\/ld+json\" class=\"yoast-schema-graph\">{\"@context\":\"https:\\\/\\\/schema.org\",\"@graph\":[{\"@type\":\"WebPage\",\"@id\":\"https:\\\/\\\/webknjizara.hr\\\/proizvod\\\/muskarac-iz-snova-od-nezainteresiranog-do-zaljubljenog-muskarca-sanela-kovacevic-nelly-864\\\/\",\"url\":\"https:\\\/\\\/webknjizara.hr\\\/proizvod\\\/muskarac-iz-snova-od-nezainteresiranog-do-zaljubljenog-muskarca-sanela-kovacevic-nelly-864\\\/\",\"name\":\"MU\u0160KARAC IZ SNOVA \u2013 OD NEZAINTERESIRANOG DO ZALJUBLJENOG MU\u0160KARCA, Sanela Kova\u010devi\u0107 Nelly - Web-knji\u017eara\",\"isPartOf\":{\"@id\":\"https:\\\/\\\/webknjizara.hr\\\/#website\"},\"primaryImageOfPage\":{\"@id\":\"https:\\\/\\\/webknjizara.hr\\\/proizvod\\\/muskarac-iz-snova-od-nezainteresiranog-do-zaljubljenog-muskarca-sanela-kovacevic-nelly-864\\\/#primaryimage\"},\"image\":{\"@id\":\"https:\\\/\\\/webknjizara.hr\\\/proizvod\\\/muskarac-iz-snova-od-nezainteresiranog-do-zaljubljenog-muskarca-sanela-kovacevic-nelly-864\\\/#primaryimage\"},\"thumbnailUrl\":\"https:\\\/\\\/webknjizara.hr\\\/wp-content\\\/uploads\\\/nc\\\/images\\\/virtuemart\\\/product\\\/Kovacevic_muskaraci-_iz_snova-300x419.jpg\",\"datePublished\":\"2018-06-10T18:56:06+00:00\",\"dateModified\":\"2025-02-12T06:11:38+00:00\",\"breadcrumb\":{\"@id\":\"https:\\\/\\\/webknjizara.hr\\\/proizvod\\\/muskarac-iz-snova-od-nezainteresiranog-do-zaljubljenog-muskarca-sanela-kovacevic-nelly-864\\\/#breadcrumb\"},\"inLanguage\":\"en-US\",\"potentialAction\":[{\"@type\":\"ReadAction\",\"target\":[\"https:\\\/\\\/webknjizara.hr\\\/proizvod\\\/muskarac-iz-snova-od-nezainteresiranog-do-zaljubljenog-muskarca-sanela-kovacevic-nelly-864\\\/\"]}]},{\"@type\":\"ImageObject\",\"inLanguage\":\"en-US\",\"@id\":\"https:\\\/\\\/webknjizara.hr\\\/proizvod\\\/muskarac-iz-snova-od-nezainteresiranog-do-zaljubljenog-muskarca-sanela-kovacevic-nelly-864\\\/#primaryimage\",\"url\":\"https:\\\/\\\/webknjizara.hr\\\/wp-content\\\/uploads\\\/nc\\\/images\\\/virtuemart\\\/product\\\/Kovacevic_muskaraci-_iz_snova-300x419.jpg\",\"contentUrl\":\"https:\\\/\\\/webknjizara.hr\\\/wp-content\\\/uploads\\\/nc\\\/images\\\/virtuemart\\\/product\\\/Kovacevic_muskaraci-_iz_snova-300x419.jpg\",\"width\":300,\"height\":419,\"caption\":\"MU\u0160KARAC IZ SNOVA \u2013 OD NEZAINTERESIRANOG DO ZALJUBLJENOG MU\u0160KARCA, Sanela Kova\u010devi\u0107 Nelly\"},{\"@type\":\"BreadcrumbList\",\"@id\":\"https:\\\/\\\/webknjizara.hr\\\/proizvod\\\/muskarac-iz-snova-od-nezainteresiranog-do-zaljubljenog-muskarca-sanela-kovacevic-nelly-864\\\/#breadcrumb\",\"itemListElement\":[{\"@type\":\"ListItem\",\"position\":1,\"name\":\"Po\u010detna stranica\",\"item\":\"https:\\\/\\\/webknjizara.hr\\\/en\\\/\"},{\"@type\":\"ListItem\",\"position\":2,\"name\":\"Shop\",\"item\":\"https:\\\/\\\/webknjizara.hr\\\/shop\\\/\"},{\"@type\":\"ListItem\",\"position\":3,\"name\":\"MU\u0160KARAC IZ SNOVA \u2013 OD NEZAINTERESIRANOG DO ZALJUBLJENOG MU\u0160KARCA, Sanela Kova\u010devi\u0107 Nelly\"}]},{\"@type\":\"WebSite\",\"@id\":\"https:\\\/\\\/webknjizara.hr\\\/#website\",\"url\":\"https:\\\/\\\/webknjizara.hr\\\/\",\"name\":\"Web Knji\u017eara\",\"description\":\"\",\"publisher\":{\"@id\":\"https:\\\/\\\/webknjizara.hr\\\/#organization\"},\"potentialAction\":[{\"@type\":\"SearchAction\",\"target\":{\"@type\":\"EntryPoint\",\"urlTemplate\":\"https:\\\/\\\/webknjizara.hr\\\/?s={search_term_string}\"},\"query-input\":{\"@type\":\"PropertyValueSpecification\",\"valueRequired\":true,\"valueName\":\"search_term_string\"}}],\"inLanguage\":\"en-US\"},{\"@type\":\"Organization\",\"@id\":\"https:\\\/\\\/webknjizara.hr\\\/#organization\",\"name\":\"REDAK D.O.O.\",\"url\":\"https:\\\/\\\/webknjizara.hr\\\/\",\"logo\":{\"@type\":\"ImageObject\",\"inLanguage\":\"en-US\",\"@id\":\"https:\\\/\\\/webknjizara.hr\\\/#\\\/schema\\\/logo\\\/image\\\/\",\"url\":\"https:\\\/\\\/webknjizara.hr\\\/wp-content\\\/uploads\\\/2023\\\/01\\\/web-knjizara-logo.webp\",\"contentUrl\":\"https:\\\/\\\/webknjizara.hr\\\/wp-content\\\/uploads\\\/2023\\\/01\\\/web-knjizara-logo.webp\",\"width\":324,\"height\":79,\"caption\":\"REDAK D.O.O.\"},\"image\":{\"@id\":\"https:\\\/\\\/webknjizara.hr\\\/#\\\/schema\\\/logo\\\/image\\\/\"}}]}<\/script>\n<!-- \/ Yoast SEO plugin. -->","yoast_head_json":{"title":"MU\u0160KARAC IZ SNOVA \u2013 OD NEZAINTERESIRANOG DO ZALJUBLJENOG MU\u0160KARCA, Sanela Kova\u010devi\u0107 Nelly - Web-knji\u017eara","robots":{"index":"index","follow":"follow","max-snippet":"max-snippet:-1","max-image-preview":"max-image-preview:large","max-video-preview":"max-video-preview:-1"},"canonical":"https:\/\/webknjizara.hr\/proizvod\/muskarac-iz-snova-od-nezainteresiranog-do-zaljubljenog-muskarca-sanela-kovacevic-nelly-864\/","og_locale":"en_US","og_type":"article","og_title":"MU\u0160KARAC IZ SNOVA \u2013 OD NEZAINTERESIRANOG DO ZALJUBLJENOG MU\u0160KARCA, Sanela Kova\u010devi\u0107 Nelly - Web-knji\u017eara","og_description":"Sa\u017eetak: Knjiga Mu\u0161karac iz snova \u2013 od nezainteresiranog do zaljubljenog mu\u0161karca nastavak je hit naslova Mu\u0161karac u \u0161aci &#8211; ili o tajnama osvajanja, knjige koja je promijenila ljubavni \u017eivot tisu\u0107ama \u017eena svih generacija. Mu\u0161karac iz snova ide korak dalje i pomi\u010de sve granice, bilo da je rije\u010d o povratku stare ljubavi, osvajanju nove ili ostvarivanju [&hellip;]","og_url":"https:\/\/webknjizara.hr\/proizvod\/muskarac-iz-snova-od-nezainteresiranog-do-zaljubljenog-muskarca-sanela-kovacevic-nelly-864\/","og_site_name":"Web-knji\u017eara","article_modified_time":"2025-02-12T06:11:38+00:00","og_image":[{"width":300,"height":419,"url":"https:\/\/webknjizara.hr\/wp-content\/uploads\/nc\/images\/virtuemart\/product\/Kovacevic_muskaraci-_iz_snova-300x419.jpg","type":"image\/jpeg"}],"twitter_card":"summary_large_image","twitter_misc":{"Est. reading time":"2 minutes"},"schema":{"@context":"https:\/\/schema.org","@graph":[{"@type":"WebPage","@id":"https:\/\/webknjizara.hr\/proizvod\/muskarac-iz-snova-od-nezainteresiranog-do-zaljubljenog-muskarca-sanela-kovacevic-nelly-864\/","url":"https:\/\/webknjizara.hr\/proizvod\/muskarac-iz-snova-od-nezainteresiranog-do-zaljubljenog-muskarca-sanela-kovacevic-nelly-864\/","name":"MU\u0160KARAC IZ SNOVA \u2013 OD NEZAINTERESIRANOG DO ZALJUBLJENOG MU\u0160KARCA, Sanela Kova\u010devi\u0107 Nelly - Web-knji\u017eara","isPartOf":{"@id":"https:\/\/webknjizara.hr\/#website"},"primaryImageOfPage":{"@id":"https:\/\/webknjizara.hr\/proizvod\/muskarac-iz-snova-od-nezainteresiranog-do-zaljubljenog-muskarca-sanela-kovacevic-nelly-864\/#primaryimage"},"image":{"@id":"https:\/\/webknjizara.hr\/proizvod\/muskarac-iz-snova-od-nezainteresiranog-do-zaljubljenog-muskarca-sanela-kovacevic-nelly-864\/#primaryimage"},"thumbnailUrl":"https:\/\/webknjizara.hr\/wp-content\/uploads\/nc\/images\/virtuemart\/product\/Kovacevic_muskaraci-_iz_snova-300x419.jpg","datePublished":"2018-06-10T18:56:06+00:00","dateModified":"2025-02-12T06:11:38+00:00","breadcrumb":{"@id":"https:\/\/webknjizara.hr\/proizvod\/muskarac-iz-snova-od-nezainteresiranog-do-zaljubljenog-muskarca-sanela-kovacevic-nelly-864\/#breadcrumb"},"inLanguage":"en-US","potentialAction":[{"@type":"ReadAction","target":["https:\/\/webknjizara.hr\/proizvod\/muskarac-iz-snova-od-nezainteresiranog-do-zaljubljenog-muskarca-sanela-kovacevic-nelly-864\/"]}]},{"@type":"ImageObject","inLanguage":"en-US","@id":"https:\/\/webknjizara.hr\/proizvod\/muskarac-iz-snova-od-nezainteresiranog-do-zaljubljenog-muskarca-sanela-kovacevic-nelly-864\/#primaryimage","url":"https:\/\/webknjizara.hr\/wp-content\/uploads\/nc\/images\/virtuemart\/product\/Kovacevic_muskaraci-_iz_snova-300x419.jpg","contentUrl":"https:\/\/webknjizara.hr\/wp-content\/uploads\/nc\/images\/virtuemart\/product\/Kovacevic_muskaraci-_iz_snova-300x419.jpg","width":300,"height":419,"caption":"MU\u0160KARAC IZ SNOVA \u2013 OD NEZAINTERESIRANOG DO ZALJUBLJENOG MU\u0160KARCA, Sanela Kova\u010devi\u0107 Nelly"},{"@type":"BreadcrumbList","@id":"https:\/\/webknjizara.hr\/proizvod\/muskarac-iz-snova-od-nezainteresiranog-do-zaljubljenog-muskarca-sanela-kovacevic-nelly-864\/#breadcrumb","itemListElement":[{"@type":"ListItem","position":1,"name":"Po\u010detna stranica","item":"https:\/\/webknjizara.hr\/en\/"},{"@type":"ListItem","position":2,"name":"Shop","item":"https:\/\/webknjizara.hr\/shop\/"},{"@type":"ListItem","position":3,"name":"MU\u0160KARAC IZ SNOVA \u2013 OD NEZAINTERESIRANOG DO ZALJUBLJENOG MU\u0160KARCA, Sanela Kova\u010devi\u0107 Nelly"}]},{"@type":"WebSite","@id":"https:\/\/webknjizara.hr\/#website","url":"https:\/\/webknjizara.hr\/","name":"Web Knji\u017eara","description":"","publisher":{"@id":"https:\/\/webknjizara.hr\/#organization"},"potentialAction":[{"@type":"SearchAction","target":{"@type":"EntryPoint","urlTemplate":"https:\/\/webknjizara.hr\/?s={search_term_string}"},"query-input":{"@type":"PropertyValueSpecification","valueRequired":true,"valueName":"search_term_string"}}],"inLanguage":"en-US"},{"@type":"Organization","@id":"https:\/\/webknjizara.hr\/#organization","name":"REDAK D.O.O.","url":"https:\/\/webknjizara.hr\/","logo":{"@type":"ImageObject","inLanguage":"en-US","@id":"https:\/\/webknjizara.hr\/#\/schema\/logo\/image\/","url":"https:\/\/webknjizara.hr\/wp-content\/uploads\/2023\/01\/web-knjizara-logo.webp","contentUrl":"https:\/\/webknjizara.hr\/wp-content\/uploads\/2023\/01\/web-knjizara-logo.webp","width":324,"height":79,"caption":"REDAK D.O.O."},"image":{"@id":"https:\/\/webknjizara.hr\/#\/schema\/logo\/image\/"}}]}},"_links":{"self":[{"href":"https:\/\/webknjizara.hr\/en\/wp-json\/wp\/v2\/product\/8769","targetHints":{"allow":["GET"]}}],"collection":[{"href":"https:\/\/webknjizara.hr\/en\/wp-json\/wp\/v2\/product"}],"about":[{"href":"https:\/\/webknjizara.hr\/en\/wp-json\/wp\/v2\/types\/product"}],"replies":[{"embeddable":true,"href":"https:\/\/webknjizara.hr\/en\/wp-json\/wp\/v2\/comments?post=8769"}],"wp:featuredmedia":[{"embeddable":true,"href":"https:\/\/webknjizara.hr\/en\/wp-json\/wp\/v2\/media\/8768"}],"wp:attachment":[{"href":"https:\/\/webknjizara.hr\/en\/wp-json\/wp\/v2\/media?parent=8769"}],"wp:term":[{"taxonomy":"product_brand","embeddable":true,"href":"https:\/\/webknjizara.hr\/en\/wp-json\/wp\/v2\/product_brand?post=8769"},{"taxonomy":"product_cat","embeddable":true,"href":"https:\/\/webknjizara.hr\/en\/wp-json\/wp\/v2\/product_cat?post=8769"},{"taxonomy":"product_tag","embeddable":true,"href":"https:\/\/webknjizara.hr\/en\/wp-json\/wp\/v2\/product_tag?post=8769"}],"curies":[{"name":"wp","href":"https:\/\/api.w.org\/{rel}","templated":true}]}}