{"id":8763,"date":"2018-06-03T19:41:38","date_gmt":"2018-06-03T19:41:38","guid":{"rendered":"https:\/\/webknjizara.hr\/?product=jesenja-nota-grupa-autora"},"modified":"2023-02-27T00:17:29","modified_gmt":"2023-02-26T23:17:29","slug":"jesenja-nota-grupa-autora","status":"publish","type":"product","link":"https:\/\/webknjizara.hr\/en\/proizvod\/jesenja-nota-grupa-autora\/","title":{"rendered":"JESENJA NOTA, Grupa autora"},"content":{"rendered":"<p style=\"text-align: justify;\"><strong>Sa\u017eetak:<\/strong> <\/p>\n<p><em>Pri\u010de su razli\u010dite tematike, stilova i dijalekta. Neke nose poruku o \u017eivotu, dok druge, razli\u010dite teme. Neke su pune prelijepih re\u010denica iz kojih se mogu izvu\u0107i odli\u010dni citati, \u0161to \u0107ete uvidjeti i sami dok budete \u010ditali pri\u010de. Nekolika pri\u010da \u0107e vas uvu\u0107i u svijet ma\u0161te. Zbirku pri\u010da Jesenja nota mo\u017eemo usporediti s kuglicama sladoleda razli\u010ditih okusa. Ako volite vaniliju, \u010dokoladu ili mo\u017eda cimet, to se sve skriva satkano u re\u010denicama. Zavirite u knjigu i otkrijte razne okuse i mirise.<\/em><\/p>\n<p style=\"text-align: justify;\">&#8211; Preporuka Kruno \u0160afrani\u0107, urednik stranice Pisci i Knji\u017eevnost<\/p>\n<p><strong>Bilje\u0161ka o autorima:<\/strong> <\/p>\n<p>Pri\u010de su nastale u razdoblju od 25.09.2017. do 13.11.2017. godine, a autori su \u010dlanovi Facebook grupe Pisci i Knji\u017eevnost i Facebook stranice Pisci i Knji\u017eevnost. <br \/>Autori pri\u010da su iz Hrvatske, Bosne i Hercegovine, Srbije, \u0160vedske i Austrije.<\/p>\n<p style=\"text-align: justify;\">Amalija Ljubica Sedla\u010dek, Ana Barbari\u0107, Angelica Ivan\u010di\u0107, Anica Ivi\u0107, Biserka Spaji\u0107, Blanka Will, Bogdana Jovanovi\u0107, Damjana Ojdani\u0107, Dragana Latinovi\u0107, Dubravka Radakovi\u0107 Stefanovski, Ema Botica, Evica Kralji\u0107, Gordana Bartol, Ika Tomljenovi\u0107, Ivan Sabljak, Jasna \u0160emiga-Pintari\u0107, Katarina Linardi\u0107, Kruno \u0160afrani\u0107, Katica Proti\u0107, Lea Katunari\u0107, Miljana Jokovi\u0107, Mirjana Ilki\u0107 Kos, Nina Petrovi\u0107, Nela Bari\u010devi\u0107, Nada Vuka\u0161inovi\u0107, Ognjenka Kalajd\u017ei\u0107, Robertina \u0160tajdohar, Romana Duvnjak, Tamara Maksimovi\u0107, Valentina Halilovi\u0107 Junuzovi\u0107, Vera Bosazzi<\/p>\n<p><strong>Klju\u010dne rije\u010di:<\/strong> Pisci i Knji\u017eevnost, PiK, pri\u010de, zbirka, jesen, rije\u010di<\/p>\n<p><strong>Facebook grupa:\u00a0<\/strong><a href=\"https:\/\/www.facebook.com\/groups\/245484055481932\/\" target=\"_blank\" rel=\"noopener noreferrer\">https:\/\/www.facebook.com\/groups\/245484055481932\/<br \/><\/a><strong>Facebook stranica:\u00a0<\/strong><a href=\"https:\/\/www.facebook.com\/pisciknjizevnost.pik\/?view_public_for=741769035915471\" target=\"_blank\" rel=\"noopener noreferrer\">https:\/\/www.facebook.com\/pisciknjizevnost.pik\/?view_public_for=741769035915471<br \/><\/a><strong>Web stranica: <a href=\"http:\/\/pisciiknjizevnost.wixsite.com\/pisci-i-knjizevnost\" target=\"_blank\" rel=\"noopener noreferrer\">http:\/\/pisciiknjizevnost.wixsite.com\/pisci-i-knjizevnost<br \/><\/a><\/strong><strong>E-mail:<\/strong> <a href=\"mailto:knjigamojprijatelj@outlook.com\">Autori<br \/><\/a><br \/><strong>Naslov:<\/strong> Jesenja nota<br \/><strong>Autori:<\/strong> Grupa autora <br \/><strong>Broj stranica:<\/strong> 242<br \/><strong>Nakladnik:<\/strong> REDAK<br \/><strong>Godina izdanja:<\/strong> 2018.<br \/><strong>ISBN:<\/strong> 978-953-336-497-1<br \/><strong>Tisak:<\/strong> digitalni tisak knjiga &#8211; print na zahtjev\u00a0<\/p>\n<hr \/>\n<p style=\"text-align: justify;\"><strong>Kako naru\u010diti knjigu?\u00a0<\/strong>Proces online kupovine jednako funkcionira za sve kupce, s jedinom razlikom u tome \u0161to \u0161to kupci iz inozemstva za podru\u010dje dostave moraju odabrati &#8220;Europa&#8221; ili &#8220;Ostale zemlje svijeta&#8221;, a za vrstu pla\u0107anja WSPay (kreditna kartica) ili Virmanom (bankovni transfer).<\/p>\n<p style=\"text-align: justify;\">Molimo kliknite ovdje za\u00a0<a href=\"hr\/kako-kupovati\" target=\"_blank\" rel=\"noopener noreferrer\">detaljni vodi\u010d kroz proces narud\u017ebe<\/a>\u00a0ili nas\u00a0<a href=\"hr\/kontakt\" target=\"_blank\" rel=\"noopener noreferrer\">kontaktirajte<\/a>\u00a0za vi\u0161e informacija.<\/p>\n","protected":false},"excerpt":{"rendered":"<p>Sa\u017eetak: Pri\u010de su razli\u010dite tematike, stilova i dijalekta. Neke nose poruku o \u017eivotu, dok druge, razli\u010dite teme. Neke su pune prelijepih re\u010denica iz kojih se mogu izvu\u0107i odli\u010dni citati, \u0161to \u0107ete uvidjeti i sami dok budete \u010ditali pri\u010de. Nekolika pri\u010da \u0107e vas uvu\u0107i u svijet ma\u0161te. Zbirku pri\u010da Jesenja nota mo\u017eemo usporediti s kuglicama sladoleda [&hellip;]<\/p>\n","protected":false},"featured_media":8764,"comment_status":"open","ping_status":"closed","template":"","meta":{"_acf_changed":false},"product_brand":[],"product_cat":[1383,1385],"product_tag":[],"class_list":{"0":"post-8763","1":"product","2":"type-product","3":"status-publish","4":"has-post-thumbnail","6":"product_cat-knjige","7":"product_cat-knjizevnost","8":"pa_autor-pisci-i-knjizevnost-grupa-autora","9":"pa_nakladnik-redak","11":"first","12":"instock","13":"shipping-taxable","14":"purchasable","15":"product-type-simple"},"acf":[],"yoast_head":"<!-- This site is optimized with the Yoast SEO plugin v27.3 - https:\/\/yoast.com\/product\/yoast-seo-wordpress\/ -->\n<title>JESENJA NOTA, Grupa autora - Web-knji\u017eara<\/title>\n<meta name=\"robots\" content=\"index, follow, max-snippet:-1, max-image-preview:large, max-video-preview:-1\" \/>\n<link rel=\"canonical\" href=\"https:\/\/webknjizara.hr\/proizvod\/jesenja-nota-grupa-autora\/\" \/>\n<meta property=\"og:locale\" content=\"en_US\" \/>\n<meta property=\"og:type\" content=\"article\" \/>\n<meta property=\"og:title\" content=\"JESENJA NOTA, Grupa autora - Web-knji\u017eara\" \/>\n<meta property=\"og:description\" content=\"Sa\u017eetak: Pri\u010de su razli\u010dite tematike, stilova i dijalekta. Neke nose poruku o \u017eivotu, dok druge, razli\u010dite teme. Neke su pune prelijepih re\u010denica iz kojih se mogu izvu\u0107i odli\u010dni citati, \u0161to \u0107ete uvidjeti i sami dok budete \u010ditali pri\u010de. Nekolika pri\u010da \u0107e vas uvu\u0107i u svijet ma\u0161te. Zbirku pri\u010da Jesenja nota mo\u017eemo usporediti s kuglicama sladoleda [&hellip;]\" \/>\n<meta property=\"og:url\" content=\"https:\/\/webknjizara.hr\/proizvod\/jesenja-nota-grupa-autora\/\" \/>\n<meta property=\"og:site_name\" content=\"Web-knji\u017eara\" \/>\n<meta property=\"article:modified_time\" content=\"2023-02-26T23:17:29+00:00\" \/>\n<meta property=\"og:image\" content=\"https:\/\/webknjizara.hr\/wp-content\/uploads\/nc\/images\/virtuemart\/product\/jesenjanota-ispravljena-slika4.jpg\" \/>\n\t<meta property=\"og:image:width\" content=\"300\" \/>\n\t<meta property=\"og:image:height\" content=\"419\" \/>\n\t<meta property=\"og:image:type\" content=\"image\/jpeg\" \/>\n<meta name=\"twitter:card\" content=\"summary_large_image\" \/>\n<meta name=\"twitter:label1\" content=\"Est. reading time\" \/>\n\t<meta name=\"twitter:data1\" content=\"2 minutes\" \/>\n<script type=\"application\/ld+json\" class=\"yoast-schema-graph\">{\"@context\":\"https:\\\/\\\/schema.org\",\"@graph\":[{\"@type\":\"WebPage\",\"@id\":\"https:\\\/\\\/webknjizara.hr\\\/proizvod\\\/jesenja-nota-grupa-autora\\\/\",\"url\":\"https:\\\/\\\/webknjizara.hr\\\/proizvod\\\/jesenja-nota-grupa-autora\\\/\",\"name\":\"JESENJA NOTA, Grupa autora - Web-knji\u017eara\",\"isPartOf\":{\"@id\":\"https:\\\/\\\/webknjizara.hr\\\/#website\"},\"primaryImageOfPage\":{\"@id\":\"https:\\\/\\\/webknjizara.hr\\\/proizvod\\\/jesenja-nota-grupa-autora\\\/#primaryimage\"},\"image\":{\"@id\":\"https:\\\/\\\/webknjizara.hr\\\/proizvod\\\/jesenja-nota-grupa-autora\\\/#primaryimage\"},\"thumbnailUrl\":\"https:\\\/\\\/webknjizara.hr\\\/wp-content\\\/uploads\\\/nc\\\/images\\\/virtuemart\\\/product\\\/jesenjanota-ispravljena-slika4.jpg\",\"datePublished\":\"2018-06-03T19:41:38+00:00\",\"dateModified\":\"2023-02-26T23:17:29+00:00\",\"breadcrumb\":{\"@id\":\"https:\\\/\\\/webknjizara.hr\\\/proizvod\\\/jesenja-nota-grupa-autora\\\/#breadcrumb\"},\"inLanguage\":\"en-US\",\"potentialAction\":[{\"@type\":\"ReadAction\",\"target\":[\"https:\\\/\\\/webknjizara.hr\\\/proizvod\\\/jesenja-nota-grupa-autora\\\/\"]}]},{\"@type\":\"ImageObject\",\"inLanguage\":\"en-US\",\"@id\":\"https:\\\/\\\/webknjizara.hr\\\/proizvod\\\/jesenja-nota-grupa-autora\\\/#primaryimage\",\"url\":\"https:\\\/\\\/webknjizara.hr\\\/wp-content\\\/uploads\\\/nc\\\/images\\\/virtuemart\\\/product\\\/jesenjanota-ispravljena-slika4.jpg\",\"contentUrl\":\"https:\\\/\\\/webknjizara.hr\\\/wp-content\\\/uploads\\\/nc\\\/images\\\/virtuemart\\\/product\\\/jesenjanota-ispravljena-slika4.jpg\",\"width\":300,\"height\":419,\"caption\":\"JESENJA NOTA, Grupa autora\"},{\"@type\":\"BreadcrumbList\",\"@id\":\"https:\\\/\\\/webknjizara.hr\\\/proizvod\\\/jesenja-nota-grupa-autora\\\/#breadcrumb\",\"itemListElement\":[{\"@type\":\"ListItem\",\"position\":1,\"name\":\"Po\u010detna stranica\",\"item\":\"https:\\\/\\\/webknjizara.hr\\\/en\\\/\"},{\"@type\":\"ListItem\",\"position\":2,\"name\":\"Shop\",\"item\":\"https:\\\/\\\/webknjizara.hr\\\/shop\\\/\"},{\"@type\":\"ListItem\",\"position\":3,\"name\":\"JESENJA NOTA, Grupa autora\"}]},{\"@type\":\"WebSite\",\"@id\":\"https:\\\/\\\/webknjizara.hr\\\/#website\",\"url\":\"https:\\\/\\\/webknjizara.hr\\\/\",\"name\":\"Web Knji\u017eara\",\"description\":\"\",\"publisher\":{\"@id\":\"https:\\\/\\\/webknjizara.hr\\\/#organization\"},\"potentialAction\":[{\"@type\":\"SearchAction\",\"target\":{\"@type\":\"EntryPoint\",\"urlTemplate\":\"https:\\\/\\\/webknjizara.hr\\\/?s={search_term_string}\"},\"query-input\":{\"@type\":\"PropertyValueSpecification\",\"valueRequired\":true,\"valueName\":\"search_term_string\"}}],\"inLanguage\":\"en-US\"},{\"@type\":\"Organization\",\"@id\":\"https:\\\/\\\/webknjizara.hr\\\/#organization\",\"name\":\"REDAK D.O.O.\",\"url\":\"https:\\\/\\\/webknjizara.hr\\\/\",\"logo\":{\"@type\":\"ImageObject\",\"inLanguage\":\"en-US\",\"@id\":\"https:\\\/\\\/webknjizara.hr\\\/#\\\/schema\\\/logo\\\/image\\\/\",\"url\":\"https:\\\/\\\/webknjizara.hr\\\/wp-content\\\/uploads\\\/2023\\\/01\\\/web-knjizara-logo.webp\",\"contentUrl\":\"https:\\\/\\\/webknjizara.hr\\\/wp-content\\\/uploads\\\/2023\\\/01\\\/web-knjizara-logo.webp\",\"width\":324,\"height\":79,\"caption\":\"REDAK D.O.O.\"},\"image\":{\"@id\":\"https:\\\/\\\/webknjizara.hr\\\/#\\\/schema\\\/logo\\\/image\\\/\"}}]}<\/script>\n<!-- \/ Yoast SEO plugin. -->","yoast_head_json":{"title":"JESENJA NOTA, Grupa autora - Web-knji\u017eara","robots":{"index":"index","follow":"follow","max-snippet":"max-snippet:-1","max-image-preview":"max-image-preview:large","max-video-preview":"max-video-preview:-1"},"canonical":"https:\/\/webknjizara.hr\/proizvod\/jesenja-nota-grupa-autora\/","og_locale":"en_US","og_type":"article","og_title":"JESENJA NOTA, Grupa autora - Web-knji\u017eara","og_description":"Sa\u017eetak: Pri\u010de su razli\u010dite tematike, stilova i dijalekta. Neke nose poruku o \u017eivotu, dok druge, razli\u010dite teme. Neke su pune prelijepih re\u010denica iz kojih se mogu izvu\u0107i odli\u010dni citati, \u0161to \u0107ete uvidjeti i sami dok budete \u010ditali pri\u010de. Nekolika pri\u010da \u0107e vas uvu\u0107i u svijet ma\u0161te. Zbirku pri\u010da Jesenja nota mo\u017eemo usporediti s kuglicama sladoleda [&hellip;]","og_url":"https:\/\/webknjizara.hr\/proizvod\/jesenja-nota-grupa-autora\/","og_site_name":"Web-knji\u017eara","article_modified_time":"2023-02-26T23:17:29+00:00","og_image":[{"width":300,"height":419,"url":"https:\/\/webknjizara.hr\/wp-content\/uploads\/nc\/images\/virtuemart\/product\/jesenjanota-ispravljena-slika4.jpg","type":"image\/jpeg"}],"twitter_card":"summary_large_image","twitter_misc":{"Est. reading time":"2 minutes"},"schema":{"@context":"https:\/\/schema.org","@graph":[{"@type":"WebPage","@id":"https:\/\/webknjizara.hr\/proizvod\/jesenja-nota-grupa-autora\/","url":"https:\/\/webknjizara.hr\/proizvod\/jesenja-nota-grupa-autora\/","name":"JESENJA NOTA, Grupa autora - Web-knji\u017eara","isPartOf":{"@id":"https:\/\/webknjizara.hr\/#website"},"primaryImageOfPage":{"@id":"https:\/\/webknjizara.hr\/proizvod\/jesenja-nota-grupa-autora\/#primaryimage"},"image":{"@id":"https:\/\/webknjizara.hr\/proizvod\/jesenja-nota-grupa-autora\/#primaryimage"},"thumbnailUrl":"https:\/\/webknjizara.hr\/wp-content\/uploads\/nc\/images\/virtuemart\/product\/jesenjanota-ispravljena-slika4.jpg","datePublished":"2018-06-03T19:41:38+00:00","dateModified":"2023-02-26T23:17:29+00:00","breadcrumb":{"@id":"https:\/\/webknjizara.hr\/proizvod\/jesenja-nota-grupa-autora\/#breadcrumb"},"inLanguage":"en-US","potentialAction":[{"@type":"ReadAction","target":["https:\/\/webknjizara.hr\/proizvod\/jesenja-nota-grupa-autora\/"]}]},{"@type":"ImageObject","inLanguage":"en-US","@id":"https:\/\/webknjizara.hr\/proizvod\/jesenja-nota-grupa-autora\/#primaryimage","url":"https:\/\/webknjizara.hr\/wp-content\/uploads\/nc\/images\/virtuemart\/product\/jesenjanota-ispravljena-slika4.jpg","contentUrl":"https:\/\/webknjizara.hr\/wp-content\/uploads\/nc\/images\/virtuemart\/product\/jesenjanota-ispravljena-slika4.jpg","width":300,"height":419,"caption":"JESENJA NOTA, Grupa autora"},{"@type":"BreadcrumbList","@id":"https:\/\/webknjizara.hr\/proizvod\/jesenja-nota-grupa-autora\/#breadcrumb","itemListElement":[{"@type":"ListItem","position":1,"name":"Po\u010detna stranica","item":"https:\/\/webknjizara.hr\/en\/"},{"@type":"ListItem","position":2,"name":"Shop","item":"https:\/\/webknjizara.hr\/shop\/"},{"@type":"ListItem","position":3,"name":"JESENJA NOTA, Grupa autora"}]},{"@type":"WebSite","@id":"https:\/\/webknjizara.hr\/#website","url":"https:\/\/webknjizara.hr\/","name":"Web Knji\u017eara","description":"","publisher":{"@id":"https:\/\/webknjizara.hr\/#organization"},"potentialAction":[{"@type":"SearchAction","target":{"@type":"EntryPoint","urlTemplate":"https:\/\/webknjizara.hr\/?s={search_term_string}"},"query-input":{"@type":"PropertyValueSpecification","valueRequired":true,"valueName":"search_term_string"}}],"inLanguage":"en-US"},{"@type":"Organization","@id":"https:\/\/webknjizara.hr\/#organization","name":"REDAK D.O.O.","url":"https:\/\/webknjizara.hr\/","logo":{"@type":"ImageObject","inLanguage":"en-US","@id":"https:\/\/webknjizara.hr\/#\/schema\/logo\/image\/","url":"https:\/\/webknjizara.hr\/wp-content\/uploads\/2023\/01\/web-knjizara-logo.webp","contentUrl":"https:\/\/webknjizara.hr\/wp-content\/uploads\/2023\/01\/web-knjizara-logo.webp","width":324,"height":79,"caption":"REDAK D.O.O."},"image":{"@id":"https:\/\/webknjizara.hr\/#\/schema\/logo\/image\/"}}]}},"_links":{"self":[{"href":"https:\/\/webknjizara.hr\/en\/wp-json\/wp\/v2\/product\/8763","targetHints":{"allow":["GET"]}}],"collection":[{"href":"https:\/\/webknjizara.hr\/en\/wp-json\/wp\/v2\/product"}],"about":[{"href":"https:\/\/webknjizara.hr\/en\/wp-json\/wp\/v2\/types\/product"}],"replies":[{"embeddable":true,"href":"https:\/\/webknjizara.hr\/en\/wp-json\/wp\/v2\/comments?post=8763"}],"wp:featuredmedia":[{"embeddable":true,"href":"https:\/\/webknjizara.hr\/en\/wp-json\/wp\/v2\/media\/8764"}],"wp:attachment":[{"href":"https:\/\/webknjizara.hr\/en\/wp-json\/wp\/v2\/media?parent=8763"}],"wp:term":[{"taxonomy":"product_brand","embeddable":true,"href":"https:\/\/webknjizara.hr\/en\/wp-json\/wp\/v2\/product_brand?post=8763"},{"taxonomy":"product_cat","embeddable":true,"href":"https:\/\/webknjizara.hr\/en\/wp-json\/wp\/v2\/product_cat?post=8763"},{"taxonomy":"product_tag","embeddable":true,"href":"https:\/\/webknjizara.hr\/en\/wp-json\/wp\/v2\/product_tag?post=8763"}],"curies":[{"name":"wp","href":"https:\/\/api.w.org\/{rel}","templated":true}]}}