{"id":8761,"date":"2018-06-01T19:56:32","date_gmt":"2018-06-01T19:56:32","guid":{"rendered":"https:\/\/webknjizara.hr\/?product=smokve-za-suzanu-mislav-skracic"},"modified":"2023-02-27T00:17:29","modified_gmt":"2023-02-26T23:17:29","slug":"smokve-za-suzanu-mislav-skracic","status":"publish","type":"product","link":"https:\/\/webknjizara.hr\/en\/proizvod\/smokve-za-suzanu-mislav-skracic\/","title":{"rendered":"SMOKVE ZA SUZANU, Mislav Skra\u010di\u0107"},"content":{"rendered":"<p style=\"text-align: justify;\"><strong>Sa\u017eetak:<\/strong> <\/p>\n<p>Mladi u\u010ditelj <strong>BARTUL<\/strong> napu\u0161ta stalni posao koji ga vi\u0161e ne mo\u017ee prehranjivati i postaje prevoditelj u MedBelu, me\u0111unarodnoj nevladinoj organizaciji iz Belgije, koja razvija humanitarne programe u ratom zahva\u0107enoj Dalmaciji i susjednoj Bosni i Hercegovini. U prolje\u0107e 1993. tisu\u0107e izbjeglica i prognanika nalaze smje\u0161taj na dalmatinskoj obali. Prazna turisti\u010dka naselja, hoteli, kampovi i prate\u0107a infrastruktura upravo su idealni za njihov prihvat. Svaka pomo\u0107 je dobrodo\u0161la i vi\u0161e od dvije stotine stranih humanitarnih organizacija tu otvara svoja predstavni\u0161tva.<br \/>Bartul se te\u0161ko privikava na potpuno nove radne uvjete, ali polako hvata konce i stje\u010de povjerenje ex-patova. Jennifer je trezvena \u0161efica misije koja poku\u0161ava uskladiti \u017eelje donatora i odluke briselske sredi\u0161njice s potrebama na terenu. Pomalo fanati\u010dna Ernestina vodi program distribucije lijekova na obali i otocima. Amerikanac Jim u okrilju nevladinih udruga nalazi svoj \u017eivotni poziv. U MedBelu postaje logisti\u010dar i vo\u0111a konvoja. Budu\u0107i da su potrebe za kadrom velike i hitne, svatko je dobrodo\u0161ao, bez obzira na nacionalnost, motive i sposobnosti. Mnogi u cijelom tom mete\u017eu vide priliku da se okoriste, a ima i onih koji, bje\u017ee\u0107i pred zakonom, idealan zaklon nalaze iza logotipa, iskaznica i tablica MedBela i UNHCR-a.<\/p>\n<p>Prilikom doniranja lijekova i medicinskog materijala ambulanti u Smokvici na Kor\u010duli, Bartul se zaljubljuje u <strong>SUZANU<\/strong>, lije\u010dnicu koja povremeno radi na zamjenama i sanja o specijalizaciji. Bartul, sretan i ispunjen nakon dugo vremena, ohrabruje Suzanu da ode u Zagreb. Me\u0111utim, daleki ratni i politi\u010dki doga\u0111aji neumoljivo utje\u010du na sudbine malih ljudi, pa i na strane humanitarne organizacije koje ponekad nalikuju na paralelne svjetove. I one imaju svoje povelje, statute, sredi\u0161njice, upravne odbore i gospodare o \u010dijim prioritetima i kapricima ovisi sudbina projekata i radnika. Jennifer odlazi, novi \u0161efovi misije dolaze jedan za drugim mijenjaju\u0107i pravila igre.<\/p>\n<p>Prevaren, umoran, na rubu burnouta, zabrinut zbog nesporazuma sa Suzanom, preplavljen osje\u0107ajem nemo\u0107i i sve vi\u0161e posramljen vlastitim postupcima, Bartul tone sve dublje i dublje. Postupno uvi\u0111a da je nalik mnogim strancima koji su do\u0161li spa\u0161avati tu\u0111e \u017eivote umjesto da sre\u0111uju svoje vlastite.<\/p>\n<p><strong>SMOKVE<\/strong> se, naravno, mogu shvatiti kao simbol izdr\u017eljivosti i hranjivosti, ali mogu poslu\u017eiti i kao ilustracija te\u017enje za jednostavnim, iskonskim i iskrenim. Kada se \u010dovjek na\u0111e u vrtlogu krupnih doga\u0111aja na koje on nema ba\u0161 nikakvog upliva, kada ni\u0161ta vi\u0161e nije sveto, kada nestaju granice izme\u0111u legalnog, legitimnog i ilegalnog, mo\u017eda je dobro da tada potone do dna i prizna poraz, kako bi se mogao ponovno uzdi\u0107i i pogledati u zrcalu, sjetiti se pravih vrijednosti, oprati mrlje, re\u0107i istinu, dati ruku bli\u017enjemu, smokve voljenoj Suzani. <br \/><strong><br \/>Bilje\u0161ka o autoru:<\/strong> <\/p>\n<p><strong>MISLAV SKRA\u010cI\u0106<\/strong> ro\u0111en je 1964. godine u \u0160ibeniku. Nakon prvih godina \u017eivota provedenih u Murteru i Biogradu na moru, \u0161koluje se u Zadru gdje je diplomirao francuski i engleski jezik i knji\u017eevnost na Filozofskom fakultetu. Magistarski rad iz francuske knji\u017eevnosti obranio je na Filozofskom fakultetu u Zagrebu. Od 1993. \u017eivi u Splitu gdje nekoliko godina radi kao prevoditelj, tuma\u010d i suradnik u misijama Me\u0111unarodnog odbora Crvenog kri\u017ea iz \u017deneve, Lije\u010dnika bez granica iz Belgije te Farmaceuta bez granica iz Francuske. Od 2006. godine predaje engleski jezik na Pomorskom fakultetu u Splitu. Napisao je dva ud\u017ebenika engleskog jezika za studente visokih pomorskih u\u010dili\u0161ta: Waypoint (2010) i Fairway (2017). Ko-autor je Englesko-hrvatskog pomorskog rje\u010dnika (Split, 2017). Objavio je znanstvenu monografiju Trubadur i njegov slu\u0161atelj \u2013 lirika trubadura u uvjetima usmene izvedbe (Matica hrvatska \u2013 Ogranak Dubrovnik, 2013) te niz znanstvenih i stru\u010dnih radova. Njegov prvi roman More pegula izdala je 2005. godine Naklada Bo\u0161kovi\u0107. U ovaj malen, ali \u0161areni opus mogu se pridodati kantautorske pjesme pra\u0107ene gitarom, njih dvadesetak, koje nikada nisu snimljene, ali su do\u017eivjele bezbroj \u017eivih izvedbi. Ponosni je otac Vane, Marte i Petre koje se bave fotografijom, dizajnom, pisanjem, ekologijom&#8230; Povremeno sudjeluje u filmskim projektima supruge Andrejke, scenaristice i re\u017eiserke. Voli ploviti, putovati i, koliko je to mogu\u0107e, ni\u0161ta ne raditi&#8230; ve\u0107 jednostavno u\u017eivati u \u017eivotu.<\/p>\n<p><strong>Klju\u010dne rije\u010di:<\/strong> Smokve, Suzana, Dalmacija, NGO, humanitarna pomo\u0107, lijekovi, konvoj, izbjeglice, prognanici, glazba, gitara.<\/p>\n<p><strong>Naslov:<\/strong> Smokve za Suzanu<br \/><strong>Autor:<\/strong> Mislav Skra\u010di\u0107<br \/><strong>Broj stranica:<\/strong> 452<br \/><strong>Nakladnik:<\/strong> REDAK<br \/><strong>Godina izdanja:<\/strong> 2018.<br \/><strong>ISBN:<\/strong> 978-953-336-477-3<br \/><strong>Tisak:<\/strong> digitalni tisak knjiga &#8211; print na zahtjev\u00a0<\/p>\n<hr \/>\n<p style=\"text-align: justify;\"><strong>Kako naru\u010diti knjigu?\u00a0<\/strong>Proces online kupovine jednako funkcionira za sve kupce, s jedinom razlikom u tome \u0161to \u0161to kupci iz inozemstva za podru\u010dje dostave moraju odabrati &#8220;Europa&#8221; ili &#8220;Ostale zemlje svijeta&#8221;, a za vrstu pla\u0107anja WSPay (kreditna kartica) ili Virmanom (bankovni transfer).<\/p>\n<p style=\"text-align: justify;\">Molimo kliknite ovdje za\u00a0<a href=\"hr\/kako-kupovati\" target=\"_blank\" rel=\"noopener noreferrer\">detaljni vodi\u010d kroz proces narud\u017ebe<\/a>\u00a0ili nas\u00a0<a href=\"hr\/kontakt\" target=\"_blank\" rel=\"noopener noreferrer\">kontaktirajte<\/a>\u00a0za vi\u0161e informacija.<\/p>\n","protected":false},"excerpt":{"rendered":"<p>Sa\u017eetak: Mladi u\u010ditelj BARTUL napu\u0161ta stalni posao koji ga vi\u0161e ne mo\u017ee prehranjivati i postaje prevoditelj u MedBelu, me\u0111unarodnoj nevladinoj organizaciji iz Belgije, koja razvija humanitarne programe u ratom zahva\u0107enoj Dalmaciji i susjednoj Bosni i Hercegovini. U prolje\u0107e 1993. tisu\u0107e izbjeglica i prognanika nalaze smje\u0161taj na dalmatinskoj obali. Prazna turisti\u010dka naselja, hoteli, kampovi i prate\u0107a [&hellip;]<\/p>\n","protected":false},"featured_media":8762,"comment_status":"open","ping_status":"closed","template":"","meta":{"_acf_changed":false},"product_brand":[],"product_cat":[1515,1383,1385],"product_tag":[],"class_list":{"0":"post-8761","1":"product","2":"type-product","3":"status-publish","4":"has-post-thumbnail","6":"product_cat-romani","7":"product_cat-knjige","8":"product_cat-knjizevnost","9":"pa_autor-mislav-skracic","10":"pa_nakladnik-redak","12":"first","13":"instock","14":"shipping-taxable","15":"purchasable","16":"product-type-simple"},"acf":[],"yoast_head":"<!-- This site is optimized with the Yoast SEO plugin v27.3 - https:\/\/yoast.com\/product\/yoast-seo-wordpress\/ -->\n<title>SMOKVE ZA SUZANU, Mislav Skra\u010di\u0107 - Web-knji\u017eara<\/title>\n<meta name=\"robots\" content=\"index, follow, max-snippet:-1, max-image-preview:large, max-video-preview:-1\" \/>\n<link rel=\"canonical\" href=\"https:\/\/webknjizara.hr\/proizvod\/smokve-za-suzanu-mislav-skracic\/\" \/>\n<meta property=\"og:locale\" content=\"en_US\" \/>\n<meta property=\"og:type\" content=\"article\" \/>\n<meta property=\"og:title\" content=\"SMOKVE ZA SUZANU, Mislav Skra\u010di\u0107 - Web-knji\u017eara\" \/>\n<meta property=\"og:description\" content=\"Sa\u017eetak: Mladi u\u010ditelj BARTUL napu\u0161ta stalni posao koji ga vi\u0161e ne mo\u017ee prehranjivati i postaje prevoditelj u MedBelu, me\u0111unarodnoj nevladinoj organizaciji iz Belgije, koja razvija humanitarne programe u ratom zahva\u0107enoj Dalmaciji i susjednoj Bosni i Hercegovini. U prolje\u0107e 1993. tisu\u0107e izbjeglica i prognanika nalaze smje\u0161taj na dalmatinskoj obali. Prazna turisti\u010dka naselja, hoteli, kampovi i prate\u0107a [&hellip;]\" \/>\n<meta property=\"og:url\" content=\"https:\/\/webknjizara.hr\/proizvod\/smokve-za-suzanu-mislav-skracic\/\" \/>\n<meta property=\"og:site_name\" content=\"Web-knji\u017eara\" \/>\n<meta property=\"article:modified_time\" content=\"2023-02-26T23:17:29+00:00\" \/>\n<meta property=\"og:image\" content=\"https:\/\/webknjizara.hr\/wp-content\/uploads\/nc\/images\/virtuemart\/product\/Skracic_naslovnica_Smokve-za-Suzanu-300x419.jpg\" \/>\n\t<meta property=\"og:image:width\" content=\"300\" \/>\n\t<meta property=\"og:image:height\" content=\"419\" \/>\n\t<meta property=\"og:image:type\" content=\"image\/jpeg\" \/>\n<meta name=\"twitter:card\" content=\"summary_large_image\" \/>\n<meta name=\"twitter:label1\" content=\"Est. reading time\" \/>\n\t<meta name=\"twitter:data1\" content=\"4 minutes\" \/>\n<script type=\"application\/ld+json\" class=\"yoast-schema-graph\">{\"@context\":\"https:\\\/\\\/schema.org\",\"@graph\":[{\"@type\":\"WebPage\",\"@id\":\"https:\\\/\\\/webknjizara.hr\\\/proizvod\\\/smokve-za-suzanu-mislav-skracic\\\/\",\"url\":\"https:\\\/\\\/webknjizara.hr\\\/proizvod\\\/smokve-za-suzanu-mislav-skracic\\\/\",\"name\":\"SMOKVE ZA SUZANU, Mislav Skra\u010di\u0107 - Web-knji\u017eara\",\"isPartOf\":{\"@id\":\"https:\\\/\\\/webknjizara.hr\\\/#website\"},\"primaryImageOfPage\":{\"@id\":\"https:\\\/\\\/webknjizara.hr\\\/proizvod\\\/smokve-za-suzanu-mislav-skracic\\\/#primaryimage\"},\"image\":{\"@id\":\"https:\\\/\\\/webknjizara.hr\\\/proizvod\\\/smokve-za-suzanu-mislav-skracic\\\/#primaryimage\"},\"thumbnailUrl\":\"https:\\\/\\\/webknjizara.hr\\\/wp-content\\\/uploads\\\/nc\\\/images\\\/virtuemart\\\/product\\\/Skracic_naslovnica_Smokve-za-Suzanu-300x419.jpg\",\"datePublished\":\"2018-06-01T19:56:32+00:00\",\"dateModified\":\"2023-02-26T23:17:29+00:00\",\"breadcrumb\":{\"@id\":\"https:\\\/\\\/webknjizara.hr\\\/proizvod\\\/smokve-za-suzanu-mislav-skracic\\\/#breadcrumb\"},\"inLanguage\":\"en-US\",\"potentialAction\":[{\"@type\":\"ReadAction\",\"target\":[\"https:\\\/\\\/webknjizara.hr\\\/proizvod\\\/smokve-za-suzanu-mislav-skracic\\\/\"]}]},{\"@type\":\"ImageObject\",\"inLanguage\":\"en-US\",\"@id\":\"https:\\\/\\\/webknjizara.hr\\\/proizvod\\\/smokve-za-suzanu-mislav-skracic\\\/#primaryimage\",\"url\":\"https:\\\/\\\/webknjizara.hr\\\/wp-content\\\/uploads\\\/nc\\\/images\\\/virtuemart\\\/product\\\/Skracic_naslovnica_Smokve-za-Suzanu-300x419.jpg\",\"contentUrl\":\"https:\\\/\\\/webknjizara.hr\\\/wp-content\\\/uploads\\\/nc\\\/images\\\/virtuemart\\\/product\\\/Skracic_naslovnica_Smokve-za-Suzanu-300x419.jpg\",\"width\":300,\"height\":419,\"caption\":\"SMOKVE ZA SUZANU, Mislav Skra\u010di\u0107\"},{\"@type\":\"BreadcrumbList\",\"@id\":\"https:\\\/\\\/webknjizara.hr\\\/proizvod\\\/smokve-za-suzanu-mislav-skracic\\\/#breadcrumb\",\"itemListElement\":[{\"@type\":\"ListItem\",\"position\":1,\"name\":\"Po\u010detna stranica\",\"item\":\"https:\\\/\\\/webknjizara.hr\\\/en\\\/\"},{\"@type\":\"ListItem\",\"position\":2,\"name\":\"Shop\",\"item\":\"https:\\\/\\\/webknjizara.hr\\\/shop\\\/\"},{\"@type\":\"ListItem\",\"position\":3,\"name\":\"SMOKVE ZA SUZANU, Mislav Skra\u010di\u0107\"}]},{\"@type\":\"WebSite\",\"@id\":\"https:\\\/\\\/webknjizara.hr\\\/#website\",\"url\":\"https:\\\/\\\/webknjizara.hr\\\/\",\"name\":\"Web Knji\u017eara\",\"description\":\"\",\"publisher\":{\"@id\":\"https:\\\/\\\/webknjizara.hr\\\/#organization\"},\"potentialAction\":[{\"@type\":\"SearchAction\",\"target\":{\"@type\":\"EntryPoint\",\"urlTemplate\":\"https:\\\/\\\/webknjizara.hr\\\/?s={search_term_string}\"},\"query-input\":{\"@type\":\"PropertyValueSpecification\",\"valueRequired\":true,\"valueName\":\"search_term_string\"}}],\"inLanguage\":\"en-US\"},{\"@type\":\"Organization\",\"@id\":\"https:\\\/\\\/webknjizara.hr\\\/#organization\",\"name\":\"REDAK D.O.O.\",\"url\":\"https:\\\/\\\/webknjizara.hr\\\/\",\"logo\":{\"@type\":\"ImageObject\",\"inLanguage\":\"en-US\",\"@id\":\"https:\\\/\\\/webknjizara.hr\\\/#\\\/schema\\\/logo\\\/image\\\/\",\"url\":\"https:\\\/\\\/webknjizara.hr\\\/wp-content\\\/uploads\\\/2023\\\/01\\\/web-knjizara-logo.webp\",\"contentUrl\":\"https:\\\/\\\/webknjizara.hr\\\/wp-content\\\/uploads\\\/2023\\\/01\\\/web-knjizara-logo.webp\",\"width\":324,\"height\":79,\"caption\":\"REDAK D.O.O.\"},\"image\":{\"@id\":\"https:\\\/\\\/webknjizara.hr\\\/#\\\/schema\\\/logo\\\/image\\\/\"}}]}<\/script>\n<!-- \/ Yoast SEO plugin. -->","yoast_head_json":{"title":"SMOKVE ZA SUZANU, Mislav Skra\u010di\u0107 - Web-knji\u017eara","robots":{"index":"index","follow":"follow","max-snippet":"max-snippet:-1","max-image-preview":"max-image-preview:large","max-video-preview":"max-video-preview:-1"},"canonical":"https:\/\/webknjizara.hr\/proizvod\/smokve-za-suzanu-mislav-skracic\/","og_locale":"en_US","og_type":"article","og_title":"SMOKVE ZA SUZANU, Mislav Skra\u010di\u0107 - Web-knji\u017eara","og_description":"Sa\u017eetak: Mladi u\u010ditelj BARTUL napu\u0161ta stalni posao koji ga vi\u0161e ne mo\u017ee prehranjivati i postaje prevoditelj u MedBelu, me\u0111unarodnoj nevladinoj organizaciji iz Belgije, koja razvija humanitarne programe u ratom zahva\u0107enoj Dalmaciji i susjednoj Bosni i Hercegovini. U prolje\u0107e 1993. tisu\u0107e izbjeglica i prognanika nalaze smje\u0161taj na dalmatinskoj obali. Prazna turisti\u010dka naselja, hoteli, kampovi i prate\u0107a [&hellip;]","og_url":"https:\/\/webknjizara.hr\/proizvod\/smokve-za-suzanu-mislav-skracic\/","og_site_name":"Web-knji\u017eara","article_modified_time":"2023-02-26T23:17:29+00:00","og_image":[{"width":300,"height":419,"url":"https:\/\/webknjizara.hr\/wp-content\/uploads\/nc\/images\/virtuemart\/product\/Skracic_naslovnica_Smokve-za-Suzanu-300x419.jpg","type":"image\/jpeg"}],"twitter_card":"summary_large_image","twitter_misc":{"Est. reading time":"4 minutes"},"schema":{"@context":"https:\/\/schema.org","@graph":[{"@type":"WebPage","@id":"https:\/\/webknjizara.hr\/proizvod\/smokve-za-suzanu-mislav-skracic\/","url":"https:\/\/webknjizara.hr\/proizvod\/smokve-za-suzanu-mislav-skracic\/","name":"SMOKVE ZA SUZANU, Mislav Skra\u010di\u0107 - Web-knji\u017eara","isPartOf":{"@id":"https:\/\/webknjizara.hr\/#website"},"primaryImageOfPage":{"@id":"https:\/\/webknjizara.hr\/proizvod\/smokve-za-suzanu-mislav-skracic\/#primaryimage"},"image":{"@id":"https:\/\/webknjizara.hr\/proizvod\/smokve-za-suzanu-mislav-skracic\/#primaryimage"},"thumbnailUrl":"https:\/\/webknjizara.hr\/wp-content\/uploads\/nc\/images\/virtuemart\/product\/Skracic_naslovnica_Smokve-za-Suzanu-300x419.jpg","datePublished":"2018-06-01T19:56:32+00:00","dateModified":"2023-02-26T23:17:29+00:00","breadcrumb":{"@id":"https:\/\/webknjizara.hr\/proizvod\/smokve-za-suzanu-mislav-skracic\/#breadcrumb"},"inLanguage":"en-US","potentialAction":[{"@type":"ReadAction","target":["https:\/\/webknjizara.hr\/proizvod\/smokve-za-suzanu-mislav-skracic\/"]}]},{"@type":"ImageObject","inLanguage":"en-US","@id":"https:\/\/webknjizara.hr\/proizvod\/smokve-za-suzanu-mislav-skracic\/#primaryimage","url":"https:\/\/webknjizara.hr\/wp-content\/uploads\/nc\/images\/virtuemart\/product\/Skracic_naslovnica_Smokve-za-Suzanu-300x419.jpg","contentUrl":"https:\/\/webknjizara.hr\/wp-content\/uploads\/nc\/images\/virtuemart\/product\/Skracic_naslovnica_Smokve-za-Suzanu-300x419.jpg","width":300,"height":419,"caption":"SMOKVE ZA SUZANU, Mislav Skra\u010di\u0107"},{"@type":"BreadcrumbList","@id":"https:\/\/webknjizara.hr\/proizvod\/smokve-za-suzanu-mislav-skracic\/#breadcrumb","itemListElement":[{"@type":"ListItem","position":1,"name":"Po\u010detna stranica","item":"https:\/\/webknjizara.hr\/en\/"},{"@type":"ListItem","position":2,"name":"Shop","item":"https:\/\/webknjizara.hr\/shop\/"},{"@type":"ListItem","position":3,"name":"SMOKVE ZA SUZANU, Mislav Skra\u010di\u0107"}]},{"@type":"WebSite","@id":"https:\/\/webknjizara.hr\/#website","url":"https:\/\/webknjizara.hr\/","name":"Web Knji\u017eara","description":"","publisher":{"@id":"https:\/\/webknjizara.hr\/#organization"},"potentialAction":[{"@type":"SearchAction","target":{"@type":"EntryPoint","urlTemplate":"https:\/\/webknjizara.hr\/?s={search_term_string}"},"query-input":{"@type":"PropertyValueSpecification","valueRequired":true,"valueName":"search_term_string"}}],"inLanguage":"en-US"},{"@type":"Organization","@id":"https:\/\/webknjizara.hr\/#organization","name":"REDAK D.O.O.","url":"https:\/\/webknjizara.hr\/","logo":{"@type":"ImageObject","inLanguage":"en-US","@id":"https:\/\/webknjizara.hr\/#\/schema\/logo\/image\/","url":"https:\/\/webknjizara.hr\/wp-content\/uploads\/2023\/01\/web-knjizara-logo.webp","contentUrl":"https:\/\/webknjizara.hr\/wp-content\/uploads\/2023\/01\/web-knjizara-logo.webp","width":324,"height":79,"caption":"REDAK D.O.O."},"image":{"@id":"https:\/\/webknjizara.hr\/#\/schema\/logo\/image\/"}}]}},"_links":{"self":[{"href":"https:\/\/webknjizara.hr\/en\/wp-json\/wp\/v2\/product\/8761","targetHints":{"allow":["GET"]}}],"collection":[{"href":"https:\/\/webknjizara.hr\/en\/wp-json\/wp\/v2\/product"}],"about":[{"href":"https:\/\/webknjizara.hr\/en\/wp-json\/wp\/v2\/types\/product"}],"replies":[{"embeddable":true,"href":"https:\/\/webknjizara.hr\/en\/wp-json\/wp\/v2\/comments?post=8761"}],"wp:featuredmedia":[{"embeddable":true,"href":"https:\/\/webknjizara.hr\/en\/wp-json\/wp\/v2\/media\/8762"}],"wp:attachment":[{"href":"https:\/\/webknjizara.hr\/en\/wp-json\/wp\/v2\/media?parent=8761"}],"wp:term":[{"taxonomy":"product_brand","embeddable":true,"href":"https:\/\/webknjizara.hr\/en\/wp-json\/wp\/v2\/product_brand?post=8761"},{"taxonomy":"product_cat","embeddable":true,"href":"https:\/\/webknjizara.hr\/en\/wp-json\/wp\/v2\/product_cat?post=8761"},{"taxonomy":"product_tag","embeddable":true,"href":"https:\/\/webknjizara.hr\/en\/wp-json\/wp\/v2\/product_tag?post=8761"}],"curies":[{"name":"wp","href":"https:\/\/api.w.org\/{rel}","templated":true}]}}