{"id":8759,"date":"2018-05-31T19:50:48","date_gmt":"2018-05-31T19:50:48","guid":{"rendered":"https:\/\/webknjizara.hr\/?product=kameni-brod-nikola-mateljan"},"modified":"2023-02-27T00:17:29","modified_gmt":"2023-02-26T23:17:29","slug":"kameni-brod-nikola-mateljan","status":"publish","type":"product","link":"https:\/\/webknjizara.hr\/en\/proizvod\/kameni-brod-nikola-mateljan\/","title":{"rendered":"KAMENI BROD, Nikola Mateljan"},"content":{"rendered":"<p style=\"text-align: justify;\"><strong>Sa\u017eetak:<\/strong> <\/p>\n<p>Na \u0161oltanskoj \u010dakavici (mjesta Grohote), izbalansiranom sjetom i nostalgijom, dobro izvaganom tugom i smijehom<\/p>\n<p style=\"text-align: justify;\">ispri\u010dana pri\u010da oto\u010dkog\u00a0 \u017eivota koji, na\u017ealost, nestaje.<\/p>\n<p style=\"text-align: justify;\"><strong>Bilje\u0161ka o autoru: <\/p>\n<p><\/strong>Nikola Mateljan ro\u0111en je u Grohotama 1939. Godine. U Grohotama je poha\u0111ao osnovnu \u0161kolu. Umirovljenik.<\/p>\n<p style=\"text-align: justify;\">Poeziju i prozu pi\u0161e dvadesetak godina. Uglavnom pi\u0161e na \u010dakavici. Pisanjem \u017eeli sa\u010duvati \u201ejazik\u201c i pokoju sli\u010dicu iz \u017eivota svojih predaka. Objavio je zbirku pjesama \u201eOgnji\u0161ta i beside\u201c (\u0160GZ \u201eOlinta, Grohote, 1999.). Objavljivao je u \u201eBa\u0161\u0107ini\u201c \u2013 \u010dasopis za povijest i kulturu otoka \u0160olte, monografiji OTOK \u0160OLTA (Op\u0107ina \u0160olta, Grohote, 2012), zborniku \u010cA MORE JUDI (zbornik \u010dakavice osnovnih \u0161kola \u017dupanije splitsko makarske), te u drugim \u010dasopisima.<\/p>\n<p style=\"text-align: justify;\">Za prozno stvarala\u0161tvo nagra\u0111en je Priznanjem HSK, a radovi su mu nagra\u0111eni i u zbornicima ZA PUKNIT O&#8217; SMIJA udruge \u201e\u010cakavski jazik\u201c iz Splita.<\/p>\n<p style=\"text-align: justify;\"><strong>Klju\u010dne rije\u010di: <\/strong>Proza i poezija ispisana na \u0161oltanskoj \u010dakavici (\u010dakavici mjesta Grohote).<\/p>\n<p style=\"text-align: justify;\">\u00a0<\/p>\n<p style=\"text-align: justify;\"><strong>Naslov: <\/strong>Kameni brod<br \/> <strong>Autor:<\/strong> Nikola Mateljan<br \/> <strong>Broj stranica: <\/strong>96<br \/> <strong>Nakladnik: <\/strong>REDAK<br \/> <strong>Godina izdanja: <\/strong>2018<strong>.<br \/> <\/strong><strong>ISBN:<\/strong> 978-953-336-496-4<br \/> <strong>Tisak:<\/strong> digitalni tisak knjiga &#8211; print na zahtjev\u00a0<\/p>\n<hr \/>\n<p style=\"text-align: justify;\"><strong>Kako naru\u010diti knjigu?\u00a0<\/strong>Proces online kupovine jednako funkcionira za sve kupce, s jedinom razlikom u tome \u0161to \u0161to kupci iz inozemstva za podru\u010dje dostave moraju odabrati &#8220;Europa&#8221; ili &#8220;Ostale zemlje svijeta&#8221;, a za vrstu pla\u0107anja WSPay (kreditna kartica) ili Virmanom (bankovni transfer).<\/p>\n<p style=\"text-align: justify;\">Molimo kliknite ovdje za\u00a0<a href=\"hr\/kako-kupovati\" target=\"_blank\" rel=\"noopener noreferrer\">detaljni vodi\u010d kroz proces narud\u017ebe<\/a>\u00a0ili nas\u00a0<a href=\"hr\/kontakt\" target=\"_blank\" rel=\"noopener noreferrer\">kontaktirajte<\/a>\u00a0za vi\u0161e informacija.<\/p>\n","protected":false},"excerpt":{"rendered":"<p>Sa\u017eetak: Na \u0161oltanskoj \u010dakavici (mjesta Grohote), izbalansiranom sjetom i nostalgijom, dobro izvaganom tugom i smijehom ispri\u010dana pri\u010da oto\u010dkog\u00a0 \u017eivota koji, na\u017ealost, nestaje. Bilje\u0161ka o autoru: Nikola Mateljan ro\u0111en je u Grohotama 1939. Godine. U Grohotama je poha\u0111ao osnovnu \u0161kolu. Umirovljenik. Poeziju i prozu pi\u0161e dvadesetak godina. Uglavnom pi\u0161e na \u010dakavici. Pisanjem \u017eeli sa\u010duvati \u201ejazik\u201c i [&hellip;]<\/p>\n","protected":false},"featured_media":8760,"comment_status":"open","ping_status":"closed","template":"","meta":{"_acf_changed":false},"product_brand":[],"product_cat":[1383,1385,1388],"product_tag":[],"class_list":{"0":"post-8759","1":"product","2":"type-product","3":"status-publish","4":"has-post-thumbnail","6":"product_cat-knjige","7":"product_cat-knjizevnost","8":"product_cat-poezija","9":"pa_autor-nikola-mateljan","10":"pa_nakladnik-redak","12":"first","13":"instock","14":"shipping-taxable","15":"purchasable","16":"product-type-simple"},"acf":[],"yoast_head":"<!-- This site is optimized with the Yoast SEO plugin v27.3 - https:\/\/yoast.com\/product\/yoast-seo-wordpress\/ -->\n<title>KAMENI BROD, Nikola Mateljan - Web-knji\u017eara<\/title>\n<meta name=\"robots\" content=\"index, follow, max-snippet:-1, max-image-preview:large, max-video-preview:-1\" \/>\n<link rel=\"canonical\" href=\"https:\/\/webknjizara.hr\/proizvod\/kameni-brod-nikola-mateljan\/\" \/>\n<meta property=\"og:locale\" content=\"en_US\" \/>\n<meta property=\"og:type\" content=\"article\" \/>\n<meta property=\"og:title\" content=\"KAMENI BROD, Nikola Mateljan - Web-knji\u017eara\" \/>\n<meta property=\"og:description\" content=\"Sa\u017eetak: Na \u0161oltanskoj \u010dakavici (mjesta Grohote), izbalansiranom sjetom i nostalgijom, dobro izvaganom tugom i smijehom ispri\u010dana pri\u010da oto\u010dkog\u00a0 \u017eivota koji, na\u017ealost, nestaje. Bilje\u0161ka o autoru: Nikola Mateljan ro\u0111en je u Grohotama 1939. Godine. U Grohotama je poha\u0111ao osnovnu \u0161kolu. Umirovljenik. Poeziju i prozu pi\u0161e dvadesetak godina. Uglavnom pi\u0161e na \u010dakavici. Pisanjem \u017eeli sa\u010duvati \u201ejazik\u201c i [&hellip;]\" \/>\n<meta property=\"og:url\" content=\"https:\/\/webknjizara.hr\/proizvod\/kameni-brod-nikola-mateljan\/\" \/>\n<meta property=\"og:site_name\" content=\"Web-knji\u017eara\" \/>\n<meta property=\"article:modified_time\" content=\"2023-02-26T23:17:29+00:00\" \/>\n<meta property=\"og:image\" content=\"https:\/\/webknjizara.hr\/wp-content\/uploads\/nc\/images\/virtuemart\/product\/web-naslovnica-Mateljan-300x419.jpg\" \/>\n\t<meta property=\"og:image:width\" content=\"300\" \/>\n\t<meta property=\"og:image:height\" content=\"419\" \/>\n\t<meta property=\"og:image:type\" content=\"image\/jpeg\" \/>\n<meta name=\"twitter:card\" content=\"summary_large_image\" \/>\n<meta name=\"twitter:label1\" content=\"Est. reading time\" \/>\n\t<meta name=\"twitter:data1\" content=\"1 minute\" \/>\n<script type=\"application\/ld+json\" class=\"yoast-schema-graph\">{\"@context\":\"https:\\\/\\\/schema.org\",\"@graph\":[{\"@type\":\"WebPage\",\"@id\":\"https:\\\/\\\/webknjizara.hr\\\/proizvod\\\/kameni-brod-nikola-mateljan\\\/\",\"url\":\"https:\\\/\\\/webknjizara.hr\\\/proizvod\\\/kameni-brod-nikola-mateljan\\\/\",\"name\":\"KAMENI BROD, Nikola Mateljan - Web-knji\u017eara\",\"isPartOf\":{\"@id\":\"https:\\\/\\\/webknjizara.hr\\\/#website\"},\"primaryImageOfPage\":{\"@id\":\"https:\\\/\\\/webknjizara.hr\\\/proizvod\\\/kameni-brod-nikola-mateljan\\\/#primaryimage\"},\"image\":{\"@id\":\"https:\\\/\\\/webknjizara.hr\\\/proizvod\\\/kameni-brod-nikola-mateljan\\\/#primaryimage\"},\"thumbnailUrl\":\"https:\\\/\\\/webknjizara.hr\\\/wp-content\\\/uploads\\\/nc\\\/images\\\/virtuemart\\\/product\\\/web-naslovnica-Mateljan-300x419.jpg\",\"datePublished\":\"2018-05-31T19:50:48+00:00\",\"dateModified\":\"2023-02-26T23:17:29+00:00\",\"breadcrumb\":{\"@id\":\"https:\\\/\\\/webknjizara.hr\\\/proizvod\\\/kameni-brod-nikola-mateljan\\\/#breadcrumb\"},\"inLanguage\":\"en-US\",\"potentialAction\":[{\"@type\":\"ReadAction\",\"target\":[\"https:\\\/\\\/webknjizara.hr\\\/proizvod\\\/kameni-brod-nikola-mateljan\\\/\"]}]},{\"@type\":\"ImageObject\",\"inLanguage\":\"en-US\",\"@id\":\"https:\\\/\\\/webknjizara.hr\\\/proizvod\\\/kameni-brod-nikola-mateljan\\\/#primaryimage\",\"url\":\"https:\\\/\\\/webknjizara.hr\\\/wp-content\\\/uploads\\\/nc\\\/images\\\/virtuemart\\\/product\\\/web-naslovnica-Mateljan-300x419.jpg\",\"contentUrl\":\"https:\\\/\\\/webknjizara.hr\\\/wp-content\\\/uploads\\\/nc\\\/images\\\/virtuemart\\\/product\\\/web-naslovnica-Mateljan-300x419.jpg\",\"width\":300,\"height\":419,\"caption\":\"KAMENI BROD, Nikola Mateljan\"},{\"@type\":\"BreadcrumbList\",\"@id\":\"https:\\\/\\\/webknjizara.hr\\\/proizvod\\\/kameni-brod-nikola-mateljan\\\/#breadcrumb\",\"itemListElement\":[{\"@type\":\"ListItem\",\"position\":1,\"name\":\"Po\u010detna stranica\",\"item\":\"https:\\\/\\\/webknjizara.hr\\\/en\\\/\"},{\"@type\":\"ListItem\",\"position\":2,\"name\":\"Shop\",\"item\":\"https:\\\/\\\/webknjizara.hr\\\/shop\\\/\"},{\"@type\":\"ListItem\",\"position\":3,\"name\":\"KAMENI BROD, Nikola Mateljan\"}]},{\"@type\":\"WebSite\",\"@id\":\"https:\\\/\\\/webknjizara.hr\\\/#website\",\"url\":\"https:\\\/\\\/webknjizara.hr\\\/\",\"name\":\"Web Knji\u017eara\",\"description\":\"\",\"publisher\":{\"@id\":\"https:\\\/\\\/webknjizara.hr\\\/#organization\"},\"potentialAction\":[{\"@type\":\"SearchAction\",\"target\":{\"@type\":\"EntryPoint\",\"urlTemplate\":\"https:\\\/\\\/webknjizara.hr\\\/?s={search_term_string}\"},\"query-input\":{\"@type\":\"PropertyValueSpecification\",\"valueRequired\":true,\"valueName\":\"search_term_string\"}}],\"inLanguage\":\"en-US\"},{\"@type\":\"Organization\",\"@id\":\"https:\\\/\\\/webknjizara.hr\\\/#organization\",\"name\":\"REDAK D.O.O.\",\"url\":\"https:\\\/\\\/webknjizara.hr\\\/\",\"logo\":{\"@type\":\"ImageObject\",\"inLanguage\":\"en-US\",\"@id\":\"https:\\\/\\\/webknjizara.hr\\\/#\\\/schema\\\/logo\\\/image\\\/\",\"url\":\"https:\\\/\\\/webknjizara.hr\\\/wp-content\\\/uploads\\\/2023\\\/01\\\/web-knjizara-logo.webp\",\"contentUrl\":\"https:\\\/\\\/webknjizara.hr\\\/wp-content\\\/uploads\\\/2023\\\/01\\\/web-knjizara-logo.webp\",\"width\":324,\"height\":79,\"caption\":\"REDAK D.O.O.\"},\"image\":{\"@id\":\"https:\\\/\\\/webknjizara.hr\\\/#\\\/schema\\\/logo\\\/image\\\/\"}}]}<\/script>\n<!-- \/ Yoast SEO plugin. -->","yoast_head_json":{"title":"KAMENI BROD, Nikola Mateljan - Web-knji\u017eara","robots":{"index":"index","follow":"follow","max-snippet":"max-snippet:-1","max-image-preview":"max-image-preview:large","max-video-preview":"max-video-preview:-1"},"canonical":"https:\/\/webknjizara.hr\/proizvod\/kameni-brod-nikola-mateljan\/","og_locale":"en_US","og_type":"article","og_title":"KAMENI BROD, Nikola Mateljan - Web-knji\u017eara","og_description":"Sa\u017eetak: Na \u0161oltanskoj \u010dakavici (mjesta Grohote), izbalansiranom sjetom i nostalgijom, dobro izvaganom tugom i smijehom ispri\u010dana pri\u010da oto\u010dkog\u00a0 \u017eivota koji, na\u017ealost, nestaje. Bilje\u0161ka o autoru: Nikola Mateljan ro\u0111en je u Grohotama 1939. Godine. U Grohotama je poha\u0111ao osnovnu \u0161kolu. Umirovljenik. Poeziju i prozu pi\u0161e dvadesetak godina. Uglavnom pi\u0161e na \u010dakavici. Pisanjem \u017eeli sa\u010duvati \u201ejazik\u201c i [&hellip;]","og_url":"https:\/\/webknjizara.hr\/proizvod\/kameni-brod-nikola-mateljan\/","og_site_name":"Web-knji\u017eara","article_modified_time":"2023-02-26T23:17:29+00:00","og_image":[{"width":300,"height":419,"url":"https:\/\/webknjizara.hr\/wp-content\/uploads\/nc\/images\/virtuemart\/product\/web-naslovnica-Mateljan-300x419.jpg","type":"image\/jpeg"}],"twitter_card":"summary_large_image","twitter_misc":{"Est. reading time":"1 minute"},"schema":{"@context":"https:\/\/schema.org","@graph":[{"@type":"WebPage","@id":"https:\/\/webknjizara.hr\/proizvod\/kameni-brod-nikola-mateljan\/","url":"https:\/\/webknjizara.hr\/proizvod\/kameni-brod-nikola-mateljan\/","name":"KAMENI BROD, Nikola Mateljan - Web-knji\u017eara","isPartOf":{"@id":"https:\/\/webknjizara.hr\/#website"},"primaryImageOfPage":{"@id":"https:\/\/webknjizara.hr\/proizvod\/kameni-brod-nikola-mateljan\/#primaryimage"},"image":{"@id":"https:\/\/webknjizara.hr\/proizvod\/kameni-brod-nikola-mateljan\/#primaryimage"},"thumbnailUrl":"https:\/\/webknjizara.hr\/wp-content\/uploads\/nc\/images\/virtuemart\/product\/web-naslovnica-Mateljan-300x419.jpg","datePublished":"2018-05-31T19:50:48+00:00","dateModified":"2023-02-26T23:17:29+00:00","breadcrumb":{"@id":"https:\/\/webknjizara.hr\/proizvod\/kameni-brod-nikola-mateljan\/#breadcrumb"},"inLanguage":"en-US","potentialAction":[{"@type":"ReadAction","target":["https:\/\/webknjizara.hr\/proizvod\/kameni-brod-nikola-mateljan\/"]}]},{"@type":"ImageObject","inLanguage":"en-US","@id":"https:\/\/webknjizara.hr\/proizvod\/kameni-brod-nikola-mateljan\/#primaryimage","url":"https:\/\/webknjizara.hr\/wp-content\/uploads\/nc\/images\/virtuemart\/product\/web-naslovnica-Mateljan-300x419.jpg","contentUrl":"https:\/\/webknjizara.hr\/wp-content\/uploads\/nc\/images\/virtuemart\/product\/web-naslovnica-Mateljan-300x419.jpg","width":300,"height":419,"caption":"KAMENI BROD, Nikola Mateljan"},{"@type":"BreadcrumbList","@id":"https:\/\/webknjizara.hr\/proizvod\/kameni-brod-nikola-mateljan\/#breadcrumb","itemListElement":[{"@type":"ListItem","position":1,"name":"Po\u010detna stranica","item":"https:\/\/webknjizara.hr\/en\/"},{"@type":"ListItem","position":2,"name":"Shop","item":"https:\/\/webknjizara.hr\/shop\/"},{"@type":"ListItem","position":3,"name":"KAMENI BROD, Nikola Mateljan"}]},{"@type":"WebSite","@id":"https:\/\/webknjizara.hr\/#website","url":"https:\/\/webknjizara.hr\/","name":"Web Knji\u017eara","description":"","publisher":{"@id":"https:\/\/webknjizara.hr\/#organization"},"potentialAction":[{"@type":"SearchAction","target":{"@type":"EntryPoint","urlTemplate":"https:\/\/webknjizara.hr\/?s={search_term_string}"},"query-input":{"@type":"PropertyValueSpecification","valueRequired":true,"valueName":"search_term_string"}}],"inLanguage":"en-US"},{"@type":"Organization","@id":"https:\/\/webknjizara.hr\/#organization","name":"REDAK D.O.O.","url":"https:\/\/webknjizara.hr\/","logo":{"@type":"ImageObject","inLanguage":"en-US","@id":"https:\/\/webknjizara.hr\/#\/schema\/logo\/image\/","url":"https:\/\/webknjizara.hr\/wp-content\/uploads\/2023\/01\/web-knjizara-logo.webp","contentUrl":"https:\/\/webknjizara.hr\/wp-content\/uploads\/2023\/01\/web-knjizara-logo.webp","width":324,"height":79,"caption":"REDAK D.O.O."},"image":{"@id":"https:\/\/webknjizara.hr\/#\/schema\/logo\/image\/"}}]}},"_links":{"self":[{"href":"https:\/\/webknjizara.hr\/en\/wp-json\/wp\/v2\/product\/8759","targetHints":{"allow":["GET"]}}],"collection":[{"href":"https:\/\/webknjizara.hr\/en\/wp-json\/wp\/v2\/product"}],"about":[{"href":"https:\/\/webknjizara.hr\/en\/wp-json\/wp\/v2\/types\/product"}],"replies":[{"embeddable":true,"href":"https:\/\/webknjizara.hr\/en\/wp-json\/wp\/v2\/comments?post=8759"}],"wp:featuredmedia":[{"embeddable":true,"href":"https:\/\/webknjizara.hr\/en\/wp-json\/wp\/v2\/media\/8760"}],"wp:attachment":[{"href":"https:\/\/webknjizara.hr\/en\/wp-json\/wp\/v2\/media?parent=8759"}],"wp:term":[{"taxonomy":"product_brand","embeddable":true,"href":"https:\/\/webknjizara.hr\/en\/wp-json\/wp\/v2\/product_brand?post=8759"},{"taxonomy":"product_cat","embeddable":true,"href":"https:\/\/webknjizara.hr\/en\/wp-json\/wp\/v2\/product_cat?post=8759"},{"taxonomy":"product_tag","embeddable":true,"href":"https:\/\/webknjizara.hr\/en\/wp-json\/wp\/v2\/product_tag?post=8759"}],"curies":[{"name":"wp","href":"https:\/\/api.w.org\/{rel}","templated":true}]}}