{"id":8757,"date":"2018-05-31T19:32:17","date_gmt":"2018-05-31T19:32:17","guid":{"rendered":"https:\/\/webknjizara.hr\/?product=vizualna-analiza-vizualni-koncepti-u-socioloskim-istrazivanjima-anci-leburic-i-dr"},"modified":"2023-02-27T00:17:27","modified_gmt":"2023-02-26T23:17:27","slug":"vizualna-analiza-vizualni-koncepti-u-socioloskim-istrazivanjima-anci-leburic","status":"publish","type":"product","link":"https:\/\/webknjizara.hr\/en\/proizvod\/vizualna-analiza-vizualni-koncepti-u-socioloskim-istrazivanjima-anci-leburic\/","title":{"rendered":"VIZUALNA ANALIZA: VIZUALNI KONCEPTI U SOCIOLO\u0160KIM ISTRA\u017dIVANJIMA, An\u010di Leburi\u0107 i dr."},"content":{"rendered":"<p style=\"text-align: justify;\"><strong>Sa\u017eetak:<\/strong> <\/p>\n<p>Objavljena je \u0161esta knjiga <strong>VIZUALNA ANALIZA: VIZUALNI KONCEPTI U SOCIOLO\u0160KIM ISTRA\u017dIVANJIMA<\/strong> u <strong><em>Metodolo\u0161koj biblioteci<\/em><\/strong><em>, <\/em>u ediciji<strong><em> Metodolo\u0161ke teme <\/em><\/strong>kod splitskog izdava\u010da i tiskara <em>Redak d.o.o<\/em>, \u010diji su autori\/-ce <strong>Leburi\u0107, A.; Rogli\u0107, T.; \u0110irli\u0107 J.; Ostoji\u0107, M.; \u0160ari\u0107, J.; Erdelez, M.; Lipanovi\u0107, Lj.; Marasovi\u0107, A.; \u017dmire, A.; \u010cereni\u0107, V.; \u010cutura, P.; Poljak, A.; Sule, I.; Horvati\u0107, M.; Masle, M. i Stipeti\u0107 V.<\/strong><\/p>\n<p style=\"text-align: justify;\">Rije\u010d je o metodolo\u0161koj studiji s empirijskim primjerima realiziranih vizualnih analiza, pod mentorstvom prof. dr. sc. An\u010di Leburi\u0107. Uo\u010dljiva je analiti\u010dka atraktivnost u odabi\u00adrima istra\u017eiva\u010dkih predmeta konkretnih analiza, pa su se u ovoj studiji istra\u017eiva\u010dki predmeti locirali u okvirima raspravljanja i istra\u017eivanja urbanih, kulturolo\u0161kih, potro\u00ad\u0161a\u010dkih i identitetskih tema, odnosno sociolo\u0161kih podru\u010dja.<\/p>\n<p style=\"text-align: justify;\">Mogu\u0107e je ovu studiju tretirati i kao doprinos razvitku vizualne sociologije kao zasebne sociolo\u0161ke discipline, ali istov\u00adremeno i kao impuls oblikovanju vizualne metodologije, kao posebne metodolo\u0161ke discipline u okvirima kvalitativne para\u00addigme.<\/p>\n<p style=\"text-align: justify;\"><strong>Bilje\u0161ka o autorici: <\/p>\n<p><em>AN\u010cI LEBURI\u0106<\/em>, <\/strong>ro\u0111ena 1958. u Splitu, gdje je zavr\u0161ila osnovnu i srednju \u0161kolu, te glazbenu srednju \u0161kolu \u201eJosip Hatze\u201c, smjer violina. Nakon studija u Zagrebu, magistrira i doktorira na Filozofskom fakultetu u Zagrebu, u znanstvenom polju sociologije. Trenuta\u010dno radi kao redovita profesorica u trajnom zvanju, na Katedri socio\u00adlo\u0161ke metodologije Odsjeka za sociologiju na Filozofskom fakultetu Sveu\u010dili\u0161ta u Splitu. Istra\u017euje i objavljuje znanstvene radove iz metodologije dru\u0161tvenih i humanisti\u010dkih istra\u00ad\u017eivanja, sociologije medija, sociologije politike, sociologije mladih, sociologije zabave, sociologije slobodnog vremena, sociologije roda, sociologije \u017eena, sociologije grada, sociologije jezika, sociolingvistike, sociologije religije, sociologije poduzetni\u0161tva, socijalne ekologije, sociologije okoli\u0161a, sociologije obrazovanja, sociologije djece, sociologije dizajna, sociologije glazbe, sociologije umjetnosti i dr.<\/p>\n<p style=\"text-align: justify;\">Suautorica je dvadesetak knjiga objavljenih u biblioteci <em>Istra\u017e<\/em><em>iva\u010d<\/em><em>ke <\/em><em>studije<\/em>, \u010dija je i urednica (izdava\u010d <em>Redak<\/em> iz Splita). U biblioteci <em>Suvremena istra\u017eivanja<\/em> (izdava\u010d <em>Filozofski fakultet<\/em> Sveu\u010dili\u0161ta u Splitu) suautorica je knjige <em>Disko generacija: sociolo\u0161ka istra\u017eivanja no\u0107ne zabave mladih<\/em> (knjiga br. 2, 2007.) te dvojezi\u010dnog izdanja <em>Socijalna prosudba elementarnih sustava \u017eivota: Sociolo\u0161ka studija dru\u0161tvenih pretpostavki uvo\u0111enja kanalizacijskog sustava Ka\u0161tela \u2013 Trogir \/\/ Social Assessment of Elementary Life Systems: Sociological Study of Social Assumptions of Carrying Out the Ka\u0161tela-Trogir Sewage System <\/em>(2006.). Ostale knjige objavila je kod drugih izdava\u010da kao suautorica.<\/p>\n<p style=\"text-align: justify;\">Utemeljuje <em>Metodolo\u0161ku biblioteku<\/em> kod splitskoga izdava\u010da <em>Redak<\/em>, te kao urednica u ediciji <em>Metodolo\u0161ke teme <\/em>objavljuje od 2011.u suautorstvu metodolo\u0161ke studije.<\/p>\n<p style=\"text-align: justify;\">Redovito objavljuje znanstvene tekstove u doma\u0107im i me\u0111unarodnim \u010dasopisima i zbornicima, a trenuta\u010dno vodi i\/ili sudjeluje u nekoliko me\u0111unarodnih projekata u kojima se istra\u017euju razvojne, kulturolo\u0161ke, medijske, medicinske, socijalno-ekolo\u0161ke i urbane teme. Odabrana je me\u0111u brojnim svjetskim znanstvenicima i uvr\u0161tena na <em>IBC<\/em> listu (<em>International Biographical Centre<\/em>, Cambridge, England) kao jedna od <em>TOP 100 PROFESSIONALS 2010<\/em> na svijetu.<\/p>\n<p style=\"text-align: justify;\">\u010clanica je nekoliko stru\u010dnih asocijacija te osniva\u010dica <em>Splitske podru\u017enice Hrvatskoga sociolo\u0161kog dru\u0161tva (<\/em>2006<\/p>\n<p style=\"text-align: justify;\"><strong>Klju\u010dne rije\u010di: <\/strong>Vizualna analiza, kvalitativna paradigma, sociolo\u0161ke analize, sociolo\u0161ka istra\u017eivanja, vizualna konceptualizacija<\/p>\n<p style=\"text-align: justify;\"><strong>Link: <\/strong><a href=\"http:\/\/www.ancileburic.com\">www.ancileburic.com<\/a>\u00a0<\/p>\n<p style=\"text-align: justify;\"><strong>Naslov: <\/strong>Vizualna analiza: Vizualni koncepti u sociolo\u0161kim istra\u017eivanjima<br \/><strong>Autorica:<\/strong> An\u010di Leburi\u0107 i dr.<br \/> <strong>Broj stranica: <\/strong>238<br \/> <strong>Nakladnik: <\/strong>REDAK<br \/> <strong>Godina izdanja: <\/strong>2018<strong>.<br \/> <\/strong><strong>ISBN:<\/strong> 978-953-336-456-8<br \/> <strong>Tisak:<\/strong> digitalni tisak knjiga &#8211; print na zahtjev\u00a0<\/p>\n<hr \/>\n<p style=\"text-align: justify;\"><strong>Kako naru\u010diti knjigu?\u00a0<\/strong>Proces online kupovine jednako funkcionira za sve kupce, s jedinom razlikom u tome \u0161to \u0161to kupci iz inozemstva za podru\u010dje dostave moraju odabrati &#8220;Europa&#8221; ili &#8220;Ostale zemlje svijeta&#8221;, a za vrstu pla\u0107anja WSPay (kreditna kartica) ili Virmanom (bankovni transfer).<\/p>\n<p style=\"text-align: justify;\">Molimo kliknite ovdje za\u00a0<a href=\"hr\/kako-kupovati\" target=\"_blank\" rel=\"noopener noreferrer\">detaljni vodi\u010d kroz proces narud\u017ebe<\/a>\u00a0ili nas\u00a0<a href=\"hr\/kontakt\" target=\"_blank\" rel=\"noopener noreferrer\">kontaktirajte<\/a>\u00a0za vi\u0161e informacija.<\/p>\n","protected":false},"excerpt":{"rendered":"<p>Sa\u017eetak: Objavljena je \u0161esta knjiga VIZUALNA ANALIZA: VIZUALNI KONCEPTI U SOCIOLO\u0160KIM ISTRA\u017dIVANJIMA u Metodolo\u0161koj biblioteci, u ediciji Metodolo\u0161ke teme kod splitskog izdava\u010da i tiskara Redak d.o.o, \u010diji su autori\/-ce Leburi\u0107, A.; Rogli\u0107, T.; \u0110irli\u0107 J.; Ostoji\u0107, M.; \u0160ari\u0107, J.; Erdelez, M.; Lipanovi\u0107, Lj.; Marasovi\u0107, A.; \u017dmire, A.; \u010cereni\u0107, V.; \u010cutura, P.; Poljak, A.; Sule, I.; [&hellip;]<\/p>\n","protected":false},"featured_media":8758,"comment_status":"open","ping_status":"closed","template":"","meta":{"_acf_changed":false},"product_brand":[],"product_cat":[1517,1390],"product_tag":[],"class_list":{"0":"post-8757","1":"product","2":"type-product","3":"status-publish","4":"has-post-thumbnail","6":"product_cat-strucna-literatura","7":"product_cat-drustvene-znanosti","8":"pa_nakladnik-redak","10":"first","11":"instock","12":"shipping-taxable","13":"purchasable","14":"product-type-simple"},"acf":[],"yoast_head":"<!-- This site is optimized with the Yoast SEO plugin v27.3 - https:\/\/yoast.com\/product\/yoast-seo-wordpress\/ -->\n<title>VIZUALNA ANALIZA: VIZUALNI KONCEPTI U SOCIOLO\u0160KIM ISTRA\u017dIVANJIMA, An\u010di Leburi\u0107 i dr. - Web-knji\u017eara<\/title>\n<meta name=\"robots\" content=\"index, follow, max-snippet:-1, max-image-preview:large, max-video-preview:-1\" \/>\n<link rel=\"canonical\" href=\"https:\/\/webknjizara.hr\/proizvod\/vizualna-analiza-vizualni-koncepti-u-socioloskim-istrazivanjima-anci-leburic\/\" \/>\n<meta property=\"og:locale\" content=\"en_US\" \/>\n<meta property=\"og:type\" content=\"article\" \/>\n<meta property=\"og:title\" content=\"VIZUALNA ANALIZA: VIZUALNI KONCEPTI U SOCIOLO\u0160KIM ISTRA\u017dIVANJIMA, An\u010di Leburi\u0107 i dr. - Web-knji\u017eara\" \/>\n<meta property=\"og:description\" content=\"Sa\u017eetak: Objavljena je \u0161esta knjiga VIZUALNA ANALIZA: VIZUALNI KONCEPTI U SOCIOLO\u0160KIM ISTRA\u017dIVANJIMA u Metodolo\u0161koj biblioteci, u ediciji Metodolo\u0161ke teme kod splitskog izdava\u010da i tiskara Redak d.o.o, \u010diji su autori\/-ce Leburi\u0107, A.; Rogli\u0107, T.; \u0110irli\u0107 J.; Ostoji\u0107, M.; \u0160ari\u0107, J.; Erdelez, M.; Lipanovi\u0107, Lj.; Marasovi\u0107, A.; \u017dmire, A.; \u010cereni\u0107, V.; \u010cutura, P.; Poljak, A.; Sule, I.; [&hellip;]\" \/>\n<meta property=\"og:url\" content=\"https:\/\/webknjizara.hr\/proizvod\/vizualna-analiza-vizualni-koncepti-u-socioloskim-istrazivanjima-anci-leburic\/\" \/>\n<meta property=\"og:site_name\" content=\"Web-knji\u017eara\" \/>\n<meta property=\"article:modified_time\" content=\"2023-02-26T23:17:27+00:00\" \/>\n<meta property=\"og:image\" content=\"https:\/\/webknjizara.hr\/wp-content\/uploads\/nc\/images\/virtuemart\/product\/0756_181171_korica-300x419.jpg\" \/>\n\t<meta property=\"og:image:width\" content=\"300\" \/>\n\t<meta property=\"og:image:height\" content=\"419\" \/>\n\t<meta property=\"og:image:type\" content=\"image\/jpeg\" \/>\n<meta name=\"twitter:card\" content=\"summary_large_image\" \/>\n<meta name=\"twitter:label1\" content=\"Est. reading time\" \/>\n\t<meta name=\"twitter:data1\" content=\"3 minutes\" \/>\n<script type=\"application\/ld+json\" class=\"yoast-schema-graph\">{\"@context\":\"https:\\\/\\\/schema.org\",\"@graph\":[{\"@type\":\"WebPage\",\"@id\":\"https:\\\/\\\/webknjizara.hr\\\/proizvod\\\/vizualna-analiza-vizualni-koncepti-u-socioloskim-istrazivanjima-anci-leburic\\\/\",\"url\":\"https:\\\/\\\/webknjizara.hr\\\/proizvod\\\/vizualna-analiza-vizualni-koncepti-u-socioloskim-istrazivanjima-anci-leburic\\\/\",\"name\":\"VIZUALNA ANALIZA: VIZUALNI KONCEPTI U SOCIOLO\u0160KIM ISTRA\u017dIVANJIMA, An\u010di Leburi\u0107 i dr. - Web-knji\u017eara\",\"isPartOf\":{\"@id\":\"https:\\\/\\\/webknjizara.hr\\\/#website\"},\"primaryImageOfPage\":{\"@id\":\"https:\\\/\\\/webknjizara.hr\\\/proizvod\\\/vizualna-analiza-vizualni-koncepti-u-socioloskim-istrazivanjima-anci-leburic\\\/#primaryimage\"},\"image\":{\"@id\":\"https:\\\/\\\/webknjizara.hr\\\/proizvod\\\/vizualna-analiza-vizualni-koncepti-u-socioloskim-istrazivanjima-anci-leburic\\\/#primaryimage\"},\"thumbnailUrl\":\"https:\\\/\\\/webknjizara.hr\\\/wp-content\\\/uploads\\\/nc\\\/images\\\/virtuemart\\\/product\\\/0756_181171_korica-300x419.jpg\",\"datePublished\":\"2018-05-31T19:32:17+00:00\",\"dateModified\":\"2023-02-26T23:17:27+00:00\",\"breadcrumb\":{\"@id\":\"https:\\\/\\\/webknjizara.hr\\\/proizvod\\\/vizualna-analiza-vizualni-koncepti-u-socioloskim-istrazivanjima-anci-leburic\\\/#breadcrumb\"},\"inLanguage\":\"en-US\",\"potentialAction\":[{\"@type\":\"ReadAction\",\"target\":[\"https:\\\/\\\/webknjizara.hr\\\/proizvod\\\/vizualna-analiza-vizualni-koncepti-u-socioloskim-istrazivanjima-anci-leburic\\\/\"]}]},{\"@type\":\"ImageObject\",\"inLanguage\":\"en-US\",\"@id\":\"https:\\\/\\\/webknjizara.hr\\\/proizvod\\\/vizualna-analiza-vizualni-koncepti-u-socioloskim-istrazivanjima-anci-leburic\\\/#primaryimage\",\"url\":\"https:\\\/\\\/webknjizara.hr\\\/wp-content\\\/uploads\\\/nc\\\/images\\\/virtuemart\\\/product\\\/0756_181171_korica-300x419.jpg\",\"contentUrl\":\"https:\\\/\\\/webknjizara.hr\\\/wp-content\\\/uploads\\\/nc\\\/images\\\/virtuemart\\\/product\\\/0756_181171_korica-300x419.jpg\",\"width\":300,\"height\":419,\"caption\":\"VIZUALNA ANALIZA: VIZUALNI KONCEPTI U SOCIOLO\u0160KIM ISTRA\u017dIVANJIMA, An\u010di Leburi\u0107 i dr.\"},{\"@type\":\"BreadcrumbList\",\"@id\":\"https:\\\/\\\/webknjizara.hr\\\/proizvod\\\/vizualna-analiza-vizualni-koncepti-u-socioloskim-istrazivanjima-anci-leburic\\\/#breadcrumb\",\"itemListElement\":[{\"@type\":\"ListItem\",\"position\":1,\"name\":\"Po\u010detna stranica\",\"item\":\"https:\\\/\\\/webknjizara.hr\\\/en\\\/\"},{\"@type\":\"ListItem\",\"position\":2,\"name\":\"Shop\",\"item\":\"https:\\\/\\\/webknjizara.hr\\\/shop\\\/\"},{\"@type\":\"ListItem\",\"position\":3,\"name\":\"VIZUALNA ANALIZA: VIZUALNI KONCEPTI U SOCIOLO\u0160KIM ISTRA\u017dIVANJIMA, An\u010di Leburi\u0107 i dr.\"}]},{\"@type\":\"WebSite\",\"@id\":\"https:\\\/\\\/webknjizara.hr\\\/#website\",\"url\":\"https:\\\/\\\/webknjizara.hr\\\/\",\"name\":\"Web Knji\u017eara\",\"description\":\"\",\"publisher\":{\"@id\":\"https:\\\/\\\/webknjizara.hr\\\/#organization\"},\"potentialAction\":[{\"@type\":\"SearchAction\",\"target\":{\"@type\":\"EntryPoint\",\"urlTemplate\":\"https:\\\/\\\/webknjizara.hr\\\/?s={search_term_string}\"},\"query-input\":{\"@type\":\"PropertyValueSpecification\",\"valueRequired\":true,\"valueName\":\"search_term_string\"}}],\"inLanguage\":\"en-US\"},{\"@type\":\"Organization\",\"@id\":\"https:\\\/\\\/webknjizara.hr\\\/#organization\",\"name\":\"REDAK D.O.O.\",\"url\":\"https:\\\/\\\/webknjizara.hr\\\/\",\"logo\":{\"@type\":\"ImageObject\",\"inLanguage\":\"en-US\",\"@id\":\"https:\\\/\\\/webknjizara.hr\\\/#\\\/schema\\\/logo\\\/image\\\/\",\"url\":\"https:\\\/\\\/webknjizara.hr\\\/wp-content\\\/uploads\\\/2023\\\/01\\\/web-knjizara-logo.webp\",\"contentUrl\":\"https:\\\/\\\/webknjizara.hr\\\/wp-content\\\/uploads\\\/2023\\\/01\\\/web-knjizara-logo.webp\",\"width\":324,\"height\":79,\"caption\":\"REDAK D.O.O.\"},\"image\":{\"@id\":\"https:\\\/\\\/webknjizara.hr\\\/#\\\/schema\\\/logo\\\/image\\\/\"}}]}<\/script>\n<!-- \/ Yoast SEO plugin. -->","yoast_head_json":{"title":"VIZUALNA ANALIZA: VIZUALNI KONCEPTI U SOCIOLO\u0160KIM ISTRA\u017dIVANJIMA, An\u010di Leburi\u0107 i dr. - Web-knji\u017eara","robots":{"index":"index","follow":"follow","max-snippet":"max-snippet:-1","max-image-preview":"max-image-preview:large","max-video-preview":"max-video-preview:-1"},"canonical":"https:\/\/webknjizara.hr\/proizvod\/vizualna-analiza-vizualni-koncepti-u-socioloskim-istrazivanjima-anci-leburic\/","og_locale":"en_US","og_type":"article","og_title":"VIZUALNA ANALIZA: VIZUALNI KONCEPTI U SOCIOLO\u0160KIM ISTRA\u017dIVANJIMA, An\u010di Leburi\u0107 i dr. - Web-knji\u017eara","og_description":"Sa\u017eetak: Objavljena je \u0161esta knjiga VIZUALNA ANALIZA: VIZUALNI KONCEPTI U SOCIOLO\u0160KIM ISTRA\u017dIVANJIMA u Metodolo\u0161koj biblioteci, u ediciji Metodolo\u0161ke teme kod splitskog izdava\u010da i tiskara Redak d.o.o, \u010diji su autori\/-ce Leburi\u0107, A.; Rogli\u0107, T.; \u0110irli\u0107 J.; Ostoji\u0107, M.; \u0160ari\u0107, J.; Erdelez, M.; Lipanovi\u0107, Lj.; Marasovi\u0107, A.; \u017dmire, A.; \u010cereni\u0107, V.; \u010cutura, P.; Poljak, A.; Sule, I.; [&hellip;]","og_url":"https:\/\/webknjizara.hr\/proizvod\/vizualna-analiza-vizualni-koncepti-u-socioloskim-istrazivanjima-anci-leburic\/","og_site_name":"Web-knji\u017eara","article_modified_time":"2023-02-26T23:17:27+00:00","og_image":[{"width":300,"height":419,"url":"https:\/\/webknjizara.hr\/wp-content\/uploads\/nc\/images\/virtuemart\/product\/0756_181171_korica-300x419.jpg","type":"image\/jpeg"}],"twitter_card":"summary_large_image","twitter_misc":{"Est. reading time":"3 minutes"},"schema":{"@context":"https:\/\/schema.org","@graph":[{"@type":"WebPage","@id":"https:\/\/webknjizara.hr\/proizvod\/vizualna-analiza-vizualni-koncepti-u-socioloskim-istrazivanjima-anci-leburic\/","url":"https:\/\/webknjizara.hr\/proizvod\/vizualna-analiza-vizualni-koncepti-u-socioloskim-istrazivanjima-anci-leburic\/","name":"VIZUALNA ANALIZA: VIZUALNI KONCEPTI U SOCIOLO\u0160KIM ISTRA\u017dIVANJIMA, An\u010di Leburi\u0107 i dr. - Web-knji\u017eara","isPartOf":{"@id":"https:\/\/webknjizara.hr\/#website"},"primaryImageOfPage":{"@id":"https:\/\/webknjizara.hr\/proizvod\/vizualna-analiza-vizualni-koncepti-u-socioloskim-istrazivanjima-anci-leburic\/#primaryimage"},"image":{"@id":"https:\/\/webknjizara.hr\/proizvod\/vizualna-analiza-vizualni-koncepti-u-socioloskim-istrazivanjima-anci-leburic\/#primaryimage"},"thumbnailUrl":"https:\/\/webknjizara.hr\/wp-content\/uploads\/nc\/images\/virtuemart\/product\/0756_181171_korica-300x419.jpg","datePublished":"2018-05-31T19:32:17+00:00","dateModified":"2023-02-26T23:17:27+00:00","breadcrumb":{"@id":"https:\/\/webknjizara.hr\/proizvod\/vizualna-analiza-vizualni-koncepti-u-socioloskim-istrazivanjima-anci-leburic\/#breadcrumb"},"inLanguage":"en-US","potentialAction":[{"@type":"ReadAction","target":["https:\/\/webknjizara.hr\/proizvod\/vizualna-analiza-vizualni-koncepti-u-socioloskim-istrazivanjima-anci-leburic\/"]}]},{"@type":"ImageObject","inLanguage":"en-US","@id":"https:\/\/webknjizara.hr\/proizvod\/vizualna-analiza-vizualni-koncepti-u-socioloskim-istrazivanjima-anci-leburic\/#primaryimage","url":"https:\/\/webknjizara.hr\/wp-content\/uploads\/nc\/images\/virtuemart\/product\/0756_181171_korica-300x419.jpg","contentUrl":"https:\/\/webknjizara.hr\/wp-content\/uploads\/nc\/images\/virtuemart\/product\/0756_181171_korica-300x419.jpg","width":300,"height":419,"caption":"VIZUALNA ANALIZA: VIZUALNI KONCEPTI U SOCIOLO\u0160KIM ISTRA\u017dIVANJIMA, An\u010di Leburi\u0107 i dr."},{"@type":"BreadcrumbList","@id":"https:\/\/webknjizara.hr\/proizvod\/vizualna-analiza-vizualni-koncepti-u-socioloskim-istrazivanjima-anci-leburic\/#breadcrumb","itemListElement":[{"@type":"ListItem","position":1,"name":"Po\u010detna stranica","item":"https:\/\/webknjizara.hr\/en\/"},{"@type":"ListItem","position":2,"name":"Shop","item":"https:\/\/webknjizara.hr\/shop\/"},{"@type":"ListItem","position":3,"name":"VIZUALNA ANALIZA: VIZUALNI KONCEPTI U SOCIOLO\u0160KIM ISTRA\u017dIVANJIMA, An\u010di Leburi\u0107 i dr."}]},{"@type":"WebSite","@id":"https:\/\/webknjizara.hr\/#website","url":"https:\/\/webknjizara.hr\/","name":"Web Knji\u017eara","description":"","publisher":{"@id":"https:\/\/webknjizara.hr\/#organization"},"potentialAction":[{"@type":"SearchAction","target":{"@type":"EntryPoint","urlTemplate":"https:\/\/webknjizara.hr\/?s={search_term_string}"},"query-input":{"@type":"PropertyValueSpecification","valueRequired":true,"valueName":"search_term_string"}}],"inLanguage":"en-US"},{"@type":"Organization","@id":"https:\/\/webknjizara.hr\/#organization","name":"REDAK D.O.O.","url":"https:\/\/webknjizara.hr\/","logo":{"@type":"ImageObject","inLanguage":"en-US","@id":"https:\/\/webknjizara.hr\/#\/schema\/logo\/image\/","url":"https:\/\/webknjizara.hr\/wp-content\/uploads\/2023\/01\/web-knjizara-logo.webp","contentUrl":"https:\/\/webknjizara.hr\/wp-content\/uploads\/2023\/01\/web-knjizara-logo.webp","width":324,"height":79,"caption":"REDAK D.O.O."},"image":{"@id":"https:\/\/webknjizara.hr\/#\/schema\/logo\/image\/"}}]}},"_links":{"self":[{"href":"https:\/\/webknjizara.hr\/en\/wp-json\/wp\/v2\/product\/8757","targetHints":{"allow":["GET"]}}],"collection":[{"href":"https:\/\/webknjizara.hr\/en\/wp-json\/wp\/v2\/product"}],"about":[{"href":"https:\/\/webknjizara.hr\/en\/wp-json\/wp\/v2\/types\/product"}],"replies":[{"embeddable":true,"href":"https:\/\/webknjizara.hr\/en\/wp-json\/wp\/v2\/comments?post=8757"}],"wp:featuredmedia":[{"embeddable":true,"href":"https:\/\/webknjizara.hr\/en\/wp-json\/wp\/v2\/media\/8758"}],"wp:attachment":[{"href":"https:\/\/webknjizara.hr\/en\/wp-json\/wp\/v2\/media?parent=8757"}],"wp:term":[{"taxonomy":"product_brand","embeddable":true,"href":"https:\/\/webknjizara.hr\/en\/wp-json\/wp\/v2\/product_brand?post=8757"},{"taxonomy":"product_cat","embeddable":true,"href":"https:\/\/webknjizara.hr\/en\/wp-json\/wp\/v2\/product_cat?post=8757"},{"taxonomy":"product_tag","embeddable":true,"href":"https:\/\/webknjizara.hr\/en\/wp-json\/wp\/v2\/product_tag?post=8757"}],"curies":[{"name":"wp","href":"https:\/\/api.w.org\/{rel}","templated":true}]}}