{"id":8751,"date":"2018-05-14T18:58:40","date_gmt":"2018-05-14T18:58:40","guid":{"rendered":"https:\/\/webknjizara.hr\/?product=slusaj-kako-glasno-sute-valentino-kuzelj"},"modified":"2023-02-27T00:17:27","modified_gmt":"2023-02-26T23:17:27","slug":"slusaj-kako-glasno-sute-valentino-kuzelj","status":"publish","type":"product","link":"https:\/\/webknjizara.hr\/en\/proizvod\/slusaj-kako-glasno-sute-valentino-kuzelj\/","title":{"rendered":"SLU\u0160AJ KAKO GLASNO \u0160UTE, Valentino Kuzelj"},"content":{"rendered":"<p style=\"text-align: justify;\"><strong>Sa\u017eetak:<\/strong> <\/p>\n<p>NEMA SMISLA TRA\u017dITI BIJELU MRLJU NA CRNOM MA\u010cKU. Tim sje\u0107anjem glavni lik nekog dalekog jutra zapo\u010dinje putovanje staro dvadeset i tri godine. Protagonisti tog crnohumornog prijateljstva odavno su mrtvi ili bezli\u010dni poput kapi ki\u0161e u sivom jutru. Zbog te re\u010denice mrtvog prijatelja, oni o\u017eive prepuni boja, uspomena i osje\u0107aja. I opet je ljeto najve\u0107eg prijateljevanja i najtu\u017enijeg smijeha koje je iza sebe ostavilo najglasniju ti\u0161inu.<\/p>\n<p style=\"text-align: justify;\"><em>Slu\u0161aj kako glasno \u0161ute<\/em> sam autor naziva \u201eljetopisom jednog prijateljevanja, koje je zavr\u0161ilo i ostavilo gorko-slatki okus smrti i smijeha iza sebe. Ni\u0161ta vi\u0161e.\u201c\u00a0<\/p>\n<p style=\"text-align: justify;\"><strong>Bilje\u0161ka o autoru: <\/p>\n<p><\/strong>Valentino Kuzelj ro\u0111en je u Zagrebu 5. listopada 1996. godine. Zavr\u0161io je Osnovnu \u0161kolu Julija Klovi\u0107a, srednjo\u0161kolsko obrazovanje stekao je na Zdravstvenom u\u010dili\u0161tu u Zagrebu, a trenuta\u010dno studira pravo na Pravnom fakultetu Sveu\u010dili\u0161ta u Zagrebu.<\/p>\n<p style=\"text-align: justify;\">Godine 2014. njegov sastav naslova \u201eNovac je moderni bog\u201c objavljen je u zajedni\u010dkoj e-zbirci \u201eTragovi u&#8230;\u201c rije\u010dke izdava\u010dke ku\u0107e Studio TiM.<\/p>\n<p style=\"text-align: justify;\">Kratka pri\u010da \u201eProjekt &#8216;Deus&#8217;\u201c objavljena mu je u 15. broju doma\u0107eg SF magazina UBIQ.<\/p>\n<p style=\"text-align: justify;\">Sudjelovao je u zbornicima Webstilus kluba: 2014. tekstom naslova \u201eO\u010di boje ebanovine\u201c te 2015. \u201eEpitaf pijanom \u010dovjeku\u201c.<\/p>\n<p style=\"text-align: justify;\">Godine 2014. ukrstio je pera s rije\u010dkom spisateljicom Nata\u0161om Kovaljev-Opati\u0107 te je iz te suradnje nastala pripovijetka \u201eDan kada je probu\u0111ena\u201c objavljena na mre\u017enim stranicama izdava\u010dke ku\u0107e Studio TiM te mo\u017ee biti besplatno preuzeta.<\/p>\n<p style=\"text-align: justify;\">U travnju 2015. u nakladi Web-knji\u017eare Redak objavljen mu je roman \u201eMelodija ni\u0161tavila\u201c podnaslova \u201e&#8230;kada utihnu slobode&#8230;\u201c<\/p>\n<p style=\"text-align: justify;\">Tekst naslova \u201eJedna o umjetnosti ili <em>&#8216;Za\u0161to mi nedostaje Ivana&#8217;<\/em>\u201c, koji stoji uz predgovor romanu, a koji sam autor naziva <em>\u201enajboljom definicijom prijateljevanja koju Vam mogu ponuditi \u2013 iako se nikad ne bih usudio definirati ne\u0161to tako lijepo, varljivo, slobodno i kratko. Zapravo, prijateljstvo je \u017eivot, samo kra\u0107i, ispunjeniji i svakako sretniji od onog stvarnog!\u201c <\/em>ranije je objavljen na mre\u017enim stranicama \u010dasopisa Knji\u017eevnost u\u017eivo te <em>online<\/em>-\u010dasopisa Kvaka!<\/p>\n<p style=\"text-align: justify;\">Od 2015. godine \u010dlan je Hrvatskog dru\u0161tva knji\u017eevnika za djecu i mlade (HDKDM \u2013 Klub prvih pisaca).<\/p>\n<p style=\"text-align: justify;\"><strong>Klju\u010dne rije\u010di: <\/strong>prijateljevanje, prijateljstvo, ljubav, smrt, izdaja, mladena\u0161tvo, zajedni\u0161tvo, otu\u0111enje, usamljenost, samo\u0107a, samoubojstvo, homoseksualnost, tajna, \u0161utnja, sje\u0107anje<\/p>\n<p style=\"text-align: justify;\"><strong>E-mail: <a href=\"mailto:valentino.kuzelj01@gmail.com\">Valentino Kuzelj<\/a><\/strong><\/p>\n<p style=\"text-align: justify;\"><strong>Naslov: <\/strong>Slu\u0161aj kako glasno \u0161ute<br \/> <strong>Autor:<\/strong> Valentino Kuzelj<br \/> <strong>Broj stranica: <\/strong>108<br \/> <strong>Nakladnik: <\/strong>REDAK<br \/> <strong>Godina izdanja: <\/strong>2018<strong>.<br \/> <\/strong><strong>ISBN:<\/strong> 978-953-336-468-1<br \/> <strong>Tisak:<\/strong> digitalni tisak knjiga &#8211; print na zahtjev\u00a0<\/p>\n<hr \/>\n<p style=\"text-align: justify;\"><strong>Kako naru\u010diti knjigu?\u00a0<\/strong>Proces online kupovine jednako funkcionira za sve kupce, s jedinom razlikom u tome \u0161to \u0161to kupci iz inozemstva za podru\u010dje dostave moraju odabrati &#8220;Europa&#8221; ili &#8220;Ostale zemlje svijeta&#8221;, a za vrstu pla\u0107anja WSPay (kreditna kartica) ili Virmanom (bankovni transfer).<\/p>\n<p style=\"text-align: justify;\">Molimo kliknite ovdje za\u00a0<a href=\"hr\/kako-kupovati\" target=\"_blank\" rel=\"noopener noreferrer\">detaljni vodi\u010d kroz proces narud\u017ebe<\/a>\u00a0ili nas\u00a0<a href=\"hr\/kontakt\" target=\"_blank\" rel=\"noopener noreferrer\">kontaktirajte<\/a>\u00a0za vi\u0161e informacija.<\/p>\n","protected":false},"excerpt":{"rendered":"<p>Sa\u017eetak: NEMA SMISLA TRA\u017dITI BIJELU MRLJU NA CRNOM MA\u010cKU. Tim sje\u0107anjem glavni lik nekog dalekog jutra zapo\u010dinje putovanje staro dvadeset i tri godine. Protagonisti tog crnohumornog prijateljstva odavno su mrtvi ili bezli\u010dni poput kapi ki\u0161e u sivom jutru. Zbog te re\u010denice mrtvog prijatelja, oni o\u017eive prepuni boja, uspomena i osje\u0107aja. I opet je ljeto najve\u0107eg [&hellip;]<\/p>\n","protected":false},"featured_media":8752,"comment_status":"open","ping_status":"closed","template":"","meta":{"_acf_changed":false},"product_brand":[],"product_cat":[1383,1385],"product_tag":[],"class_list":{"0":"post-8751","1":"product","2":"type-product","3":"status-publish","4":"has-post-thumbnail","6":"product_cat-knjige","7":"product_cat-knjizevnost","8":"pa_autor-valentino-kuzelj","9":"pa_nakladnik-redak","11":"first","12":"instock","13":"shipping-taxable","14":"purchasable","15":"product-type-simple"},"acf":[],"yoast_head":"<!-- This site is optimized with the Yoast SEO plugin v27.3 - https:\/\/yoast.com\/product\/yoast-seo-wordpress\/ -->\n<title>SLU\u0160AJ KAKO GLASNO \u0160UTE, Valentino Kuzelj - Web-knji\u017eara<\/title>\n<meta name=\"robots\" content=\"index, follow, max-snippet:-1, max-image-preview:large, max-video-preview:-1\" \/>\n<link rel=\"canonical\" href=\"https:\/\/webknjizara.hr\/proizvod\/slusaj-kako-glasno-sute-valentino-kuzelj\/\" \/>\n<meta property=\"og:locale\" content=\"en_US\" \/>\n<meta property=\"og:type\" content=\"article\" \/>\n<meta property=\"og:title\" content=\"SLU\u0160AJ KAKO GLASNO \u0160UTE, Valentino Kuzelj - Web-knji\u017eara\" \/>\n<meta property=\"og:description\" content=\"Sa\u017eetak: NEMA SMISLA TRA\u017dITI BIJELU MRLJU NA CRNOM MA\u010cKU. Tim sje\u0107anjem glavni lik nekog dalekog jutra zapo\u010dinje putovanje staro dvadeset i tri godine. Protagonisti tog crnohumornog prijateljstva odavno su mrtvi ili bezli\u010dni poput kapi ki\u0161e u sivom jutru. Zbog te re\u010denice mrtvog prijatelja, oni o\u017eive prepuni boja, uspomena i osje\u0107aja. I opet je ljeto najve\u0107eg [&hellip;]\" \/>\n<meta property=\"og:url\" content=\"https:\/\/webknjizara.hr\/proizvod\/slusaj-kako-glasno-sute-valentino-kuzelj\/\" \/>\n<meta property=\"og:site_name\" content=\"Web-knji\u017eara\" \/>\n<meta property=\"article:modified_time\" content=\"2023-02-26T23:17:27+00:00\" \/>\n<meta property=\"og:image\" content=\"https:\/\/webknjizara.hr\/wp-content\/uploads\/nc\/images\/virtuemart\/product\/nasl-kuzelj-300x419.jpg\" \/>\n\t<meta property=\"og:image:width\" content=\"300\" \/>\n\t<meta property=\"og:image:height\" content=\"419\" \/>\n\t<meta property=\"og:image:type\" content=\"image\/jpeg\" \/>\n<meta name=\"twitter:card\" content=\"summary_large_image\" \/>\n<meta name=\"twitter:label1\" content=\"Est. reading time\" \/>\n\t<meta name=\"twitter:data1\" content=\"2 minutes\" \/>\n<script type=\"application\/ld+json\" class=\"yoast-schema-graph\">{\"@context\":\"https:\\\/\\\/schema.org\",\"@graph\":[{\"@type\":\"WebPage\",\"@id\":\"https:\\\/\\\/webknjizara.hr\\\/proizvod\\\/slusaj-kako-glasno-sute-valentino-kuzelj\\\/\",\"url\":\"https:\\\/\\\/webknjizara.hr\\\/proizvod\\\/slusaj-kako-glasno-sute-valentino-kuzelj\\\/\",\"name\":\"SLU\u0160AJ KAKO GLASNO \u0160UTE, Valentino Kuzelj - Web-knji\u017eara\",\"isPartOf\":{\"@id\":\"https:\\\/\\\/webknjizara.hr\\\/#website\"},\"primaryImageOfPage\":{\"@id\":\"https:\\\/\\\/webknjizara.hr\\\/proizvod\\\/slusaj-kako-glasno-sute-valentino-kuzelj\\\/#primaryimage\"},\"image\":{\"@id\":\"https:\\\/\\\/webknjizara.hr\\\/proizvod\\\/slusaj-kako-glasno-sute-valentino-kuzelj\\\/#primaryimage\"},\"thumbnailUrl\":\"https:\\\/\\\/webknjizara.hr\\\/wp-content\\\/uploads\\\/nc\\\/images\\\/virtuemart\\\/product\\\/nasl-kuzelj-300x419.jpg\",\"datePublished\":\"2018-05-14T18:58:40+00:00\",\"dateModified\":\"2023-02-26T23:17:27+00:00\",\"breadcrumb\":{\"@id\":\"https:\\\/\\\/webknjizara.hr\\\/proizvod\\\/slusaj-kako-glasno-sute-valentino-kuzelj\\\/#breadcrumb\"},\"inLanguage\":\"en-US\",\"potentialAction\":[{\"@type\":\"ReadAction\",\"target\":[\"https:\\\/\\\/webknjizara.hr\\\/proizvod\\\/slusaj-kako-glasno-sute-valentino-kuzelj\\\/\"]}]},{\"@type\":\"ImageObject\",\"inLanguage\":\"en-US\",\"@id\":\"https:\\\/\\\/webknjizara.hr\\\/proizvod\\\/slusaj-kako-glasno-sute-valentino-kuzelj\\\/#primaryimage\",\"url\":\"https:\\\/\\\/webknjizara.hr\\\/wp-content\\\/uploads\\\/nc\\\/images\\\/virtuemart\\\/product\\\/nasl-kuzelj-300x419.jpg\",\"contentUrl\":\"https:\\\/\\\/webknjizara.hr\\\/wp-content\\\/uploads\\\/nc\\\/images\\\/virtuemart\\\/product\\\/nasl-kuzelj-300x419.jpg\",\"width\":300,\"height\":419,\"caption\":\"SLU\u0160AJ KAKO GLASNO \u0160UTE, Valentino Kuzelj\"},{\"@type\":\"BreadcrumbList\",\"@id\":\"https:\\\/\\\/webknjizara.hr\\\/proizvod\\\/slusaj-kako-glasno-sute-valentino-kuzelj\\\/#breadcrumb\",\"itemListElement\":[{\"@type\":\"ListItem\",\"position\":1,\"name\":\"Po\u010detna stranica\",\"item\":\"https:\\\/\\\/webknjizara.hr\\\/en\\\/\"},{\"@type\":\"ListItem\",\"position\":2,\"name\":\"Shop\",\"item\":\"https:\\\/\\\/webknjizara.hr\\\/shop\\\/\"},{\"@type\":\"ListItem\",\"position\":3,\"name\":\"SLU\u0160AJ KAKO GLASNO \u0160UTE, Valentino Kuzelj\"}]},{\"@type\":\"WebSite\",\"@id\":\"https:\\\/\\\/webknjizara.hr\\\/#website\",\"url\":\"https:\\\/\\\/webknjizara.hr\\\/\",\"name\":\"Web Knji\u017eara\",\"description\":\"\",\"publisher\":{\"@id\":\"https:\\\/\\\/webknjizara.hr\\\/#organization\"},\"potentialAction\":[{\"@type\":\"SearchAction\",\"target\":{\"@type\":\"EntryPoint\",\"urlTemplate\":\"https:\\\/\\\/webknjizara.hr\\\/?s={search_term_string}\"},\"query-input\":{\"@type\":\"PropertyValueSpecification\",\"valueRequired\":true,\"valueName\":\"search_term_string\"}}],\"inLanguage\":\"en-US\"},{\"@type\":\"Organization\",\"@id\":\"https:\\\/\\\/webknjizara.hr\\\/#organization\",\"name\":\"REDAK D.O.O.\",\"url\":\"https:\\\/\\\/webknjizara.hr\\\/\",\"logo\":{\"@type\":\"ImageObject\",\"inLanguage\":\"en-US\",\"@id\":\"https:\\\/\\\/webknjizara.hr\\\/#\\\/schema\\\/logo\\\/image\\\/\",\"url\":\"https:\\\/\\\/webknjizara.hr\\\/wp-content\\\/uploads\\\/2023\\\/01\\\/web-knjizara-logo.webp\",\"contentUrl\":\"https:\\\/\\\/webknjizara.hr\\\/wp-content\\\/uploads\\\/2023\\\/01\\\/web-knjizara-logo.webp\",\"width\":324,\"height\":79,\"caption\":\"REDAK D.O.O.\"},\"image\":{\"@id\":\"https:\\\/\\\/webknjizara.hr\\\/#\\\/schema\\\/logo\\\/image\\\/\"}}]}<\/script>\n<!-- \/ Yoast SEO plugin. -->","yoast_head_json":{"title":"SLU\u0160AJ KAKO GLASNO \u0160UTE, Valentino Kuzelj - Web-knji\u017eara","robots":{"index":"index","follow":"follow","max-snippet":"max-snippet:-1","max-image-preview":"max-image-preview:large","max-video-preview":"max-video-preview:-1"},"canonical":"https:\/\/webknjizara.hr\/proizvod\/slusaj-kako-glasno-sute-valentino-kuzelj\/","og_locale":"en_US","og_type":"article","og_title":"SLU\u0160AJ KAKO GLASNO \u0160UTE, Valentino Kuzelj - Web-knji\u017eara","og_description":"Sa\u017eetak: NEMA SMISLA TRA\u017dITI BIJELU MRLJU NA CRNOM MA\u010cKU. Tim sje\u0107anjem glavni lik nekog dalekog jutra zapo\u010dinje putovanje staro dvadeset i tri godine. Protagonisti tog crnohumornog prijateljstva odavno su mrtvi ili bezli\u010dni poput kapi ki\u0161e u sivom jutru. Zbog te re\u010denice mrtvog prijatelja, oni o\u017eive prepuni boja, uspomena i osje\u0107aja. I opet je ljeto najve\u0107eg [&hellip;]","og_url":"https:\/\/webknjizara.hr\/proizvod\/slusaj-kako-glasno-sute-valentino-kuzelj\/","og_site_name":"Web-knji\u017eara","article_modified_time":"2023-02-26T23:17:27+00:00","og_image":[{"width":300,"height":419,"url":"https:\/\/webknjizara.hr\/wp-content\/uploads\/nc\/images\/virtuemart\/product\/nasl-kuzelj-300x419.jpg","type":"image\/jpeg"}],"twitter_card":"summary_large_image","twitter_misc":{"Est. reading time":"2 minutes"},"schema":{"@context":"https:\/\/schema.org","@graph":[{"@type":"WebPage","@id":"https:\/\/webknjizara.hr\/proizvod\/slusaj-kako-glasno-sute-valentino-kuzelj\/","url":"https:\/\/webknjizara.hr\/proizvod\/slusaj-kako-glasno-sute-valentino-kuzelj\/","name":"SLU\u0160AJ KAKO GLASNO \u0160UTE, Valentino Kuzelj - Web-knji\u017eara","isPartOf":{"@id":"https:\/\/webknjizara.hr\/#website"},"primaryImageOfPage":{"@id":"https:\/\/webknjizara.hr\/proizvod\/slusaj-kako-glasno-sute-valentino-kuzelj\/#primaryimage"},"image":{"@id":"https:\/\/webknjizara.hr\/proizvod\/slusaj-kako-glasno-sute-valentino-kuzelj\/#primaryimage"},"thumbnailUrl":"https:\/\/webknjizara.hr\/wp-content\/uploads\/nc\/images\/virtuemart\/product\/nasl-kuzelj-300x419.jpg","datePublished":"2018-05-14T18:58:40+00:00","dateModified":"2023-02-26T23:17:27+00:00","breadcrumb":{"@id":"https:\/\/webknjizara.hr\/proizvod\/slusaj-kako-glasno-sute-valentino-kuzelj\/#breadcrumb"},"inLanguage":"en-US","potentialAction":[{"@type":"ReadAction","target":["https:\/\/webknjizara.hr\/proizvod\/slusaj-kako-glasno-sute-valentino-kuzelj\/"]}]},{"@type":"ImageObject","inLanguage":"en-US","@id":"https:\/\/webknjizara.hr\/proizvod\/slusaj-kako-glasno-sute-valentino-kuzelj\/#primaryimage","url":"https:\/\/webknjizara.hr\/wp-content\/uploads\/nc\/images\/virtuemart\/product\/nasl-kuzelj-300x419.jpg","contentUrl":"https:\/\/webknjizara.hr\/wp-content\/uploads\/nc\/images\/virtuemart\/product\/nasl-kuzelj-300x419.jpg","width":300,"height":419,"caption":"SLU\u0160AJ KAKO GLASNO \u0160UTE, Valentino Kuzelj"},{"@type":"BreadcrumbList","@id":"https:\/\/webknjizara.hr\/proizvod\/slusaj-kako-glasno-sute-valentino-kuzelj\/#breadcrumb","itemListElement":[{"@type":"ListItem","position":1,"name":"Po\u010detna stranica","item":"https:\/\/webknjizara.hr\/en\/"},{"@type":"ListItem","position":2,"name":"Shop","item":"https:\/\/webknjizara.hr\/shop\/"},{"@type":"ListItem","position":3,"name":"SLU\u0160AJ KAKO GLASNO \u0160UTE, Valentino Kuzelj"}]},{"@type":"WebSite","@id":"https:\/\/webknjizara.hr\/#website","url":"https:\/\/webknjizara.hr\/","name":"Web Knji\u017eara","description":"","publisher":{"@id":"https:\/\/webknjizara.hr\/#organization"},"potentialAction":[{"@type":"SearchAction","target":{"@type":"EntryPoint","urlTemplate":"https:\/\/webknjizara.hr\/?s={search_term_string}"},"query-input":{"@type":"PropertyValueSpecification","valueRequired":true,"valueName":"search_term_string"}}],"inLanguage":"en-US"},{"@type":"Organization","@id":"https:\/\/webknjizara.hr\/#organization","name":"REDAK D.O.O.","url":"https:\/\/webknjizara.hr\/","logo":{"@type":"ImageObject","inLanguage":"en-US","@id":"https:\/\/webknjizara.hr\/#\/schema\/logo\/image\/","url":"https:\/\/webknjizara.hr\/wp-content\/uploads\/2023\/01\/web-knjizara-logo.webp","contentUrl":"https:\/\/webknjizara.hr\/wp-content\/uploads\/2023\/01\/web-knjizara-logo.webp","width":324,"height":79,"caption":"REDAK D.O.O."},"image":{"@id":"https:\/\/webknjizara.hr\/#\/schema\/logo\/image\/"}}]}},"_links":{"self":[{"href":"https:\/\/webknjizara.hr\/en\/wp-json\/wp\/v2\/product\/8751","targetHints":{"allow":["GET"]}}],"collection":[{"href":"https:\/\/webknjizara.hr\/en\/wp-json\/wp\/v2\/product"}],"about":[{"href":"https:\/\/webknjizara.hr\/en\/wp-json\/wp\/v2\/types\/product"}],"replies":[{"embeddable":true,"href":"https:\/\/webknjizara.hr\/en\/wp-json\/wp\/v2\/comments?post=8751"}],"wp:featuredmedia":[{"embeddable":true,"href":"https:\/\/webknjizara.hr\/en\/wp-json\/wp\/v2\/media\/8752"}],"wp:attachment":[{"href":"https:\/\/webknjizara.hr\/en\/wp-json\/wp\/v2\/media?parent=8751"}],"wp:term":[{"taxonomy":"product_brand","embeddable":true,"href":"https:\/\/webknjizara.hr\/en\/wp-json\/wp\/v2\/product_brand?post=8751"},{"taxonomy":"product_cat","embeddable":true,"href":"https:\/\/webknjizara.hr\/en\/wp-json\/wp\/v2\/product_cat?post=8751"},{"taxonomy":"product_tag","embeddable":true,"href":"https:\/\/webknjizara.hr\/en\/wp-json\/wp\/v2\/product_tag?post=8751"}],"curies":[{"name":"wp","href":"https:\/\/api.w.org\/{rel}","templated":true}]}}