{"id":8745,"date":"2018-05-02T23:13:02","date_gmt":"2018-05-02T23:13:02","guid":{"rendered":"https:\/\/webknjizara.hr\/?product=znanstveni-casopis-interdisciplinary-description-of-complex-systems-161-grupa-autora"},"modified":"2023-02-27T00:17:27","modified_gmt":"2023-02-26T23:17:27","slug":"znanstveni-casopis-interdisciplinary-description-of-complex-systems-16-1-grupa-autora","status":"publish","type":"product","link":"https:\/\/webknjizara.hr\/en\/proizvod\/znanstveni-casopis-interdisciplinary-description-of-complex-systems-16-1-grupa-autora\/","title":{"rendered":"ZNANSTVENI \u010cASOPIS INTERDISCIPLINARY DESCRIPTION OF COMPLEX SYSTEMS 16(1), Grupa autora"},"content":{"rendered":"<p style=\"text-align: justify;\"><strong>Sa\u017eetak:<\/strong> <\/p>\n<p>15 znanstvenih radova o radu i tehnici, te o ostalim interdisciplinarnim temama<\/p>\n<p><strong>Bilje\u0161ka o autorima:<\/strong> <\/p>\n<p>vi\u0161e autora<\/p>\n<p style=\"text-align: justify;\"><strong>Klju\u010dne rije\u010di:<\/strong> in\u017eenjerstvo, vje\u0161tine, ishodi u\u010denja, poslodavci, vitki menad\u017ement, zeleni menad\u017ement, \u017eivotni vijek proizvoda, upravljanje proizvodnjom, upravljanje okoli\u0161em, ISO 14001, radna etika, sustavnosna dinamika, preoblikovanje, upravljanje projektima, gra\u0111evinarstvo, studentski rad, regulacija studentskog rada i njegova zloupotreba, masifikacija viskog obrazovanja, tr\u017ei\u0161te rada, EUROSTUDENT, eti\u010dko vodstvo, poslovni u\u010dinak, namjera promjene posla, zadovoljstvo poslom, kompleksni sustavi, noosfera, tehnolo\u0161ki singularitet, potro\u0161nja energije, S-krivulja, virtualna stvarnost, projektiranje monta\u017ee, interakcija \u010dovjek-ra\u010dunalo, istodobno in\u017eenjerstvo, MTM, digitalna kompetencija, digitalna pismenost, digitalne vje\u0161tine, svijest o sigurnosti, industrija 4.0, ergonomki softver, bespilotne letjelice, ra\u010dunalno odre\u0111ivanje momenta tromosti, bifilarno njihalo, inercijalni senzori, transport, sposobnost upravljanja, \u017eeljeznica, istra\u017eivanje i razvoj, inteligentni sustavi, kriti\u010dna infrastruktura, deprecijacija deviznog te\u010daja, inozemni dug, kointegracijska analiza, model korekcije pogre\u0161ke<\/p>\n<p style=\"text-align: justify;\"><strong>Link:<\/strong> <a href=\"http:\/\/indecs.eu\">http:\/\/indecs.eu <\/a><\/p>\n<p><strong>Naslov:<\/strong> Znanstveni \u010dasopis Interdisciplinary Description of Complex Systems 16(1)<br \/><strong>Autori:<\/strong> Grupa autora<br \/><strong>Broj stranica:<\/strong> 212<br \/><strong>Nakladnik:<\/strong> Hrvatsko interdisciplinarno dru\u0161tvo<br \/><strong>Godina izdanja:<\/strong> 2018.<br \/><strong>ISBN:<\/strong> ISSN 1334-4684<br \/><strong>Tisak:<\/strong> digitalni tisak knjiga &#8211; print na zahtjev\u00a0<\/p>\n<hr \/>\n<p style=\"text-align: justify;\"><strong>Kako naru\u010diti knjigu?\u00a0<\/strong>Proces online kupovine jednako funkcionira za sve kupce, s jedinom razlikom u tome \u0161to \u0161to kupci iz inozemstva za podru\u010dje dostave moraju odabrati &#8220;Europa&#8221; ili &#8220;Ostale zemlje svijeta&#8221;, a za vrstu pla\u0107anja WSPay (kreditna kartica) ili Virmanom (bankovni transfer).<\/p>\n<p style=\"text-align: justify;\">Molimo kliknite ovdje za\u00a0<a href=\"hr\/kako-kupovati\" target=\"_blank\" rel=\"noopener noreferrer\">detaljni vodi\u010d kroz proces narud\u017ebe<\/a>\u00a0ili nas\u00a0<a href=\"hr\/kontakt\" target=\"_blank\" rel=\"noopener noreferrer\">kontaktirajte<\/a>\u00a0za vi\u0161e informacija.<\/p>\n","protected":false},"excerpt":{"rendered":"<p>Sa\u017eetak: 15 znanstvenih radova o radu i tehnici, te o ostalim interdisciplinarnim temama Bilje\u0161ka o autorima: vi\u0161e autora Klju\u010dne rije\u010di: in\u017eenjerstvo, vje\u0161tine, ishodi u\u010denja, poslodavci, vitki menad\u017ement, zeleni menad\u017ement, \u017eivotni vijek proizvoda, upravljanje proizvodnjom, upravljanje okoli\u0161em, ISO 14001, radna etika, sustavnosna dinamika, preoblikovanje, upravljanje projektima, gra\u0111evinarstvo, studentski rad, regulacija studentskog rada i njegova zloupotreba, masifikacija [&hellip;]<\/p>\n","protected":false},"featured_media":8746,"comment_status":"open","ping_status":"closed","template":"","meta":{"_acf_changed":false},"product_brand":[],"product_cat":[1539],"product_tag":[],"class_list":{"0":"post-8745","1":"product","2":"type-product","3":"status-publish","4":"has-post-thumbnail","6":"product_cat-sveucilisni-udzbenici-i-prirucnici","7":"pa_autor-grupa-autora","8":"pa_nakladnik-hrvatsko-interdisciplinarno-drustvo","10":"first","11":"instock","12":"shipping-taxable","13":"purchasable","14":"product-type-simple"},"acf":[],"yoast_head":"<!-- This site is optimized with the Yoast SEO plugin v27.3 - https:\/\/yoast.com\/product\/yoast-seo-wordpress\/ -->\n<title>ZNANSTVENI \u010cASOPIS INTERDISCIPLINARY DESCRIPTION OF COMPLEX SYSTEMS 16(1), Grupa autora - Web-knji\u017eara<\/title>\n<meta name=\"robots\" content=\"index, follow, max-snippet:-1, max-image-preview:large, max-video-preview:-1\" \/>\n<link rel=\"canonical\" href=\"https:\/\/webknjizara.hr\/proizvod\/znanstveni-casopis-interdisciplinary-description-of-complex-systems-16-1-grupa-autora\/\" \/>\n<meta property=\"og:locale\" content=\"en_US\" \/>\n<meta property=\"og:type\" content=\"article\" \/>\n<meta property=\"og:title\" content=\"ZNANSTVENI \u010cASOPIS INTERDISCIPLINARY DESCRIPTION OF COMPLEX SYSTEMS 16(1), Grupa autora - Web-knji\u017eara\" \/>\n<meta property=\"og:description\" content=\"Sa\u017eetak: 15 znanstvenih radova o radu i tehnici, te o ostalim interdisciplinarnim temama Bilje\u0161ka o autorima: vi\u0161e autora Klju\u010dne rije\u010di: in\u017eenjerstvo, vje\u0161tine, ishodi u\u010denja, poslodavci, vitki menad\u017ement, zeleni menad\u017ement, \u017eivotni vijek proizvoda, upravljanje proizvodnjom, upravljanje okoli\u0161em, ISO 14001, radna etika, sustavnosna dinamika, preoblikovanje, upravljanje projektima, gra\u0111evinarstvo, studentski rad, regulacija studentskog rada i njegova zloupotreba, masifikacija [&hellip;]\" \/>\n<meta property=\"og:url\" content=\"https:\/\/webknjizara.hr\/proizvod\/znanstveni-casopis-interdisciplinary-description-of-complex-systems-16-1-grupa-autora\/\" \/>\n<meta property=\"og:site_name\" content=\"Web-knji\u017eara\" \/>\n<meta property=\"article:modified_time\" content=\"2023-02-26T23:17:27+00:00\" \/>\n<meta property=\"og:image\" content=\"https:\/\/webknjizara.hr\/wp-content\/uploads\/nc\/images\/virtuemart\/product\/Znanstveni-casopis-naslovnica-300x419.jpg\" \/>\n\t<meta property=\"og:image:width\" content=\"300\" \/>\n\t<meta property=\"og:image:height\" content=\"419\" \/>\n\t<meta property=\"og:image:type\" content=\"image\/jpeg\" \/>\n<meta name=\"twitter:card\" content=\"summary_large_image\" \/>\n<meta name=\"twitter:label1\" content=\"Est. reading time\" \/>\n\t<meta name=\"twitter:data1\" content=\"1 minute\" \/>\n<script type=\"application\/ld+json\" class=\"yoast-schema-graph\">{\"@context\":\"https:\\\/\\\/schema.org\",\"@graph\":[{\"@type\":\"WebPage\",\"@id\":\"https:\\\/\\\/webknjizara.hr\\\/proizvod\\\/znanstveni-casopis-interdisciplinary-description-of-complex-systems-16-1-grupa-autora\\\/\",\"url\":\"https:\\\/\\\/webknjizara.hr\\\/proizvod\\\/znanstveni-casopis-interdisciplinary-description-of-complex-systems-16-1-grupa-autora\\\/\",\"name\":\"ZNANSTVENI \u010cASOPIS INTERDISCIPLINARY DESCRIPTION OF COMPLEX SYSTEMS 16(1), Grupa autora - Web-knji\u017eara\",\"isPartOf\":{\"@id\":\"https:\\\/\\\/webknjizara.hr\\\/#website\"},\"primaryImageOfPage\":{\"@id\":\"https:\\\/\\\/webknjizara.hr\\\/proizvod\\\/znanstveni-casopis-interdisciplinary-description-of-complex-systems-16-1-grupa-autora\\\/#primaryimage\"},\"image\":{\"@id\":\"https:\\\/\\\/webknjizara.hr\\\/proizvod\\\/znanstveni-casopis-interdisciplinary-description-of-complex-systems-16-1-grupa-autora\\\/#primaryimage\"},\"thumbnailUrl\":\"https:\\\/\\\/webknjizara.hr\\\/wp-content\\\/uploads\\\/nc\\\/images\\\/virtuemart\\\/product\\\/Znanstveni-casopis-naslovnica-300x419.jpg\",\"datePublished\":\"2018-05-02T23:13:02+00:00\",\"dateModified\":\"2023-02-26T23:17:27+00:00\",\"breadcrumb\":{\"@id\":\"https:\\\/\\\/webknjizara.hr\\\/proizvod\\\/znanstveni-casopis-interdisciplinary-description-of-complex-systems-16-1-grupa-autora\\\/#breadcrumb\"},\"inLanguage\":\"en-US\",\"potentialAction\":[{\"@type\":\"ReadAction\",\"target\":[\"https:\\\/\\\/webknjizara.hr\\\/proizvod\\\/znanstveni-casopis-interdisciplinary-description-of-complex-systems-16-1-grupa-autora\\\/\"]}]},{\"@type\":\"ImageObject\",\"inLanguage\":\"en-US\",\"@id\":\"https:\\\/\\\/webknjizara.hr\\\/proizvod\\\/znanstveni-casopis-interdisciplinary-description-of-complex-systems-16-1-grupa-autora\\\/#primaryimage\",\"url\":\"https:\\\/\\\/webknjizara.hr\\\/wp-content\\\/uploads\\\/nc\\\/images\\\/virtuemart\\\/product\\\/Znanstveni-casopis-naslovnica-300x419.jpg\",\"contentUrl\":\"https:\\\/\\\/webknjizara.hr\\\/wp-content\\\/uploads\\\/nc\\\/images\\\/virtuemart\\\/product\\\/Znanstveni-casopis-naslovnica-300x419.jpg\",\"width\":300,\"height\":419,\"caption\":\"ZNANSTVENI \u010cASOPIS INTERDISCIPLINARY DESCRIPTION OF COMPLEX SYSTEMS 16(1), Grupa autora\"},{\"@type\":\"BreadcrumbList\",\"@id\":\"https:\\\/\\\/webknjizara.hr\\\/proizvod\\\/znanstveni-casopis-interdisciplinary-description-of-complex-systems-16-1-grupa-autora\\\/#breadcrumb\",\"itemListElement\":[{\"@type\":\"ListItem\",\"position\":1,\"name\":\"Po\u010detna stranica\",\"item\":\"https:\\\/\\\/webknjizara.hr\\\/en\\\/\"},{\"@type\":\"ListItem\",\"position\":2,\"name\":\"Shop\",\"item\":\"https:\\\/\\\/webknjizara.hr\\\/shop\\\/\"},{\"@type\":\"ListItem\",\"position\":3,\"name\":\"ZNANSTVENI \u010cASOPIS INTERDISCIPLINARY DESCRIPTION OF COMPLEX SYSTEMS 16(1), Grupa autora\"}]},{\"@type\":\"WebSite\",\"@id\":\"https:\\\/\\\/webknjizara.hr\\\/#website\",\"url\":\"https:\\\/\\\/webknjizara.hr\\\/\",\"name\":\"Web Knji\u017eara\",\"description\":\"\",\"publisher\":{\"@id\":\"https:\\\/\\\/webknjizara.hr\\\/#organization\"},\"potentialAction\":[{\"@type\":\"SearchAction\",\"target\":{\"@type\":\"EntryPoint\",\"urlTemplate\":\"https:\\\/\\\/webknjizara.hr\\\/?s={search_term_string}\"},\"query-input\":{\"@type\":\"PropertyValueSpecification\",\"valueRequired\":true,\"valueName\":\"search_term_string\"}}],\"inLanguage\":\"en-US\"},{\"@type\":\"Organization\",\"@id\":\"https:\\\/\\\/webknjizara.hr\\\/#organization\",\"name\":\"REDAK D.O.O.\",\"url\":\"https:\\\/\\\/webknjizara.hr\\\/\",\"logo\":{\"@type\":\"ImageObject\",\"inLanguage\":\"en-US\",\"@id\":\"https:\\\/\\\/webknjizara.hr\\\/#\\\/schema\\\/logo\\\/image\\\/\",\"url\":\"https:\\\/\\\/webknjizara.hr\\\/wp-content\\\/uploads\\\/2023\\\/01\\\/web-knjizara-logo.webp\",\"contentUrl\":\"https:\\\/\\\/webknjizara.hr\\\/wp-content\\\/uploads\\\/2023\\\/01\\\/web-knjizara-logo.webp\",\"width\":324,\"height\":79,\"caption\":\"REDAK D.O.O.\"},\"image\":{\"@id\":\"https:\\\/\\\/webknjizara.hr\\\/#\\\/schema\\\/logo\\\/image\\\/\"}}]}<\/script>\n<!-- \/ Yoast SEO plugin. -->","yoast_head_json":{"title":"ZNANSTVENI \u010cASOPIS INTERDISCIPLINARY DESCRIPTION OF COMPLEX SYSTEMS 16(1), Grupa autora - Web-knji\u017eara","robots":{"index":"index","follow":"follow","max-snippet":"max-snippet:-1","max-image-preview":"max-image-preview:large","max-video-preview":"max-video-preview:-1"},"canonical":"https:\/\/webknjizara.hr\/proizvod\/znanstveni-casopis-interdisciplinary-description-of-complex-systems-16-1-grupa-autora\/","og_locale":"en_US","og_type":"article","og_title":"ZNANSTVENI \u010cASOPIS INTERDISCIPLINARY DESCRIPTION OF COMPLEX SYSTEMS 16(1), Grupa autora - Web-knji\u017eara","og_description":"Sa\u017eetak: 15 znanstvenih radova o radu i tehnici, te o ostalim interdisciplinarnim temama Bilje\u0161ka o autorima: vi\u0161e autora Klju\u010dne rije\u010di: in\u017eenjerstvo, vje\u0161tine, ishodi u\u010denja, poslodavci, vitki menad\u017ement, zeleni menad\u017ement, \u017eivotni vijek proizvoda, upravljanje proizvodnjom, upravljanje okoli\u0161em, ISO 14001, radna etika, sustavnosna dinamika, preoblikovanje, upravljanje projektima, gra\u0111evinarstvo, studentski rad, regulacija studentskog rada i njegova zloupotreba, masifikacija [&hellip;]","og_url":"https:\/\/webknjizara.hr\/proizvod\/znanstveni-casopis-interdisciplinary-description-of-complex-systems-16-1-grupa-autora\/","og_site_name":"Web-knji\u017eara","article_modified_time":"2023-02-26T23:17:27+00:00","og_image":[{"width":300,"height":419,"url":"https:\/\/webknjizara.hr\/wp-content\/uploads\/nc\/images\/virtuemart\/product\/Znanstveni-casopis-naslovnica-300x419.jpg","type":"image\/jpeg"}],"twitter_card":"summary_large_image","twitter_misc":{"Est. reading time":"1 minute"},"schema":{"@context":"https:\/\/schema.org","@graph":[{"@type":"WebPage","@id":"https:\/\/webknjizara.hr\/proizvod\/znanstveni-casopis-interdisciplinary-description-of-complex-systems-16-1-grupa-autora\/","url":"https:\/\/webknjizara.hr\/proizvod\/znanstveni-casopis-interdisciplinary-description-of-complex-systems-16-1-grupa-autora\/","name":"ZNANSTVENI \u010cASOPIS INTERDISCIPLINARY DESCRIPTION OF COMPLEX SYSTEMS 16(1), Grupa autora - Web-knji\u017eara","isPartOf":{"@id":"https:\/\/webknjizara.hr\/#website"},"primaryImageOfPage":{"@id":"https:\/\/webknjizara.hr\/proizvod\/znanstveni-casopis-interdisciplinary-description-of-complex-systems-16-1-grupa-autora\/#primaryimage"},"image":{"@id":"https:\/\/webknjizara.hr\/proizvod\/znanstveni-casopis-interdisciplinary-description-of-complex-systems-16-1-grupa-autora\/#primaryimage"},"thumbnailUrl":"https:\/\/webknjizara.hr\/wp-content\/uploads\/nc\/images\/virtuemart\/product\/Znanstveni-casopis-naslovnica-300x419.jpg","datePublished":"2018-05-02T23:13:02+00:00","dateModified":"2023-02-26T23:17:27+00:00","breadcrumb":{"@id":"https:\/\/webknjizara.hr\/proizvod\/znanstveni-casopis-interdisciplinary-description-of-complex-systems-16-1-grupa-autora\/#breadcrumb"},"inLanguage":"en-US","potentialAction":[{"@type":"ReadAction","target":["https:\/\/webknjizara.hr\/proizvod\/znanstveni-casopis-interdisciplinary-description-of-complex-systems-16-1-grupa-autora\/"]}]},{"@type":"ImageObject","inLanguage":"en-US","@id":"https:\/\/webknjizara.hr\/proizvod\/znanstveni-casopis-interdisciplinary-description-of-complex-systems-16-1-grupa-autora\/#primaryimage","url":"https:\/\/webknjizara.hr\/wp-content\/uploads\/nc\/images\/virtuemart\/product\/Znanstveni-casopis-naslovnica-300x419.jpg","contentUrl":"https:\/\/webknjizara.hr\/wp-content\/uploads\/nc\/images\/virtuemart\/product\/Znanstveni-casopis-naslovnica-300x419.jpg","width":300,"height":419,"caption":"ZNANSTVENI \u010cASOPIS INTERDISCIPLINARY DESCRIPTION OF COMPLEX SYSTEMS 16(1), Grupa autora"},{"@type":"BreadcrumbList","@id":"https:\/\/webknjizara.hr\/proizvod\/znanstveni-casopis-interdisciplinary-description-of-complex-systems-16-1-grupa-autora\/#breadcrumb","itemListElement":[{"@type":"ListItem","position":1,"name":"Po\u010detna stranica","item":"https:\/\/webknjizara.hr\/en\/"},{"@type":"ListItem","position":2,"name":"Shop","item":"https:\/\/webknjizara.hr\/shop\/"},{"@type":"ListItem","position":3,"name":"ZNANSTVENI \u010cASOPIS INTERDISCIPLINARY DESCRIPTION OF COMPLEX SYSTEMS 16(1), Grupa autora"}]},{"@type":"WebSite","@id":"https:\/\/webknjizara.hr\/#website","url":"https:\/\/webknjizara.hr\/","name":"Web Knji\u017eara","description":"","publisher":{"@id":"https:\/\/webknjizara.hr\/#organization"},"potentialAction":[{"@type":"SearchAction","target":{"@type":"EntryPoint","urlTemplate":"https:\/\/webknjizara.hr\/?s={search_term_string}"},"query-input":{"@type":"PropertyValueSpecification","valueRequired":true,"valueName":"search_term_string"}}],"inLanguage":"en-US"},{"@type":"Organization","@id":"https:\/\/webknjizara.hr\/#organization","name":"REDAK D.O.O.","url":"https:\/\/webknjizara.hr\/","logo":{"@type":"ImageObject","inLanguage":"en-US","@id":"https:\/\/webknjizara.hr\/#\/schema\/logo\/image\/","url":"https:\/\/webknjizara.hr\/wp-content\/uploads\/2023\/01\/web-knjizara-logo.webp","contentUrl":"https:\/\/webknjizara.hr\/wp-content\/uploads\/2023\/01\/web-knjizara-logo.webp","width":324,"height":79,"caption":"REDAK D.O.O."},"image":{"@id":"https:\/\/webknjizara.hr\/#\/schema\/logo\/image\/"}}]}},"_links":{"self":[{"href":"https:\/\/webknjizara.hr\/en\/wp-json\/wp\/v2\/product\/8745","targetHints":{"allow":["GET"]}}],"collection":[{"href":"https:\/\/webknjizara.hr\/en\/wp-json\/wp\/v2\/product"}],"about":[{"href":"https:\/\/webknjizara.hr\/en\/wp-json\/wp\/v2\/types\/product"}],"replies":[{"embeddable":true,"href":"https:\/\/webknjizara.hr\/en\/wp-json\/wp\/v2\/comments?post=8745"}],"wp:featuredmedia":[{"embeddable":true,"href":"https:\/\/webknjizara.hr\/en\/wp-json\/wp\/v2\/media\/8746"}],"wp:attachment":[{"href":"https:\/\/webknjizara.hr\/en\/wp-json\/wp\/v2\/media?parent=8745"}],"wp:term":[{"taxonomy":"product_brand","embeddable":true,"href":"https:\/\/webknjizara.hr\/en\/wp-json\/wp\/v2\/product_brand?post=8745"},{"taxonomy":"product_cat","embeddable":true,"href":"https:\/\/webknjizara.hr\/en\/wp-json\/wp\/v2\/product_cat?post=8745"},{"taxonomy":"product_tag","embeddable":true,"href":"https:\/\/webknjizara.hr\/en\/wp-json\/wp\/v2\/product_tag?post=8745"}],"curies":[{"name":"wp","href":"https:\/\/api.w.org\/{rel}","templated":true}]}}