{"id":8743,"date":"2018-04-25T21:49:38","date_gmt":"2018-04-25T21:49:38","guid":{"rendered":"https:\/\/webknjizara.hr\/?product=ljubi-ljubav-duso-moja-mara-radanovic"},"modified":"2023-02-27T00:17:27","modified_gmt":"2023-02-26T23:17:27","slug":"ljubi-ljubav-duso-moja-mara-radanovic","status":"publish","type":"product","link":"https:\/\/webknjizara.hr\/en\/proizvod\/ljubi-ljubav-duso-moja-mara-radanovic\/","title":{"rendered":"LJUBI LJUBAV, DU\u0160O MOJA, Mara Radanovi\u0107"},"content":{"rendered":"<p style=\"text-align: justify;\"><strong>Sa\u017eetak:<\/strong> <\/p>\n<p><em>Rije\u010di govore o \u010dovjeku, pjesme o du\u0161i,\u00a0djela o \u017eivotu&#8230;<\/em><\/p>\n<p style=\"text-align: justify;\"><em>Kad se du\u0161a stane uspinjati k Bogu, srce se sve vi\u0161e otvara i\u00a0\u010de\u017enja raste, a onda i potreba za izrazom i za stalnim boravi\u0161tem u\u00a0ozra\u010dju njegove sigurnosti. Tad dolazi do me\u0111usobnog pro\u017eimanja\u00a0<\/em><em>Boga i \u010dovjeka, Stvoritelja i stvorenja&#8230;<\/em><\/p>\n<p><em>Netko \u0107e zapitati: Kako se to zove? Jednostavno, to se zove\u00a0ljubav i potreba \u010dovjeka za njom. To se dade naslutiti i iz naslova\u00a0ove knjige \u201eLjubi Ljubav, du\u0161o moja\u201c.<\/em><\/p>\n<p><em>U susretu s Ljubavlju, koja je Bog, Mara dobiva potrebu opjevati\u00a0svoju vjeru, i tako nastaju njezine pjesme.\u00a0One govore o njezinoj du\u0161i koja je prona\u0161la ono za \u010dim traga\u00a0svaki \u010dovjek (svjesno ili nesvjesno).\u00a0U njima se prepoznaje tra\u017eenje i pronalazak, a od tra\u017eenja do\u00a0pronalaska imamo hod, pustinju, pla\u010d, osamljenost, pa i potrebu za\u00a0njom, suho\u0107u, rast, utjehu, iznena\u0111enje, slatko\u0107u, ushit, zagrljaj,\u00a0ljubav, smirenje. Tako se sla\u017eu izrazi u izri\u010daje du\u0161e, a Mara, evo, u svojoj zreloj\u00a0dobi, prepoznaje kako su to pjesme i molitve (u pjesmi) koje bi\u00a0\u017eeljela s drugima podijeliti.<\/em><\/p>\n<p><em>Iz pjesama je o\u010dito kako veliku ulogu u tom hodu i oblikovanju\u00a0njezine du\u0161e ima Marija, majka Isusova, koja je uvijek garant\u00a0pravovjernosti i ispravne duhovnosti. Naslu\u0107uje se tu jedna djetinja privr\u017eenost Gospi, i kao da se uporno, poput djete\u0161ca, dr\u017ei za njezine\u00a0skute: recimo u pjesmama \u201eMarija, moja mati\u201c; \u201eMarijo, moja\u00a0za\u0161tito!\u201c; \u201eMarijo, milo moje!\u201c.<\/em><\/p>\n<p><em>Tako\u0111er se prepoznaje jedna bliskost izme\u0111u \u017eivljene vjere i\u00a0ljubavi, kao i svijest autorice o tome \u0161to je \u010dovjek (ona sama) bez\u00a0Boga, kao recimo u pjesmi \u201e\u0160to sam ja bez tebe, Bo\u017ee\u201c. Ona tako<\/em><br \/><em>izra\u017eava svoju radost zbog pripadnosti i potrebu sjedinjenja sa svojim\u00a0Bogom, toliko da ima potrebu utopiti se u njemu, kao u pjesmama:\u00a0\u201eBo\u017ee moj\u201c, \u201eBo\u017ee, pripadam tebi\u201c itd.<\/em><\/p>\n<p><em>Kad osje\u0107a potrebu za sigurno\u0161\u0107u i za\u0161titom, iz one bliskosti,\u00a0nastaju i pjesme pouzdanja u Boga, pjesme koje postaju Marina\u00a0molitva pouzdanja, sigurnosti i za\u0161tite pred silama zla, kao npr.\u00a0\u201eUstani, Bo\u017ee Jakovljev\u201c.<\/em><\/p>\n<p><em>Za Maru Bog postaje sve, u svemu ga prepoznaje, npr. \u201eMoj\u00a0Bog\u201c. On je tako za njezinu du\u0161u izvor, sunce, zvijezda, mjesec,\u00a0vjetar, li\u0161\u0107e, more, val, radost, snaga, srce. Sve \u0161to ima u stvorenome<\/em><br \/><em>prepoznaje u Stvoritelju.<\/em><\/p>\n<p><em>Pronalaskom Boga \u010dovjek ima sve, to je ono \u0161to nam poru\u010duje\u00a0Mara u svojim pjesmama, koje su poetsko svjedo\u010denje do\u017eivljenih\u00a0osje\u0107aja vjerni\u010dke du\u0161e. One su tako zgodna meditacija i molitva i<\/em><br \/><em>poticaj svakom iskreno tra\u017ee\u0107em srcu. Zato iskreno preporu\u010dujem\u00a0ovu knjigu pjesama prekrasne lepr\u0161avosti i prozra\u010dnosti.<\/em><\/p>\n<p style=\"text-align: justify;\">&#8211; o. Petar Gali\u0107, OP<\/p>\n<p style=\"text-align: justify;\"><strong>Bilje\u0161ka o autorici:<\/strong> <\/p>\n<p>Ro\u0111ena 22.08.1962. godine u Br\u0161tanovu.<\/p>\n<p><strong>Naslov:<\/strong> Ljubi Ljubav, du\u0161o moja<br \/><strong>Autorica:<\/strong> Mara Radanovi\u0107<br \/><strong>Broj stranica:<\/strong> 142<br \/><strong>Nakladnik:<\/strong> REDAK<br \/><strong>Godina izdanja:<\/strong> 2018<br \/><strong>ISBN:<\/strong> 978-953-336-450-6\u00a0<br \/><strong>Tisak:<\/strong> digitalni tisak knjiga &#8211; print na zahtjev<\/p>\n<hr \/>\n<p style=\"text-align: justify;\"><strong>Kako naru\u010diti knjigu?\u00a0<\/strong>Proces online kupovine jednako funkcionira za sve kupce, s jedinom razlikom u tome \u0161to \u0161to kupci iz inozemstva za podru\u010dje dostave moraju odabrati &#8220;Europa&#8221; ili &#8220;Ostale zemlje svijeta&#8221;, a za vrstu pla\u0107anja WSPay (kreditna kartica) ili Virmanom (bankovni transfer).<\/p>\n<p style=\"text-align: justify;\">Molimo kliknite ovdje za\u00a0<a href=\"hr\/kako-kupovati\" target=\"_blank\" rel=\"noopener noreferrer\">detaljni vodi\u010d kroz proces narud\u017ebe<\/a>\u00a0ili nas\u00a0<a href=\"hr\/kontakt\" target=\"_blank\" rel=\"noopener noreferrer\">kontaktirajte<\/a>\u00a0za vi\u0161e informacija.<\/p>\n","protected":false},"excerpt":{"rendered":"<p>Sa\u017eetak: Rije\u010di govore o \u010dovjeku, pjesme o du\u0161i,\u00a0djela o \u017eivotu&#8230; Kad se du\u0161a stane uspinjati k Bogu, srce se sve vi\u0161e otvara i\u00a0\u010de\u017enja raste, a onda i potreba za izrazom i za stalnim boravi\u0161tem u\u00a0ozra\u010dju njegove sigurnosti. Tad dolazi do me\u0111usobnog pro\u017eimanja\u00a0Boga i \u010dovjeka, Stvoritelja i stvorenja&#8230; Netko \u0107e zapitati: Kako se to zove? Jednostavno, [&hellip;]<\/p>\n","protected":false},"featured_media":8744,"comment_status":"open","ping_status":"closed","template":"","meta":{"_acf_changed":false},"product_brand":[],"product_cat":[1383,1385,1388],"product_tag":[],"class_list":{"0":"post-8743","1":"product","2":"type-product","3":"status-publish","4":"has-post-thumbnail","6":"product_cat-knjige","7":"product_cat-knjizevnost","8":"product_cat-poezija","9":"pa_autor-mara-radanovic","10":"pa_nakladnik-redak","12":"first","13":"instock","14":"shipping-taxable","15":"purchasable","16":"product-type-simple"},"acf":[],"yoast_head":"<!-- This site is optimized with the Yoast SEO plugin v27.3 - https:\/\/yoast.com\/product\/yoast-seo-wordpress\/ -->\n<title>LJUBI LJUBAV, DU\u0160O MOJA, Mara Radanovi\u0107 - Web-knji\u017eara<\/title>\n<meta name=\"robots\" content=\"index, follow, max-snippet:-1, max-image-preview:large, max-video-preview:-1\" \/>\n<link rel=\"canonical\" href=\"https:\/\/webknjizara.hr\/proizvod\/ljubi-ljubav-duso-moja-mara-radanovic\/\" \/>\n<meta property=\"og:locale\" content=\"en_US\" \/>\n<meta property=\"og:type\" content=\"article\" \/>\n<meta property=\"og:title\" content=\"LJUBI LJUBAV, DU\u0160O MOJA, Mara Radanovi\u0107 - Web-knji\u017eara\" \/>\n<meta property=\"og:description\" content=\"Sa\u017eetak: Rije\u010di govore o \u010dovjeku, pjesme o du\u0161i,\u00a0djela o \u017eivotu&#8230; Kad se du\u0161a stane uspinjati k Bogu, srce se sve vi\u0161e otvara i\u00a0\u010de\u017enja raste, a onda i potreba za izrazom i za stalnim boravi\u0161tem u\u00a0ozra\u010dju njegove sigurnosti. Tad dolazi do me\u0111usobnog pro\u017eimanja\u00a0Boga i \u010dovjeka, Stvoritelja i stvorenja&#8230; Netko \u0107e zapitati: Kako se to zove? Jednostavno, [&hellip;]\" \/>\n<meta property=\"og:url\" content=\"https:\/\/webknjizara.hr\/proizvod\/ljubi-ljubav-duso-moja-mara-radanovic\/\" \/>\n<meta property=\"og:site_name\" content=\"Web-knji\u017eara\" \/>\n<meta property=\"article:modified_time\" content=\"2023-02-26T23:17:27+00:00\" \/>\n<meta property=\"og:image\" content=\"https:\/\/webknjizara.hr\/wp-content\/uploads\/nc\/images\/virtuemart\/product\/web-naslovnica-Radanovic-300x419.jpg\" \/>\n\t<meta property=\"og:image:width\" content=\"300\" \/>\n\t<meta property=\"og:image:height\" content=\"419\" \/>\n\t<meta property=\"og:image:type\" content=\"image\/jpeg\" \/>\n<meta name=\"twitter:card\" content=\"summary_large_image\" \/>\n<meta name=\"twitter:label1\" content=\"Est. reading time\" \/>\n\t<meta name=\"twitter:data1\" content=\"3 minutes\" \/>\n<script type=\"application\/ld+json\" class=\"yoast-schema-graph\">{\"@context\":\"https:\\\/\\\/schema.org\",\"@graph\":[{\"@type\":\"WebPage\",\"@id\":\"https:\\\/\\\/webknjizara.hr\\\/proizvod\\\/ljubi-ljubav-duso-moja-mara-radanovic\\\/\",\"url\":\"https:\\\/\\\/webknjizara.hr\\\/proizvod\\\/ljubi-ljubav-duso-moja-mara-radanovic\\\/\",\"name\":\"LJUBI LJUBAV, DU\u0160O MOJA, Mara Radanovi\u0107 - Web-knji\u017eara\",\"isPartOf\":{\"@id\":\"https:\\\/\\\/webknjizara.hr\\\/#website\"},\"primaryImageOfPage\":{\"@id\":\"https:\\\/\\\/webknjizara.hr\\\/proizvod\\\/ljubi-ljubav-duso-moja-mara-radanovic\\\/#primaryimage\"},\"image\":{\"@id\":\"https:\\\/\\\/webknjizara.hr\\\/proizvod\\\/ljubi-ljubav-duso-moja-mara-radanovic\\\/#primaryimage\"},\"thumbnailUrl\":\"https:\\\/\\\/webknjizara.hr\\\/wp-content\\\/uploads\\\/nc\\\/images\\\/virtuemart\\\/product\\\/web-naslovnica-Radanovic-300x419.jpg\",\"datePublished\":\"2018-04-25T21:49:38+00:00\",\"dateModified\":\"2023-02-26T23:17:27+00:00\",\"breadcrumb\":{\"@id\":\"https:\\\/\\\/webknjizara.hr\\\/proizvod\\\/ljubi-ljubav-duso-moja-mara-radanovic\\\/#breadcrumb\"},\"inLanguage\":\"en-US\",\"potentialAction\":[{\"@type\":\"ReadAction\",\"target\":[\"https:\\\/\\\/webknjizara.hr\\\/proizvod\\\/ljubi-ljubav-duso-moja-mara-radanovic\\\/\"]}]},{\"@type\":\"ImageObject\",\"inLanguage\":\"en-US\",\"@id\":\"https:\\\/\\\/webknjizara.hr\\\/proizvod\\\/ljubi-ljubav-duso-moja-mara-radanovic\\\/#primaryimage\",\"url\":\"https:\\\/\\\/webknjizara.hr\\\/wp-content\\\/uploads\\\/nc\\\/images\\\/virtuemart\\\/product\\\/web-naslovnica-Radanovic-300x419.jpg\",\"contentUrl\":\"https:\\\/\\\/webknjizara.hr\\\/wp-content\\\/uploads\\\/nc\\\/images\\\/virtuemart\\\/product\\\/web-naslovnica-Radanovic-300x419.jpg\",\"width\":300,\"height\":419,\"caption\":\"LJUBI LJUBAV, DU\u0160O MOJA, Mara Radanovi\u0107\"},{\"@type\":\"BreadcrumbList\",\"@id\":\"https:\\\/\\\/webknjizara.hr\\\/proizvod\\\/ljubi-ljubav-duso-moja-mara-radanovic\\\/#breadcrumb\",\"itemListElement\":[{\"@type\":\"ListItem\",\"position\":1,\"name\":\"Po\u010detna stranica\",\"item\":\"https:\\\/\\\/webknjizara.hr\\\/en\\\/\"},{\"@type\":\"ListItem\",\"position\":2,\"name\":\"Shop\",\"item\":\"https:\\\/\\\/webknjizara.hr\\\/shop\\\/\"},{\"@type\":\"ListItem\",\"position\":3,\"name\":\"LJUBI LJUBAV, DU\u0160O MOJA, Mara Radanovi\u0107\"}]},{\"@type\":\"WebSite\",\"@id\":\"https:\\\/\\\/webknjizara.hr\\\/#website\",\"url\":\"https:\\\/\\\/webknjizara.hr\\\/\",\"name\":\"Web Knji\u017eara\",\"description\":\"\",\"publisher\":{\"@id\":\"https:\\\/\\\/webknjizara.hr\\\/#organization\"},\"potentialAction\":[{\"@type\":\"SearchAction\",\"target\":{\"@type\":\"EntryPoint\",\"urlTemplate\":\"https:\\\/\\\/webknjizara.hr\\\/?s={search_term_string}\"},\"query-input\":{\"@type\":\"PropertyValueSpecification\",\"valueRequired\":true,\"valueName\":\"search_term_string\"}}],\"inLanguage\":\"en-US\"},{\"@type\":\"Organization\",\"@id\":\"https:\\\/\\\/webknjizara.hr\\\/#organization\",\"name\":\"REDAK D.O.O.\",\"url\":\"https:\\\/\\\/webknjizara.hr\\\/\",\"logo\":{\"@type\":\"ImageObject\",\"inLanguage\":\"en-US\",\"@id\":\"https:\\\/\\\/webknjizara.hr\\\/#\\\/schema\\\/logo\\\/image\\\/\",\"url\":\"https:\\\/\\\/webknjizara.hr\\\/wp-content\\\/uploads\\\/2023\\\/01\\\/web-knjizara-logo.webp\",\"contentUrl\":\"https:\\\/\\\/webknjizara.hr\\\/wp-content\\\/uploads\\\/2023\\\/01\\\/web-knjizara-logo.webp\",\"width\":324,\"height\":79,\"caption\":\"REDAK D.O.O.\"},\"image\":{\"@id\":\"https:\\\/\\\/webknjizara.hr\\\/#\\\/schema\\\/logo\\\/image\\\/\"}}]}<\/script>\n<!-- \/ Yoast SEO plugin. -->","yoast_head_json":{"title":"LJUBI LJUBAV, DU\u0160O MOJA, Mara Radanovi\u0107 - Web-knji\u017eara","robots":{"index":"index","follow":"follow","max-snippet":"max-snippet:-1","max-image-preview":"max-image-preview:large","max-video-preview":"max-video-preview:-1"},"canonical":"https:\/\/webknjizara.hr\/proizvod\/ljubi-ljubav-duso-moja-mara-radanovic\/","og_locale":"en_US","og_type":"article","og_title":"LJUBI LJUBAV, DU\u0160O MOJA, Mara Radanovi\u0107 - Web-knji\u017eara","og_description":"Sa\u017eetak: Rije\u010di govore o \u010dovjeku, pjesme o du\u0161i,\u00a0djela o \u017eivotu&#8230; Kad se du\u0161a stane uspinjati k Bogu, srce se sve vi\u0161e otvara i\u00a0\u010de\u017enja raste, a onda i potreba za izrazom i za stalnim boravi\u0161tem u\u00a0ozra\u010dju njegove sigurnosti. Tad dolazi do me\u0111usobnog pro\u017eimanja\u00a0Boga i \u010dovjeka, Stvoritelja i stvorenja&#8230; Netko \u0107e zapitati: Kako se to zove? Jednostavno, [&hellip;]","og_url":"https:\/\/webknjizara.hr\/proizvod\/ljubi-ljubav-duso-moja-mara-radanovic\/","og_site_name":"Web-knji\u017eara","article_modified_time":"2023-02-26T23:17:27+00:00","og_image":[{"width":300,"height":419,"url":"https:\/\/webknjizara.hr\/wp-content\/uploads\/nc\/images\/virtuemart\/product\/web-naslovnica-Radanovic-300x419.jpg","type":"image\/jpeg"}],"twitter_card":"summary_large_image","twitter_misc":{"Est. reading time":"3 minutes"},"schema":{"@context":"https:\/\/schema.org","@graph":[{"@type":"WebPage","@id":"https:\/\/webknjizara.hr\/proizvod\/ljubi-ljubav-duso-moja-mara-radanovic\/","url":"https:\/\/webknjizara.hr\/proizvod\/ljubi-ljubav-duso-moja-mara-radanovic\/","name":"LJUBI LJUBAV, DU\u0160O MOJA, Mara Radanovi\u0107 - Web-knji\u017eara","isPartOf":{"@id":"https:\/\/webknjizara.hr\/#website"},"primaryImageOfPage":{"@id":"https:\/\/webknjizara.hr\/proizvod\/ljubi-ljubav-duso-moja-mara-radanovic\/#primaryimage"},"image":{"@id":"https:\/\/webknjizara.hr\/proizvod\/ljubi-ljubav-duso-moja-mara-radanovic\/#primaryimage"},"thumbnailUrl":"https:\/\/webknjizara.hr\/wp-content\/uploads\/nc\/images\/virtuemart\/product\/web-naslovnica-Radanovic-300x419.jpg","datePublished":"2018-04-25T21:49:38+00:00","dateModified":"2023-02-26T23:17:27+00:00","breadcrumb":{"@id":"https:\/\/webknjizara.hr\/proizvod\/ljubi-ljubav-duso-moja-mara-radanovic\/#breadcrumb"},"inLanguage":"en-US","potentialAction":[{"@type":"ReadAction","target":["https:\/\/webknjizara.hr\/proizvod\/ljubi-ljubav-duso-moja-mara-radanovic\/"]}]},{"@type":"ImageObject","inLanguage":"en-US","@id":"https:\/\/webknjizara.hr\/proizvod\/ljubi-ljubav-duso-moja-mara-radanovic\/#primaryimage","url":"https:\/\/webknjizara.hr\/wp-content\/uploads\/nc\/images\/virtuemart\/product\/web-naslovnica-Radanovic-300x419.jpg","contentUrl":"https:\/\/webknjizara.hr\/wp-content\/uploads\/nc\/images\/virtuemart\/product\/web-naslovnica-Radanovic-300x419.jpg","width":300,"height":419,"caption":"LJUBI LJUBAV, DU\u0160O MOJA, Mara Radanovi\u0107"},{"@type":"BreadcrumbList","@id":"https:\/\/webknjizara.hr\/proizvod\/ljubi-ljubav-duso-moja-mara-radanovic\/#breadcrumb","itemListElement":[{"@type":"ListItem","position":1,"name":"Po\u010detna stranica","item":"https:\/\/webknjizara.hr\/en\/"},{"@type":"ListItem","position":2,"name":"Shop","item":"https:\/\/webknjizara.hr\/shop\/"},{"@type":"ListItem","position":3,"name":"LJUBI LJUBAV, DU\u0160O MOJA, Mara Radanovi\u0107"}]},{"@type":"WebSite","@id":"https:\/\/webknjizara.hr\/#website","url":"https:\/\/webknjizara.hr\/","name":"Web Knji\u017eara","description":"","publisher":{"@id":"https:\/\/webknjizara.hr\/#organization"},"potentialAction":[{"@type":"SearchAction","target":{"@type":"EntryPoint","urlTemplate":"https:\/\/webknjizara.hr\/?s={search_term_string}"},"query-input":{"@type":"PropertyValueSpecification","valueRequired":true,"valueName":"search_term_string"}}],"inLanguage":"en-US"},{"@type":"Organization","@id":"https:\/\/webknjizara.hr\/#organization","name":"REDAK D.O.O.","url":"https:\/\/webknjizara.hr\/","logo":{"@type":"ImageObject","inLanguage":"en-US","@id":"https:\/\/webknjizara.hr\/#\/schema\/logo\/image\/","url":"https:\/\/webknjizara.hr\/wp-content\/uploads\/2023\/01\/web-knjizara-logo.webp","contentUrl":"https:\/\/webknjizara.hr\/wp-content\/uploads\/2023\/01\/web-knjizara-logo.webp","width":324,"height":79,"caption":"REDAK D.O.O."},"image":{"@id":"https:\/\/webknjizara.hr\/#\/schema\/logo\/image\/"}}]}},"_links":{"self":[{"href":"https:\/\/webknjizara.hr\/en\/wp-json\/wp\/v2\/product\/8743","targetHints":{"allow":["GET"]}}],"collection":[{"href":"https:\/\/webknjizara.hr\/en\/wp-json\/wp\/v2\/product"}],"about":[{"href":"https:\/\/webknjizara.hr\/en\/wp-json\/wp\/v2\/types\/product"}],"replies":[{"embeddable":true,"href":"https:\/\/webknjizara.hr\/en\/wp-json\/wp\/v2\/comments?post=8743"}],"wp:featuredmedia":[{"embeddable":true,"href":"https:\/\/webknjizara.hr\/en\/wp-json\/wp\/v2\/media\/8744"}],"wp:attachment":[{"href":"https:\/\/webknjizara.hr\/en\/wp-json\/wp\/v2\/media?parent=8743"}],"wp:term":[{"taxonomy":"product_brand","embeddable":true,"href":"https:\/\/webknjizara.hr\/en\/wp-json\/wp\/v2\/product_brand?post=8743"},{"taxonomy":"product_cat","embeddable":true,"href":"https:\/\/webknjizara.hr\/en\/wp-json\/wp\/v2\/product_cat?post=8743"},{"taxonomy":"product_tag","embeddable":true,"href":"https:\/\/webknjizara.hr\/en\/wp-json\/wp\/v2\/product_tag?post=8743"}],"curies":[{"name":"wp","href":"https:\/\/api.w.org\/{rel}","templated":true}]}}