{"id":8739,"date":"2018-04-20T02:33:58","date_gmt":"2018-04-20T02:33:58","guid":{"rendered":"https:\/\/webknjizara.hr\/?product=cetiri-carobne-rijeci-marica-zanetic-malenica"},"modified":"2023-02-27T00:17:26","modified_gmt":"2023-02-26T23:17:26","slug":"cetiri-carobne-rijeci-marica-zanetic-malenica","status":"publish","type":"product","link":"https:\/\/webknjizara.hr\/en\/proizvod\/cetiri-carobne-rijeci-marica-zanetic-malenica\/","title":{"rendered":"\u010cETIRI \u010cAROBNE RIJE\u010cI, Marica \u017daneti\u0107 Malenica"},"content":{"rendered":"<p style=\"text-align: justify;\"><strong>Sa\u017eetak:<\/strong> <\/p>\n<p>U knjizi je objavljeno 45 pjesama namijenjenih djeci vi\u0161e vrti\u010dke dobi te ni\u017eih razreda osnovne \u0161kole, u kojima baka Marica progovara iz perspektive svoje unuke Eve. Veseli su to, rimovani, dje\u010djom za\u010du\u0111eno\u0161\u0107u i bezazleno\u0161\u0107u obojeni stihovi, koji kao da rastu s djevoj\u010dicom i njezinim spoznavanjem svijeta oko sebe. Pjesme obuhva\u0107aju cijelu lepezu do\u017eivljaja koji obilje\u017eavaju dijete i njegovo djetinjstvo, od velikog \u010du\u0111enja samim dolaskom na ovaj svijet pa do optimisti\u010dnog do\u017eivljaja po\u010detka \u0161kolovanja. Pjesme su to u kojima \u0107utimo kako dijete raste \u2013 u \u010dudu, ljepoti i brojnim pitanjima. Humor i zaigranost, tako svojstvena i potrebna svakom djetetu, progovara iz ovih stihova i iskri djetinjom naivno\u0161\u0107u i jednostavno\u0161\u0107u. Zaigrani su to stihovi koji bi ponekad, ba\u0161 poput svakog djeteta, isko\u010dili iz zadane rime.<\/p>\n<p>Zbirka pjesama ilustrirana je crte\u017eima sedmogodi\u0161nje unuke Eve.<\/p>\n<p><strong>Bilje\u0161ka o autorici:<\/strong> <\/p>\n<p>Marica \u017daneti\u0107 Malenica je umirovljena novinarka, \u010dlanica ULKU \u201eVlaho Bukovac\u201c u Splitu. Pi\u0161e pjesme, prete\u017eno ljubavne, kao i one za djecu. <\/p>\n<p>Pi\u0161e i prozu, putopisne reporta\u017ee i kra\u0107e pri\u010de, a svoje radove objavljuje u on-line \u010dasopisu za knji\u017eevnost \u201eKvaka\u201c te na portalu HGB.<\/p>\n<p>Do sada je objavila zbirku ljubavnih pjesama \u201eDa je no\u0107as bilo\u201c (Redak, 2018), a neke pjesme i pri\u010de su joj uvr\u0161tene u razne zbornike.<\/p>\n<p style=\"text-align: justify;\"><strong>Klju\u010dne rije\u010di:<\/strong> Eva, djevoj\u010dica, baka, mama, tata, brat, vrti\u0107, \u0161kola&#8230;<\/p>\n<p style=\"text-align: justify;\"><strong>E-mail:\u00a0<\/strong> <a href=\"mailto:marica.zanetic@gmail.com\">Marica \u017daneti\u0107 Malenica<br \/><\/a><br \/><strong>Naslov:<\/strong> \u010cetiri \u010darobne rije\u010di<br \/><strong>Autor:<\/strong> Marica \u017daneti\u0107 Malenica<br \/><strong>Broj stranica:<\/strong> 104<br \/><strong>Nakladnik:<\/strong> ULKU \u201eVlaho Bukovac\u201c &#8211; Split<br \/><strong>Godina izdanja:<\/strong> 2018.<br \/><strong>Tisak:<\/strong> digitalni tisak knjiga &#8211; print na zahtjev\u00a0<\/p>\n<hr \/>\n<p style=\"text-align: justify;\"><strong>Kako naru\u010diti knjigu?\u00a0<\/strong>Proces online kupovine jednako funkcionira za sve kupce, s jedinom razlikom u tome \u0161to \u0161to kupci iz inozemstva za podru\u010dje dostave moraju odabrati &#8220;Europa&#8221; ili &#8220;Ostale zemlje svijeta&#8221;, a za vrstu pla\u0107anja WSPay (kreditna kartica) ili Virmanom (bankovni transfer).<\/p>\n<p style=\"text-align: justify;\">Molimo kliknite ovdje za\u00a0<a href=\"hr\/kako-kupovati\" target=\"_blank\" rel=\"noopener noreferrer\">detaljni vodi\u010d kroz proces narud\u017ebe<\/a>\u00a0ili nas\u00a0<a href=\"hr\/kontakt\" target=\"_blank\" rel=\"noopener noreferrer\">kontaktirajte<\/a>\u00a0za vi\u0161e informacija.<\/p>\n","protected":false},"excerpt":{"rendered":"<p>Sa\u017eetak: U knjizi je objavljeno 45 pjesama namijenjenih djeci vi\u0161e vrti\u010dke dobi te ni\u017eih razreda osnovne \u0161kole, u kojima baka Marica progovara iz perspektive svoje unuke Eve. Veseli su to, rimovani, dje\u010djom za\u010du\u0111eno\u0161\u0107u i bezazleno\u0161\u0107u obojeni stihovi, koji kao da rastu s djevoj\u010dicom i njezinim spoznavanjem svijeta oko sebe. Pjesme obuhva\u0107aju cijelu lepezu do\u017eivljaja koji [&hellip;]<\/p>\n","protected":false},"featured_media":8740,"comment_status":"open","ping_status":"closed","template":"","meta":{"_acf_changed":false},"product_brand":[],"product_cat":[1383,1385,1388],"product_tag":[],"class_list":{"0":"post-8739","1":"product","2":"type-product","3":"status-publish","4":"has-post-thumbnail","6":"product_cat-knjige","7":"product_cat-knjizevnost","8":"product_cat-poezija","9":"pa_autor-marica-zanetic-malenica","10":"pa_nakladnik-ulku-vlaho-bukovac-split","12":"first","13":"instock","14":"shipping-taxable","15":"purchasable","16":"product-type-simple"},"acf":[],"yoast_head":"<!-- This site is optimized with the Yoast SEO plugin v27.3 - https:\/\/yoast.com\/product\/yoast-seo-wordpress\/ -->\n<title>\u010cETIRI \u010cAROBNE RIJE\u010cI, Marica \u017daneti\u0107 Malenica - Web-knji\u017eara<\/title>\n<meta name=\"robots\" content=\"index, follow, max-snippet:-1, max-image-preview:large, max-video-preview:-1\" \/>\n<link rel=\"canonical\" href=\"https:\/\/webknjizara.hr\/proizvod\/cetiri-carobne-rijeci-marica-zanetic-malenica\/\" \/>\n<meta property=\"og:locale\" content=\"en_US\" \/>\n<meta property=\"og:type\" content=\"article\" \/>\n<meta property=\"og:title\" content=\"\u010cETIRI \u010cAROBNE RIJE\u010cI, Marica \u017daneti\u0107 Malenica - Web-knji\u017eara\" \/>\n<meta property=\"og:description\" content=\"Sa\u017eetak: U knjizi je objavljeno 45 pjesama namijenjenih djeci vi\u0161e vrti\u010dke dobi te ni\u017eih razreda osnovne \u0161kole, u kojima baka Marica progovara iz perspektive svoje unuke Eve. Veseli su to, rimovani, dje\u010djom za\u010du\u0111eno\u0161\u0107u i bezazleno\u0161\u0107u obojeni stihovi, koji kao da rastu s djevoj\u010dicom i njezinim spoznavanjem svijeta oko sebe. Pjesme obuhva\u0107aju cijelu lepezu do\u017eivljaja koji [&hellip;]\" \/>\n<meta property=\"og:url\" content=\"https:\/\/webknjizara.hr\/proizvod\/cetiri-carobne-rijeci-marica-zanetic-malenica\/\" \/>\n<meta property=\"og:site_name\" content=\"Web-knji\u017eara\" \/>\n<meta property=\"article:modified_time\" content=\"2023-02-26T23:17:26+00:00\" \/>\n<meta property=\"og:image\" content=\"https:\/\/webknjizara.hr\/wp-content\/uploads\/nc\/images\/virtuemart\/product\/naslovnica-Cetiri-carobne-rijeci.jpg\" \/>\n\t<meta property=\"og:image:width\" content=\"573\" \/>\n\t<meta property=\"og:image:height\" content=\"800\" \/>\n\t<meta property=\"og:image:type\" content=\"image\/jpeg\" \/>\n<meta name=\"twitter:card\" content=\"summary_large_image\" \/>\n<meta name=\"twitter:label1\" content=\"Est. reading time\" \/>\n\t<meta name=\"twitter:data1\" content=\"2 minutes\" \/>\n<script type=\"application\/ld+json\" class=\"yoast-schema-graph\">{\"@context\":\"https:\\\/\\\/schema.org\",\"@graph\":[{\"@type\":\"WebPage\",\"@id\":\"https:\\\/\\\/webknjizara.hr\\\/proizvod\\\/cetiri-carobne-rijeci-marica-zanetic-malenica\\\/\",\"url\":\"https:\\\/\\\/webknjizara.hr\\\/proizvod\\\/cetiri-carobne-rijeci-marica-zanetic-malenica\\\/\",\"name\":\"\u010cETIRI \u010cAROBNE RIJE\u010cI, Marica \u017daneti\u0107 Malenica - Web-knji\u017eara\",\"isPartOf\":{\"@id\":\"https:\\\/\\\/webknjizara.hr\\\/#website\"},\"primaryImageOfPage\":{\"@id\":\"https:\\\/\\\/webknjizara.hr\\\/proizvod\\\/cetiri-carobne-rijeci-marica-zanetic-malenica\\\/#primaryimage\"},\"image\":{\"@id\":\"https:\\\/\\\/webknjizara.hr\\\/proizvod\\\/cetiri-carobne-rijeci-marica-zanetic-malenica\\\/#primaryimage\"},\"thumbnailUrl\":\"https:\\\/\\\/webknjizara.hr\\\/wp-content\\\/uploads\\\/nc\\\/images\\\/virtuemart\\\/product\\\/naslovnica-Cetiri-carobne-rijeci.jpg\",\"datePublished\":\"2018-04-20T02:33:58+00:00\",\"dateModified\":\"2023-02-26T23:17:26+00:00\",\"breadcrumb\":{\"@id\":\"https:\\\/\\\/webknjizara.hr\\\/proizvod\\\/cetiri-carobne-rijeci-marica-zanetic-malenica\\\/#breadcrumb\"},\"inLanguage\":\"en-US\",\"potentialAction\":[{\"@type\":\"ReadAction\",\"target\":[\"https:\\\/\\\/webknjizara.hr\\\/proizvod\\\/cetiri-carobne-rijeci-marica-zanetic-malenica\\\/\"]}]},{\"@type\":\"ImageObject\",\"inLanguage\":\"en-US\",\"@id\":\"https:\\\/\\\/webknjizara.hr\\\/proizvod\\\/cetiri-carobne-rijeci-marica-zanetic-malenica\\\/#primaryimage\",\"url\":\"https:\\\/\\\/webknjizara.hr\\\/wp-content\\\/uploads\\\/nc\\\/images\\\/virtuemart\\\/product\\\/naslovnica-Cetiri-carobne-rijeci.jpg\",\"contentUrl\":\"https:\\\/\\\/webknjizara.hr\\\/wp-content\\\/uploads\\\/nc\\\/images\\\/virtuemart\\\/product\\\/naslovnica-Cetiri-carobne-rijeci.jpg\",\"width\":573,\"height\":800,\"caption\":\"\u010cETIRI \u010cAROBNE RIJE\u010cI, Marica \u017daneti\u0107 Malenica\"},{\"@type\":\"BreadcrumbList\",\"@id\":\"https:\\\/\\\/webknjizara.hr\\\/proizvod\\\/cetiri-carobne-rijeci-marica-zanetic-malenica\\\/#breadcrumb\",\"itemListElement\":[{\"@type\":\"ListItem\",\"position\":1,\"name\":\"Po\u010detna stranica\",\"item\":\"https:\\\/\\\/webknjizara.hr\\\/en\\\/\"},{\"@type\":\"ListItem\",\"position\":2,\"name\":\"Shop\",\"item\":\"https:\\\/\\\/webknjizara.hr\\\/shop\\\/\"},{\"@type\":\"ListItem\",\"position\":3,\"name\":\"\u010cETIRI \u010cAROBNE RIJE\u010cI, Marica \u017daneti\u0107 Malenica\"}]},{\"@type\":\"WebSite\",\"@id\":\"https:\\\/\\\/webknjizara.hr\\\/#website\",\"url\":\"https:\\\/\\\/webknjizara.hr\\\/\",\"name\":\"Web Knji\u017eara\",\"description\":\"\",\"publisher\":{\"@id\":\"https:\\\/\\\/webknjizara.hr\\\/#organization\"},\"potentialAction\":[{\"@type\":\"SearchAction\",\"target\":{\"@type\":\"EntryPoint\",\"urlTemplate\":\"https:\\\/\\\/webknjizara.hr\\\/?s={search_term_string}\"},\"query-input\":{\"@type\":\"PropertyValueSpecification\",\"valueRequired\":true,\"valueName\":\"search_term_string\"}}],\"inLanguage\":\"en-US\"},{\"@type\":\"Organization\",\"@id\":\"https:\\\/\\\/webknjizara.hr\\\/#organization\",\"name\":\"REDAK D.O.O.\",\"url\":\"https:\\\/\\\/webknjizara.hr\\\/\",\"logo\":{\"@type\":\"ImageObject\",\"inLanguage\":\"en-US\",\"@id\":\"https:\\\/\\\/webknjizara.hr\\\/#\\\/schema\\\/logo\\\/image\\\/\",\"url\":\"https:\\\/\\\/webknjizara.hr\\\/wp-content\\\/uploads\\\/2023\\\/01\\\/web-knjizara-logo.webp\",\"contentUrl\":\"https:\\\/\\\/webknjizara.hr\\\/wp-content\\\/uploads\\\/2023\\\/01\\\/web-knjizara-logo.webp\",\"width\":324,\"height\":79,\"caption\":\"REDAK D.O.O.\"},\"image\":{\"@id\":\"https:\\\/\\\/webknjizara.hr\\\/#\\\/schema\\\/logo\\\/image\\\/\"}}]}<\/script>\n<!-- \/ Yoast SEO plugin. -->","yoast_head_json":{"title":"\u010cETIRI \u010cAROBNE RIJE\u010cI, Marica \u017daneti\u0107 Malenica - Web-knji\u017eara","robots":{"index":"index","follow":"follow","max-snippet":"max-snippet:-1","max-image-preview":"max-image-preview:large","max-video-preview":"max-video-preview:-1"},"canonical":"https:\/\/webknjizara.hr\/proizvod\/cetiri-carobne-rijeci-marica-zanetic-malenica\/","og_locale":"en_US","og_type":"article","og_title":"\u010cETIRI \u010cAROBNE RIJE\u010cI, Marica \u017daneti\u0107 Malenica - Web-knji\u017eara","og_description":"Sa\u017eetak: U knjizi je objavljeno 45 pjesama namijenjenih djeci vi\u0161e vrti\u010dke dobi te ni\u017eih razreda osnovne \u0161kole, u kojima baka Marica progovara iz perspektive svoje unuke Eve. Veseli su to, rimovani, dje\u010djom za\u010du\u0111eno\u0161\u0107u i bezazleno\u0161\u0107u obojeni stihovi, koji kao da rastu s djevoj\u010dicom i njezinim spoznavanjem svijeta oko sebe. Pjesme obuhva\u0107aju cijelu lepezu do\u017eivljaja koji [&hellip;]","og_url":"https:\/\/webknjizara.hr\/proizvod\/cetiri-carobne-rijeci-marica-zanetic-malenica\/","og_site_name":"Web-knji\u017eara","article_modified_time":"2023-02-26T23:17:26+00:00","og_image":[{"width":573,"height":800,"url":"https:\/\/webknjizara.hr\/wp-content\/uploads\/nc\/images\/virtuemart\/product\/naslovnica-Cetiri-carobne-rijeci.jpg","type":"image\/jpeg"}],"twitter_card":"summary_large_image","twitter_misc":{"Est. reading time":"2 minutes"},"schema":{"@context":"https:\/\/schema.org","@graph":[{"@type":"WebPage","@id":"https:\/\/webknjizara.hr\/proizvod\/cetiri-carobne-rijeci-marica-zanetic-malenica\/","url":"https:\/\/webknjizara.hr\/proizvod\/cetiri-carobne-rijeci-marica-zanetic-malenica\/","name":"\u010cETIRI \u010cAROBNE RIJE\u010cI, Marica \u017daneti\u0107 Malenica - Web-knji\u017eara","isPartOf":{"@id":"https:\/\/webknjizara.hr\/#website"},"primaryImageOfPage":{"@id":"https:\/\/webknjizara.hr\/proizvod\/cetiri-carobne-rijeci-marica-zanetic-malenica\/#primaryimage"},"image":{"@id":"https:\/\/webknjizara.hr\/proizvod\/cetiri-carobne-rijeci-marica-zanetic-malenica\/#primaryimage"},"thumbnailUrl":"https:\/\/webknjizara.hr\/wp-content\/uploads\/nc\/images\/virtuemart\/product\/naslovnica-Cetiri-carobne-rijeci.jpg","datePublished":"2018-04-20T02:33:58+00:00","dateModified":"2023-02-26T23:17:26+00:00","breadcrumb":{"@id":"https:\/\/webknjizara.hr\/proizvod\/cetiri-carobne-rijeci-marica-zanetic-malenica\/#breadcrumb"},"inLanguage":"en-US","potentialAction":[{"@type":"ReadAction","target":["https:\/\/webknjizara.hr\/proizvod\/cetiri-carobne-rijeci-marica-zanetic-malenica\/"]}]},{"@type":"ImageObject","inLanguage":"en-US","@id":"https:\/\/webknjizara.hr\/proizvod\/cetiri-carobne-rijeci-marica-zanetic-malenica\/#primaryimage","url":"https:\/\/webknjizara.hr\/wp-content\/uploads\/nc\/images\/virtuemart\/product\/naslovnica-Cetiri-carobne-rijeci.jpg","contentUrl":"https:\/\/webknjizara.hr\/wp-content\/uploads\/nc\/images\/virtuemart\/product\/naslovnica-Cetiri-carobne-rijeci.jpg","width":573,"height":800,"caption":"\u010cETIRI \u010cAROBNE RIJE\u010cI, Marica \u017daneti\u0107 Malenica"},{"@type":"BreadcrumbList","@id":"https:\/\/webknjizara.hr\/proizvod\/cetiri-carobne-rijeci-marica-zanetic-malenica\/#breadcrumb","itemListElement":[{"@type":"ListItem","position":1,"name":"Po\u010detna stranica","item":"https:\/\/webknjizara.hr\/en\/"},{"@type":"ListItem","position":2,"name":"Shop","item":"https:\/\/webknjizara.hr\/shop\/"},{"@type":"ListItem","position":3,"name":"\u010cETIRI \u010cAROBNE RIJE\u010cI, Marica \u017daneti\u0107 Malenica"}]},{"@type":"WebSite","@id":"https:\/\/webknjizara.hr\/#website","url":"https:\/\/webknjizara.hr\/","name":"Web Knji\u017eara","description":"","publisher":{"@id":"https:\/\/webknjizara.hr\/#organization"},"potentialAction":[{"@type":"SearchAction","target":{"@type":"EntryPoint","urlTemplate":"https:\/\/webknjizara.hr\/?s={search_term_string}"},"query-input":{"@type":"PropertyValueSpecification","valueRequired":true,"valueName":"search_term_string"}}],"inLanguage":"en-US"},{"@type":"Organization","@id":"https:\/\/webknjizara.hr\/#organization","name":"REDAK D.O.O.","url":"https:\/\/webknjizara.hr\/","logo":{"@type":"ImageObject","inLanguage":"en-US","@id":"https:\/\/webknjizara.hr\/#\/schema\/logo\/image\/","url":"https:\/\/webknjizara.hr\/wp-content\/uploads\/2023\/01\/web-knjizara-logo.webp","contentUrl":"https:\/\/webknjizara.hr\/wp-content\/uploads\/2023\/01\/web-knjizara-logo.webp","width":324,"height":79,"caption":"REDAK D.O.O."},"image":{"@id":"https:\/\/webknjizara.hr\/#\/schema\/logo\/image\/"}}]}},"_links":{"self":[{"href":"https:\/\/webknjizara.hr\/en\/wp-json\/wp\/v2\/product\/8739","targetHints":{"allow":["GET"]}}],"collection":[{"href":"https:\/\/webknjizara.hr\/en\/wp-json\/wp\/v2\/product"}],"about":[{"href":"https:\/\/webknjizara.hr\/en\/wp-json\/wp\/v2\/types\/product"}],"replies":[{"embeddable":true,"href":"https:\/\/webknjizara.hr\/en\/wp-json\/wp\/v2\/comments?post=8739"}],"wp:featuredmedia":[{"embeddable":true,"href":"https:\/\/webknjizara.hr\/en\/wp-json\/wp\/v2\/media\/8740"}],"wp:attachment":[{"href":"https:\/\/webknjizara.hr\/en\/wp-json\/wp\/v2\/media?parent=8739"}],"wp:term":[{"taxonomy":"product_brand","embeddable":true,"href":"https:\/\/webknjizara.hr\/en\/wp-json\/wp\/v2\/product_brand?post=8739"},{"taxonomy":"product_cat","embeddable":true,"href":"https:\/\/webknjizara.hr\/en\/wp-json\/wp\/v2\/product_cat?post=8739"},{"taxonomy":"product_tag","embeddable":true,"href":"https:\/\/webknjizara.hr\/en\/wp-json\/wp\/v2\/product_tag?post=8739"}],"curies":[{"name":"wp","href":"https:\/\/api.w.org\/{rel}","templated":true}]}}