{"id":8728,"date":"2018-04-03T17:03:03","date_gmt":"2018-04-03T17:03:03","guid":{"rendered":"https:\/\/webknjizara.hr\/?product=fpz-upravljanje-skladisnim-sustavima-crno-bijeli-tisak-prof-dr-sc-kristijan-rogic"},"modified":"2023-02-27T00:17:26","modified_gmt":"2023-02-26T23:17:26","slug":"fpz-upravljanje-skladisnim-sustavima-crno-bijeli-tisak-prof-dr-sc-kristijan-rogic-831","status":"publish","type":"product","link":"https:\/\/webknjizara.hr\/en\/proizvod\/fpz-upravljanje-skladisnim-sustavima-crno-bijeli-tisak-prof-dr-sc-kristijan-rogic-831\/","title":{"rendered":"FPZ &#8211; Upravljanje skladi\u0161nim sustavima &#8211; crno-bijeli tisak, prof. dr. sc. Kristijan Rogi\u0107"},"content":{"rendered":"<p style=\"text-align: justify;\"><strong>Sa\u017eetak:<\/strong> <\/p>\n<p>Ud\u017ebenik daje detaljan prikaz elemenata skladi\u0161nog sustava infrastrukture i opreme. Detaljno su obja\u0161njeni su skladi\u0161ni procesi prema vrsti i koncepciji skladi\u0161tenja i zna\u010dajkama robe. Obra\u0111ene su i metode odre\u0111ivanja lokacije skladi\u0161nog objekta te na\u010dini dimenzioniranja pojedinih dijelova skladi\u0161ta (prostor za pohranu robe, prijemna zona). Osim klasi\u010dnih sustava za pohranu robe, prikazani su i automatizirani sustavi za skladi\u0161tenje, njihove zna\u010dajke i na\u010dini dimenzioniranja.<\/p>\n<p style=\"text-align: justify;\"><strong>Bilje\u0161ka o autoru:<\/strong> <\/p>\n<p>Kristijan Rogi\u0107 ro\u0111en je 1969, u Rijeci. Na Fakultetu prometnih znanosti zaposlen je od 1998. Trenutno je redoviti profesor Sveu\u010dili\u0161ta i Zagrebu i predstojnik Zavoda za transportnu logistiku Fakulteta prometnih znanosti gdje je nositelj nekoliko stru\u010dnih kolegija. Autor je ve\u0107eg broja znanstvenih radova. Osim znanstvenog rada, aktivno sudjeluje u izradi stru\u010dnih i razvojnih projekata iz podru\u010dja logistike.<\/p>\n<p style=\"text-align: justify;\"><strong>Klju\u010dne rije\u010di:<\/strong> Skladi\u0161tenje, upravljanje skladi\u0161tima, skladi\u0161ni procesi, logistika<\/p>\n<p><strong>E-mail:\u00a0<\/strong> <a href=\"mailto:krogic@fpz.hr\">Kristijan Rogi\u0107<\/a><\/p>\n<p style=\"text-align: justify;\"><strong>Naslov:<\/strong> FPZ &#8211; Upravljanje skladi\u0161nim sustavima &#8211; tisak\u00a0crno-bijeli<br \/><strong>Autor:<\/strong> prof. dr. sc. Kristijan Rogi\u0107<br \/><strong>Broj stranica:<\/strong> 168<br \/><strong>Nakladnik:<\/strong> Fakultet prometnih znanosti Zagreb<br \/><strong>Godina izdanja:<\/strong> 2018.<br \/><strong>ISBN:<\/strong> 978-953-243-097-4<br \/><strong>Tisak:<\/strong> digitalni tisak knjiga &#8211; print na zahtjev\u00a0<\/p>\n<hr \/>\n<p style=\"text-align: justify;\"><strong>Kako naru\u010diti knjigu?\u00a0<\/strong>Proces online kupovine jednako funkcionira za sve kupce, s jedinom razlikom u tome \u0161to \u0161to kupci iz inozemstva za podru\u010dje dostave moraju odabrati &#8220;Europa&#8221; ili &#8220;Ostale zemlje svijeta&#8221;, a za vrstu pla\u0107anja WSPay (kreditna kartica) ili Virmanom (bankovni transfer).<\/p>\n<p style=\"text-align: justify;\">Molimo kliknite ovdje za\u00a0<a href=\"hr\/kako-kupovati\" target=\"_blank\" rel=\"noopener noreferrer\">detaljni vodi\u010d kroz proces narud\u017ebe<\/a>\u00a0ili nas\u00a0<a href=\"hr\/kontakt\" target=\"_blank\" rel=\"noopener noreferrer\">kontaktirajte<\/a>\u00a0za vi\u0161e informacija.<\/p>\n","protected":false},"excerpt":{"rendered":"<p>Sa\u017eetak: Ud\u017ebenik daje detaljan prikaz elemenata skladi\u0161nog sustava infrastrukture i opreme. Detaljno su obja\u0161njeni su skladi\u0161ni procesi prema vrsti i koncepciji skladi\u0161tenja i zna\u010dajkama robe. Obra\u0111ene su i metode odre\u0111ivanja lokacije skladi\u0161nog objekta te na\u010dini dimenzioniranja pojedinih dijelova skladi\u0161ta (prostor za pohranu robe, prijemna zona). Osim klasi\u010dnih sustava za pohranu robe, prikazani su i automatizirani [&hellip;]<\/p>\n","protected":false},"featured_media":8709,"comment_status":"open","ping_status":"closed","template":"","meta":{"_acf_changed":false},"product_brand":[],"product_cat":[1539],"product_tag":[],"class_list":{"0":"post-8728","1":"product","2":"type-product","3":"status-publish","4":"has-post-thumbnail","6":"product_cat-sveucilisni-udzbenici-i-prirucnici","7":"pa_autor-prof-dr-sc-kristijan-rogic","8":"pa_nakladnik-fakultet-prometnih-znanosti-zagreb","10":"first","11":"instock","12":"shipping-taxable","13":"purchasable","14":"product-type-simple"},"acf":[],"yoast_head":"<!-- This site is optimized with the Yoast SEO plugin v27.3 - https:\/\/yoast.com\/product\/yoast-seo-wordpress\/ -->\n<title>FPZ - Upravljanje skladi\u0161nim sustavima - crno-bijeli tisak, prof. dr. sc. Kristijan Rogi\u0107 - Web-knji\u017eara<\/title>\n<meta name=\"robots\" content=\"index, follow, max-snippet:-1, max-image-preview:large, max-video-preview:-1\" \/>\n<link rel=\"canonical\" href=\"https:\/\/webknjizara.hr\/proizvod\/fpz-upravljanje-skladisnim-sustavima-crno-bijeli-tisak-prof-dr-sc-kristijan-rogic-831\/\" \/>\n<meta property=\"og:locale\" content=\"en_US\" \/>\n<meta property=\"og:type\" content=\"article\" \/>\n<meta property=\"og:title\" content=\"FPZ - Upravljanje skladi\u0161nim sustavima - crno-bijeli tisak, prof. dr. sc. Kristijan Rogi\u0107 - Web-knji\u017eara\" \/>\n<meta property=\"og:description\" content=\"Sa\u017eetak: Ud\u017ebenik daje detaljan prikaz elemenata skladi\u0161nog sustava infrastrukture i opreme. Detaljno su obja\u0161njeni su skladi\u0161ni procesi prema vrsti i koncepciji skladi\u0161tenja i zna\u010dajkama robe. Obra\u0111ene su i metode odre\u0111ivanja lokacije skladi\u0161nog objekta te na\u010dini dimenzioniranja pojedinih dijelova skladi\u0161ta (prostor za pohranu robe, prijemna zona). Osim klasi\u010dnih sustava za pohranu robe, prikazani su i automatizirani [&hellip;]\" \/>\n<meta property=\"og:url\" content=\"https:\/\/webknjizara.hr\/proizvod\/fpz-upravljanje-skladisnim-sustavima-crno-bijeli-tisak-prof-dr-sc-kristijan-rogic-831\/\" \/>\n<meta property=\"og:site_name\" content=\"Web-knji\u017eara\" \/>\n<meta property=\"article:modified_time\" content=\"2023-02-26T23:17:26+00:00\" \/>\n<meta property=\"og:image\" content=\"https:\/\/webknjizara.hr\/wp-content\/uploads\/nc\/images\/virtuemart\/product\/web-naslovnica-upravljanje-skladisnim-sustavima-300x419.jpg\" \/>\n\t<meta property=\"og:image:width\" content=\"300\" \/>\n\t<meta property=\"og:image:height\" content=\"419\" \/>\n\t<meta property=\"og:image:type\" content=\"image\/jpeg\" \/>\n<meta name=\"twitter:card\" content=\"summary_large_image\" \/>\n<meta name=\"twitter:label1\" content=\"Est. reading time\" \/>\n\t<meta name=\"twitter:data1\" content=\"1 minute\" \/>\n<script type=\"application\/ld+json\" class=\"yoast-schema-graph\">{\"@context\":\"https:\\\/\\\/schema.org\",\"@graph\":[{\"@type\":\"WebPage\",\"@id\":\"https:\\\/\\\/webknjizara.hr\\\/proizvod\\\/fpz-upravljanje-skladisnim-sustavima-crno-bijeli-tisak-prof-dr-sc-kristijan-rogic-831\\\/\",\"url\":\"https:\\\/\\\/webknjizara.hr\\\/proizvod\\\/fpz-upravljanje-skladisnim-sustavima-crno-bijeli-tisak-prof-dr-sc-kristijan-rogic-831\\\/\",\"name\":\"FPZ - Upravljanje skladi\u0161nim sustavima - crno-bijeli tisak, prof. dr. sc. Kristijan Rogi\u0107 - Web-knji\u017eara\",\"isPartOf\":{\"@id\":\"https:\\\/\\\/webknjizara.hr\\\/#website\"},\"primaryImageOfPage\":{\"@id\":\"https:\\\/\\\/webknjizara.hr\\\/proizvod\\\/fpz-upravljanje-skladisnim-sustavima-crno-bijeli-tisak-prof-dr-sc-kristijan-rogic-831\\\/#primaryimage\"},\"image\":{\"@id\":\"https:\\\/\\\/webknjizara.hr\\\/proizvod\\\/fpz-upravljanje-skladisnim-sustavima-crno-bijeli-tisak-prof-dr-sc-kristijan-rogic-831\\\/#primaryimage\"},\"thumbnailUrl\":\"https:\\\/\\\/webknjizara.hr\\\/wp-content\\\/uploads\\\/nc\\\/images\\\/virtuemart\\\/product\\\/web-naslovnica-upravljanje-skladisnim-sustavima-300x419.jpg\",\"datePublished\":\"2018-04-03T17:03:03+00:00\",\"dateModified\":\"2023-02-26T23:17:26+00:00\",\"breadcrumb\":{\"@id\":\"https:\\\/\\\/webknjizara.hr\\\/proizvod\\\/fpz-upravljanje-skladisnim-sustavima-crno-bijeli-tisak-prof-dr-sc-kristijan-rogic-831\\\/#breadcrumb\"},\"inLanguage\":\"en-US\",\"potentialAction\":[{\"@type\":\"ReadAction\",\"target\":[\"https:\\\/\\\/webknjizara.hr\\\/proizvod\\\/fpz-upravljanje-skladisnim-sustavima-crno-bijeli-tisak-prof-dr-sc-kristijan-rogic-831\\\/\"]}]},{\"@type\":\"ImageObject\",\"inLanguage\":\"en-US\",\"@id\":\"https:\\\/\\\/webknjizara.hr\\\/proizvod\\\/fpz-upravljanje-skladisnim-sustavima-crno-bijeli-tisak-prof-dr-sc-kristijan-rogic-831\\\/#primaryimage\",\"url\":\"https:\\\/\\\/webknjizara.hr\\\/wp-content\\\/uploads\\\/nc\\\/images\\\/virtuemart\\\/product\\\/web-naslovnica-upravljanje-skladisnim-sustavima-300x419.jpg\",\"contentUrl\":\"https:\\\/\\\/webknjizara.hr\\\/wp-content\\\/uploads\\\/nc\\\/images\\\/virtuemart\\\/product\\\/web-naslovnica-upravljanje-skladisnim-sustavima-300x419.jpg\",\"width\":300,\"height\":419,\"caption\":\"FPZ - Upravljanje skladi\u0161nim sustavima - tisak u boji, prof. dr. sc. Kristijan Rogi\u0107\"},{\"@type\":\"BreadcrumbList\",\"@id\":\"https:\\\/\\\/webknjizara.hr\\\/proizvod\\\/fpz-upravljanje-skladisnim-sustavima-crno-bijeli-tisak-prof-dr-sc-kristijan-rogic-831\\\/#breadcrumb\",\"itemListElement\":[{\"@type\":\"ListItem\",\"position\":1,\"name\":\"Po\u010detna stranica\",\"item\":\"https:\\\/\\\/webknjizara.hr\\\/en\\\/\"},{\"@type\":\"ListItem\",\"position\":2,\"name\":\"Shop\",\"item\":\"https:\\\/\\\/webknjizara.hr\\\/shop\\\/\"},{\"@type\":\"ListItem\",\"position\":3,\"name\":\"FPZ &#8211; Upravljanje skladi\u0161nim sustavima &#8211; crno-bijeli tisak, prof. dr. sc. Kristijan Rogi\u0107\"}]},{\"@type\":\"WebSite\",\"@id\":\"https:\\\/\\\/webknjizara.hr\\\/#website\",\"url\":\"https:\\\/\\\/webknjizara.hr\\\/\",\"name\":\"Web Knji\u017eara\",\"description\":\"\",\"publisher\":{\"@id\":\"https:\\\/\\\/webknjizara.hr\\\/#organization\"},\"potentialAction\":[{\"@type\":\"SearchAction\",\"target\":{\"@type\":\"EntryPoint\",\"urlTemplate\":\"https:\\\/\\\/webknjizara.hr\\\/?s={search_term_string}\"},\"query-input\":{\"@type\":\"PropertyValueSpecification\",\"valueRequired\":true,\"valueName\":\"search_term_string\"}}],\"inLanguage\":\"en-US\"},{\"@type\":\"Organization\",\"@id\":\"https:\\\/\\\/webknjizara.hr\\\/#organization\",\"name\":\"REDAK D.O.O.\",\"url\":\"https:\\\/\\\/webknjizara.hr\\\/\",\"logo\":{\"@type\":\"ImageObject\",\"inLanguage\":\"en-US\",\"@id\":\"https:\\\/\\\/webknjizara.hr\\\/#\\\/schema\\\/logo\\\/image\\\/\",\"url\":\"https:\\\/\\\/webknjizara.hr\\\/wp-content\\\/uploads\\\/2023\\\/01\\\/web-knjizara-logo.webp\",\"contentUrl\":\"https:\\\/\\\/webknjizara.hr\\\/wp-content\\\/uploads\\\/2023\\\/01\\\/web-knjizara-logo.webp\",\"width\":324,\"height\":79,\"caption\":\"REDAK D.O.O.\"},\"image\":{\"@id\":\"https:\\\/\\\/webknjizara.hr\\\/#\\\/schema\\\/logo\\\/image\\\/\"}}]}<\/script>\n<!-- \/ Yoast SEO plugin. -->","yoast_head_json":{"title":"FPZ - Upravljanje skladi\u0161nim sustavima - crno-bijeli tisak, prof. dr. sc. Kristijan Rogi\u0107 - Web-knji\u017eara","robots":{"index":"index","follow":"follow","max-snippet":"max-snippet:-1","max-image-preview":"max-image-preview:large","max-video-preview":"max-video-preview:-1"},"canonical":"https:\/\/webknjizara.hr\/proizvod\/fpz-upravljanje-skladisnim-sustavima-crno-bijeli-tisak-prof-dr-sc-kristijan-rogic-831\/","og_locale":"en_US","og_type":"article","og_title":"FPZ - Upravljanje skladi\u0161nim sustavima - crno-bijeli tisak, prof. dr. sc. Kristijan Rogi\u0107 - Web-knji\u017eara","og_description":"Sa\u017eetak: Ud\u017ebenik daje detaljan prikaz elemenata skladi\u0161nog sustava infrastrukture i opreme. Detaljno su obja\u0161njeni su skladi\u0161ni procesi prema vrsti i koncepciji skladi\u0161tenja i zna\u010dajkama robe. Obra\u0111ene su i metode odre\u0111ivanja lokacije skladi\u0161nog objekta te na\u010dini dimenzioniranja pojedinih dijelova skladi\u0161ta (prostor za pohranu robe, prijemna zona). Osim klasi\u010dnih sustava za pohranu robe, prikazani su i automatizirani [&hellip;]","og_url":"https:\/\/webknjizara.hr\/proizvod\/fpz-upravljanje-skladisnim-sustavima-crno-bijeli-tisak-prof-dr-sc-kristijan-rogic-831\/","og_site_name":"Web-knji\u017eara","article_modified_time":"2023-02-26T23:17:26+00:00","og_image":[{"width":300,"height":419,"url":"https:\/\/webknjizara.hr\/wp-content\/uploads\/nc\/images\/virtuemart\/product\/web-naslovnica-upravljanje-skladisnim-sustavima-300x419.jpg","type":"image\/jpeg"}],"twitter_card":"summary_large_image","twitter_misc":{"Est. reading time":"1 minute"},"schema":{"@context":"https:\/\/schema.org","@graph":[{"@type":"WebPage","@id":"https:\/\/webknjizara.hr\/proizvod\/fpz-upravljanje-skladisnim-sustavima-crno-bijeli-tisak-prof-dr-sc-kristijan-rogic-831\/","url":"https:\/\/webknjizara.hr\/proizvod\/fpz-upravljanje-skladisnim-sustavima-crno-bijeli-tisak-prof-dr-sc-kristijan-rogic-831\/","name":"FPZ - Upravljanje skladi\u0161nim sustavima - crno-bijeli tisak, prof. dr. sc. Kristijan Rogi\u0107 - Web-knji\u017eara","isPartOf":{"@id":"https:\/\/webknjizara.hr\/#website"},"primaryImageOfPage":{"@id":"https:\/\/webknjizara.hr\/proizvod\/fpz-upravljanje-skladisnim-sustavima-crno-bijeli-tisak-prof-dr-sc-kristijan-rogic-831\/#primaryimage"},"image":{"@id":"https:\/\/webknjizara.hr\/proizvod\/fpz-upravljanje-skladisnim-sustavima-crno-bijeli-tisak-prof-dr-sc-kristijan-rogic-831\/#primaryimage"},"thumbnailUrl":"https:\/\/webknjizara.hr\/wp-content\/uploads\/nc\/images\/virtuemart\/product\/web-naslovnica-upravljanje-skladisnim-sustavima-300x419.jpg","datePublished":"2018-04-03T17:03:03+00:00","dateModified":"2023-02-26T23:17:26+00:00","breadcrumb":{"@id":"https:\/\/webknjizara.hr\/proizvod\/fpz-upravljanje-skladisnim-sustavima-crno-bijeli-tisak-prof-dr-sc-kristijan-rogic-831\/#breadcrumb"},"inLanguage":"en-US","potentialAction":[{"@type":"ReadAction","target":["https:\/\/webknjizara.hr\/proizvod\/fpz-upravljanje-skladisnim-sustavima-crno-bijeli-tisak-prof-dr-sc-kristijan-rogic-831\/"]}]},{"@type":"ImageObject","inLanguage":"en-US","@id":"https:\/\/webknjizara.hr\/proizvod\/fpz-upravljanje-skladisnim-sustavima-crno-bijeli-tisak-prof-dr-sc-kristijan-rogic-831\/#primaryimage","url":"https:\/\/webknjizara.hr\/wp-content\/uploads\/nc\/images\/virtuemart\/product\/web-naslovnica-upravljanje-skladisnim-sustavima-300x419.jpg","contentUrl":"https:\/\/webknjizara.hr\/wp-content\/uploads\/nc\/images\/virtuemart\/product\/web-naslovnica-upravljanje-skladisnim-sustavima-300x419.jpg","width":300,"height":419,"caption":"FPZ - Upravljanje skladi\u0161nim sustavima - tisak u boji, prof. dr. sc. Kristijan Rogi\u0107"},{"@type":"BreadcrumbList","@id":"https:\/\/webknjizara.hr\/proizvod\/fpz-upravljanje-skladisnim-sustavima-crno-bijeli-tisak-prof-dr-sc-kristijan-rogic-831\/#breadcrumb","itemListElement":[{"@type":"ListItem","position":1,"name":"Po\u010detna stranica","item":"https:\/\/webknjizara.hr\/en\/"},{"@type":"ListItem","position":2,"name":"Shop","item":"https:\/\/webknjizara.hr\/shop\/"},{"@type":"ListItem","position":3,"name":"FPZ &#8211; Upravljanje skladi\u0161nim sustavima &#8211; crno-bijeli tisak, prof. dr. sc. Kristijan Rogi\u0107"}]},{"@type":"WebSite","@id":"https:\/\/webknjizara.hr\/#website","url":"https:\/\/webknjizara.hr\/","name":"Web Knji\u017eara","description":"","publisher":{"@id":"https:\/\/webknjizara.hr\/#organization"},"potentialAction":[{"@type":"SearchAction","target":{"@type":"EntryPoint","urlTemplate":"https:\/\/webknjizara.hr\/?s={search_term_string}"},"query-input":{"@type":"PropertyValueSpecification","valueRequired":true,"valueName":"search_term_string"}}],"inLanguage":"en-US"},{"@type":"Organization","@id":"https:\/\/webknjizara.hr\/#organization","name":"REDAK D.O.O.","url":"https:\/\/webknjizara.hr\/","logo":{"@type":"ImageObject","inLanguage":"en-US","@id":"https:\/\/webknjizara.hr\/#\/schema\/logo\/image\/","url":"https:\/\/webknjizara.hr\/wp-content\/uploads\/2023\/01\/web-knjizara-logo.webp","contentUrl":"https:\/\/webknjizara.hr\/wp-content\/uploads\/2023\/01\/web-knjizara-logo.webp","width":324,"height":79,"caption":"REDAK D.O.O."},"image":{"@id":"https:\/\/webknjizara.hr\/#\/schema\/logo\/image\/"}}]}},"_links":{"self":[{"href":"https:\/\/webknjizara.hr\/en\/wp-json\/wp\/v2\/product\/8728","targetHints":{"allow":["GET"]}}],"collection":[{"href":"https:\/\/webknjizara.hr\/en\/wp-json\/wp\/v2\/product"}],"about":[{"href":"https:\/\/webknjizara.hr\/en\/wp-json\/wp\/v2\/types\/product"}],"replies":[{"embeddable":true,"href":"https:\/\/webknjizara.hr\/en\/wp-json\/wp\/v2\/comments?post=8728"}],"wp:featuredmedia":[{"embeddable":true,"href":"https:\/\/webknjizara.hr\/en\/wp-json\/wp\/v2\/media\/8709"}],"wp:attachment":[{"href":"https:\/\/webknjizara.hr\/en\/wp-json\/wp\/v2\/media?parent=8728"}],"wp:term":[{"taxonomy":"product_brand","embeddable":true,"href":"https:\/\/webknjizara.hr\/en\/wp-json\/wp\/v2\/product_brand?post=8728"},{"taxonomy":"product_cat","embeddable":true,"href":"https:\/\/webknjizara.hr\/en\/wp-json\/wp\/v2\/product_cat?post=8728"},{"taxonomy":"product_tag","embeddable":true,"href":"https:\/\/webknjizara.hr\/en\/wp-json\/wp\/v2\/product_tag?post=8728"}],"curies":[{"name":"wp","href":"https:\/\/api.w.org\/{rel}","templated":true}]}}