{"id":8724,"date":"2018-03-27T20:26:56","date_gmt":"2018-03-27T20:26:56","guid":{"rendered":"https:\/\/webknjizara.hr\/?product=mutno-more-marija-juracic"},"modified":"2023-02-27T00:17:25","modified_gmt":"2023-02-26T23:17:25","slug":"mutno-more-marija-juracic","status":"publish","type":"product","link":"https:\/\/webknjizara.hr\/en\/proizvod\/mutno-more-marija-juracic\/","title":{"rendered":"MUTNO MORE, Marija Jura\u010di\u0107"},"content":{"rendered":"<p style=\"text-align: justify;\"><strong>Sa\u017eetak:<\/strong> <\/p>\n<p><em>Roman Mutno more je \u010detvrti roman iz ciklusa romana o inspektorici Iki Ekl, \u017eeni neobi\u010dnog psiholo\u0161kog mozaika. Kada sa svjetionika Tanjuri\u0107a, koji je pretvoren u ugostiteljski objekt, nestane svjetioni\u010dar Josip Deli\u0107, inspektorica Ekl i njezin pomo\u0107nik Ninno Ritzi pokre\u0107u istragu koja se pretvara u opasnu avanturu. Pri\u010da je neobi\u010dna, zanimljiva, a podloga romana je tipi\u010dna, hrvatska dru\u0161tvena sredina s koje autorica vje\u0161to skida naslage kojima su prekrivene mnoge dru\u0161tvene devijacije i pred nas dovodi zanimljive likove koji na dovitljiv na\u010din pre\u017eivljavaju u nesigurnoj, mutnoj sredini.<\/em><\/p>\n<p>&#8211; Mihovila Pasari\u0107 Walner<\/p>\n<p><strong>Bilje\u0161ka o autorici:<\/strong> <\/p>\n<p>Marija Jura\u010di\u0107 je profesorica hrvatskog jezika i knji\u017eevnosti. Ve\u0107 \u0161estu godinu vodi Portal za objavu poezije &#8220;O\u010daravanje&#8221; koji je 2012. godine nominiran za izbor najboljih web portala u oblasti \u201cZnanost, obrazovanje,\u00a0\u00a0kultura\u201c.<\/p>\n<p>Urednica je dvadesetak poetskih zbirki, romana i pri\u010da raznih autora. Pi\u0161e \u010dlanke o jeziku, kriti\u010dke osvrte i eseje za nekoliko hrvatskih \u010dasopisa i knji\u017eevnih portala, a sura\u0111uje i sa crnogorskim \u010dasopisom i portalom za kulturu, knji\u017eevnost i dru\u0161tvene teme \u201eAvlija\u201c. U &#8220;Hrvatskom glasu Berlin&#8221; ima svoju stalnu rubriku za objavu humoreski &#8220;Iz druge perspektive&#8221;. Na Me\u0111unarodnom natje\u010daju humora i satire Kluba umjetni\u010dkih du\u0161a raspisanom u o\u017eujku 2017. godine njezina humoreska \u201cNema zime\u201c osvojila je prvo mjesto. Njen kriti\u010dki osvrt \u201eSestrica s jezera\u201c Gorana Tribusona u\u0161ao je u izbor za ZiN nagradu, kao i pri\u010da \u201eKrajem ljeta\u201c, a kratka pri\u010da \u201ePlovidba\u201c objavljena je u Ve\u010dernjem listu u okviru Ve\u010dernjakovog natje\u010daja za kratku pri\u010du \u201eRanko Marinkovi\u0107\u201c. Pjesme i kratke pri\u010de objavljene su joj u mnogim zbornicima i \u010dasopisima. Objavila je nekoliko zbirki pjesama i romana, od kojih su &#8220;Ljubav u Pompejima&#8221; i &#8220;Una&#8221; prevedeni na njema\u010dki jezik i objavljeni u ediciji Rediroma Verlag i na Amazonu. Posljednji roman <a href=\"https:\/\/webknjizara.hr\/knjige\/proza\/dronovi-furesti-ubojstvo-marija-juracic\" target=\"_blank\" rel=\"noopener noreferrer\">&#8220;Dronovi, fure\u0161ti, ubojstvo&#8221;<\/a> je 2017. godine zavr\u0161io na 26. od 50 mjesta na top listama hrvatskog romana.<\/p>\n<p style=\"text-align: justify;\"><strong>Klju\u010dne rije\u010di:<\/strong> Kriminalisti\u010dki roman<\/p>\n<p><strong>Link:\u00a0<\/strong> <a href=\"https:\/\/www.facebook.com\/ocarav\/\" target=\"_blank\" rel=\"noopener noreferrer\">https:\/\/www.facebook.com\/ocarav\/<\/a><br \/><strong>E-mail:\u00a0<\/strong> <a href=\"mailto:marijajuracic@net.hr\">Marija Jura\u010di\u0107<br \/><\/a><br \/><strong>Naslov:<\/strong> Mutno more<br \/><strong>Autorica:<\/strong> Marija Jura\u010di\u0107<br \/><strong>Broj stranica:<\/strong> 246<br \/><strong>Nakladnik:<\/strong> REDAK<br \/><strong>Godina izdanja:<\/strong> 2018.<br \/><strong>ISBN:<\/strong> 978-953-336-472-8<br \/><strong>Tisak:<\/strong> digitalni tisak knjiga &#8211; print na zahtjev\u00a0<\/p>\n<hr \/>\n<p style=\"text-align: justify;\"><strong>Kako naru\u010diti knjigu?\u00a0<\/strong>Proces online kupovine jednako funkcionira za sve kupce, s jedinom razlikom u tome \u0161to \u0161to kupci iz inozemstva za podru\u010dje dostave moraju odabrati &#8220;Europa&#8221; ili &#8220;Ostale zemlje svijeta&#8221;, a za vrstu pla\u0107anja WSPay (kreditna kartica) ili Virmanom (bankovni transfer).<\/p>\n<p style=\"text-align: justify;\">Molimo kliknite ovdje za\u00a0<a href=\"hr\/kako-kupovati\" target=\"_blank\" rel=\"noopener noreferrer\">detaljni vodi\u010d kroz proces narud\u017ebe<\/a>\u00a0ili nas\u00a0<a href=\"hr\/kontakt\" target=\"_blank\" rel=\"noopener noreferrer\">kontaktirajte<\/a>\u00a0za vi\u0161e informacija.<\/p>\n","protected":false},"excerpt":{"rendered":"<p>Sa\u017eetak: Roman Mutno more je \u010detvrti roman iz ciklusa romana o inspektorici Iki Ekl, \u017eeni neobi\u010dnog psiholo\u0161kog mozaika. Kada sa svjetionika Tanjuri\u0107a, koji je pretvoren u ugostiteljski objekt, nestane svjetioni\u010dar Josip Deli\u0107, inspektorica Ekl i njezin pomo\u0107nik Ninno Ritzi pokre\u0107u istragu koja se pretvara u opasnu avanturu. Pri\u010da je neobi\u010dna, zanimljiva, a podloga romana je [&hellip;]<\/p>\n","protected":false},"featured_media":8725,"comment_status":"open","ping_status":"closed","template":"","meta":{"_acf_changed":false},"product_brand":[],"product_cat":[1383,1385],"product_tag":[],"class_list":{"0":"post-8724","1":"product","2":"type-product","3":"status-publish","4":"has-post-thumbnail","6":"product_cat-knjige","7":"product_cat-knjizevnost","8":"pa_autor-marija-juracic","9":"pa_nakladnik-redak","11":"first","12":"instock","13":"shipping-taxable","14":"purchasable","15":"product-type-simple"},"acf":[],"yoast_head":"<!-- This site is optimized with the Yoast SEO plugin v27.3 - https:\/\/yoast.com\/product\/yoast-seo-wordpress\/ -->\n<title>MUTNO MORE, Marija Jura\u010di\u0107 - Web-knji\u017eara<\/title>\n<meta name=\"robots\" content=\"index, follow, max-snippet:-1, max-image-preview:large, max-video-preview:-1\" \/>\n<link rel=\"canonical\" href=\"https:\/\/webknjizara.hr\/proizvod\/mutno-more-marija-juracic\/\" \/>\n<meta property=\"og:locale\" content=\"en_US\" \/>\n<meta property=\"og:type\" content=\"article\" \/>\n<meta property=\"og:title\" content=\"MUTNO MORE, Marija Jura\u010di\u0107 - Web-knji\u017eara\" \/>\n<meta property=\"og:description\" content=\"Sa\u017eetak: Roman Mutno more je \u010detvrti roman iz ciklusa romana o inspektorici Iki Ekl, \u017eeni neobi\u010dnog psiholo\u0161kog mozaika. Kada sa svjetionika Tanjuri\u0107a, koji je pretvoren u ugostiteljski objekt, nestane svjetioni\u010dar Josip Deli\u0107, inspektorica Ekl i njezin pomo\u0107nik Ninno Ritzi pokre\u0107u istragu koja se pretvara u opasnu avanturu. Pri\u010da je neobi\u010dna, zanimljiva, a podloga romana je [&hellip;]\" \/>\n<meta property=\"og:url\" content=\"https:\/\/webknjizara.hr\/proizvod\/mutno-more-marija-juracic\/\" \/>\n<meta property=\"og:site_name\" content=\"Web-knji\u017eara\" \/>\n<meta property=\"article:modified_time\" content=\"2023-02-26T23:17:25+00:00\" \/>\n<meta property=\"og:image\" content=\"https:\/\/webknjizara.hr\/wp-content\/uploads\/nc\/images\/virtuemart\/product\/Naslovnica_juracic_mutno_more-300x419.jpg\" \/>\n\t<meta property=\"og:image:width\" content=\"300\" \/>\n\t<meta property=\"og:image:height\" content=\"419\" \/>\n\t<meta property=\"og:image:type\" content=\"image\/jpeg\" \/>\n<meta name=\"twitter:card\" content=\"summary_large_image\" \/>\n<meta name=\"twitter:label1\" content=\"Est. reading time\" \/>\n\t<meta name=\"twitter:data1\" content=\"2 minutes\" \/>\n<script type=\"application\/ld+json\" class=\"yoast-schema-graph\">{\"@context\":\"https:\\\/\\\/schema.org\",\"@graph\":[{\"@type\":\"WebPage\",\"@id\":\"https:\\\/\\\/webknjizara.hr\\\/proizvod\\\/mutno-more-marija-juracic\\\/\",\"url\":\"https:\\\/\\\/webknjizara.hr\\\/proizvod\\\/mutno-more-marija-juracic\\\/\",\"name\":\"MUTNO MORE, Marija Jura\u010di\u0107 - Web-knji\u017eara\",\"isPartOf\":{\"@id\":\"https:\\\/\\\/webknjizara.hr\\\/#website\"},\"primaryImageOfPage\":{\"@id\":\"https:\\\/\\\/webknjizara.hr\\\/proizvod\\\/mutno-more-marija-juracic\\\/#primaryimage\"},\"image\":{\"@id\":\"https:\\\/\\\/webknjizara.hr\\\/proizvod\\\/mutno-more-marija-juracic\\\/#primaryimage\"},\"thumbnailUrl\":\"https:\\\/\\\/webknjizara.hr\\\/wp-content\\\/uploads\\\/nc\\\/images\\\/virtuemart\\\/product\\\/Naslovnica_juracic_mutno_more-300x419.jpg\",\"datePublished\":\"2018-03-27T20:26:56+00:00\",\"dateModified\":\"2023-02-26T23:17:25+00:00\",\"breadcrumb\":{\"@id\":\"https:\\\/\\\/webknjizara.hr\\\/proizvod\\\/mutno-more-marija-juracic\\\/#breadcrumb\"},\"inLanguage\":\"en-US\",\"potentialAction\":[{\"@type\":\"ReadAction\",\"target\":[\"https:\\\/\\\/webknjizara.hr\\\/proizvod\\\/mutno-more-marija-juracic\\\/\"]}]},{\"@type\":\"ImageObject\",\"inLanguage\":\"en-US\",\"@id\":\"https:\\\/\\\/webknjizara.hr\\\/proizvod\\\/mutno-more-marija-juracic\\\/#primaryimage\",\"url\":\"https:\\\/\\\/webknjizara.hr\\\/wp-content\\\/uploads\\\/nc\\\/images\\\/virtuemart\\\/product\\\/Naslovnica_juracic_mutno_more-300x419.jpg\",\"contentUrl\":\"https:\\\/\\\/webknjizara.hr\\\/wp-content\\\/uploads\\\/nc\\\/images\\\/virtuemart\\\/product\\\/Naslovnica_juracic_mutno_more-300x419.jpg\",\"width\":300,\"height\":419,\"caption\":\"MUTNO MORE, Marija Jura\u010di\u0107\"},{\"@type\":\"BreadcrumbList\",\"@id\":\"https:\\\/\\\/webknjizara.hr\\\/proizvod\\\/mutno-more-marija-juracic\\\/#breadcrumb\",\"itemListElement\":[{\"@type\":\"ListItem\",\"position\":1,\"name\":\"Po\u010detna stranica\",\"item\":\"https:\\\/\\\/webknjizara.hr\\\/en\\\/\"},{\"@type\":\"ListItem\",\"position\":2,\"name\":\"Shop\",\"item\":\"https:\\\/\\\/webknjizara.hr\\\/shop\\\/\"},{\"@type\":\"ListItem\",\"position\":3,\"name\":\"MUTNO MORE, Marija Jura\u010di\u0107\"}]},{\"@type\":\"WebSite\",\"@id\":\"https:\\\/\\\/webknjizara.hr\\\/#website\",\"url\":\"https:\\\/\\\/webknjizara.hr\\\/\",\"name\":\"Web Knji\u017eara\",\"description\":\"\",\"publisher\":{\"@id\":\"https:\\\/\\\/webknjizara.hr\\\/#organization\"},\"potentialAction\":[{\"@type\":\"SearchAction\",\"target\":{\"@type\":\"EntryPoint\",\"urlTemplate\":\"https:\\\/\\\/webknjizara.hr\\\/?s={search_term_string}\"},\"query-input\":{\"@type\":\"PropertyValueSpecification\",\"valueRequired\":true,\"valueName\":\"search_term_string\"}}],\"inLanguage\":\"en-US\"},{\"@type\":\"Organization\",\"@id\":\"https:\\\/\\\/webknjizara.hr\\\/#organization\",\"name\":\"REDAK D.O.O.\",\"url\":\"https:\\\/\\\/webknjizara.hr\\\/\",\"logo\":{\"@type\":\"ImageObject\",\"inLanguage\":\"en-US\",\"@id\":\"https:\\\/\\\/webknjizara.hr\\\/#\\\/schema\\\/logo\\\/image\\\/\",\"url\":\"https:\\\/\\\/webknjizara.hr\\\/wp-content\\\/uploads\\\/2023\\\/01\\\/web-knjizara-logo.webp\",\"contentUrl\":\"https:\\\/\\\/webknjizara.hr\\\/wp-content\\\/uploads\\\/2023\\\/01\\\/web-knjizara-logo.webp\",\"width\":324,\"height\":79,\"caption\":\"REDAK D.O.O.\"},\"image\":{\"@id\":\"https:\\\/\\\/webknjizara.hr\\\/#\\\/schema\\\/logo\\\/image\\\/\"}}]}<\/script>\n<!-- \/ Yoast SEO plugin. -->","yoast_head_json":{"title":"MUTNO MORE, Marija Jura\u010di\u0107 - Web-knji\u017eara","robots":{"index":"index","follow":"follow","max-snippet":"max-snippet:-1","max-image-preview":"max-image-preview:large","max-video-preview":"max-video-preview:-1"},"canonical":"https:\/\/webknjizara.hr\/proizvod\/mutno-more-marija-juracic\/","og_locale":"en_US","og_type":"article","og_title":"MUTNO MORE, Marija Jura\u010di\u0107 - Web-knji\u017eara","og_description":"Sa\u017eetak: Roman Mutno more je \u010detvrti roman iz ciklusa romana o inspektorici Iki Ekl, \u017eeni neobi\u010dnog psiholo\u0161kog mozaika. Kada sa svjetionika Tanjuri\u0107a, koji je pretvoren u ugostiteljski objekt, nestane svjetioni\u010dar Josip Deli\u0107, inspektorica Ekl i njezin pomo\u0107nik Ninno Ritzi pokre\u0107u istragu koja se pretvara u opasnu avanturu. Pri\u010da je neobi\u010dna, zanimljiva, a podloga romana je [&hellip;]","og_url":"https:\/\/webknjizara.hr\/proizvod\/mutno-more-marija-juracic\/","og_site_name":"Web-knji\u017eara","article_modified_time":"2023-02-26T23:17:25+00:00","og_image":[{"width":300,"height":419,"url":"https:\/\/webknjizara.hr\/wp-content\/uploads\/nc\/images\/virtuemart\/product\/Naslovnica_juracic_mutno_more-300x419.jpg","type":"image\/jpeg"}],"twitter_card":"summary_large_image","twitter_misc":{"Est. reading time":"2 minutes"},"schema":{"@context":"https:\/\/schema.org","@graph":[{"@type":"WebPage","@id":"https:\/\/webknjizara.hr\/proizvod\/mutno-more-marija-juracic\/","url":"https:\/\/webknjizara.hr\/proizvod\/mutno-more-marija-juracic\/","name":"MUTNO MORE, Marija Jura\u010di\u0107 - Web-knji\u017eara","isPartOf":{"@id":"https:\/\/webknjizara.hr\/#website"},"primaryImageOfPage":{"@id":"https:\/\/webknjizara.hr\/proizvod\/mutno-more-marija-juracic\/#primaryimage"},"image":{"@id":"https:\/\/webknjizara.hr\/proizvod\/mutno-more-marija-juracic\/#primaryimage"},"thumbnailUrl":"https:\/\/webknjizara.hr\/wp-content\/uploads\/nc\/images\/virtuemart\/product\/Naslovnica_juracic_mutno_more-300x419.jpg","datePublished":"2018-03-27T20:26:56+00:00","dateModified":"2023-02-26T23:17:25+00:00","breadcrumb":{"@id":"https:\/\/webknjizara.hr\/proizvod\/mutno-more-marija-juracic\/#breadcrumb"},"inLanguage":"en-US","potentialAction":[{"@type":"ReadAction","target":["https:\/\/webknjizara.hr\/proizvod\/mutno-more-marija-juracic\/"]}]},{"@type":"ImageObject","inLanguage":"en-US","@id":"https:\/\/webknjizara.hr\/proizvod\/mutno-more-marija-juracic\/#primaryimage","url":"https:\/\/webknjizara.hr\/wp-content\/uploads\/nc\/images\/virtuemart\/product\/Naslovnica_juracic_mutno_more-300x419.jpg","contentUrl":"https:\/\/webknjizara.hr\/wp-content\/uploads\/nc\/images\/virtuemart\/product\/Naslovnica_juracic_mutno_more-300x419.jpg","width":300,"height":419,"caption":"MUTNO MORE, Marija Jura\u010di\u0107"},{"@type":"BreadcrumbList","@id":"https:\/\/webknjizara.hr\/proizvod\/mutno-more-marija-juracic\/#breadcrumb","itemListElement":[{"@type":"ListItem","position":1,"name":"Po\u010detna stranica","item":"https:\/\/webknjizara.hr\/en\/"},{"@type":"ListItem","position":2,"name":"Shop","item":"https:\/\/webknjizara.hr\/shop\/"},{"@type":"ListItem","position":3,"name":"MUTNO MORE, Marija Jura\u010di\u0107"}]},{"@type":"WebSite","@id":"https:\/\/webknjizara.hr\/#website","url":"https:\/\/webknjizara.hr\/","name":"Web Knji\u017eara","description":"","publisher":{"@id":"https:\/\/webknjizara.hr\/#organization"},"potentialAction":[{"@type":"SearchAction","target":{"@type":"EntryPoint","urlTemplate":"https:\/\/webknjizara.hr\/?s={search_term_string}"},"query-input":{"@type":"PropertyValueSpecification","valueRequired":true,"valueName":"search_term_string"}}],"inLanguage":"en-US"},{"@type":"Organization","@id":"https:\/\/webknjizara.hr\/#organization","name":"REDAK D.O.O.","url":"https:\/\/webknjizara.hr\/","logo":{"@type":"ImageObject","inLanguage":"en-US","@id":"https:\/\/webknjizara.hr\/#\/schema\/logo\/image\/","url":"https:\/\/webknjizara.hr\/wp-content\/uploads\/2023\/01\/web-knjizara-logo.webp","contentUrl":"https:\/\/webknjizara.hr\/wp-content\/uploads\/2023\/01\/web-knjizara-logo.webp","width":324,"height":79,"caption":"REDAK D.O.O."},"image":{"@id":"https:\/\/webknjizara.hr\/#\/schema\/logo\/image\/"}}]}},"_links":{"self":[{"href":"https:\/\/webknjizara.hr\/en\/wp-json\/wp\/v2\/product\/8724","targetHints":{"allow":["GET"]}}],"collection":[{"href":"https:\/\/webknjizara.hr\/en\/wp-json\/wp\/v2\/product"}],"about":[{"href":"https:\/\/webknjizara.hr\/en\/wp-json\/wp\/v2\/types\/product"}],"replies":[{"embeddable":true,"href":"https:\/\/webknjizara.hr\/en\/wp-json\/wp\/v2\/comments?post=8724"}],"wp:featuredmedia":[{"embeddable":true,"href":"https:\/\/webknjizara.hr\/en\/wp-json\/wp\/v2\/media\/8725"}],"wp:attachment":[{"href":"https:\/\/webknjizara.hr\/en\/wp-json\/wp\/v2\/media?parent=8724"}],"wp:term":[{"taxonomy":"product_brand","embeddable":true,"href":"https:\/\/webknjizara.hr\/en\/wp-json\/wp\/v2\/product_brand?post=8724"},{"taxonomy":"product_cat","embeddable":true,"href":"https:\/\/webknjizara.hr\/en\/wp-json\/wp\/v2\/product_cat?post=8724"},{"taxonomy":"product_tag","embeddable":true,"href":"https:\/\/webknjizara.hr\/en\/wp-json\/wp\/v2\/product_tag?post=8724"}],"curies":[{"name":"wp","href":"https:\/\/api.w.org\/{rel}","templated":true}]}}