{"id":8710,"date":"2018-03-14T17:59:35","date_gmt":"2018-03-14T17:59:35","guid":{"rendered":"https:\/\/webknjizara.hr\/?product=putem-snova-franka-stanicic"},"modified":"2023-02-27T00:17:23","modified_gmt":"2023-02-26T23:17:23","slug":"putem-snova-franka-stanicic","status":"publish","type":"product","link":"https:\/\/webknjizara.hr\/en\/proizvod\/putem-snova-franka-stanicic\/","title":{"rendered":"PUTEM SNOVA, Franka Stani\u010di\u0107"},"content":{"rendered":"<p style=\"text-align: justify;\"><strong>Sa\u017eetak:<\/strong> <\/p>\n<p>Koliko god poku\u0161avali objasniti \u017divot, analizirati ga i rastavljati do detalja, on uvijek ostaje misterij. Postoji li smisao svega toga ili je sve samo jedna velika slu\u010dajnost, neka su od pitanja koja sebi \u010desto postavljamo. Imamo tijelo, um, ego koji na vrlo neobi\u010dan na\u010din me\u0111usobno koegzistiraju i \u010dine nas \u010dovjekom, ali kad sve zbrojimo i oduzmemo, jedino pitanje koje je doista va\u017eno jest: jesmo li u ovom trenutku radosni, sretni i ispunjeni samima sobom i svojim \u017eivotom? Osje\u0107amo li ljubav i mir ili smo pak pro\u017eeti strahom, brigom, tjeskobom? Smisao samospoznaje le\u017ei u oslobo\u0111enju na\u0161eg izvornog bi\u0107a od suvi\u0161nog i nepotrebnog tereta koji nas sputava i prije\u010di da slijedimo svoje snove, da budemo ta lako\u0107a, radost i bezbri\u017enost postojanja \u0161to po svojoj prirodi i jesmo.<\/p>\n<p style=\"text-align: justify;\"><strong>Bilje\u0161ka o autorici:<\/strong> <\/p>\n<p>Franka Stani\u010di\u0107 ro\u0111ena je u \u0160ibeniku, gdje je poha\u0111ala Gimnaziju Antuna Vran\u010di\u0107a, jezi\u010dni smjer. Studentica je Pravnog fakulteta Sveu\u010dili\u0161ta u Splitu. Dobitnica je Dekanove nagrade.Usporedo sa studijem, obrazovala se na brojnim seminarima i radionicama vezanim uz rad na sebi i s ljudima. Nakon te\u0161ke bolesti i neo\u010dekivanog \u017eivotnog iskustva koje ju je dovelo na sam rub \u017eivota, okre\u0107e se unutarnjem svijetu, otkrivaju\u0107i tajne \u017eivota.<\/p>\n<p>Osim pisanjem, bavi se i dizajnom, a ovo je njezino prvo autorsko djelo.<\/p>\n<p style=\"text-align: justify;\"><strong>Klju\u010dne rije\u010di:<\/strong> Duhovnost, motivacija, \u017eivot, put, razvoj<\/p>\n<p><strong>Link:\u00a0<\/strong> <a href=\"http:\/\/putemsnova.blogspot.hr\/\" target=\"_blank\" rel=\"noopener noreferrer\">http:\/\/putemsnova.blogspot.hr\/<\/a><br \/><strong>E-mail:\u00a0<\/strong> <a href=\"mailto:putemsnova@gmail.com\">Franka Stani\u010di\u0107<\/a><\/p>\n<p><strong>Naslov:<\/strong> Putem snova<br \/><strong>Autorica:<\/strong> Franka Stani\u010di\u0107<br \/><strong>Nakladnik:<\/strong> Redak<br \/><strong>Godina izdanja:<\/strong> 2018.<br \/><strong>ISBN:<\/strong> 978-953-336-443-8<br \/><strong>Tisak:<\/strong> digitalni tisak knjiga &#8211; print na zahtjev\u00a0<\/p>\n<hr \/>\n<p style=\"text-align: justify;\"><strong>Kako naru\u010diti knjigu?\u00a0<\/strong>Proces online kupovine jednako funkcionira za sve kupce, s jedinom razlikom u tome \u0161to \u0161to kupci iz inozemstva za podru\u010dje dostave moraju odabrati &#8220;Europa&#8221; ili &#8220;Ostale zemlje svijeta&#8221;, a za vrstu pla\u0107anja WSPay (kreditna kartica) ili Virmanom (bankovni transfer).<\/p>\n<p style=\"text-align: justify;\">Molimo kliknite ovdje za\u00a0<a href=\"hr\/kako-kupovati\" target=\"_blank\" rel=\"noopener noreferrer\">detaljni vodi\u010d kroz proces narud\u017ebe<\/a>\u00a0ili nas\u00a0<a href=\"hr\/kontakt\" target=\"_blank\" rel=\"noopener noreferrer\">kontaktirajte<\/a>\u00a0za vi\u0161e informacija.<\/p>\n","protected":false},"excerpt":{"rendered":"<p>Sa\u017eetak: Koliko god poku\u0161avali objasniti \u017divot, analizirati ga i rastavljati do detalja, on uvijek ostaje misterij. Postoji li smisao svega toga ili je sve samo jedna velika slu\u010dajnost, neka su od pitanja koja sebi \u010desto postavljamo. Imamo tijelo, um, ego koji na vrlo neobi\u010dan na\u010din me\u0111usobno koegzistiraju i \u010dine nas \u010dovjekom, ali kad sve zbrojimo [&hellip;]<\/p>\n","protected":false},"featured_media":8711,"comment_status":"open","ping_status":"closed","template":"","meta":{"_acf_changed":false},"product_brand":[],"product_cat":[1489],"product_tag":[],"class_list":{"0":"post-8710","1":"product","2":"type-product","3":"status-publish","4":"has-post-thumbnail","6":"product_cat-publicistika","7":"pa_autor-franka-stanicic","8":"pa_nakladnik-redak","10":"first","11":"instock","12":"shipping-taxable","13":"purchasable","14":"product-type-simple"},"acf":[],"yoast_head":"<!-- This site is optimized with the Yoast SEO plugin v27.3 - https:\/\/yoast.com\/product\/yoast-seo-wordpress\/ -->\n<title>PUTEM SNOVA, Franka Stani\u010di\u0107 - Web-knji\u017eara<\/title>\n<meta name=\"robots\" content=\"index, follow, max-snippet:-1, max-image-preview:large, max-video-preview:-1\" \/>\n<link rel=\"canonical\" href=\"https:\/\/webknjizara.hr\/proizvod\/putem-snova-franka-stanicic\/\" \/>\n<meta property=\"og:locale\" content=\"en_US\" \/>\n<meta property=\"og:type\" content=\"article\" \/>\n<meta property=\"og:title\" content=\"PUTEM SNOVA, Franka Stani\u010di\u0107 - Web-knji\u017eara\" \/>\n<meta property=\"og:description\" content=\"Sa\u017eetak: Koliko god poku\u0161avali objasniti \u017divot, analizirati ga i rastavljati do detalja, on uvijek ostaje misterij. Postoji li smisao svega toga ili je sve samo jedna velika slu\u010dajnost, neka su od pitanja koja sebi \u010desto postavljamo. Imamo tijelo, um, ego koji na vrlo neobi\u010dan na\u010din me\u0111usobno koegzistiraju i \u010dine nas \u010dovjekom, ali kad sve zbrojimo [&hellip;]\" \/>\n<meta property=\"og:url\" content=\"https:\/\/webknjizara.hr\/proizvod\/putem-snova-franka-stanicic\/\" \/>\n<meta property=\"og:site_name\" content=\"Web-knji\u017eara\" \/>\n<meta property=\"article:modified_time\" content=\"2023-02-26T23:17:23+00:00\" \/>\n<meta property=\"og:image\" content=\"https:\/\/webknjizara.hr\/wp-content\/uploads\/nc\/images\/virtuemart\/product\/web-naslovnica-Stanicic-300x419.jpg\" \/>\n\t<meta property=\"og:image:width\" content=\"300\" \/>\n\t<meta property=\"og:image:height\" content=\"419\" \/>\n\t<meta property=\"og:image:type\" content=\"image\/jpeg\" \/>\n<meta name=\"twitter:card\" content=\"summary_large_image\" \/>\n<meta name=\"twitter:label1\" content=\"Est. reading time\" \/>\n\t<meta name=\"twitter:data1\" content=\"2 minutes\" \/>\n<script type=\"application\/ld+json\" class=\"yoast-schema-graph\">{\"@context\":\"https:\\\/\\\/schema.org\",\"@graph\":[{\"@type\":\"WebPage\",\"@id\":\"https:\\\/\\\/webknjizara.hr\\\/proizvod\\\/putem-snova-franka-stanicic\\\/\",\"url\":\"https:\\\/\\\/webknjizara.hr\\\/proizvod\\\/putem-snova-franka-stanicic\\\/\",\"name\":\"PUTEM SNOVA, Franka Stani\u010di\u0107 - Web-knji\u017eara\",\"isPartOf\":{\"@id\":\"https:\\\/\\\/webknjizara.hr\\\/#website\"},\"primaryImageOfPage\":{\"@id\":\"https:\\\/\\\/webknjizara.hr\\\/proizvod\\\/putem-snova-franka-stanicic\\\/#primaryimage\"},\"image\":{\"@id\":\"https:\\\/\\\/webknjizara.hr\\\/proizvod\\\/putem-snova-franka-stanicic\\\/#primaryimage\"},\"thumbnailUrl\":\"https:\\\/\\\/webknjizara.hr\\\/wp-content\\\/uploads\\\/nc\\\/images\\\/virtuemart\\\/product\\\/web-naslovnica-Stanicic-300x419.jpg\",\"datePublished\":\"2018-03-14T17:59:35+00:00\",\"dateModified\":\"2023-02-26T23:17:23+00:00\",\"breadcrumb\":{\"@id\":\"https:\\\/\\\/webknjizara.hr\\\/proizvod\\\/putem-snova-franka-stanicic\\\/#breadcrumb\"},\"inLanguage\":\"en-US\",\"potentialAction\":[{\"@type\":\"ReadAction\",\"target\":[\"https:\\\/\\\/webknjizara.hr\\\/proizvod\\\/putem-snova-franka-stanicic\\\/\"]}]},{\"@type\":\"ImageObject\",\"inLanguage\":\"en-US\",\"@id\":\"https:\\\/\\\/webknjizara.hr\\\/proizvod\\\/putem-snova-franka-stanicic\\\/#primaryimage\",\"url\":\"https:\\\/\\\/webknjizara.hr\\\/wp-content\\\/uploads\\\/nc\\\/images\\\/virtuemart\\\/product\\\/web-naslovnica-Stanicic-300x419.jpg\",\"contentUrl\":\"https:\\\/\\\/webknjizara.hr\\\/wp-content\\\/uploads\\\/nc\\\/images\\\/virtuemart\\\/product\\\/web-naslovnica-Stanicic-300x419.jpg\",\"width\":300,\"height\":419,\"caption\":\"PUTEM SNOVA, Franka Stani\u010di\u0107\"},{\"@type\":\"BreadcrumbList\",\"@id\":\"https:\\\/\\\/webknjizara.hr\\\/proizvod\\\/putem-snova-franka-stanicic\\\/#breadcrumb\",\"itemListElement\":[{\"@type\":\"ListItem\",\"position\":1,\"name\":\"Po\u010detna stranica\",\"item\":\"https:\\\/\\\/webknjizara.hr\\\/en\\\/\"},{\"@type\":\"ListItem\",\"position\":2,\"name\":\"Shop\",\"item\":\"https:\\\/\\\/webknjizara.hr\\\/shop\\\/\"},{\"@type\":\"ListItem\",\"position\":3,\"name\":\"PUTEM SNOVA, Franka Stani\u010di\u0107\"}]},{\"@type\":\"WebSite\",\"@id\":\"https:\\\/\\\/webknjizara.hr\\\/#website\",\"url\":\"https:\\\/\\\/webknjizara.hr\\\/\",\"name\":\"Web Knji\u017eara\",\"description\":\"\",\"publisher\":{\"@id\":\"https:\\\/\\\/webknjizara.hr\\\/#organization\"},\"potentialAction\":[{\"@type\":\"SearchAction\",\"target\":{\"@type\":\"EntryPoint\",\"urlTemplate\":\"https:\\\/\\\/webknjizara.hr\\\/?s={search_term_string}\"},\"query-input\":{\"@type\":\"PropertyValueSpecification\",\"valueRequired\":true,\"valueName\":\"search_term_string\"}}],\"inLanguage\":\"en-US\"},{\"@type\":\"Organization\",\"@id\":\"https:\\\/\\\/webknjizara.hr\\\/#organization\",\"name\":\"REDAK D.O.O.\",\"url\":\"https:\\\/\\\/webknjizara.hr\\\/\",\"logo\":{\"@type\":\"ImageObject\",\"inLanguage\":\"en-US\",\"@id\":\"https:\\\/\\\/webknjizara.hr\\\/#\\\/schema\\\/logo\\\/image\\\/\",\"url\":\"https:\\\/\\\/webknjizara.hr\\\/wp-content\\\/uploads\\\/2023\\\/01\\\/web-knjizara-logo.webp\",\"contentUrl\":\"https:\\\/\\\/webknjizara.hr\\\/wp-content\\\/uploads\\\/2023\\\/01\\\/web-knjizara-logo.webp\",\"width\":324,\"height\":79,\"caption\":\"REDAK D.O.O.\"},\"image\":{\"@id\":\"https:\\\/\\\/webknjizara.hr\\\/#\\\/schema\\\/logo\\\/image\\\/\"}}]}<\/script>\n<!-- \/ Yoast SEO plugin. -->","yoast_head_json":{"title":"PUTEM SNOVA, Franka Stani\u010di\u0107 - Web-knji\u017eara","robots":{"index":"index","follow":"follow","max-snippet":"max-snippet:-1","max-image-preview":"max-image-preview:large","max-video-preview":"max-video-preview:-1"},"canonical":"https:\/\/webknjizara.hr\/proizvod\/putem-snova-franka-stanicic\/","og_locale":"en_US","og_type":"article","og_title":"PUTEM SNOVA, Franka Stani\u010di\u0107 - Web-knji\u017eara","og_description":"Sa\u017eetak: Koliko god poku\u0161avali objasniti \u017divot, analizirati ga i rastavljati do detalja, on uvijek ostaje misterij. Postoji li smisao svega toga ili je sve samo jedna velika slu\u010dajnost, neka su od pitanja koja sebi \u010desto postavljamo. Imamo tijelo, um, ego koji na vrlo neobi\u010dan na\u010din me\u0111usobno koegzistiraju i \u010dine nas \u010dovjekom, ali kad sve zbrojimo [&hellip;]","og_url":"https:\/\/webknjizara.hr\/proizvod\/putem-snova-franka-stanicic\/","og_site_name":"Web-knji\u017eara","article_modified_time":"2023-02-26T23:17:23+00:00","og_image":[{"width":300,"height":419,"url":"https:\/\/webknjizara.hr\/wp-content\/uploads\/nc\/images\/virtuemart\/product\/web-naslovnica-Stanicic-300x419.jpg","type":"image\/jpeg"}],"twitter_card":"summary_large_image","twitter_misc":{"Est. reading time":"2 minutes"},"schema":{"@context":"https:\/\/schema.org","@graph":[{"@type":"WebPage","@id":"https:\/\/webknjizara.hr\/proizvod\/putem-snova-franka-stanicic\/","url":"https:\/\/webknjizara.hr\/proizvod\/putem-snova-franka-stanicic\/","name":"PUTEM SNOVA, Franka Stani\u010di\u0107 - Web-knji\u017eara","isPartOf":{"@id":"https:\/\/webknjizara.hr\/#website"},"primaryImageOfPage":{"@id":"https:\/\/webknjizara.hr\/proizvod\/putem-snova-franka-stanicic\/#primaryimage"},"image":{"@id":"https:\/\/webknjizara.hr\/proizvod\/putem-snova-franka-stanicic\/#primaryimage"},"thumbnailUrl":"https:\/\/webknjizara.hr\/wp-content\/uploads\/nc\/images\/virtuemart\/product\/web-naslovnica-Stanicic-300x419.jpg","datePublished":"2018-03-14T17:59:35+00:00","dateModified":"2023-02-26T23:17:23+00:00","breadcrumb":{"@id":"https:\/\/webknjizara.hr\/proizvod\/putem-snova-franka-stanicic\/#breadcrumb"},"inLanguage":"en-US","potentialAction":[{"@type":"ReadAction","target":["https:\/\/webknjizara.hr\/proizvod\/putem-snova-franka-stanicic\/"]}]},{"@type":"ImageObject","inLanguage":"en-US","@id":"https:\/\/webknjizara.hr\/proizvod\/putem-snova-franka-stanicic\/#primaryimage","url":"https:\/\/webknjizara.hr\/wp-content\/uploads\/nc\/images\/virtuemart\/product\/web-naslovnica-Stanicic-300x419.jpg","contentUrl":"https:\/\/webknjizara.hr\/wp-content\/uploads\/nc\/images\/virtuemart\/product\/web-naslovnica-Stanicic-300x419.jpg","width":300,"height":419,"caption":"PUTEM SNOVA, Franka Stani\u010di\u0107"},{"@type":"BreadcrumbList","@id":"https:\/\/webknjizara.hr\/proizvod\/putem-snova-franka-stanicic\/#breadcrumb","itemListElement":[{"@type":"ListItem","position":1,"name":"Po\u010detna stranica","item":"https:\/\/webknjizara.hr\/en\/"},{"@type":"ListItem","position":2,"name":"Shop","item":"https:\/\/webknjizara.hr\/shop\/"},{"@type":"ListItem","position":3,"name":"PUTEM SNOVA, Franka Stani\u010di\u0107"}]},{"@type":"WebSite","@id":"https:\/\/webknjizara.hr\/#website","url":"https:\/\/webknjizara.hr\/","name":"Web Knji\u017eara","description":"","publisher":{"@id":"https:\/\/webknjizara.hr\/#organization"},"potentialAction":[{"@type":"SearchAction","target":{"@type":"EntryPoint","urlTemplate":"https:\/\/webknjizara.hr\/?s={search_term_string}"},"query-input":{"@type":"PropertyValueSpecification","valueRequired":true,"valueName":"search_term_string"}}],"inLanguage":"en-US"},{"@type":"Organization","@id":"https:\/\/webknjizara.hr\/#organization","name":"REDAK D.O.O.","url":"https:\/\/webknjizara.hr\/","logo":{"@type":"ImageObject","inLanguage":"en-US","@id":"https:\/\/webknjizara.hr\/#\/schema\/logo\/image\/","url":"https:\/\/webknjizara.hr\/wp-content\/uploads\/2023\/01\/web-knjizara-logo.webp","contentUrl":"https:\/\/webknjizara.hr\/wp-content\/uploads\/2023\/01\/web-knjizara-logo.webp","width":324,"height":79,"caption":"REDAK D.O.O."},"image":{"@id":"https:\/\/webknjizara.hr\/#\/schema\/logo\/image\/"}}]}},"_links":{"self":[{"href":"https:\/\/webknjizara.hr\/en\/wp-json\/wp\/v2\/product\/8710","targetHints":{"allow":["GET"]}}],"collection":[{"href":"https:\/\/webknjizara.hr\/en\/wp-json\/wp\/v2\/product"}],"about":[{"href":"https:\/\/webknjizara.hr\/en\/wp-json\/wp\/v2\/types\/product"}],"replies":[{"embeddable":true,"href":"https:\/\/webknjizara.hr\/en\/wp-json\/wp\/v2\/comments?post=8710"}],"wp:featuredmedia":[{"embeddable":true,"href":"https:\/\/webknjizara.hr\/en\/wp-json\/wp\/v2\/media\/8711"}],"wp:attachment":[{"href":"https:\/\/webknjizara.hr\/en\/wp-json\/wp\/v2\/media?parent=8710"}],"wp:term":[{"taxonomy":"product_brand","embeddable":true,"href":"https:\/\/webknjizara.hr\/en\/wp-json\/wp\/v2\/product_brand?post=8710"},{"taxonomy":"product_cat","embeddable":true,"href":"https:\/\/webknjizara.hr\/en\/wp-json\/wp\/v2\/product_cat?post=8710"},{"taxonomy":"product_tag","embeddable":true,"href":"https:\/\/webknjizara.hr\/en\/wp-json\/wp\/v2\/product_tag?post=8710"}],"curies":[{"name":"wp","href":"https:\/\/api.w.org\/{rel}","templated":true}]}}