{"id":8704,"date":"2018-02-26T06:03:09","date_gmt":"2018-02-26T06:03:09","guid":{"rendered":"https:\/\/webknjizara.hr\/?product=digitalno-okruzenje-i-obrazovanje-grupa-autora"},"modified":"2023-02-27T00:17:23","modified_gmt":"2023-02-26T23:17:23","slug":"digitalno-okruzenje-i-obrazovanje-grupa-autora","status":"publish","type":"product","link":"https:\/\/webknjizara.hr\/en\/proizvod\/digitalno-okruzenje-i-obrazovanje-grupa-autora\/","title":{"rendered":"DIGITALNO OKRU\u017dENJE I OBRAZOVANJE, Grupa autora"},"content":{"rendered":"<p style=\"text-align: justify;\"><strong>Sa\u017eetak:<\/strong> <\/p>\n<p>U svijetu, koji se transformira sveprisutnim, brzim digitalnim napretkom i temeljnim pomacima na tr\u017ei\u0161tu obrazovanja, ve\u0107ina institucija se \u0161iri kako bi nastavila utjecati na rezultate dok je ostala konkurentna i, u nekim slu\u010dajevima, u pokretu. Na ovom skupu prikazat \u0107emo neka pitanja koja institucije moraju uzeti u obzir pri razvoju svoje strategije u ovom brzom digitalnom svijetu obrazovanja. Ta pitanja uklju\u010duju; Kako se sveu\u010dili\u0161ta razlikuju putem digitalnog? Gdje je digitalizacija zna\u010dajno poja\u010dala diferencijaciju na tr\u017ei\u0161tu? Jesu li visoke \u0161kole i sveu\u010dili\u0161ta, stavljanjem razli\u010ditih vrsta digitalnih sustava, unaprijedile svoje rezultate? Kako digitalizacija, uistinu, mo\u017ee promijeniti obrazovne performanse? Je li bilo koja od digitalnih inicijativa dovela do nelinearnih inovacija u sveu\u010dili\u0161noj izvedbi? Koje su aplikacije za digitalizaciju imale najve\u0107i utjecaj na performanse i za\u0161to? Kako digitalizacija mijenja prioritete, interne organizacije, akademske ponude i zahtjeve za ljudskim resursima? Kako obrazovanje danas integrira digitalnu budu\u0107nost? Koja podru\u010dja primjene pokazuju najve\u0107e obe\u0107anje u budu\u0107nosti &#8211; barem za neke institucije?<\/p>\n<p style=\"text-align: justify;\"><strong>Bilje\u0161ka o urednicima:<\/strong> <\/p>\n<p><strong>Prof.dr.sc. Mila Nadrljanski<\/strong>, izabrana u znanstveno-nastavno zvanje redoviti profesor za podru\u010dje dru\u0161tvenih znanosti, polje informacijske i komunikacijske znanosti.<\/p>\n<p>1984.g. na Fakultet elektrotehnike, strojarstva i brodogradnje u Splitu, smjer industrijska elektronika i automatizacija na energetici.<br \/>1990. diplomirala je na Filozofskom fakultetu u Zadru pedago\u0161ku skupinu predmeta i dobila zvanje profesora.<br \/>1994. obranila je magistarski rad na FESB-u pod nazivom \u00bbSimulacija sustava upravljanja vrp\u010dastim industrijskim dozatorom\u00ab.<br \/>2006. Zapo\u0161ljava se na Pomorskom fakultetu u Splitu.<br \/>2006. doktorirala je na temi pod naslovom \u201eMetodi\u010dko metodolo\u0161ki model obrazovanja na daljinu\u201c, te stekla akademsko zvanje doktora informacijskih znanosti u polju komunikologija na znanstvenom doktorskom studiju iz INFORMACIJSKIH ZNANOSTI na Filozofskom fakultetu Sveu\u010dili\u0161ta u Zadru. <br \/>2009.\/2010. anga\u017eirana na doktorskom studiju u Rijeci na Pomorskom fakultetu.<br \/>2014.\/1015.; 2015.\/2016.; 2016.\/2017.; 2017\/2018. Anga\u017eirana kao gost profesor na Fakultetu za mediteranske poslovne studije Tivat.<br \/> 2014.\/1015. 2015.\/2016.; 2016.\/2017; 2017\/2018 Anga\u017eirana kao gost profesor na Pomorskom fakultetu u Baru.<br \/>2015. Imenovana i uvr\u0161tena u Listu experata za akreditaciju studijskih programa u Crnoj Gori i Listu experata za akreditaciju studijskih programa u Hrvatskoj<br \/>2016. NAFSA, Association of International Educators ID 159524 <br \/>2016. anga\u017eirana na doktorskom Sveu\u010dili\u0161ta u Rijeci, odjel Informatika.<br \/>14.12. 2017. Izabrana u znanstveno-nastavno zvanje redoviti profesor za podru\u010dje dru\u0161tvenih znanosti, polje informacijske i komunikacijske znanosti.<br \/>2017.\/2018. Anga\u017eirana na doktorskom studiju Nautika u Turizmu na Univerzitetu Adriatik Bar u Crnoj Gori.<\/p>\n<p><strong>Dr.sc. \u0110or\u0111e Nadrljanski<\/strong>, znanstveno polje: informatika i informacijske tehnolgije; kolegiji; Menad\u017eement informacijskih sistema, Informacijski sistemi, Metodologija znanstvenog rada i Informatika u obrazovanju. Diplomirao je na Fakultetu strojarstva u Beogradu 1968., a magistrirao 1973. Obranio je doktorsku disertaciju u podru\u010dju kibernetike i informacijskih znanosti na Fakultetu politi\u010dkih znanosti u Beogradu 1977. 1984. je izabran za redovitog profesora u znanstvenom podru\u010dju informatika i informacijske tehnologije. <\/p>\n<p>Dr.sc. \u0110or\u0111e Nadrljanski ima bogat znanstveni i stru\u010dni opus; autor je 62 knjige (vi\u0161e od 300 znanstvenih radova i 70 projekata u podru\u010dju informatike). Nadzirao je 22 doktorske disertacije, 46 magistarskih radova i 15 stru\u010dnih radova te je bio mentor na oko 250 radova. Predavao je kao gostuju\u0107i profesor na redovnim i poslijediplomskim studijima informatike na fakultetima u Novom Sadu, Beogradu, Rijeci, Splitu, Zadru, Osijeku i Zagrebu.<\/p>\n<p>Dekan je na Visokoj \u0161koli za inspekcijski i kadrovski menad\u017ement u Splitu<\/p>\n<p><strong>E-mail:<\/strong> <a href=\"mailto:milamika60@yahoo.com\">Autori<\/a><\/p>\n<p><strong>Naslov:<\/strong> Digitalno okru\u017eenje i obrazovanje<br \/><strong>Autor:<\/strong> Grupa autora<br \/><strong>Broj stranica:<\/strong> 84<br \/><strong>Nakladnik:<\/strong> REDAK<br \/><strong>Godina izdanja:<\/strong> 2018.<br \/><strong>ISBN:<\/strong> 978-953-336-457-5<br \/><strong>Tisak:<\/strong> digitalni tisak knjiga &#8211; print na zahtjev\u00a0<\/p>\n<hr \/>\n<p style=\"text-align: justify;\"><strong>Kako naru\u010diti knjigu?\u00a0<\/strong>Proces online kupovine jednako funkcionira za sve kupce, s jedinom razlikom u tome \u0161to \u0161to kupci iz inozemstva za podru\u010dje dostave moraju odabrati &#8220;Europa&#8221; ili &#8220;Ostale zemlje svijeta&#8221;, a za vrstu pla\u0107anja WSPay (kreditna kartica) ili Virmanom (bankovni transfer).<\/p>\n<p style=\"text-align: justify;\">Molimo kliknite ovdje za\u00a0<a href=\"hr\/kako-kupovati\" target=\"_blank\" rel=\"noopener noreferrer\">detaljni vodi\u010d kroz proces narud\u017ebe<\/a>\u00a0ili nas\u00a0<a href=\"hr\/kontakt\" target=\"_blank\" rel=\"noopener noreferrer\">kontaktirajte<\/a>\u00a0za vi\u0161e informacija.<\/p>\n","protected":false},"excerpt":{"rendered":"<p>Sa\u017eetak: U svijetu, koji se transformira sveprisutnim, brzim digitalnim napretkom i temeljnim pomacima na tr\u017ei\u0161tu obrazovanja, ve\u0107ina institucija se \u0161iri kako bi nastavila utjecati na rezultate dok je ostala konkurentna i, u nekim slu\u010dajevima, u pokretu. Na ovom skupu prikazat \u0107emo neka pitanja koja institucije moraju uzeti u obzir pri razvoju svoje strategije u ovom [&hellip;]<\/p>\n","protected":false},"featured_media":8705,"comment_status":"open","ping_status":"closed","template":"","meta":{"_acf_changed":false},"product_brand":[],"product_cat":[1539],"product_tag":[],"class_list":{"0":"post-8704","1":"product","2":"type-product","3":"status-publish","4":"has-post-thumbnail","6":"product_cat-sveucilisni-udzbenici-i-prirucnici","7":"pa_autor-grupa-autora","8":"pa_nakladnik-redak","10":"first","11":"instock","12":"shipping-taxable","13":"purchasable","14":"product-type-simple"},"acf":[],"yoast_head":"<!-- This site is optimized with the Yoast SEO plugin v27.3 - https:\/\/yoast.com\/product\/yoast-seo-wordpress\/ -->\n<title>DIGITALNO OKRU\u017dENJE I OBRAZOVANJE, Grupa autora - Web-knji\u017eara<\/title>\n<meta name=\"robots\" content=\"index, follow, max-snippet:-1, max-image-preview:large, max-video-preview:-1\" \/>\n<link rel=\"canonical\" href=\"https:\/\/webknjizara.hr\/proizvod\/digitalno-okruzenje-i-obrazovanje-grupa-autora\/\" \/>\n<meta property=\"og:locale\" content=\"en_US\" \/>\n<meta property=\"og:type\" content=\"article\" \/>\n<meta property=\"og:title\" content=\"DIGITALNO OKRU\u017dENJE I OBRAZOVANJE, Grupa autora - Web-knji\u017eara\" \/>\n<meta property=\"og:description\" content=\"Sa\u017eetak: U svijetu, koji se transformira sveprisutnim, brzim digitalnim napretkom i temeljnim pomacima na tr\u017ei\u0161tu obrazovanja, ve\u0107ina institucija se \u0161iri kako bi nastavila utjecati na rezultate dok je ostala konkurentna i, u nekim slu\u010dajevima, u pokretu. Na ovom skupu prikazat \u0107emo neka pitanja koja institucije moraju uzeti u obzir pri razvoju svoje strategije u ovom [&hellip;]\" \/>\n<meta property=\"og:url\" content=\"https:\/\/webknjizara.hr\/proizvod\/digitalno-okruzenje-i-obrazovanje-grupa-autora\/\" \/>\n<meta property=\"og:site_name\" content=\"Web-knji\u017eara\" \/>\n<meta property=\"article:modified_time\" content=\"2023-02-26T23:17:23+00:00\" \/>\n<meta property=\"og:image\" content=\"https:\/\/webknjizara.hr\/wp-content\/uploads\/nc\/images\/virtuemart\/product\/Nadrljanska_knjizica-sazetaka-300x419.jpg\" \/>\n\t<meta property=\"og:image:width\" content=\"300\" \/>\n\t<meta property=\"og:image:height\" content=\"419\" \/>\n\t<meta property=\"og:image:type\" content=\"image\/jpeg\" \/>\n<meta name=\"twitter:card\" content=\"summary_large_image\" \/>\n<meta name=\"twitter:label1\" content=\"Est. reading time\" \/>\n\t<meta name=\"twitter:data1\" content=\"3 minutes\" \/>\n<script type=\"application\/ld+json\" class=\"yoast-schema-graph\">{\"@context\":\"https:\\\/\\\/schema.org\",\"@graph\":[{\"@type\":\"WebPage\",\"@id\":\"https:\\\/\\\/webknjizara.hr\\\/proizvod\\\/digitalno-okruzenje-i-obrazovanje-grupa-autora\\\/\",\"url\":\"https:\\\/\\\/webknjizara.hr\\\/proizvod\\\/digitalno-okruzenje-i-obrazovanje-grupa-autora\\\/\",\"name\":\"DIGITALNO OKRU\u017dENJE I OBRAZOVANJE, Grupa autora - Web-knji\u017eara\",\"isPartOf\":{\"@id\":\"https:\\\/\\\/webknjizara.hr\\\/#website\"},\"primaryImageOfPage\":{\"@id\":\"https:\\\/\\\/webknjizara.hr\\\/proizvod\\\/digitalno-okruzenje-i-obrazovanje-grupa-autora\\\/#primaryimage\"},\"image\":{\"@id\":\"https:\\\/\\\/webknjizara.hr\\\/proizvod\\\/digitalno-okruzenje-i-obrazovanje-grupa-autora\\\/#primaryimage\"},\"thumbnailUrl\":\"https:\\\/\\\/webknjizara.hr\\\/wp-content\\\/uploads\\\/nc\\\/images\\\/virtuemart\\\/product\\\/Nadrljanska_knjizica-sazetaka-300x419.jpg\",\"datePublished\":\"2018-02-26T06:03:09+00:00\",\"dateModified\":\"2023-02-26T23:17:23+00:00\",\"breadcrumb\":{\"@id\":\"https:\\\/\\\/webknjizara.hr\\\/proizvod\\\/digitalno-okruzenje-i-obrazovanje-grupa-autora\\\/#breadcrumb\"},\"inLanguage\":\"en-US\",\"potentialAction\":[{\"@type\":\"ReadAction\",\"target\":[\"https:\\\/\\\/webknjizara.hr\\\/proizvod\\\/digitalno-okruzenje-i-obrazovanje-grupa-autora\\\/\"]}]},{\"@type\":\"ImageObject\",\"inLanguage\":\"en-US\",\"@id\":\"https:\\\/\\\/webknjizara.hr\\\/proizvod\\\/digitalno-okruzenje-i-obrazovanje-grupa-autora\\\/#primaryimage\",\"url\":\"https:\\\/\\\/webknjizara.hr\\\/wp-content\\\/uploads\\\/nc\\\/images\\\/virtuemart\\\/product\\\/Nadrljanska_knjizica-sazetaka-300x419.jpg\",\"contentUrl\":\"https:\\\/\\\/webknjizara.hr\\\/wp-content\\\/uploads\\\/nc\\\/images\\\/virtuemart\\\/product\\\/Nadrljanska_knjizica-sazetaka-300x419.jpg\",\"width\":300,\"height\":419,\"caption\":\"DIGITALNO OKRU\u017dENJE I OBRAZOVANJE, Grupa autora\"},{\"@type\":\"BreadcrumbList\",\"@id\":\"https:\\\/\\\/webknjizara.hr\\\/proizvod\\\/digitalno-okruzenje-i-obrazovanje-grupa-autora\\\/#breadcrumb\",\"itemListElement\":[{\"@type\":\"ListItem\",\"position\":1,\"name\":\"Po\u010detna stranica\",\"item\":\"https:\\\/\\\/webknjizara.hr\\\/en\\\/\"},{\"@type\":\"ListItem\",\"position\":2,\"name\":\"Shop\",\"item\":\"https:\\\/\\\/webknjizara.hr\\\/shop\\\/\"},{\"@type\":\"ListItem\",\"position\":3,\"name\":\"DIGITALNO OKRU\u017dENJE I OBRAZOVANJE, Grupa autora\"}]},{\"@type\":\"WebSite\",\"@id\":\"https:\\\/\\\/webknjizara.hr\\\/#website\",\"url\":\"https:\\\/\\\/webknjizara.hr\\\/\",\"name\":\"Web Knji\u017eara\",\"description\":\"\",\"publisher\":{\"@id\":\"https:\\\/\\\/webknjizara.hr\\\/#organization\"},\"potentialAction\":[{\"@type\":\"SearchAction\",\"target\":{\"@type\":\"EntryPoint\",\"urlTemplate\":\"https:\\\/\\\/webknjizara.hr\\\/?s={search_term_string}\"},\"query-input\":{\"@type\":\"PropertyValueSpecification\",\"valueRequired\":true,\"valueName\":\"search_term_string\"}}],\"inLanguage\":\"en-US\"},{\"@type\":\"Organization\",\"@id\":\"https:\\\/\\\/webknjizara.hr\\\/#organization\",\"name\":\"REDAK D.O.O.\",\"url\":\"https:\\\/\\\/webknjizara.hr\\\/\",\"logo\":{\"@type\":\"ImageObject\",\"inLanguage\":\"en-US\",\"@id\":\"https:\\\/\\\/webknjizara.hr\\\/#\\\/schema\\\/logo\\\/image\\\/\",\"url\":\"https:\\\/\\\/webknjizara.hr\\\/wp-content\\\/uploads\\\/2023\\\/01\\\/web-knjizara-logo.webp\",\"contentUrl\":\"https:\\\/\\\/webknjizara.hr\\\/wp-content\\\/uploads\\\/2023\\\/01\\\/web-knjizara-logo.webp\",\"width\":324,\"height\":79,\"caption\":\"REDAK D.O.O.\"},\"image\":{\"@id\":\"https:\\\/\\\/webknjizara.hr\\\/#\\\/schema\\\/logo\\\/image\\\/\"}}]}<\/script>\n<!-- \/ Yoast SEO plugin. -->","yoast_head_json":{"title":"DIGITALNO OKRU\u017dENJE I OBRAZOVANJE, Grupa autora - Web-knji\u017eara","robots":{"index":"index","follow":"follow","max-snippet":"max-snippet:-1","max-image-preview":"max-image-preview:large","max-video-preview":"max-video-preview:-1"},"canonical":"https:\/\/webknjizara.hr\/proizvod\/digitalno-okruzenje-i-obrazovanje-grupa-autora\/","og_locale":"en_US","og_type":"article","og_title":"DIGITALNO OKRU\u017dENJE I OBRAZOVANJE, Grupa autora - Web-knji\u017eara","og_description":"Sa\u017eetak: U svijetu, koji se transformira sveprisutnim, brzim digitalnim napretkom i temeljnim pomacima na tr\u017ei\u0161tu obrazovanja, ve\u0107ina institucija se \u0161iri kako bi nastavila utjecati na rezultate dok je ostala konkurentna i, u nekim slu\u010dajevima, u pokretu. Na ovom skupu prikazat \u0107emo neka pitanja koja institucije moraju uzeti u obzir pri razvoju svoje strategije u ovom [&hellip;]","og_url":"https:\/\/webknjizara.hr\/proizvod\/digitalno-okruzenje-i-obrazovanje-grupa-autora\/","og_site_name":"Web-knji\u017eara","article_modified_time":"2023-02-26T23:17:23+00:00","og_image":[{"width":300,"height":419,"url":"https:\/\/webknjizara.hr\/wp-content\/uploads\/nc\/images\/virtuemart\/product\/Nadrljanska_knjizica-sazetaka-300x419.jpg","type":"image\/jpeg"}],"twitter_card":"summary_large_image","twitter_misc":{"Est. reading time":"3 minutes"},"schema":{"@context":"https:\/\/schema.org","@graph":[{"@type":"WebPage","@id":"https:\/\/webknjizara.hr\/proizvod\/digitalno-okruzenje-i-obrazovanje-grupa-autora\/","url":"https:\/\/webknjizara.hr\/proizvod\/digitalno-okruzenje-i-obrazovanje-grupa-autora\/","name":"DIGITALNO OKRU\u017dENJE I OBRAZOVANJE, Grupa autora - Web-knji\u017eara","isPartOf":{"@id":"https:\/\/webknjizara.hr\/#website"},"primaryImageOfPage":{"@id":"https:\/\/webknjizara.hr\/proizvod\/digitalno-okruzenje-i-obrazovanje-grupa-autora\/#primaryimage"},"image":{"@id":"https:\/\/webknjizara.hr\/proizvod\/digitalno-okruzenje-i-obrazovanje-grupa-autora\/#primaryimage"},"thumbnailUrl":"https:\/\/webknjizara.hr\/wp-content\/uploads\/nc\/images\/virtuemart\/product\/Nadrljanska_knjizica-sazetaka-300x419.jpg","datePublished":"2018-02-26T06:03:09+00:00","dateModified":"2023-02-26T23:17:23+00:00","breadcrumb":{"@id":"https:\/\/webknjizara.hr\/proizvod\/digitalno-okruzenje-i-obrazovanje-grupa-autora\/#breadcrumb"},"inLanguage":"en-US","potentialAction":[{"@type":"ReadAction","target":["https:\/\/webknjizara.hr\/proizvod\/digitalno-okruzenje-i-obrazovanje-grupa-autora\/"]}]},{"@type":"ImageObject","inLanguage":"en-US","@id":"https:\/\/webknjizara.hr\/proizvod\/digitalno-okruzenje-i-obrazovanje-grupa-autora\/#primaryimage","url":"https:\/\/webknjizara.hr\/wp-content\/uploads\/nc\/images\/virtuemart\/product\/Nadrljanska_knjizica-sazetaka-300x419.jpg","contentUrl":"https:\/\/webknjizara.hr\/wp-content\/uploads\/nc\/images\/virtuemart\/product\/Nadrljanska_knjizica-sazetaka-300x419.jpg","width":300,"height":419,"caption":"DIGITALNO OKRU\u017dENJE I OBRAZOVANJE, Grupa autora"},{"@type":"BreadcrumbList","@id":"https:\/\/webknjizara.hr\/proizvod\/digitalno-okruzenje-i-obrazovanje-grupa-autora\/#breadcrumb","itemListElement":[{"@type":"ListItem","position":1,"name":"Po\u010detna stranica","item":"https:\/\/webknjizara.hr\/en\/"},{"@type":"ListItem","position":2,"name":"Shop","item":"https:\/\/webknjizara.hr\/shop\/"},{"@type":"ListItem","position":3,"name":"DIGITALNO OKRU\u017dENJE I OBRAZOVANJE, Grupa autora"}]},{"@type":"WebSite","@id":"https:\/\/webknjizara.hr\/#website","url":"https:\/\/webknjizara.hr\/","name":"Web Knji\u017eara","description":"","publisher":{"@id":"https:\/\/webknjizara.hr\/#organization"},"potentialAction":[{"@type":"SearchAction","target":{"@type":"EntryPoint","urlTemplate":"https:\/\/webknjizara.hr\/?s={search_term_string}"},"query-input":{"@type":"PropertyValueSpecification","valueRequired":true,"valueName":"search_term_string"}}],"inLanguage":"en-US"},{"@type":"Organization","@id":"https:\/\/webknjizara.hr\/#organization","name":"REDAK D.O.O.","url":"https:\/\/webknjizara.hr\/","logo":{"@type":"ImageObject","inLanguage":"en-US","@id":"https:\/\/webknjizara.hr\/#\/schema\/logo\/image\/","url":"https:\/\/webknjizara.hr\/wp-content\/uploads\/2023\/01\/web-knjizara-logo.webp","contentUrl":"https:\/\/webknjizara.hr\/wp-content\/uploads\/2023\/01\/web-knjizara-logo.webp","width":324,"height":79,"caption":"REDAK D.O.O."},"image":{"@id":"https:\/\/webknjizara.hr\/#\/schema\/logo\/image\/"}}]}},"_links":{"self":[{"href":"https:\/\/webknjizara.hr\/en\/wp-json\/wp\/v2\/product\/8704","targetHints":{"allow":["GET"]}}],"collection":[{"href":"https:\/\/webknjizara.hr\/en\/wp-json\/wp\/v2\/product"}],"about":[{"href":"https:\/\/webknjizara.hr\/en\/wp-json\/wp\/v2\/types\/product"}],"replies":[{"embeddable":true,"href":"https:\/\/webknjizara.hr\/en\/wp-json\/wp\/v2\/comments?post=8704"}],"wp:featuredmedia":[{"embeddable":true,"href":"https:\/\/webknjizara.hr\/en\/wp-json\/wp\/v2\/media\/8705"}],"wp:attachment":[{"href":"https:\/\/webknjizara.hr\/en\/wp-json\/wp\/v2\/media?parent=8704"}],"wp:term":[{"taxonomy":"product_brand","embeddable":true,"href":"https:\/\/webknjizara.hr\/en\/wp-json\/wp\/v2\/product_brand?post=8704"},{"taxonomy":"product_cat","embeddable":true,"href":"https:\/\/webknjizara.hr\/en\/wp-json\/wp\/v2\/product_cat?post=8704"},{"taxonomy":"product_tag","embeddable":true,"href":"https:\/\/webknjizara.hr\/en\/wp-json\/wp\/v2\/product_tag?post=8704"}],"curies":[{"name":"wp","href":"https:\/\/api.w.org\/{rel}","templated":true}]}}