{"id":8688,"date":"2018-01-29T00:55:39","date_gmt":"2018-01-29T00:55:39","guid":{"rendered":"https:\/\/webknjizara.hr\/?product=jazz-flute-transcriptions-diana-cerensek"},"modified":"2023-02-27T00:17:22","modified_gmt":"2023-02-26T23:17:22","slug":"jazz-flute-transcriptions-diana-cerensek","status":"publish","type":"product","link":"https:\/\/webknjizara.hr\/en\/proizvod\/jazz-flute-transcriptions-diana-cerensek\/","title":{"rendered":"JAZZ FLUTE TRANSCRIPTIONS, Diana \u010ceren\u0161ek"},"content":{"rendered":"<p style=\"text-align: justify;\"><strong>Sa\u017eetak:<\/strong> <\/p>\n<p>Jazz\u00a0 Flute\u00a0 Transcriptions\u201c\u00a0 donosi\u00a0 niz\u00a0 solo\u00a0 transkripcija\u00a0 povijesno\u00a0 va\u017enih\u00a0 jazz\u00a0 flautista, te\u00a0 njihovih\u00a0 pjesama\u00a0 napisanih\u00a0 izvorno\u00a0 za\u00a0 flautu. Samo\u00a0 neke\u00a0 od\u00a0 va\u017enih\u00a0 imena\u00a0 poput\u00a0 Yusefa\u00a0 Lateefa, Bobby\u00a0 Jaspara, Hubert\u00a0 Laws, Erica\u00a0 Dolphya, Frank\u00a0 Wessa\u00a0 i\u00a0 Tubby\u00a0 Hayesa\u00a0 koji\u00a0 oboga\u0107uju\u00a0 literaturu\u00a0 ovog\u00a0 instrumenta. Knjiga\u00a0 slu\u017ei\u00a0 kao\u00a0 dodatni\u00a0 priru\u010dnik\u00a0 klasi\u010dnim\u00a0 glazbenicima\u00a0 u\u00a0 pro\u0161irenju\u00a0 spomenute\u00a0 literature\u00a0 ali\u00a0 i\u00a0 kao\u00a0 osnovno\u00a0 razumijevanje\u00a0 jazza\u00a0 i\u00a0 improvizacije. Tu\u00a0 je\u00a0 i\u00a0 niz\u00a0 jazz\u00a0 standarada, te\u00a0 analiza\u00a0 akorada\u00a0 sa\u00a0 nekoliko\u00a0 va\u017enih\u00a0 solo\u00a0 transkripcija\u00a0 razli\u010ditih\u00a0 instrumentalista.\u00a0 Sve\u00a0 s\u00a0 ciljem\u00a0 stvaranja\u00a0 kompletnog\u00a0\u00a0 glazbenika\u00a0 te\u00a0 usmjerenja\u00a0 prema\u00a0 cjelo\u017eivotnom\u00a0 u\u010denju\u00a0 i\u00a0 kompetentnosti\u00a0 na\u00a0 tr\u017ei\u0161tu.<\/p>\n<p style=\"text-align: justify;\">\u201eInspiriraju i vode na putu prema jednostavnosti,podsje\u0107aju\u0107i nas na sve ono \u0161to ve\u0107 negdje u sebi znamo,osje\u0107amo i \u010demu se uvijek iznova nadamo -onom najvrjednijem u nama i drugima.\u201c \u2013 Diana\u00a0 \u010ceren\u0161ek<\/p>\n<p style=\"text-align: justify;\"><strong>Bilje\u0161ka o autorici: <\/p>\n<p><\/strong>Diana \u010ceren\u0161ek\u00a0 ro\u0111ena\u00a0 je\u00a0 u\u00a0 Zagrebu\u00a0 gdje\u00a0 zapo\u010dinje\u00a0 glazbeni\u00a0 put\u00a0 sa\u00a0 \u0161est\u00a0 godina.\u00a0 Nakon\u00a0 zavr\u0161ene\u00a0 prve\u00a0 godine\u00a0 studija\u00a0 na\u00a0 Umjetni\u010dkoj\u00a0 akademiji\u00a0 Sveu\u010dili\u0161ta\u00a0 u\u00a0 Splitu, u\u00a0 klasi\u00a0 Tinke\u00a0 Muradori, odlazi\u00a0 na\u00a0 University\u00a0 of\u00a0 Minnesota\u00a0 (SAD) gdje\u00a0 se\u00a0 usavr\u0161ava\u00a0 godinu\u00a0 dana\u00a0 na\u00a0 podru\u010dju\u00a0 klasi\u010dne\u00a0 glazbe.\u00a0 Formalno\u00a0 glazbeno\u00a0 obrazovanje\u00a0 zaokru\u017euje\u00a0 i\u00a0 zavr\u0161ava\u00a0 2013. na\u00a0 klasi\u010dnoj\u00a0 Muzi\u010dkoj\u00a0 akademiji\u00a0 Sveu\u010dili\u0161ta\u00a0 u\u00a0 Zagrebu\u00a0 kao\u00a0 Magistar Art.\u00a0 flaute. \u00a0 \u00a0 \u00a0 \u00a0 \u00a0 \u00a0 \u00a0 \u00a0 \u00a0 \u00a0 \u00a0 \u00a0 \u00a0 \u00a0 \u00a0 \u00a0 \u00a0 \u00a0 \u00a0 \u00a0 \u00a0 \u00a0 \u00a0 \u00a0 \u00a0 \u00a0 \u00a0 \u00a0 \u00a0 \u00a0 \u00a0 \u00a0 \u00a0 \u00a0 \u00a0 \u00a0 \u00a0 \u00a0 \u00a0 \u00a0 \u00a0 \u00a0 \u00a0 \u00a0 \u00a0 \u00a0 \u00a0<\/p>\n<p style=\"text-align: justify;\">Za\u00a0 vrijeme\u00a0 klasi\u010dnog\u00a0 obrazovanja\u00a0 usavr\u0161avala\u00a0 se\u00a0 na\u00a0 stru\u010dnim\u00a0 seminarima\u00a0 kod\u00a0 vode\u0107ih\u00a0 doma\u0107ih\u00a0 i\u00a0 inozemnih\u00a0 flautista\u00a0 kao\u00a0 \u0161to\u00a0 su:\u00a0\u00a0<strong><em>Hansgeorg\u00a0 Schmeiser (AT),<\/em>\u00a0<em>Carmen\u00a0 Fuchs (HR)<\/em>,<em>\u00a0Cveto\u00a0 Kobal (SVN),<\/em>\u00a0\u00a0<em>Furugh\u00a0 Karimi (IRN),<\/em>\u00a0<em>Ana\u00a0 Doman\u010di\u0107 (HR),Matea\u00a0 \u0160kari\u0107\u00a0 (HR),<\/em>\u00a0<em>Michael\u00a0 Martin Kofler (AT),Matej\u00a0 Zupan (SVN),<\/em>\u00a0<em>GuoLiang\u00a0 Han\u00a0 (JPN),Tinka\u00a0 Muradori (HR), Sakib\u00a0 La\u010devi\u0107 (BIH), Be\u0107ir\u00a0 Drnda (BIH), Yashiko\u00a0 Ohta (JPN), Gaspar\u00a0 Hoyos (FR), Marina\u00a0 Novak (HR).<\/em><\/strong><em>\u00a0Dobitnica\u00a0 je\u00a0 nekoliko\u00a0 nagrada, solisti\u010dki, orkestralno\u00a0 ili\u00a0 komorno\u00a0 koje\u00a0 ostvaruje\u00a0 kroz\u00a0 studij\u00a0 formalnog\u00a0 obrazovanja. <\/em><\/p>\n<p style=\"text-align: justify;\">Sredinom\u00a0 studija\u00a0 po\u010dinje\u00a0 se\u00a0 interesirati\u00a0 za\u00a0 jazz\u00a0 i\u00a0 improvizaciju\u00a0 te\u00a0 upisuje\u00a0 ne formalni\u00a0 jazz\u00a0 odsjek\u00a0 na\u00a0 Muzi\u010dkoj\u00a0 akademiji\u00a0 u\u00a0 Zagrebu. Uz\u00a0 to\u00a0 usavr\u0161ava\u00a0 se\u00a0 i\u00a0 putem \u00a0privatne\u00a0 poduke\u00a0 te\u00a0 na\u00a0 glazbenim\u00a0 radionicama\u00a0 i\u00a0 seminarima\u00a0 kod:\u00a0\u00a0<strong><em>Sa\u0161a Nestorovi\u0107 (HR), Karlheinz\u00a0 Miklin (AT),Kevin\u00a0 Mahogany (USA), Uglje\u0161a\u00a0 Novakovi\u0107\u00a0 (SRB), Deborah J. Carter (USA), Miroslav\u00a0 Tadi\u0107 (HR), Vlatko\u00a0 Stefanovski\u00a0 (MK), Neven\u00a0 Frange\u0161 (HR), Michele\u00a0 Gori\u00a0 (IT),Vlatko\u00a0 Stefanovski\u00a0 (MK), Kevin\u00a0 Mahogany (USA).<\/em><\/strong><\/p>\n<p style=\"text-align: justify;\">Sura\u0111ivala\u00a0 je\u00a0 sa\u00a0 nekoliko\u00a0 afirmiranih\u00a0 jazz\u00a0 glazbenika\u00a0 kao\u00a0 \u0161to\u00a0 su\u00a0<strong>:\u00a0\u00a0<em>Kim Nazarian<\/em>\u00a0(USA<\/strong>)<strong><em>, Ratko\u00a0 Divjak (HR),Lauren Kinhan (USA)<\/em><\/strong><em>,\u00a0<strong>Dermon\u00a0 Meader (USA)\u2026\u00a0<\/strong>tako\u0111er\u00a0<\/em>kao\u00a0 pred izvo\u0111a\u010d\u00a0 na\u00a0 koncertu\u00a0 Izraelske\u00a0 klarinetistice\u00a0\u00a0<strong><em>Anat\u00a0 Cohen<\/em><\/strong>\u00a0 na\u00a0\u00a0<strong>10. Vip\u00a0 Zagreb\u00a0 Jazz\u00a0 Festivalu<\/strong>\u00a0 2014.<em>\u00a0<\/em><\/p>\n<ol style=\"text-align: justify;\" start=\"2015\">\n<li><em> nominirana\u00a0 je\u00a0 i u kategoriji\u00a0 jazz\u00a0 glazbe\u00a0 za\u00a0\u00a0<strong>nagradu\u00a0 Status<\/strong>.\u00a0 \u00a0 \u00a0 \u00a0 \u00a0 \u00a0 \u00a0 \u00a0 \u00a0 \u00a0 \u00a0 \u00a0 \u00a0 \u00a0 \u00a0 \u00a0 \u00a0 \u00a0 \u00a0 \u00a0 \u00a0 \u00a0 \u00a0 \u00a0 \u00a0 \u00a0 \u00a0 \u00a0 \u00a0 \u00a0 \u00a0 \u00a0 \u00a0 \u00a0 \u00a0 \u00a0 \u00a0 \u00a0 \u00a0<\/em><\/li>\n<\/ol>\n<p style=\"text-align: justify;\"><em>Odabrana\u00a0 je\u00a0 i\u00a0 kao\u00a0 jedan\u00a0 od\u00a0 kandidata\u00a0 s\u00a0 podru\u010dja\u00a0 Hrvatske, Slovenije, Ma\u0111arske, Srbije,\u00a0 Bosne\u00a0 i\u00a0 Hercegovine,\u00a0 te\u00a0 prisustvuje\u00a0 i\u00a0\u00a0<strong>18.\u00a0 Jazz\u00a0 Festivalu\u00a0 u\u00a0 Sarajevu.\u00a0<\/strong>Iste\u00a0 godine\u00a0 nastupila\u00a0 je\u00a0 kao\u00a0 instrumentalist\u00a0 na\u00a0 manifestaciji\u00a0\u00a0<strong>Nove\u00a0 Nade\u00a0 Jazza\u00a0 \u201eMarjan\u00a0 Marjanovi\u0107\u201c<\/strong>\u00a0\u00a0<strong>-Jazz.hr\u00a0 prolje\u0107e<\/strong>.<\/em><\/p>\n<p style=\"text-align: justify;\"><em>\u00a0Autor\u00a0 je\u00a0 prve\u00a0 knjige\u00a0 za\u00a0 jazz\u00a0 flautu\u00a0 u\u00a0 Hrvatskoj\u00a0 pod\u00a0 nazivom\u00a0\u00a0<strong>\u201eJazz\u00a0 Flute\u00a0 Transcriptions\u201c<\/strong>\u00a02017.<\/em><\/p>\n<ol style=\"text-align: justify;\" start=\"2016\">\n<li><em> ostvaruje\u00a0 nastup\u00a0 i\u00a0 na\u00a0\u00a0<strong>Arsana\u00a0 Jazz\u00a0 Festivalu\u00a0 Ptuj<\/strong> sa\u00a0\u00a0<strong>New\u00a0 York\u00a0 Voices<\/strong>, grammy\u00a0 nagra\u0111enom\u00a0 grupom\u00a0 iz\u00a0 SAD-a. Tako\u0111er, sura\u0111uje\u00a0 i\u00a0 na\u00a0 albumu\u00a0 srpskog\u00a0 jazz\u00a0 pianiste\u00a0 Milana\u00a0 Petrovi\u0107a\u2013 Ladys\u00a0 touch,\u00a0 koji\u00a0 objavljuje\u00a0 Muzi\u010dka\u00a0 ku\u0107a\u00a0 Metropolis \u2013 Beograd.<\/em><\/li>\n<\/ol>\n<p style=\"text-align: justify;\"><em>Nastupila\u00a0 je\u00a0 i\u00a0 na\u00a0 ostalim\u00a0 doga\u0111anjima\u00a0 kao:\u00a0 <strong>Jazz\u00a0 Promotions\u00a0 Rijeka, Jazz\u00a0 club\u00a0 ZOO\u00a0 Ljubljana, Salon\u00a0 uporabnih\u00a0 umetnosti\u00a0 Maribor ,Vite\u0161ka\u00a0 Dvorana\u00a0 Bre\u017eice,K.D.V. Lisinski, Vip\u00a0 klub\u00a0 Zagreb, All Women\u00a0 Jazz\u00a0 Festival, Festival\u00a0 Na\u00a0 Dragom\u00a0 Kamenu \u2013Rakalj, 4. Zg\u00a0 Jam<\/strong>\u00a0<strong>, HGM\u00a0 Jazz\u00a0 orkestar\u00a0 Zagreb-Eric\u00a0 Truffaz, Kulturni\u00a0 dom\u00a0 Kr\u0161ko, Sax\u00a0 klub\u00a0 Zagreb, emisije:\u00a0<\/strong>\u201e<strong>Vrijeme\u00a0 je\u00a0 za\u00a0 jazz<\/strong>\u201c , \u201e<strong>Majstori\u00a0 svira\u010di\u201c\u2026<\/strong><\/em><\/p>\n<p> Zavr\u0161iv\u0161i\u00a0 i\u00a0 predmete\u00a0 za\u00a0 pedago\u0161ki\u00a0 smjer\u00a0 na\u00a0 Muzi\u010dkoj\u00a0 akademiji\u00a0 u\u00a0 Zagrebu, stekla\u00a0 je\u00a0 mogu\u0107nost\u00a0 pedago\u0161kog\u00a0 rada\u00a0 gdje\u00a0 vrlo\u00a0 aktivno\u00a0 djeluje\u00a0 u\u00a0 osnovnim\u00a0 i\u00a0 srednjim\u00a0 \u0161kolama\u00a0 kao\u00a0 profesor\u00a0 flaute, predava\u010d\u00a0 glazbene\u00a0 kulture, te\u00a0 dr\u017ei\u00a0 privatne\u00a0 poduke\u00a0 u\u010denicima\u00a0 i\u00a0 studentima\u00a0 svih\u00a0 uzrasta.\u00a0 \u00a0 \u00a0 \u00a0<\/p>\n<p style=\"text-align: justify;\">gdje\u00a0 zapo\u010dinje\u00a0 glazbeni\u00a0 put\u00a0 sa\u00a0 \u0161est\u00a0 godina.\u00a0 Nakon\u00a0 zavr\u0161ene\u00a0 prve\u00a0 godine\u00a0 studija\u00a0 na\u00a0 Umjetni\u010dkoj\u00a0 akademiji\u00a0 Sveu\u010dili\u0161ta\u00a0 u\u00a0 Splitu, u\u00a0 klasi\u00a0 Tinke\u00a0 Muradori, odlazi\u00a0 na\u00a0 University\u00a0 of\u00a0 Minnesota\u00a0 (SAD) gdje\u00a0 se\u00a0 usavr\u0161ava\u00a0 godinu\u00a0 dana\u00a0 na\u00a0 podru\u010dju\u00a0 klasi\u010dne\u00a0 glazbe.\u00a0 Formalno\u00a0 glazbeno\u00a0 obrazovanje\u00a0 zaokru\u017euje\u00a0 i\u00a0 zavr\u0161ava\u00a0 2013. na\u00a0 klasi\u010dnoj\u00a0 Muzi\u010dkoj\u00a0 akademiji\u00a0 Sveu\u010dili\u0161ta\u00a0 u\u00a0 Zagrebu\u00a0 kao\u00a0 Magistar Art.\u00a0 flaute. \u00a0 \u00a0 \u00a0 \u00a0 \u00a0 \u00a0 \u00a0 \u00a0 \u00a0 \u00a0 \u00a0 \u00a0 \u00a0 \u00a0 \u00a0 \u00a0 \u00a0 \u00a0 \u00a0 \u00a0 \u00a0 \u00a0 \u00a0 \u00a0 \u00a0 \u00a0 \u00a0 \u00a0 \u00a0 \u00a0 \u00a0 \u00a0 \u00a0 \u00a0 \u00a0 \u00a0 \u00a0 \u00a0 \u00a0 \u00a0 \u00a0 \u00a0 \u00a0 \u00a0 \u00a0 \u00a0 \u00a0<\/p>\n<p style=\"text-align: justify;\">Za\u00a0 vrijeme\u00a0 klasi\u010dnog\u00a0 obrazovanja\u00a0 usavr\u0161avala\u00a0 se\u00a0 na\u00a0 stru\u010dnim\u00a0 seminarima\u00a0 kod\u00a0 vode\u0107ih\u00a0 doma\u0107ih\u00a0 i\u00a0 inozemnih\u00a0 flautista\u00a0 kao\u00a0 \u0161to\u00a0 su:\u00a0\u00a0<strong><em>Hansgeorg\u00a0 Schmeiser (AT),<\/em>\u00a0<em>Carmen\u00a0 Fuchs (HR)<\/em>,<em>\u00a0Cveto\u00a0 Kobal (SVN),<\/em>\u00a0\u00a0<em>Furugh\u00a0 Karimi (IRN),<\/em>\u00a0<em>Ana\u00a0 Doman\u010di\u0107 (HR),Matea\u00a0 \u0160kari\u0107\u00a0 (HR),<\/em>\u00a0<em>Michael\u00a0 Martin Kofler (AT),Matej\u00a0 Zupan (SVN),<\/em>\u00a0<em>GuoLiang\u00a0 Han\u00a0 (JPN),Tinka\u00a0 Muradori (HR), Sakib\u00a0 La\u010devi\u0107 (BIH), Be\u0107ir\u00a0 Drnda (BIH), Yashiko\u00a0 Ohta (JPN), Gaspar\u00a0 Hoyos (FR), Marina\u00a0 Novak (HR).<\/em><\/strong><em>\u00a0Dobitnica\u00a0 je\u00a0 nekoliko\u00a0 nagrada, solisti\u010dki, orkestralno\u00a0 ili\u00a0 komorno\u00a0 koje\u00a0 ostvaruje\u00a0 kroz\u00a0 studij\u00a0 formalnog\u00a0 obrazovanja. <\/em><\/p>\n<p style=\"text-align: justify;\">Sredinom\u00a0 studija\u00a0 po\u010dinje\u00a0 se\u00a0 interesirati\u00a0 za\u00a0 jazz\u00a0 i\u00a0 improvizaciju\u00a0 te\u00a0 upisuje\u00a0 ne formalni\u00a0 jazz\u00a0 odsjek\u00a0 na\u00a0 Muzi\u010dkoj\u00a0 akademiji\u00a0 u\u00a0 Zagrebu. Uz\u00a0 to\u00a0 usavr\u0161ava\u00a0 se\u00a0 i\u00a0 putem\u00a0 privatne\u00a0 poduke\u00a0 te\u00a0 na\u00a0 glazbenim\u00a0 radionicama\u00a0 i\u00a0 seminarima\u00a0 kod:\u00a0\u00a0<strong><em>Sa\u0161a Nestorovi\u0107 (HR), Karlheinz\u00a0 Miklin (AT),Kevin\u00a0 Mahogany (USA), Uglje\u0161a\u00a0 Novakovi\u0107\u00a0 (SRB), Deborah J. Carter (USA), Miroslav\u00a0 Tadi\u0107 (HR), Vlatko\u00a0 Stefanovski\u00a0 (MK), Neven\u00a0 Frange\u0161 (HR), Michele\u00a0 Gori\u00a0 (IT),Vlatko\u00a0 Stefanovski\u00a0 (MK), Kevin\u00a0 Mahogany (USA).<\/em><\/strong><\/p>\n<p style=\"text-align: justify;\">Sura\u0111ivala\u00a0 je\u00a0 sa\u00a0 nekoliko\u00a0 afirmiranih\u00a0 jazz\u00a0 glazbenika\u00a0 kao\u00a0 \u0161to\u00a0 su\u00a0<strong>:\u00a0\u00a0<em>Kim Nazarian<\/em>\u00a0(USA<\/strong>)<strong><em>, Ratko\u00a0 Divjak (HR),Lauren Kinhan (USA)<\/em><\/strong><em>,\u00a0<strong>Dermon\u00a0 Meader (USA)\u2026\u00a0<\/strong>tako\u0111er\u00a0<\/em>kao\u00a0 pred izvo\u0111a\u010d\u00a0 na\u00a0 koncertu\u00a0 Izraelske\u00a0 klarinetistice\u00a0\u00a0<strong><em>Anat\u00a0 Cohen<\/em><\/strong>\u00a0 na\u00a0\u00a0<strong>10. Vip\u00a0 Zagreb\u00a0 Jazz\u00a0 Festivalu<\/strong>\u00a0 2014.<em>\u00a0<\/em><\/p>\n<ol style=\"text-align: justify;\" start=\"2015\">\n<li><em> nominirana\u00a0 je\u00a0 i u kategoriji\u00a0 jazz\u00a0 glazbe\u00a0 za\u00a0\u00a0<strong>nagradu\u00a0 Status<\/strong>.\u00a0 \u00a0 \u00a0 \u00a0 \u00a0<\/em><\/li>\n<\/ol>\n<p style=\"text-align: justify;\"><strong>Klju\u010dne rije\u010di: j<\/strong>azz flauta, Hrvatski jazz, jazz novosti<\/p>\n<p style=\"text-align: justify;\"><strong>Link: <\/strong><a href=\"https:\/\/www.dianacerensek.com\/\">https:\/\/www.dianacerensek.com\/<\/a><\/p>\n<p style=\"text-align: justify;\"><strong>E-mail: <a href=\"mailto:dianacerensek@yahoo.com\">Diana \u010ceren\u0161ek<\/a><\/strong><\/p>\n<p style=\"text-align: justify;\"><strong>Naslov: <\/strong>Jazz Flute Transcriptions<br \/> <strong>Autorica:<\/strong> Diana \u010ceren\u0161ek<br \/> <strong>Broj stranica: <\/strong>84<br \/> <strong>Nakladnik: <\/strong>REDAK<br \/> <strong>Godina izdanja: <\/strong>2018<strong>.<br \/> <\/strong><strong>ISBN:<\/strong> ISMN 979-0-9013684-0-8<br \/> <strong>Tisak:<\/strong> digitalni tisak knjiga &#8211; print na zahtjev\u00a0<\/p>\n<hr \/>\n<p style=\"text-align: justify;\"><strong>Kako naru\u010diti knjigu?\u00a0<\/strong>Proces online kupovine jednako funkcionira za sve kupce, s jedinom razlikom u tome \u0161to \u0161to kupci iz inozemstva za podru\u010dje dostave moraju odabrati &#8220;Europa&#8221; ili &#8220;Ostale zemlje svijeta&#8221;, a za vrstu pla\u0107anja WSPay (kreditna kartica) ili Virmanom (bankovni transfer).<\/p>\n<p style=\"text-align: justify;\">Molimo kliknite ovdje za\u00a0<a href=\"hr\/kako-kupovati\" target=\"_blank\" rel=\"noopener noreferrer\">detaljni vodi\u010d kroz proces narud\u017ebe<\/a>\u00a0ili nas\u00a0<a href=\"hr\/kontakt\" target=\"_blank\" rel=\"noopener noreferrer\">kontaktirajte<\/a>\u00a0za vi\u0161e informacija.<\/p>\n","protected":false},"excerpt":{"rendered":"<p>Sa\u017eetak: Jazz\u00a0 Flute\u00a0 Transcriptions\u201c\u00a0 donosi\u00a0 niz\u00a0 solo\u00a0 transkripcija\u00a0 povijesno\u00a0 va\u017enih\u00a0 jazz\u00a0 flautista, te\u00a0 njihovih\u00a0 pjesama\u00a0 napisanih\u00a0 izvorno\u00a0 za\u00a0 flautu. Samo\u00a0 neke\u00a0 od\u00a0 va\u017enih\u00a0 imena\u00a0 poput\u00a0 Yusefa\u00a0 Lateefa, Bobby\u00a0 Jaspara, Hubert\u00a0 Laws, Erica\u00a0 Dolphya, Frank\u00a0 Wessa\u00a0 i\u00a0 Tubby\u00a0 Hayesa\u00a0 koji\u00a0 oboga\u0107uju\u00a0 literaturu\u00a0 ovog\u00a0 instrumenta. Knjiga\u00a0 slu\u017ei\u00a0 kao\u00a0 dodatni\u00a0 priru\u010dnik\u00a0 klasi\u010dnim\u00a0 glazbenicima\u00a0 u\u00a0 pro\u0161irenju\u00a0 spomenute\u00a0 literature\u00a0 ali\u00a0 [&hellip;]<\/p>\n","protected":false},"featured_media":8689,"comment_status":"open","ping_status":"closed","template":"","meta":{"_acf_changed":false},"product_brand":[],"product_cat":[1517],"product_tag":[],"class_list":{"0":"post-8688","1":"product","2":"type-product","3":"status-publish","4":"has-post-thumbnail","6":"product_cat-strucna-literatura","7":"pa_autor-diana-cerensek","8":"pa_nakladnik-redak","10":"first","11":"instock","12":"shipping-taxable","13":"purchasable","14":"product-type-simple"},"acf":[],"yoast_head":"<!-- This site is optimized with the Yoast SEO plugin v27.3 - https:\/\/yoast.com\/product\/yoast-seo-wordpress\/ -->\n<title>JAZZ FLUTE TRANSCRIPTIONS, Diana \u010ceren\u0161ek - Web-knji\u017eara<\/title>\n<meta name=\"robots\" content=\"index, follow, max-snippet:-1, max-image-preview:large, max-video-preview:-1\" \/>\n<link rel=\"canonical\" href=\"https:\/\/webknjizara.hr\/proizvod\/jazz-flute-transcriptions-diana-cerensek\/\" \/>\n<meta property=\"og:locale\" content=\"en_US\" \/>\n<meta property=\"og:type\" content=\"article\" \/>\n<meta property=\"og:title\" content=\"JAZZ FLUTE TRANSCRIPTIONS, Diana \u010ceren\u0161ek - Web-knji\u017eara\" \/>\n<meta property=\"og:description\" content=\"Sa\u017eetak: Jazz\u00a0 Flute\u00a0 Transcriptions\u201c\u00a0 donosi\u00a0 niz\u00a0 solo\u00a0 transkripcija\u00a0 povijesno\u00a0 va\u017enih\u00a0 jazz\u00a0 flautista, te\u00a0 njihovih\u00a0 pjesama\u00a0 napisanih\u00a0 izvorno\u00a0 za\u00a0 flautu. Samo\u00a0 neke\u00a0 od\u00a0 va\u017enih\u00a0 imena\u00a0 poput\u00a0 Yusefa\u00a0 Lateefa, Bobby\u00a0 Jaspara, Hubert\u00a0 Laws, Erica\u00a0 Dolphya, Frank\u00a0 Wessa\u00a0 i\u00a0 Tubby\u00a0 Hayesa\u00a0 koji\u00a0 oboga\u0107uju\u00a0 literaturu\u00a0 ovog\u00a0 instrumenta. Knjiga\u00a0 slu\u017ei\u00a0 kao\u00a0 dodatni\u00a0 priru\u010dnik\u00a0 klasi\u010dnim\u00a0 glazbenicima\u00a0 u\u00a0 pro\u0161irenju\u00a0 spomenute\u00a0 literature\u00a0 ali\u00a0 [&hellip;]\" \/>\n<meta property=\"og:url\" content=\"https:\/\/webknjizara.hr\/proizvod\/jazz-flute-transcriptions-diana-cerensek\/\" \/>\n<meta property=\"og:site_name\" content=\"Web-knji\u017eara\" \/>\n<meta property=\"article:modified_time\" content=\"2023-02-26T23:17:22+00:00\" \/>\n<meta property=\"og:image\" content=\"https:\/\/webknjizara.hr\/wp-content\/uploads\/nc\/images\/virtuemart\/product\/CERENSEK_-NASLOVNICE-300x419.jpg\" \/>\n\t<meta property=\"og:image:width\" content=\"300\" \/>\n\t<meta property=\"og:image:height\" content=\"419\" \/>\n\t<meta property=\"og:image:type\" content=\"image\/jpeg\" \/>\n<meta name=\"twitter:card\" content=\"summary_large_image\" \/>\n<meta name=\"twitter:label1\" content=\"Est. reading time\" \/>\n\t<meta name=\"twitter:data1\" content=\"5 minutes\" \/>\n<script type=\"application\/ld+json\" class=\"yoast-schema-graph\">{\"@context\":\"https:\\\/\\\/schema.org\",\"@graph\":[{\"@type\":\"WebPage\",\"@id\":\"https:\\\/\\\/webknjizara.hr\\\/proizvod\\\/jazz-flute-transcriptions-diana-cerensek\\\/\",\"url\":\"https:\\\/\\\/webknjizara.hr\\\/proizvod\\\/jazz-flute-transcriptions-diana-cerensek\\\/\",\"name\":\"JAZZ FLUTE TRANSCRIPTIONS, Diana \u010ceren\u0161ek - Web-knji\u017eara\",\"isPartOf\":{\"@id\":\"https:\\\/\\\/webknjizara.hr\\\/#website\"},\"primaryImageOfPage\":{\"@id\":\"https:\\\/\\\/webknjizara.hr\\\/proizvod\\\/jazz-flute-transcriptions-diana-cerensek\\\/#primaryimage\"},\"image\":{\"@id\":\"https:\\\/\\\/webknjizara.hr\\\/proizvod\\\/jazz-flute-transcriptions-diana-cerensek\\\/#primaryimage\"},\"thumbnailUrl\":\"https:\\\/\\\/webknjizara.hr\\\/wp-content\\\/uploads\\\/nc\\\/images\\\/virtuemart\\\/product\\\/CERENSEK_-NASLOVNICE-300x419.jpg\",\"datePublished\":\"2018-01-29T00:55:39+00:00\",\"dateModified\":\"2023-02-26T23:17:22+00:00\",\"breadcrumb\":{\"@id\":\"https:\\\/\\\/webknjizara.hr\\\/proizvod\\\/jazz-flute-transcriptions-diana-cerensek\\\/#breadcrumb\"},\"inLanguage\":\"en-US\",\"potentialAction\":[{\"@type\":\"ReadAction\",\"target\":[\"https:\\\/\\\/webknjizara.hr\\\/proizvod\\\/jazz-flute-transcriptions-diana-cerensek\\\/\"]}]},{\"@type\":\"ImageObject\",\"inLanguage\":\"en-US\",\"@id\":\"https:\\\/\\\/webknjizara.hr\\\/proizvod\\\/jazz-flute-transcriptions-diana-cerensek\\\/#primaryimage\",\"url\":\"https:\\\/\\\/webknjizara.hr\\\/wp-content\\\/uploads\\\/nc\\\/images\\\/virtuemart\\\/product\\\/CERENSEK_-NASLOVNICE-300x419.jpg\",\"contentUrl\":\"https:\\\/\\\/webknjizara.hr\\\/wp-content\\\/uploads\\\/nc\\\/images\\\/virtuemart\\\/product\\\/CERENSEK_-NASLOVNICE-300x419.jpg\",\"width\":300,\"height\":419,\"caption\":\"JAZZ FLUTE TRANSCRIPTIONS, Diana \u010ceren\u0161ek\"},{\"@type\":\"BreadcrumbList\",\"@id\":\"https:\\\/\\\/webknjizara.hr\\\/proizvod\\\/jazz-flute-transcriptions-diana-cerensek\\\/#breadcrumb\",\"itemListElement\":[{\"@type\":\"ListItem\",\"position\":1,\"name\":\"Po\u010detna stranica\",\"item\":\"https:\\\/\\\/webknjizara.hr\\\/en\\\/\"},{\"@type\":\"ListItem\",\"position\":2,\"name\":\"Shop\",\"item\":\"https:\\\/\\\/webknjizara.hr\\\/shop\\\/\"},{\"@type\":\"ListItem\",\"position\":3,\"name\":\"JAZZ FLUTE TRANSCRIPTIONS, Diana \u010ceren\u0161ek\"}]},{\"@type\":\"WebSite\",\"@id\":\"https:\\\/\\\/webknjizara.hr\\\/#website\",\"url\":\"https:\\\/\\\/webknjizara.hr\\\/\",\"name\":\"Web Knji\u017eara\",\"description\":\"\",\"publisher\":{\"@id\":\"https:\\\/\\\/webknjizara.hr\\\/#organization\"},\"potentialAction\":[{\"@type\":\"SearchAction\",\"target\":{\"@type\":\"EntryPoint\",\"urlTemplate\":\"https:\\\/\\\/webknjizara.hr\\\/?s={search_term_string}\"},\"query-input\":{\"@type\":\"PropertyValueSpecification\",\"valueRequired\":true,\"valueName\":\"search_term_string\"}}],\"inLanguage\":\"en-US\"},{\"@type\":\"Organization\",\"@id\":\"https:\\\/\\\/webknjizara.hr\\\/#organization\",\"name\":\"REDAK D.O.O.\",\"url\":\"https:\\\/\\\/webknjizara.hr\\\/\",\"logo\":{\"@type\":\"ImageObject\",\"inLanguage\":\"en-US\",\"@id\":\"https:\\\/\\\/webknjizara.hr\\\/#\\\/schema\\\/logo\\\/image\\\/\",\"url\":\"https:\\\/\\\/webknjizara.hr\\\/wp-content\\\/uploads\\\/2023\\\/01\\\/web-knjizara-logo.webp\",\"contentUrl\":\"https:\\\/\\\/webknjizara.hr\\\/wp-content\\\/uploads\\\/2023\\\/01\\\/web-knjizara-logo.webp\",\"width\":324,\"height\":79,\"caption\":\"REDAK D.O.O.\"},\"image\":{\"@id\":\"https:\\\/\\\/webknjizara.hr\\\/#\\\/schema\\\/logo\\\/image\\\/\"}}]}<\/script>\n<!-- \/ Yoast SEO plugin. -->","yoast_head_json":{"title":"JAZZ FLUTE TRANSCRIPTIONS, Diana \u010ceren\u0161ek - Web-knji\u017eara","robots":{"index":"index","follow":"follow","max-snippet":"max-snippet:-1","max-image-preview":"max-image-preview:large","max-video-preview":"max-video-preview:-1"},"canonical":"https:\/\/webknjizara.hr\/proizvod\/jazz-flute-transcriptions-diana-cerensek\/","og_locale":"en_US","og_type":"article","og_title":"JAZZ FLUTE TRANSCRIPTIONS, Diana \u010ceren\u0161ek - Web-knji\u017eara","og_description":"Sa\u017eetak: Jazz\u00a0 Flute\u00a0 Transcriptions\u201c\u00a0 donosi\u00a0 niz\u00a0 solo\u00a0 transkripcija\u00a0 povijesno\u00a0 va\u017enih\u00a0 jazz\u00a0 flautista, te\u00a0 njihovih\u00a0 pjesama\u00a0 napisanih\u00a0 izvorno\u00a0 za\u00a0 flautu. Samo\u00a0 neke\u00a0 od\u00a0 va\u017enih\u00a0 imena\u00a0 poput\u00a0 Yusefa\u00a0 Lateefa, Bobby\u00a0 Jaspara, Hubert\u00a0 Laws, Erica\u00a0 Dolphya, Frank\u00a0 Wessa\u00a0 i\u00a0 Tubby\u00a0 Hayesa\u00a0 koji\u00a0 oboga\u0107uju\u00a0 literaturu\u00a0 ovog\u00a0 instrumenta. Knjiga\u00a0 slu\u017ei\u00a0 kao\u00a0 dodatni\u00a0 priru\u010dnik\u00a0 klasi\u010dnim\u00a0 glazbenicima\u00a0 u\u00a0 pro\u0161irenju\u00a0 spomenute\u00a0 literature\u00a0 ali\u00a0 [&hellip;]","og_url":"https:\/\/webknjizara.hr\/proizvod\/jazz-flute-transcriptions-diana-cerensek\/","og_site_name":"Web-knji\u017eara","article_modified_time":"2023-02-26T23:17:22+00:00","og_image":[{"width":300,"height":419,"url":"https:\/\/webknjizara.hr\/wp-content\/uploads\/nc\/images\/virtuemart\/product\/CERENSEK_-NASLOVNICE-300x419.jpg","type":"image\/jpeg"}],"twitter_card":"summary_large_image","twitter_misc":{"Est. reading time":"5 minutes"},"schema":{"@context":"https:\/\/schema.org","@graph":[{"@type":"WebPage","@id":"https:\/\/webknjizara.hr\/proizvod\/jazz-flute-transcriptions-diana-cerensek\/","url":"https:\/\/webknjizara.hr\/proizvod\/jazz-flute-transcriptions-diana-cerensek\/","name":"JAZZ FLUTE TRANSCRIPTIONS, Diana \u010ceren\u0161ek - Web-knji\u017eara","isPartOf":{"@id":"https:\/\/webknjizara.hr\/#website"},"primaryImageOfPage":{"@id":"https:\/\/webknjizara.hr\/proizvod\/jazz-flute-transcriptions-diana-cerensek\/#primaryimage"},"image":{"@id":"https:\/\/webknjizara.hr\/proizvod\/jazz-flute-transcriptions-diana-cerensek\/#primaryimage"},"thumbnailUrl":"https:\/\/webknjizara.hr\/wp-content\/uploads\/nc\/images\/virtuemart\/product\/CERENSEK_-NASLOVNICE-300x419.jpg","datePublished":"2018-01-29T00:55:39+00:00","dateModified":"2023-02-26T23:17:22+00:00","breadcrumb":{"@id":"https:\/\/webknjizara.hr\/proizvod\/jazz-flute-transcriptions-diana-cerensek\/#breadcrumb"},"inLanguage":"en-US","potentialAction":[{"@type":"ReadAction","target":["https:\/\/webknjizara.hr\/proizvod\/jazz-flute-transcriptions-diana-cerensek\/"]}]},{"@type":"ImageObject","inLanguage":"en-US","@id":"https:\/\/webknjizara.hr\/proizvod\/jazz-flute-transcriptions-diana-cerensek\/#primaryimage","url":"https:\/\/webknjizara.hr\/wp-content\/uploads\/nc\/images\/virtuemart\/product\/CERENSEK_-NASLOVNICE-300x419.jpg","contentUrl":"https:\/\/webknjizara.hr\/wp-content\/uploads\/nc\/images\/virtuemart\/product\/CERENSEK_-NASLOVNICE-300x419.jpg","width":300,"height":419,"caption":"JAZZ FLUTE TRANSCRIPTIONS, Diana \u010ceren\u0161ek"},{"@type":"BreadcrumbList","@id":"https:\/\/webknjizara.hr\/proizvod\/jazz-flute-transcriptions-diana-cerensek\/#breadcrumb","itemListElement":[{"@type":"ListItem","position":1,"name":"Po\u010detna stranica","item":"https:\/\/webknjizara.hr\/en\/"},{"@type":"ListItem","position":2,"name":"Shop","item":"https:\/\/webknjizara.hr\/shop\/"},{"@type":"ListItem","position":3,"name":"JAZZ FLUTE TRANSCRIPTIONS, Diana \u010ceren\u0161ek"}]},{"@type":"WebSite","@id":"https:\/\/webknjizara.hr\/#website","url":"https:\/\/webknjizara.hr\/","name":"Web Knji\u017eara","description":"","publisher":{"@id":"https:\/\/webknjizara.hr\/#organization"},"potentialAction":[{"@type":"SearchAction","target":{"@type":"EntryPoint","urlTemplate":"https:\/\/webknjizara.hr\/?s={search_term_string}"},"query-input":{"@type":"PropertyValueSpecification","valueRequired":true,"valueName":"search_term_string"}}],"inLanguage":"en-US"},{"@type":"Organization","@id":"https:\/\/webknjizara.hr\/#organization","name":"REDAK D.O.O.","url":"https:\/\/webknjizara.hr\/","logo":{"@type":"ImageObject","inLanguage":"en-US","@id":"https:\/\/webknjizara.hr\/#\/schema\/logo\/image\/","url":"https:\/\/webknjizara.hr\/wp-content\/uploads\/2023\/01\/web-knjizara-logo.webp","contentUrl":"https:\/\/webknjizara.hr\/wp-content\/uploads\/2023\/01\/web-knjizara-logo.webp","width":324,"height":79,"caption":"REDAK D.O.O."},"image":{"@id":"https:\/\/webknjizara.hr\/#\/schema\/logo\/image\/"}}]}},"_links":{"self":[{"href":"https:\/\/webknjizara.hr\/en\/wp-json\/wp\/v2\/product\/8688","targetHints":{"allow":["GET"]}}],"collection":[{"href":"https:\/\/webknjizara.hr\/en\/wp-json\/wp\/v2\/product"}],"about":[{"href":"https:\/\/webknjizara.hr\/en\/wp-json\/wp\/v2\/types\/product"}],"replies":[{"embeddable":true,"href":"https:\/\/webknjizara.hr\/en\/wp-json\/wp\/v2\/comments?post=8688"}],"wp:featuredmedia":[{"embeddable":true,"href":"https:\/\/webknjizara.hr\/en\/wp-json\/wp\/v2\/media\/8689"}],"wp:attachment":[{"href":"https:\/\/webknjizara.hr\/en\/wp-json\/wp\/v2\/media?parent=8688"}],"wp:term":[{"taxonomy":"product_brand","embeddable":true,"href":"https:\/\/webknjizara.hr\/en\/wp-json\/wp\/v2\/product_brand?post=8688"},{"taxonomy":"product_cat","embeddable":true,"href":"https:\/\/webknjizara.hr\/en\/wp-json\/wp\/v2\/product_cat?post=8688"},{"taxonomy":"product_tag","embeddable":true,"href":"https:\/\/webknjizara.hr\/en\/wp-json\/wp\/v2\/product_tag?post=8688"}],"curies":[{"name":"wp","href":"https:\/\/api.w.org\/{rel}","templated":true}]}}