{"id":8680,"date":"2018-01-25T13:23:52","date_gmt":"2018-01-25T13:23:52","guid":{"rendered":"https:\/\/webknjizara.hr\/?product=osnove-financija-crno-bijeli-tisak-tonci-svilokos-meri-suman-tolic"},"modified":"2023-02-27T00:17:21","modified_gmt":"2023-02-26T23:17:21","slug":"osnove-financija-crno-bijeli-tisak-tonci-svilokos-meri-suman-tolic","status":"publish","type":"product","link":"https:\/\/webknjizara.hr\/en\/proizvod\/osnove-financija-crno-bijeli-tisak-tonci-svilokos-meri-suman-tolic\/","title":{"rendered":"OSNOVE FINANCIJA (CRNO-BIJELI TISAK), Ton\u0107i Svilokos, Meri \u0160uman Toli\u0107"},"content":{"rendered":"<p style=\"text-align: justify;\"><strong>Sa\u017eetak:<\/strong>\u00a0<\/p>\n<p>Knjiga je organizirana tako da omogu\u0107i \u010ditatelju sagledati gotovo sve aspekte financija na osnovu \u010dega \u0107e biti u mogu\u0107nosti povezati ih u jednu zajedni\u010dku smislenu cjelinu. Sastoji se od \u010detiri dijela i uvodnog poglavlja. Na kraju svakog dijela nalazi se popis kori\u0161tenih izvora, a na kraju knjige dan je Pojmovnik koji sadr\u017ei definiciju svih relevantnih pojmova kori\u0161tenih u tekstu, popis slika i popis tablica.<\/p>\n<p>Prvi dio knjige posve\u0107en je fenomenu novca, njegovom nastanku, vrijednosti, na\u010dinu njegove kreacije danas, te povijesnom razvitku nov\u010danih sustava. Kako je novac temelj svake ekonomske aktivnosti u tr\u017ei\u0161nim gospodarstvima neophodno je prvo ustanoviti \u0161to je to novac, razumjeti mehanizam njegovog nastanka i proces njegove evolucije kroz vrijeme jer se na tome temelji vrijednost dana\u0161njeg fiat novca. U ovom dijelu knjige sagledana su \u010detiri aspekta njegove vrijednosti. To je aspekt vrijednosti doma\u0107eg novca izra\u017een u jedinicama stranog novca (devizni te\u010daj), aspekt vrijednosti novca koja proizlazi iz njegove kupovne mo\u0107i, aspekt vremenske vrijednosti novca, te aspekt kamatne stope kao cijene novca, a koja je rezultat ravnote\u017ee ponude i potra\u017enje na nov\u010danom tr\u017ei\u0161tu.<\/p>\n<p>Drugi dio knjige posve\u0107en je financijskim institucijama i tr\u017ei\u0161tima u kontekstu njihove uloge u okviru financijskog sustava. U tom dijelu posebno su obja\u0161njene vrste financijskih tr\u017ei\u0161ta, sudionici koji se na njima pojavljuju, te instrumenti kao predmet trgovanja na financijskim tr\u017ei\u0161tima. Od sudionika koji se pojavljuju na financijskim tr\u017ei\u0161tima naro\u010dita je pa\u017enja dana funkcioniranju poslovnih banaka i sredi\u0161nje banke, a obja\u0161njeno je i koja je uloga dr\u017eave na financijskim tr\u017ei\u0161tima.<\/p>\n<p>U tre\u0107em dijelu ove knjige fokus je usmjeren na analiti\u010dki dio financija \u0161to uklju\u010duje analizu financijskih izvje\u0161taja te izra\u010dun i tuma\u010denje financijskih pokazatelja. Ovaj dio napisan je tako da se cijelo vrijeme teoretski koncepti financijske analize demonstriraju na konkretnom primjeru financijske analize poduze\u0107a. Najprije su obja\u0161njeni osnovni financijski izvje\u0161taji, prikazana je horizontalna, vertikalna i trend analiza tih izvje\u0161taja, a potom su dane i obja\u0161njene formule koje su kori\u0161tene za izra\u010dun pokazatelja likvidnosti, zadu\u017eenosti, aktivnosti, profitabilnosti i vrednovanja investiranja.<\/p>\n<p>\u010cetvrti dio posve\u0107en je javnim financijama. U tom dijelu govori se \u0161to su to javne financije, koja je uloga javnog sektora te koje ekonomske funkcije ima javni sektor. U dijelu koji obra\u0111uje instrumente javnih financija obja\u0161njeno je na koji na\u010din se prikupljaju javni prihodi te na koji na\u010din se realiziraju javni rashodi. Uz navedeno u \u010detvrtom dijelu knjige obja\u0161njava se \u0161to je to javni dug i dr\u017eavni prora\u010dun s osvrtom na hrvatski primjer.<\/p>\n<p style=\"text-align: justify;\"><strong>Bilje\u0161ka o autorima:<\/strong>\u00a0<\/p>\n<p><strong>Doc.dr.sc. Ton\u0107i Svilokos<\/strong>\u00a0ro\u0111en je 1976. u Dubrovniku gdje zavr\u0161ava prirodoslovno matemati\u010dku gimnaziju. Diplomira na Fakultetu za turizam i vanjsku trgovinu Sveu\u010dili\u0161ta u Splitu 2000. godine, a na istoj instituciji stje\u010de i magisterij znanosti 2005. godine. Svoju doktorsku disertaciju obranio je na Sveu\u010dili\u0161tu u Mostaru 2010. godine na temu \u201eRazvitak financijskih tr\u017ei\u0161ta Hrvatske i drugih zemalja u regiji i njihova integracija u financijski sustav EU\u201c. U zvanje docenta izabran je u prosincu 2012. godine. Na Odjelu za ekonomiju i poslovnu ekonomiju Sveu\u010dili\u0161ta u Dubrovniku ve\u0107 niz godina sudjeluje u izvo\u0111enju nastave, prvo u ulozi asistenta, a danas u ulozi nositelja vi\u0161e kolegija iz podru\u010dja financija (\u201eOsnove financija\u201c, \u201eMonetarna ekonomija\u201c, \u201eBankarstvo\u201c, i \u201eMe\u0111unarodni financijski menad\u017ement\u201c).<\/p>\n<p style=\"text-align: justify;\"><strong>Doc.dr.sc. Meri \u0160uman Toli\u0107<\/strong>\u00a0ro\u0111ena je u Metkovi\u0107u 1975. godine. Osnovnu \u0161kolu, osnovnu glazbenu \u0161kolu i op\u0107u gimnaziju zavr\u0161ava u Plo\u010dama. Diplomirala je 1999. na Fakultetu za turizam i vanjsku trgovinu Sveu\u010dili\u0161ta u Splitu &#8211; smjer turizam. Magistrirala 2005. na Fakultetu za turizam i vanjsku trgovinu u Dubrovniku, na poslijediplomskom znanstvenom studiju \u201ePoslovna ekonomija u turizmu\u201d obraniv\u0161i magistarski rad pod nazivom \u201eUtjecaj fiskalne politike na razvoj turisti\u010dke ponude-primjer turisti\u010dke destinacije Dubrovnik\u201d. Doktorirala 2014. na Ekonomskom fakultetu Sveu\u010dili\u0161ta u Splitu, na Poslijediplomskom sveu\u010dili\u0161nom studiju \u201cEkonomija i poslovna ekonomija\u201d, obraniv\u0161i doktorsku disertaciju naslova \u201eFiskalna decentralizacija u funkciji ostvarivanja nacionalnih razvojnih ciljeva\u201c. Trenuta\u010dno izvodi predavanja i vje\u017ebe na kolegijima Osnove financija, Javne financije, Financijske institucije i tr\u017ei\u0161ta, Me\u0111unarodne financije, Porezni sustav RH i Bud\u017eetiranje kapitala na Odjelu za ekonomiju i poslovnu ekonomiju Sveu\u010dili\u0161ta u Dubrovniku.<\/p>\n<p style=\"text-align: justify;\"><strong>Klju\u010dne rije\u010di:<\/strong>\u00a0Financijski sustav, Financijske institucije i tr\u017ei\u0161ta, Financijska analiza, Javne financije<\/p>\n<p><strong>E-mail:\u00a0<\/strong>\u00a0<a href=\"mailto:tonci.svilokos@unidu.hr\">Ton\u0107i Svilokos<\/a><\/p>\n<p style=\"text-align: justify;\"><strong>Naslov:<\/strong>\u00a0Osnove financija<br \/><strong>Autor:<\/strong>\u00a0Ton\u0107i Svilokos, Meri \u0160uman Toli\u0107<br \/><strong>Broj stranica:<\/strong>\u00a0376<br \/><strong>Nakladnik:<\/strong>\u00a0REDAK<br \/><strong>Godina izdanja:<\/strong>\u00a02017.<br \/><strong>ISBN:<\/strong> 978-953-336-441-4<br \/><strong>Tisak:<\/strong>\u00a0digitalni tisak knjiga &#8211; print na zahtjev\u00a0<\/p>\n<hr \/>\n<p style=\"text-align: justify;\"><strong>Kako naru\u010diti knjigu?\u00a0<\/strong>Proces online kupovine jednako funkcionira za sve kupce, s jedinom razlikom u tome \u0161to \u0161to kupci iz inozemstva za podru\u010dje dostave moraju odabrati &#8220;Europa&#8221; ili &#8220;Ostale zemlje svijeta&#8221;, a za vrstu pla\u0107anja WSPay (kreditna kartica) ili Virmanom (bankovni transfer).<\/p>\n<p style=\"text-align: justify;\">Molimo kliknite ovdje za\u00a0<a href=\"hr\/kako-kupovati\" target=\"_blank\" rel=\"noopener noreferrer\">detaljni vodi\u010d kroz proces narud\u017ebe<\/a>\u00a0ili nas\u00a0<a href=\"hr\/kontakt\" target=\"_blank\" rel=\"noopener noreferrer\">kontaktirajte<\/a>\u00a0za vi\u0161e informacija.<\/p>\n","protected":false},"excerpt":{"rendered":"<p>Sa\u017eetak:\u00a0 Knjiga je organizirana tako da omogu\u0107i \u010ditatelju sagledati gotovo sve aspekte financija na osnovu \u010dega \u0107e biti u mogu\u0107nosti povezati ih u jednu zajedni\u010dku smislenu cjelinu. Sastoji se od \u010detiri dijela i uvodnog poglavlja. Na kraju svakog dijela nalazi se popis kori\u0161tenih izvora, a na kraju knjige dan je Pojmovnik koji sadr\u017ei definiciju svih [&hellip;]<\/p>\n","protected":false},"featured_media":8681,"comment_status":"open","ping_status":"closed","template":"","meta":{"_acf_changed":false},"product_brand":[],"product_cat":[1517],"product_tag":[],"class_list":{"0":"post-8680","1":"product","2":"type-product","3":"status-publish","4":"has-post-thumbnail","6":"product_cat-strucna-literatura","7":"pa_autor-meri-suman-tolic","8":"pa_autor-tonci-svilokos","9":"pa_nakladnik-redak","11":"first","12":"instock","13":"shipping-taxable","14":"purchasable","15":"product-type-simple"},"acf":[],"yoast_head":"<!-- This site is optimized with the Yoast SEO plugin v27.3 - https:\/\/yoast.com\/product\/yoast-seo-wordpress\/ -->\n<title>OSNOVE FINANCIJA (CRNO-BIJELI TISAK), Ton\u0107i Svilokos, Meri \u0160uman Toli\u0107 - Web-knji\u017eara<\/title>\n<meta name=\"robots\" content=\"index, follow, max-snippet:-1, max-image-preview:large, max-video-preview:-1\" \/>\n<link rel=\"canonical\" href=\"https:\/\/webknjizara.hr\/proizvod\/osnove-financija-crno-bijeli-tisak-tonci-svilokos-meri-suman-tolic\/\" \/>\n<meta property=\"og:locale\" content=\"en_US\" \/>\n<meta property=\"og:type\" content=\"article\" \/>\n<meta property=\"og:title\" content=\"OSNOVE FINANCIJA (CRNO-BIJELI TISAK), Ton\u0107i Svilokos, Meri \u0160uman Toli\u0107 - Web-knji\u017eara\" \/>\n<meta property=\"og:description\" content=\"Sa\u017eetak:\u00a0 Knjiga je organizirana tako da omogu\u0107i \u010ditatelju sagledati gotovo sve aspekte financija na osnovu \u010dega \u0107e biti u mogu\u0107nosti povezati ih u jednu zajedni\u010dku smislenu cjelinu. Sastoji se od \u010detiri dijela i uvodnog poglavlja. Na kraju svakog dijela nalazi se popis kori\u0161tenih izvora, a na kraju knjige dan je Pojmovnik koji sadr\u017ei definiciju svih [&hellip;]\" \/>\n<meta property=\"og:url\" content=\"https:\/\/webknjizara.hr\/proizvod\/osnove-financija-crno-bijeli-tisak-tonci-svilokos-meri-suman-tolic\/\" \/>\n<meta property=\"og:site_name\" content=\"Web-knji\u017eara\" \/>\n<meta property=\"article:modified_time\" content=\"2023-02-26T23:17:21+00:00\" \/>\n<meta property=\"og:image\" content=\"https:\/\/webknjizara.hr\/wp-content\/uploads\/nc\/images\/virtuemart\/product\/osnove-financija-crno-bijeli-tisak-300x419.jpg\" \/>\n\t<meta property=\"og:image:width\" content=\"300\" \/>\n\t<meta property=\"og:image:height\" content=\"419\" \/>\n\t<meta property=\"og:image:type\" content=\"image\/jpeg\" \/>\n<meta name=\"twitter:card\" content=\"summary_large_image\" \/>\n<meta name=\"twitter:label1\" content=\"Est. reading time\" \/>\n\t<meta name=\"twitter:data1\" content=\"4 minutes\" \/>\n<script type=\"application\/ld+json\" class=\"yoast-schema-graph\">{\"@context\":\"https:\\\/\\\/schema.org\",\"@graph\":[{\"@type\":\"WebPage\",\"@id\":\"https:\\\/\\\/webknjizara.hr\\\/proizvod\\\/osnove-financija-crno-bijeli-tisak-tonci-svilokos-meri-suman-tolic\\\/\",\"url\":\"https:\\\/\\\/webknjizara.hr\\\/proizvod\\\/osnove-financija-crno-bijeli-tisak-tonci-svilokos-meri-suman-tolic\\\/\",\"name\":\"OSNOVE FINANCIJA (CRNO-BIJELI TISAK), Ton\u0107i Svilokos, Meri \u0160uman Toli\u0107 - Web-knji\u017eara\",\"isPartOf\":{\"@id\":\"https:\\\/\\\/webknjizara.hr\\\/#website\"},\"primaryImageOfPage\":{\"@id\":\"https:\\\/\\\/webknjizara.hr\\\/proizvod\\\/osnove-financija-crno-bijeli-tisak-tonci-svilokos-meri-suman-tolic\\\/#primaryimage\"},\"image\":{\"@id\":\"https:\\\/\\\/webknjizara.hr\\\/proizvod\\\/osnove-financija-crno-bijeli-tisak-tonci-svilokos-meri-suman-tolic\\\/#primaryimage\"},\"thumbnailUrl\":\"https:\\\/\\\/webknjizara.hr\\\/wp-content\\\/uploads\\\/nc\\\/images\\\/virtuemart\\\/product\\\/osnove-financija-crno-bijeli-tisak-300x419.jpg\",\"datePublished\":\"2018-01-25T13:23:52+00:00\",\"dateModified\":\"2023-02-26T23:17:21+00:00\",\"breadcrumb\":{\"@id\":\"https:\\\/\\\/webknjizara.hr\\\/proizvod\\\/osnove-financija-crno-bijeli-tisak-tonci-svilokos-meri-suman-tolic\\\/#breadcrumb\"},\"inLanguage\":\"en-US\",\"potentialAction\":[{\"@type\":\"ReadAction\",\"target\":[\"https:\\\/\\\/webknjizara.hr\\\/proizvod\\\/osnove-financija-crno-bijeli-tisak-tonci-svilokos-meri-suman-tolic\\\/\"]}]},{\"@type\":\"ImageObject\",\"inLanguage\":\"en-US\",\"@id\":\"https:\\\/\\\/webknjizara.hr\\\/proizvod\\\/osnove-financija-crno-bijeli-tisak-tonci-svilokos-meri-suman-tolic\\\/#primaryimage\",\"url\":\"https:\\\/\\\/webknjizara.hr\\\/wp-content\\\/uploads\\\/nc\\\/images\\\/virtuemart\\\/product\\\/osnove-financija-crno-bijeli-tisak-300x419.jpg\",\"contentUrl\":\"https:\\\/\\\/webknjizara.hr\\\/wp-content\\\/uploads\\\/nc\\\/images\\\/virtuemart\\\/product\\\/osnove-financija-crno-bijeli-tisak-300x419.jpg\",\"width\":300,\"height\":419,\"caption\":\"OSNOVE FINANCIJA (CRNO-BIJELI TISAK), Ton\u0107i Svilokos, Meri \u0160uman Toli\u0107\"},{\"@type\":\"BreadcrumbList\",\"@id\":\"https:\\\/\\\/webknjizara.hr\\\/proizvod\\\/osnove-financija-crno-bijeli-tisak-tonci-svilokos-meri-suman-tolic\\\/#breadcrumb\",\"itemListElement\":[{\"@type\":\"ListItem\",\"position\":1,\"name\":\"Po\u010detna stranica\",\"item\":\"https:\\\/\\\/webknjizara.hr\\\/en\\\/\"},{\"@type\":\"ListItem\",\"position\":2,\"name\":\"Shop\",\"item\":\"https:\\\/\\\/webknjizara.hr\\\/shop\\\/\"},{\"@type\":\"ListItem\",\"position\":3,\"name\":\"OSNOVE FINANCIJA (CRNO-BIJELI TISAK), Ton\u0107i Svilokos, Meri \u0160uman Toli\u0107\"}]},{\"@type\":\"WebSite\",\"@id\":\"https:\\\/\\\/webknjizara.hr\\\/#website\",\"url\":\"https:\\\/\\\/webknjizara.hr\\\/\",\"name\":\"Web Knji\u017eara\",\"description\":\"\",\"publisher\":{\"@id\":\"https:\\\/\\\/webknjizara.hr\\\/#organization\"},\"potentialAction\":[{\"@type\":\"SearchAction\",\"target\":{\"@type\":\"EntryPoint\",\"urlTemplate\":\"https:\\\/\\\/webknjizara.hr\\\/?s={search_term_string}\"},\"query-input\":{\"@type\":\"PropertyValueSpecification\",\"valueRequired\":true,\"valueName\":\"search_term_string\"}}],\"inLanguage\":\"en-US\"},{\"@type\":\"Organization\",\"@id\":\"https:\\\/\\\/webknjizara.hr\\\/#organization\",\"name\":\"REDAK D.O.O.\",\"url\":\"https:\\\/\\\/webknjizara.hr\\\/\",\"logo\":{\"@type\":\"ImageObject\",\"inLanguage\":\"en-US\",\"@id\":\"https:\\\/\\\/webknjizara.hr\\\/#\\\/schema\\\/logo\\\/image\\\/\",\"url\":\"https:\\\/\\\/webknjizara.hr\\\/wp-content\\\/uploads\\\/2023\\\/01\\\/web-knjizara-logo.webp\",\"contentUrl\":\"https:\\\/\\\/webknjizara.hr\\\/wp-content\\\/uploads\\\/2023\\\/01\\\/web-knjizara-logo.webp\",\"width\":324,\"height\":79,\"caption\":\"REDAK D.O.O.\"},\"image\":{\"@id\":\"https:\\\/\\\/webknjizara.hr\\\/#\\\/schema\\\/logo\\\/image\\\/\"}}]}<\/script>\n<!-- \/ Yoast SEO plugin. -->","yoast_head_json":{"title":"OSNOVE FINANCIJA (CRNO-BIJELI TISAK), Ton\u0107i Svilokos, Meri \u0160uman Toli\u0107 - Web-knji\u017eara","robots":{"index":"index","follow":"follow","max-snippet":"max-snippet:-1","max-image-preview":"max-image-preview:large","max-video-preview":"max-video-preview:-1"},"canonical":"https:\/\/webknjizara.hr\/proizvod\/osnove-financija-crno-bijeli-tisak-tonci-svilokos-meri-suman-tolic\/","og_locale":"en_US","og_type":"article","og_title":"OSNOVE FINANCIJA (CRNO-BIJELI TISAK), Ton\u0107i Svilokos, Meri \u0160uman Toli\u0107 - Web-knji\u017eara","og_description":"Sa\u017eetak:\u00a0 Knjiga je organizirana tako da omogu\u0107i \u010ditatelju sagledati gotovo sve aspekte financija na osnovu \u010dega \u0107e biti u mogu\u0107nosti povezati ih u jednu zajedni\u010dku smislenu cjelinu. Sastoji se od \u010detiri dijela i uvodnog poglavlja. Na kraju svakog dijela nalazi se popis kori\u0161tenih izvora, a na kraju knjige dan je Pojmovnik koji sadr\u017ei definiciju svih [&hellip;]","og_url":"https:\/\/webknjizara.hr\/proizvod\/osnove-financija-crno-bijeli-tisak-tonci-svilokos-meri-suman-tolic\/","og_site_name":"Web-knji\u017eara","article_modified_time":"2023-02-26T23:17:21+00:00","og_image":[{"width":300,"height":419,"url":"https:\/\/webknjizara.hr\/wp-content\/uploads\/nc\/images\/virtuemart\/product\/osnove-financija-crno-bijeli-tisak-300x419.jpg","type":"image\/jpeg"}],"twitter_card":"summary_large_image","twitter_misc":{"Est. reading time":"4 minutes"},"schema":{"@context":"https:\/\/schema.org","@graph":[{"@type":"WebPage","@id":"https:\/\/webknjizara.hr\/proizvod\/osnove-financija-crno-bijeli-tisak-tonci-svilokos-meri-suman-tolic\/","url":"https:\/\/webknjizara.hr\/proizvod\/osnove-financija-crno-bijeli-tisak-tonci-svilokos-meri-suman-tolic\/","name":"OSNOVE FINANCIJA (CRNO-BIJELI TISAK), Ton\u0107i Svilokos, Meri \u0160uman Toli\u0107 - Web-knji\u017eara","isPartOf":{"@id":"https:\/\/webknjizara.hr\/#website"},"primaryImageOfPage":{"@id":"https:\/\/webknjizara.hr\/proizvod\/osnove-financija-crno-bijeli-tisak-tonci-svilokos-meri-suman-tolic\/#primaryimage"},"image":{"@id":"https:\/\/webknjizara.hr\/proizvod\/osnove-financija-crno-bijeli-tisak-tonci-svilokos-meri-suman-tolic\/#primaryimage"},"thumbnailUrl":"https:\/\/webknjizara.hr\/wp-content\/uploads\/nc\/images\/virtuemart\/product\/osnove-financija-crno-bijeli-tisak-300x419.jpg","datePublished":"2018-01-25T13:23:52+00:00","dateModified":"2023-02-26T23:17:21+00:00","breadcrumb":{"@id":"https:\/\/webknjizara.hr\/proizvod\/osnove-financija-crno-bijeli-tisak-tonci-svilokos-meri-suman-tolic\/#breadcrumb"},"inLanguage":"en-US","potentialAction":[{"@type":"ReadAction","target":["https:\/\/webknjizara.hr\/proizvod\/osnove-financija-crno-bijeli-tisak-tonci-svilokos-meri-suman-tolic\/"]}]},{"@type":"ImageObject","inLanguage":"en-US","@id":"https:\/\/webknjizara.hr\/proizvod\/osnove-financija-crno-bijeli-tisak-tonci-svilokos-meri-suman-tolic\/#primaryimage","url":"https:\/\/webknjizara.hr\/wp-content\/uploads\/nc\/images\/virtuemart\/product\/osnove-financija-crno-bijeli-tisak-300x419.jpg","contentUrl":"https:\/\/webknjizara.hr\/wp-content\/uploads\/nc\/images\/virtuemart\/product\/osnove-financija-crno-bijeli-tisak-300x419.jpg","width":300,"height":419,"caption":"OSNOVE FINANCIJA (CRNO-BIJELI TISAK), Ton\u0107i Svilokos, Meri \u0160uman Toli\u0107"},{"@type":"BreadcrumbList","@id":"https:\/\/webknjizara.hr\/proizvod\/osnove-financija-crno-bijeli-tisak-tonci-svilokos-meri-suman-tolic\/#breadcrumb","itemListElement":[{"@type":"ListItem","position":1,"name":"Po\u010detna stranica","item":"https:\/\/webknjizara.hr\/en\/"},{"@type":"ListItem","position":2,"name":"Shop","item":"https:\/\/webknjizara.hr\/shop\/"},{"@type":"ListItem","position":3,"name":"OSNOVE FINANCIJA (CRNO-BIJELI TISAK), Ton\u0107i Svilokos, Meri \u0160uman Toli\u0107"}]},{"@type":"WebSite","@id":"https:\/\/webknjizara.hr\/#website","url":"https:\/\/webknjizara.hr\/","name":"Web Knji\u017eara","description":"","publisher":{"@id":"https:\/\/webknjizara.hr\/#organization"},"potentialAction":[{"@type":"SearchAction","target":{"@type":"EntryPoint","urlTemplate":"https:\/\/webknjizara.hr\/?s={search_term_string}"},"query-input":{"@type":"PropertyValueSpecification","valueRequired":true,"valueName":"search_term_string"}}],"inLanguage":"en-US"},{"@type":"Organization","@id":"https:\/\/webknjizara.hr\/#organization","name":"REDAK D.O.O.","url":"https:\/\/webknjizara.hr\/","logo":{"@type":"ImageObject","inLanguage":"en-US","@id":"https:\/\/webknjizara.hr\/#\/schema\/logo\/image\/","url":"https:\/\/webknjizara.hr\/wp-content\/uploads\/2023\/01\/web-knjizara-logo.webp","contentUrl":"https:\/\/webknjizara.hr\/wp-content\/uploads\/2023\/01\/web-knjizara-logo.webp","width":324,"height":79,"caption":"REDAK D.O.O."},"image":{"@id":"https:\/\/webknjizara.hr\/#\/schema\/logo\/image\/"}}]}},"_links":{"self":[{"href":"https:\/\/webknjizara.hr\/en\/wp-json\/wp\/v2\/product\/8680","targetHints":{"allow":["GET"]}}],"collection":[{"href":"https:\/\/webknjizara.hr\/en\/wp-json\/wp\/v2\/product"}],"about":[{"href":"https:\/\/webknjizara.hr\/en\/wp-json\/wp\/v2\/types\/product"}],"replies":[{"embeddable":true,"href":"https:\/\/webknjizara.hr\/en\/wp-json\/wp\/v2\/comments?post=8680"}],"wp:featuredmedia":[{"embeddable":true,"href":"https:\/\/webknjizara.hr\/en\/wp-json\/wp\/v2\/media\/8681"}],"wp:attachment":[{"href":"https:\/\/webknjizara.hr\/en\/wp-json\/wp\/v2\/media?parent=8680"}],"wp:term":[{"taxonomy":"product_brand","embeddable":true,"href":"https:\/\/webknjizara.hr\/en\/wp-json\/wp\/v2\/product_brand?post=8680"},{"taxonomy":"product_cat","embeddable":true,"href":"https:\/\/webknjizara.hr\/en\/wp-json\/wp\/v2\/product_cat?post=8680"},{"taxonomy":"product_tag","embeddable":true,"href":"https:\/\/webknjizara.hr\/en\/wp-json\/wp\/v2\/product_tag?post=8680"}],"curies":[{"name":"wp","href":"https:\/\/api.w.org\/{rel}","templated":true}]}}