{"id":8673,"date":"2017-12-29T21:14:09","date_gmt":"2017-12-29T21:14:09","guid":{"rendered":"https:\/\/webknjizara.hr\/?product=teorija-i-primjena-baza-podataka-tisak-u-boji-prof-dr-sc-mirko-malekovic-izv-prof-dr-sc-markus-schatten"},"modified":"2023-02-27T00:17:20","modified_gmt":"2023-02-26T23:17:20","slug":"teorija-i-primjena-baza-podataka-tisak-u-boji-izv-prof-dr-sc-markus-schatten","status":"publish","type":"product","link":"https:\/\/webknjizara.hr\/en\/proizvod\/teorija-i-primjena-baza-podataka-tisak-u-boji-izv-prof-dr-sc-markus-schatten\/","title":{"rendered":"TEORIJA I PRIMJENA BAZA PODATAKA (TISAK U BOJI), Prof. dr. sc. Mirko Malekovi\u0107, Izv. prof. dr. sc. Markus Schatten"},"content":{"rendered":"<p style=\"text-align: justify;\"><strong>Sa\u017eetak:<\/strong> <\/p>\n<p>Sveu\u010dili\u0161ni ud\u017ebenik Teorija i primjena baza podataka, kako joj i sam naslov govori, sastoji se od dva dijela: teorijskog i primjenjenog. U prvom dijelu obra\u0111ene su najva\u017enije teorijske postavke baza podataka po\u010dev\u0161i od simboli\u010dke logike (propozicijska logika i logika prvog reda), relacijskih baza podataka (model podataka, relacijska algebra, zavisnosti u relacijskim bazama podataka, formalni sustavi, implikacijski problem, normalne forme), parcijalnih baza podataka (parcijalna relacija, jednakost parcijalnih slogova, zavisnosti u parcijalnim bazama podataka, formalni sustav za egzistencijske zavisnosti, tipovi logi\u010dkih posljedica), temporalnih baza podataka (temporalne relacije, relacijski operatori za temporalne relacije, zatvaranje i otvaranje intervalnih relacija), deduktivnih baza podataka (sintaksa i semantika deduktivne baze podataka, Datalog, ra\u010dunanje pravila, pro\u0161irenja Dataloga), aktivnih baza podataka (akcije, doga\u0111aji, transakcije, produkcijska pravila, implicitni doga\u0111aji, konflikti u aktivnim bazama podataka), poop\u0107enih relacijskih baza podataka (particijska normalna forma, relacijski operatori za relacije u poop\u0107enoj normalnoj formi), polustrukturiranih baza podataka (polustrukturirani model podataka, podatkovni grafovi, ograni\u010denja nad polustrukturiranim podacima, postupci mapiranja i reduciranja), objektno-orijentiranih baza podataka (objektno-orijentirani model podataka, funkcije, identitet objekta, metode, u\u010dahurenje, polimorfizam, naslje\u0111ivanje) te na kraju teorije i njezine verifikacije (koncepti, klasifikacija koncepata, koncepti intuicije, koncepti postulacije, faze istra\u017eiva\u010dkog postupka). Drugi dio knjige obra\u0111uje koncepte izgradnje naprednih baza podataka koriste\u0107i niz sustava za upravljanje bazama podataka kao \u0161to su to PostgreSQL, DES (engl. Datalog Educational System), ZODB (engl. Zope Object Database), eXistDB i drugi. Poglavlje uz mno\u0161tvo primjera, prikazuje i primjere aplikacija koje naprednije baze podataka stavlja u odgovaraju\u0107i (aplikativni) kontekst. Kroz cijelu knjigu prote\u017eu se zadaci za samostalni rad koji potpoma\u017eu pri savladavanju gradiva, a na kraju knjige dan je i popis potencijalnih prakti\u010dnih projekata koji mogu slu\u017eiti kao putokaz za primjene naprednih baza podataka u aplikativnom smislu.<\/p>\n<p style=\"text-align: justify;\"><strong>Bilje\u0161ka o autorima:<br \/><\/strong><br \/><strong>Markus Schatten<\/strong> je izvanredni profesor i voditelj Laboratorija za umjetnu inteligenciju na Fakultetu organizacije i informatike Sveu\u010dili\u0161ta u Zagrebu. Obranio je doktorat u podru\u010dju infomacijskih i komunikacijskih znanosti, znanstveni magisterij u podru\u010dju informacijskih znanosti te diplomu na prediplomskom studiju Informacijski sustavi. Autor je preko 80 znanstvenih i stru\u010dnih radova te dvije knjige. Dr\u017ei nastavu na svima razinama studija (prediplomski, diplomski i doktorski studij) iz podru\u010dja vezanih uz baze podataka, semanti\u010dko modeliranje, programiranje i umjetnu inteligenciju. Njegovo podru\u010dje istra\u017eivanja su vi\u0161eagentni sustavi, semanti\u010dki Web, Internet stvari, organizacijska teorija, autopoiesis i rudarenje dru\u0161tvenog Weba.<\/p>\n<p style=\"text-align: justify;\"><strong>Mirko Malekovi\u0107<\/strong> redoviti je professor, u trajnom zvanju, Informacijskih znanosti na Fakultetu organizacije i informatike, Vara\u017edin, Sveu\u010dili\u0161te u Zagrebu. Predaje kolegije iz Baza podataka na preddiplomskom i diplomskom studiju, Upravljanje znanjem na preddiplomskom studiju, te Odabrana poglavlja iz Upravljanja znanjem na doktorskom studiju. Podru\u010dja profesionalne ekspertize i istra\u017eiva\u010dkog interesa uklju\u010duju: Baze podataka, Modeliranje podataka, Teoriju baza podataka, Vi\u0161eagentne sustave, Rezoniranje o znanju i Upravljanje znanjem. U koautorstvu s profesorom Kornelijem Rabuzinom napisao je sveu\u010di\u0161ni ud\u017ebenik Uvod u baze podataka.<\/p>\n<p style=\"text-align: justify;\"><strong>Klju\u010dne rije\u010di:<\/strong> Baza podataka, teorija baza podataka, relacijska baza podataka, parcijalna baza podataka, deduktivna baza podataka, objektno-orijentirana baza podataka, poop\u0107ena baza podataka, polustrukturirana baza podataka, aktivna baza podataka, podatkovni graf, mapreduce, postgresql, zodb, des, exist<\/p>\n<p><strong>Linkovi:<\/strong>\u00a0<br \/><a href=\"https:\/\/www.foi.unizg.hr\/hr\/djelatnici\/mirko.malekovic\">https:\/\/www.foi.unizg.hr\/hr\/djelatnici\/mirko.malekovic<\/a>\u00a0<br \/><a href=\"https:\/\/www.foi.unizg.hr\/hr\/djelatnici\/markus.schatten\">https:\/\/www.foi.unizg.hr\/hr\/djelatnici\/markus.schatten<\/a><\/p>\n<p><strong>Naslov:<\/strong> Teorija i primjena baza podataka (tisak u boji)<br \/><strong>Autor:<\/strong>\u00a0Prof. dr. sc. Mirko Malekovi\u0107, Izv. prof. dr. sc. Markus Schatten<br \/><strong>Broj stranica:<\/strong> 428<br \/><strong>Nakladnik:<\/strong> Fakultet organizacije i informatike<br \/><strong>Godina izdanja:<\/strong> 2017.<br \/><strong>ISBN:<\/strong> 978-953-6071-62-3\u00a0<br \/><strong>Tisak:<\/strong> digitalni tisak knjiga &#8211; print na zahtjev\u00a0<\/p>\n<hr \/>\n<p style=\"text-align: justify;\"><strong>Kako naru\u010diti knjigu?\u00a0<\/strong>Proces online kupovine jednako funkcionira za sve kupce, s jedinom razlikom u tome \u0161to \u0161to kupci iz inozemstva za podru\u010dje dostave moraju odabrati &#8220;Europa&#8221; ili &#8220;Ostale zemlje svijeta&#8221;, a za vrstu pla\u0107anja WSPay (kreditna kartica) ili Virmanom (bankovni transfer).<\/p>\n<p style=\"text-align: justify;\">Molimo kliknite ovdje za\u00a0<a href=\"hr\/kako-kupovati\" target=\"_blank\" rel=\"noopener noreferrer\">detaljni vodi\u010d kroz proces narud\u017ebe<\/a>\u00a0ili nas\u00a0<a href=\"hr\/kontakt\" target=\"_blank\" rel=\"noopener noreferrer\">kontaktirajte<\/a>\u00a0za vi\u0161e informacija.<\/p>\n","protected":false},"excerpt":{"rendered":"<p>Sa\u017eetak: Sveu\u010dili\u0161ni ud\u017ebenik Teorija i primjena baza podataka, kako joj i sam naslov govori, sastoji se od dva dijela: teorijskog i primjenjenog. U prvom dijelu obra\u0111ene su najva\u017enije teorijske postavke baza podataka po\u010dev\u0161i od simboli\u010dke logike (propozicijska logika i logika prvog reda), relacijskih baza podataka (model podataka, relacijska algebra, zavisnosti u relacijskim bazama podataka, formalni [&hellip;]<\/p>\n","protected":false},"featured_media":8674,"comment_status":"open","ping_status":"closed","template":"","meta":{"_acf_changed":false},"product_brand":[],"product_cat":[1517],"product_tag":[],"class_list":{"0":"post-8673","1":"product","2":"type-product","3":"status-publish","4":"has-post-thumbnail","6":"product_cat-strucna-literatura","7":"pa_autor-izv-prof-dr-sc-markus-schatten","8":"pa_nakladnik-fakultet-organizacije-i-informatike","10":"first","11":"instock","12":"shipping-taxable","13":"purchasable","14":"product-type-simple"},"acf":[],"yoast_head":"<!-- This site is optimized with the Yoast SEO plugin v27.3 - https:\/\/yoast.com\/product\/yoast-seo-wordpress\/ -->\n<title>TEORIJA I PRIMJENA BAZA PODATAKA (TISAK U BOJI), Prof. dr. sc. Mirko Malekovi\u0107, Izv. prof. dr. sc. Markus Schatten - Web-knji\u017eara<\/title>\n<meta name=\"robots\" content=\"index, follow, max-snippet:-1, max-image-preview:large, max-video-preview:-1\" \/>\n<link rel=\"canonical\" href=\"https:\/\/webknjizara.hr\/proizvod\/teorija-i-primjena-baza-podataka-tisak-u-boji-izv-prof-dr-sc-markus-schatten\/\" \/>\n<meta property=\"og:locale\" content=\"en_US\" \/>\n<meta property=\"og:type\" content=\"article\" \/>\n<meta property=\"og:title\" content=\"TEORIJA I PRIMJENA BAZA PODATAKA (TISAK U BOJI), Prof. dr. sc. Mirko Malekovi\u0107, Izv. prof. dr. sc. Markus Schatten - Web-knji\u017eara\" \/>\n<meta property=\"og:description\" content=\"Sa\u017eetak: Sveu\u010dili\u0161ni ud\u017ebenik Teorija i primjena baza podataka, kako joj i sam naslov govori, sastoji se od dva dijela: teorijskog i primjenjenog. U prvom dijelu obra\u0111ene su najva\u017enije teorijske postavke baza podataka po\u010dev\u0161i od simboli\u010dke logike (propozicijska logika i logika prvog reda), relacijskih baza podataka (model podataka, relacijska algebra, zavisnosti u relacijskim bazama podataka, formalni [&hellip;]\" \/>\n<meta property=\"og:url\" content=\"https:\/\/webknjizara.hr\/proizvod\/teorija-i-primjena-baza-podataka-tisak-u-boji-izv-prof-dr-sc-markus-schatten\/\" \/>\n<meta property=\"og:site_name\" content=\"Web-knji\u017eara\" \/>\n<meta property=\"article:modified_time\" content=\"2023-02-26T23:17:20+00:00\" \/>\n<meta property=\"og:image\" content=\"https:\/\/webknjizara.hr\/wp-content\/uploads\/nc\/images\/virtuemart\/product\/naslovnica-za-web-kolor-300x419.jpg\" \/>\n\t<meta property=\"og:image:width\" content=\"300\" \/>\n\t<meta property=\"og:image:height\" content=\"419\" \/>\n\t<meta property=\"og:image:type\" content=\"image\/jpeg\" \/>\n<meta name=\"twitter:card\" content=\"summary_large_image\" \/>\n<meta name=\"twitter:label1\" content=\"Est. reading time\" \/>\n\t<meta name=\"twitter:data1\" content=\"3 minutes\" \/>\n<script type=\"application\/ld+json\" class=\"yoast-schema-graph\">{\"@context\":\"https:\\\/\\\/schema.org\",\"@graph\":[{\"@type\":\"WebPage\",\"@id\":\"https:\\\/\\\/webknjizara.hr\\\/proizvod\\\/teorija-i-primjena-baza-podataka-tisak-u-boji-izv-prof-dr-sc-markus-schatten\\\/\",\"url\":\"https:\\\/\\\/webknjizara.hr\\\/proizvod\\\/teorija-i-primjena-baza-podataka-tisak-u-boji-izv-prof-dr-sc-markus-schatten\\\/\",\"name\":\"TEORIJA I PRIMJENA BAZA PODATAKA (TISAK U BOJI), Prof. dr. sc. Mirko Malekovi\u0107, Izv. prof. dr. sc. Markus Schatten - Web-knji\u017eara\",\"isPartOf\":{\"@id\":\"https:\\\/\\\/webknjizara.hr\\\/#website\"},\"primaryImageOfPage\":{\"@id\":\"https:\\\/\\\/webknjizara.hr\\\/proizvod\\\/teorija-i-primjena-baza-podataka-tisak-u-boji-izv-prof-dr-sc-markus-schatten\\\/#primaryimage\"},\"image\":{\"@id\":\"https:\\\/\\\/webknjizara.hr\\\/proizvod\\\/teorija-i-primjena-baza-podataka-tisak-u-boji-izv-prof-dr-sc-markus-schatten\\\/#primaryimage\"},\"thumbnailUrl\":\"https:\\\/\\\/webknjizara.hr\\\/wp-content\\\/uploads\\\/nc\\\/images\\\/virtuemart\\\/product\\\/naslovnica-za-web-kolor-300x419.jpg\",\"datePublished\":\"2017-12-29T21:14:09+00:00\",\"dateModified\":\"2023-02-26T23:17:20+00:00\",\"breadcrumb\":{\"@id\":\"https:\\\/\\\/webknjizara.hr\\\/proizvod\\\/teorija-i-primjena-baza-podataka-tisak-u-boji-izv-prof-dr-sc-markus-schatten\\\/#breadcrumb\"},\"inLanguage\":\"en-US\",\"potentialAction\":[{\"@type\":\"ReadAction\",\"target\":[\"https:\\\/\\\/webknjizara.hr\\\/proizvod\\\/teorija-i-primjena-baza-podataka-tisak-u-boji-izv-prof-dr-sc-markus-schatten\\\/\"]}]},{\"@type\":\"ImageObject\",\"inLanguage\":\"en-US\",\"@id\":\"https:\\\/\\\/webknjizara.hr\\\/proizvod\\\/teorija-i-primjena-baza-podataka-tisak-u-boji-izv-prof-dr-sc-markus-schatten\\\/#primaryimage\",\"url\":\"https:\\\/\\\/webknjizara.hr\\\/wp-content\\\/uploads\\\/nc\\\/images\\\/virtuemart\\\/product\\\/naslovnica-za-web-kolor-300x419.jpg\",\"contentUrl\":\"https:\\\/\\\/webknjizara.hr\\\/wp-content\\\/uploads\\\/nc\\\/images\\\/virtuemart\\\/product\\\/naslovnica-za-web-kolor-300x419.jpg\",\"width\":300,\"height\":419,\"caption\":\"TEORIJA I PRIMJENA BAZA PODATAKA (TISAK U BOJI), Prof. dr. sc. Mirko Malekovi\u0107, Izv. prof. dr. sc. Markus Schatten\"},{\"@type\":\"BreadcrumbList\",\"@id\":\"https:\\\/\\\/webknjizara.hr\\\/proizvod\\\/teorija-i-primjena-baza-podataka-tisak-u-boji-izv-prof-dr-sc-markus-schatten\\\/#breadcrumb\",\"itemListElement\":[{\"@type\":\"ListItem\",\"position\":1,\"name\":\"Po\u010detna stranica\",\"item\":\"https:\\\/\\\/webknjizara.hr\\\/en\\\/\"},{\"@type\":\"ListItem\",\"position\":2,\"name\":\"Shop\",\"item\":\"https:\\\/\\\/webknjizara.hr\\\/shop\\\/\"},{\"@type\":\"ListItem\",\"position\":3,\"name\":\"TEORIJA I PRIMJENA BAZA PODATAKA (TISAK U BOJI), Prof. dr. sc. Mirko Malekovi\u0107, Izv. prof. dr. sc. Markus Schatten\"}]},{\"@type\":\"WebSite\",\"@id\":\"https:\\\/\\\/webknjizara.hr\\\/#website\",\"url\":\"https:\\\/\\\/webknjizara.hr\\\/\",\"name\":\"Web Knji\u017eara\",\"description\":\"\",\"publisher\":{\"@id\":\"https:\\\/\\\/webknjizara.hr\\\/#organization\"},\"potentialAction\":[{\"@type\":\"SearchAction\",\"target\":{\"@type\":\"EntryPoint\",\"urlTemplate\":\"https:\\\/\\\/webknjizara.hr\\\/?s={search_term_string}\"},\"query-input\":{\"@type\":\"PropertyValueSpecification\",\"valueRequired\":true,\"valueName\":\"search_term_string\"}}],\"inLanguage\":\"en-US\"},{\"@type\":\"Organization\",\"@id\":\"https:\\\/\\\/webknjizara.hr\\\/#organization\",\"name\":\"REDAK D.O.O.\",\"url\":\"https:\\\/\\\/webknjizara.hr\\\/\",\"logo\":{\"@type\":\"ImageObject\",\"inLanguage\":\"en-US\",\"@id\":\"https:\\\/\\\/webknjizara.hr\\\/#\\\/schema\\\/logo\\\/image\\\/\",\"url\":\"https:\\\/\\\/webknjizara.hr\\\/wp-content\\\/uploads\\\/2023\\\/01\\\/web-knjizara-logo.webp\",\"contentUrl\":\"https:\\\/\\\/webknjizara.hr\\\/wp-content\\\/uploads\\\/2023\\\/01\\\/web-knjizara-logo.webp\",\"width\":324,\"height\":79,\"caption\":\"REDAK D.O.O.\"},\"image\":{\"@id\":\"https:\\\/\\\/webknjizara.hr\\\/#\\\/schema\\\/logo\\\/image\\\/\"}}]}<\/script>\n<!-- \/ Yoast SEO plugin. -->","yoast_head_json":{"title":"TEORIJA I PRIMJENA BAZA PODATAKA (TISAK U BOJI), Prof. dr. sc. Mirko Malekovi\u0107, Izv. prof. dr. sc. Markus Schatten - Web-knji\u017eara","robots":{"index":"index","follow":"follow","max-snippet":"max-snippet:-1","max-image-preview":"max-image-preview:large","max-video-preview":"max-video-preview:-1"},"canonical":"https:\/\/webknjizara.hr\/proizvod\/teorija-i-primjena-baza-podataka-tisak-u-boji-izv-prof-dr-sc-markus-schatten\/","og_locale":"en_US","og_type":"article","og_title":"TEORIJA I PRIMJENA BAZA PODATAKA (TISAK U BOJI), Prof. dr. sc. Mirko Malekovi\u0107, Izv. prof. dr. sc. Markus Schatten - Web-knji\u017eara","og_description":"Sa\u017eetak: Sveu\u010dili\u0161ni ud\u017ebenik Teorija i primjena baza podataka, kako joj i sam naslov govori, sastoji se od dva dijela: teorijskog i primjenjenog. U prvom dijelu obra\u0111ene su najva\u017enije teorijske postavke baza podataka po\u010dev\u0161i od simboli\u010dke logike (propozicijska logika i logika prvog reda), relacijskih baza podataka (model podataka, relacijska algebra, zavisnosti u relacijskim bazama podataka, formalni [&hellip;]","og_url":"https:\/\/webknjizara.hr\/proizvod\/teorija-i-primjena-baza-podataka-tisak-u-boji-izv-prof-dr-sc-markus-schatten\/","og_site_name":"Web-knji\u017eara","article_modified_time":"2023-02-26T23:17:20+00:00","og_image":[{"width":300,"height":419,"url":"https:\/\/webknjizara.hr\/wp-content\/uploads\/nc\/images\/virtuemart\/product\/naslovnica-za-web-kolor-300x419.jpg","type":"image\/jpeg"}],"twitter_card":"summary_large_image","twitter_misc":{"Est. reading time":"3 minutes"},"schema":{"@context":"https:\/\/schema.org","@graph":[{"@type":"WebPage","@id":"https:\/\/webknjizara.hr\/proizvod\/teorija-i-primjena-baza-podataka-tisak-u-boji-izv-prof-dr-sc-markus-schatten\/","url":"https:\/\/webknjizara.hr\/proizvod\/teorija-i-primjena-baza-podataka-tisak-u-boji-izv-prof-dr-sc-markus-schatten\/","name":"TEORIJA I PRIMJENA BAZA PODATAKA (TISAK U BOJI), Prof. dr. sc. Mirko Malekovi\u0107, Izv. prof. dr. sc. Markus Schatten - Web-knji\u017eara","isPartOf":{"@id":"https:\/\/webknjizara.hr\/#website"},"primaryImageOfPage":{"@id":"https:\/\/webknjizara.hr\/proizvod\/teorija-i-primjena-baza-podataka-tisak-u-boji-izv-prof-dr-sc-markus-schatten\/#primaryimage"},"image":{"@id":"https:\/\/webknjizara.hr\/proizvod\/teorija-i-primjena-baza-podataka-tisak-u-boji-izv-prof-dr-sc-markus-schatten\/#primaryimage"},"thumbnailUrl":"https:\/\/webknjizara.hr\/wp-content\/uploads\/nc\/images\/virtuemart\/product\/naslovnica-za-web-kolor-300x419.jpg","datePublished":"2017-12-29T21:14:09+00:00","dateModified":"2023-02-26T23:17:20+00:00","breadcrumb":{"@id":"https:\/\/webknjizara.hr\/proizvod\/teorija-i-primjena-baza-podataka-tisak-u-boji-izv-prof-dr-sc-markus-schatten\/#breadcrumb"},"inLanguage":"en-US","potentialAction":[{"@type":"ReadAction","target":["https:\/\/webknjizara.hr\/proizvod\/teorija-i-primjena-baza-podataka-tisak-u-boji-izv-prof-dr-sc-markus-schatten\/"]}]},{"@type":"ImageObject","inLanguage":"en-US","@id":"https:\/\/webknjizara.hr\/proizvod\/teorija-i-primjena-baza-podataka-tisak-u-boji-izv-prof-dr-sc-markus-schatten\/#primaryimage","url":"https:\/\/webknjizara.hr\/wp-content\/uploads\/nc\/images\/virtuemart\/product\/naslovnica-za-web-kolor-300x419.jpg","contentUrl":"https:\/\/webknjizara.hr\/wp-content\/uploads\/nc\/images\/virtuemart\/product\/naslovnica-za-web-kolor-300x419.jpg","width":300,"height":419,"caption":"TEORIJA I PRIMJENA BAZA PODATAKA (TISAK U BOJI), Prof. dr. sc. Mirko Malekovi\u0107, Izv. prof. dr. sc. Markus Schatten"},{"@type":"BreadcrumbList","@id":"https:\/\/webknjizara.hr\/proizvod\/teorija-i-primjena-baza-podataka-tisak-u-boji-izv-prof-dr-sc-markus-schatten\/#breadcrumb","itemListElement":[{"@type":"ListItem","position":1,"name":"Po\u010detna stranica","item":"https:\/\/webknjizara.hr\/en\/"},{"@type":"ListItem","position":2,"name":"Shop","item":"https:\/\/webknjizara.hr\/shop\/"},{"@type":"ListItem","position":3,"name":"TEORIJA I PRIMJENA BAZA PODATAKA (TISAK U BOJI), Prof. dr. sc. Mirko Malekovi\u0107, Izv. prof. dr. sc. Markus Schatten"}]},{"@type":"WebSite","@id":"https:\/\/webknjizara.hr\/#website","url":"https:\/\/webknjizara.hr\/","name":"Web Knji\u017eara","description":"","publisher":{"@id":"https:\/\/webknjizara.hr\/#organization"},"potentialAction":[{"@type":"SearchAction","target":{"@type":"EntryPoint","urlTemplate":"https:\/\/webknjizara.hr\/?s={search_term_string}"},"query-input":{"@type":"PropertyValueSpecification","valueRequired":true,"valueName":"search_term_string"}}],"inLanguage":"en-US"},{"@type":"Organization","@id":"https:\/\/webknjizara.hr\/#organization","name":"REDAK D.O.O.","url":"https:\/\/webknjizara.hr\/","logo":{"@type":"ImageObject","inLanguage":"en-US","@id":"https:\/\/webknjizara.hr\/#\/schema\/logo\/image\/","url":"https:\/\/webknjizara.hr\/wp-content\/uploads\/2023\/01\/web-knjizara-logo.webp","contentUrl":"https:\/\/webknjizara.hr\/wp-content\/uploads\/2023\/01\/web-knjizara-logo.webp","width":324,"height":79,"caption":"REDAK D.O.O."},"image":{"@id":"https:\/\/webknjizara.hr\/#\/schema\/logo\/image\/"}}]}},"_links":{"self":[{"href":"https:\/\/webknjizara.hr\/en\/wp-json\/wp\/v2\/product\/8673","targetHints":{"allow":["GET"]}}],"collection":[{"href":"https:\/\/webknjizara.hr\/en\/wp-json\/wp\/v2\/product"}],"about":[{"href":"https:\/\/webknjizara.hr\/en\/wp-json\/wp\/v2\/types\/product"}],"replies":[{"embeddable":true,"href":"https:\/\/webknjizara.hr\/en\/wp-json\/wp\/v2\/comments?post=8673"}],"wp:featuredmedia":[{"embeddable":true,"href":"https:\/\/webknjizara.hr\/en\/wp-json\/wp\/v2\/media\/8674"}],"wp:attachment":[{"href":"https:\/\/webknjizara.hr\/en\/wp-json\/wp\/v2\/media?parent=8673"}],"wp:term":[{"taxonomy":"product_brand","embeddable":true,"href":"https:\/\/webknjizara.hr\/en\/wp-json\/wp\/v2\/product_brand?post=8673"},{"taxonomy":"product_cat","embeddable":true,"href":"https:\/\/webknjizara.hr\/en\/wp-json\/wp\/v2\/product_cat?post=8673"},{"taxonomy":"product_tag","embeddable":true,"href":"https:\/\/webknjizara.hr\/en\/wp-json\/wp\/v2\/product_tag?post=8673"}],"curies":[{"name":"wp","href":"https:\/\/api.w.org\/{rel}","templated":true}]}}