{"id":8671,"date":"2017-12-27T19:34:54","date_gmt":"2017-12-27T19:34:54","guid":{"rendered":"https:\/\/webknjizara.hr\/?product=ruzarij-nane-jerke-ivo-fabijanic"},"modified":"2023-02-27T00:17:20","modified_gmt":"2023-02-26T23:17:20","slug":"ruzarij-nane-jerke-ivo-fabijanic","status":"publish","type":"product","link":"https:\/\/webknjizara.hr\/en\/proizvod\/ruzarij-nane-jerke-ivo-fabijanic\/","title":{"rendered":"RU\u017dARIJ NANE JERKE, Ivo Fabijani\u0107"},"content":{"rendered":"<p style=\"text-align: justify;\"><strong>Sa\u017eetak:<\/strong> <\/p>\n<p>Pri\u010da o obitelji rasto\u010denoj ideologijama i stremljenjima hrvatskog puka u stvaranju vlastite dr\u017eave kroz 20.st.<br \/>Prikaz patnji, stradanja ali i radosti sumornog oto\u010dkog \u017eivota.<\/p>\n<p style=\"text-align: justify;\"><strong>Bilje\u0161ka o autoru:<\/strong> <\/p>\n<p>Ivo Fabijani\u0107 ro\u0111en 18.08.1952. u Pagu. U\u010ditelj, ribar, gradona\u010delnik Paga, saborski zastupnik, predsjednik Udruge solara Hrvatske. Sada u mirovini. O\u017eenjen suprugom Marijom i otac dvoje djece Pa\u0161ka i Ana Marije.<\/p>\n<p style=\"text-align: justify;\"><strong>Klju\u010dne rije\u010di:<\/strong> Pag, Lastovo, 1. Svjetski rat, 2. Svjetski rat, partizani, usta\u0161e, domovinski rat, tuga i bol, amen<\/p>\n<p><strong>E-mail:<\/strong> <a href=\"mailto:mihovilka@net.hr\">Ivo Fabijani\u0107<\/a><\/p>\n<p><strong>Naslov:<\/strong> Ru\u017earij nane Jerke<br \/><strong>Autor:<\/strong> Ivo Fabijani\u0107<br \/><strong>Broj stranica:<\/strong> 280<br \/><strong>Nakladnik:<\/strong> Vlastita naklada<br \/><strong>Godina izdanja:<\/strong> 2017.<br \/><strong>ISBN:<\/strong> 978-953-59759-0-8<br \/><strong>Tisak:<\/strong> digitalni tisak knjiga &#8211; print na zahtjev\u00a0<\/p>\n<hr \/>\n<p style=\"text-align: justify;\"><strong>Kako naru\u010diti knjigu?\u00a0<\/strong>Proces online kupovine jednako funkcionira za sve kupce, s jedinom razlikom u tome \u0161to \u0161to kupci iz inozemstva za podru\u010dje dostave moraju odabrati &#8220;Europa&#8221; ili &#8220;Ostale zemlje svijeta&#8221;, a za vrstu pla\u0107anja WSPay (kreditna kartica) ili Virmanom (bankovni transfer).<\/p>\n<p style=\"text-align: justify;\">Molimo kliknite ovdje za\u00a0<a href=\"hr\/kako-kupovati\" target=\"_blank\" rel=\"noopener noreferrer\">detaljni vodi\u010d kroz proces narud\u017ebe<\/a>\u00a0ili nas\u00a0<a href=\"hr\/kontakt\" target=\"_blank\" rel=\"noopener noreferrer\">kontaktirajte<\/a>\u00a0za vi\u0161e informacija.<\/p>\n","protected":false},"excerpt":{"rendered":"<p>Sa\u017eetak: Pri\u010da o obitelji rasto\u010denoj ideologijama i stremljenjima hrvatskog puka u stvaranju vlastite dr\u017eave kroz 20.st.Prikaz patnji, stradanja ali i radosti sumornog oto\u010dkog \u017eivota. Bilje\u0161ka o autoru: Ivo Fabijani\u0107 ro\u0111en 18.08.1952. u Pagu. U\u010ditelj, ribar, gradona\u010delnik Paga, saborski zastupnik, predsjednik Udruge solara Hrvatske. Sada u mirovini. O\u017eenjen suprugom Marijom i otac dvoje djece Pa\u0161ka i [&hellip;]<\/p>\n","protected":false},"featured_media":8672,"comment_status":"open","ping_status":"closed","template":"","meta":{"_acf_changed":false},"product_brand":[],"product_cat":[1515,1383,1385],"product_tag":[],"class_list":{"0":"post-8671","1":"product","2":"type-product","3":"status-publish","4":"has-post-thumbnail","6":"product_cat-romani","7":"product_cat-knjige","8":"product_cat-knjizevnost","9":"pa_autor-ivo-fabijanic","10":"pa_nakladnik-vlastita-naklada","12":"first","13":"instock","14":"shipping-taxable","15":"purchasable","16":"product-type-simple"},"acf":[],"yoast_head":"<!-- This site is optimized with the Yoast SEO plugin v27.3 - https:\/\/yoast.com\/product\/yoast-seo-wordpress\/ -->\n<title>RU\u017dARIJ NANE JERKE, Ivo Fabijani\u0107 - Web-knji\u017eara<\/title>\n<meta name=\"robots\" content=\"index, follow, max-snippet:-1, max-image-preview:large, max-video-preview:-1\" \/>\n<link rel=\"canonical\" href=\"https:\/\/webknjizara.hr\/proizvod\/ruzarij-nane-jerke-ivo-fabijanic\/\" \/>\n<meta property=\"og:locale\" content=\"en_US\" \/>\n<meta property=\"og:type\" content=\"article\" \/>\n<meta property=\"og:title\" content=\"RU\u017dARIJ NANE JERKE, Ivo Fabijani\u0107 - Web-knji\u017eara\" \/>\n<meta property=\"og:description\" content=\"Sa\u017eetak: Pri\u010da o obitelji rasto\u010denoj ideologijama i stremljenjima hrvatskog puka u stvaranju vlastite dr\u017eave kroz 20.st.Prikaz patnji, stradanja ali i radosti sumornog oto\u010dkog \u017eivota. Bilje\u0161ka o autoru: Ivo Fabijani\u0107 ro\u0111en 18.08.1952. u Pagu. U\u010ditelj, ribar, gradona\u010delnik Paga, saborski zastupnik, predsjednik Udruge solara Hrvatske. Sada u mirovini. O\u017eenjen suprugom Marijom i otac dvoje djece Pa\u0161ka i [&hellip;]\" \/>\n<meta property=\"og:url\" content=\"https:\/\/webknjizara.hr\/proizvod\/ruzarij-nane-jerke-ivo-fabijanic\/\" \/>\n<meta property=\"og:site_name\" content=\"Web-knji\u017eara\" \/>\n<meta property=\"article:modified_time\" content=\"2023-02-26T23:17:20+00:00\" \/>\n<meta property=\"og:image\" content=\"https:\/\/webknjizara.hr\/wp-content\/uploads\/nc\/images\/virtuemart\/product\/web-naslovnica-Fabijanic-300x419.jpg\" \/>\n\t<meta property=\"og:image:width\" content=\"300\" \/>\n\t<meta property=\"og:image:height\" content=\"419\" \/>\n\t<meta property=\"og:image:type\" content=\"image\/jpeg\" \/>\n<meta name=\"twitter:card\" content=\"summary_large_image\" \/>\n<meta name=\"twitter:label1\" content=\"Est. reading time\" \/>\n\t<meta name=\"twitter:data1\" content=\"1 minute\" \/>\n<script type=\"application\/ld+json\" class=\"yoast-schema-graph\">{\"@context\":\"https:\\\/\\\/schema.org\",\"@graph\":[{\"@type\":\"WebPage\",\"@id\":\"https:\\\/\\\/webknjizara.hr\\\/proizvod\\\/ruzarij-nane-jerke-ivo-fabijanic\\\/\",\"url\":\"https:\\\/\\\/webknjizara.hr\\\/proizvod\\\/ruzarij-nane-jerke-ivo-fabijanic\\\/\",\"name\":\"RU\u017dARIJ NANE JERKE, Ivo Fabijani\u0107 - Web-knji\u017eara\",\"isPartOf\":{\"@id\":\"https:\\\/\\\/webknjizara.hr\\\/#website\"},\"primaryImageOfPage\":{\"@id\":\"https:\\\/\\\/webknjizara.hr\\\/proizvod\\\/ruzarij-nane-jerke-ivo-fabijanic\\\/#primaryimage\"},\"image\":{\"@id\":\"https:\\\/\\\/webknjizara.hr\\\/proizvod\\\/ruzarij-nane-jerke-ivo-fabijanic\\\/#primaryimage\"},\"thumbnailUrl\":\"https:\\\/\\\/webknjizara.hr\\\/wp-content\\\/uploads\\\/nc\\\/images\\\/virtuemart\\\/product\\\/web-naslovnica-Fabijanic-300x419.jpg\",\"datePublished\":\"2017-12-27T19:34:54+00:00\",\"dateModified\":\"2023-02-26T23:17:20+00:00\",\"breadcrumb\":{\"@id\":\"https:\\\/\\\/webknjizara.hr\\\/proizvod\\\/ruzarij-nane-jerke-ivo-fabijanic\\\/#breadcrumb\"},\"inLanguage\":\"en-US\",\"potentialAction\":[{\"@type\":\"ReadAction\",\"target\":[\"https:\\\/\\\/webknjizara.hr\\\/proizvod\\\/ruzarij-nane-jerke-ivo-fabijanic\\\/\"]}]},{\"@type\":\"ImageObject\",\"inLanguage\":\"en-US\",\"@id\":\"https:\\\/\\\/webknjizara.hr\\\/proizvod\\\/ruzarij-nane-jerke-ivo-fabijanic\\\/#primaryimage\",\"url\":\"https:\\\/\\\/webknjizara.hr\\\/wp-content\\\/uploads\\\/nc\\\/images\\\/virtuemart\\\/product\\\/web-naslovnica-Fabijanic-300x419.jpg\",\"contentUrl\":\"https:\\\/\\\/webknjizara.hr\\\/wp-content\\\/uploads\\\/nc\\\/images\\\/virtuemart\\\/product\\\/web-naslovnica-Fabijanic-300x419.jpg\",\"width\":300,\"height\":419,\"caption\":\"RU\u017dARIJ NANE JERKE, Ivo Fabijani\u0107\"},{\"@type\":\"BreadcrumbList\",\"@id\":\"https:\\\/\\\/webknjizara.hr\\\/proizvod\\\/ruzarij-nane-jerke-ivo-fabijanic\\\/#breadcrumb\",\"itemListElement\":[{\"@type\":\"ListItem\",\"position\":1,\"name\":\"Po\u010detna stranica\",\"item\":\"https:\\\/\\\/webknjizara.hr\\\/en\\\/\"},{\"@type\":\"ListItem\",\"position\":2,\"name\":\"Shop\",\"item\":\"https:\\\/\\\/webknjizara.hr\\\/shop\\\/\"},{\"@type\":\"ListItem\",\"position\":3,\"name\":\"RU\u017dARIJ NANE JERKE, Ivo Fabijani\u0107\"}]},{\"@type\":\"WebSite\",\"@id\":\"https:\\\/\\\/webknjizara.hr\\\/#website\",\"url\":\"https:\\\/\\\/webknjizara.hr\\\/\",\"name\":\"Web Knji\u017eara\",\"description\":\"\",\"publisher\":{\"@id\":\"https:\\\/\\\/webknjizara.hr\\\/#organization\"},\"potentialAction\":[{\"@type\":\"SearchAction\",\"target\":{\"@type\":\"EntryPoint\",\"urlTemplate\":\"https:\\\/\\\/webknjizara.hr\\\/?s={search_term_string}\"},\"query-input\":{\"@type\":\"PropertyValueSpecification\",\"valueRequired\":true,\"valueName\":\"search_term_string\"}}],\"inLanguage\":\"en-US\"},{\"@type\":\"Organization\",\"@id\":\"https:\\\/\\\/webknjizara.hr\\\/#organization\",\"name\":\"REDAK D.O.O.\",\"url\":\"https:\\\/\\\/webknjizara.hr\\\/\",\"logo\":{\"@type\":\"ImageObject\",\"inLanguage\":\"en-US\",\"@id\":\"https:\\\/\\\/webknjizara.hr\\\/#\\\/schema\\\/logo\\\/image\\\/\",\"url\":\"https:\\\/\\\/webknjizara.hr\\\/wp-content\\\/uploads\\\/2023\\\/01\\\/web-knjizara-logo.webp\",\"contentUrl\":\"https:\\\/\\\/webknjizara.hr\\\/wp-content\\\/uploads\\\/2023\\\/01\\\/web-knjizara-logo.webp\",\"width\":324,\"height\":79,\"caption\":\"REDAK D.O.O.\"},\"image\":{\"@id\":\"https:\\\/\\\/webknjizara.hr\\\/#\\\/schema\\\/logo\\\/image\\\/\"}}]}<\/script>\n<!-- \/ Yoast SEO plugin. -->","yoast_head_json":{"title":"RU\u017dARIJ NANE JERKE, Ivo Fabijani\u0107 - Web-knji\u017eara","robots":{"index":"index","follow":"follow","max-snippet":"max-snippet:-1","max-image-preview":"max-image-preview:large","max-video-preview":"max-video-preview:-1"},"canonical":"https:\/\/webknjizara.hr\/proizvod\/ruzarij-nane-jerke-ivo-fabijanic\/","og_locale":"en_US","og_type":"article","og_title":"RU\u017dARIJ NANE JERKE, Ivo Fabijani\u0107 - Web-knji\u017eara","og_description":"Sa\u017eetak: Pri\u010da o obitelji rasto\u010denoj ideologijama i stremljenjima hrvatskog puka u stvaranju vlastite dr\u017eave kroz 20.st.Prikaz patnji, stradanja ali i radosti sumornog oto\u010dkog \u017eivota. Bilje\u0161ka o autoru: Ivo Fabijani\u0107 ro\u0111en 18.08.1952. u Pagu. U\u010ditelj, ribar, gradona\u010delnik Paga, saborski zastupnik, predsjednik Udruge solara Hrvatske. Sada u mirovini. O\u017eenjen suprugom Marijom i otac dvoje djece Pa\u0161ka i [&hellip;]","og_url":"https:\/\/webknjizara.hr\/proizvod\/ruzarij-nane-jerke-ivo-fabijanic\/","og_site_name":"Web-knji\u017eara","article_modified_time":"2023-02-26T23:17:20+00:00","og_image":[{"width":300,"height":419,"url":"https:\/\/webknjizara.hr\/wp-content\/uploads\/nc\/images\/virtuemart\/product\/web-naslovnica-Fabijanic-300x419.jpg","type":"image\/jpeg"}],"twitter_card":"summary_large_image","twitter_misc":{"Est. reading time":"1 minute"},"schema":{"@context":"https:\/\/schema.org","@graph":[{"@type":"WebPage","@id":"https:\/\/webknjizara.hr\/proizvod\/ruzarij-nane-jerke-ivo-fabijanic\/","url":"https:\/\/webknjizara.hr\/proizvod\/ruzarij-nane-jerke-ivo-fabijanic\/","name":"RU\u017dARIJ NANE JERKE, Ivo Fabijani\u0107 - Web-knji\u017eara","isPartOf":{"@id":"https:\/\/webknjizara.hr\/#website"},"primaryImageOfPage":{"@id":"https:\/\/webknjizara.hr\/proizvod\/ruzarij-nane-jerke-ivo-fabijanic\/#primaryimage"},"image":{"@id":"https:\/\/webknjizara.hr\/proizvod\/ruzarij-nane-jerke-ivo-fabijanic\/#primaryimage"},"thumbnailUrl":"https:\/\/webknjizara.hr\/wp-content\/uploads\/nc\/images\/virtuemart\/product\/web-naslovnica-Fabijanic-300x419.jpg","datePublished":"2017-12-27T19:34:54+00:00","dateModified":"2023-02-26T23:17:20+00:00","breadcrumb":{"@id":"https:\/\/webknjizara.hr\/proizvod\/ruzarij-nane-jerke-ivo-fabijanic\/#breadcrumb"},"inLanguage":"en-US","potentialAction":[{"@type":"ReadAction","target":["https:\/\/webknjizara.hr\/proizvod\/ruzarij-nane-jerke-ivo-fabijanic\/"]}]},{"@type":"ImageObject","inLanguage":"en-US","@id":"https:\/\/webknjizara.hr\/proizvod\/ruzarij-nane-jerke-ivo-fabijanic\/#primaryimage","url":"https:\/\/webknjizara.hr\/wp-content\/uploads\/nc\/images\/virtuemart\/product\/web-naslovnica-Fabijanic-300x419.jpg","contentUrl":"https:\/\/webknjizara.hr\/wp-content\/uploads\/nc\/images\/virtuemart\/product\/web-naslovnica-Fabijanic-300x419.jpg","width":300,"height":419,"caption":"RU\u017dARIJ NANE JERKE, Ivo Fabijani\u0107"},{"@type":"BreadcrumbList","@id":"https:\/\/webknjizara.hr\/proizvod\/ruzarij-nane-jerke-ivo-fabijanic\/#breadcrumb","itemListElement":[{"@type":"ListItem","position":1,"name":"Po\u010detna stranica","item":"https:\/\/webknjizara.hr\/en\/"},{"@type":"ListItem","position":2,"name":"Shop","item":"https:\/\/webknjizara.hr\/shop\/"},{"@type":"ListItem","position":3,"name":"RU\u017dARIJ NANE JERKE, Ivo Fabijani\u0107"}]},{"@type":"WebSite","@id":"https:\/\/webknjizara.hr\/#website","url":"https:\/\/webknjizara.hr\/","name":"Web Knji\u017eara","description":"","publisher":{"@id":"https:\/\/webknjizara.hr\/#organization"},"potentialAction":[{"@type":"SearchAction","target":{"@type":"EntryPoint","urlTemplate":"https:\/\/webknjizara.hr\/?s={search_term_string}"},"query-input":{"@type":"PropertyValueSpecification","valueRequired":true,"valueName":"search_term_string"}}],"inLanguage":"en-US"},{"@type":"Organization","@id":"https:\/\/webknjizara.hr\/#organization","name":"REDAK D.O.O.","url":"https:\/\/webknjizara.hr\/","logo":{"@type":"ImageObject","inLanguage":"en-US","@id":"https:\/\/webknjizara.hr\/#\/schema\/logo\/image\/","url":"https:\/\/webknjizara.hr\/wp-content\/uploads\/2023\/01\/web-knjizara-logo.webp","contentUrl":"https:\/\/webknjizara.hr\/wp-content\/uploads\/2023\/01\/web-knjizara-logo.webp","width":324,"height":79,"caption":"REDAK D.O.O."},"image":{"@id":"https:\/\/webknjizara.hr\/#\/schema\/logo\/image\/"}}]}},"_links":{"self":[{"href":"https:\/\/webknjizara.hr\/en\/wp-json\/wp\/v2\/product\/8671","targetHints":{"allow":["GET"]}}],"collection":[{"href":"https:\/\/webknjizara.hr\/en\/wp-json\/wp\/v2\/product"}],"about":[{"href":"https:\/\/webknjizara.hr\/en\/wp-json\/wp\/v2\/types\/product"}],"replies":[{"embeddable":true,"href":"https:\/\/webknjizara.hr\/en\/wp-json\/wp\/v2\/comments?post=8671"}],"wp:featuredmedia":[{"embeddable":true,"href":"https:\/\/webknjizara.hr\/en\/wp-json\/wp\/v2\/media\/8672"}],"wp:attachment":[{"href":"https:\/\/webknjizara.hr\/en\/wp-json\/wp\/v2\/media?parent=8671"}],"wp:term":[{"taxonomy":"product_brand","embeddable":true,"href":"https:\/\/webknjizara.hr\/en\/wp-json\/wp\/v2\/product_brand?post=8671"},{"taxonomy":"product_cat","embeddable":true,"href":"https:\/\/webknjizara.hr\/en\/wp-json\/wp\/v2\/product_cat?post=8671"},{"taxonomy":"product_tag","embeddable":true,"href":"https:\/\/webknjizara.hr\/en\/wp-json\/wp\/v2\/product_tag?post=8671"}],"curies":[{"name":"wp","href":"https:\/\/api.w.org\/{rel}","templated":true}]}}