{"id":8645,"date":"2017-11-28T19:12:59","date_gmt":"2017-11-28T19:12:59","guid":{"rendered":"https:\/\/webknjizara.hr\/?product=ljepota-duse-jasenka-marija-leko"},"modified":"2023-02-27T00:17:19","modified_gmt":"2023-02-26T23:17:19","slug":"ljepota-duse-jasenka-marija-leko","status":"publish","type":"product","link":"https:\/\/webknjizara.hr\/en\/proizvod\/ljepota-duse-jasenka-marija-leko\/","title":{"rendered":"LJEPOTA DU\u0160E, Jasenka-Marija Leko"},"content":{"rendered":"<p style=\"text-align: left;\"><strong>Sa\u017eetak:<\/strong><strong> \u00a0\u00a0\u00a0\u00a0\u00a0\u00a0<br \/><\/strong><\/p>\n<p style=\"text-align: center;\"><strong>Malenim,\u00a0<\/strong><strong>ja vjerujem u an\u0111ele! <\/strong><\/p>\n<p style=\"text-align: center;\"><strong>A vi tra\u017eite dalje svog an\u0111ela na nebu.<\/strong><\/p>\n<p>Autorica ovim pjesmama ulazi i vra\u0107a se u svoje djetinjstvo kako bi \u0161to bolje do\u010darala svijet koji bi djecu\u00a0potaknuli na razmi\u0161ljanje i ma\u0161tanje. Jasenka-Marija u ovim pjesmama do\u010darava prirodu i \u017eivotinje u prirodi na sebi svojstven, poseban na\u010din vjeruju\u0107i u mala stvorenja kao u an\u0111ele.<\/p>\n<p>To bih do\u010darao ovom njenom pjesmom koja je na po\u010detku ove teme za djecu, sa kojom nam u biti govori sve kako bi djeca bila uvijek radosna i vesela. Ovo je \u0161lag koji nam \u017eeli do\u010darati bit svih pjesama koje su kasnije napisane, a nalaze se u ovoj zbirci jedna iza druge poslije ove pjesme.<\/p>\n<h1>\u00a0<\/h1>\n<h1 style=\"text-align: center;\">An\u0111eli radosti<\/h1>\n<p style=\"text-align: center;\"><em>An\u0111eli mali, zlatnih krila<\/em><\/p>\n<p style=\"text-align: center;\"><em>Doletite, u ku\u0107u moju sletite<\/em><\/p>\n<p style=\"text-align: center;\"><em>Radosti mi pune ko\u0161arice donesite<\/em><\/p>\n<p style=\"text-align: center;\"><em>U ku\u0107u moju sve \u0107e da stane<\/em><\/p>\n<p style=\"text-align: center;\"><em>\u00a0<\/em><\/p>\n<p style=\"text-align: center;\"><em>\u0160to pretekne odnesite dalje<\/em><\/p>\n<p style=\"text-align: center;\"><em>Radost se ne kvari<\/em><\/p>\n<p style=\"text-align: center;\"><em>Ona traje i traje<\/em><\/p>\n<p style=\"text-align: center;\"><em>Poklonite osmijeh tu\u017enoj djeci<\/em><\/p>\n<p style=\"text-align: center;\"><em>Na njihove male glave radost neka sleti<\/em><\/p>\n<p style=\"text-align: center;\"><em>\u00a0<\/em><\/p>\n<p style=\"text-align: center;\"><em>Neka se raduje svako dijete<\/em><\/p>\n<p style=\"text-align: center;\"><em>Neka an\u0111eli mali neprestance lete<\/em><\/p>\n<p>\u00a0<\/p>\n<p>Drugo poglavlje po\u010dinje sa znakovitim naslovom<\/p>\n<p style=\"text-align: center;\"><strong>Mir u postojanju!<\/strong><\/p>\n<p>U ovom poglavlju Jasenka-Marija Leko pi\u0161e o ljudskim sudbinama, o prijateljima koje je otpratila na drugi svijet kad im se nit \u017eivota ugasila na zemlji. Pjesnikinja progovara i o vrijednostima, po\u0161tovanju koje su u dana\u0161nje vrijeme izgubile ili sve vi\u0161e gube na va\u017enosti. Pi\u0161e o iskrivljenoj slici u postojanju ljudskoga roda, o dobru i zlu u kojima su se mnogi pogubili i ne znaju ili ne \u017eele znati\u00a0 prave vrijednosti koje su se nekada po\u0161tivale i vodile su nas kroz \u017eivot uzdignute glave po\u0161tenjem i pravedno\u0161\u0107u, istinom.<\/p>\n<p>Jasenka-Marija \u010dezne i vidi u ovom tmurnom svijetu i zraku svjetlosti u ljudskim du\u0161ama. Nije ba\u0161 sve tmurno, ima i lijepih do\u017eivljaja, postoji jo\u0161 zrnce dobrote u ljudima.<br \/> \u017divot nije lak, svaki je okrenut svojim problemima tako da se \u010dak i vlastiti roditelji pod starost napu\u0161taju i stavljaju u ustanove kojima se oni ne vesele. Svatko od starijih \u017eeli zadnje dane provesti u miru i spokoju na svom krevetu, u svom domu.<\/p>\n<p>\u00a0<\/p>\n<p style=\"text-align: center;\"><strong>Zavr\u0161etak<\/strong><\/p>\n<p style=\"text-align: center;\">\u00a0<\/p>\n<p style=\"text-align: center;\"><em>Drhtava ruka<\/em><\/p>\n<p style=\"text-align: center;\"><em>Uvela \u017euta<\/em><\/p>\n<p style=\"text-align: center;\"><em>\u010covjek tro\u0161an i star<\/em><\/p>\n<p style=\"text-align: center;\"><em>U oku suza<\/em><\/p>\n<p style=\"text-align: center;\"><em>Niz obraz klizi<\/em><\/p>\n<p style=\"text-align: center;\"><em>Rukom je bri\u0161e<\/em><\/p>\n<p style=\"text-align: center;\"><em>Bolno uzdi\u0161e<\/em><\/p>\n<p style=\"text-align: center;\"><em>\u00a0<\/em><\/p>\n<p style=\"text-align: center;\"><em>Pustite djeco<\/em><\/p>\n<p style=\"text-align: center;\"><em>Da u ku\u0107i umrem<\/em><\/p>\n<p style=\"text-align: center;\"><em>Ne idem tamo<\/em><\/p>\n<p style=\"text-align: center;\"><em>Jadan i sam<\/em><\/p>\n<p style=\"text-align: center;\"><em>Jo\u0161 vremena imam malo<\/em><\/p>\n<p style=\"text-align: center;\"><em>Spremam se za vje\u010dni san<\/em><\/p>\n<p style=\"text-align: center;\"><em>\u00a0<\/em><\/p>\n<p style=\"text-align: center;\"><em>Ne\u0107u vam smetat<\/em><\/p>\n<p style=\"text-align: center;\"><em>Unuke volim<\/em><\/p>\n<p style=\"text-align: center;\"><em>Mogu i pomo\u0107i \u0161to<\/em><\/p>\n<p style=\"text-align: center;\"><em>Ne \u010du ga nitko<\/em><\/p>\n<p style=\"text-align: center;\"><em>Suza kanu, na ruku uvelu<\/em><\/p>\n<p style=\"text-align: center;\"><em>Jecajem popra\u0107enu<\/em><\/p>\n<p style=\"text-align: center;\"><em>\u00a0<\/em><\/p>\n<p style=\"text-align: center;\"><em>Odvedo\u0161e starca u dom novi<\/em><\/p>\n<p style=\"text-align: center;\"><em>Hladan,\u00a0 nepoznat,\u00a0 siv Uzdah se ote<\/em><\/p>\n<p style=\"text-align: center;\"><em>Du\u0161a mu klone<\/em><\/p>\n<p style=\"text-align: center;\"><em>Izdahnu tu\u017eno<\/em><\/p>\n<p style=\"text-align: center;\"><em>Nekad ne\u010diji sin<\/em><\/p>\n<p>Jasenka-Marija u ovom poglavlju ne pi\u0161e samo o tuzi i ne\u010dovje\u010dnosti, spominje u pjesmama razna doga\u0111anja, svoj grad, opisuje ljude, biljke, dogodov\u0161tine razne. Njezine pjesme su joj spas i Boga \u010desto spominje, moli se za boljitak svih, za du\u0161e dobre i du\u0161e zla da im snage da kako bi otvorili o\u010di i vidjeli realno svijet u kojem \u017eivimo.<\/p>\n<p><strong>Urednik:<\/strong><\/p>\n<p><strong>Ljubav se zove imenom tvojim!<\/strong><\/p>\n<p>U ovom poglavlju autorica progovara o svojoj vje\u010dnoj ljubavi. Govori nam o svojim \u017eeljama, nadanjima, pro\u017eivljenim i do\u017eivljenim danima u samo\u0107i, \u010dekanju, nadanju, planiranju zajedni\u010dkog \u017eivota sa voljenom osobom. Jasenka-Marija je puna ljubavi i ljubi srcem iz dna du\u0161e, pjesmom progovara o svemu. Dragi \u010ditatelji kada uzmete ovu zbirku pjesama u svoje ruke otkrit \u0107ete ono o \u010demu vam ja sada ne\u0107u pisat. Ne bi bilo u redu da vam ba\u0161 sve otkrijem. Znam da \u0107e se mnogi prona\u0107i u pjesnikinjinim pjesmama.<\/p>\n<p>Samo da spomenem i zadnje poglavlje<\/p>\n<p><strong>\u201eSvi su moji izvori u Tebi!\u201c<\/strong><\/p>\n<p>Ovo poglavlje je posve\u0107eno vjeri i ufanju u samoga Boga<\/p>\n<p>gdje pjesnikinja sve svoje \u017eelje, cijeli svoj \u017eivot povjerava direktno Bogu. U vjeri pronalazi spas. U vjeri \u017eivi svoj \u017eivot i tako ga kroz svoje pjesme daruje \u010ditateljima na dlanu. Dragi \u010ditatelji \u017eelim vam da \u0161to vi\u0161e lijepih trenutaka provedete uz\u00a0 ovu zbirku pjesama znakovita naslova <strong>LJEPOTA DU\u0160E <\/strong>jer ova zbirka i pokazuje ljepotu du\u0161e Jasenke-Marije Leko koju poklanja svima, od onih najmla\u0111ih do najstarijih nara\u0161taja.<\/p>\n<p>Na kraju bih se zahvalio mojoj dragoj pjesnikinji i prijateljici Jasenki-Mariji \u0161to je ba\u0161 mene izabrala da me\u0111u prvima zavirim u njezinu du\u0161u.<\/p>\n<p>Hvala draga Jasenka-Marija Leko.<\/p>\n<p>Od srca tvoj prijatelj\u2026pjesnik\u2026Miroslav Bori\u0107<\/p>\n<p><strong>Bilje\u0161ka o autorici: <\/p>\n<p>Jasenka-Marija Leko<\/strong><\/p>\n<p>Ro\u0111ena 5.2.1959. na Buni kod Mostara. Pi\u0161e i objavljuje radove za djecu i odrasle u Republici Hrvatskoj i Bosni i Hercegovini. Poha\u0111ala je majstorsku radionicu kreativnog pisanja u klasi profesora Bauera. Pisala je za \u010dasopis <em>\u201eTre\u0107a\u00a0 mladost\u201c <\/em>na pu\u010dkom otvorenom sveu\u010dili\u0161tu u Zagrebu. \u010clan je vi\u0161e dru\u0161tava pjesnika u Zagrebu. U KUD-u Dubrava vodila je literarnu grupu. Radovi su objavljivani u vi\u0161e zbornika i \u010dasopisa. \u010cita poeziju kao gost na Radio Martinu te u brojnim domovima za kulturu. \u010citanjem poezije davala je doprinos humanitarnom radu, najvi\u0161e za djecu s posebnim potrebama.<\/p>\n<p><strong>E-mail: <a href=\"mailto:jasenkaleko@gmail.com\">Jasenka Marija Leko<\/a><\/strong><\/p>\n<p><strong>Naslov: <\/strong>Ljepota du\u0161e<br \/> <strong>Autorica:<\/strong> Jasenka-Marija Leko<br \/> <strong>Broj stranica: <\/strong>172<br \/> <strong>Nakladnik: <\/strong>REDAK<br \/> <strong>Godina izdanja: <\/strong>2017<strong>.<br \/> <\/strong><strong>ISBN:<\/strong> 978-953-336-440-7<br \/> <strong>Tisak:<\/strong> digitalni tisak knjiga &#8211; print na zahtjev\u00a0<\/p>\n<hr \/>\n<p style=\"text-align: justify;\"><strong>Kako naru\u010diti knjigu?\u00a0<\/strong>Proces online kupovine jednako funkcionira za sve kupce, s jedinom razlikom u tome \u0161to \u0161to kupci iz inozemstva za podru\u010dje dostave moraju odabrati &#8220;Europa&#8221; ili &#8220;Ostale zemlje svijeta&#8221;, a za vrstu pla\u0107anja WSPay (kreditna kartica) ili Virmanom (bankovni transfer).<\/p>\n<p style=\"text-align: justify;\">Molimo kliknite ovdje za\u00a0<a href=\"hr\/kako-kupovati\" target=\"_blank\" rel=\"noopener noreferrer\">detaljni vodi\u010d kroz proces narud\u017ebe<\/a>\u00a0ili nas\u00a0<a href=\"hr\/kontakt\" target=\"_blank\" rel=\"noopener noreferrer\">kontaktirajte<\/a>\u00a0za vi\u0161e informacija.<\/p>\n","protected":false},"excerpt":{"rendered":"<p>Sa\u017eetak: \u00a0\u00a0\u00a0\u00a0\u00a0\u00a0 Malenim,\u00a0ja vjerujem u an\u0111ele! A vi tra\u017eite dalje svog an\u0111ela na nebu. Autorica ovim pjesmama ulazi i vra\u0107a se u svoje djetinjstvo kako bi \u0161to bolje do\u010darala svijet koji bi djecu\u00a0potaknuli na razmi\u0161ljanje i ma\u0161tanje. Jasenka-Marija u ovim pjesmama do\u010darava prirodu i \u017eivotinje u prirodi na sebi svojstven, poseban na\u010din vjeruju\u0107i u mala [&hellip;]<\/p>\n","protected":false},"featured_media":8646,"comment_status":"open","ping_status":"closed","template":"","meta":{"_acf_changed":false},"product_brand":[],"product_cat":[1383,1385,1388],"product_tag":[],"class_list":{"0":"post-8645","1":"product","2":"type-product","3":"status-publish","4":"has-post-thumbnail","6":"product_cat-knjige","7":"product_cat-knjizevnost","8":"product_cat-poezija","9":"pa_autor-jasenka-marija-leko","10":"pa_nakladnik-redak","12":"first","13":"instock","14":"shipping-taxable","15":"purchasable","16":"product-type-simple"},"acf":[],"yoast_head":"<!-- This site is optimized with the Yoast SEO plugin v27.3 - https:\/\/yoast.com\/product\/yoast-seo-wordpress\/ -->\n<title>LJEPOTA DU\u0160E, Jasenka-Marija Leko - Web-knji\u017eara<\/title>\n<meta name=\"robots\" content=\"index, follow, max-snippet:-1, max-image-preview:large, max-video-preview:-1\" \/>\n<link rel=\"canonical\" href=\"https:\/\/webknjizara.hr\/proizvod\/ljepota-duse-jasenka-marija-leko\/\" \/>\n<meta property=\"og:locale\" content=\"en_US\" \/>\n<meta property=\"og:type\" content=\"article\" \/>\n<meta property=\"og:title\" content=\"LJEPOTA DU\u0160E, Jasenka-Marija Leko - Web-knji\u017eara\" \/>\n<meta property=\"og:description\" content=\"Sa\u017eetak: \u00a0\u00a0\u00a0\u00a0\u00a0\u00a0 Malenim,\u00a0ja vjerujem u an\u0111ele! A vi tra\u017eite dalje svog an\u0111ela na nebu. Autorica ovim pjesmama ulazi i vra\u0107a se u svoje djetinjstvo kako bi \u0161to bolje do\u010darala svijet koji bi djecu\u00a0potaknuli na razmi\u0161ljanje i ma\u0161tanje. Jasenka-Marija u ovim pjesmama do\u010darava prirodu i \u017eivotinje u prirodi na sebi svojstven, poseban na\u010din vjeruju\u0107i u mala [&hellip;]\" \/>\n<meta property=\"og:url\" content=\"https:\/\/webknjizara.hr\/proizvod\/ljepota-duse-jasenka-marija-leko\/\" \/>\n<meta property=\"og:site_name\" content=\"Web-knji\u017eara\" \/>\n<meta property=\"article:modified_time\" content=\"2023-02-26T23:17:19+00:00\" \/>\n<meta property=\"og:image\" content=\"https:\/\/webknjizara.hr\/wp-content\/uploads\/nc\/images\/virtuemart\/product\/Leko_Ljepota_duse_naslovnica-300x419.jpg\" \/>\n\t<meta property=\"og:image:width\" content=\"300\" \/>\n\t<meta property=\"og:image:height\" content=\"419\" \/>\n\t<meta property=\"og:image:type\" content=\"image\/jpeg\" \/>\n<meta name=\"twitter:card\" content=\"summary_large_image\" \/>\n<meta name=\"twitter:label1\" content=\"Est. reading time\" \/>\n\t<meta name=\"twitter:data1\" content=\"5 minutes\" \/>\n<script type=\"application\/ld+json\" class=\"yoast-schema-graph\">{\"@context\":\"https:\\\/\\\/schema.org\",\"@graph\":[{\"@type\":\"WebPage\",\"@id\":\"https:\\\/\\\/webknjizara.hr\\\/proizvod\\\/ljepota-duse-jasenka-marija-leko\\\/\",\"url\":\"https:\\\/\\\/webknjizara.hr\\\/proizvod\\\/ljepota-duse-jasenka-marija-leko\\\/\",\"name\":\"LJEPOTA DU\u0160E, Jasenka-Marija Leko - Web-knji\u017eara\",\"isPartOf\":{\"@id\":\"https:\\\/\\\/webknjizara.hr\\\/#website\"},\"primaryImageOfPage\":{\"@id\":\"https:\\\/\\\/webknjizara.hr\\\/proizvod\\\/ljepota-duse-jasenka-marija-leko\\\/#primaryimage\"},\"image\":{\"@id\":\"https:\\\/\\\/webknjizara.hr\\\/proizvod\\\/ljepota-duse-jasenka-marija-leko\\\/#primaryimage\"},\"thumbnailUrl\":\"https:\\\/\\\/webknjizara.hr\\\/wp-content\\\/uploads\\\/nc\\\/images\\\/virtuemart\\\/product\\\/Leko_Ljepota_duse_naslovnica-300x419.jpg\",\"datePublished\":\"2017-11-28T19:12:59+00:00\",\"dateModified\":\"2023-02-26T23:17:19+00:00\",\"breadcrumb\":{\"@id\":\"https:\\\/\\\/webknjizara.hr\\\/proizvod\\\/ljepota-duse-jasenka-marija-leko\\\/#breadcrumb\"},\"inLanguage\":\"en-US\",\"potentialAction\":[{\"@type\":\"ReadAction\",\"target\":[\"https:\\\/\\\/webknjizara.hr\\\/proizvod\\\/ljepota-duse-jasenka-marija-leko\\\/\"]}]},{\"@type\":\"ImageObject\",\"inLanguage\":\"en-US\",\"@id\":\"https:\\\/\\\/webknjizara.hr\\\/proizvod\\\/ljepota-duse-jasenka-marija-leko\\\/#primaryimage\",\"url\":\"https:\\\/\\\/webknjizara.hr\\\/wp-content\\\/uploads\\\/nc\\\/images\\\/virtuemart\\\/product\\\/Leko_Ljepota_duse_naslovnica-300x419.jpg\",\"contentUrl\":\"https:\\\/\\\/webknjizara.hr\\\/wp-content\\\/uploads\\\/nc\\\/images\\\/virtuemart\\\/product\\\/Leko_Ljepota_duse_naslovnica-300x419.jpg\",\"width\":300,\"height\":419,\"caption\":\"LJEPOTA DU\u0160E, Jasenka-Marija Leko\"},{\"@type\":\"BreadcrumbList\",\"@id\":\"https:\\\/\\\/webknjizara.hr\\\/proizvod\\\/ljepota-duse-jasenka-marija-leko\\\/#breadcrumb\",\"itemListElement\":[{\"@type\":\"ListItem\",\"position\":1,\"name\":\"Po\u010detna stranica\",\"item\":\"https:\\\/\\\/webknjizara.hr\\\/en\\\/\"},{\"@type\":\"ListItem\",\"position\":2,\"name\":\"Shop\",\"item\":\"https:\\\/\\\/webknjizara.hr\\\/shop\\\/\"},{\"@type\":\"ListItem\",\"position\":3,\"name\":\"LJEPOTA DU\u0160E, Jasenka-Marija Leko\"}]},{\"@type\":\"WebSite\",\"@id\":\"https:\\\/\\\/webknjizara.hr\\\/#website\",\"url\":\"https:\\\/\\\/webknjizara.hr\\\/\",\"name\":\"Web Knji\u017eara\",\"description\":\"\",\"publisher\":{\"@id\":\"https:\\\/\\\/webknjizara.hr\\\/#organization\"},\"potentialAction\":[{\"@type\":\"SearchAction\",\"target\":{\"@type\":\"EntryPoint\",\"urlTemplate\":\"https:\\\/\\\/webknjizara.hr\\\/?s={search_term_string}\"},\"query-input\":{\"@type\":\"PropertyValueSpecification\",\"valueRequired\":true,\"valueName\":\"search_term_string\"}}],\"inLanguage\":\"en-US\"},{\"@type\":\"Organization\",\"@id\":\"https:\\\/\\\/webknjizara.hr\\\/#organization\",\"name\":\"REDAK D.O.O.\",\"url\":\"https:\\\/\\\/webknjizara.hr\\\/\",\"logo\":{\"@type\":\"ImageObject\",\"inLanguage\":\"en-US\",\"@id\":\"https:\\\/\\\/webknjizara.hr\\\/#\\\/schema\\\/logo\\\/image\\\/\",\"url\":\"https:\\\/\\\/webknjizara.hr\\\/wp-content\\\/uploads\\\/2023\\\/01\\\/web-knjizara-logo.webp\",\"contentUrl\":\"https:\\\/\\\/webknjizara.hr\\\/wp-content\\\/uploads\\\/2023\\\/01\\\/web-knjizara-logo.webp\",\"width\":324,\"height\":79,\"caption\":\"REDAK D.O.O.\"},\"image\":{\"@id\":\"https:\\\/\\\/webknjizara.hr\\\/#\\\/schema\\\/logo\\\/image\\\/\"}}]}<\/script>\n<!-- \/ Yoast SEO plugin. -->","yoast_head_json":{"title":"LJEPOTA DU\u0160E, Jasenka-Marija Leko - Web-knji\u017eara","robots":{"index":"index","follow":"follow","max-snippet":"max-snippet:-1","max-image-preview":"max-image-preview:large","max-video-preview":"max-video-preview:-1"},"canonical":"https:\/\/webknjizara.hr\/proizvod\/ljepota-duse-jasenka-marija-leko\/","og_locale":"en_US","og_type":"article","og_title":"LJEPOTA DU\u0160E, Jasenka-Marija Leko - Web-knji\u017eara","og_description":"Sa\u017eetak: \u00a0\u00a0\u00a0\u00a0\u00a0\u00a0 Malenim,\u00a0ja vjerujem u an\u0111ele! A vi tra\u017eite dalje svog an\u0111ela na nebu. Autorica ovim pjesmama ulazi i vra\u0107a se u svoje djetinjstvo kako bi \u0161to bolje do\u010darala svijet koji bi djecu\u00a0potaknuli na razmi\u0161ljanje i ma\u0161tanje. Jasenka-Marija u ovim pjesmama do\u010darava prirodu i \u017eivotinje u prirodi na sebi svojstven, poseban na\u010din vjeruju\u0107i u mala [&hellip;]","og_url":"https:\/\/webknjizara.hr\/proizvod\/ljepota-duse-jasenka-marija-leko\/","og_site_name":"Web-knji\u017eara","article_modified_time":"2023-02-26T23:17:19+00:00","og_image":[{"width":300,"height":419,"url":"https:\/\/webknjizara.hr\/wp-content\/uploads\/nc\/images\/virtuemart\/product\/Leko_Ljepota_duse_naslovnica-300x419.jpg","type":"image\/jpeg"}],"twitter_card":"summary_large_image","twitter_misc":{"Est. reading time":"5 minutes"},"schema":{"@context":"https:\/\/schema.org","@graph":[{"@type":"WebPage","@id":"https:\/\/webknjizara.hr\/proizvod\/ljepota-duse-jasenka-marija-leko\/","url":"https:\/\/webknjizara.hr\/proizvod\/ljepota-duse-jasenka-marija-leko\/","name":"LJEPOTA DU\u0160E, Jasenka-Marija Leko - Web-knji\u017eara","isPartOf":{"@id":"https:\/\/webknjizara.hr\/#website"},"primaryImageOfPage":{"@id":"https:\/\/webknjizara.hr\/proizvod\/ljepota-duse-jasenka-marija-leko\/#primaryimage"},"image":{"@id":"https:\/\/webknjizara.hr\/proizvod\/ljepota-duse-jasenka-marija-leko\/#primaryimage"},"thumbnailUrl":"https:\/\/webknjizara.hr\/wp-content\/uploads\/nc\/images\/virtuemart\/product\/Leko_Ljepota_duse_naslovnica-300x419.jpg","datePublished":"2017-11-28T19:12:59+00:00","dateModified":"2023-02-26T23:17:19+00:00","breadcrumb":{"@id":"https:\/\/webknjizara.hr\/proizvod\/ljepota-duse-jasenka-marija-leko\/#breadcrumb"},"inLanguage":"en-US","potentialAction":[{"@type":"ReadAction","target":["https:\/\/webknjizara.hr\/proizvod\/ljepota-duse-jasenka-marija-leko\/"]}]},{"@type":"ImageObject","inLanguage":"en-US","@id":"https:\/\/webknjizara.hr\/proizvod\/ljepota-duse-jasenka-marija-leko\/#primaryimage","url":"https:\/\/webknjizara.hr\/wp-content\/uploads\/nc\/images\/virtuemart\/product\/Leko_Ljepota_duse_naslovnica-300x419.jpg","contentUrl":"https:\/\/webknjizara.hr\/wp-content\/uploads\/nc\/images\/virtuemart\/product\/Leko_Ljepota_duse_naslovnica-300x419.jpg","width":300,"height":419,"caption":"LJEPOTA DU\u0160E, Jasenka-Marija Leko"},{"@type":"BreadcrumbList","@id":"https:\/\/webknjizara.hr\/proizvod\/ljepota-duse-jasenka-marija-leko\/#breadcrumb","itemListElement":[{"@type":"ListItem","position":1,"name":"Po\u010detna stranica","item":"https:\/\/webknjizara.hr\/en\/"},{"@type":"ListItem","position":2,"name":"Shop","item":"https:\/\/webknjizara.hr\/shop\/"},{"@type":"ListItem","position":3,"name":"LJEPOTA DU\u0160E, Jasenka-Marija Leko"}]},{"@type":"WebSite","@id":"https:\/\/webknjizara.hr\/#website","url":"https:\/\/webknjizara.hr\/","name":"Web Knji\u017eara","description":"","publisher":{"@id":"https:\/\/webknjizara.hr\/#organization"},"potentialAction":[{"@type":"SearchAction","target":{"@type":"EntryPoint","urlTemplate":"https:\/\/webknjizara.hr\/?s={search_term_string}"},"query-input":{"@type":"PropertyValueSpecification","valueRequired":true,"valueName":"search_term_string"}}],"inLanguage":"en-US"},{"@type":"Organization","@id":"https:\/\/webknjizara.hr\/#organization","name":"REDAK D.O.O.","url":"https:\/\/webknjizara.hr\/","logo":{"@type":"ImageObject","inLanguage":"en-US","@id":"https:\/\/webknjizara.hr\/#\/schema\/logo\/image\/","url":"https:\/\/webknjizara.hr\/wp-content\/uploads\/2023\/01\/web-knjizara-logo.webp","contentUrl":"https:\/\/webknjizara.hr\/wp-content\/uploads\/2023\/01\/web-knjizara-logo.webp","width":324,"height":79,"caption":"REDAK D.O.O."},"image":{"@id":"https:\/\/webknjizara.hr\/#\/schema\/logo\/image\/"}}]}},"_links":{"self":[{"href":"https:\/\/webknjizara.hr\/en\/wp-json\/wp\/v2\/product\/8645","targetHints":{"allow":["GET"]}}],"collection":[{"href":"https:\/\/webknjizara.hr\/en\/wp-json\/wp\/v2\/product"}],"about":[{"href":"https:\/\/webknjizara.hr\/en\/wp-json\/wp\/v2\/types\/product"}],"replies":[{"embeddable":true,"href":"https:\/\/webknjizara.hr\/en\/wp-json\/wp\/v2\/comments?post=8645"}],"wp:featuredmedia":[{"embeddable":true,"href":"https:\/\/webknjizara.hr\/en\/wp-json\/wp\/v2\/media\/8646"}],"wp:attachment":[{"href":"https:\/\/webknjizara.hr\/en\/wp-json\/wp\/v2\/media?parent=8645"}],"wp:term":[{"taxonomy":"product_brand","embeddable":true,"href":"https:\/\/webknjizara.hr\/en\/wp-json\/wp\/v2\/product_brand?post=8645"},{"taxonomy":"product_cat","embeddable":true,"href":"https:\/\/webknjizara.hr\/en\/wp-json\/wp\/v2\/product_cat?post=8645"},{"taxonomy":"product_tag","embeddable":true,"href":"https:\/\/webknjizara.hr\/en\/wp-json\/wp\/v2\/product_tag?post=8645"}],"curies":[{"name":"wp","href":"https:\/\/api.w.org\/{rel}","templated":true}]}}