{"id":8643,"date":"2017-11-27T22:21:40","date_gmt":"2017-11-27T22:21:40","guid":{"rendered":"https:\/\/webknjizara.hr\/?product=deveti-sat-renato-badenic"},"modified":"2023-02-27T00:17:19","modified_gmt":"2023-02-26T23:17:19","slug":"deveti-sat-renato-badenic","status":"publish","type":"product","link":"https:\/\/webknjizara.hr\/en\/proizvod\/deveti-sat-renato-badenic\/","title":{"rendered":"DEVETI SAT, Renato Badeni\u0107"},"content":{"rendered":"<p style=\"text-align: justify;\"><strong>Sa\u017eetak:<\/strong> <\/p>\n<p>Izaziva\u010dkim stilom, proto\u010dnim i zasi\u0107enim re\u010denicama, drsko\u0161\u0107u u izrazu, ali i brutalnom iskreno\u0161\u0107u u sadr\u017eaju, <em>Deveti sat<\/em> potvr\u0111uje intenciju autora \u2014 nepripremljenog \u010ditatelja uspijeva prodrmati i natjerati ga da propituje sebe samoga, ali i svijet oko sebe nakon skidanja krinki la\u017enog nametnutog morala i sumnjive etike. Ako je ve\u0107 glavni junak (ujedno i pripovjeda\u010dki <em>ja<\/em> glas), nerijetko u romanu okarakteriziran i etiketiran <em>\u017eenomrscem<\/em>, vucibatinom umjetnosti, oskvrnjiva\u010dem i nepopravljivim nihilistom; Badeni\u0107a je tad, s <em>Devetim satom<\/em> na knji\u017eevnoj sceni, mogu\u0107e promatrati kao nekonvencionalnog surovo\/sirovog propitiva\u010da femininosti i maskulinosti u prvom redu, postmodernisti\u010dkog psova\u010da suvremene kulture, moderne umjetnosti i sistema u cjelini \u0161to proizvodi zatupljenu masu bez iskrenog osje\u0107aja posebnosti i onog najva\u017enijeg \u2013 slobode izbora.<\/p>\n<p style=\"text-align: center;\"><em>Izvadak iz recenzije (Ana-Marija Posavec)<\/em><\/p>\n<p style=\"text-align: justify;\"><strong>Bilje\u0161ka o autoru:<\/strong> <\/p>\n<p>\u017divi i radi u Zagrebu.<\/p>\n<p>1994. godine je u \u010dasopisu &#8220;Plima&#8221;, u izdanju AGM-a, objavio kratku satiri\u010dnu pri\u010du &#8220;Tramvajka&#8221;. <\/p>\n<p>2009. godine, pod pseudonimom Rene, objavio je novelu &#8220;Sedmi pe\u010dat&#8221; u izdanju A. G. Mato\u0161 Samobor i Likovne udruge Humanaart Zagreb.<\/p>\n<p>&#8220;Deveti sat&#8221; je njegov prvi objavljeni roman.<\/p>\n<p style=\"text-align: justify;\"><strong>Klju\u010dne rije\u010di:<\/strong> Deveti sat, Kum, Lana, Vanja, ve\u010deri poezije, problemi demokracije, kritika umjetnosti<\/p>\n<p><strong>E-mail:<\/strong> <a href=\"mailto:assua9@gmail.com\">Renato Badeni\u0107<br \/><\/a><br \/><strong>Naslov:<\/strong> DEVETI SAT<br \/><strong>Autor:<\/strong> Renato Badeni\u0107<br \/><strong>Broj stranica:<\/strong> 528<br \/><strong>Nakladnik:<\/strong> REDAK<br \/><strong>Godina izdanja:<\/strong> 2017.<br \/><strong>ISBN:<\/strong> 978-953-336-436-0<br \/><strong>Tisak:<\/strong> digitalni tisak knjiga &#8211; print na zahtjev\u00a0\u00a0<\/p>\n<hr \/>\n<p style=\"text-align: justify;\"><strong>Kako naru\u010diti knjigu?\u00a0<\/strong>Proces online kupovine jednako funkcionira za sve kupce, s jedinom razlikom u tome \u0161to \u0161to kupci iz inozemstva za podru\u010dje dostave moraju odabrati &#8220;Europa&#8221; ili &#8220;Ostale zemlje svijeta&#8221;, a za vrstu pla\u0107anja WSPay (kreditna kartica) ili Virmanom (bankovni transfer).<\/p>\n<p style=\"text-align: justify;\">Molimo kliknite ovdje za\u00a0<a href=\"hr\/kako-kupovati\" target=\"_blank\" rel=\"noopener noreferrer\">detaljni vodi\u010d kroz proces narud\u017ebe<\/a>\u00a0ili nas\u00a0<a href=\"hr\/kontakt\" target=\"_blank\" rel=\"noopener noreferrer\">kontaktirajte<\/a>\u00a0za vi\u0161e informacija.<\/p>\n","protected":false},"excerpt":{"rendered":"<p>Sa\u017eetak: Izaziva\u010dkim stilom, proto\u010dnim i zasi\u0107enim re\u010denicama, drsko\u0161\u0107u u izrazu, ali i brutalnom iskreno\u0161\u0107u u sadr\u017eaju, Deveti sat potvr\u0111uje intenciju autora \u2014 nepripremljenog \u010ditatelja uspijeva prodrmati i natjerati ga da propituje sebe samoga, ali i svijet oko sebe nakon skidanja krinki la\u017enog nametnutog morala i sumnjive etike. Ako je ve\u0107 glavni junak (ujedno i pripovjeda\u010dki [&hellip;]<\/p>\n","protected":false},"featured_media":8644,"comment_status":"open","ping_status":"closed","template":"","meta":{"_acf_changed":false},"product_brand":[],"product_cat":[1383,1385],"product_tag":[],"class_list":{"0":"post-8643","1":"product","2":"type-product","3":"status-publish","4":"has-post-thumbnail","6":"product_cat-knjige","7":"product_cat-knjizevnost","8":"pa_autor-renato-badenic","9":"pa_nakladnik-redak","11":"first","12":"instock","13":"shipping-taxable","14":"purchasable","15":"product-type-simple"},"acf":[],"yoast_head":"<!-- This site is optimized with the Yoast SEO plugin v27.3 - https:\/\/yoast.com\/product\/yoast-seo-wordpress\/ -->\n<title>DEVETI SAT, Renato Badeni\u0107 - Web-knji\u017eara<\/title>\n<meta name=\"robots\" content=\"index, follow, max-snippet:-1, max-image-preview:large, max-video-preview:-1\" \/>\n<link rel=\"canonical\" href=\"https:\/\/webknjizara.hr\/proizvod\/deveti-sat-renato-badenic\/\" \/>\n<meta property=\"og:locale\" content=\"en_US\" \/>\n<meta property=\"og:type\" content=\"article\" \/>\n<meta property=\"og:title\" content=\"DEVETI SAT, Renato Badeni\u0107 - Web-knji\u017eara\" \/>\n<meta property=\"og:description\" content=\"Sa\u017eetak: Izaziva\u010dkim stilom, proto\u010dnim i zasi\u0107enim re\u010denicama, drsko\u0161\u0107u u izrazu, ali i brutalnom iskreno\u0161\u0107u u sadr\u017eaju, Deveti sat potvr\u0111uje intenciju autora \u2014 nepripremljenog \u010ditatelja uspijeva prodrmati i natjerati ga da propituje sebe samoga, ali i svijet oko sebe nakon skidanja krinki la\u017enog nametnutog morala i sumnjive etike. Ako je ve\u0107 glavni junak (ujedno i pripovjeda\u010dki [&hellip;]\" \/>\n<meta property=\"og:url\" content=\"https:\/\/webknjizara.hr\/proizvod\/deveti-sat-renato-badenic\/\" \/>\n<meta property=\"og:site_name\" content=\"Web-knji\u017eara\" \/>\n<meta property=\"article:modified_time\" content=\"2023-02-26T23:17:19+00:00\" \/>\n<meta property=\"og:image\" content=\"https:\/\/webknjizara.hr\/wp-content\/uploads\/nc\/images\/virtuemart\/product\/Deveti-sat-Badenic-300x419.jpg\" \/>\n\t<meta property=\"og:image:width\" content=\"300\" \/>\n\t<meta property=\"og:image:height\" content=\"419\" \/>\n\t<meta property=\"og:image:type\" content=\"image\/jpeg\" \/>\n<meta name=\"twitter:card\" content=\"summary_large_image\" \/>\n<meta name=\"twitter:label1\" content=\"Est. reading time\" \/>\n\t<meta name=\"twitter:data1\" content=\"1 minute\" \/>\n<script type=\"application\/ld+json\" class=\"yoast-schema-graph\">{\"@context\":\"https:\\\/\\\/schema.org\",\"@graph\":[{\"@type\":\"WebPage\",\"@id\":\"https:\\\/\\\/webknjizara.hr\\\/proizvod\\\/deveti-sat-renato-badenic\\\/\",\"url\":\"https:\\\/\\\/webknjizara.hr\\\/proizvod\\\/deveti-sat-renato-badenic\\\/\",\"name\":\"DEVETI SAT, Renato Badeni\u0107 - Web-knji\u017eara\",\"isPartOf\":{\"@id\":\"https:\\\/\\\/webknjizara.hr\\\/#website\"},\"primaryImageOfPage\":{\"@id\":\"https:\\\/\\\/webknjizara.hr\\\/proizvod\\\/deveti-sat-renato-badenic\\\/#primaryimage\"},\"image\":{\"@id\":\"https:\\\/\\\/webknjizara.hr\\\/proizvod\\\/deveti-sat-renato-badenic\\\/#primaryimage\"},\"thumbnailUrl\":\"https:\\\/\\\/webknjizara.hr\\\/wp-content\\\/uploads\\\/nc\\\/images\\\/virtuemart\\\/product\\\/Deveti-sat-Badenic-300x419.jpg\",\"datePublished\":\"2017-11-27T22:21:40+00:00\",\"dateModified\":\"2023-02-26T23:17:19+00:00\",\"breadcrumb\":{\"@id\":\"https:\\\/\\\/webknjizara.hr\\\/proizvod\\\/deveti-sat-renato-badenic\\\/#breadcrumb\"},\"inLanguage\":\"en-US\",\"potentialAction\":[{\"@type\":\"ReadAction\",\"target\":[\"https:\\\/\\\/webknjizara.hr\\\/proizvod\\\/deveti-sat-renato-badenic\\\/\"]}]},{\"@type\":\"ImageObject\",\"inLanguage\":\"en-US\",\"@id\":\"https:\\\/\\\/webknjizara.hr\\\/proizvod\\\/deveti-sat-renato-badenic\\\/#primaryimage\",\"url\":\"https:\\\/\\\/webknjizara.hr\\\/wp-content\\\/uploads\\\/nc\\\/images\\\/virtuemart\\\/product\\\/Deveti-sat-Badenic-300x419.jpg\",\"contentUrl\":\"https:\\\/\\\/webknjizara.hr\\\/wp-content\\\/uploads\\\/nc\\\/images\\\/virtuemart\\\/product\\\/Deveti-sat-Badenic-300x419.jpg\",\"width\":300,\"height\":419,\"caption\":\"DEVETI SAT, Renato Badeni\u0107\"},{\"@type\":\"BreadcrumbList\",\"@id\":\"https:\\\/\\\/webknjizara.hr\\\/proizvod\\\/deveti-sat-renato-badenic\\\/#breadcrumb\",\"itemListElement\":[{\"@type\":\"ListItem\",\"position\":1,\"name\":\"Po\u010detna stranica\",\"item\":\"https:\\\/\\\/webknjizara.hr\\\/en\\\/\"},{\"@type\":\"ListItem\",\"position\":2,\"name\":\"Shop\",\"item\":\"https:\\\/\\\/webknjizara.hr\\\/shop\\\/\"},{\"@type\":\"ListItem\",\"position\":3,\"name\":\"DEVETI SAT, Renato Badeni\u0107\"}]},{\"@type\":\"WebSite\",\"@id\":\"https:\\\/\\\/webknjizara.hr\\\/#website\",\"url\":\"https:\\\/\\\/webknjizara.hr\\\/\",\"name\":\"Web Knji\u017eara\",\"description\":\"\",\"publisher\":{\"@id\":\"https:\\\/\\\/webknjizara.hr\\\/#organization\"},\"potentialAction\":[{\"@type\":\"SearchAction\",\"target\":{\"@type\":\"EntryPoint\",\"urlTemplate\":\"https:\\\/\\\/webknjizara.hr\\\/?s={search_term_string}\"},\"query-input\":{\"@type\":\"PropertyValueSpecification\",\"valueRequired\":true,\"valueName\":\"search_term_string\"}}],\"inLanguage\":\"en-US\"},{\"@type\":\"Organization\",\"@id\":\"https:\\\/\\\/webknjizara.hr\\\/#organization\",\"name\":\"REDAK D.O.O.\",\"url\":\"https:\\\/\\\/webknjizara.hr\\\/\",\"logo\":{\"@type\":\"ImageObject\",\"inLanguage\":\"en-US\",\"@id\":\"https:\\\/\\\/webknjizara.hr\\\/#\\\/schema\\\/logo\\\/image\\\/\",\"url\":\"https:\\\/\\\/webknjizara.hr\\\/wp-content\\\/uploads\\\/2023\\\/01\\\/web-knjizara-logo.webp\",\"contentUrl\":\"https:\\\/\\\/webknjizara.hr\\\/wp-content\\\/uploads\\\/2023\\\/01\\\/web-knjizara-logo.webp\",\"width\":324,\"height\":79,\"caption\":\"REDAK D.O.O.\"},\"image\":{\"@id\":\"https:\\\/\\\/webknjizara.hr\\\/#\\\/schema\\\/logo\\\/image\\\/\"}}]}<\/script>\n<!-- \/ Yoast SEO plugin. -->","yoast_head_json":{"title":"DEVETI SAT, Renato Badeni\u0107 - Web-knji\u017eara","robots":{"index":"index","follow":"follow","max-snippet":"max-snippet:-1","max-image-preview":"max-image-preview:large","max-video-preview":"max-video-preview:-1"},"canonical":"https:\/\/webknjizara.hr\/proizvod\/deveti-sat-renato-badenic\/","og_locale":"en_US","og_type":"article","og_title":"DEVETI SAT, Renato Badeni\u0107 - Web-knji\u017eara","og_description":"Sa\u017eetak: Izaziva\u010dkim stilom, proto\u010dnim i zasi\u0107enim re\u010denicama, drsko\u0161\u0107u u izrazu, ali i brutalnom iskreno\u0161\u0107u u sadr\u017eaju, Deveti sat potvr\u0111uje intenciju autora \u2014 nepripremljenog \u010ditatelja uspijeva prodrmati i natjerati ga da propituje sebe samoga, ali i svijet oko sebe nakon skidanja krinki la\u017enog nametnutog morala i sumnjive etike. Ako je ve\u0107 glavni junak (ujedno i pripovjeda\u010dki [&hellip;]","og_url":"https:\/\/webknjizara.hr\/proizvod\/deveti-sat-renato-badenic\/","og_site_name":"Web-knji\u017eara","article_modified_time":"2023-02-26T23:17:19+00:00","og_image":[{"width":300,"height":419,"url":"https:\/\/webknjizara.hr\/wp-content\/uploads\/nc\/images\/virtuemart\/product\/Deveti-sat-Badenic-300x419.jpg","type":"image\/jpeg"}],"twitter_card":"summary_large_image","twitter_misc":{"Est. reading time":"1 minute"},"schema":{"@context":"https:\/\/schema.org","@graph":[{"@type":"WebPage","@id":"https:\/\/webknjizara.hr\/proizvod\/deveti-sat-renato-badenic\/","url":"https:\/\/webknjizara.hr\/proizvod\/deveti-sat-renato-badenic\/","name":"DEVETI SAT, Renato Badeni\u0107 - Web-knji\u017eara","isPartOf":{"@id":"https:\/\/webknjizara.hr\/#website"},"primaryImageOfPage":{"@id":"https:\/\/webknjizara.hr\/proizvod\/deveti-sat-renato-badenic\/#primaryimage"},"image":{"@id":"https:\/\/webknjizara.hr\/proizvod\/deveti-sat-renato-badenic\/#primaryimage"},"thumbnailUrl":"https:\/\/webknjizara.hr\/wp-content\/uploads\/nc\/images\/virtuemart\/product\/Deveti-sat-Badenic-300x419.jpg","datePublished":"2017-11-27T22:21:40+00:00","dateModified":"2023-02-26T23:17:19+00:00","breadcrumb":{"@id":"https:\/\/webknjizara.hr\/proizvod\/deveti-sat-renato-badenic\/#breadcrumb"},"inLanguage":"en-US","potentialAction":[{"@type":"ReadAction","target":["https:\/\/webknjizara.hr\/proizvod\/deveti-sat-renato-badenic\/"]}]},{"@type":"ImageObject","inLanguage":"en-US","@id":"https:\/\/webknjizara.hr\/proizvod\/deveti-sat-renato-badenic\/#primaryimage","url":"https:\/\/webknjizara.hr\/wp-content\/uploads\/nc\/images\/virtuemart\/product\/Deveti-sat-Badenic-300x419.jpg","contentUrl":"https:\/\/webknjizara.hr\/wp-content\/uploads\/nc\/images\/virtuemart\/product\/Deveti-sat-Badenic-300x419.jpg","width":300,"height":419,"caption":"DEVETI SAT, Renato Badeni\u0107"},{"@type":"BreadcrumbList","@id":"https:\/\/webknjizara.hr\/proizvod\/deveti-sat-renato-badenic\/#breadcrumb","itemListElement":[{"@type":"ListItem","position":1,"name":"Po\u010detna stranica","item":"https:\/\/webknjizara.hr\/en\/"},{"@type":"ListItem","position":2,"name":"Shop","item":"https:\/\/webknjizara.hr\/shop\/"},{"@type":"ListItem","position":3,"name":"DEVETI SAT, Renato Badeni\u0107"}]},{"@type":"WebSite","@id":"https:\/\/webknjizara.hr\/#website","url":"https:\/\/webknjizara.hr\/","name":"Web Knji\u017eara","description":"","publisher":{"@id":"https:\/\/webknjizara.hr\/#organization"},"potentialAction":[{"@type":"SearchAction","target":{"@type":"EntryPoint","urlTemplate":"https:\/\/webknjizara.hr\/?s={search_term_string}"},"query-input":{"@type":"PropertyValueSpecification","valueRequired":true,"valueName":"search_term_string"}}],"inLanguage":"en-US"},{"@type":"Organization","@id":"https:\/\/webknjizara.hr\/#organization","name":"REDAK D.O.O.","url":"https:\/\/webknjizara.hr\/","logo":{"@type":"ImageObject","inLanguage":"en-US","@id":"https:\/\/webknjizara.hr\/#\/schema\/logo\/image\/","url":"https:\/\/webknjizara.hr\/wp-content\/uploads\/2023\/01\/web-knjizara-logo.webp","contentUrl":"https:\/\/webknjizara.hr\/wp-content\/uploads\/2023\/01\/web-knjizara-logo.webp","width":324,"height":79,"caption":"REDAK D.O.O."},"image":{"@id":"https:\/\/webknjizara.hr\/#\/schema\/logo\/image\/"}}]}},"_links":{"self":[{"href":"https:\/\/webknjizara.hr\/en\/wp-json\/wp\/v2\/product\/8643","targetHints":{"allow":["GET"]}}],"collection":[{"href":"https:\/\/webknjizara.hr\/en\/wp-json\/wp\/v2\/product"}],"about":[{"href":"https:\/\/webknjizara.hr\/en\/wp-json\/wp\/v2\/types\/product"}],"replies":[{"embeddable":true,"href":"https:\/\/webknjizara.hr\/en\/wp-json\/wp\/v2\/comments?post=8643"}],"wp:featuredmedia":[{"embeddable":true,"href":"https:\/\/webknjizara.hr\/en\/wp-json\/wp\/v2\/media\/8644"}],"wp:attachment":[{"href":"https:\/\/webknjizara.hr\/en\/wp-json\/wp\/v2\/media?parent=8643"}],"wp:term":[{"taxonomy":"product_brand","embeddable":true,"href":"https:\/\/webknjizara.hr\/en\/wp-json\/wp\/v2\/product_brand?post=8643"},{"taxonomy":"product_cat","embeddable":true,"href":"https:\/\/webknjizara.hr\/en\/wp-json\/wp\/v2\/product_cat?post=8643"},{"taxonomy":"product_tag","embeddable":true,"href":"https:\/\/webknjizara.hr\/en\/wp-json\/wp\/v2\/product_tag?post=8643"}],"curies":[{"name":"wp","href":"https:\/\/api.w.org\/{rel}","templated":true}]}}