{"id":8631,"date":"2017-11-13T20:56:25","date_gmt":"2017-11-13T20:56:25","guid":{"rendered":"https:\/\/webknjizara.hr\/?product=3-casnik-palube-prirucnik-za-polaganje-ispita-marina-matic"},"modified":"2023-02-27T00:17:16","modified_gmt":"2023-02-26T23:17:16","slug":"3-casnik-palube-prirucnik-za-polaganje-ispita-marina-matic","status":"publish","type":"product","link":"https:\/\/webknjizara.hr\/en\/proizvod\/3-casnik-palube-prirucnik-za-polaganje-ispita-marina-matic\/","title":{"rendered":"3. \u010cASNIK PALUBE  PRIRU\u010cNIK ZA POLAGANJE ISPITA, Marina Mati\u0107"},"content":{"rendered":"<p style=\"text-align: justify;\"><strong>Sa\u017eetak:<\/strong> <\/p>\n<p>Priru\u010dnik za polaganje ispita za 3. \u010dasnika palube obra\u0111uje ispitna pitanja koje je propisalo Ministarstvo pomorstva, prometa i infrastrukture Republike Hrvatske.<\/p>\n<p>U kratkim crtama daju se odgovori na pitanja iz: astronomske navigacije, terestri\u010dke i elektroni\u010dke navigacije, rukovanja brodom i teretom sa stabilno\u0161\u0107u broda, manevriranja brodom i pravila za izbjegavanje sudara na moru, sigurnosti na moru, pomorske meteorologije i oceanografije, pomorskog prava i engleskog jezika.<\/p>\n<p>Priru\u010dnik je usko povezan s programom e-u\u010denja Marinapomorac i edukativnim video materijalima na web stranici <a href=\"http:\/\/www.marinapomorac.com\" target=\"_blank\" rel=\"noopener noreferrer\">www.marinapomorac.com<\/a> i zajedno s njima predstavlja cjeloviti komplet za pripremu za ispite.<\/p>\n<p style=\"text-align: justify;\"><strong>Bilje\u0161ka o autorici:<\/strong> <\/p>\n<p>Marina Mati\u0107 ro\u0111ena je 1981. godine u \u0160ibeniku. Nakon zavr\u0161ene srednje Prometno-tehni\u010dke \u0161kole u \u0160ibeniku i Pomorskog fakulteta u Splitu, odra\u0111uje vje\u017ebeni\u010dki sta\u017e i stje\u010de zvanje 3. \u010dasnika palube. Od 2006. godine radi kao predava\u010d i konzultant u edukaciji i razvoju edukacije pomoraca u pomorskim u\u010dili\u0161tima. Sa razvojem informacijskih tehnologija, nastoji pribli\u017eiti i olak\u0161ati edukativni proces pomorskim nauti\u010darima u Republici Hrvatskoj i \u0161iroj regiji.<\/p>\n<p><strong>Bilje\u0161ka o urednici:<\/strong> <\/p>\n<p>Marina Mati\u0107<\/p>\n<p><strong>Klju\u010dne rije\u010di:<\/strong> tre\u0107i \u010dasnik palube, navigacija, nautika, pomorstvo, poru\u010dni\u010dki ispit,<\/p>\n<p style=\"text-align: justify;\"><strong>E-mail:\u00a0<\/strong> <a href=\"mailto:marinapomorac@gmail.com\">Marina Mati\u0107<\/a><\/p>\n<p style=\"text-align: justify;\"><strong>Naslov:<\/strong> 3. \u010cASNIK PALUBE PRIRU\u010cNIK ZA POLAGANJE ISPITA<br \/><strong>Autor:<\/strong> Marina Mati\u0107<br \/><strong>Broj stranica:<\/strong> 420<br \/><strong>Nakladnik:<\/strong> REDAK<br \/><strong>Godina izdanja:<\/strong> 2017.<br \/><strong>ISBN:<\/strong> 978-953-336-419-3<br \/><strong>Tisak:<\/strong> digitalni tisak knjiga &#8211; print na zahtjev\u00a0<\/p>\n<hr \/>\n<p style=\"text-align: justify;\"><strong>Kako naru\u010diti knjigu?\u00a0<\/strong>Proces online kupovine jednako funkcionira za sve kupce, s jedinom razlikom u tome \u0161to \u0161to kupci iz inozemstva za podru\u010dje dostave moraju odabrati &#8220;Europa&#8221; ili &#8220;Ostale zemlje svijeta&#8221;, a za vrstu pla\u0107anja WSPay (kreditna kartica) ili Virmanom (bankovni transfer).<\/p>\n<p style=\"text-align: justify;\">Molimo kliknite ovdje za\u00a0<a href=\"hr\/kako-kupovati\" target=\"_blank\" rel=\"noopener noreferrer\">detaljni vodi\u010d kroz proces narud\u017ebe<\/a>\u00a0ili nas\u00a0<a href=\"hr\/kontakt\" target=\"_blank\" rel=\"noopener noreferrer\">kontaktirajte<\/a>\u00a0za vi\u0161e informacija.<\/p>\n","protected":false},"excerpt":{"rendered":"<p>Sa\u017eetak: Priru\u010dnik za polaganje ispita za 3. \u010dasnika palube obra\u0111uje ispitna pitanja koje je propisalo Ministarstvo pomorstva, prometa i infrastrukture Republike Hrvatske. U kratkim crtama daju se odgovori na pitanja iz: astronomske navigacije, terestri\u010dke i elektroni\u010dke navigacije, rukovanja brodom i teretom sa stabilno\u0161\u0107u broda, manevriranja brodom i pravila za izbjegavanje sudara na moru, sigurnosti na [&hellip;]<\/p>\n","protected":false},"featured_media":8632,"comment_status":"open","ping_status":"closed","template":"","meta":{"_acf_changed":false},"product_brand":[],"product_cat":[1517],"product_tag":[],"class_list":{"0":"post-8631","1":"product","2":"type-product","3":"status-publish","4":"has-post-thumbnail","6":"product_cat-strucna-literatura","7":"pa_autor-marina-matic","8":"pa_nakladnik-redak","10":"first","11":"instock","12":"shipping-taxable","13":"purchasable","14":"product-type-simple"},"acf":[],"yoast_head":"<!-- This site is optimized with the Yoast SEO plugin v27.3 - https:\/\/yoast.com\/product\/yoast-seo-wordpress\/ -->\n<title>3. \u010cASNIK PALUBE PRIRU\u010cNIK ZA POLAGANJE ISPITA, Marina Mati\u0107 - Web-knji\u017eara<\/title>\n<meta name=\"robots\" content=\"index, follow, max-snippet:-1, max-image-preview:large, max-video-preview:-1\" \/>\n<link rel=\"canonical\" href=\"https:\/\/webknjizara.hr\/proizvod\/3-casnik-palube-prirucnik-za-polaganje-ispita-marina-matic\/\" \/>\n<meta property=\"og:locale\" content=\"en_US\" \/>\n<meta property=\"og:type\" content=\"article\" \/>\n<meta property=\"og:title\" content=\"3. \u010cASNIK PALUBE PRIRU\u010cNIK ZA POLAGANJE ISPITA, Marina Mati\u0107 - Web-knji\u017eara\" \/>\n<meta property=\"og:description\" content=\"Sa\u017eetak: Priru\u010dnik za polaganje ispita za 3. \u010dasnika palube obra\u0111uje ispitna pitanja koje je propisalo Ministarstvo pomorstva, prometa i infrastrukture Republike Hrvatske. U kratkim crtama daju se odgovori na pitanja iz: astronomske navigacije, terestri\u010dke i elektroni\u010dke navigacije, rukovanja brodom i teretom sa stabilno\u0161\u0107u broda, manevriranja brodom i pravila za izbjegavanje sudara na moru, sigurnosti na [&hellip;]\" \/>\n<meta property=\"og:url\" content=\"https:\/\/webknjizara.hr\/proizvod\/3-casnik-palube-prirucnik-za-polaganje-ispita-marina-matic\/\" \/>\n<meta property=\"og:site_name\" content=\"Web-knji\u017eara\" \/>\n<meta property=\"article:modified_time\" content=\"2023-02-26T23:17:16+00:00\" \/>\n<meta property=\"og:image\" content=\"https:\/\/webknjizara.hr\/wp-content\/uploads\/nc\/images\/virtuemart\/product\/web-naslovnica-MATIC-300x419.jpg\" \/>\n\t<meta property=\"og:image:width\" content=\"300\" \/>\n\t<meta property=\"og:image:height\" content=\"419\" \/>\n\t<meta property=\"og:image:type\" content=\"image\/jpeg\" \/>\n<meta name=\"twitter:card\" content=\"summary_large_image\" \/>\n<meta name=\"twitter:label1\" content=\"Est. reading time\" \/>\n\t<meta name=\"twitter:data1\" content=\"1 minute\" \/>\n<script type=\"application\/ld+json\" class=\"yoast-schema-graph\">{\"@context\":\"https:\\\/\\\/schema.org\",\"@graph\":[{\"@type\":\"WebPage\",\"@id\":\"https:\\\/\\\/webknjizara.hr\\\/proizvod\\\/3-casnik-palube-prirucnik-za-polaganje-ispita-marina-matic\\\/\",\"url\":\"https:\\\/\\\/webknjizara.hr\\\/proizvod\\\/3-casnik-palube-prirucnik-za-polaganje-ispita-marina-matic\\\/\",\"name\":\"3. \u010cASNIK PALUBE PRIRU\u010cNIK ZA POLAGANJE ISPITA, Marina Mati\u0107 - Web-knji\u017eara\",\"isPartOf\":{\"@id\":\"https:\\\/\\\/webknjizara.hr\\\/#website\"},\"primaryImageOfPage\":{\"@id\":\"https:\\\/\\\/webknjizara.hr\\\/proizvod\\\/3-casnik-palube-prirucnik-za-polaganje-ispita-marina-matic\\\/#primaryimage\"},\"image\":{\"@id\":\"https:\\\/\\\/webknjizara.hr\\\/proizvod\\\/3-casnik-palube-prirucnik-za-polaganje-ispita-marina-matic\\\/#primaryimage\"},\"thumbnailUrl\":\"https:\\\/\\\/webknjizara.hr\\\/wp-content\\\/uploads\\\/nc\\\/images\\\/virtuemart\\\/product\\\/web-naslovnica-MATIC-300x419.jpg\",\"datePublished\":\"2017-11-13T20:56:25+00:00\",\"dateModified\":\"2023-02-26T23:17:16+00:00\",\"breadcrumb\":{\"@id\":\"https:\\\/\\\/webknjizara.hr\\\/proizvod\\\/3-casnik-palube-prirucnik-za-polaganje-ispita-marina-matic\\\/#breadcrumb\"},\"inLanguage\":\"en-US\",\"potentialAction\":[{\"@type\":\"ReadAction\",\"target\":[\"https:\\\/\\\/webknjizara.hr\\\/proizvod\\\/3-casnik-palube-prirucnik-za-polaganje-ispita-marina-matic\\\/\"]}]},{\"@type\":\"ImageObject\",\"inLanguage\":\"en-US\",\"@id\":\"https:\\\/\\\/webknjizara.hr\\\/proizvod\\\/3-casnik-palube-prirucnik-za-polaganje-ispita-marina-matic\\\/#primaryimage\",\"url\":\"https:\\\/\\\/webknjizara.hr\\\/wp-content\\\/uploads\\\/nc\\\/images\\\/virtuemart\\\/product\\\/web-naslovnica-MATIC-300x419.jpg\",\"contentUrl\":\"https:\\\/\\\/webknjizara.hr\\\/wp-content\\\/uploads\\\/nc\\\/images\\\/virtuemart\\\/product\\\/web-naslovnica-MATIC-300x419.jpg\",\"width\":300,\"height\":419,\"caption\":\"3. \u010cASNIK PALUBE PRIRU\u010cNIK ZA POLAGANJE ISPITA, Marina Mati\u0107\"},{\"@type\":\"BreadcrumbList\",\"@id\":\"https:\\\/\\\/webknjizara.hr\\\/proizvod\\\/3-casnik-palube-prirucnik-za-polaganje-ispita-marina-matic\\\/#breadcrumb\",\"itemListElement\":[{\"@type\":\"ListItem\",\"position\":1,\"name\":\"Po\u010detna stranica\",\"item\":\"https:\\\/\\\/webknjizara.hr\\\/en\\\/\"},{\"@type\":\"ListItem\",\"position\":2,\"name\":\"Shop\",\"item\":\"https:\\\/\\\/webknjizara.hr\\\/shop\\\/\"},{\"@type\":\"ListItem\",\"position\":3,\"name\":\"3. \u010cASNIK PALUBE PRIRU\u010cNIK ZA POLAGANJE ISPITA, Marina Mati\u0107\"}]},{\"@type\":\"WebSite\",\"@id\":\"https:\\\/\\\/webknjizara.hr\\\/#website\",\"url\":\"https:\\\/\\\/webknjizara.hr\\\/\",\"name\":\"Web Knji\u017eara\",\"description\":\"\",\"publisher\":{\"@id\":\"https:\\\/\\\/webknjizara.hr\\\/#organization\"},\"potentialAction\":[{\"@type\":\"SearchAction\",\"target\":{\"@type\":\"EntryPoint\",\"urlTemplate\":\"https:\\\/\\\/webknjizara.hr\\\/?s={search_term_string}\"},\"query-input\":{\"@type\":\"PropertyValueSpecification\",\"valueRequired\":true,\"valueName\":\"search_term_string\"}}],\"inLanguage\":\"en-US\"},{\"@type\":\"Organization\",\"@id\":\"https:\\\/\\\/webknjizara.hr\\\/#organization\",\"name\":\"REDAK D.O.O.\",\"url\":\"https:\\\/\\\/webknjizara.hr\\\/\",\"logo\":{\"@type\":\"ImageObject\",\"inLanguage\":\"en-US\",\"@id\":\"https:\\\/\\\/webknjizara.hr\\\/#\\\/schema\\\/logo\\\/image\\\/\",\"url\":\"https:\\\/\\\/webknjizara.hr\\\/wp-content\\\/uploads\\\/2023\\\/01\\\/web-knjizara-logo.webp\",\"contentUrl\":\"https:\\\/\\\/webknjizara.hr\\\/wp-content\\\/uploads\\\/2023\\\/01\\\/web-knjizara-logo.webp\",\"width\":324,\"height\":79,\"caption\":\"REDAK D.O.O.\"},\"image\":{\"@id\":\"https:\\\/\\\/webknjizara.hr\\\/#\\\/schema\\\/logo\\\/image\\\/\"}}]}<\/script>\n<!-- \/ Yoast SEO plugin. -->","yoast_head_json":{"title":"3. \u010cASNIK PALUBE PRIRU\u010cNIK ZA POLAGANJE ISPITA, Marina Mati\u0107 - Web-knji\u017eara","robots":{"index":"index","follow":"follow","max-snippet":"max-snippet:-1","max-image-preview":"max-image-preview:large","max-video-preview":"max-video-preview:-1"},"canonical":"https:\/\/webknjizara.hr\/proizvod\/3-casnik-palube-prirucnik-za-polaganje-ispita-marina-matic\/","og_locale":"en_US","og_type":"article","og_title":"3. \u010cASNIK PALUBE PRIRU\u010cNIK ZA POLAGANJE ISPITA, Marina Mati\u0107 - Web-knji\u017eara","og_description":"Sa\u017eetak: Priru\u010dnik za polaganje ispita za 3. \u010dasnika palube obra\u0111uje ispitna pitanja koje je propisalo Ministarstvo pomorstva, prometa i infrastrukture Republike Hrvatske. U kratkim crtama daju se odgovori na pitanja iz: astronomske navigacije, terestri\u010dke i elektroni\u010dke navigacije, rukovanja brodom i teretom sa stabilno\u0161\u0107u broda, manevriranja brodom i pravila za izbjegavanje sudara na moru, sigurnosti na [&hellip;]","og_url":"https:\/\/webknjizara.hr\/proizvod\/3-casnik-palube-prirucnik-za-polaganje-ispita-marina-matic\/","og_site_name":"Web-knji\u017eara","article_modified_time":"2023-02-26T23:17:16+00:00","og_image":[{"width":300,"height":419,"url":"https:\/\/webknjizara.hr\/wp-content\/uploads\/nc\/images\/virtuemart\/product\/web-naslovnica-MATIC-300x419.jpg","type":"image\/jpeg"}],"twitter_card":"summary_large_image","twitter_misc":{"Est. reading time":"1 minute"},"schema":{"@context":"https:\/\/schema.org","@graph":[{"@type":"WebPage","@id":"https:\/\/webknjizara.hr\/proizvod\/3-casnik-palube-prirucnik-za-polaganje-ispita-marina-matic\/","url":"https:\/\/webknjizara.hr\/proizvod\/3-casnik-palube-prirucnik-za-polaganje-ispita-marina-matic\/","name":"3. \u010cASNIK PALUBE PRIRU\u010cNIK ZA POLAGANJE ISPITA, Marina Mati\u0107 - Web-knji\u017eara","isPartOf":{"@id":"https:\/\/webknjizara.hr\/#website"},"primaryImageOfPage":{"@id":"https:\/\/webknjizara.hr\/proizvod\/3-casnik-palube-prirucnik-za-polaganje-ispita-marina-matic\/#primaryimage"},"image":{"@id":"https:\/\/webknjizara.hr\/proizvod\/3-casnik-palube-prirucnik-za-polaganje-ispita-marina-matic\/#primaryimage"},"thumbnailUrl":"https:\/\/webknjizara.hr\/wp-content\/uploads\/nc\/images\/virtuemart\/product\/web-naslovnica-MATIC-300x419.jpg","datePublished":"2017-11-13T20:56:25+00:00","dateModified":"2023-02-26T23:17:16+00:00","breadcrumb":{"@id":"https:\/\/webknjizara.hr\/proizvod\/3-casnik-palube-prirucnik-za-polaganje-ispita-marina-matic\/#breadcrumb"},"inLanguage":"en-US","potentialAction":[{"@type":"ReadAction","target":["https:\/\/webknjizara.hr\/proizvod\/3-casnik-palube-prirucnik-za-polaganje-ispita-marina-matic\/"]}]},{"@type":"ImageObject","inLanguage":"en-US","@id":"https:\/\/webknjizara.hr\/proizvod\/3-casnik-palube-prirucnik-za-polaganje-ispita-marina-matic\/#primaryimage","url":"https:\/\/webknjizara.hr\/wp-content\/uploads\/nc\/images\/virtuemart\/product\/web-naslovnica-MATIC-300x419.jpg","contentUrl":"https:\/\/webknjizara.hr\/wp-content\/uploads\/nc\/images\/virtuemart\/product\/web-naslovnica-MATIC-300x419.jpg","width":300,"height":419,"caption":"3. \u010cASNIK PALUBE PRIRU\u010cNIK ZA POLAGANJE ISPITA, Marina Mati\u0107"},{"@type":"BreadcrumbList","@id":"https:\/\/webknjizara.hr\/proizvod\/3-casnik-palube-prirucnik-za-polaganje-ispita-marina-matic\/#breadcrumb","itemListElement":[{"@type":"ListItem","position":1,"name":"Po\u010detna stranica","item":"https:\/\/webknjizara.hr\/en\/"},{"@type":"ListItem","position":2,"name":"Shop","item":"https:\/\/webknjizara.hr\/shop\/"},{"@type":"ListItem","position":3,"name":"3. \u010cASNIK PALUBE PRIRU\u010cNIK ZA POLAGANJE ISPITA, Marina Mati\u0107"}]},{"@type":"WebSite","@id":"https:\/\/webknjizara.hr\/#website","url":"https:\/\/webknjizara.hr\/","name":"Web Knji\u017eara","description":"","publisher":{"@id":"https:\/\/webknjizara.hr\/#organization"},"potentialAction":[{"@type":"SearchAction","target":{"@type":"EntryPoint","urlTemplate":"https:\/\/webknjizara.hr\/?s={search_term_string}"},"query-input":{"@type":"PropertyValueSpecification","valueRequired":true,"valueName":"search_term_string"}}],"inLanguage":"en-US"},{"@type":"Organization","@id":"https:\/\/webknjizara.hr\/#organization","name":"REDAK D.O.O.","url":"https:\/\/webknjizara.hr\/","logo":{"@type":"ImageObject","inLanguage":"en-US","@id":"https:\/\/webknjizara.hr\/#\/schema\/logo\/image\/","url":"https:\/\/webknjizara.hr\/wp-content\/uploads\/2023\/01\/web-knjizara-logo.webp","contentUrl":"https:\/\/webknjizara.hr\/wp-content\/uploads\/2023\/01\/web-knjizara-logo.webp","width":324,"height":79,"caption":"REDAK D.O.O."},"image":{"@id":"https:\/\/webknjizara.hr\/#\/schema\/logo\/image\/"}}]}},"_links":{"self":[{"href":"https:\/\/webknjizara.hr\/en\/wp-json\/wp\/v2\/product\/8631","targetHints":{"allow":["GET"]}}],"collection":[{"href":"https:\/\/webknjizara.hr\/en\/wp-json\/wp\/v2\/product"}],"about":[{"href":"https:\/\/webknjizara.hr\/en\/wp-json\/wp\/v2\/types\/product"}],"replies":[{"embeddable":true,"href":"https:\/\/webknjizara.hr\/en\/wp-json\/wp\/v2\/comments?post=8631"}],"wp:featuredmedia":[{"embeddable":true,"href":"https:\/\/webknjizara.hr\/en\/wp-json\/wp\/v2\/media\/8632"}],"wp:attachment":[{"href":"https:\/\/webknjizara.hr\/en\/wp-json\/wp\/v2\/media?parent=8631"}],"wp:term":[{"taxonomy":"product_brand","embeddable":true,"href":"https:\/\/webknjizara.hr\/en\/wp-json\/wp\/v2\/product_brand?post=8631"},{"taxonomy":"product_cat","embeddable":true,"href":"https:\/\/webknjizara.hr\/en\/wp-json\/wp\/v2\/product_cat?post=8631"},{"taxonomy":"product_tag","embeddable":true,"href":"https:\/\/webknjizara.hr\/en\/wp-json\/wp\/v2\/product_tag?post=8631"}],"curies":[{"name":"wp","href":"https:\/\/api.w.org\/{rel}","templated":true}]}}