{"id":8591,"date":"2017-09-22T20:12:20","date_gmt":"2017-09-22T20:12:20","guid":{"rendered":"https:\/\/webknjizara.hr\/?product=knjiga-2-vinogradarski-izracun-jovica-niksic"},"modified":"2023-02-27T00:17:13","modified_gmt":"2023-02-26T23:17:13","slug":"knjiga-2-vinogradarski-izracun-jovica-niksic","status":"publish","type":"product","link":"https:\/\/webknjizara.hr\/en\/proizvod\/knjiga-2-vinogradarski-izracun-jovica-niksic\/","title":{"rendered":"KNJIGA 2. VINOGRADARSKI IZRA\u010cUN, Jovica Nik\u0161i\u0107"},"content":{"rendered":"<p><strong>Sa\u017eetak:<\/strong> <\/p>\n<p>Priru\u010dnik Vinogradarski Izra\u010dun napravljen je tako da bude va\u0161 jednostavni podsjetnik i pomagalo za samostalan izra\u010dun svih potrebnih doziranja za\u0161titnih materijala u samo va\u0161em vinogradu. Svi vinogradari mo\u0107i \u0107e se na\u0107i u ovoj pri\u010di, odnosno mo\u0107i \u0107e na\u0107i ba\u0161 svoju tablicu i izra\u010dun po ba\u0161 njegovom na\u010dinu rada i ba\u0161 njegovom alatu koji primjenjuje.<\/p>\n<p>Namijenjen je vinarijama i vinarima, proizvo\u0111a\u010dima gro\u017e\u0111a za osobne potrebe u proizvodnji svog vina ili OPG-ima koji imaju neke koli\u010dine proizvedenog gro\u017e\u0111a za prodaju izvan svog imanja.<\/p>\n<p>CILJ je da vam priru\u010dnik daje uvid u slo\u017eenost postupka pripreme za\u0161titnog materijala, \u0161kropila, ali kroz sve potrebne izra\u010dune.<\/p>\n<p>PREDNOST ovog priru\u010dnika vidim upravo u njegovoj jednostavnosti prikaza i opisa postupaka, tj. bez suvi\u0161nih stru\u010dnih izraza i naziva. <\/p>\n<p>STRATEGIJA ovog projekta da sve krene od pojedinaca osobno i onda njegovog djelovanja kao \u010dlanova pojedinih udruga vinogradara i vinara, a tako da oni budu ti koji \u0107e \u201ena svom brdu\u201c dalje \u0161iriti pravilnu primjenu kroz izra\u010dune i tablice svega vezanog uz prskanje i za\u0161titu vinograda.<\/p>\n<p>Planirajte, ra\u010dunajte, bilje\u017eite, mjerite, va\u017eite i dodajte to\u010dnu koli\u010dinu, jer \u0107e vam to ovaj priru\u010dnik i omogu\u0107iti.<\/p>\n<p>Vrijednost? Ovisi o vama, ho\u0107e li te ne\u0161to iskoristiti, primijeniti ili promijeniti nakon ovih natuknica, postupaka i izra\u010duna, a autor vjeruje da \u0107e ve\u0107ina to prihvatiti.<\/p>\n<p><strong>Bilje\u0161ka o autoru:<\/strong> <\/p>\n<p>Jovica Nik\u0161i\u0107, inovator, entuzijasta u vinarstvu. Ro\u0111en sam u Bjelovaru, a \u017eivio pola \u017eivota u \u010cazmi. \u0160kolovanje sam zavr\u0161io u Zagrebu za elektroni\u010dara ra\u010dunske tehnike O\u017eenjen sam i imam dvoje djece, \u017eivimo u Novoselecu, Op\u0107ina Kri\u017e.<\/p>\n<p>Vinski dio \u017eivota kre\u0107e kroz samostalno u\u010denje, te preko poha\u0111anja mnogih predavanja, prvo kroz udrugu vinogradara i vinara \u201eBrenta\u201c iz Ivani\u0107 Grada, a kasnije i kroz udrugu vinogradara i vinara \u201e\u010cazma\u201c. Osniva\u010d sam, s prijateljima, Inovativne Internet udruge vinara \u201ee-vinarstvo\u201c, a \u010dlan sam i udruge vinogradara i vinara \u201e\u0160kaf\u201c Kri\u017e. <\/p>\n<p>Kao dugogodi\u0161nji elektroni\u010dar i u ovom zanimanju tra\u017eim i volim preciznost, te poku\u0161aj vidljivosti svih izra\u010duna i podataka. Kao inovator koji ima iza sebe ve\u0107 vi\u0161e nagra\u0111enih inovacija iz vinarstva, isto sam tako prakti\u010dar, te volim jednostavna rje\u0161enja prikaza i opisa za neke postupke.<\/p>\n<p><strong>Bilje\u0161ka o uredniku:<\/strong> <\/p>\n<p>Dario Nik\u0161i\u0107, (sin autora), po zanimanju Grafi\u010dki tehni\u010dki urednik. Fotograf i video snimatelj, te zaposlen kao producent radio programa.<\/p>\n<p><strong>Klju\u010dne rije\u010di:<\/strong> Doziranje, za\u0161titni materijal, koncentracija, vinograd, prskanje, \u0161kropivo, voda, izra\u010dun, trs, hektar, litara, e-vinarstvo, podrumarstvo, vinogradarstvo<br \/><strong><br \/>Link:<\/strong> <a href=\"http:\/\/www.e-vinarstvo.com\/\" target=\"_blank\" rel=\"noopener noreferrer\">http:\/\/www.e-vinarstvo.com\/<\/a><br \/><strong>E-mail:<\/strong> <a href=\"mailto:jnixic@gmail.com\">Jovica Nik\u0161i\u0107<\/a><\/p>\n<p><strong>Naslov:<\/strong> Knjiga 2. Vinogradarski Izra\u010dun<br \/><strong>Autor:<\/strong> Jovica Nik\u0161i\u0107<br \/><strong>Broj stranica:<\/strong> 150<br \/><strong>Nakladnik:<\/strong> REDAK<br \/><strong>Godina izdanja:<\/strong> 2017.<br \/><strong>ISBN:<\/strong> 978-953-336-210-6 (cjelina),978-953-336-434-6 (2. dio)<br \/><strong>Tisak:<\/strong> digitalni tisak knjiga &#8211; print na zahtjev\u00a0<\/p>\n<hr \/>\n<p style=\"text-align: justify;\"><strong>Kako naru\u010diti knjigu?\u00a0<\/strong>Proces online kupovine jednako funkcionira za sve kupce, s jedinom razlikom u tome \u0161to \u0161to kupci iz inozemstva za podru\u010dje dostave moraju odabrati &#8220;Europa&#8221; ili &#8220;Ostale zemlje svijeta&#8221;, a za vrstu pla\u0107anja WSPay (kreditna kartica) ili Virmanom (bankovni transfer).<\/p>\n<p style=\"text-align: justify;\">Molimo kliknite ovdje za\u00a0<a href=\"hr\/kako-kupovati\" target=\"_blank\" rel=\"noopener noreferrer\">detaljni vodi\u010d kroz proces narud\u017ebe<\/a>\u00a0ili nas\u00a0<a href=\"hr\/kontakt\" target=\"_blank\" rel=\"noopener noreferrer\">kontaktirajte<\/a>\u00a0za vi\u0161e informacija.<\/p>\n","protected":false},"excerpt":{"rendered":"<p>Sa\u017eetak: Priru\u010dnik Vinogradarski Izra\u010dun napravljen je tako da bude va\u0161 jednostavni podsjetnik i pomagalo za samostalan izra\u010dun svih potrebnih doziranja za\u0161titnih materijala u samo va\u0161em vinogradu. Svi vinogradari mo\u0107i \u0107e se na\u0107i u ovoj pri\u010di, odnosno mo\u0107i \u0107e na\u0107i ba\u0161 svoju tablicu i izra\u010dun po ba\u0161 njegovom na\u010dinu rada i ba\u0161 njegovom alatu koji primjenjuje. [&hellip;]<\/p>\n","protected":false},"featured_media":8592,"comment_status":"open","ping_status":"closed","template":"","meta":{"_acf_changed":false},"product_brand":[],"product_cat":[1517],"product_tag":[],"class_list":{"0":"post-8591","1":"product","2":"type-product","3":"status-publish","4":"has-post-thumbnail","6":"product_cat-strucna-literatura","7":"pa_autor-jovica-niksic","8":"pa_nakladnik-redak","10":"first","11":"instock","12":"shipping-taxable","13":"purchasable","14":"product-type-simple"},"acf":[],"yoast_head":"<!-- This site is optimized with the Yoast SEO plugin v27.3 - https:\/\/yoast.com\/product\/yoast-seo-wordpress\/ -->\n<title>KNJIGA 2. VINOGRADARSKI IZRA\u010cUN, Jovica Nik\u0161i\u0107 - Web-knji\u017eara<\/title>\n<meta name=\"robots\" content=\"index, follow, max-snippet:-1, max-image-preview:large, max-video-preview:-1\" \/>\n<link rel=\"canonical\" href=\"https:\/\/webknjizara.hr\/proizvod\/knjiga-2-vinogradarski-izracun-jovica-niksic\/\" \/>\n<meta property=\"og:locale\" content=\"en_US\" \/>\n<meta property=\"og:type\" content=\"article\" \/>\n<meta property=\"og:title\" content=\"KNJIGA 2. VINOGRADARSKI IZRA\u010cUN, Jovica Nik\u0161i\u0107 - Web-knji\u017eara\" \/>\n<meta property=\"og:description\" content=\"Sa\u017eetak: Priru\u010dnik Vinogradarski Izra\u010dun napravljen je tako da bude va\u0161 jednostavni podsjetnik i pomagalo za samostalan izra\u010dun svih potrebnih doziranja za\u0161titnih materijala u samo va\u0161em vinogradu. Svi vinogradari mo\u0107i \u0107e se na\u0107i u ovoj pri\u010di, odnosno mo\u0107i \u0107e na\u0107i ba\u0161 svoju tablicu i izra\u010dun po ba\u0161 njegovom na\u010dinu rada i ba\u0161 njegovom alatu koji primjenjuje. [&hellip;]\" \/>\n<meta property=\"og:url\" content=\"https:\/\/webknjizara.hr\/proizvod\/knjiga-2-vinogradarski-izracun-jovica-niksic\/\" \/>\n<meta property=\"og:site_name\" content=\"Web-knji\u017eara\" \/>\n<meta property=\"article:modified_time\" content=\"2023-02-26T23:17:13+00:00\" \/>\n<meta property=\"og:image\" content=\"https:\/\/webknjizara.hr\/wp-content\/uploads\/nc\/images\/virtuemart\/product\/Niksic_naslovnica-300x419.jpg\" \/>\n\t<meta property=\"og:image:width\" content=\"300\" \/>\n\t<meta property=\"og:image:height\" content=\"419\" \/>\n\t<meta property=\"og:image:type\" content=\"image\/jpeg\" \/>\n<meta name=\"twitter:card\" content=\"summary_large_image\" \/>\n<meta name=\"twitter:label1\" content=\"Est. reading time\" \/>\n\t<meta name=\"twitter:data1\" content=\"3 minutes\" \/>\n<script type=\"application\/ld+json\" class=\"yoast-schema-graph\">{\"@context\":\"https:\\\/\\\/schema.org\",\"@graph\":[{\"@type\":\"WebPage\",\"@id\":\"https:\\\/\\\/webknjizara.hr\\\/proizvod\\\/knjiga-2-vinogradarski-izracun-jovica-niksic\\\/\",\"url\":\"https:\\\/\\\/webknjizara.hr\\\/proizvod\\\/knjiga-2-vinogradarski-izracun-jovica-niksic\\\/\",\"name\":\"KNJIGA 2. VINOGRADARSKI IZRA\u010cUN, Jovica Nik\u0161i\u0107 - Web-knji\u017eara\",\"isPartOf\":{\"@id\":\"https:\\\/\\\/webknjizara.hr\\\/#website\"},\"primaryImageOfPage\":{\"@id\":\"https:\\\/\\\/webknjizara.hr\\\/proizvod\\\/knjiga-2-vinogradarski-izracun-jovica-niksic\\\/#primaryimage\"},\"image\":{\"@id\":\"https:\\\/\\\/webknjizara.hr\\\/proizvod\\\/knjiga-2-vinogradarski-izracun-jovica-niksic\\\/#primaryimage\"},\"thumbnailUrl\":\"https:\\\/\\\/webknjizara.hr\\\/wp-content\\\/uploads\\\/nc\\\/images\\\/virtuemart\\\/product\\\/Niksic_naslovnica-300x419.jpg\",\"datePublished\":\"2017-09-22T20:12:20+00:00\",\"dateModified\":\"2023-02-26T23:17:13+00:00\",\"breadcrumb\":{\"@id\":\"https:\\\/\\\/webknjizara.hr\\\/proizvod\\\/knjiga-2-vinogradarski-izracun-jovica-niksic\\\/#breadcrumb\"},\"inLanguage\":\"en-US\",\"potentialAction\":[{\"@type\":\"ReadAction\",\"target\":[\"https:\\\/\\\/webknjizara.hr\\\/proizvod\\\/knjiga-2-vinogradarski-izracun-jovica-niksic\\\/\"]}]},{\"@type\":\"ImageObject\",\"inLanguage\":\"en-US\",\"@id\":\"https:\\\/\\\/webknjizara.hr\\\/proizvod\\\/knjiga-2-vinogradarski-izracun-jovica-niksic\\\/#primaryimage\",\"url\":\"https:\\\/\\\/webknjizara.hr\\\/wp-content\\\/uploads\\\/nc\\\/images\\\/virtuemart\\\/product\\\/Niksic_naslovnica-300x419.jpg\",\"contentUrl\":\"https:\\\/\\\/webknjizara.hr\\\/wp-content\\\/uploads\\\/nc\\\/images\\\/virtuemart\\\/product\\\/Niksic_naslovnica-300x419.jpg\",\"width\":300,\"height\":419,\"caption\":\"KNJIGA 2. VINOGRADARSKI IZRA\u010cUN, Jovica Nik\u0161i\u0107\"},{\"@type\":\"BreadcrumbList\",\"@id\":\"https:\\\/\\\/webknjizara.hr\\\/proizvod\\\/knjiga-2-vinogradarski-izracun-jovica-niksic\\\/#breadcrumb\",\"itemListElement\":[{\"@type\":\"ListItem\",\"position\":1,\"name\":\"Po\u010detna stranica\",\"item\":\"https:\\\/\\\/webknjizara.hr\\\/en\\\/\"},{\"@type\":\"ListItem\",\"position\":2,\"name\":\"Shop\",\"item\":\"https:\\\/\\\/webknjizara.hr\\\/shop\\\/\"},{\"@type\":\"ListItem\",\"position\":3,\"name\":\"KNJIGA 2. VINOGRADARSKI IZRA\u010cUN, Jovica Nik\u0161i\u0107\"}]},{\"@type\":\"WebSite\",\"@id\":\"https:\\\/\\\/webknjizara.hr\\\/#website\",\"url\":\"https:\\\/\\\/webknjizara.hr\\\/\",\"name\":\"Web Knji\u017eara\",\"description\":\"\",\"publisher\":{\"@id\":\"https:\\\/\\\/webknjizara.hr\\\/#organization\"},\"potentialAction\":[{\"@type\":\"SearchAction\",\"target\":{\"@type\":\"EntryPoint\",\"urlTemplate\":\"https:\\\/\\\/webknjizara.hr\\\/?s={search_term_string}\"},\"query-input\":{\"@type\":\"PropertyValueSpecification\",\"valueRequired\":true,\"valueName\":\"search_term_string\"}}],\"inLanguage\":\"en-US\"},{\"@type\":\"Organization\",\"@id\":\"https:\\\/\\\/webknjizara.hr\\\/#organization\",\"name\":\"REDAK D.O.O.\",\"url\":\"https:\\\/\\\/webknjizara.hr\\\/\",\"logo\":{\"@type\":\"ImageObject\",\"inLanguage\":\"en-US\",\"@id\":\"https:\\\/\\\/webknjizara.hr\\\/#\\\/schema\\\/logo\\\/image\\\/\",\"url\":\"https:\\\/\\\/webknjizara.hr\\\/wp-content\\\/uploads\\\/2023\\\/01\\\/web-knjizara-logo.webp\",\"contentUrl\":\"https:\\\/\\\/webknjizara.hr\\\/wp-content\\\/uploads\\\/2023\\\/01\\\/web-knjizara-logo.webp\",\"width\":324,\"height\":79,\"caption\":\"REDAK D.O.O.\"},\"image\":{\"@id\":\"https:\\\/\\\/webknjizara.hr\\\/#\\\/schema\\\/logo\\\/image\\\/\"}}]}<\/script>\n<!-- \/ Yoast SEO plugin. -->","yoast_head_json":{"title":"KNJIGA 2. VINOGRADARSKI IZRA\u010cUN, Jovica Nik\u0161i\u0107 - Web-knji\u017eara","robots":{"index":"index","follow":"follow","max-snippet":"max-snippet:-1","max-image-preview":"max-image-preview:large","max-video-preview":"max-video-preview:-1"},"canonical":"https:\/\/webknjizara.hr\/proizvod\/knjiga-2-vinogradarski-izracun-jovica-niksic\/","og_locale":"en_US","og_type":"article","og_title":"KNJIGA 2. VINOGRADARSKI IZRA\u010cUN, Jovica Nik\u0161i\u0107 - Web-knji\u017eara","og_description":"Sa\u017eetak: Priru\u010dnik Vinogradarski Izra\u010dun napravljen je tako da bude va\u0161 jednostavni podsjetnik i pomagalo za samostalan izra\u010dun svih potrebnih doziranja za\u0161titnih materijala u samo va\u0161em vinogradu. Svi vinogradari mo\u0107i \u0107e se na\u0107i u ovoj pri\u010di, odnosno mo\u0107i \u0107e na\u0107i ba\u0161 svoju tablicu i izra\u010dun po ba\u0161 njegovom na\u010dinu rada i ba\u0161 njegovom alatu koji primjenjuje. [&hellip;]","og_url":"https:\/\/webknjizara.hr\/proizvod\/knjiga-2-vinogradarski-izracun-jovica-niksic\/","og_site_name":"Web-knji\u017eara","article_modified_time":"2023-02-26T23:17:13+00:00","og_image":[{"width":300,"height":419,"url":"https:\/\/webknjizara.hr\/wp-content\/uploads\/nc\/images\/virtuemart\/product\/Niksic_naslovnica-300x419.jpg","type":"image\/jpeg"}],"twitter_card":"summary_large_image","twitter_misc":{"Est. reading time":"3 minutes"},"schema":{"@context":"https:\/\/schema.org","@graph":[{"@type":"WebPage","@id":"https:\/\/webknjizara.hr\/proizvod\/knjiga-2-vinogradarski-izracun-jovica-niksic\/","url":"https:\/\/webknjizara.hr\/proizvod\/knjiga-2-vinogradarski-izracun-jovica-niksic\/","name":"KNJIGA 2. VINOGRADARSKI IZRA\u010cUN, Jovica Nik\u0161i\u0107 - Web-knji\u017eara","isPartOf":{"@id":"https:\/\/webknjizara.hr\/#website"},"primaryImageOfPage":{"@id":"https:\/\/webknjizara.hr\/proizvod\/knjiga-2-vinogradarski-izracun-jovica-niksic\/#primaryimage"},"image":{"@id":"https:\/\/webknjizara.hr\/proizvod\/knjiga-2-vinogradarski-izracun-jovica-niksic\/#primaryimage"},"thumbnailUrl":"https:\/\/webknjizara.hr\/wp-content\/uploads\/nc\/images\/virtuemart\/product\/Niksic_naslovnica-300x419.jpg","datePublished":"2017-09-22T20:12:20+00:00","dateModified":"2023-02-26T23:17:13+00:00","breadcrumb":{"@id":"https:\/\/webknjizara.hr\/proizvod\/knjiga-2-vinogradarski-izracun-jovica-niksic\/#breadcrumb"},"inLanguage":"en-US","potentialAction":[{"@type":"ReadAction","target":["https:\/\/webknjizara.hr\/proizvod\/knjiga-2-vinogradarski-izracun-jovica-niksic\/"]}]},{"@type":"ImageObject","inLanguage":"en-US","@id":"https:\/\/webknjizara.hr\/proizvod\/knjiga-2-vinogradarski-izracun-jovica-niksic\/#primaryimage","url":"https:\/\/webknjizara.hr\/wp-content\/uploads\/nc\/images\/virtuemart\/product\/Niksic_naslovnica-300x419.jpg","contentUrl":"https:\/\/webknjizara.hr\/wp-content\/uploads\/nc\/images\/virtuemart\/product\/Niksic_naslovnica-300x419.jpg","width":300,"height":419,"caption":"KNJIGA 2. VINOGRADARSKI IZRA\u010cUN, Jovica Nik\u0161i\u0107"},{"@type":"BreadcrumbList","@id":"https:\/\/webknjizara.hr\/proizvod\/knjiga-2-vinogradarski-izracun-jovica-niksic\/#breadcrumb","itemListElement":[{"@type":"ListItem","position":1,"name":"Po\u010detna stranica","item":"https:\/\/webknjizara.hr\/en\/"},{"@type":"ListItem","position":2,"name":"Shop","item":"https:\/\/webknjizara.hr\/shop\/"},{"@type":"ListItem","position":3,"name":"KNJIGA 2. VINOGRADARSKI IZRA\u010cUN, Jovica Nik\u0161i\u0107"}]},{"@type":"WebSite","@id":"https:\/\/webknjizara.hr\/#website","url":"https:\/\/webknjizara.hr\/","name":"Web Knji\u017eara","description":"","publisher":{"@id":"https:\/\/webknjizara.hr\/#organization"},"potentialAction":[{"@type":"SearchAction","target":{"@type":"EntryPoint","urlTemplate":"https:\/\/webknjizara.hr\/?s={search_term_string}"},"query-input":{"@type":"PropertyValueSpecification","valueRequired":true,"valueName":"search_term_string"}}],"inLanguage":"en-US"},{"@type":"Organization","@id":"https:\/\/webknjizara.hr\/#organization","name":"REDAK D.O.O.","url":"https:\/\/webknjizara.hr\/","logo":{"@type":"ImageObject","inLanguage":"en-US","@id":"https:\/\/webknjizara.hr\/#\/schema\/logo\/image\/","url":"https:\/\/webknjizara.hr\/wp-content\/uploads\/2023\/01\/web-knjizara-logo.webp","contentUrl":"https:\/\/webknjizara.hr\/wp-content\/uploads\/2023\/01\/web-knjizara-logo.webp","width":324,"height":79,"caption":"REDAK D.O.O."},"image":{"@id":"https:\/\/webknjizara.hr\/#\/schema\/logo\/image\/"}}]}},"_links":{"self":[{"href":"https:\/\/webknjizara.hr\/en\/wp-json\/wp\/v2\/product\/8591","targetHints":{"allow":["GET"]}}],"collection":[{"href":"https:\/\/webknjizara.hr\/en\/wp-json\/wp\/v2\/product"}],"about":[{"href":"https:\/\/webknjizara.hr\/en\/wp-json\/wp\/v2\/types\/product"}],"replies":[{"embeddable":true,"href":"https:\/\/webknjizara.hr\/en\/wp-json\/wp\/v2\/comments?post=8591"}],"wp:featuredmedia":[{"embeddable":true,"href":"https:\/\/webknjizara.hr\/en\/wp-json\/wp\/v2\/media\/8592"}],"wp:attachment":[{"href":"https:\/\/webknjizara.hr\/en\/wp-json\/wp\/v2\/media?parent=8591"}],"wp:term":[{"taxonomy":"product_brand","embeddable":true,"href":"https:\/\/webknjizara.hr\/en\/wp-json\/wp\/v2\/product_brand?post=8591"},{"taxonomy":"product_cat","embeddable":true,"href":"https:\/\/webknjizara.hr\/en\/wp-json\/wp\/v2\/product_cat?post=8591"},{"taxonomy":"product_tag","embeddable":true,"href":"https:\/\/webknjizara.hr\/en\/wp-json\/wp\/v2\/product_tag?post=8591"}],"curies":[{"name":"wp","href":"https:\/\/api.w.org\/{rel}","templated":true}]}}