{"id":8568,"date":"2017-08-29T08:17:55","date_gmt":"2017-08-29T08:17:55","guid":{"rendered":"https:\/\/webknjizara.hr\/?product=ja-sam-6387-jakoslav-david-rojnica"},"modified":"2023-01-02T13:24:14","modified_gmt":"2023-01-02T13:24:14","slug":"ja-sam-6387-jakoslav-david-rojnica-705-706","status":"publish","type":"product","link":"https:\/\/webknjizara.hr\/en\/proizvod\/ja-sam-6387-jakoslav-david-rojnica-705-706\/","title":{"rendered":"JA SAM 6387, Jakoslav-David Rojnica"},"content":{"rendered":"<p style=\"text-align: justify;\"><strong>Sa\u017eetak:<\/strong>\u00a0<\/p>\n<p>Rojnica pi\u0161e o svom zatvaranju, istrazi, zatvorskoj bolnici i Golom otoku. Zatvoren je 25. svibnja 1978. godine (Dan mladosti) i osu\u0111en 1. studenoga (Dan mrtvih) na 3 (tri) godine! U tim godinama prolazi vrlo, vrlo lo\u0161e. Osim batina pri islje\u0111ivanju, u bolnici ga dr. Ko\u0161uljanovi\u0107 lije\u010di elektro\u0161okom. Sudac ga osu\u0111uje na temelju iskaza dvaju svjedoka da im je jedanput dao nekoliko brojeva lista \u201eNova Hrvatska\u201c, a jednome knjigu Ive Rojnice koju je taj svjedok (prema izjavi) samo pogledao. Gladuje danima i ne \u017eeli svjedo\u010diti ni\u0161ta \u0161to bi nekoga moglo stajati zatvora. Za\u010dudo uspijeva!<\/p>\n<p>Nakon Golog otoka i godine dana slobode, mora u JNA! Pi\u0161e i o tim danima. Nedugo nakon povratka iz vojske, \u017eeni se i kratko opisuje stresnu situaciju kod poroda kad njegova \u017eena dolazi u smrtnu opasnost, a te\u017eak porod ostavlja posljedice na Josipa, njegovo drugo dijete. David je gra\u0111anin drugog reda sve do rata za slobodu svoje domovine.\u00a0<\/p>\n<p>Opisuje doprinos svog brata u ratu i nakon rata. Brat Stipe je od prvog dana u redovima specijalne policije i dva puta ranjen jedva izvla\u010di \u017eivu glavu.<br \/>Ve\u0107 gotovo dvadeset godina Rojnica je zbog nefunkcioniranja pravosu\u0111a u financijskim pote\u0161ko\u0107ama jer je izostala realizacija pravedne sudske presude. Godinama je bez posla&#8230;<\/p>\n<p style=\"text-align: justify;\"><strong>Bilje\u0161ka o autoru:<\/strong>\u00a0<\/p>\n<p>Majka Ana rodila ga je 18. rujna 1956. god.<\/p>\n<p>U prvim godinama \u017eivota udisao je \u010disti zrak Dalmatinske zagore za\u010dinjen smiljem i murtelom, u\u010dio \u010ditati prva slova, brojeve, O\u010dena\u0161&#8230;<\/p>\n<p>More i Split je ugledao s dvanaest godina. Tu nastavlja osnovno, a kasnije temeljito op\u0107e obrazovanje u klasi\u010dnoj gimnaziji.\u00a0<\/p>\n<p>\u0160kolovanje na Pravnom fakultetu u Zagrebu s nepune dvadeset dvije godine vlast mu zamjenjuje istra\u017enim zatvorom, zatvorskom bolnicom, a onda i Golim otokom.\u00a0<\/p>\n<p>Napada\u010dke i obrambene vje\u0161tine u\u010dio je godinu i nekoliko mjeseci na jugu Srbije u JNA koje (vje\u0161tine) kasnije u \u017eivotu nije primjenjivao.\u00a0<\/p>\n<p>Da bi od svog rada \u017eivio, bavio se raznim poslovima pa tako prodajom knjiga, suvenira, herbalife proizvoda, uvozom i prodajom automobila, nekretnina&#8230;\u00a0<\/p>\n<p>Pod pseudonimom Emmanuel Trs objavljuje knjigu filozofsko-duhovno-politi\u010dkog sadr\u017eaja pod naslovom \u201eDanas nije kasno.\u201c<\/p>\n<p>Predsjednik je Hrvatskog dru\u0161tva politi\u010dkih zatvorenika u Splitsko-dalmatinskoj \u017eupaniji.<\/p>\n<p>Sada mu je preokupacija politika i duhovnost i radi toga vi\u0161e \u010dita nego pi\u0161e! Vi\u0161e razmi\u0161lja, nego misli!<\/p>\n<p style=\"text-align: justify;\"><strong>Klju\u010dne rije\u010di:<\/strong>\u00a0David, Rojnica, studenski dom, zatvor, istraga, pravo, odvjetnik, Bu\u0161i\u0107, ubojstva, Udba, SDS, komunizam, milicija, \u0107elija, samica, crna marica, zatvorska bolnica, elektro\u0161ok, Goli otok, \u017eica, 102, stolarija, Nova Hrvatska, nacionalizam, patriatist, domoljub, dr\u017eava, sloboda, idealizam, ideologija, istrage, procesi, totalitarni komunisti\u010dki re\u017eim, vojska, policija&#8230;<\/p>\n<p><strong>E-mail:<\/strong>\u00a0<a href=\"mailto:rojnica@gmail.com\">Jakoslav-David Rojnica<\/a><\/p>\n<p style=\"text-align: justify;\"><strong>Naslov:<\/strong>\u00a0Ja sam 6387<br \/><strong>Autor:<\/strong>\u00a0Jakoslav-David Rojnica<br \/><strong>Broj stranica:<\/strong>\u00a0192<br \/><strong>Nakladnik:<\/strong>\u00a0REDAK<br \/><strong>Godina izdanja:<\/strong>\u00a02017.<br \/><strong>ISBN:<\/strong>\u00a0978-953-336-423-0<br \/><strong>Tisak:<\/strong>\u00a0digitalni tisak knjiga &#8211; print na zahtjev\u00a0<\/p>\n<hr \/>\n<p style=\"text-align: justify;\"><strong>Kako naru\u010diti knjigu?\u00a0<\/strong>Proces online kupovine jednako funkcionira za sve kupce, s jedinom razlikom u tome \u0161to \u0161to kupci iz inozemstva za podru\u010dje dostave moraju odabrati &#8220;Europa&#8221; ili &#8220;Ostale zemlje svijeta&#8221;, a za vrstu pla\u0107anja WSPay (kreditna kartica) ili Virmanom (bankovni transfer).<\/p>\n<p style=\"text-align: justify;\">Molimo kliknite ovdje za\u00a0<a href=\"hr\/kako-kupovati\" target=\"_blank\" rel=\"noopener noreferrer\">detaljni vodi\u010d kroz proces narud\u017ebe<\/a>\u00a0ili nas\u00a0<a href=\"hr\/kontakt\" target=\"_blank\" rel=\"noopener noreferrer\">kontaktirajte<\/a>\u00a0za vi\u0161e informacija.<\/p>\n","protected":false},"excerpt":{"rendered":"<p>Sa\u017eetak:\u00a0 Rojnica pi\u0161e o svom zatvaranju, istrazi, zatvorskoj bolnici i Golom otoku. Zatvoren je 25. svibnja 1978. godine (Dan mladosti) i osu\u0111en 1. studenoga (Dan mrtvih) na 3 (tri) godine! U tim godinama prolazi vrlo, vrlo lo\u0161e. Osim batina pri islje\u0111ivanju, u bolnici ga dr. Ko\u0161uljanovi\u0107 lije\u010di elektro\u0161okom. Sudac ga osu\u0111uje na temelju iskaza dvaju [&hellip;]<\/p>\n","protected":false},"featured_media":8541,"comment_status":"open","ping_status":"closed","template":"","meta":{"_acf_changed":false},"product_brand":[],"product_cat":[1422],"product_tag":[],"class_list":{"0":"post-8568","1":"product","2":"type-product","3":"status-publish","4":"has-post-thumbnail","6":"product_cat-biografije-i-memoari","8":"first","9":"instock","10":"shipping-taxable","11":"purchasable","12":"product-type-simple"},"acf":[],"yoast_head":"<!-- This site is optimized with the Yoast SEO plugin v27.3 - https:\/\/yoast.com\/product\/yoast-seo-wordpress\/ -->\n<title>JA SAM 6387, Jakoslav-David Rojnica - Web-knji\u017eara<\/title>\n<meta name=\"robots\" content=\"index, follow, max-snippet:-1, max-image-preview:large, max-video-preview:-1\" \/>\n<link rel=\"canonical\" href=\"https:\/\/webknjizara.hr\/proizvod\/ja-sam-6387-jakoslav-david-rojnica-705-706\/\" \/>\n<meta property=\"og:locale\" content=\"en_US\" \/>\n<meta property=\"og:type\" content=\"article\" \/>\n<meta property=\"og:title\" content=\"JA SAM 6387, Jakoslav-David Rojnica - Web-knji\u017eara\" \/>\n<meta property=\"og:description\" content=\"Sa\u017eetak:\u00a0 Rojnica pi\u0161e o svom zatvaranju, istrazi, zatvorskoj bolnici i Golom otoku. Zatvoren je 25. svibnja 1978. godine (Dan mladosti) i osu\u0111en 1. studenoga (Dan mrtvih) na 3 (tri) godine! U tim godinama prolazi vrlo, vrlo lo\u0161e. Osim batina pri islje\u0111ivanju, u bolnici ga dr. Ko\u0161uljanovi\u0107 lije\u010di elektro\u0161okom. Sudac ga osu\u0111uje na temelju iskaza dvaju [&hellip;]\" \/>\n<meta property=\"og:url\" content=\"https:\/\/webknjizara.hr\/proizvod\/ja-sam-6387-jakoslav-david-rojnica-705-706\/\" \/>\n<meta property=\"og:site_name\" content=\"Web-knji\u017eara\" \/>\n<meta property=\"article:modified_time\" content=\"2023-01-02T13:24:14+00:00\" \/>\n<meta property=\"og:image\" content=\"https:\/\/webknjizara.hr\/wp-content\/uploads\/nc\/images\/virtuemart\/product\/naslovnica5.jpg\" \/>\n\t<meta property=\"og:image:width\" content=\"573\" \/>\n\t<meta property=\"og:image:height\" content=\"800\" \/>\n\t<meta property=\"og:image:type\" content=\"image\/jpeg\" \/>\n<meta name=\"twitter:card\" content=\"summary_large_image\" \/>\n<meta name=\"twitter:label1\" content=\"Est. reading time\" \/>\n\t<meta name=\"twitter:data1\" content=\"3 minutes\" \/>\n<script type=\"application\/ld+json\" class=\"yoast-schema-graph\">{\"@context\":\"https:\\\/\\\/schema.org\",\"@graph\":[{\"@type\":\"WebPage\",\"@id\":\"https:\\\/\\\/webknjizara.hr\\\/proizvod\\\/ja-sam-6387-jakoslav-david-rojnica-705-706\\\/\",\"url\":\"https:\\\/\\\/webknjizara.hr\\\/proizvod\\\/ja-sam-6387-jakoslav-david-rojnica-705-706\\\/\",\"name\":\"JA SAM 6387, Jakoslav-David Rojnica - Web-knji\u017eara\",\"isPartOf\":{\"@id\":\"https:\\\/\\\/webknjizara.hr\\\/#website\"},\"primaryImageOfPage\":{\"@id\":\"https:\\\/\\\/webknjizara.hr\\\/proizvod\\\/ja-sam-6387-jakoslav-david-rojnica-705-706\\\/#primaryimage\"},\"image\":{\"@id\":\"https:\\\/\\\/webknjizara.hr\\\/proizvod\\\/ja-sam-6387-jakoslav-david-rojnica-705-706\\\/#primaryimage\"},\"thumbnailUrl\":\"https:\\\/\\\/webknjizara.hr\\\/wp-content\\\/uploads\\\/nc\\\/images\\\/virtuemart\\\/product\\\/naslovnica5.jpg\",\"datePublished\":\"2017-08-29T08:17:55+00:00\",\"dateModified\":\"2023-01-02T13:24:14+00:00\",\"breadcrumb\":{\"@id\":\"https:\\\/\\\/webknjizara.hr\\\/proizvod\\\/ja-sam-6387-jakoslav-david-rojnica-705-706\\\/#breadcrumb\"},\"inLanguage\":\"en-US\",\"potentialAction\":[{\"@type\":\"ReadAction\",\"target\":[\"https:\\\/\\\/webknjizara.hr\\\/proizvod\\\/ja-sam-6387-jakoslav-david-rojnica-705-706\\\/\"]}]},{\"@type\":\"ImageObject\",\"inLanguage\":\"en-US\",\"@id\":\"https:\\\/\\\/webknjizara.hr\\\/proizvod\\\/ja-sam-6387-jakoslav-david-rojnica-705-706\\\/#primaryimage\",\"url\":\"https:\\\/\\\/webknjizara.hr\\\/wp-content\\\/uploads\\\/nc\\\/images\\\/virtuemart\\\/product\\\/naslovnica5.jpg\",\"contentUrl\":\"https:\\\/\\\/webknjizara.hr\\\/wp-content\\\/uploads\\\/nc\\\/images\\\/virtuemart\\\/product\\\/naslovnica5.jpg\",\"width\":573,\"height\":800,\"caption\":\"JA SAM 6387, Jakoslav-David Rojnica\"},{\"@type\":\"BreadcrumbList\",\"@id\":\"https:\\\/\\\/webknjizara.hr\\\/proizvod\\\/ja-sam-6387-jakoslav-david-rojnica-705-706\\\/#breadcrumb\",\"itemListElement\":[{\"@type\":\"ListItem\",\"position\":1,\"name\":\"Po\u010detna stranica\",\"item\":\"https:\\\/\\\/webknjizara.hr\\\/en\\\/\"},{\"@type\":\"ListItem\",\"position\":2,\"name\":\"Shop\",\"item\":\"https:\\\/\\\/webknjizara.hr\\\/shop\\\/\"},{\"@type\":\"ListItem\",\"position\":3,\"name\":\"JA SAM 6387, Jakoslav-David Rojnica\"}]},{\"@type\":\"WebSite\",\"@id\":\"https:\\\/\\\/webknjizara.hr\\\/#website\",\"url\":\"https:\\\/\\\/webknjizara.hr\\\/\",\"name\":\"Web Knji\u017eara\",\"description\":\"\",\"publisher\":{\"@id\":\"https:\\\/\\\/webknjizara.hr\\\/#organization\"},\"potentialAction\":[{\"@type\":\"SearchAction\",\"target\":{\"@type\":\"EntryPoint\",\"urlTemplate\":\"https:\\\/\\\/webknjizara.hr\\\/?s={search_term_string}\"},\"query-input\":{\"@type\":\"PropertyValueSpecification\",\"valueRequired\":true,\"valueName\":\"search_term_string\"}}],\"inLanguage\":\"en-US\"},{\"@type\":\"Organization\",\"@id\":\"https:\\\/\\\/webknjizara.hr\\\/#organization\",\"name\":\"REDAK D.O.O.\",\"url\":\"https:\\\/\\\/webknjizara.hr\\\/\",\"logo\":{\"@type\":\"ImageObject\",\"inLanguage\":\"en-US\",\"@id\":\"https:\\\/\\\/webknjizara.hr\\\/#\\\/schema\\\/logo\\\/image\\\/\",\"url\":\"https:\\\/\\\/webknjizara.hr\\\/wp-content\\\/uploads\\\/2023\\\/01\\\/web-knjizara-logo.webp\",\"contentUrl\":\"https:\\\/\\\/webknjizara.hr\\\/wp-content\\\/uploads\\\/2023\\\/01\\\/web-knjizara-logo.webp\",\"width\":324,\"height\":79,\"caption\":\"REDAK D.O.O.\"},\"image\":{\"@id\":\"https:\\\/\\\/webknjizara.hr\\\/#\\\/schema\\\/logo\\\/image\\\/\"}}]}<\/script>\n<!-- \/ Yoast SEO plugin. -->","yoast_head_json":{"title":"JA SAM 6387, Jakoslav-David Rojnica - Web-knji\u017eara","robots":{"index":"index","follow":"follow","max-snippet":"max-snippet:-1","max-image-preview":"max-image-preview:large","max-video-preview":"max-video-preview:-1"},"canonical":"https:\/\/webknjizara.hr\/proizvod\/ja-sam-6387-jakoslav-david-rojnica-705-706\/","og_locale":"en_US","og_type":"article","og_title":"JA SAM 6387, Jakoslav-David Rojnica - Web-knji\u017eara","og_description":"Sa\u017eetak:\u00a0 Rojnica pi\u0161e o svom zatvaranju, istrazi, zatvorskoj bolnici i Golom otoku. Zatvoren je 25. svibnja 1978. godine (Dan mladosti) i osu\u0111en 1. studenoga (Dan mrtvih) na 3 (tri) godine! U tim godinama prolazi vrlo, vrlo lo\u0161e. Osim batina pri islje\u0111ivanju, u bolnici ga dr. Ko\u0161uljanovi\u0107 lije\u010di elektro\u0161okom. Sudac ga osu\u0111uje na temelju iskaza dvaju [&hellip;]","og_url":"https:\/\/webknjizara.hr\/proizvod\/ja-sam-6387-jakoslav-david-rojnica-705-706\/","og_site_name":"Web-knji\u017eara","article_modified_time":"2023-01-02T13:24:14+00:00","og_image":[{"width":573,"height":800,"url":"https:\/\/webknjizara.hr\/wp-content\/uploads\/nc\/images\/virtuemart\/product\/naslovnica5.jpg","type":"image\/jpeg"}],"twitter_card":"summary_large_image","twitter_misc":{"Est. reading time":"3 minutes"},"schema":{"@context":"https:\/\/schema.org","@graph":[{"@type":"WebPage","@id":"https:\/\/webknjizara.hr\/proizvod\/ja-sam-6387-jakoslav-david-rojnica-705-706\/","url":"https:\/\/webknjizara.hr\/proizvod\/ja-sam-6387-jakoslav-david-rojnica-705-706\/","name":"JA SAM 6387, Jakoslav-David Rojnica - Web-knji\u017eara","isPartOf":{"@id":"https:\/\/webknjizara.hr\/#website"},"primaryImageOfPage":{"@id":"https:\/\/webknjizara.hr\/proizvod\/ja-sam-6387-jakoslav-david-rojnica-705-706\/#primaryimage"},"image":{"@id":"https:\/\/webknjizara.hr\/proizvod\/ja-sam-6387-jakoslav-david-rojnica-705-706\/#primaryimage"},"thumbnailUrl":"https:\/\/webknjizara.hr\/wp-content\/uploads\/nc\/images\/virtuemart\/product\/naslovnica5.jpg","datePublished":"2017-08-29T08:17:55+00:00","dateModified":"2023-01-02T13:24:14+00:00","breadcrumb":{"@id":"https:\/\/webknjizara.hr\/proizvod\/ja-sam-6387-jakoslav-david-rojnica-705-706\/#breadcrumb"},"inLanguage":"en-US","potentialAction":[{"@type":"ReadAction","target":["https:\/\/webknjizara.hr\/proizvod\/ja-sam-6387-jakoslav-david-rojnica-705-706\/"]}]},{"@type":"ImageObject","inLanguage":"en-US","@id":"https:\/\/webknjizara.hr\/proizvod\/ja-sam-6387-jakoslav-david-rojnica-705-706\/#primaryimage","url":"https:\/\/webknjizara.hr\/wp-content\/uploads\/nc\/images\/virtuemart\/product\/naslovnica5.jpg","contentUrl":"https:\/\/webknjizara.hr\/wp-content\/uploads\/nc\/images\/virtuemart\/product\/naslovnica5.jpg","width":573,"height":800,"caption":"JA SAM 6387, Jakoslav-David Rojnica"},{"@type":"BreadcrumbList","@id":"https:\/\/webknjizara.hr\/proizvod\/ja-sam-6387-jakoslav-david-rojnica-705-706\/#breadcrumb","itemListElement":[{"@type":"ListItem","position":1,"name":"Po\u010detna stranica","item":"https:\/\/webknjizara.hr\/en\/"},{"@type":"ListItem","position":2,"name":"Shop","item":"https:\/\/webknjizara.hr\/shop\/"},{"@type":"ListItem","position":3,"name":"JA SAM 6387, Jakoslav-David Rojnica"}]},{"@type":"WebSite","@id":"https:\/\/webknjizara.hr\/#website","url":"https:\/\/webknjizara.hr\/","name":"Web Knji\u017eara","description":"","publisher":{"@id":"https:\/\/webknjizara.hr\/#organization"},"potentialAction":[{"@type":"SearchAction","target":{"@type":"EntryPoint","urlTemplate":"https:\/\/webknjizara.hr\/?s={search_term_string}"},"query-input":{"@type":"PropertyValueSpecification","valueRequired":true,"valueName":"search_term_string"}}],"inLanguage":"en-US"},{"@type":"Organization","@id":"https:\/\/webknjizara.hr\/#organization","name":"REDAK D.O.O.","url":"https:\/\/webknjizara.hr\/","logo":{"@type":"ImageObject","inLanguage":"en-US","@id":"https:\/\/webknjizara.hr\/#\/schema\/logo\/image\/","url":"https:\/\/webknjizara.hr\/wp-content\/uploads\/2023\/01\/web-knjizara-logo.webp","contentUrl":"https:\/\/webknjizara.hr\/wp-content\/uploads\/2023\/01\/web-knjizara-logo.webp","width":324,"height":79,"caption":"REDAK D.O.O."},"image":{"@id":"https:\/\/webknjizara.hr\/#\/schema\/logo\/image\/"}}]}},"_links":{"self":[{"href":"https:\/\/webknjizara.hr\/en\/wp-json\/wp\/v2\/product\/8568","targetHints":{"allow":["GET"]}}],"collection":[{"href":"https:\/\/webknjizara.hr\/en\/wp-json\/wp\/v2\/product"}],"about":[{"href":"https:\/\/webknjizara.hr\/en\/wp-json\/wp\/v2\/types\/product"}],"replies":[{"embeddable":true,"href":"https:\/\/webknjizara.hr\/en\/wp-json\/wp\/v2\/comments?post=8568"}],"wp:featuredmedia":[{"embeddable":true,"href":"https:\/\/webknjizara.hr\/en\/wp-json\/wp\/v2\/media\/8541"}],"wp:attachment":[{"href":"https:\/\/webknjizara.hr\/en\/wp-json\/wp\/v2\/media?parent=8568"}],"wp:term":[{"taxonomy":"product_brand","embeddable":true,"href":"https:\/\/webknjizara.hr\/en\/wp-json\/wp\/v2\/product_brand?post=8568"},{"taxonomy":"product_cat","embeddable":true,"href":"https:\/\/webknjizara.hr\/en\/wp-json\/wp\/v2\/product_cat?post=8568"},{"taxonomy":"product_tag","embeddable":true,"href":"https:\/\/webknjizara.hr\/en\/wp-json\/wp\/v2\/product_tag?post=8568"}],"curies":[{"name":"wp","href":"https:\/\/api.w.org\/{rel}","templated":true}]}}