{"id":8562,"date":"2017-08-29T08:13:12","date_gmt":"2017-08-29T08:13:12","guid":{"rendered":"https:\/\/webknjizara.hr\/?product=stanovnistvo-zagvozda-od-sredine-xvii-stoljeca-do-i-svj-rata"},"modified":"2023-01-02T11:36:09","modified_gmt":"2023-01-02T11:36:09","slug":"stanovnistvo-zagvozda-od-sredine-xvii-stoljeca-do-i-svj-rata-699","status":"publish","type":"product","link":"https:\/\/webknjizara.hr\/en\/proizvod\/stanovnistvo-zagvozda-od-sredine-xvii-stoljeca-do-i-svj-rata-699\/","title":{"rendered":"STANOVNI\u0160TVO ZAGVOZDA OD SREDINE XVII. STOLJE\u0106A DO I. SVJ. RATA"},"content":{"rendered":"<p style=\"text-align: justify;\"><strong><br \/>Sa\u017eetak:<br \/><\/strong><br \/>Knjiga \u201eStanovni\u0161tvo Zagvozda od sredine 17. stolje\u0107a do po\u010detka I. svjetskog rata\u201c je povijesno-genealo\u0161ki prikaz zagvo\u0161kog stanovni\u0161tva u navedenom razdoblju. Obuhva\u0107a povijesno podru\u010dje Zagvozda koje je pripadalo \u017eupi Zagvozd (naselja Zagvozd i Rastovac).\u00a0<\/p>\n<p>Knjiga se sastoji od dvije cjeline. U prvoj cjelini\u00a0<em>Tragovi pro\u0161losti<\/em>, donose se osnovni podatci o mjestu Zagvozdu, povijesno-demografske prilike, statisti\u010dki podaci uz prikaz povijesnih dokumenata te njihova analiza. Opseg i raspored gra\u0111e pru\u017ea zna\u010dajne informacije o poznatim, manje poznatim i do sada nepoznatim \u010dinjenicama o zagvo\u0161kom stanovni\u0161tvu. Ovoj cjelini pridodano je poglavlje o \u017eupi Zagvozd sa sa\u017eetkom iz njezine povijesti, zagvo\u0161kim \u017eupnicima i sve\u0107enicima te zagvo\u0161kim crkvama.<\/p>\n<p style=\"text-align: justify;\">Druga cjelina sastoji se od dva dijela,\u00a0<em>Zagvo\u0161ka prezimena<\/em>\u00a0i\u00a0<em>Rastova\u010dka prezimena<\/em>\u00a0(s poimeni\u010dnim prikazom stanovni\u0161tva od sredine XVII. stolje\u0107a do po\u010detka I. svjetskoga rata). Uz svako zagvo\u0161ko i rastova\u010dko prezime navode se: osnovni podatci, podrijetlo, povijesni razvoj prezimena, statisti\u010dki (popisni) podatci i sl. Poimeni\u010dni prikaz zagvo\u0161koga stanovni\u0161tva metodolo\u0161ki je strukturiran kao rodoslovlje, prikazan na\u010dinom koji \u010ditatelju mo\u017ee biti razumljiv i pregledan. Knjiga je dopunjena fotografijama, tablicama i preslikama povijesnih dokumenata.<\/p>\n<p style=\"text-align: justify;\"><strong>Bilje\u0161ka o autoru:<\/strong><\/p>\n<p style=\"text-align: justify;\">Petar Matkovi\u0107 ro\u0111en je 10. kolovoza 1961. godine u Imotskom. U Medovu Docu i susjednom Grabovcu poha\u0111a osnovnu \u0161kolu. Srednju Gra\u0111evinsku-tehni\u010dku \u0161kolu zavr\u0161ava u Splitu. Diplomirao je na Arhitektonskom fakultetu sveu\u010dili\u0161ta u Zagrebu.<\/p>\n<p>Radi u \u017dupanijskom zavodu za prostorno ure\u0111enje Splitsko-dalmatinske \u017eupanije. Voditelj, odgovorni planer i suradnik je u izradi i dono\u0161enju vi\u0161e prostornih planova ure\u0111enja: lokalne, regionalne i dr\u017eavne razine. Autor je desetak realiziranih arhitektonskih projekata (stambenih zgrada, \u0161kola i crkava).<\/p>\n<p>Napisao je dokumentarno-povijesnu knjigu,\u00a0<em>Medov Dolac \u2013 ljudi, gradine, puti<\/em>, Matica hrvatska, Ogranak Imotski, 2011. i\u00a0<em>Rodoslovlja Medova Doca i Dobrina\u010da<\/em>, Redak, Split, 2013.<\/p>\n<p style=\"text-align: justify;\"><strong>Klju\u010dne rije\u010di:<\/strong>\u00a0Zagvozd, Rastovac, stanovni\u0161tvo Zagvozda<\/p>\n<p><strong>E-mail:\u00a0<\/strong><a href=\"mailto:petar.matkovic@xnet.hr\">Petar Matkovi\u0107<\/a><\/p>\n<p style=\"text-align: justify;\"><strong>Naslov:<\/strong>\u00a0Stanovni\u0161tvo Zagvozda od sredine XVII. stolje\u0107a do po\u010detka I. svjetskoga rata<br \/><strong>Autor:<\/strong>\u00a0Petar Matkovi\u0107<br \/><strong>Broj stranica:<\/strong>\u00a0684<br \/><strong>Nakladnik:<\/strong>\u00a0REDAK<br \/><strong>Godina izdanja:<\/strong>\u00a02017.<br \/><strong>ISBN:<\/strong>\u00a0978-953-336-412-4<br \/><strong>Tisak:<\/strong>\u00a0digitalni tisak knjiga &#8211; print na zahtjev\u00a0<\/p>\n<hr \/>\n<p style=\"text-align: justify;\"><strong>Kako naru\u010diti knjigu?\u00a0<\/strong>Proces online kupovine jednako funkcionira za sve kupce, s jedinom razlikom u tome \u0161to \u0161to kupci iz inozemstva za podru\u010dje dostave moraju odabrati &#8220;Europa&#8221; ili &#8220;Ostale zemlje svijeta&#8221;, a za vrstu pla\u0107anja WSPay (kreditna kartica) ili Virmanom (bankovni transfer).<\/p>\n<p style=\"text-align: justify;\">Molimo kliknite ovdje za\u00a0<a href=\"hr\/kako-kupovati\" target=\"_blank\" rel=\"noopener noreferrer\">detaljni vodi\u010d kroz proces narud\u017ebe<\/a>\u00a0ili nas\u00a0<a href=\"hr\/kontakt\" target=\"_blank\" rel=\"noopener noreferrer\">kontaktirajte<\/a>\u00a0za vi\u0161e informacija.<\/p>\n","protected":false},"excerpt":{"rendered":"<p>Sa\u017eetak:Knjiga \u201eStanovni\u0161tvo Zagvozda od sredine 17. stolje\u0107a do po\u010detka I. svjetskog rata\u201c je povijesno-genealo\u0161ki prikaz zagvo\u0161kog stanovni\u0161tva u navedenom razdoblju. Obuhva\u0107a povijesno podru\u010dje Zagvozda koje je pripadalo \u017eupi Zagvozd (naselja Zagvozd i Rastovac).\u00a0 Knjiga se sastoji od dvije cjeline. U prvoj cjelini\u00a0Tragovi pro\u0161losti, donose se osnovni podatci o mjestu Zagvozdu, povijesno-demografske prilike, statisti\u010dki podaci uz [&hellip;]<\/p>\n","protected":false},"featured_media":8529,"comment_status":"open","ping_status":"closed","template":"","meta":{"_acf_changed":false},"product_brand":[],"product_cat":[1410],"product_tag":[],"class_list":{"0":"post-8562","1":"product","2":"type-product","3":"status-publish","4":"has-post-thumbnail","6":"product_cat-povijest","8":"first","9":"instock","10":"shipping-taxable","11":"purchasable","12":"product-type-simple"},"acf":[],"yoast_head":"<!-- This site is optimized with the Yoast SEO plugin v27.3 - https:\/\/yoast.com\/product\/yoast-seo-wordpress\/ -->\n<title>STANOVNI\u0160TVO ZAGVOZDA OD SREDINE XVII. STOLJE\u0106A DO I. SVJ. RATA - Web-knji\u017eara<\/title>\n<meta name=\"robots\" content=\"index, follow, max-snippet:-1, max-image-preview:large, max-video-preview:-1\" \/>\n<link rel=\"canonical\" href=\"https:\/\/webknjizara.hr\/proizvod\/stanovnistvo-zagvozda-od-sredine-xvii-stoljeca-do-i-svj-rata-699\/\" \/>\n<meta property=\"og:locale\" content=\"en_US\" \/>\n<meta property=\"og:type\" content=\"article\" \/>\n<meta property=\"og:title\" content=\"STANOVNI\u0160TVO ZAGVOZDA OD SREDINE XVII. STOLJE\u0106A DO I. SVJ. RATA - Web-knji\u017eara\" \/>\n<meta property=\"og:description\" content=\"Sa\u017eetak:Knjiga \u201eStanovni\u0161tvo Zagvozda od sredine 17. stolje\u0107a do po\u010detka I. svjetskog rata\u201c je povijesno-genealo\u0161ki prikaz zagvo\u0161kog stanovni\u0161tva u navedenom razdoblju. Obuhva\u0107a povijesno podru\u010dje Zagvozda koje je pripadalo \u017eupi Zagvozd (naselja Zagvozd i Rastovac).\u00a0 Knjiga se sastoji od dvije cjeline. U prvoj cjelini\u00a0Tragovi pro\u0161losti, donose se osnovni podatci o mjestu Zagvozdu, povijesno-demografske prilike, statisti\u010dki podaci uz [&hellip;]\" \/>\n<meta property=\"og:url\" content=\"https:\/\/webknjizara.hr\/proizvod\/stanovnistvo-zagvozda-od-sredine-xvii-stoljeca-do-i-svj-rata-699\/\" \/>\n<meta property=\"og:site_name\" content=\"Web-knji\u017eara\" \/>\n<meta property=\"article:modified_time\" content=\"2023-01-02T11:36:09+00:00\" \/>\n<meta property=\"og:image\" content=\"https:\/\/webknjizara.hr\/wp-content\/uploads\/nc\/images\/virtuemart\/product\/WEB-NASLOVNICE.jpg\" \/>\n\t<meta property=\"og:image:width\" content=\"573\" \/>\n\t<meta property=\"og:image:height\" content=\"800\" \/>\n\t<meta property=\"og:image:type\" content=\"image\/jpeg\" \/>\n<meta name=\"twitter:card\" content=\"summary_large_image\" \/>\n<meta name=\"twitter:label1\" content=\"Est. reading time\" \/>\n\t<meta name=\"twitter:data1\" content=\"2 minutes\" \/>\n<script type=\"application\/ld+json\" class=\"yoast-schema-graph\">{\"@context\":\"https:\\\/\\\/schema.org\",\"@graph\":[{\"@type\":\"WebPage\",\"@id\":\"https:\\\/\\\/webknjizara.hr\\\/proizvod\\\/stanovnistvo-zagvozda-od-sredine-xvii-stoljeca-do-i-svj-rata-699\\\/\",\"url\":\"https:\\\/\\\/webknjizara.hr\\\/proizvod\\\/stanovnistvo-zagvozda-od-sredine-xvii-stoljeca-do-i-svj-rata-699\\\/\",\"name\":\"STANOVNI\u0160TVO ZAGVOZDA OD SREDINE XVII. STOLJE\u0106A DO I. SVJ. RATA - Web-knji\u017eara\",\"isPartOf\":{\"@id\":\"https:\\\/\\\/webknjizara.hr\\\/#website\"},\"primaryImageOfPage\":{\"@id\":\"https:\\\/\\\/webknjizara.hr\\\/proizvod\\\/stanovnistvo-zagvozda-od-sredine-xvii-stoljeca-do-i-svj-rata-699\\\/#primaryimage\"},\"image\":{\"@id\":\"https:\\\/\\\/webknjizara.hr\\\/proizvod\\\/stanovnistvo-zagvozda-od-sredine-xvii-stoljeca-do-i-svj-rata-699\\\/#primaryimage\"},\"thumbnailUrl\":\"https:\\\/\\\/webknjizara.hr\\\/wp-content\\\/uploads\\\/nc\\\/images\\\/virtuemart\\\/product\\\/WEB-NASLOVNICE.jpg\",\"datePublished\":\"2017-08-29T08:13:12+00:00\",\"dateModified\":\"2023-01-02T11:36:09+00:00\",\"breadcrumb\":{\"@id\":\"https:\\\/\\\/webknjizara.hr\\\/proizvod\\\/stanovnistvo-zagvozda-od-sredine-xvii-stoljeca-do-i-svj-rata-699\\\/#breadcrumb\"},\"inLanguage\":\"en-US\",\"potentialAction\":[{\"@type\":\"ReadAction\",\"target\":[\"https:\\\/\\\/webknjizara.hr\\\/proizvod\\\/stanovnistvo-zagvozda-od-sredine-xvii-stoljeca-do-i-svj-rata-699\\\/\"]}]},{\"@type\":\"ImageObject\",\"inLanguage\":\"en-US\",\"@id\":\"https:\\\/\\\/webknjizara.hr\\\/proizvod\\\/stanovnistvo-zagvozda-od-sredine-xvii-stoljeca-do-i-svj-rata-699\\\/#primaryimage\",\"url\":\"https:\\\/\\\/webknjizara.hr\\\/wp-content\\\/uploads\\\/nc\\\/images\\\/virtuemart\\\/product\\\/WEB-NASLOVNICE.jpg\",\"contentUrl\":\"https:\\\/\\\/webknjizara.hr\\\/wp-content\\\/uploads\\\/nc\\\/images\\\/virtuemart\\\/product\\\/WEB-NASLOVNICE.jpg\",\"width\":573,\"height\":800,\"caption\":\"STANOVNI\u0160TVO ZAGVOZDA OD SREDINE XVII. STOLJE\u0106A DO I. SVJ. RATA\"},{\"@type\":\"BreadcrumbList\",\"@id\":\"https:\\\/\\\/webknjizara.hr\\\/proizvod\\\/stanovnistvo-zagvozda-od-sredine-xvii-stoljeca-do-i-svj-rata-699\\\/#breadcrumb\",\"itemListElement\":[{\"@type\":\"ListItem\",\"position\":1,\"name\":\"Po\u010detna stranica\",\"item\":\"https:\\\/\\\/webknjizara.hr\\\/en\\\/\"},{\"@type\":\"ListItem\",\"position\":2,\"name\":\"Shop\",\"item\":\"https:\\\/\\\/webknjizara.hr\\\/shop\\\/\"},{\"@type\":\"ListItem\",\"position\":3,\"name\":\"STANOVNI\u0160TVO ZAGVOZDA OD SREDINE XVII. STOLJE\u0106A DO I. SVJ. RATA\"}]},{\"@type\":\"WebSite\",\"@id\":\"https:\\\/\\\/webknjizara.hr\\\/#website\",\"url\":\"https:\\\/\\\/webknjizara.hr\\\/\",\"name\":\"Web Knji\u017eara\",\"description\":\"\",\"publisher\":{\"@id\":\"https:\\\/\\\/webknjizara.hr\\\/#organization\"},\"potentialAction\":[{\"@type\":\"SearchAction\",\"target\":{\"@type\":\"EntryPoint\",\"urlTemplate\":\"https:\\\/\\\/webknjizara.hr\\\/?s={search_term_string}\"},\"query-input\":{\"@type\":\"PropertyValueSpecification\",\"valueRequired\":true,\"valueName\":\"search_term_string\"}}],\"inLanguage\":\"en-US\"},{\"@type\":\"Organization\",\"@id\":\"https:\\\/\\\/webknjizara.hr\\\/#organization\",\"name\":\"REDAK D.O.O.\",\"url\":\"https:\\\/\\\/webknjizara.hr\\\/\",\"logo\":{\"@type\":\"ImageObject\",\"inLanguage\":\"en-US\",\"@id\":\"https:\\\/\\\/webknjizara.hr\\\/#\\\/schema\\\/logo\\\/image\\\/\",\"url\":\"https:\\\/\\\/webknjizara.hr\\\/wp-content\\\/uploads\\\/2023\\\/01\\\/web-knjizara-logo.webp\",\"contentUrl\":\"https:\\\/\\\/webknjizara.hr\\\/wp-content\\\/uploads\\\/2023\\\/01\\\/web-knjizara-logo.webp\",\"width\":324,\"height\":79,\"caption\":\"REDAK D.O.O.\"},\"image\":{\"@id\":\"https:\\\/\\\/webknjizara.hr\\\/#\\\/schema\\\/logo\\\/image\\\/\"}}]}<\/script>\n<!-- \/ Yoast SEO plugin. -->","yoast_head_json":{"title":"STANOVNI\u0160TVO ZAGVOZDA OD SREDINE XVII. STOLJE\u0106A DO I. SVJ. RATA - Web-knji\u017eara","robots":{"index":"index","follow":"follow","max-snippet":"max-snippet:-1","max-image-preview":"max-image-preview:large","max-video-preview":"max-video-preview:-1"},"canonical":"https:\/\/webknjizara.hr\/proizvod\/stanovnistvo-zagvozda-od-sredine-xvii-stoljeca-do-i-svj-rata-699\/","og_locale":"en_US","og_type":"article","og_title":"STANOVNI\u0160TVO ZAGVOZDA OD SREDINE XVII. STOLJE\u0106A DO I. SVJ. RATA - Web-knji\u017eara","og_description":"Sa\u017eetak:Knjiga \u201eStanovni\u0161tvo Zagvozda od sredine 17. stolje\u0107a do po\u010detka I. svjetskog rata\u201c je povijesno-genealo\u0161ki prikaz zagvo\u0161kog stanovni\u0161tva u navedenom razdoblju. Obuhva\u0107a povijesno podru\u010dje Zagvozda koje je pripadalo \u017eupi Zagvozd (naselja Zagvozd i Rastovac).\u00a0 Knjiga se sastoji od dvije cjeline. U prvoj cjelini\u00a0Tragovi pro\u0161losti, donose se osnovni podatci o mjestu Zagvozdu, povijesno-demografske prilike, statisti\u010dki podaci uz [&hellip;]","og_url":"https:\/\/webknjizara.hr\/proizvod\/stanovnistvo-zagvozda-od-sredine-xvii-stoljeca-do-i-svj-rata-699\/","og_site_name":"Web-knji\u017eara","article_modified_time":"2023-01-02T11:36:09+00:00","og_image":[{"width":573,"height":800,"url":"https:\/\/webknjizara.hr\/wp-content\/uploads\/nc\/images\/virtuemart\/product\/WEB-NASLOVNICE.jpg","type":"image\/jpeg"}],"twitter_card":"summary_large_image","twitter_misc":{"Est. reading time":"2 minutes"},"schema":{"@context":"https:\/\/schema.org","@graph":[{"@type":"WebPage","@id":"https:\/\/webknjizara.hr\/proizvod\/stanovnistvo-zagvozda-od-sredine-xvii-stoljeca-do-i-svj-rata-699\/","url":"https:\/\/webknjizara.hr\/proizvod\/stanovnistvo-zagvozda-od-sredine-xvii-stoljeca-do-i-svj-rata-699\/","name":"STANOVNI\u0160TVO ZAGVOZDA OD SREDINE XVII. STOLJE\u0106A DO I. SVJ. RATA - Web-knji\u017eara","isPartOf":{"@id":"https:\/\/webknjizara.hr\/#website"},"primaryImageOfPage":{"@id":"https:\/\/webknjizara.hr\/proizvod\/stanovnistvo-zagvozda-od-sredine-xvii-stoljeca-do-i-svj-rata-699\/#primaryimage"},"image":{"@id":"https:\/\/webknjizara.hr\/proizvod\/stanovnistvo-zagvozda-od-sredine-xvii-stoljeca-do-i-svj-rata-699\/#primaryimage"},"thumbnailUrl":"https:\/\/webknjizara.hr\/wp-content\/uploads\/nc\/images\/virtuemart\/product\/WEB-NASLOVNICE.jpg","datePublished":"2017-08-29T08:13:12+00:00","dateModified":"2023-01-02T11:36:09+00:00","breadcrumb":{"@id":"https:\/\/webknjizara.hr\/proizvod\/stanovnistvo-zagvozda-od-sredine-xvii-stoljeca-do-i-svj-rata-699\/#breadcrumb"},"inLanguage":"en-US","potentialAction":[{"@type":"ReadAction","target":["https:\/\/webknjizara.hr\/proizvod\/stanovnistvo-zagvozda-od-sredine-xvii-stoljeca-do-i-svj-rata-699\/"]}]},{"@type":"ImageObject","inLanguage":"en-US","@id":"https:\/\/webknjizara.hr\/proizvod\/stanovnistvo-zagvozda-od-sredine-xvii-stoljeca-do-i-svj-rata-699\/#primaryimage","url":"https:\/\/webknjizara.hr\/wp-content\/uploads\/nc\/images\/virtuemart\/product\/WEB-NASLOVNICE.jpg","contentUrl":"https:\/\/webknjizara.hr\/wp-content\/uploads\/nc\/images\/virtuemart\/product\/WEB-NASLOVNICE.jpg","width":573,"height":800,"caption":"STANOVNI\u0160TVO ZAGVOZDA OD SREDINE XVII. STOLJE\u0106A DO I. SVJ. RATA"},{"@type":"BreadcrumbList","@id":"https:\/\/webknjizara.hr\/proizvod\/stanovnistvo-zagvozda-od-sredine-xvii-stoljeca-do-i-svj-rata-699\/#breadcrumb","itemListElement":[{"@type":"ListItem","position":1,"name":"Po\u010detna stranica","item":"https:\/\/webknjizara.hr\/en\/"},{"@type":"ListItem","position":2,"name":"Shop","item":"https:\/\/webknjizara.hr\/shop\/"},{"@type":"ListItem","position":3,"name":"STANOVNI\u0160TVO ZAGVOZDA OD SREDINE XVII. STOLJE\u0106A DO I. SVJ. RATA"}]},{"@type":"WebSite","@id":"https:\/\/webknjizara.hr\/#website","url":"https:\/\/webknjizara.hr\/","name":"Web Knji\u017eara","description":"","publisher":{"@id":"https:\/\/webknjizara.hr\/#organization"},"potentialAction":[{"@type":"SearchAction","target":{"@type":"EntryPoint","urlTemplate":"https:\/\/webknjizara.hr\/?s={search_term_string}"},"query-input":{"@type":"PropertyValueSpecification","valueRequired":true,"valueName":"search_term_string"}}],"inLanguage":"en-US"},{"@type":"Organization","@id":"https:\/\/webknjizara.hr\/#organization","name":"REDAK D.O.O.","url":"https:\/\/webknjizara.hr\/","logo":{"@type":"ImageObject","inLanguage":"en-US","@id":"https:\/\/webknjizara.hr\/#\/schema\/logo\/image\/","url":"https:\/\/webknjizara.hr\/wp-content\/uploads\/2023\/01\/web-knjizara-logo.webp","contentUrl":"https:\/\/webknjizara.hr\/wp-content\/uploads\/2023\/01\/web-knjizara-logo.webp","width":324,"height":79,"caption":"REDAK D.O.O."},"image":{"@id":"https:\/\/webknjizara.hr\/#\/schema\/logo\/image\/"}}]}},"_links":{"self":[{"href":"https:\/\/webknjizara.hr\/en\/wp-json\/wp\/v2\/product\/8562","targetHints":{"allow":["GET"]}}],"collection":[{"href":"https:\/\/webknjizara.hr\/en\/wp-json\/wp\/v2\/product"}],"about":[{"href":"https:\/\/webknjizara.hr\/en\/wp-json\/wp\/v2\/types\/product"}],"replies":[{"embeddable":true,"href":"https:\/\/webknjizara.hr\/en\/wp-json\/wp\/v2\/comments?post=8562"}],"wp:featuredmedia":[{"embeddable":true,"href":"https:\/\/webknjizara.hr\/en\/wp-json\/wp\/v2\/media\/8529"}],"wp:attachment":[{"href":"https:\/\/webknjizara.hr\/en\/wp-json\/wp\/v2\/media?parent=8562"}],"wp:term":[{"taxonomy":"product_brand","embeddable":true,"href":"https:\/\/webknjizara.hr\/en\/wp-json\/wp\/v2\/product_brand?post=8562"},{"taxonomy":"product_cat","embeddable":true,"href":"https:\/\/webknjizara.hr\/en\/wp-json\/wp\/v2\/product_cat?post=8562"},{"taxonomy":"product_tag","embeddable":true,"href":"https:\/\/webknjizara.hr\/en\/wp-json\/wp\/v2\/product_tag?post=8562"}],"curies":[{"name":"wp","href":"https:\/\/api.w.org\/{rel}","templated":true}]}}