{"id":8559,"date":"2017-08-29T08:12:10","date_gmt":"2017-08-29T08:12:10","guid":{"rendered":"https:\/\/webknjizara.hr\/?product=presude-suda-eu-iz-podrucja-pdv-a-sprjecavanje-utaja-i-prijevara"},"modified":"2024-06-17T15:22:35","modified_gmt":"2024-06-17T13:22:35","slug":"presude-suda-eu-iz-podrucja-pdv-a-sprjecavanje-utaja-i-prijevara-696","status":"publish","type":"product","link":"https:\/\/webknjizara.hr\/en\/proizvod\/presude-suda-eu-iz-podrucja-pdv-a-sprjecavanje-utaja-i-prijevara-696\/","title":{"rendered":"PRESUDE SUDA EU IZ PODRU\u010cJA PDV-A: SPRJE\u010cAVANJE UTAJA I PR\u0132EVARA"},"content":{"rendered":"<p style=\"text-align: justify;\"><strong>Sa\u017eetak:<\/strong><\/p>\n<p>\u010clanstvom u Europskoj Uniji Republika Hrvatska postala je dio zajedni\u010dkog EU tr\u017ei\u0161ta, na kojem je uspostavljen zajedni\u010dki sustav oporezivanja porezom na dodanu vrijednost (PDV).<\/p>\n<p style=\"text-align: justify;\">Nu\u017enost prilagodbe odnosno promjene na\u010dina upravljanja PDV-om i primjena propisa o PDV-u u odnosu na razdoblje prije pridru\u017eivanja EU determinirana je, sa\u017eeto, neusporedivo slo\u017eenijim administrativnim i pravnim okvirom zajedni\u010dkog sustava PDV-a te znatno nagla\u0161enijom obvezom uva\u017eavanja\/primjene temeljnih na\u010dela sustava PDV-a i istovremeno sprje\u010davanje zlouporabe tih na\u010dela, prvenstveno na\u010dela neutralnosti (za poduzetnike) i prava na odbitak pretporeza\/pravovremenog povrata radi neometanog odvijanja poduzetni\u010dkih aktivnosti i omogu\u0107avanja ravnopravne tr\u017ei\u0161ne utakmice.<\/p>\n<p style=\"text-align: justify;\">Propisi koji reguliraju podru\u010dje PDV-a u EU su Direktive Vije\u0107a i provedbene uredbe Vije\u0107a. Hrvatski propisi o porezu na dodanu vrijednost uskla\u0111eni su te se i dalje kontinuirano uskla\u0111uju sa zakonodavstvom\/pravnom ste\u010devinom EU.<\/p>\n<p style=\"text-align: justify;\">Izvor prava EU su i presude Suda Europske unije (SEU) te su obvezuju\u0107e za sve dr\u017eave \u010dlanice, njihova dr\u017eavna tijela i nacionalne sudove u okvirima njihove nadle\u017enost. Isto tako, porezni obveznici se u postupcima pred dr\u017eavnim tijelima dr\u017eava \u010dlanica i nacionalnim sudovima (u slu\u010daju RH i pred Samostalnim sektorom Ministarstva financija za drugostupanjski upravni postupak) mogu pozivati na pravo Europske unije a ta tijela imaju obvezu primjenjivati ga.<\/p>\n<p style=\"text-align: justify;\">Presude iz podru\u010dja PDV-a zna\u010dajne su i za postupanje poreznih tijela \u2013 mo\u017eemo ustvrditi da su porezni postupci poreznih tijela u podru\u010dju primjene PDV-a u zna\u010dajnoj mjeri odre\u0111eni presudama SEU. Uz zna\u010dajan utjecaj na praksu hrvatskih poreznih tijela i pristup poreznim obveznicima nakon pristupanju EU, presude SEU nu\u017eno oblikuju i hrvatsku sudsku praksu &#8211; predstavljaju svojevrsno uvo\u0111enje presedana u hrvatsko pravo.<\/p>\n<p style=\"text-align: justify;\">Kako se radi o specifi\u010dnoj i relativno novoj problematici za hrvatska porezna i pravosudna tijela pa, u dijelu utaja i prijevara, i za policijska i tijela kaznenog progona, od iznimne va\u017enosti je pra\u0107enje sudske prakse, poznavanje pravnih u\u010dinaka izvora prava EU a time i presuda SEU te njihova odgovaraju\u0107a primjena u RH od strane poreznih tijela, drugostupanjskog tijela Ministarstva financija i sudova.<\/p>\n<p style=\"text-align: justify;\">Smatramo da \u0107e ova publikacija dodatno afirmirati, s aspekta oporezivanja PDV-om, va\u017enost op\u0107eg usvajanja i primjene temeljnih na\u010dela funkcioniranja pravnog sustava RH u okviru pravnog sustava Europske unije, prvenstveno na\u010dela vladavine prava u postupanju dr\u017eavnih tijela i pravne sigurnosti poduzetnika.<\/p>\n<p style=\"text-align: justify;\"><strong>Klju\u010dne rije\u010di:<\/strong>\u00a0porez na dodanu vrijednost, Europska unija, presude Suda Europske unije<\/p>\n<p><strong>E-mail:<\/strong>\u00a0<a href=\"mailto:martina.fabris@ijf.hr\">Martina Fabris<\/a><\/p>\n<p style=\"text-align: justify;\"><strong>Naslov:<\/strong>\u00a0Presude Suda Europske un\u0133e iz podru\u010dja PDV-a: sprje\u010davanje utaja i pr\u0133evara<br \/>\n<strong>Autori:<\/strong>\u00a0Ana Zakarija, Ante \u010cili\u0107, Radoslav Raspudi\u0107<br \/>\n<strong>Broj stranica:<\/strong>\u00a098<br \/>\n<strong>Nakladnik:<\/strong>\u00a0Institut za javne financije, Zagreb<br \/>\n<strong>Godina izdanja:<\/strong>\u00a02017.<br \/>\n<strong>ISBN:<\/strong>\u00a0ISSN 1333-073X<br \/>\n<strong>Tisak:<\/strong>\u00a0digitalni tisak knjiga &#8211; print na zahtjev<\/p>\n<hr \/>\n<p style=\"text-align: justify;\"><strong>Kako naru\u010diti knjigu?\u00a0<\/strong>Proces online kupovine jednako funkcionira za sve kupce, s jedinom razlikom u tome \u0161to \u0161to kupci iz inozemstva za podru\u010dje dostave moraju odabrati &#8220;Europa&#8221; ili &#8220;Ostale zemlje svijeta&#8221;, a za vrstu pla\u0107anja WSPay (kreditna kartica) ili Virmanom (bankovni transfer).<\/p>\n<p style=\"text-align: justify;\">Molimo kliknite ovdje za\u00a0<a href=\"hr\/kako-kupovati\" target=\"_blank\" rel=\"noopener noreferrer\">detaljni vodi\u010d kroz proces narud\u017ebe<\/a>\u00a0ili nas\u00a0<a href=\"hr\/kontakt\" target=\"_blank\" rel=\"noopener noreferrer\">kontaktirajte<\/a>\u00a0za vi\u0161e informacija.<\/p>\n","protected":false},"excerpt":{"rendered":"<p>Sa\u017eetak: \u010clanstvom u Europskoj Uniji Republika Hrvatska postala je dio zajedni\u010dkog EU tr\u017ei\u0161ta, na kojem je uspostavljen zajedni\u010dki sustav oporezivanja porezom na dodanu vrijednost (PDV). Nu\u017enost prilagodbe odnosno promjene na\u010dina upravljanja PDV-om i primjena propisa o PDV-u u odnosu na razdoblje prije pridru\u017eivanja EU determinirana je, sa\u017eeto, neusporedivo slo\u017eenijim administrativnim i pravnim okvirom zajedni\u010dkog sustava [&hellip;]<\/p>\n","protected":false},"featured_media":8523,"comment_status":"open","ping_status":"closed","template":"","meta":{"_acf_changed":false},"product_brand":[],"product_cat":[1384],"product_tag":[],"class_list":{"0":"post-8559","1":"product","2":"type-product","3":"status-publish","4":"has-post-thumbnail","6":"product_cat-ekonomija","7":"pa_nakladnik-institut-za-javne-financije-zagreb","9":"first","10":"instock","11":"shipping-taxable","12":"purchasable","13":"product-type-simple"},"acf":[],"yoast_head":"<!-- This site is optimized with the Yoast SEO plugin v27.3 - https:\/\/yoast.com\/product\/yoast-seo-wordpress\/ -->\n<title>PRESUDE SUDA EU IZ PODRU\u010cJA PDV-A: SPRJE\u010cAVANJE UTAJA I PR\u0132EVARA - Web-knji\u017eara<\/title>\n<meta name=\"robots\" content=\"index, follow, max-snippet:-1, max-image-preview:large, max-video-preview:-1\" \/>\n<link rel=\"canonical\" href=\"https:\/\/webknjizara.hr\/proizvod\/presude-suda-eu-iz-podrucja-pdv-a-sprjecavanje-utaja-i-prijevara-696\/\" \/>\n<meta property=\"og:locale\" content=\"en_US\" \/>\n<meta property=\"og:type\" content=\"article\" \/>\n<meta property=\"og:title\" content=\"PRESUDE SUDA EU IZ PODRU\u010cJA PDV-A: SPRJE\u010cAVANJE UTAJA I PR\u0132EVARA - Web-knji\u017eara\" \/>\n<meta property=\"og:description\" content=\"Sa\u017eetak: \u010clanstvom u Europskoj Uniji Republika Hrvatska postala je dio zajedni\u010dkog EU tr\u017ei\u0161ta, na kojem je uspostavljen zajedni\u010dki sustav oporezivanja porezom na dodanu vrijednost (PDV). Nu\u017enost prilagodbe odnosno promjene na\u010dina upravljanja PDV-om i primjena propisa o PDV-u u odnosu na razdoblje prije pridru\u017eivanja EU determinirana je, sa\u017eeto, neusporedivo slo\u017eenijim administrativnim i pravnim okvirom zajedni\u010dkog sustava [&hellip;]\" \/>\n<meta property=\"og:url\" content=\"https:\/\/webknjizara.hr\/proizvod\/presude-suda-eu-iz-podrucja-pdv-a-sprjecavanje-utaja-i-prijevara-696\/\" \/>\n<meta property=\"og:site_name\" content=\"Web-knji\u017eara\" \/>\n<meta property=\"article:modified_time\" content=\"2024-06-17T13:22:35+00:00\" \/>\n<meta property=\"og:image\" content=\"https:\/\/webknjizara.hr\/wp-content\/uploads\/nc\/images\/virtuemart\/product\/web-naslovnica8.jpg\" \/>\n\t<meta property=\"og:image:width\" content=\"573\" \/>\n\t<meta property=\"og:image:height\" content=\"800\" \/>\n\t<meta property=\"og:image:type\" content=\"image\/jpeg\" \/>\n<meta name=\"twitter:card\" content=\"summary_large_image\" \/>\n<meta name=\"twitter:label1\" content=\"Est. reading time\" \/>\n\t<meta name=\"twitter:data1\" content=\"3 minutes\" \/>\n<script type=\"application\/ld+json\" class=\"yoast-schema-graph\">{\"@context\":\"https:\\\/\\\/schema.org\",\"@graph\":[{\"@type\":\"WebPage\",\"@id\":\"https:\\\/\\\/webknjizara.hr\\\/proizvod\\\/presude-suda-eu-iz-podrucja-pdv-a-sprjecavanje-utaja-i-prijevara-696\\\/\",\"url\":\"https:\\\/\\\/webknjizara.hr\\\/proizvod\\\/presude-suda-eu-iz-podrucja-pdv-a-sprjecavanje-utaja-i-prijevara-696\\\/\",\"name\":\"PRESUDE SUDA EU IZ PODRU\u010cJA PDV-A: SPRJE\u010cAVANJE UTAJA I PR\u0132EVARA - Web-knji\u017eara\",\"isPartOf\":{\"@id\":\"https:\\\/\\\/webknjizara.hr\\\/#website\"},\"primaryImageOfPage\":{\"@id\":\"https:\\\/\\\/webknjizara.hr\\\/proizvod\\\/presude-suda-eu-iz-podrucja-pdv-a-sprjecavanje-utaja-i-prijevara-696\\\/#primaryimage\"},\"image\":{\"@id\":\"https:\\\/\\\/webknjizara.hr\\\/proizvod\\\/presude-suda-eu-iz-podrucja-pdv-a-sprjecavanje-utaja-i-prijevara-696\\\/#primaryimage\"},\"thumbnailUrl\":\"https:\\\/\\\/webknjizara.hr\\\/wp-content\\\/uploads\\\/nc\\\/images\\\/virtuemart\\\/product\\\/web-naslovnica8.jpg\",\"datePublished\":\"2017-08-29T08:12:10+00:00\",\"dateModified\":\"2024-06-17T13:22:35+00:00\",\"breadcrumb\":{\"@id\":\"https:\\\/\\\/webknjizara.hr\\\/proizvod\\\/presude-suda-eu-iz-podrucja-pdv-a-sprjecavanje-utaja-i-prijevara-696\\\/#breadcrumb\"},\"inLanguage\":\"en-US\",\"potentialAction\":[{\"@type\":\"ReadAction\",\"target\":[\"https:\\\/\\\/webknjizara.hr\\\/proizvod\\\/presude-suda-eu-iz-podrucja-pdv-a-sprjecavanje-utaja-i-prijevara-696\\\/\"]}]},{\"@type\":\"ImageObject\",\"inLanguage\":\"en-US\",\"@id\":\"https:\\\/\\\/webknjizara.hr\\\/proizvod\\\/presude-suda-eu-iz-podrucja-pdv-a-sprjecavanje-utaja-i-prijevara-696\\\/#primaryimage\",\"url\":\"https:\\\/\\\/webknjizara.hr\\\/wp-content\\\/uploads\\\/nc\\\/images\\\/virtuemart\\\/product\\\/web-naslovnica8.jpg\",\"contentUrl\":\"https:\\\/\\\/webknjizara.hr\\\/wp-content\\\/uploads\\\/nc\\\/images\\\/virtuemart\\\/product\\\/web-naslovnica8.jpg\",\"width\":573,\"height\":800,\"caption\":\"PRESUDE SUDA EU IZ PODRU\u010cJA PDV-A: SPRJE\u010cAVANJE UTAJA I PR\u0132EVARA\"},{\"@type\":\"BreadcrumbList\",\"@id\":\"https:\\\/\\\/webknjizara.hr\\\/proizvod\\\/presude-suda-eu-iz-podrucja-pdv-a-sprjecavanje-utaja-i-prijevara-696\\\/#breadcrumb\",\"itemListElement\":[{\"@type\":\"ListItem\",\"position\":1,\"name\":\"Po\u010detna stranica\",\"item\":\"https:\\\/\\\/webknjizara.hr\\\/en\\\/\"},{\"@type\":\"ListItem\",\"position\":2,\"name\":\"Shop\",\"item\":\"https:\\\/\\\/webknjizara.hr\\\/shop\\\/\"},{\"@type\":\"ListItem\",\"position\":3,\"name\":\"PRESUDE SUDA EU IZ PODRU\u010cJA PDV-A: SPRJE\u010cAVANJE UTAJA I PR\u0132EVARA\"}]},{\"@type\":\"WebSite\",\"@id\":\"https:\\\/\\\/webknjizara.hr\\\/#website\",\"url\":\"https:\\\/\\\/webknjizara.hr\\\/\",\"name\":\"Web Knji\u017eara\",\"description\":\"\",\"publisher\":{\"@id\":\"https:\\\/\\\/webknjizara.hr\\\/#organization\"},\"potentialAction\":[{\"@type\":\"SearchAction\",\"target\":{\"@type\":\"EntryPoint\",\"urlTemplate\":\"https:\\\/\\\/webknjizara.hr\\\/?s={search_term_string}\"},\"query-input\":{\"@type\":\"PropertyValueSpecification\",\"valueRequired\":true,\"valueName\":\"search_term_string\"}}],\"inLanguage\":\"en-US\"},{\"@type\":\"Organization\",\"@id\":\"https:\\\/\\\/webknjizara.hr\\\/#organization\",\"name\":\"REDAK D.O.O.\",\"url\":\"https:\\\/\\\/webknjizara.hr\\\/\",\"logo\":{\"@type\":\"ImageObject\",\"inLanguage\":\"en-US\",\"@id\":\"https:\\\/\\\/webknjizara.hr\\\/#\\\/schema\\\/logo\\\/image\\\/\",\"url\":\"https:\\\/\\\/webknjizara.hr\\\/wp-content\\\/uploads\\\/2023\\\/01\\\/web-knjizara-logo.webp\",\"contentUrl\":\"https:\\\/\\\/webknjizara.hr\\\/wp-content\\\/uploads\\\/2023\\\/01\\\/web-knjizara-logo.webp\",\"width\":324,\"height\":79,\"caption\":\"REDAK D.O.O.\"},\"image\":{\"@id\":\"https:\\\/\\\/webknjizara.hr\\\/#\\\/schema\\\/logo\\\/image\\\/\"}}]}<\/script>\n<!-- \/ Yoast SEO plugin. -->","yoast_head_json":{"title":"PRESUDE SUDA EU IZ PODRU\u010cJA PDV-A: SPRJE\u010cAVANJE UTAJA I PR\u0132EVARA - Web-knji\u017eara","robots":{"index":"index","follow":"follow","max-snippet":"max-snippet:-1","max-image-preview":"max-image-preview:large","max-video-preview":"max-video-preview:-1"},"canonical":"https:\/\/webknjizara.hr\/proizvod\/presude-suda-eu-iz-podrucja-pdv-a-sprjecavanje-utaja-i-prijevara-696\/","og_locale":"en_US","og_type":"article","og_title":"PRESUDE SUDA EU IZ PODRU\u010cJA PDV-A: SPRJE\u010cAVANJE UTAJA I PR\u0132EVARA - Web-knji\u017eara","og_description":"Sa\u017eetak: \u010clanstvom u Europskoj Uniji Republika Hrvatska postala je dio zajedni\u010dkog EU tr\u017ei\u0161ta, na kojem je uspostavljen zajedni\u010dki sustav oporezivanja porezom na dodanu vrijednost (PDV). Nu\u017enost prilagodbe odnosno promjene na\u010dina upravljanja PDV-om i primjena propisa o PDV-u u odnosu na razdoblje prije pridru\u017eivanja EU determinirana je, sa\u017eeto, neusporedivo slo\u017eenijim administrativnim i pravnim okvirom zajedni\u010dkog sustava [&hellip;]","og_url":"https:\/\/webknjizara.hr\/proizvod\/presude-suda-eu-iz-podrucja-pdv-a-sprjecavanje-utaja-i-prijevara-696\/","og_site_name":"Web-knji\u017eara","article_modified_time":"2024-06-17T13:22:35+00:00","og_image":[{"width":573,"height":800,"url":"https:\/\/webknjizara.hr\/wp-content\/uploads\/nc\/images\/virtuemart\/product\/web-naslovnica8.jpg","type":"image\/jpeg"}],"twitter_card":"summary_large_image","twitter_misc":{"Est. reading time":"3 minutes"},"schema":{"@context":"https:\/\/schema.org","@graph":[{"@type":"WebPage","@id":"https:\/\/webknjizara.hr\/proizvod\/presude-suda-eu-iz-podrucja-pdv-a-sprjecavanje-utaja-i-prijevara-696\/","url":"https:\/\/webknjizara.hr\/proizvod\/presude-suda-eu-iz-podrucja-pdv-a-sprjecavanje-utaja-i-prijevara-696\/","name":"PRESUDE SUDA EU IZ PODRU\u010cJA PDV-A: SPRJE\u010cAVANJE UTAJA I PR\u0132EVARA - Web-knji\u017eara","isPartOf":{"@id":"https:\/\/webknjizara.hr\/#website"},"primaryImageOfPage":{"@id":"https:\/\/webknjizara.hr\/proizvod\/presude-suda-eu-iz-podrucja-pdv-a-sprjecavanje-utaja-i-prijevara-696\/#primaryimage"},"image":{"@id":"https:\/\/webknjizara.hr\/proizvod\/presude-suda-eu-iz-podrucja-pdv-a-sprjecavanje-utaja-i-prijevara-696\/#primaryimage"},"thumbnailUrl":"https:\/\/webknjizara.hr\/wp-content\/uploads\/nc\/images\/virtuemart\/product\/web-naslovnica8.jpg","datePublished":"2017-08-29T08:12:10+00:00","dateModified":"2024-06-17T13:22:35+00:00","breadcrumb":{"@id":"https:\/\/webknjizara.hr\/proizvod\/presude-suda-eu-iz-podrucja-pdv-a-sprjecavanje-utaja-i-prijevara-696\/#breadcrumb"},"inLanguage":"en-US","potentialAction":[{"@type":"ReadAction","target":["https:\/\/webknjizara.hr\/proizvod\/presude-suda-eu-iz-podrucja-pdv-a-sprjecavanje-utaja-i-prijevara-696\/"]}]},{"@type":"ImageObject","inLanguage":"en-US","@id":"https:\/\/webknjizara.hr\/proizvod\/presude-suda-eu-iz-podrucja-pdv-a-sprjecavanje-utaja-i-prijevara-696\/#primaryimage","url":"https:\/\/webknjizara.hr\/wp-content\/uploads\/nc\/images\/virtuemart\/product\/web-naslovnica8.jpg","contentUrl":"https:\/\/webknjizara.hr\/wp-content\/uploads\/nc\/images\/virtuemart\/product\/web-naslovnica8.jpg","width":573,"height":800,"caption":"PRESUDE SUDA EU IZ PODRU\u010cJA PDV-A: SPRJE\u010cAVANJE UTAJA I PR\u0132EVARA"},{"@type":"BreadcrumbList","@id":"https:\/\/webknjizara.hr\/proizvod\/presude-suda-eu-iz-podrucja-pdv-a-sprjecavanje-utaja-i-prijevara-696\/#breadcrumb","itemListElement":[{"@type":"ListItem","position":1,"name":"Po\u010detna stranica","item":"https:\/\/webknjizara.hr\/en\/"},{"@type":"ListItem","position":2,"name":"Shop","item":"https:\/\/webknjizara.hr\/shop\/"},{"@type":"ListItem","position":3,"name":"PRESUDE SUDA EU IZ PODRU\u010cJA PDV-A: SPRJE\u010cAVANJE UTAJA I PR\u0132EVARA"}]},{"@type":"WebSite","@id":"https:\/\/webknjizara.hr\/#website","url":"https:\/\/webknjizara.hr\/","name":"Web Knji\u017eara","description":"","publisher":{"@id":"https:\/\/webknjizara.hr\/#organization"},"potentialAction":[{"@type":"SearchAction","target":{"@type":"EntryPoint","urlTemplate":"https:\/\/webknjizara.hr\/?s={search_term_string}"},"query-input":{"@type":"PropertyValueSpecification","valueRequired":true,"valueName":"search_term_string"}}],"inLanguage":"en-US"},{"@type":"Organization","@id":"https:\/\/webknjizara.hr\/#organization","name":"REDAK D.O.O.","url":"https:\/\/webknjizara.hr\/","logo":{"@type":"ImageObject","inLanguage":"en-US","@id":"https:\/\/webknjizara.hr\/#\/schema\/logo\/image\/","url":"https:\/\/webknjizara.hr\/wp-content\/uploads\/2023\/01\/web-knjizara-logo.webp","contentUrl":"https:\/\/webknjizara.hr\/wp-content\/uploads\/2023\/01\/web-knjizara-logo.webp","width":324,"height":79,"caption":"REDAK D.O.O."},"image":{"@id":"https:\/\/webknjizara.hr\/#\/schema\/logo\/image\/"}}]}},"_links":{"self":[{"href":"https:\/\/webknjizara.hr\/en\/wp-json\/wp\/v2\/product\/8559","targetHints":{"allow":["GET"]}}],"collection":[{"href":"https:\/\/webknjizara.hr\/en\/wp-json\/wp\/v2\/product"}],"about":[{"href":"https:\/\/webknjizara.hr\/en\/wp-json\/wp\/v2\/types\/product"}],"replies":[{"embeddable":true,"href":"https:\/\/webknjizara.hr\/en\/wp-json\/wp\/v2\/comments?post=8559"}],"wp:featuredmedia":[{"embeddable":true,"href":"https:\/\/webknjizara.hr\/en\/wp-json\/wp\/v2\/media\/8523"}],"wp:attachment":[{"href":"https:\/\/webknjizara.hr\/en\/wp-json\/wp\/v2\/media?parent=8559"}],"wp:term":[{"taxonomy":"product_brand","embeddable":true,"href":"https:\/\/webknjizara.hr\/en\/wp-json\/wp\/v2\/product_brand?post=8559"},{"taxonomy":"product_cat","embeddable":true,"href":"https:\/\/webknjizara.hr\/en\/wp-json\/wp\/v2\/product_cat?post=8559"},{"taxonomy":"product_tag","embeddable":true,"href":"https:\/\/webknjizara.hr\/en\/wp-json\/wp\/v2\/product_tag?post=8559"}],"curies":[{"name":"wp","href":"https:\/\/api.w.org\/{rel}","templated":true}]}}