{"id":8558,"date":"2017-08-29T08:11:54","date_gmt":"2017-08-29T08:11:54","guid":{"rendered":"https:\/\/webknjizara.hr\/?product=samo-tvoj-dinko-bekavac"},"modified":"2023-01-02T12:46:03","modified_gmt":"2023-01-02T12:46:03","slug":"samo-tvoj-dinko-bekavac-695","status":"publish","type":"product","link":"https:\/\/webknjizara.hr\/en\/proizvod\/samo-tvoj-dinko-bekavac-695\/","title":{"rendered":"SAMO TVOJ, Dinko Bekavac"},"content":{"rendered":"<p style=\"text-align: justify;\"><strong><br \/>Sa\u017eetak:<\/strong>\u00a0<\/p>\n<p>Knjiga je namijenjena ljubiteljima poezije, pjesme ljubavne, voljenoj supruzi.<\/p>\n<p style=\"text-align: justify;\"><strong>Bilje\u0161ka o autoru:<\/strong>\u00a0<\/p>\n<p>Nakon umirovljenja aktivno se bavim likovnom umjetno\u0161\u0107u iz kojih je proistekla \u017eelja da slike opi\u0161em u poeziji. Preokupacija mojih slika su more, vedute, portreti i balerine, te ljubav prema voljenoj supruzi su upravo pisane pjesme i u mojoj petoj knjizi \u201eSamo tvoj\u201c.<\/p>\n<p style=\"text-align: justify;\"><strong>Link:<\/strong>\u00a0<a href=\"http:\/\/dbekavac.bloger.hr\/\">http:\/\/dbekavac.bloger.hr\/<br \/><\/a><strong>E-mail:<\/strong>\u00a0<a href=\"mailto:dbekavac1941@hotmail.com\">Dinko Bekavac<\/a><\/p>\n<p style=\"text-align: justify;\"><strong>Naslov:<\/strong>\u00a0Samo tvoj<br \/><strong>Autor:<\/strong>\u00a0Dinko Bekavac<br \/><strong>Broj stranica:<\/strong>\u00a0110<br \/><strong>Nakladnik:<\/strong>\u00a0REDAK<br \/><strong>Godina izdanja:<\/strong>\u00a02017.<br \/><strong>ISBN:<\/strong>\u00a0978-953-336-413-1<br \/><strong>Tisak:<\/strong>\u00a0digitalni tisak knjiga &#8211; print na zahtjev\u00a0<\/p>\n<hr \/>\n<p style=\"text-align: justify;\"><strong>Kako naru\u010diti knjigu?\u00a0<\/strong>Proces online kupovine jednako funkcionira za sve kupce, s jedinom razlikom u tome \u0161to \u0161to kupci iz inozemstva za podru\u010dje dostave moraju odabrati &#8220;Europa&#8221; ili &#8220;Ostale zemlje svijeta&#8221;, a za vrstu pla\u0107anja WSPay (kreditna kartica) ili Virmanom (bankovni transfer).<\/p>\n<p style=\"text-align: justify;\">Molimo kliknite ovdje za\u00a0<a href=\"hr\/kako-kupovati\" target=\"_blank\" rel=\"noopener noreferrer\">detaljni vodi\u010d kroz proces narud\u017ebe<\/a>\u00a0ili nas\u00a0<a href=\"hr\/kontakt\" target=\"_blank\" rel=\"noopener noreferrer\">kontaktirajte<\/a>\u00a0za vi\u0161e informacija.<\/p>\n","protected":false},"excerpt":{"rendered":"<p>Sa\u017eetak:\u00a0 Knjiga je namijenjena ljubiteljima poezije, pjesme ljubavne, voljenoj supruzi. Bilje\u0161ka o autoru:\u00a0 Nakon umirovljenja aktivno se bavim likovnom umjetno\u0161\u0107u iz kojih je proistekla \u017eelja da slike opi\u0161em u poeziji. Preokupacija mojih slika su more, vedute, portreti i balerine, te ljubav prema voljenoj supruzi su upravo pisane pjesme i u mojoj petoj knjizi \u201eSamo tvoj\u201c. [&hellip;]<\/p>\n","protected":false},"featured_media":8521,"comment_status":"open","ping_status":"closed","template":"","meta":{"_acf_changed":false},"product_brand":[],"product_cat":[1388],"product_tag":[],"class_list":{"0":"post-8558","1":"product","2":"type-product","3":"status-publish","4":"has-post-thumbnail","6":"product_cat-poezija","8":"first","9":"instock","10":"shipping-taxable","11":"purchasable","12":"product-type-simple"},"acf":[],"yoast_head":"<!-- This site is optimized with the Yoast SEO plugin v27.3 - https:\/\/yoast.com\/product\/yoast-seo-wordpress\/ -->\n<title>SAMO TVOJ, Dinko Bekavac - Web-knji\u017eara<\/title>\n<meta name=\"robots\" content=\"index, follow, max-snippet:-1, max-image-preview:large, max-video-preview:-1\" \/>\n<link rel=\"canonical\" href=\"https:\/\/webknjizara.hr\/proizvod\/samo-tvoj-dinko-bekavac-695\/\" \/>\n<meta property=\"og:locale\" content=\"en_US\" \/>\n<meta property=\"og:type\" content=\"article\" \/>\n<meta property=\"og:title\" content=\"SAMO TVOJ, Dinko Bekavac - Web-knji\u017eara\" \/>\n<meta property=\"og:description\" content=\"Sa\u017eetak:\u00a0 Knjiga je namijenjena ljubiteljima poezije, pjesme ljubavne, voljenoj supruzi. Bilje\u0161ka o autoru:\u00a0 Nakon umirovljenja aktivno se bavim likovnom umjetno\u0161\u0107u iz kojih je proistekla \u017eelja da slike opi\u0161em u poeziji. Preokupacija mojih slika su more, vedute, portreti i balerine, te ljubav prema voljenoj supruzi su upravo pisane pjesme i u mojoj petoj knjizi \u201eSamo tvoj\u201c. [&hellip;]\" \/>\n<meta property=\"og:url\" content=\"https:\/\/webknjizara.hr\/proizvod\/samo-tvoj-dinko-bekavac-695\/\" \/>\n<meta property=\"og:site_name\" content=\"Web-knji\u017eara\" \/>\n<meta property=\"article:modified_time\" content=\"2023-01-02T12:46:03+00:00\" \/>\n<meta property=\"og:image\" content=\"https:\/\/webknjizara.hr\/wp-content\/uploads\/nc\/images\/virtuemart\/product\/Bekavac_naslovnica.jpg\" \/>\n\t<meta property=\"og:image:width\" content=\"573\" \/>\n\t<meta property=\"og:image:height\" content=\"800\" \/>\n\t<meta property=\"og:image:type\" content=\"image\/jpeg\" \/>\n<meta name=\"twitter:card\" content=\"summary_large_image\" \/>\n<meta name=\"twitter:label1\" content=\"Est. reading time\" \/>\n\t<meta name=\"twitter:data1\" content=\"1 minute\" \/>\n<script type=\"application\/ld+json\" class=\"yoast-schema-graph\">{\"@context\":\"https:\\\/\\\/schema.org\",\"@graph\":[{\"@type\":\"WebPage\",\"@id\":\"https:\\\/\\\/webknjizara.hr\\\/proizvod\\\/samo-tvoj-dinko-bekavac-695\\\/\",\"url\":\"https:\\\/\\\/webknjizara.hr\\\/proizvod\\\/samo-tvoj-dinko-bekavac-695\\\/\",\"name\":\"SAMO TVOJ, Dinko Bekavac - Web-knji\u017eara\",\"isPartOf\":{\"@id\":\"https:\\\/\\\/webknjizara.hr\\\/#website\"},\"primaryImageOfPage\":{\"@id\":\"https:\\\/\\\/webknjizara.hr\\\/proizvod\\\/samo-tvoj-dinko-bekavac-695\\\/#primaryimage\"},\"image\":{\"@id\":\"https:\\\/\\\/webknjizara.hr\\\/proizvod\\\/samo-tvoj-dinko-bekavac-695\\\/#primaryimage\"},\"thumbnailUrl\":\"https:\\\/\\\/webknjizara.hr\\\/wp-content\\\/uploads\\\/nc\\\/images\\\/virtuemart\\\/product\\\/Bekavac_naslovnica.jpg\",\"datePublished\":\"2017-08-29T08:11:54+00:00\",\"dateModified\":\"2023-01-02T12:46:03+00:00\",\"breadcrumb\":{\"@id\":\"https:\\\/\\\/webknjizara.hr\\\/proizvod\\\/samo-tvoj-dinko-bekavac-695\\\/#breadcrumb\"},\"inLanguage\":\"en-US\",\"potentialAction\":[{\"@type\":\"ReadAction\",\"target\":[\"https:\\\/\\\/webknjizara.hr\\\/proizvod\\\/samo-tvoj-dinko-bekavac-695\\\/\"]}]},{\"@type\":\"ImageObject\",\"inLanguage\":\"en-US\",\"@id\":\"https:\\\/\\\/webknjizara.hr\\\/proizvod\\\/samo-tvoj-dinko-bekavac-695\\\/#primaryimage\",\"url\":\"https:\\\/\\\/webknjizara.hr\\\/wp-content\\\/uploads\\\/nc\\\/images\\\/virtuemart\\\/product\\\/Bekavac_naslovnica.jpg\",\"contentUrl\":\"https:\\\/\\\/webknjizara.hr\\\/wp-content\\\/uploads\\\/nc\\\/images\\\/virtuemart\\\/product\\\/Bekavac_naslovnica.jpg\",\"width\":573,\"height\":800,\"caption\":\"SAMO TVOJ, Dinko Bekavac\"},{\"@type\":\"BreadcrumbList\",\"@id\":\"https:\\\/\\\/webknjizara.hr\\\/proizvod\\\/samo-tvoj-dinko-bekavac-695\\\/#breadcrumb\",\"itemListElement\":[{\"@type\":\"ListItem\",\"position\":1,\"name\":\"Po\u010detna stranica\",\"item\":\"https:\\\/\\\/webknjizara.hr\\\/en\\\/\"},{\"@type\":\"ListItem\",\"position\":2,\"name\":\"Shop\",\"item\":\"https:\\\/\\\/webknjizara.hr\\\/shop\\\/\"},{\"@type\":\"ListItem\",\"position\":3,\"name\":\"SAMO TVOJ, Dinko Bekavac\"}]},{\"@type\":\"WebSite\",\"@id\":\"https:\\\/\\\/webknjizara.hr\\\/#website\",\"url\":\"https:\\\/\\\/webknjizara.hr\\\/\",\"name\":\"Web Knji\u017eara\",\"description\":\"\",\"publisher\":{\"@id\":\"https:\\\/\\\/webknjizara.hr\\\/#organization\"},\"potentialAction\":[{\"@type\":\"SearchAction\",\"target\":{\"@type\":\"EntryPoint\",\"urlTemplate\":\"https:\\\/\\\/webknjizara.hr\\\/?s={search_term_string}\"},\"query-input\":{\"@type\":\"PropertyValueSpecification\",\"valueRequired\":true,\"valueName\":\"search_term_string\"}}],\"inLanguage\":\"en-US\"},{\"@type\":\"Organization\",\"@id\":\"https:\\\/\\\/webknjizara.hr\\\/#organization\",\"name\":\"REDAK D.O.O.\",\"url\":\"https:\\\/\\\/webknjizara.hr\\\/\",\"logo\":{\"@type\":\"ImageObject\",\"inLanguage\":\"en-US\",\"@id\":\"https:\\\/\\\/webknjizara.hr\\\/#\\\/schema\\\/logo\\\/image\\\/\",\"url\":\"https:\\\/\\\/webknjizara.hr\\\/wp-content\\\/uploads\\\/2023\\\/01\\\/web-knjizara-logo.webp\",\"contentUrl\":\"https:\\\/\\\/webknjizara.hr\\\/wp-content\\\/uploads\\\/2023\\\/01\\\/web-knjizara-logo.webp\",\"width\":324,\"height\":79,\"caption\":\"REDAK D.O.O.\"},\"image\":{\"@id\":\"https:\\\/\\\/webknjizara.hr\\\/#\\\/schema\\\/logo\\\/image\\\/\"}}]}<\/script>\n<!-- \/ Yoast SEO plugin. -->","yoast_head_json":{"title":"SAMO TVOJ, Dinko Bekavac - Web-knji\u017eara","robots":{"index":"index","follow":"follow","max-snippet":"max-snippet:-1","max-image-preview":"max-image-preview:large","max-video-preview":"max-video-preview:-1"},"canonical":"https:\/\/webknjizara.hr\/proizvod\/samo-tvoj-dinko-bekavac-695\/","og_locale":"en_US","og_type":"article","og_title":"SAMO TVOJ, Dinko Bekavac - Web-knji\u017eara","og_description":"Sa\u017eetak:\u00a0 Knjiga je namijenjena ljubiteljima poezije, pjesme ljubavne, voljenoj supruzi. Bilje\u0161ka o autoru:\u00a0 Nakon umirovljenja aktivno se bavim likovnom umjetno\u0161\u0107u iz kojih je proistekla \u017eelja da slike opi\u0161em u poeziji. Preokupacija mojih slika su more, vedute, portreti i balerine, te ljubav prema voljenoj supruzi su upravo pisane pjesme i u mojoj petoj knjizi \u201eSamo tvoj\u201c. [&hellip;]","og_url":"https:\/\/webknjizara.hr\/proizvod\/samo-tvoj-dinko-bekavac-695\/","og_site_name":"Web-knji\u017eara","article_modified_time":"2023-01-02T12:46:03+00:00","og_image":[{"width":573,"height":800,"url":"https:\/\/webknjizara.hr\/wp-content\/uploads\/nc\/images\/virtuemart\/product\/Bekavac_naslovnica.jpg","type":"image\/jpeg"}],"twitter_card":"summary_large_image","twitter_misc":{"Est. reading time":"1 minute"},"schema":{"@context":"https:\/\/schema.org","@graph":[{"@type":"WebPage","@id":"https:\/\/webknjizara.hr\/proizvod\/samo-tvoj-dinko-bekavac-695\/","url":"https:\/\/webknjizara.hr\/proizvod\/samo-tvoj-dinko-bekavac-695\/","name":"SAMO TVOJ, Dinko Bekavac - Web-knji\u017eara","isPartOf":{"@id":"https:\/\/webknjizara.hr\/#website"},"primaryImageOfPage":{"@id":"https:\/\/webknjizara.hr\/proizvod\/samo-tvoj-dinko-bekavac-695\/#primaryimage"},"image":{"@id":"https:\/\/webknjizara.hr\/proizvod\/samo-tvoj-dinko-bekavac-695\/#primaryimage"},"thumbnailUrl":"https:\/\/webknjizara.hr\/wp-content\/uploads\/nc\/images\/virtuemart\/product\/Bekavac_naslovnica.jpg","datePublished":"2017-08-29T08:11:54+00:00","dateModified":"2023-01-02T12:46:03+00:00","breadcrumb":{"@id":"https:\/\/webknjizara.hr\/proizvod\/samo-tvoj-dinko-bekavac-695\/#breadcrumb"},"inLanguage":"en-US","potentialAction":[{"@type":"ReadAction","target":["https:\/\/webknjizara.hr\/proizvod\/samo-tvoj-dinko-bekavac-695\/"]}]},{"@type":"ImageObject","inLanguage":"en-US","@id":"https:\/\/webknjizara.hr\/proizvod\/samo-tvoj-dinko-bekavac-695\/#primaryimage","url":"https:\/\/webknjizara.hr\/wp-content\/uploads\/nc\/images\/virtuemart\/product\/Bekavac_naslovnica.jpg","contentUrl":"https:\/\/webknjizara.hr\/wp-content\/uploads\/nc\/images\/virtuemart\/product\/Bekavac_naslovnica.jpg","width":573,"height":800,"caption":"SAMO TVOJ, Dinko Bekavac"},{"@type":"BreadcrumbList","@id":"https:\/\/webknjizara.hr\/proizvod\/samo-tvoj-dinko-bekavac-695\/#breadcrumb","itemListElement":[{"@type":"ListItem","position":1,"name":"Po\u010detna stranica","item":"https:\/\/webknjizara.hr\/en\/"},{"@type":"ListItem","position":2,"name":"Shop","item":"https:\/\/webknjizara.hr\/shop\/"},{"@type":"ListItem","position":3,"name":"SAMO TVOJ, Dinko Bekavac"}]},{"@type":"WebSite","@id":"https:\/\/webknjizara.hr\/#website","url":"https:\/\/webknjizara.hr\/","name":"Web Knji\u017eara","description":"","publisher":{"@id":"https:\/\/webknjizara.hr\/#organization"},"potentialAction":[{"@type":"SearchAction","target":{"@type":"EntryPoint","urlTemplate":"https:\/\/webknjizara.hr\/?s={search_term_string}"},"query-input":{"@type":"PropertyValueSpecification","valueRequired":true,"valueName":"search_term_string"}}],"inLanguage":"en-US"},{"@type":"Organization","@id":"https:\/\/webknjizara.hr\/#organization","name":"REDAK D.O.O.","url":"https:\/\/webknjizara.hr\/","logo":{"@type":"ImageObject","inLanguage":"en-US","@id":"https:\/\/webknjizara.hr\/#\/schema\/logo\/image\/","url":"https:\/\/webknjizara.hr\/wp-content\/uploads\/2023\/01\/web-knjizara-logo.webp","contentUrl":"https:\/\/webknjizara.hr\/wp-content\/uploads\/2023\/01\/web-knjizara-logo.webp","width":324,"height":79,"caption":"REDAK D.O.O."},"image":{"@id":"https:\/\/webknjizara.hr\/#\/schema\/logo\/image\/"}}]}},"_links":{"self":[{"href":"https:\/\/webknjizara.hr\/en\/wp-json\/wp\/v2\/product\/8558","targetHints":{"allow":["GET"]}}],"collection":[{"href":"https:\/\/webknjizara.hr\/en\/wp-json\/wp\/v2\/product"}],"about":[{"href":"https:\/\/webknjizara.hr\/en\/wp-json\/wp\/v2\/types\/product"}],"replies":[{"embeddable":true,"href":"https:\/\/webknjizara.hr\/en\/wp-json\/wp\/v2\/comments?post=8558"}],"wp:featuredmedia":[{"embeddable":true,"href":"https:\/\/webknjizara.hr\/en\/wp-json\/wp\/v2\/media\/8521"}],"wp:attachment":[{"href":"https:\/\/webknjizara.hr\/en\/wp-json\/wp\/v2\/media?parent=8558"}],"wp:term":[{"taxonomy":"product_brand","embeddable":true,"href":"https:\/\/webknjizara.hr\/en\/wp-json\/wp\/v2\/product_brand?post=8558"},{"taxonomy":"product_cat","embeddable":true,"href":"https:\/\/webknjizara.hr\/en\/wp-json\/wp\/v2\/product_cat?post=8558"},{"taxonomy":"product_tag","embeddable":true,"href":"https:\/\/webknjizara.hr\/en\/wp-json\/wp\/v2\/product_tag?post=8558"}],"curies":[{"name":"wp","href":"https:\/\/api.w.org\/{rel}","templated":true}]}}