{"id":8553,"date":"2017-08-29T08:07:22","date_gmt":"2017-08-29T08:07:22","guid":{"rendered":"https:\/\/webknjizara.hr\/?product=moj-susret-s-bogom-ljiljana-lili-juric"},"modified":"2025-11-20T03:46:49","modified_gmt":"2025-11-20T02:46:49","slug":"moj-susret-s-bogom-ljiljana-lili-juric-690","status":"publish","type":"product","link":"https:\/\/webknjizara.hr\/en\/proizvod\/moj-susret-s-bogom-ljiljana-lili-juric-690\/","title":{"rendered":"MOJ SUSRET S BOGOM, Ljiljana Lili Juri\u0107"},"content":{"rendered":"<p style=\"text-align: justify;\"><strong>Sa\u017eetak:<\/strong><\/p>\n<p>Knjiga govori o velikoj ljubavi prema Isusu i velikom ushi\u0107enju. Temeljan je stav da biti kr\u0161\u0107anin zna\u010di biti poput Krista. Odnosno LJUBAV prema svima i svemu, osim prema grijehu. Jer Biblija ka\u017ee da na\u0161a borba nije protiv krvi i mesa (\u010dovjeka), nego protiv zlih duhova koji zarobljavaju \u010dovjeka. Zna\u010di ona je duhovne prirode. Postoji duhovni svijet i mi nismo sami, iako ga ne vidimo. Kada se osoba otvori duhovno, tada je mogu\u0107e da osje\u0107a prisutnost duhovnog svijeta, a isto tako je mogu\u0107e i da vidi. Taj svijet \u010dine dobri duhovi, odnosno an\u0111eli, i zli duhovi, odnosno demoni. Ne treba se bojati duhovnog svijeta. Priroda \u010dovjeka je takva da se uvijek boji nepoznatog. Zato treba u\u010diti o duhovnom svijetu, treba se informirati. Negiranjem istoga on ne\u0107e nestati, on je tu i mi trebamo nau\u010diti na koji na\u010din da se odnosimo prema njemu. Svaki \u010dovjek \u017eeli biti dobar i psiholozi ka\u017eu da svaki \u010dovjek za sebe misli da je dobar. \u010cak i ubojica za sebe ima opravdanje. O \u010demu se tu radi? Radi se o tome da je \u010dovjek protiv svoje volje i neznanja zarobljen od strane zlih duhova. I oni djeluju kroz njega, \u010dega je on \u010desto nesvjestan i nije mu jasno za\u0161to radi neke stvari. To su duh zavisti, duh ljubomore, duh sebi\u010dnosti, duh mr\u017enje, duh bluda, duh mr\u017enje, duh straha, duh sumnje, itd., itd. Svakom je \u010dovjeku potrebno osloba\u0111anje od tih okova. Jedino Isus nas mo\u017ee osloboditi od toga. On je na kri\u017eu pobijedio \u0111avla i zli duhovi Ga se boje. Kroz Bibliju vidimo kako Isus nare\u0111uje demonima da napuste bolesne ljude, gdje vidimo da su i mnoge bolesti uzrokovane demonskim utjecajima. Pa tako gluhu osobu zarobi duh gluhosti, nijemu duh nijemosti, itd.<\/p>\n<p style=\"text-align: justify;\">Knjiga govori kako je bitna LJUBAV, a ne doktrina i kako u Nebu nema podjela, gore su sve djeca Bo\u017eja.<\/p>\n<p style=\"text-align: justify;\"><strong>Bilje\u0161ka o autorici:<\/strong><\/p>\n<p style=\"text-align: justify;\">Ljiljana Lili Juri\u0107 ro\u0111ena je 26.07.1976.godine u Mostaru, Bosna i Hercegovina. Tu je \u017eivjela do svoje 16. godine, sve do rata, nakon \u010dega se s obitelji seli u Zagreb. Zavr\u0161ila je Op\u0107u gimnaziju u Zagrebu i poslovnu \u0161kolu Vern (prva generacija studenata) za poduzetni\u0161tvo i menagement. U Zagrebu \u017eivi i radi sve do unazad godinu dana, kada se spletom \u017eivotnih okolnosti seli u Split, na more. Ina\u010de oduvijek joj je \u017eelja bila \u017eivjeti u gradu uz more.<\/p>\n<p style=\"text-align: justify;\">Trenutno \u017eivi u Splitu i tu izdaje svoju prvu knjigu Moj susret s Bogom. Knjiga \u0107e imati svoje nastavke\u00a0jer Bog neprestano \u010dini ne\u0161to novo.<\/p>\n<p style=\"text-align: justify;\"><strong>Klju\u010dne rije\u010di:<\/strong>\u00a0Bog, Isus, svjedo\u010danstvo, obracenje, vjera<\/p>\n<p style=\"text-align: justify;\"><strong>Naslov:<\/strong>\u00a0Moj susret s Bogom<br \/>\n<strong>Autor:<\/strong>\u00a0Ljiljana Lili Juri\u0107<br \/>\n<strong>Broj stranica:<\/strong>\u00a098<br \/>\n<strong>Nakladnik:<\/strong>\u00a0Vlastita naklada<br \/>\n<strong>Godina izdanja:<\/strong>\u00a02017.<br \/>\n<strong>ISBN:<\/strong>\u00a0978-953-59379-0-6<br \/>\n<strong>Tisak:<\/strong>\u00a0digitalni tisak knjiga &#8211; print na zahtjev<\/p>\n<hr \/>\n<p style=\"text-align: justify;\"><strong>Kako naru\u010diti knjigu?\u00a0<\/strong>Proces online kupovine jednako funkcionira za sve kupce, s jedinom razlikom u tome \u0161to \u0161to kupci iz inozemstva za podru\u010dje dostave moraju odabrati &#8220;Europa&#8221; ili &#8220;Ostale zemlje svijeta&#8221;, a za vrstu pla\u0107anja WSPay (kreditna kartica) ili Virmanom (bankovni transfer).<\/p>\n<p style=\"text-align: justify;\">Molimo kliknite ovdje za\u00a0<a href=\"hr\/kako-kupovati\" target=\"_blank\" rel=\"noopener noreferrer\">detaljni vodi\u010d kroz proces narud\u017ebe<\/a>\u00a0ili nas\u00a0<a href=\"hr\/kontakt\" target=\"_blank\" rel=\"noopener noreferrer\">kontaktirajte<\/a>\u00a0za vi\u0161e informacija.<\/p>\n","protected":false},"excerpt":{"rendered":"<p>Sa\u017eetak: Knjiga govori o velikoj ljubavi prema Isusu i velikom ushi\u0107enju. Temeljan je stav da biti kr\u0161\u0107anin zna\u010di biti poput Krista. Odnosno LJUBAV prema svima i svemu, osim prema grijehu. Jer Biblija ka\u017ee da na\u0161a borba nije protiv krvi i mesa (\u010dovjeka), nego protiv zlih duhova koji zarobljavaju \u010dovjeka. Zna\u010di ona je duhovne prirode. Postoji [&hellip;]<\/p>\n","protected":false},"featured_media":8511,"comment_status":"open","ping_status":"closed","template":"","meta":{"_acf_changed":false},"product_brand":[],"product_cat":[1400],"product_tag":[],"class_list":{"0":"post-8553","1":"product","2":"type-product","3":"status-publish","4":"has-post-thumbnail","6":"product_cat-religija-i-duhovnost","7":"pa_autor-ljiljana-lili-juric","8":"pa_nakladnik-redak","10":"first","11":"instock","12":"shipping-taxable","13":"purchasable","14":"product-type-simple"},"acf":[],"yoast_head":"<!-- This site is optimized with the Yoast SEO plugin v27.3 - https:\/\/yoast.com\/product\/yoast-seo-wordpress\/ -->\n<title>MOJ SUSRET S BOGOM, Ljiljana Lili Juri\u0107 - Web-knji\u017eara<\/title>\n<meta name=\"robots\" content=\"index, follow, max-snippet:-1, max-image-preview:large, max-video-preview:-1\" \/>\n<link rel=\"canonical\" href=\"https:\/\/webknjizara.hr\/proizvod\/moj-susret-s-bogom-ljiljana-lili-juric-690\/\" \/>\n<meta property=\"og:locale\" content=\"en_US\" \/>\n<meta property=\"og:type\" content=\"article\" \/>\n<meta property=\"og:title\" content=\"MOJ SUSRET S BOGOM, Ljiljana Lili Juri\u0107 - Web-knji\u017eara\" \/>\n<meta property=\"og:description\" content=\"Sa\u017eetak: Knjiga govori o velikoj ljubavi prema Isusu i velikom ushi\u0107enju. Temeljan je stav da biti kr\u0161\u0107anin zna\u010di biti poput Krista. Odnosno LJUBAV prema svima i svemu, osim prema grijehu. Jer Biblija ka\u017ee da na\u0161a borba nije protiv krvi i mesa (\u010dovjeka), nego protiv zlih duhova koji zarobljavaju \u010dovjeka. Zna\u010di ona je duhovne prirode. Postoji [&hellip;]\" \/>\n<meta property=\"og:url\" content=\"https:\/\/webknjizara.hr\/proizvod\/moj-susret-s-bogom-ljiljana-lili-juric-690\/\" \/>\n<meta property=\"og:site_name\" content=\"Web-knji\u017eara\" \/>\n<meta property=\"article:modified_time\" content=\"2025-11-20T02:46:49+00:00\" \/>\n<meta property=\"og:image\" content=\"https:\/\/webknjizara.hr\/wp-content\/uploads\/nc\/images\/virtuemart\/product\/naslovnica_za_web.jpg\" \/>\n\t<meta property=\"og:image:width\" content=\"573\" \/>\n\t<meta property=\"og:image:height\" content=\"800\" \/>\n\t<meta property=\"og:image:type\" content=\"image\/jpeg\" \/>\n<meta name=\"twitter:card\" content=\"summary_large_image\" \/>\n<meta name=\"twitter:label1\" content=\"Est. reading time\" \/>\n\t<meta name=\"twitter:data1\" content=\"3 minutes\" \/>\n<script type=\"application\/ld+json\" class=\"yoast-schema-graph\">{\"@context\":\"https:\\\/\\\/schema.org\",\"@graph\":[{\"@type\":\"WebPage\",\"@id\":\"https:\\\/\\\/webknjizara.hr\\\/proizvod\\\/moj-susret-s-bogom-ljiljana-lili-juric-690\\\/\",\"url\":\"https:\\\/\\\/webknjizara.hr\\\/proizvod\\\/moj-susret-s-bogom-ljiljana-lili-juric-690\\\/\",\"name\":\"MOJ SUSRET S BOGOM, Ljiljana Lili Juri\u0107 - Web-knji\u017eara\",\"isPartOf\":{\"@id\":\"https:\\\/\\\/webknjizara.hr\\\/#website\"},\"primaryImageOfPage\":{\"@id\":\"https:\\\/\\\/webknjizara.hr\\\/proizvod\\\/moj-susret-s-bogom-ljiljana-lili-juric-690\\\/#primaryimage\"},\"image\":{\"@id\":\"https:\\\/\\\/webknjizara.hr\\\/proizvod\\\/moj-susret-s-bogom-ljiljana-lili-juric-690\\\/#primaryimage\"},\"thumbnailUrl\":\"https:\\\/\\\/webknjizara.hr\\\/wp-content\\\/uploads\\\/nc\\\/images\\\/virtuemart\\\/product\\\/naslovnica_za_web.jpg\",\"datePublished\":\"2017-08-29T08:07:22+00:00\",\"dateModified\":\"2025-11-20T02:46:49+00:00\",\"breadcrumb\":{\"@id\":\"https:\\\/\\\/webknjizara.hr\\\/proizvod\\\/moj-susret-s-bogom-ljiljana-lili-juric-690\\\/#breadcrumb\"},\"inLanguage\":\"en-US\",\"potentialAction\":[{\"@type\":\"ReadAction\",\"target\":[\"https:\\\/\\\/webknjizara.hr\\\/proizvod\\\/moj-susret-s-bogom-ljiljana-lili-juric-690\\\/\"]}]},{\"@type\":\"ImageObject\",\"inLanguage\":\"en-US\",\"@id\":\"https:\\\/\\\/webknjizara.hr\\\/proizvod\\\/moj-susret-s-bogom-ljiljana-lili-juric-690\\\/#primaryimage\",\"url\":\"https:\\\/\\\/webknjizara.hr\\\/wp-content\\\/uploads\\\/nc\\\/images\\\/virtuemart\\\/product\\\/naslovnica_za_web.jpg\",\"contentUrl\":\"https:\\\/\\\/webknjizara.hr\\\/wp-content\\\/uploads\\\/nc\\\/images\\\/virtuemart\\\/product\\\/naslovnica_za_web.jpg\",\"width\":573,\"height\":800,\"caption\":\"MOJ SUSRET S BOGOM, Ljiljana Lili Juri\u0107\"},{\"@type\":\"BreadcrumbList\",\"@id\":\"https:\\\/\\\/webknjizara.hr\\\/proizvod\\\/moj-susret-s-bogom-ljiljana-lili-juric-690\\\/#breadcrumb\",\"itemListElement\":[{\"@type\":\"ListItem\",\"position\":1,\"name\":\"Po\u010detna stranica\",\"item\":\"https:\\\/\\\/webknjizara.hr\\\/en\\\/\"},{\"@type\":\"ListItem\",\"position\":2,\"name\":\"Shop\",\"item\":\"https:\\\/\\\/webknjizara.hr\\\/shop\\\/\"},{\"@type\":\"ListItem\",\"position\":3,\"name\":\"MOJ SUSRET S BOGOM, Ljiljana Lili Juri\u0107\"}]},{\"@type\":\"WebSite\",\"@id\":\"https:\\\/\\\/webknjizara.hr\\\/#website\",\"url\":\"https:\\\/\\\/webknjizara.hr\\\/\",\"name\":\"Web Knji\u017eara\",\"description\":\"\",\"publisher\":{\"@id\":\"https:\\\/\\\/webknjizara.hr\\\/#organization\"},\"potentialAction\":[{\"@type\":\"SearchAction\",\"target\":{\"@type\":\"EntryPoint\",\"urlTemplate\":\"https:\\\/\\\/webknjizara.hr\\\/?s={search_term_string}\"},\"query-input\":{\"@type\":\"PropertyValueSpecification\",\"valueRequired\":true,\"valueName\":\"search_term_string\"}}],\"inLanguage\":\"en-US\"},{\"@type\":\"Organization\",\"@id\":\"https:\\\/\\\/webknjizara.hr\\\/#organization\",\"name\":\"REDAK D.O.O.\",\"url\":\"https:\\\/\\\/webknjizara.hr\\\/\",\"logo\":{\"@type\":\"ImageObject\",\"inLanguage\":\"en-US\",\"@id\":\"https:\\\/\\\/webknjizara.hr\\\/#\\\/schema\\\/logo\\\/image\\\/\",\"url\":\"https:\\\/\\\/webknjizara.hr\\\/wp-content\\\/uploads\\\/2023\\\/01\\\/web-knjizara-logo.webp\",\"contentUrl\":\"https:\\\/\\\/webknjizara.hr\\\/wp-content\\\/uploads\\\/2023\\\/01\\\/web-knjizara-logo.webp\",\"width\":324,\"height\":79,\"caption\":\"REDAK D.O.O.\"},\"image\":{\"@id\":\"https:\\\/\\\/webknjizara.hr\\\/#\\\/schema\\\/logo\\\/image\\\/\"}}]}<\/script>\n<!-- \/ Yoast SEO plugin. -->","yoast_head_json":{"title":"MOJ SUSRET S BOGOM, Ljiljana Lili Juri\u0107 - Web-knji\u017eara","robots":{"index":"index","follow":"follow","max-snippet":"max-snippet:-1","max-image-preview":"max-image-preview:large","max-video-preview":"max-video-preview:-1"},"canonical":"https:\/\/webknjizara.hr\/proizvod\/moj-susret-s-bogom-ljiljana-lili-juric-690\/","og_locale":"en_US","og_type":"article","og_title":"MOJ SUSRET S BOGOM, Ljiljana Lili Juri\u0107 - Web-knji\u017eara","og_description":"Sa\u017eetak: Knjiga govori o velikoj ljubavi prema Isusu i velikom ushi\u0107enju. Temeljan je stav da biti kr\u0161\u0107anin zna\u010di biti poput Krista. Odnosno LJUBAV prema svima i svemu, osim prema grijehu. Jer Biblija ka\u017ee da na\u0161a borba nije protiv krvi i mesa (\u010dovjeka), nego protiv zlih duhova koji zarobljavaju \u010dovjeka. Zna\u010di ona je duhovne prirode. Postoji [&hellip;]","og_url":"https:\/\/webknjizara.hr\/proizvod\/moj-susret-s-bogom-ljiljana-lili-juric-690\/","og_site_name":"Web-knji\u017eara","article_modified_time":"2025-11-20T02:46:49+00:00","og_image":[{"width":573,"height":800,"url":"https:\/\/webknjizara.hr\/wp-content\/uploads\/nc\/images\/virtuemart\/product\/naslovnica_za_web.jpg","type":"image\/jpeg"}],"twitter_card":"summary_large_image","twitter_misc":{"Est. reading time":"3 minutes"},"schema":{"@context":"https:\/\/schema.org","@graph":[{"@type":"WebPage","@id":"https:\/\/webknjizara.hr\/proizvod\/moj-susret-s-bogom-ljiljana-lili-juric-690\/","url":"https:\/\/webknjizara.hr\/proizvod\/moj-susret-s-bogom-ljiljana-lili-juric-690\/","name":"MOJ SUSRET S BOGOM, Ljiljana Lili Juri\u0107 - Web-knji\u017eara","isPartOf":{"@id":"https:\/\/webknjizara.hr\/#website"},"primaryImageOfPage":{"@id":"https:\/\/webknjizara.hr\/proizvod\/moj-susret-s-bogom-ljiljana-lili-juric-690\/#primaryimage"},"image":{"@id":"https:\/\/webknjizara.hr\/proizvod\/moj-susret-s-bogom-ljiljana-lili-juric-690\/#primaryimage"},"thumbnailUrl":"https:\/\/webknjizara.hr\/wp-content\/uploads\/nc\/images\/virtuemart\/product\/naslovnica_za_web.jpg","datePublished":"2017-08-29T08:07:22+00:00","dateModified":"2025-11-20T02:46:49+00:00","breadcrumb":{"@id":"https:\/\/webknjizara.hr\/proizvod\/moj-susret-s-bogom-ljiljana-lili-juric-690\/#breadcrumb"},"inLanguage":"en-US","potentialAction":[{"@type":"ReadAction","target":["https:\/\/webknjizara.hr\/proizvod\/moj-susret-s-bogom-ljiljana-lili-juric-690\/"]}]},{"@type":"ImageObject","inLanguage":"en-US","@id":"https:\/\/webknjizara.hr\/proizvod\/moj-susret-s-bogom-ljiljana-lili-juric-690\/#primaryimage","url":"https:\/\/webknjizara.hr\/wp-content\/uploads\/nc\/images\/virtuemart\/product\/naslovnica_za_web.jpg","contentUrl":"https:\/\/webknjizara.hr\/wp-content\/uploads\/nc\/images\/virtuemart\/product\/naslovnica_za_web.jpg","width":573,"height":800,"caption":"MOJ SUSRET S BOGOM, Ljiljana Lili Juri\u0107"},{"@type":"BreadcrumbList","@id":"https:\/\/webknjizara.hr\/proizvod\/moj-susret-s-bogom-ljiljana-lili-juric-690\/#breadcrumb","itemListElement":[{"@type":"ListItem","position":1,"name":"Po\u010detna stranica","item":"https:\/\/webknjizara.hr\/en\/"},{"@type":"ListItem","position":2,"name":"Shop","item":"https:\/\/webknjizara.hr\/shop\/"},{"@type":"ListItem","position":3,"name":"MOJ SUSRET S BOGOM, Ljiljana Lili Juri\u0107"}]},{"@type":"WebSite","@id":"https:\/\/webknjizara.hr\/#website","url":"https:\/\/webknjizara.hr\/","name":"Web Knji\u017eara","description":"","publisher":{"@id":"https:\/\/webknjizara.hr\/#organization"},"potentialAction":[{"@type":"SearchAction","target":{"@type":"EntryPoint","urlTemplate":"https:\/\/webknjizara.hr\/?s={search_term_string}"},"query-input":{"@type":"PropertyValueSpecification","valueRequired":true,"valueName":"search_term_string"}}],"inLanguage":"en-US"},{"@type":"Organization","@id":"https:\/\/webknjizara.hr\/#organization","name":"REDAK D.O.O.","url":"https:\/\/webknjizara.hr\/","logo":{"@type":"ImageObject","inLanguage":"en-US","@id":"https:\/\/webknjizara.hr\/#\/schema\/logo\/image\/","url":"https:\/\/webknjizara.hr\/wp-content\/uploads\/2023\/01\/web-knjizara-logo.webp","contentUrl":"https:\/\/webknjizara.hr\/wp-content\/uploads\/2023\/01\/web-knjizara-logo.webp","width":324,"height":79,"caption":"REDAK D.O.O."},"image":{"@id":"https:\/\/webknjizara.hr\/#\/schema\/logo\/image\/"}}]}},"_links":{"self":[{"href":"https:\/\/webknjizara.hr\/en\/wp-json\/wp\/v2\/product\/8553","targetHints":{"allow":["GET"]}}],"collection":[{"href":"https:\/\/webknjizara.hr\/en\/wp-json\/wp\/v2\/product"}],"about":[{"href":"https:\/\/webknjizara.hr\/en\/wp-json\/wp\/v2\/types\/product"}],"replies":[{"embeddable":true,"href":"https:\/\/webknjizara.hr\/en\/wp-json\/wp\/v2\/comments?post=8553"}],"wp:featuredmedia":[{"embeddable":true,"href":"https:\/\/webknjizara.hr\/en\/wp-json\/wp\/v2\/media\/8511"}],"wp:attachment":[{"href":"https:\/\/webknjizara.hr\/en\/wp-json\/wp\/v2\/media?parent=8553"}],"wp:term":[{"taxonomy":"product_brand","embeddable":true,"href":"https:\/\/webknjizara.hr\/en\/wp-json\/wp\/v2\/product_brand?post=8553"},{"taxonomy":"product_cat","embeddable":true,"href":"https:\/\/webknjizara.hr\/en\/wp-json\/wp\/v2\/product_cat?post=8553"},{"taxonomy":"product_tag","embeddable":true,"href":"https:\/\/webknjizara.hr\/en\/wp-json\/wp\/v2\/product_tag?post=8553"}],"curies":[{"name":"wp","href":"https:\/\/api.w.org\/{rel}","templated":true}]}}